{"id":123449,"date":"2022-12-12T13:22:04","date_gmt":"2022-12-12T12:22:04","guid":{"rendered":"https:\/\/www.eltako.com\/calcio\/"},"modified":"2022-12-12T13:22:09","modified_gmt":"2022-12-12T12:22:09","slug":"calcio","status":"publish","type":"page","link":"https:\/\/www.eltako.com\/it\/calcio\/","title":{"rendered":"CALCIO"},"content":{"rendered":"\n<div style=\"height:60px\" aria-hidden=\"true\" class=\"wp-block-spacer\"><\/div>\n\n<div class=\"wp-block-columns is-layout-flex wp-container-core-columns-is-layout-9d6595d7 wp-block-columns-is-layout-flex\">\n<div class=\"wp-block-column is-layout-flow wp-block-column-is-layout-flow\" style=\"flex-basis:66.66%\">\n<p>Ora sosteniamo un terzo sport: Calcio Sosteniamo il club regionale VfB Neuffen.<\/p>\n<\/div>\n\n\n\n<div class=\"wp-block-column is-vertically-aligned-center is-layout-flow wp-block-column-is-layout-flow\" style=\"flex-basis:33.33%\">\n<figure class=\"wp-block-image size-full\"><img decoding=\"async\" width=\"600\" height=\"134\" src=\"https:\/\/www.eltako.com\/wp-content\/uploads\/2022\/05\/vfb-neuffen-logo.jpg\" alt=\"\" class=\"wp-image-113693\" srcset=\"https:\/\/www.eltako.com\/wp-content\/uploads\/2022\/05\/vfb-neuffen-logo.jpg 600w, https:\/\/www.eltako.com\/wp-content\/uploads\/2022\/05\/vfb-neuffen-logo-300x67.jpg 300w\" sizes=\"(max-width: 600px) 100vw, 600px\" \/><\/figure>\n<\/div>\n<\/div>\n\n<div class=\"wp-block-media-text alignwide has-media-on-the-right is-stacked-on-mobile is-vertically-aligned-center has-background\" style=\"background-color:#e9e9e9;grid-template-columns:auto 40%\"><figure class=\"wp-block-media-text__media\"><img decoding=\"async\" width=\"300\" height=\"300\" src=\"https:\/\/www.eltako.com\/wp-content\/uploads\/2022\/06\/eltako_website_fussball_neu-300x300.jpg\" alt=\"\" class=\"wp-image-113715 size-medium\" srcset=\"https:\/\/www.eltako.com\/wp-content\/uploads\/2022\/06\/eltako_website_fussball_neu-300x300.jpg 300w, https:\/\/www.eltako.com\/wp-content\/uploads\/2022\/06\/eltako_website_fussball_neu-150x150.jpg 150w, https:\/\/www.eltako.com\/wp-content\/uploads\/2022\/06\/eltako_website_fussball_neu-100x100.jpg 100w, https:\/\/www.eltako.com\/wp-content\/uploads\/2022\/06\/eltako_website_fussball_neu.jpg 600w\" sizes=\"(max-width: 300px) 100vw, 300px\" \/><\/figure><div class=\"wp-block-media-text__content\">\n<div class=\"wp-block-group\" style=\"padding-top:2em;padding-right:2em;padding-bottom:2em;padding-left:2em\"><div class=\"wp-block-group__inner-container is-layout-flow wp-block-group-is-layout-flow\">\n<p style=\"font-size:36px;line-height:1.2\"><strong>SQUADRA<\/strong><\/p>\n\n\n\n<p class=\"has-extra-small-font-size\">Sponsorizziamo due squadre maschili e una femminile. Le giocatrici stanno facendo molto bene nel campionato distrettuale e i la squadra maschile nel campionato distrettuale B5 e B6.<\/p>\n<\/div><\/div>\n<\/div><\/div>\n\n<div style=\"height:30px\" aria-hidden=\"true\" class=\"wp-block-spacer\"><\/div>\n\n<div class=\"wp-block-media-text alignwide has-media-on-the-right is-stacked-on-mobile is-vertically-aligned-center has-background\" style=\"background-color:#e9e9e9;grid-template-columns:auto 41%\"><figure class=\"wp-block-media-text__media\"><img decoding=\"async\" width=\"600\" height=\"600\" src=\"https:\/\/www.eltako.de\/wp-content\/uploads\/2022\/05\/eltako_website_content_600x600_fussball_verein.jpg\" alt=\"\" class=\"wp-image-113683 size-full\" srcset=\"https:\/\/www.eltako.com\/wp-content\/uploads\/2022\/05\/eltako_website_content_600x600_fussball_verein.jpg 600w, https:\/\/www.eltako.com\/wp-content\/uploads\/2022\/05\/eltako_website_content_600x600_fussball_verein-300x300.jpg 300w, https:\/\/www.eltako.com\/wp-content\/uploads\/2022\/05\/eltako_website_content_600x600_fussball_verein-150x150.jpg 150w, https:\/\/www.eltako.com\/wp-content\/uploads\/2022\/05\/eltako_website_content_600x600_fussball_verein-100x100.jpg 100w\" sizes=\"(max-width: 600px) 100vw, 600px\" \/><\/figure><div class=\"wp-block-media-text__content\">\n<div class=\"wp-block-group\" style=\"padding-top:2em;padding-right:2em;padding-bottom:2em;padding-left:2em\"><div class=\"wp-block-group__inner-container is-layout-flow wp-block-group-is-layout-flow\">\n<p style=\"font-size:36px;line-height:1.2\"><strong>CLUB<\/strong><\/p>\n\n\n\n<p class=\"has-extra-small-font-size\">Il VfB Neuffen, situato ai piedi del Giura Svevo, \u00e8 specializzato in calcio e bocce e promuove questi sport da oltre 70 anni. Oltre alle tre squadre attive sopra menzionate, pi\u00f9 di 180 giocatori junior si allenano al VfB, dove possono imparare molto per il loro futuro sportivo.<\/p>\n<\/div><\/div>\n<\/div><\/div>\n\n<div style=\"height:30px\" aria-hidden=\"true\" class=\"wp-block-spacer\"><\/div>\n\n<div class=\"wp-block-media-text alignwide has-media-on-the-right is-stacked-on-mobile is-vertically-aligned-center has-background\" style=\"background-color:#e9e9e9;grid-template-columns:auto 40%\"><figure class=\"wp-block-media-text__media\"><img decoding=\"async\" width=\"600\" height=\"600\" src=\"https:\/\/www.eltako.de\/wp-content\/uploads\/2022\/05\/eltako_website_content_600x600_fussball_neuigkeiten.jpg\" alt=\"\" class=\"wp-image-113680 size-full\" srcset=\"https:\/\/www.eltako.com\/wp-content\/uploads\/2022\/05\/eltako_website_content_600x600_fussball_neuigkeiten.jpg 600w, https:\/\/www.eltako.com\/wp-content\/uploads\/2022\/05\/eltako_website_content_600x600_fussball_neuigkeiten-300x300.jpg 300w, https:\/\/www.eltako.com\/wp-content\/uploads\/2022\/05\/eltako_website_content_600x600_fussball_neuigkeiten-150x150.jpg 150w, https:\/\/www.eltako.com\/wp-content\/uploads\/2022\/05\/eltako_website_content_600x600_fussball_neuigkeiten-100x100.jpg 100w\" sizes=\"(max-width: 600px) 100vw, 600px\" \/><\/figure><div class=\"wp-block-media-text__content\">\n<div class=\"wp-block-group\" style=\"padding-top:2em;padding-right:2em;padding-bottom:2em;padding-left:2em\"><div class=\"wp-block-group__inner-container is-layout-flow wp-block-group-is-layout-flow\">\n<p style=\"font-size:36px;line-height:1.2\"><strong>NOTIZIE<\/strong><\/p>\n\n\n\n<p class=\"has-extra-small-font-size\">Se volete seguire pi\u00f9 da vicino le partite passate e\/o future delle varie squadre, potete andare direttamente alla pagina del club <strong>qui.<\/strong> <\/p>\n<\/div><\/div>\n<\/div><\/div>\n","protected":false},"excerpt":{"rendered":"<p>Ora sosteniamo un terzo sport: Calcio Sosteniamo il club regionale VfB Neuffen.<\/p>\n","protected":false},"author":31,"featured_media":113690,"parent":0,"menu_order":0,"comment_status":"closed","ping_status":"closed","template":"templates\/custom_header.php","meta":{"_acf_changed":false,"footnotes":"","_links_to":"","_links_to_target":""},"class_list":["post-123449","page","type-page","status-publish","has-post-thumbnail","hentry"],"acf":[],"yoast_head":"<!-- This site is optimized with the Yoast SEO plugin v27.2 - https:\/\/yoast.com\/product\/yoast-seo-wordpress\/ -->\n<title>CALCIO &#187; Eltako<\/title>\n<meta name=\"robots\" content=\"index, follow, max-snippet:-1, max-image-preview:large, max-video-preview:-1\" \/>\n<link rel=\"canonical\" href=\"https:\/\/www.eltako.com\/it\/calcio\/\" \/>\n<meta property=\"og:locale\" content=\"it_IT\" \/>\n<meta property=\"og:type\" content=\"article\" \/>\n<meta property=\"og:title\" content=\"CALCIO &#187; Eltako\" \/>\n<meta property=\"og:description\" content=\"Ora sosteniamo un terzo sport: Calcio Sosteniamo il club regionale VfB Neuffen.\" \/>\n<meta property=\"og:url\" content=\"https:\/\/www.eltako.com\/it\/calcio\/\" \/>\n<meta property=\"og:site_name\" content=\"Eltako\" \/>\n<meta property=\"article:modified_time\" content=\"2022-12-12T12:22:09+00:00\" \/>\n<meta property=\"og:image\" content=\"https:\/\/www.eltako.com\/wp-content\/uploads\/2022\/05\/eltako_website_header_1920x700_fussball.jpg\" \/>\n\t<meta property=\"og:image:width\" content=\"1920\" \/>\n\t<meta property=\"og:image:height\" content=\"700\" \/>\n\t<meta property=\"og:image:type\" content=\"image\/jpeg\" \/>\n<meta name=\"twitter:card\" content=\"summary_large_image\" \/>\n<meta name=\"twitter:label1\" content=\"Tempo di lettura stimato\" \/>\n\t<meta name=\"twitter:data1\" content=\"1 minuto\" \/>\n<script type=\"application\/ld+json\" class=\"yoast-schema-graph\">{\"@context\":\"https:\/\/schema.org\",\"@graph\":[{\"@type\":\"WebPage\",\"@id\":\"https:\/\/www.eltako.com\/it\/calcio\/\",\"url\":\"https:\/\/www.eltako.com\/it\/calcio\/\",\"name\":\"CALCIO &#187; Eltako\",\"isPartOf\":{\"@id\":\"https:\/\/www.eltako.com\/en\/#website\"},\"primaryImageOfPage\":{\"@id\":\"https:\/\/www.eltako.com\/it\/calcio\/#primaryimage\"},\"image\":{\"@id\":\"https:\/\/www.eltako.com\/it\/calcio\/#primaryimage\"},\"thumbnailUrl\":\"https:\/\/www.eltako.com\/wp-content\/uploads\/2022\/05\/eltako_website_header_1920x700_fussball.jpg\",\"datePublished\":\"2022-12-12T12:22:04+00:00\",\"dateModified\":\"2022-12-12T12:22:09+00:00\",\"breadcrumb\":{\"@id\":\"https:\/\/www.eltako.com\/it\/calcio\/#breadcrumb\"},\"inLanguage\":\"it-IT\",\"potentialAction\":[{\"@type\":\"ReadAction\",\"target\":[\"https:\/\/www.eltako.com\/it\/calcio\/\"]}]},{\"@type\":\"ImageObject\",\"inLanguage\":\"it-IT\",\"@id\":\"https:\/\/www.eltako.com\/it\/calcio\/#primaryimage\",\"url\":\"https:\/\/www.eltako.com\/wp-content\/uploads\/2022\/05\/eltako_website_header_1920x700_fussball.jpg\",\"contentUrl\":\"https:\/\/www.eltako.com\/wp-content\/uploads\/2022\/05\/eltako_website_header_1920x700_fussball.jpg\",\"width\":1920,\"height\":700},{\"@type\":\"BreadcrumbList\",\"@id\":\"https:\/\/www.eltako.com\/it\/calcio\/#breadcrumb\",\"itemListElement\":[{\"@type\":\"ListItem\",\"position\":1,\"name\":\"Home\",\"item\":\"https:\/\/www.eltako.com\/it\/\"},{\"@type\":\"ListItem\",\"position\":2,\"name\":\"CALCIO\"}]},{\"@type\":\"WebSite\",\"@id\":\"https:\/\/www.eltako.com\/en\/#website\",\"url\":\"https:\/\/www.eltako.com\/en\/\",\"name\":\"Eltako\",\"description\":\"Schaltger\u00e4te, Netzteile, Stromz\u00e4hler, Dimmer, Geb\u00e4udeinstallation, Steuerungstechnik, Smart Home-L\u00f6sungen, Geb\u00e4udefunk, EnOcean-Technologie\",\"potentialAction\":[{\"@type\":\"SearchAction\",\"target\":{\"@type\":\"EntryPoint\",\"urlTemplate\":\"https:\/\/www.eltako.com\/en\/?s={search_term_string}\"},\"query-input\":{\"@type\":\"PropertyValueSpecification\",\"valueRequired\":true,\"valueName\":\"search_term_string\"}}],\"inLanguage\":\"it-IT\"}]}<\/script>\n<!-- \/ Yoast SEO plugin. -->","yoast_head_json":{"title":"CALCIO &#187; Eltako","robots":{"index":"index","follow":"follow","max-snippet":"max-snippet:-1","max-image-preview":"max-image-preview:large","max-video-preview":"max-video-preview:-1"},"canonical":"https:\/\/www.eltako.com\/it\/calcio\/","og_locale":"it_IT","og_type":"article","og_title":"CALCIO &#187; Eltako","og_description":"Ora sosteniamo un terzo sport: Calcio Sosteniamo il club regionale VfB Neuffen.","og_url":"https:\/\/www.eltako.com\/it\/calcio\/","og_site_name":"Eltako","article_modified_time":"2022-12-12T12:22:09+00:00","og_image":[{"width":1920,"height":700,"url":"https:\/\/www.eltako.com\/wp-content\/uploads\/2022\/05\/eltako_website_header_1920x700_fussball.jpg","type":"image\/jpeg"}],"twitter_card":"summary_large_image","twitter_misc":{"Tempo di lettura stimato":"1 minuto"},"schema":{"@context":"https:\/\/schema.org","@graph":[{"@type":"WebPage","@id":"https:\/\/www.eltako.com\/it\/calcio\/","url":"https:\/\/www.eltako.com\/it\/calcio\/","name":"CALCIO &#187; Eltako","isPartOf":{"@id":"https:\/\/www.eltako.com\/en\/#website"},"primaryImageOfPage":{"@id":"https:\/\/www.eltako.com\/it\/calcio\/#primaryimage"},"image":{"@id":"https:\/\/www.eltako.com\/it\/calcio\/#primaryimage"},"thumbnailUrl":"https:\/\/www.eltako.com\/wp-content\/uploads\/2022\/05\/eltako_website_header_1920x700_fussball.jpg","datePublished":"2022-12-12T12:22:04+00:00","dateModified":"2022-12-12T12:22:09+00:00","breadcrumb":{"@id":"https:\/\/www.eltako.com\/it\/calcio\/#breadcrumb"},"inLanguage":"it-IT","potentialAction":[{"@type":"ReadAction","target":["https:\/\/www.eltako.com\/it\/calcio\/"]}]},{"@type":"ImageObject","inLanguage":"it-IT","@id":"https:\/\/www.eltako.com\/it\/calcio\/#primaryimage","url":"https:\/\/www.eltako.com\/wp-content\/uploads\/2022\/05\/eltako_website_header_1920x700_fussball.jpg","contentUrl":"https:\/\/www.eltako.com\/wp-content\/uploads\/2022\/05\/eltako_website_header_1920x700_fussball.jpg","width":1920,"height":700},{"@type":"BreadcrumbList","@id":"https:\/\/www.eltako.com\/it\/calcio\/#breadcrumb","itemListElement":[{"@type":"ListItem","position":1,"name":"Home","item":"https:\/\/www.eltako.com\/it\/"},{"@type":"ListItem","position":2,"name":"CALCIO"}]},{"@type":"WebSite","@id":"https:\/\/www.eltako.com\/en\/#website","url":"https:\/\/www.eltako.com\/en\/","name":"Eltako","description":"Schaltger\u00e4te, Netzteile, Stromz\u00e4hler, Dimmer, Geb\u00e4udeinstallation, Steuerungstechnik, Smart Home-L\u00f6sungen, Geb\u00e4udefunk, EnOcean-Technologie","potentialAction":[{"@type":"SearchAction","target":{"@type":"EntryPoint","urlTemplate":"https:\/\/www.eltako.com\/en\/?s={search_term_string}"},"query-input":{"@type":"PropertyValueSpecification","valueRequired":true,"valueName":"search_term_string"}}],"inLanguage":"it-IT"}]}},"_links":{"self":[{"href":"https:\/\/www.eltako.com\/it\/wp-json\/wp\/v2\/pages\/123449","targetHints":{"allow":["GET"]}}],"collection":[{"href":"https:\/\/www.eltako.com\/it\/wp-json\/wp\/v2\/pages"}],"about":[{"href":"https:\/\/www.eltako.com\/it\/wp-json\/wp\/v2\/types\/page"}],"author":[{"embeddable":true,"href":"https:\/\/www.eltako.com\/it\/wp-json\/wp\/v2\/users\/31"}],"replies":[{"embeddable":true,"href":"https:\/\/www.eltako.com\/it\/wp-json\/wp\/v2\/comments?post=123449"}],"version-history":[{"count":1,"href":"https:\/\/www.eltako.com\/it\/wp-json\/wp\/v2\/pages\/123449\/revisions"}],"predecessor-version":[{"id":123450,"href":"https:\/\/www.eltako.com\/it\/wp-json\/wp\/v2\/pages\/123449\/revisions\/123450"}],"wp:featuredmedia":[{"embeddable":true,"href":"https:\/\/www.eltako.com\/it\/wp-json\/wp\/v2\/media\/113690"}],"wp:attachment":[{"href":"https:\/\/www.eltako.com\/it\/wp-json\/wp\/v2\/media?parent=123449"}],"curies":[{"name":"wp","href":"https:\/\/api.w.org\/{rel}","templated":true}]}}