{"id":123378,"date":"2022-12-12T10:50:20","date_gmt":"2022-12-12T09:50:20","guid":{"rendered":"https:\/\/www.eltako.com\/motorsport\/"},"modified":"2025-09-03T10:36:24","modified_gmt":"2025-09-03T08:36:24","slug":"motorsport","status":"publish","type":"page","link":"https:\/\/www.eltako.com\/it\/motorsport\/","title":{"rendered":"MOTORSPORT"},"content":{"rendered":"\n<div style=\"height:60px\" aria-hidden=\"true\" class=\"wp-block-spacer\"><\/div>\n\n<div class=\"wp-block-columns is-layout-flex wp-container-core-columns-is-layout-9d6595d7 wp-block-columns-is-layout-flex\">\n<div class=\"wp-block-column is-layout-flow wp-block-column-is-layout-flow\" style=\"flex-basis:66.66%\">\n<p>Are you interested in some exciting motorsport racing? We have been supporting the young talent Jan Seyffert for several years now. He is part of the HP Racing International team and was one of the best drivers in ADAC TCR Racing last year.<\/p>\n<\/div>\n\n\n\n<div class=\"wp-block-column is-vertically-aligned-center is-layout-flow wp-block-column-is-layout-flow\" style=\"flex-basis:33.33%\">\n<figure class=\"wp-block-image size-full\"><img decoding=\"async\" width=\"600\" height=\"134\" src=\"https:\/\/www.eltako.com\/wp-content\/uploads\/2022\/05\/hp-racing-international_logo.jpg\" alt=\"\" class=\"wp-image-77021\" srcset=\"https:\/\/www.eltako.com\/wp-content\/uploads\/2022\/05\/hp-racing-international_logo.jpg 600w, https:\/\/www.eltako.com\/wp-content\/uploads\/2022\/05\/hp-racing-international_logo-300x67.jpg 300w\" sizes=\"(max-width: 600px) 100vw, 600px\" \/><\/figure>\n<\/div>\n<\/div>\n\n<div class=\"wp-block-media-text alignwide has-media-on-the-right is-stacked-on-mobile is-vertically-aligned-center has-background\" style=\"background-color:#e9e9e9;grid-template-columns:auto 40%\"><figure class=\"wp-block-media-text__media\"><img decoding=\"async\" width=\"300\" height=\"300\" src=\"https:\/\/www.eltako.com\/wp-content\/uploads\/2022\/05\/eltako_website_content_600x600_motorsport_fahrer-jan-seyffert-300x300.jpg\" alt=\"\" class=\"wp-image-76907 size-medium\" srcset=\"https:\/\/www.eltako.com\/wp-content\/uploads\/2022\/05\/eltako_website_content_600x600_motorsport_fahrer-jan-seyffert-300x300.jpg 300w, https:\/\/www.eltako.com\/wp-content\/uploads\/2022\/05\/eltako_website_content_600x600_motorsport_fahrer-jan-seyffert-150x150.jpg 150w, https:\/\/www.eltako.com\/wp-content\/uploads\/2022\/05\/eltako_website_content_600x600_motorsport_fahrer-jan-seyffert-100x100.jpg 100w, https:\/\/www.eltako.com\/wp-content\/uploads\/2022\/05\/eltako_website_content_600x600_motorsport_fahrer-jan-seyffert.jpg 600w\" sizes=\"(max-width: 300px) 100vw, 300px\" \/><\/figure><div class=\"wp-block-media-text__content\">\n<div class=\"wp-block-group\" style=\"padding-top:2em;padding-right:2em;padding-bottom:2em;padding-left:2em\"><div class=\"wp-block-group__inner-container is-layout-flow wp-block-group-is-layout-flow\">\n<p style=\"font-size:36px;line-height:1.2\"><strong>DRIVER<\/strong><\/p>\n\n\n\n<p>24-year-old Jan Seyffert was born in Stuttgart, Germany, and began pursuing his dream of becoming a professional motorsport driver at a young age. <\/p>\n\n\n\n<p>You can visit his homepage, <a href=\"http:\/\/www.jan-seyffert-racing.com\/\" target=\"_blank\" rel=\"noreferrer noopener\">www.jan-seyffert-racing.com<\/a>, and learn everything about his previous successes, other partners, and car. <\/p>\n<\/div><\/div>\n<\/div><\/div>\n\n<div style=\"height:30px\" aria-hidden=\"true\" class=\"wp-block-spacer\"><\/div>\n\n<div class=\"wp-block-media-text alignwide has-media-on-the-right is-stacked-on-mobile is-vertically-aligned-center has-background\" style=\"background-color:#e9e9e9;grid-template-columns:auto 40%\"><figure class=\"wp-block-media-text__media\"><img decoding=\"async\" width=\"600\" height=\"600\" src=\"https:\/\/www.eltako.com\/wp-content\/uploads\/2022\/05\/eltako_website_content_600x600_motorsport_team-1.jpg\" alt=\"\" class=\"wp-image-76918 size-full\" srcset=\"https:\/\/www.eltako.com\/wp-content\/uploads\/2022\/05\/eltako_website_content_600x600_motorsport_team-1.jpg 600w, https:\/\/www.eltako.com\/wp-content\/uploads\/2022\/05\/eltako_website_content_600x600_motorsport_team-1-300x300.jpg 300w, https:\/\/www.eltako.com\/wp-content\/uploads\/2022\/05\/eltako_website_content_600x600_motorsport_team-1-150x150.jpg 150w, https:\/\/www.eltako.com\/wp-content\/uploads\/2022\/05\/eltako_website_content_600x600_motorsport_team-1-100x100.jpg 100w\" sizes=\"(max-width: 600px) 100vw, 600px\" \/><\/figure><div class=\"wp-block-media-text__content\">\n<div class=\"wp-block-group\" style=\"padding-top:2em;padding-right:2em;padding-bottom:2em;padding-left:2em\"><div class=\"wp-block-group__inner-container is-layout-flow wp-block-group-is-layout-flow\">\n<p style=\"font-size:36px;line-height:1.2\"><strong>TEAM<\/strong><\/p>\n\n\n\n<p class=\"has-extra-small-font-size\">We are proud to have him on our team and look forward to supporting Jan in exciting races again this season. We not only follow his participation from a distance but also like to join in on the excitement on site. We regularly invite Eltako partners to join us.<\/p>\n<\/div><\/div>\n<\/div><\/div>\n\n<div style=\"height:30px\" aria-hidden=\"true\" class=\"wp-block-spacer\"><\/div>\n\n<div class=\"wp-block-media-text alignwide has-media-on-the-right is-stacked-on-mobile is-vertically-aligned-center has-background\" style=\"background-color:#e9e9e9;grid-template-columns:auto 40%\"><figure class=\"wp-block-media-text__media\"><img decoding=\"async\" width=\"600\" height=\"600\" src=\"https:\/\/www.eltako.com\/wp-content\/uploads\/2022\/05\/eltako_website_content_600x600_motorsport_news.jpg\" alt=\"\" class=\"wp-image-76926 size-full\" srcset=\"https:\/\/www.eltako.com\/wp-content\/uploads\/2022\/05\/eltako_website_content_600x600_motorsport_news.jpg 600w, https:\/\/www.eltako.com\/wp-content\/uploads\/2022\/05\/eltako_website_content_600x600_motorsport_news-300x300.jpg 300w, https:\/\/www.eltako.com\/wp-content\/uploads\/2022\/05\/eltako_website_content_600x600_motorsport_news-150x150.jpg 150w, https:\/\/www.eltako.com\/wp-content\/uploads\/2022\/05\/eltako_website_content_600x600_motorsport_news-100x100.jpg 100w\" sizes=\"(max-width: 600px) 100vw, 600px\" \/><\/figure><div class=\"wp-block-media-text__content\">\n<div class=\"wp-block-group\" style=\"padding-top:2em;padding-right:2em;padding-bottom:2em;padding-left:2em\"><div class=\"wp-block-group__inner-container is-layout-flow wp-block-group-is-layout-flow\">\n<p style=\"font-size:36px;line-height:1.2\"><strong>NEWS<\/strong><\/p>\n\n\n\n<p>This year Jan will drive 16 races all over Europe in the Porsche Carrera Cup, one of the most famous racing series worldwide.<\/p>\n\n\n\n<p>You can find the exact dates <strong><a href=\"https:\/\/newsroom.porsche.com\/de\/2022\/motorsport\/porsche-carrera-cup-deutschland-lauf-1-2-spa-francorchamps-belgien-2022-28189.html\" target=\"_blank\" rel=\"noreferrer noopener\">here.<\/a><\/strong><\/p>\n<\/div><\/div>\n<\/div><\/div>\n\n<div style=\"height:100px\" aria-hidden=\"true\" class=\"wp-block-spacer\"><\/div>\n\n<h1 class=\"text-uppercase wp-block-heading\">Videos<\/h1>\n\n<div style=\"height:50px\" aria-hidden=\"true\" class=\"wp-block-spacer\"><\/div>\n\n<figure class=\"wp-block-embed alignleft is-type-video is-provider-youtube wp-block-embed-youtube wp-embed-aspect-16-9 wp-has-aspect-ratio\"><div class=\"wp-block-embed__wrapper\">\n <div class=\"brlbs-cmpnt-container brlbs-cmpnt-content-blocker brlbs-cmpnt-with-individual-styles\" data-borlabs-cookie-content-blocker-id=\"youtube-content-blocker\" data-borlabs-cookie-content=\"PGlmcmFtZSB0aXRsZT0iVHJhdW1qb2IgUmVubmZhaHJlciB8IEVsdGFrbyBTcG9uc29yaW5nIiB3aWR0aD0iNTAwIiBoZWlnaHQ9IjI4MSIgc3JjPSJodHRwczovL3d3dy55b3V0dWJlLW5vY29va2llLmNvbS9lbWJlZC9vWE1JSDRKcG5mVT9mZWF0dXJlPW9lbWJlZCIgZnJhbWVib3JkZXI9IjAiIGFsbG93PSJhY2NlbGVyb21ldGVyOyBhdXRvcGxheTsgY2xpcGJvYXJkLXdyaXRlOyBlbmNyeXB0ZWQtbWVkaWE7IGd5cm9zY29wZTsgcGljdHVyZS1pbi1waWN0dXJlOyB3ZWItc2hhcmUiIHJlZmVycmVycG9saWN5PSJzdHJpY3Qtb3JpZ2luLXdoZW4tY3Jvc3Mtb3JpZ2luIiBhbGxvd2Z1bGxzY3JlZW4+PC9pZnJhbWU+\"><div class=\"brlbs-cmpnt-cb-preset-c brlbs-cmpnt-cb-youtube\"> <div class=\"brlbs-cmpnt-cb-thumbnail\" style=\"background-image: url('https:\/\/www.eltako.com\/wp-content\/uploads\/borlabs-cookie\/1\/yt_oXMIH4JpnfU_hqdefault.jpg')\"><\/div> <div class=\"brlbs-cmpnt-cb-main\"> <div class=\"brlbs-cmpnt-cb-play-button\"><\/div> <div class=\"brlbs-cmpnt-cb-content\"> <p class=\"brlbs-cmpnt-cb-description\">Stai visualizzando un contenuto segnaposto da <strong>YouTube<\/strong>. Per accedere al contenuto effettivo, clicca sul pulsante sottostante. Si prega di notare che in questo modo si condividono i dati con provider di terze parti.<\/p> <a class=\"brlbs-cmpnt-cb-provider-toggle\" href=\"#\" data-borlabs-cookie-show-provider-information role=\"button\">Ulteriori informazioni<\/a> <\/div> <div class=\"brlbs-cmpnt-cb-buttons\"> <a class=\"brlbs-cmpnt-cb-btn\" href=\"#\" data-borlabs-cookie-unblock role=\"button\">Sblocca il contenuto<\/a> <a class=\"brlbs-cmpnt-cb-btn\" href=\"#\" data-borlabs-cookie-accept-service role=\"button\" style=\"display: inherit\">Accetta il servizio richiesto e sblocca i contenuti<\/a> <\/div> <\/div> <\/div><\/div>\n<\/div><\/figure>\n\n<p><\/p>\n","protected":false},"excerpt":{"rendered":"<p>Are you interested in some exciting motorsport racing? We have been supporting the young talent Jan Seyffert for several years now. He is part of the HP Racing International team and was one of the best drivers in ADAC TCR Racing last year. Videos<\/p>\n","protected":false},"author":31,"featured_media":113661,"parent":0,"menu_order":0,"comment_status":"closed","ping_status":"closed","template":"templates\/custom_header.php","meta":{"_acf_changed":false,"footnotes":"","_links_to":"","_links_to_target":""},"class_list":["post-123378","page","type-page","status-publish","has-post-thumbnail","hentry"],"acf":[],"yoast_head":"<!-- This site is optimized with the Yoast SEO plugin v27.2 - https:\/\/yoast.com\/product\/yoast-seo-wordpress\/ -->\n<title>MOTORSPORT &#187; Eltako<\/title>\n<meta name=\"robots\" content=\"index, follow, max-snippet:-1, max-image-preview:large, max-video-preview:-1\" \/>\n<link rel=\"canonical\" href=\"https:\/\/www.eltako.com\/de\/unternehmen\/sponsoring\/motorsport\/\" \/>\n<meta property=\"og:locale\" content=\"it_IT\" \/>\n<meta property=\"og:type\" content=\"article\" \/>\n<meta property=\"og:title\" content=\"MOTORSPORT &#187; Eltako\" \/>\n<meta property=\"og:description\" content=\"Are you interested in some exciting motorsport racing? We have been supporting the young talent Jan Seyffert for several years now. He is part of the HP Racing International team and was one of the best drivers in ADAC TCR Racing last year. Videos\" \/>\n<meta property=\"og:url\" content=\"https:\/\/www.eltako.com\/de\/unternehmen\/sponsoring\/motorsport\/\" \/>\n<meta property=\"og:site_name\" content=\"Eltako\" \/>\n<meta property=\"article:modified_time\" content=\"2025-09-03T08:36:24+00:00\" \/>\n<meta property=\"og:image\" content=\"https:\/\/www.eltako.com\/wp-content\/uploads\/2022\/05\/eltako_website_header_1920x700_motorsport.jpg\" \/>\n\t<meta property=\"og:image:width\" content=\"1920\" \/>\n\t<meta property=\"og:image:height\" content=\"700\" \/>\n\t<meta property=\"og:image:type\" content=\"image\/jpeg\" \/>\n<meta name=\"twitter:card\" content=\"summary_large_image\" \/>\n<meta name=\"twitter:label1\" content=\"Tempo di lettura stimato\" \/>\n\t<meta name=\"twitter:data1\" content=\"1 minuto\" \/>\n<script type=\"application\/ld+json\" class=\"yoast-schema-graph\">{\"@context\":\"https:\/\/schema.org\",\"@graph\":[{\"@type\":\"WebPage\",\"@id\":\"https:\/\/www.eltako.com\/de\/unternehmen\/sponsoring\/motorsport\/\",\"url\":\"https:\/\/www.eltako.com\/de\/unternehmen\/sponsoring\/motorsport\/\",\"name\":\"MOTORSPORT &#187; Eltako\",\"isPartOf\":{\"@id\":\"https:\/\/www.eltako.com\/en\/#website\"},\"primaryImageOfPage\":{\"@id\":\"https:\/\/www.eltako.com\/de\/unternehmen\/sponsoring\/motorsport\/#primaryimage\"},\"image\":{\"@id\":\"https:\/\/www.eltako.com\/de\/unternehmen\/sponsoring\/motorsport\/#primaryimage\"},\"thumbnailUrl\":\"https:\/\/www.eltako.com\/wp-content\/uploads\/2022\/05\/eltako_website_header_1920x700_motorsport.jpg\",\"datePublished\":\"2022-12-12T09:50:20+00:00\",\"dateModified\":\"2025-09-03T08:36:24+00:00\",\"breadcrumb\":{\"@id\":\"https:\/\/www.eltako.com\/de\/unternehmen\/sponsoring\/motorsport\/#breadcrumb\"},\"inLanguage\":\"it-IT\",\"potentialAction\":[{\"@type\":\"ReadAction\",\"target\":[\"https:\/\/www.eltako.com\/de\/unternehmen\/sponsoring\/motorsport\/\"]}]},{\"@type\":\"ImageObject\",\"inLanguage\":\"it-IT\",\"@id\":\"https:\/\/www.eltako.com\/de\/unternehmen\/sponsoring\/motorsport\/#primaryimage\",\"url\":\"https:\/\/www.eltako.com\/wp-content\/uploads\/2022\/05\/eltako_website_header_1920x700_motorsport.jpg\",\"contentUrl\":\"https:\/\/www.eltako.com\/wp-content\/uploads\/2022\/05\/eltako_website_header_1920x700_motorsport.jpg\",\"width\":1920,\"height\":700},{\"@type\":\"BreadcrumbList\",\"@id\":\"https:\/\/www.eltako.com\/de\/unternehmen\/sponsoring\/motorsport\/#breadcrumb\",\"itemListElement\":[{\"@type\":\"ListItem\",\"position\":1,\"name\":\"Home\",\"item\":\"https:\/\/www.eltako.com\/it\/\"},{\"@type\":\"ListItem\",\"position\":2,\"name\":\"MOTORSPORT\"}]},{\"@type\":\"WebSite\",\"@id\":\"https:\/\/www.eltako.com\/en\/#website\",\"url\":\"https:\/\/www.eltako.com\/en\/\",\"name\":\"Eltako\",\"description\":\"Schaltger\u00e4te, Netzteile, Stromz\u00e4hler, Dimmer, Geb\u00e4udeinstallation, Steuerungstechnik, Smart Home-L\u00f6sungen, Geb\u00e4udefunk, EnOcean-Technologie\",\"potentialAction\":[{\"@type\":\"SearchAction\",\"target\":{\"@type\":\"EntryPoint\",\"urlTemplate\":\"https:\/\/www.eltako.com\/en\/?s={search_term_string}\"},\"query-input\":{\"@type\":\"PropertyValueSpecification\",\"valueRequired\":true,\"valueName\":\"search_term_string\"}}],\"inLanguage\":\"it-IT\"}]}<\/script>\n<!-- \/ Yoast SEO plugin. -->","yoast_head_json":{"title":"MOTORSPORT &#187; Eltako","robots":{"index":"index","follow":"follow","max-snippet":"max-snippet:-1","max-image-preview":"max-image-preview:large","max-video-preview":"max-video-preview:-1"},"canonical":"https:\/\/www.eltako.com\/de\/unternehmen\/sponsoring\/motorsport\/","og_locale":"it_IT","og_type":"article","og_title":"MOTORSPORT &#187; Eltako","og_description":"Are you interested in some exciting motorsport racing? We have been supporting the young talent Jan Seyffert for several years now. He is part of the HP Racing International team and was one of the best drivers in ADAC TCR Racing last year. Videos","og_url":"https:\/\/www.eltako.com\/de\/unternehmen\/sponsoring\/motorsport\/","og_site_name":"Eltako","article_modified_time":"2025-09-03T08:36:24+00:00","og_image":[{"width":1920,"height":700,"url":"https:\/\/www.eltako.com\/wp-content\/uploads\/2022\/05\/eltako_website_header_1920x700_motorsport.jpg","type":"image\/jpeg"}],"twitter_card":"summary_large_image","twitter_misc":{"Tempo di lettura stimato":"1 minuto"},"schema":{"@context":"https:\/\/schema.org","@graph":[{"@type":"WebPage","@id":"https:\/\/www.eltako.com\/de\/unternehmen\/sponsoring\/motorsport\/","url":"https:\/\/www.eltako.com\/de\/unternehmen\/sponsoring\/motorsport\/","name":"MOTORSPORT &#187; Eltako","isPartOf":{"@id":"https:\/\/www.eltako.com\/en\/#website"},"primaryImageOfPage":{"@id":"https:\/\/www.eltako.com\/de\/unternehmen\/sponsoring\/motorsport\/#primaryimage"},"image":{"@id":"https:\/\/www.eltako.com\/de\/unternehmen\/sponsoring\/motorsport\/#primaryimage"},"thumbnailUrl":"https:\/\/www.eltako.com\/wp-content\/uploads\/2022\/05\/eltako_website_header_1920x700_motorsport.jpg","datePublished":"2022-12-12T09:50:20+00:00","dateModified":"2025-09-03T08:36:24+00:00","breadcrumb":{"@id":"https:\/\/www.eltako.com\/de\/unternehmen\/sponsoring\/motorsport\/#breadcrumb"},"inLanguage":"it-IT","potentialAction":[{"@type":"ReadAction","target":["https:\/\/www.eltako.com\/de\/unternehmen\/sponsoring\/motorsport\/"]}]},{"@type":"ImageObject","inLanguage":"it-IT","@id":"https:\/\/www.eltako.com\/de\/unternehmen\/sponsoring\/motorsport\/#primaryimage","url":"https:\/\/www.eltako.com\/wp-content\/uploads\/2022\/05\/eltako_website_header_1920x700_motorsport.jpg","contentUrl":"https:\/\/www.eltako.com\/wp-content\/uploads\/2022\/05\/eltako_website_header_1920x700_motorsport.jpg","width":1920,"height":700},{"@type":"BreadcrumbList","@id":"https:\/\/www.eltako.com\/de\/unternehmen\/sponsoring\/motorsport\/#breadcrumb","itemListElement":[{"@type":"ListItem","position":1,"name":"Home","item":"https:\/\/www.eltako.com\/it\/"},{"@type":"ListItem","position":2,"name":"MOTORSPORT"}]},{"@type":"WebSite","@id":"https:\/\/www.eltako.com\/en\/#website","url":"https:\/\/www.eltako.com\/en\/","name":"Eltako","description":"Schaltger\u00e4te, Netzteile, Stromz\u00e4hler, Dimmer, Geb\u00e4udeinstallation, Steuerungstechnik, Smart Home-L\u00f6sungen, Geb\u00e4udefunk, EnOcean-Technologie","potentialAction":[{"@type":"SearchAction","target":{"@type":"EntryPoint","urlTemplate":"https:\/\/www.eltako.com\/en\/?s={search_term_string}"},"query-input":{"@type":"PropertyValueSpecification","valueRequired":true,"valueName":"search_term_string"}}],"inLanguage":"it-IT"}]}},"_links":{"self":[{"href":"https:\/\/www.eltako.com\/it\/wp-json\/wp\/v2\/pages\/123378","targetHints":{"allow":["GET"]}}],"collection":[{"href":"https:\/\/www.eltako.com\/it\/wp-json\/wp\/v2\/pages"}],"about":[{"href":"https:\/\/www.eltako.com\/it\/wp-json\/wp\/v2\/types\/page"}],"author":[{"embeddable":true,"href":"https:\/\/www.eltako.com\/it\/wp-json\/wp\/v2\/users\/31"}],"replies":[{"embeddable":true,"href":"https:\/\/www.eltako.com\/it\/wp-json\/wp\/v2\/comments?post=123378"}],"version-history":[{"count":2,"href":"https:\/\/www.eltako.com\/it\/wp-json\/wp\/v2\/pages\/123378\/revisions"}],"predecessor-version":[{"id":146028,"href":"https:\/\/www.eltako.com\/it\/wp-json\/wp\/v2\/pages\/123378\/revisions\/146028"}],"wp:featuredmedia":[{"embeddable":true,"href":"https:\/\/www.eltako.com\/it\/wp-json\/wp\/v2\/media\/113661"}],"wp:attachment":[{"href":"https:\/\/www.eltako.com\/it\/wp-json\/wp\/v2\/media?parent=123378"}],"curies":[{"name":"wp","href":"https:\/\/api.w.org\/{rel}","templated":true}]}}