{"id":123321,"date":"2022-12-12T09:50:48","date_gmt":"2022-12-12T08:50:48","guid":{"rendered":"https:\/\/www.eltako.com\/wibutler\/"},"modified":"2024-10-04T12:02:12","modified_gmt":"2024-10-04T10:02:12","slug":"wibutler","status":"publish","type":"page","link":"https:\/\/www.eltako.com\/it\/company\/partners-alliances\/wibutler\/","title":{"rendered":"Wibutler"},"content":{"rendered":"\n<p class=\"has-medium-font-size\">Il controller Wibutler pro \u00e8 stato lanciato sul mercato tedesco nel 2015. Il controller per la smart home integra dispositivi di vari produttori e protocolli diversi. Hanno fatto della digitalizzazione e del continuo sviluppo di tecnologie indipendenti e olistiche nella casa il loro obiettivo principale. Negli ultimi anni, Wibutler ha continuato ad affermarsi in questo campo. <\/p>\n\n\n\n<div style=\"height:19px\" aria-hidden=\"true\" class=\"wp-block-spacer\"><\/div>\n\n\n\n<div class=\"wp-block-columns is-layout-flex wp-container-core-columns-is-layout-9d6595d7 wp-block-columns-is-layout-flex\">\n<div class=\"wp-block-column is-layout-flow wp-block-column-is-layout-flow\"><\/div>\n\n\n\n<div class=\"wp-block-column has-white-color has-text-color has-background is-layout-flow wp-block-column-is-layout-flow\" style=\"background-color:#016db7\">\n<p><\/p>\n\n\n\n<p class=\"has-text-align-center has-white-color has-text-color has-medium-font-size\"><strong><a href=\"https:\/\/my.matterport.com\/show\/?m=9FGsyMtKn6C&amp;utm_source=alliance-Website&amp;utm_medium=Websitebutton&amp;utm_campaign=2022_alliance-Musterhaustour&amp;utm_id=2022_wibutler-Musterhaus&amp;utm_term=Smart+Home\" target=\"_blank\" rel=\"noreferrer noopener\">Per saperne di pi\u00f9 su Wibutler<\/a><\/strong><\/p>\n<\/div>\n\n\n\n<div class=\"wp-block-column is-layout-flow wp-block-column-is-layout-flow\"><\/div>\n<\/div>\n\n\n\n<div style=\"height:17px\" aria-hidden=\"true\" class=\"wp-block-spacer\"><\/div>\n\n\n\n<figure class=\"wp-block-image size-large\"><img decoding=\"async\" width=\"1024\" height=\"367\" src=\"https:\/\/betax923lb8kd7v0.eltako.de\/wp-content\/uploads\/2022\/02\/parnter-und-allianzen_content-bild-1024x367.jpg\" alt=\"\" class=\"wp-image-61438\" srcset=\"https:\/\/www.eltako.com\/wp-content\/uploads\/2022\/02\/parnter-und-allianzen_content-bild-1024x367.jpg 1024w, https:\/\/www.eltako.com\/wp-content\/uploads\/2022\/02\/parnter-und-allianzen_content-bild-300x108.jpg 300w, https:\/\/www.eltako.com\/wp-content\/uploads\/2022\/02\/parnter-und-allianzen_content-bild-768x276.jpg 768w, https:\/\/www.eltako.com\/wp-content\/uploads\/2022\/02\/parnter-und-allianzen_content-bild-1536x551.jpg 1536w, https:\/\/www.eltako.com\/wp-content\/uploads\/2022\/02\/parnter-und-allianzen_content-bild.jpg 1920w\" sizes=\"(max-width: 1024px) 100vw, 1024px\" \/><\/figure>\n\n\n\n<div style=\"height:30px\" aria-hidden=\"true\" class=\"wp-block-spacer\"><\/div>\n\n\n\n<div class=\"wp-block-columns is-layout-flex wp-container-core-columns-is-layout-9d6595d7 wp-block-columns-is-layout-flex\">\n<div class=\"wp-block-column is-layout-flow wp-block-column-is-layout-flow\"><\/div>\n\n\n\n<div class=\"wp-block-column has-white-color has-text-color has-background is-layout-flow wp-block-column-is-layout-flow\" style=\"background-color:#016db7\">\n<p><\/p>\n\n\n\n<p class=\"has-text-align-center has-white-color has-text-color has-medium-font-size\"><strong><a href=\"https:\/\/my.matterport.com\/show\/?m=9FGsyMtKn6C&amp;utm_source=alliance-Website&amp;utm_medium=Websitebutton&amp;utm_campaign=2022_alliance-Musterhaustour&amp;utm_id=2022_wibutler-Musterhaus&amp;utm_term=Smart+Home\" target=\"_blank\" rel=\"noreferrer noopener\">Vista sulla show house<\/a><\/strong><\/p>\n<\/div>\n\n\n\n<div class=\"wp-block-column is-layout-flow wp-block-column-is-layout-flow\"><\/div>\n<\/div>\n\n\n\n<div style=\"height:15px\" aria-hidden=\"true\" class=\"wp-block-spacer\"><\/div>\n\n\n\n<p class=\"has-medium-font-size\">Oltre a Eltako, la Wibutler Alliance riunisce oltre 30 produttori esperti su un&#8217;unica piattaforma, consentendo ai clienti di controllare e configurare in modo centralizzato alcuni dispositivi esistenti e nuovi. Qui collaboriamo con altri noti membri dell&#8217;alleanza come Viessmann, Oventrop, Busch-Jaeger o anche BEGA al miglioramento e allo sviluppo di innovazioni di prodotto, in modo da offrire ancora pi\u00f9 compatibilit\u00e0 e prestazioni. Il configuratore di wibutler vi fornisce raccomandazioni di prodotti testati singolarmente che corrispondono esattamente al vostro progetto di nuova costruzione.<\/p>\n\n\n\n<div style=\"height:21px\" aria-hidden=\"true\" class=\"wp-block-spacer\"><\/div>\n\n\n\n<div class=\"wp-block-columns is-layout-flex wp-container-core-columns-is-layout-9d6595d7 wp-block-columns-is-layout-flex\">\n<div class=\"wp-block-column is-layout-flow wp-block-column-is-layout-flow\"><\/div>\n\n\n\n<div class=\"wp-block-column has-white-color has-text-color has-background is-layout-flow wp-block-column-is-layout-flow\" style=\"background-color:#016db7\">\n<p><\/p>\n\n\n\n<p class=\"has-text-align-center has-white-color has-text-color has-medium-font-size\"><a href=\"https:\/\/dbt-platform.com\/support\/\">Centro assistenza<\/a><\/p>\n<\/div>\n\n\n\n<div class=\"wp-block-column is-layout-flow wp-block-column-is-layout-flow\"><\/div>\n<\/div>\n\n\n\n<div style=\"height:29px\" aria-hidden=\"true\" class=\"wp-block-spacer\"><\/div>\n\n\n\n<div class=\"wp-block-columns is-layout-flex wp-container-core-columns-is-layout-9d6595d7 wp-block-columns-is-layout-flex\">\n<div class=\"wp-block-column bg-primary p-4 text-white mb-2 is-layout-flow wp-block-column-is-layout-flow\">\n<p class=\"has-medium-font-size\"><strong>Illuminazione: <\/strong><\/p>\n\n\n\n<p class=\"has-medium-font-size\">Memorizzazione delle impostazioni personali dello schermo, commutazione, oscuramento, ecc. I prodotti Smart Home di Eltako Professional possono essere controllati e monitorati attraverso il Wibutler. <\/p>\n\n\n\n<div style=\"height:23px\" aria-hidden=\"true\" class=\"wp-block-spacer\"><\/div>\n\n\n\n<a href=\"https:\/\/www.youtube.com\/watch?v=GG7cgY104SM\">\n\n\n<figure class=\"text-center\"><img decoding=\"async\" width=\"100\" height=\"70\" style=\"width:50px !important;\" src=\"https:\/\/www.eltako.com\/wp-content\/uploads\/2022\/02\/YT-Like-Button-29-1.png\" alt=\"\" class=\"wp-image-33661\"\/><\/figure>\n\n\n<\/a>\n<\/div>\n\n\n\n<div class=\"wp-block-column bg-primary p-4 text-white mb-2 is-layout-flow wp-block-column-is-layout-flow\">\n<p class=\"has-medium-font-size\"><strong>Temperatura interna: <\/strong><\/p>\n\n\n\n<p class=\"has-medium-font-size\">Troppo caldo o troppo freddo? Il wibutler lo rende &#8220;giusto&#8221;. La regolazione automatica della temperatura ambiente e il riaggiustamento con pochi clic creano la giusta temperatura in ogni stanza in ogni momento. <\/p>\n\n\n\n<div style=\"height:23px\" aria-hidden=\"true\" class=\"wp-block-spacer\"><\/div>\n\n\n\n<a href=\"https:\/\/www.youtube.com\/watch?v=W2nUY-vWpHQ\">\n\n\n<figure class=\"text-center\"><img decoding=\"async\" width=\"100\" height=\"70\" style=\"width:50px !important;\" src=\"https:\/\/www.eltako.com\/wp-content\/uploads\/2022\/02\/YT-Like-Button-29-1.png\" alt=\"\" class=\"wp-image-33661\"\/><\/figure>\n\n\n<\/a>\n<\/div>\n<\/div>\n\n\n\n<div class=\"wp-block-columns is-layout-flex wp-container-core-columns-is-layout-9d6595d7 wp-block-columns-is-layout-flex\">\n<div class=\"wp-block-column bg-primary p-4 text-white mb-2 is-layout-flow wp-block-column-is-layout-flow\">\n<p class=\"has-medium-font-size\"><strong>Sicurezza: <\/strong><\/p>\n\n\n\n<p class=\"has-medium-font-size\">Intelligente \u00e8 sicuro. Che si tratti di rilevatori di fumo, monitoraggio di telecamere, rilevatori di movimento, monitoraggio di porte e finestre o simulazione di presenza: Eltako offre molte soluzioni per rendere la casa pi\u00f9 sicura.<\/p>\n\n\n\n<div style=\"height:23px\" aria-hidden=\"true\" class=\"wp-block-spacer\"><\/div>\n\n\n\n<a href=\"https:\/\/www.youtube.com\/watch?v=x2fcBzki4bM\">\n\n\n<figure class=\"text-center\"><img decoding=\"async\" width=\"100\" height=\"70\" style=\"width:50px !important;\" src=\"https:\/\/www.eltako.com\/wp-content\/uploads\/2022\/02\/YT-Like-Button-29-1.png\" alt=\"\" class=\"wp-image-33661\"\/><\/figure>\n\n\n<\/a>\n<\/div>\n\n\n\n<div class=\"wp-block-column bg-primary p-4 text-white mb-2 is-layout-flow wp-block-column-is-layout-flow\">\n<p class=\"has-medium-font-size\"><strong>Ombreggiatura<\/strong>:<\/p>\n\n\n\n<p class=\"has-medium-font-size\">Le tapparelle, le tende veneziane e le tende da sole possono essere controllate automaticamente da un sensore, dall&#8217;ora o dalla funzione centrale. In questo modo non solo si mantiene il fresco, ma si risparmiano anche i costi energetici per il riscaldamento o l&#8217;aria condizionata.<\/p>\n\n\n\n<div style=\"height:23px\" aria-hidden=\"true\" class=\"wp-block-spacer\"><\/div>\n\n\n\n<a href=\"https:\/\/youtu.be\/zYFOlomyWSQ\">\n\n\n<figure class=\"text-center\"><img decoding=\"async\" width=\"100\" height=\"70\" style=\"width:50px !important;\" src=\"https:\/\/www.eltako.com\/wp-content\/uploads\/2022\/02\/YT-Like-Button-29-1.png\" alt=\"\" class=\"wp-image-33661\"\/><\/figure>\n\n\n<\/a>\n<\/div>\n<\/div>\n\n\n\n<div class=\"wp-block-columns is-layout-flex wp-container-core-columns-is-layout-9d6595d7 wp-block-columns-is-layout-flex\"><\/div>\n\n\n\n<div style=\"height:50px\" aria-hidden=\"true\" class=\"wp-block-spacer\"><\/div>\n\n\n\n<div class=\"wp-block-columns is-layout-flex wp-container-core-columns-is-layout-9d6595d7 wp-block-columns-is-layout-flex\">\n<div class=\"wp-block-column is-layout-flow wp-block-column-is-layout-flow\" style=\"flex-basis:100%\">\n<div class=\"wp-block-columns is-layout-flex wp-container-core-columns-is-layout-9d6595d7 wp-block-columns-is-layout-flex\">\n<div class=\"wp-block-column is-layout-flow wp-block-column-is-layout-flow\" style=\"flex-basis:60%\">\n<h2 class=\"wp-block-heading text-primary text-uppercase\" id=\"nichts-mehr-verpassen\"><strong>Non perdere mai nulla <\/strong><\/h2>\n\n\n\n<p class=\"text-primary\" style=\"font-size:24px\">I post sull&#8217;interazione dei prodotti Professional Smart Home di Eltako con wibutler appaiono regolarmente sulle piattaforme di social media di Eltako e wibutler. Se non volete perdervi nulla, dovreste iscrivervi a tutti i siti <\/p>\n<\/div>\n\n\n\n<div class=\"wp-block-column is-layout-flow wp-block-column-is-layout-flow\" style=\"flex-basis:66.66%\">\n<figure class=\"wp-block-image size-full\"><img decoding=\"async\" src=\"https:\/\/www.eltako.com\/wp-content\/uploads\/2024\/10\/roboter-wibutler-24.jpg\" alt=\"\" class=\"wp-image-142396\"\/><\/figure>\n<\/div>\n<\/div>\n<\/div>\n<\/div>\n","protected":false},"excerpt":{"rendered":"<p>Il controller Wibutler pro \u00e8 stato lanciato sul mercato tedesco nel 2015. Il controller per la smart home integra dispositivi di vari produttori e protocolli diversi. Hanno fatto della digitalizzazione e del continuo sviluppo di tecnologie indipendenti e olistiche nella casa il loro obiettivo principale. Negli ultimi anni, Wibutler ha continuato ad affermarsi in questo [&hellip;]<\/p>\n","protected":false},"author":31,"featured_media":112034,"parent":123546,"menu_order":6,"comment_status":"closed","ping_status":"closed","template":"templates\/custom_header.php","meta":{"_acf_changed":false,"footnotes":"","_links_to":"","_links_to_target":""},"class_list":["post-123321","page","type-page","status-publish","has-post-thumbnail","hentry"],"acf":[],"yoast_head":"<!-- This site is optimized with the Yoast SEO plugin v27.2 - https:\/\/yoast.com\/product\/yoast-seo-wordpress\/ -->\n<title>Wibutler &#187; Eltako<\/title>\n<meta name=\"robots\" content=\"index, follow, max-snippet:-1, max-image-preview:large, max-video-preview:-1\" \/>\n<link rel=\"canonical\" href=\"https:\/\/www.eltako.com\/it\/company\/partners-alliances\/wibutler\/\" \/>\n<meta property=\"og:locale\" content=\"it_IT\" \/>\n<meta property=\"og:type\" content=\"article\" \/>\n<meta property=\"og:title\" content=\"Wibutler &#187; Eltako\" \/>\n<meta property=\"og:description\" content=\"Il controller Wibutler pro \u00e8 stato lanciato sul mercato tedesco nel 2015. Il controller per la smart home integra dispositivi di vari produttori e protocolli diversi. Hanno fatto della digitalizzazione e del continuo sviluppo di tecnologie indipendenti e olistiche nella casa il loro obiettivo principale. Negli ultimi anni, Wibutler ha continuato ad affermarsi in questo [&hellip;]\" \/>\n<meta property=\"og:url\" content=\"https:\/\/www.eltako.com\/it\/company\/partners-alliances\/wibutler\/\" \/>\n<meta property=\"og:site_name\" content=\"Eltako\" \/>\n<meta property=\"article:modified_time\" content=\"2024-10-04T10:02:12+00:00\" \/>\n<meta property=\"og:image\" content=\"https:\/\/www.eltako.com\/wp-content\/uploads\/2022\/02\/partner-und-allianzen_headerbild_wibutler.png\" \/>\n\t<meta property=\"og:image:width\" content=\"1800\" \/>\n\t<meta property=\"og:image:height\" content=\"800\" \/>\n\t<meta property=\"og:image:type\" content=\"image\/png\" \/>\n<meta name=\"twitter:card\" content=\"summary_large_image\" \/>\n<meta name=\"twitter:label1\" content=\"Tempo di lettura stimato\" \/>\n\t<meta name=\"twitter:data1\" content=\"4 minuti\" \/>\n<script type=\"application\/ld+json\" class=\"yoast-schema-graph\">{\"@context\":\"https:\/\/schema.org\",\"@graph\":[{\"@type\":\"WebPage\",\"@id\":\"https:\/\/www.eltako.com\/it\/company\/partners-alliances\/wibutler\/\",\"url\":\"https:\/\/www.eltako.com\/it\/company\/partners-alliances\/wibutler\/\",\"name\":\"Wibutler &#187; Eltako\",\"isPartOf\":{\"@id\":\"https:\/\/www.eltako.com\/en\/#website\"},\"primaryImageOfPage\":{\"@id\":\"https:\/\/www.eltako.com\/it\/company\/partners-alliances\/wibutler\/#primaryimage\"},\"image\":{\"@id\":\"https:\/\/www.eltako.com\/it\/company\/partners-alliances\/wibutler\/#primaryimage\"},\"thumbnailUrl\":\"https:\/\/www.eltako.com\/wp-content\/uploads\/2022\/02\/partner-und-allianzen_headerbild_wibutler.png\",\"datePublished\":\"2022-12-12T08:50:48+00:00\",\"dateModified\":\"2024-10-04T10:02:12+00:00\",\"breadcrumb\":{\"@id\":\"https:\/\/www.eltako.com\/it\/company\/partners-alliances\/wibutler\/#breadcrumb\"},\"inLanguage\":\"it-IT\",\"potentialAction\":[{\"@type\":\"ReadAction\",\"target\":[\"https:\/\/www.eltako.com\/it\/company\/partners-alliances\/wibutler\/\"]}]},{\"@type\":\"ImageObject\",\"inLanguage\":\"it-IT\",\"@id\":\"https:\/\/www.eltako.com\/it\/company\/partners-alliances\/wibutler\/#primaryimage\",\"url\":\"https:\/\/www.eltako.com\/wp-content\/uploads\/2022\/02\/partner-und-allianzen_headerbild_wibutler.png\",\"contentUrl\":\"https:\/\/www.eltako.com\/wp-content\/uploads\/2022\/02\/partner-und-allianzen_headerbild_wibutler.png\",\"width\":1800,\"height\":800},{\"@type\":\"BreadcrumbList\",\"@id\":\"https:\/\/www.eltako.com\/it\/company\/partners-alliances\/wibutler\/#breadcrumb\",\"itemListElement\":[{\"@type\":\"ListItem\",\"position\":1,\"name\":\"Home\",\"item\":\"https:\/\/www.eltako.com\/it\/\"},{\"@type\":\"ListItem\",\"position\":2,\"name\":\"Azienda\",\"item\":\"https:\/\/www.eltako.com\/it\/company\/\"},{\"@type\":\"ListItem\",\"position\":3,\"name\":\"Partner e alleanze\",\"item\":\"https:\/\/www.eltako.com\/it\/company\/partners-alliances\/\"},{\"@type\":\"ListItem\",\"position\":4,\"name\":\"Wibutler\"}]},{\"@type\":\"WebSite\",\"@id\":\"https:\/\/www.eltako.com\/en\/#website\",\"url\":\"https:\/\/www.eltako.com\/en\/\",\"name\":\"Eltako\",\"description\":\"Schaltger\u00e4te, Netzteile, Stromz\u00e4hler, Dimmer, Geb\u00e4udeinstallation, Steuerungstechnik, Smart Home-L\u00f6sungen, Geb\u00e4udefunk, EnOcean-Technologie\",\"potentialAction\":[{\"@type\":\"SearchAction\",\"target\":{\"@type\":\"EntryPoint\",\"urlTemplate\":\"https:\/\/www.eltako.com\/en\/?s={search_term_string}\"},\"query-input\":{\"@type\":\"PropertyValueSpecification\",\"valueRequired\":true,\"valueName\":\"search_term_string\"}}],\"inLanguage\":\"it-IT\"}]}<\/script>\n<!-- \/ Yoast SEO plugin. -->","yoast_head_json":{"title":"Wibutler &#187; Eltako","robots":{"index":"index","follow":"follow","max-snippet":"max-snippet:-1","max-image-preview":"max-image-preview:large","max-video-preview":"max-video-preview:-1"},"canonical":"https:\/\/www.eltako.com\/it\/company\/partners-alliances\/wibutler\/","og_locale":"it_IT","og_type":"article","og_title":"Wibutler &#187; Eltako","og_description":"Il controller Wibutler pro \u00e8 stato lanciato sul mercato tedesco nel 2015. Il controller per la smart home integra dispositivi di vari produttori e protocolli diversi. Hanno fatto della digitalizzazione e del continuo sviluppo di tecnologie indipendenti e olistiche nella casa il loro obiettivo principale. Negli ultimi anni, Wibutler ha continuato ad affermarsi in questo [&hellip;]","og_url":"https:\/\/www.eltako.com\/it\/company\/partners-alliances\/wibutler\/","og_site_name":"Eltako","article_modified_time":"2024-10-04T10:02:12+00:00","og_image":[{"width":1800,"height":800,"url":"https:\/\/www.eltako.com\/wp-content\/uploads\/2022\/02\/partner-und-allianzen_headerbild_wibutler.png","type":"image\/png"}],"twitter_card":"summary_large_image","twitter_misc":{"Tempo di lettura stimato":"4 minuti"},"schema":{"@context":"https:\/\/schema.org","@graph":[{"@type":"WebPage","@id":"https:\/\/www.eltako.com\/it\/company\/partners-alliances\/wibutler\/","url":"https:\/\/www.eltako.com\/it\/company\/partners-alliances\/wibutler\/","name":"Wibutler &#187; Eltako","isPartOf":{"@id":"https:\/\/www.eltako.com\/en\/#website"},"primaryImageOfPage":{"@id":"https:\/\/www.eltako.com\/it\/company\/partners-alliances\/wibutler\/#primaryimage"},"image":{"@id":"https:\/\/www.eltako.com\/it\/company\/partners-alliances\/wibutler\/#primaryimage"},"thumbnailUrl":"https:\/\/www.eltako.com\/wp-content\/uploads\/2022\/02\/partner-und-allianzen_headerbild_wibutler.png","datePublished":"2022-12-12T08:50:48+00:00","dateModified":"2024-10-04T10:02:12+00:00","breadcrumb":{"@id":"https:\/\/www.eltako.com\/it\/company\/partners-alliances\/wibutler\/#breadcrumb"},"inLanguage":"it-IT","potentialAction":[{"@type":"ReadAction","target":["https:\/\/www.eltako.com\/it\/company\/partners-alliances\/wibutler\/"]}]},{"@type":"ImageObject","inLanguage":"it-IT","@id":"https:\/\/www.eltako.com\/it\/company\/partners-alliances\/wibutler\/#primaryimage","url":"https:\/\/www.eltako.com\/wp-content\/uploads\/2022\/02\/partner-und-allianzen_headerbild_wibutler.png","contentUrl":"https:\/\/www.eltako.com\/wp-content\/uploads\/2022\/02\/partner-und-allianzen_headerbild_wibutler.png","width":1800,"height":800},{"@type":"BreadcrumbList","@id":"https:\/\/www.eltako.com\/it\/company\/partners-alliances\/wibutler\/#breadcrumb","itemListElement":[{"@type":"ListItem","position":1,"name":"Home","item":"https:\/\/www.eltako.com\/it\/"},{"@type":"ListItem","position":2,"name":"Azienda","item":"https:\/\/www.eltako.com\/it\/company\/"},{"@type":"ListItem","position":3,"name":"Partner e alleanze","item":"https:\/\/www.eltako.com\/it\/company\/partners-alliances\/"},{"@type":"ListItem","position":4,"name":"Wibutler"}]},{"@type":"WebSite","@id":"https:\/\/www.eltako.com\/en\/#website","url":"https:\/\/www.eltako.com\/en\/","name":"Eltako","description":"Schaltger\u00e4te, Netzteile, Stromz\u00e4hler, Dimmer, Geb\u00e4udeinstallation, Steuerungstechnik, Smart Home-L\u00f6sungen, Geb\u00e4udefunk, EnOcean-Technologie","potentialAction":[{"@type":"SearchAction","target":{"@type":"EntryPoint","urlTemplate":"https:\/\/www.eltako.com\/en\/?s={search_term_string}"},"query-input":{"@type":"PropertyValueSpecification","valueRequired":true,"valueName":"search_term_string"}}],"inLanguage":"it-IT"}]}},"_links":{"self":[{"href":"https:\/\/www.eltako.com\/it\/wp-json\/wp\/v2\/pages\/123321","targetHints":{"allow":["GET"]}}],"collection":[{"href":"https:\/\/www.eltako.com\/it\/wp-json\/wp\/v2\/pages"}],"about":[{"href":"https:\/\/www.eltako.com\/it\/wp-json\/wp\/v2\/types\/page"}],"author":[{"embeddable":true,"href":"https:\/\/www.eltako.com\/it\/wp-json\/wp\/v2\/users\/31"}],"replies":[{"embeddable":true,"href":"https:\/\/www.eltako.com\/it\/wp-json\/wp\/v2\/comments?post=123321"}],"version-history":[{"count":3,"href":"https:\/\/www.eltako.com\/it\/wp-json\/wp\/v2\/pages\/123321\/revisions"}],"predecessor-version":[{"id":142406,"href":"https:\/\/www.eltako.com\/it\/wp-json\/wp\/v2\/pages\/123321\/revisions\/142406"}],"up":[{"embeddable":true,"href":"https:\/\/www.eltako.com\/it\/wp-json\/wp\/v2\/pages\/123546"}],"wp:featuredmedia":[{"embeddable":true,"href":"https:\/\/www.eltako.com\/it\/wp-json\/wp\/v2\/media\/112034"}],"wp:attachment":[{"href":"https:\/\/www.eltako.com\/it\/wp-json\/wp\/v2\/media?parent=123321"}],"curies":[{"name":"wp","href":"https:\/\/api.w.org\/{rel}","templated":true}]}}