{"id":123314,"date":"2022-12-12T09:38:20","date_gmt":"2022-12-12T08:38:20","guid":{"rendered":"https:\/\/www.eltako.com\/dali\/"},"modified":"2024-07-10T10:55:15","modified_gmt":"2024-07-10T08:55:15","slug":"dali","status":"publish","type":"page","link":"https:\/\/www.eltako.com\/it\/company\/partners-alliances\/dali\/","title":{"rendered":"DALI"},"content":{"rendered":"\n<h2 class=\"wp-block-heading\" id=\"wir-sind-dali-anbieter\"><strong>GESTIONE FLESSIBILE DELLA LUCE CON DALI \u2013\nCOMPLETAMENTE INTEGRATO NELL&#8217;ELTAKO KOSMOS<\/strong><\/h2>\n\n\n\n<div style=\"height:50px\" aria-hidden=\"true\" class=\"wp-block-spacer\"><\/div>\n\n\n\n<figure class=\"wp-block-image size-large\"><img decoding=\"async\" src=\"https:\/\/www.eltako.com\/wp-content\/uploads\/2024\/06\/eltako-website_dali2-schaubild-1024x747.jpg\" alt=\"\" class=\"wp-image-32670\"\/><\/figure>\n\n\n\n<div style=\"height:50px\" aria-hidden=\"true\" class=\"wp-block-spacer\"><\/div>\n\n\n\n<p class=\"has-medium-font-size\">DALI \u00e8 un sistema di installazione illuminotecnica indipendente dal produttore, progettato per semplificare al massimo l&#8217;installazione, il controllo e la comunicazione di singoli apparecchi e gruppi di apparecchi. Pu\u00f2 gestire fino a 64 indirizzi, 16 gruppi e 16 scene ed \u00e8 quindi adatto per l&#8217;illuminazione di appartamenti e grandi propriet\u00e0 commerciali. Grazie a questa struttura, DALI crea una base per una gestione intelligente e flessibile dell&#8217;illuminazione.<\/p>\n\n\n\n<p class=\"has-medium-font-size\">I nuovi prodotti DALI 2 sono ora anche multimaster! Ci\u00f2 significa che su una linea DALI possono essere utilizzati pi\u00f9 sensori, come sensori di movimento e di luminosit\u00e0 o accoppiatori di pulsanti DALI. Un altro vantaggio \u00e8 la connessione diretta alla nostra serie 14, nonch\u00e9 l&#8217;elaborazione dei messaggi di eventi DALI 2, che facilita l&#8217;automazione intelligente e l&#8217;integrazione con i sistemi EnOcean.<\/p>\n\n\n\n<div style=\"height:50px\" aria-hidden=\"true\" class=\"wp-block-spacer\"><\/div>\n\n\n\n<div class=\"wp-block-columns is-layout-flex wp-container-core-columns-is-layout-9d6595d7 wp-block-columns-is-layout-flex\">\n<div class=\"wp-block-column is-layout-flow wp-block-column-is-layout-flow\">\n<a href=\"https:\/\/www.eltako.com\/it\/catalog\/chapters\/38\/Il%20programma%20Eltako%20-%20Dali?search=\" target=\"_blank\" class=\"text-uppercase font-weight-bold btn text-white p-3 mt-1 mb-1 w-100\" style=\"background : #016db7; font-size:20px\" rel=\"noopener\">IL NOSTRO PROGRAMMA DALI<\/a>\n<\/div>\n\n\n\n<div class=\"wp-block-column is-layout-flow wp-block-column-is-layout-flow\"><\/div>\n\n\n\n<div class=\"wp-block-column is-layout-flow wp-block-column-is-layout-flow\"><\/div>\n<\/div>\n\n\n\n<div style=\"height:50px\" aria-hidden=\"true\" class=\"wp-block-spacer\"><\/div>\n\n\n\n<figure class=\"wp-block-image size-large\"><img decoding=\"async\" src=\"https:\/\/www.eltako.com\/wp-content\/uploads\/2023\/02\/Eltako_Website_Content-Bilder-Aktuelles_Dali-Programm_it.jpg\" alt=\"\" class=\"wp-image-121467\"\/><\/figure>\n\n\n\n<div style=\"height:50px\" aria-hidden=\"true\" class=\"wp-block-spacer\"><\/div>\n\n\n\n<p class=\"has-medium-font-size\">Le installazioni DALI esistenti possono essere ampliate con il nostro gateway DALI EnOcean per includere sensori e attuatori wireless.<\/p>\n\n\n\n<p class=\"has-medium-font-size\">Vantaggi di DALI:<\/p>\n\n\n\n<ul class=\"wp-block-list\">\n<li>La connessione di tutti i dispositivi DALI \u00e8 indipendente dalla polarit\u00e0<\/li>\n<\/ul>\n\n\n\n<ul class=\"wp-block-list\">\n<li>Semplice passaggio dei cavi, utilizzando un comune cavo a 5 conduttori con guaina, in modo da combinare 230 V e Bus.<\/li>\n<\/ul>\n\n\n\n<ul class=\"wp-block-list\">\n<li>Gli scenari luminosi possono essere memorizzati e richiamati sulla centralina DALI <\/li>\n<\/ul>\n\n\n\n<ul class=\"wp-block-list\">\n<li>Feedback rapido e localizzazione dei guasti alle lampade<\/li>\n<\/ul>\n\n\n\n<ul class=\"wp-block-list\">\n<li>In caso di cambio di destinazione d&#8217;uso, le lampade possono essere facilmente raggruppate senza dover ricablare o modificare l&#8217;installazione. <\/li>\n<\/ul>\n\n\n\n<div style=\"height:50px\" aria-hidden=\"true\" class=\"wp-block-spacer\"><\/div>\n\n\n\n<figure class=\"wp-block-image size-large\"><img decoding=\"async\" src=\"https:\/\/www.eltako.de\/wp-content\/uploads\/2023\/05\/Bild-2-1024x683_IT.jpg\" alt=\"\" class=\"wp-image-35538\"\/><\/figure>\n","protected":false},"excerpt":{"rendered":"<p>GESTIONE FLESSIBILE DELLA LUCE CON DALI \u2013 COMPLETAMENTE INTEGRATO NELL&#8217;ELTAKO KOSMOS DALI \u00e8 un sistema di installazione illuminotecnica indipendente dal produttore, progettato per semplificare al massimo l&#8217;installazione, il controllo e la comunicazione di singoli apparecchi e gruppi di apparecchi. Pu\u00f2 gestire fino a 64 indirizzi, 16 gruppi e 16 scene ed \u00e8 quindi adatto per [&hellip;]<\/p>\n","protected":false},"author":31,"featured_media":23300,"parent":123546,"menu_order":0,"comment_status":"closed","ping_status":"closed","template":"templates\/custom_header.php","meta":{"_acf_changed":false,"footnotes":"","_links_to":"","_links_to_target":""},"class_list":["post-123314","page","type-page","status-publish","has-post-thumbnail","hentry"],"acf":[],"yoast_head":"<!-- This site is optimized with the Yoast SEO plugin v27.2 - https:\/\/yoast.com\/product\/yoast-seo-wordpress\/ -->\n<title>DALI &#187; Eltako<\/title>\n<meta name=\"robots\" content=\"index, follow, max-snippet:-1, max-image-preview:large, max-video-preview:-1\" \/>\n<link rel=\"canonical\" href=\"https:\/\/www.eltako.com\/it\/company\/partners-alliances\/dali\/\" \/>\n<meta property=\"og:locale\" content=\"it_IT\" \/>\n<meta property=\"og:type\" content=\"article\" \/>\n<meta property=\"og:title\" content=\"DALI &#187; Eltako\" \/>\n<meta property=\"og:description\" content=\"GESTIONE FLESSIBILE DELLA LUCE CON DALI \u2013 COMPLETAMENTE INTEGRATO NELL&#8217;ELTAKO KOSMOS DALI \u00e8 un sistema di installazione illuminotecnica indipendente dal produttore, progettato per semplificare al massimo l&#8217;installazione, il controllo e la comunicazione di singoli apparecchi e gruppi di apparecchi. Pu\u00f2 gestire fino a 64 indirizzi, 16 gruppi e 16 scene ed \u00e8 quindi adatto per [&hellip;]\" \/>\n<meta property=\"og:url\" content=\"https:\/\/www.eltako.com\/it\/company\/partners-alliances\/dali\/\" \/>\n<meta property=\"og:site_name\" content=\"Eltako\" \/>\n<meta property=\"article:modified_time\" content=\"2024-07-10T08:55:15+00:00\" \/>\n<meta property=\"og:image\" content=\"https:\/\/www.eltako.com\/wp-content\/uploads\/2021\/09\/Bild-1-1-e1626779207216.jpg\" \/>\n\t<meta property=\"og:image:width\" content=\"1920\" \/>\n\t<meta property=\"og:image:height\" content=\"931\" \/>\n\t<meta property=\"og:image:type\" content=\"image\/jpeg\" \/>\n<meta name=\"twitter:card\" content=\"summary_large_image\" \/>\n<meta name=\"twitter:label1\" content=\"Tempo di lettura stimato\" \/>\n\t<meta name=\"twitter:data1\" content=\"3 minuti\" \/>\n<script type=\"application\/ld+json\" class=\"yoast-schema-graph\">{\"@context\":\"https:\/\/schema.org\",\"@graph\":[{\"@type\":\"WebPage\",\"@id\":\"https:\/\/www.eltako.com\/it\/company\/partners-alliances\/dali\/\",\"url\":\"https:\/\/www.eltako.com\/it\/company\/partners-alliances\/dali\/\",\"name\":\"DALI &#187; Eltako\",\"isPartOf\":{\"@id\":\"https:\/\/www.eltako.com\/en\/#website\"},\"primaryImageOfPage\":{\"@id\":\"https:\/\/www.eltako.com\/it\/company\/partners-alliances\/dali\/#primaryimage\"},\"image\":{\"@id\":\"https:\/\/www.eltako.com\/it\/company\/partners-alliances\/dali\/#primaryimage\"},\"thumbnailUrl\":\"https:\/\/www.eltako.com\/wp-content\/uploads\/2021\/09\/Bild-1-1-e1626779207216.jpg\",\"datePublished\":\"2022-12-12T08:38:20+00:00\",\"dateModified\":\"2024-07-10T08:55:15+00:00\",\"breadcrumb\":{\"@id\":\"https:\/\/www.eltako.com\/it\/company\/partners-alliances\/dali\/#breadcrumb\"},\"inLanguage\":\"it-IT\",\"potentialAction\":[{\"@type\":\"ReadAction\",\"target\":[\"https:\/\/www.eltako.com\/it\/company\/partners-alliances\/dali\/\"]}]},{\"@type\":\"ImageObject\",\"inLanguage\":\"it-IT\",\"@id\":\"https:\/\/www.eltako.com\/it\/company\/partners-alliances\/dali\/#primaryimage\",\"url\":\"https:\/\/www.eltako.com\/wp-content\/uploads\/2021\/09\/Bild-1-1-e1626779207216.jpg\",\"contentUrl\":\"https:\/\/www.eltako.com\/wp-content\/uploads\/2021\/09\/Bild-1-1-e1626779207216.jpg\",\"width\":1920,\"height\":931},{\"@type\":\"BreadcrumbList\",\"@id\":\"https:\/\/www.eltako.com\/it\/company\/partners-alliances\/dali\/#breadcrumb\",\"itemListElement\":[{\"@type\":\"ListItem\",\"position\":1,\"name\":\"Home\",\"item\":\"https:\/\/www.eltako.com\/it\/\"},{\"@type\":\"ListItem\",\"position\":2,\"name\":\"Azienda\",\"item\":\"https:\/\/www.eltako.com\/it\/company\/\"},{\"@type\":\"ListItem\",\"position\":3,\"name\":\"Partner e alleanze\",\"item\":\"https:\/\/www.eltako.com\/it\/company\/partners-alliances\/\"},{\"@type\":\"ListItem\",\"position\":4,\"name\":\"DALI\"}]},{\"@type\":\"WebSite\",\"@id\":\"https:\/\/www.eltako.com\/en\/#website\",\"url\":\"https:\/\/www.eltako.com\/en\/\",\"name\":\"Eltako\",\"description\":\"Schaltger\u00e4te, Netzteile, Stromz\u00e4hler, Dimmer, Geb\u00e4udeinstallation, Steuerungstechnik, Smart Home-L\u00f6sungen, Geb\u00e4udefunk, EnOcean-Technologie\",\"potentialAction\":[{\"@type\":\"SearchAction\",\"target\":{\"@type\":\"EntryPoint\",\"urlTemplate\":\"https:\/\/www.eltako.com\/en\/?s={search_term_string}\"},\"query-input\":{\"@type\":\"PropertyValueSpecification\",\"valueRequired\":true,\"valueName\":\"search_term_string\"}}],\"inLanguage\":\"it-IT\"}]}<\/script>\n<!-- \/ Yoast SEO plugin. -->","yoast_head_json":{"title":"DALI &#187; Eltako","robots":{"index":"index","follow":"follow","max-snippet":"max-snippet:-1","max-image-preview":"max-image-preview:large","max-video-preview":"max-video-preview:-1"},"canonical":"https:\/\/www.eltako.com\/it\/company\/partners-alliances\/dali\/","og_locale":"it_IT","og_type":"article","og_title":"DALI &#187; Eltako","og_description":"GESTIONE FLESSIBILE DELLA LUCE CON DALI \u2013 COMPLETAMENTE INTEGRATO NELL&#8217;ELTAKO KOSMOS DALI \u00e8 un sistema di installazione illuminotecnica indipendente dal produttore, progettato per semplificare al massimo l&#8217;installazione, il controllo e la comunicazione di singoli apparecchi e gruppi di apparecchi. Pu\u00f2 gestire fino a 64 indirizzi, 16 gruppi e 16 scene ed \u00e8 quindi adatto per [&hellip;]","og_url":"https:\/\/www.eltako.com\/it\/company\/partners-alliances\/dali\/","og_site_name":"Eltako","article_modified_time":"2024-07-10T08:55:15+00:00","og_image":[{"width":1920,"height":931,"url":"https:\/\/www.eltako.com\/wp-content\/uploads\/2021\/09\/Bild-1-1-e1626779207216.jpg","type":"image\/jpeg"}],"twitter_card":"summary_large_image","twitter_misc":{"Tempo di lettura stimato":"3 minuti"},"schema":{"@context":"https:\/\/schema.org","@graph":[{"@type":"WebPage","@id":"https:\/\/www.eltako.com\/it\/company\/partners-alliances\/dali\/","url":"https:\/\/www.eltako.com\/it\/company\/partners-alliances\/dali\/","name":"DALI &#187; Eltako","isPartOf":{"@id":"https:\/\/www.eltako.com\/en\/#website"},"primaryImageOfPage":{"@id":"https:\/\/www.eltako.com\/it\/company\/partners-alliances\/dali\/#primaryimage"},"image":{"@id":"https:\/\/www.eltako.com\/it\/company\/partners-alliances\/dali\/#primaryimage"},"thumbnailUrl":"https:\/\/www.eltako.com\/wp-content\/uploads\/2021\/09\/Bild-1-1-e1626779207216.jpg","datePublished":"2022-12-12T08:38:20+00:00","dateModified":"2024-07-10T08:55:15+00:00","breadcrumb":{"@id":"https:\/\/www.eltako.com\/it\/company\/partners-alliances\/dali\/#breadcrumb"},"inLanguage":"it-IT","potentialAction":[{"@type":"ReadAction","target":["https:\/\/www.eltako.com\/it\/company\/partners-alliances\/dali\/"]}]},{"@type":"ImageObject","inLanguage":"it-IT","@id":"https:\/\/www.eltako.com\/it\/company\/partners-alliances\/dali\/#primaryimage","url":"https:\/\/www.eltako.com\/wp-content\/uploads\/2021\/09\/Bild-1-1-e1626779207216.jpg","contentUrl":"https:\/\/www.eltako.com\/wp-content\/uploads\/2021\/09\/Bild-1-1-e1626779207216.jpg","width":1920,"height":931},{"@type":"BreadcrumbList","@id":"https:\/\/www.eltako.com\/it\/company\/partners-alliances\/dali\/#breadcrumb","itemListElement":[{"@type":"ListItem","position":1,"name":"Home","item":"https:\/\/www.eltako.com\/it\/"},{"@type":"ListItem","position":2,"name":"Azienda","item":"https:\/\/www.eltako.com\/it\/company\/"},{"@type":"ListItem","position":3,"name":"Partner e alleanze","item":"https:\/\/www.eltako.com\/it\/company\/partners-alliances\/"},{"@type":"ListItem","position":4,"name":"DALI"}]},{"@type":"WebSite","@id":"https:\/\/www.eltako.com\/en\/#website","url":"https:\/\/www.eltako.com\/en\/","name":"Eltako","description":"Schaltger\u00e4te, Netzteile, Stromz\u00e4hler, Dimmer, Geb\u00e4udeinstallation, Steuerungstechnik, Smart Home-L\u00f6sungen, Geb\u00e4udefunk, EnOcean-Technologie","potentialAction":[{"@type":"SearchAction","target":{"@type":"EntryPoint","urlTemplate":"https:\/\/www.eltako.com\/en\/?s={search_term_string}"},"query-input":{"@type":"PropertyValueSpecification","valueRequired":true,"valueName":"search_term_string"}}],"inLanguage":"it-IT"}]}},"_links":{"self":[{"href":"https:\/\/www.eltako.com\/it\/wp-json\/wp\/v2\/pages\/123314","targetHints":{"allow":["GET"]}}],"collection":[{"href":"https:\/\/www.eltako.com\/it\/wp-json\/wp\/v2\/pages"}],"about":[{"href":"https:\/\/www.eltako.com\/it\/wp-json\/wp\/v2\/types\/page"}],"author":[{"embeddable":true,"href":"https:\/\/www.eltako.com\/it\/wp-json\/wp\/v2\/users\/31"}],"replies":[{"embeddable":true,"href":"https:\/\/www.eltako.com\/it\/wp-json\/wp\/v2\/comments?post=123314"}],"version-history":[{"count":10,"href":"https:\/\/www.eltako.com\/it\/wp-json\/wp\/v2\/pages\/123314\/revisions"}],"predecessor-version":[{"id":141400,"href":"https:\/\/www.eltako.com\/it\/wp-json\/wp\/v2\/pages\/123314\/revisions\/141400"}],"up":[{"embeddable":true,"href":"https:\/\/www.eltako.com\/it\/wp-json\/wp\/v2\/pages\/123546"}],"wp:featuredmedia":[{"embeddable":true,"href":"https:\/\/www.eltako.com\/it\/wp-json\/wp\/v2\/media\/23300"}],"wp:attachment":[{"href":"https:\/\/www.eltako.com\/it\/wp-json\/wp\/v2\/media?parent=123314"}],"curies":[{"name":"wp","href":"https:\/\/api.w.org\/{rel}","templated":true}]}}