{"id":86073,"date":"2022-07-22T10:41:32","date_gmt":"2022-07-22T08:41:32","guid":{"rendered":"https:\/\/www.eltako.de\/entreprise\/durabilite\/"},"modified":"2024-01-15T08:28:32","modified_gmt":"2024-01-15T07:28:32","slug":"durabilite","status":"publish","type":"page","link":"https:\/\/www.eltako.com\/fr\/entreprise\/durabilite\/","title":{"rendered":"durabilit\u00e9"},"content":{"rendered":"\n<p class=\"has-text-align-left has-text-color\" style=\"color:#0064af\">La d\u00e9finition du d\u00e9veloppement durable stipule que les besoins du pr\u00e9sent doivent \u00eatre satisfaits d&rsquo;une mani\u00e8re qui ne limite pas les opportunit\u00e9s des g\u00e9n\u00e9rations futures. <\/p>\n\n<p class=\"has-text-align-left has-text-color\" style=\"color:#0064af\">Nous voulons travailler avec nos innovations selon ce principe : nous d\u00e9veloppons des technologies de pointe qui am\u00e9liorent la vie de nos clients aujourd&rsquo;hui et \u00e0 l&rsquo;avenir, sans jamais perdre de vue l&rsquo;objectif de devenir toujours plus durable et respectueux de l&rsquo;environnement. <\/p>\n\n<div style=\"height:70px\" aria-hidden=\"true\" class=\"wp-block-spacer\"><\/div>\n\n<div id=\"\" class=\"wp-block-gosign-gosign-background-contianer gosign-color-section btn-full align-true def-verticalAlignBottom default-padding no-margin custom-width no-min-height lightColorLayout no-top-border no-bottom-border colorSectionFe background-scroll background-repeat overlay-false defined-width\"><div class=\"outer-container background-scroll\" style=\"padding-top:100px;padding-bottom:70px;padding-left:10px;padding-right:10px;background-repeat:repeat;background-color:#0064af\"><div class=\"inner-container\"><div class=\"contentBlock\" style=\"max-width:1110px\">\n<div class=\"wp-block-columns is-layout-flex wp-container-core-columns-is-layout-9d6595d7 wp-block-columns-is-layout-flex\">\n<div class=\"wp-block-column is-layout-flow wp-block-column-is-layout-flow\">\n<div class=\"wp-block-media-text alignwide is-stacked-on-mobile is-vertically-aligned-center\" style=\"grid-template-columns:35% auto\"><figure class=\"wp-block-media-text__media\"><img decoding=\"async\" width=\"600\" height=\"600\" src=\"https:\/\/www.eltako.com\/wp-content\/uploads\/2022\/06\/eltako_website_content_600x600_nachhaltigkeit_01.jpg\" alt=\"\" class=\"wp-image-77875 size-full\" srcset=\"https:\/\/www.eltako.com\/wp-content\/uploads\/2022\/06\/eltako_website_content_600x600_nachhaltigkeit_01.jpg 600w, https:\/\/www.eltako.com\/wp-content\/uploads\/2022\/06\/eltako_website_content_600x600_nachhaltigkeit_01-300x300.jpg 300w, https:\/\/www.eltako.com\/wp-content\/uploads\/2022\/06\/eltako_website_content_600x600_nachhaltigkeit_01-150x150.jpg 150w, https:\/\/www.eltako.com\/wp-content\/uploads\/2022\/06\/eltako_website_content_600x600_nachhaltigkeit_01-100x100.jpg 100w\" sizes=\"(max-width: 600px) 100vw, 600px\" \/><\/figure><div class=\"wp-block-media-text__content\">\n<h2 class=\"wp-block-heading has-large-font-size\" style=\"text-transform:uppercase\"><strong>Technologie EnOcean<\/strong><\/h2>\n\n\n\n<p>Nos capteurs sans fil dot\u00e9s de la technologie EnOcean collectent et stockent l&rsquo;\u00e9nergie cin\u00e9tique, thermique et solaire de l&rsquo;environnement. Cette soi-disant \u00ab\u00a0r\u00e9cup\u00e9ration d&rsquo;\u00e9nergie\u00a0\u00bb fournit exactement l&rsquo;\u00e9nergie n\u00e9cessaire pour envoyer un t\u00e9l\u00e9gramme radio. Cela signifie qu&rsquo;aucun type d&rsquo;alimentation n&rsquo;est n\u00e9cessaire. <\/p>\n\n\n\n<p>Par exemple, bon nombre de nos capteurs ext\u00e9rieurs fonctionnent principalement \u00e0 l&rsquo;\u00e9nergie solaire. Si vous les placez dans un endroit suffisamment lumineux, ils sont imm\u00e9diatement pr\u00eats \u00e0 l&#8217;emploi. Cela permet d&rsquo;\u00e9conomiser des ressources et de l&rsquo;\u00e9nergie et rend les capteurs sans entretien. <\/p>\n\n\n\n<p>Vous pouvez en savoir plus sur notre coop\u00e9ration avec EnOcean <a href=\"https:\/\/www.eltako.de\/unternehmen\/partner-und-allianzen\/enocean\/\">hier<\/a>.<\/p>\n<\/div><\/div>\n<\/div>\n<\/div>\n<\/div><\/div><\/div><\/div>\n\n<div id=\"\" class=\"wp-block-gosign-gosign-background-contianer gosign-color-section btn-full align-true def-verticalAlignBottom default-padding no-margin custom-width no-min-height lightColorLayout no-top-border no-bottom-border colorSectionFe background-scroll background-repeat overlay-false defined-width\"><div class=\"outer-container background-scroll\" style=\"padding-top:100px;padding-bottom:70px;padding-left:10px;padding-right:10px;background-repeat:repeat;background-color:#ffffff\"><div class=\"inner-container\"><div class=\"contentBlock\" style=\"max-width:1110px\">\n<div class=\"wp-block-columns is-layout-flex wp-container-core-columns-is-layout-9d6595d7 wp-block-columns-is-layout-flex\">\n<div class=\"wp-block-column is-layout-flow wp-block-column-is-layout-flow\">\n<div class=\"wp-block-media-text alignwide has-media-on-the-right is-stacked-on-mobile is-vertically-aligned-center\" style=\"grid-template-columns:auto 35%\"><div class=\"wp-block-media-text__content\">\n<h2 class=\"wp-block-heading has-text-color has-large-font-size\" style=\"color:#0064af;text-transform:uppercase\"><strong>Processus de commande, exp\u00e9dition et service respectueux de l&rsquo;environnement<\/strong><\/h2>\n\n\n\n<p class=\"has-text-color\" style=\"color:#0064af\">Nos communications avec nos clients et nos commandes sont principalement num\u00e9riques. Le service WhatsApp, t\u00e9l\u00e9phone et courrier aide les clients et \u00e9conomise des ressources en m\u00eame temps. <\/p>\n\n\n\n<p class=\"has-text-color\" style=\"color:#0064af\">Nos mat\u00e9riaux d&#8217;emballage et d&rsquo;exp\u00e9dition sont en papier, en carton ou en plastique compostable. <\/p>\n<\/div><figure class=\"wp-block-media-text__media\"><img decoding=\"async\" width=\"600\" height=\"600\" src=\"https:\/\/www.eltako.com\/wp-content\/uploads\/2022\/06\/eltako_website_content_600x600_nachhaltigkeit_02.jpg\" alt=\"\" class=\"wp-image-78744 size-full\" srcset=\"https:\/\/www.eltako.com\/wp-content\/uploads\/2022\/06\/eltako_website_content_600x600_nachhaltigkeit_02.jpg 600w, https:\/\/www.eltako.com\/wp-content\/uploads\/2022\/06\/eltako_website_content_600x600_nachhaltigkeit_02-300x300.jpg 300w, https:\/\/www.eltako.com\/wp-content\/uploads\/2022\/06\/eltako_website_content_600x600_nachhaltigkeit_02-150x150.jpg 150w, https:\/\/www.eltako.com\/wp-content\/uploads\/2022\/06\/eltako_website_content_600x600_nachhaltigkeit_02-100x100.jpg 100w\" sizes=\"(max-width: 600px) 100vw, 600px\" \/><\/figure><\/div>\n<\/div>\n<\/div>\n<\/div><\/div><\/div><\/div>\n\n<div id=\"\" class=\"wp-block-gosign-gosign-background-contianer gosign-color-section btn-full align-true def-verticalAlignBottom default-padding no-margin custom-width no-min-height lightColorLayout no-top-border no-bottom-border colorSectionFe background-scroll background-repeat overlay-false defined-width\"><div class=\"outer-container background-scroll\" style=\"padding-top:100px;padding-bottom:70px;padding-left:10px;padding-right:10px;background-repeat:repeat;background-color:#0064af\"><div class=\"inner-container\"><div class=\"contentBlock\" style=\"max-width:1110px\">\n<div class=\"wp-block-columns is-layout-flex wp-container-core-columns-is-layout-9d6595d7 wp-block-columns-is-layout-flex\">\n<div class=\"wp-block-column is-layout-flow wp-block-column-is-layout-flow\">\n<div class=\"wp-block-media-text alignwide is-stacked-on-mobile is-vertically-aligned-center\" style=\"grid-template-columns:35% auto\"><figure class=\"wp-block-media-text__media\"><img decoding=\"async\" width=\"600\" height=\"600\" src=\"https:\/\/www.eltako.com\/wp-content\/uploads\/2022\/06\/eltako_website_content_600x600_nachhaltigkeit_03.jpg\" alt=\"\" class=\"wp-image-78753 size-full\" srcset=\"https:\/\/www.eltako.com\/wp-content\/uploads\/2022\/06\/eltako_website_content_600x600_nachhaltigkeit_03.jpg 600w, https:\/\/www.eltako.com\/wp-content\/uploads\/2022\/06\/eltako_website_content_600x600_nachhaltigkeit_03-300x300.jpg 300w, https:\/\/www.eltako.com\/wp-content\/uploads\/2022\/06\/eltako_website_content_600x600_nachhaltigkeit_03-150x150.jpg 150w, https:\/\/www.eltako.com\/wp-content\/uploads\/2022\/06\/eltako_website_content_600x600_nachhaltigkeit_03-100x100.jpg 100w\" sizes=\"(max-width: 600px) 100vw, 600px\" \/><\/figure><div class=\"wp-block-media-text__content\">\n<h2 class=\"wp-block-heading has-large-font-size\" style=\"text-transform:uppercase\"><strong>Aucune perte de veille gr\u00e2ce aux relais bistables<\/strong><\/h2>\n\n\n\n<p>En utilisant des relais bistables, ces produits n&rsquo;ont aucune perte en veille. Cela se produit g\u00e9n\u00e9ralement lorsqu&rsquo;un relais est command\u00e9. Gr\u00e2ce \u00e0 une technologie sp\u00e9ciale, les n\u00f4tres sont verrouill\u00e9s m\u00e9caniquement et \u00e9conomisent ainsi cette \u00e9nergie. <\/p>\n<\/div><\/div>\n<\/div>\n<\/div>\n<\/div><\/div><\/div><\/div>\n\n<div id=\"\" class=\"wp-block-gosign-gosign-background-contianer gosign-color-section btn-full align-true def-verticalAlignBottom default-padding no-margin custom-width no-min-height lightColorLayout no-top-border no-bottom-border colorSectionFe background-scroll background-repeat overlay-false defined-width\"><div class=\"outer-container background-scroll\" style=\"padding-top:100px;padding-bottom:10px;padding-left:10px;padding-right:10px;background-repeat:repeat;background-color:#ffffff\"><div class=\"inner-container\"><div class=\"contentBlock\" style=\"max-width:1110px\">\n<div class=\"wp-block-columns is-layout-flex wp-container-core-columns-is-layout-9d6595d7 wp-block-columns-is-layout-flex\">\n<div class=\"wp-block-column is-layout-flow wp-block-column-is-layout-flow\">\n<div class=\"wp-block-media-text alignwide has-media-on-the-right is-stacked-on-mobile is-vertically-aligned-center\" style=\"grid-template-columns:auto 35%\"><div class=\"wp-block-media-text__content\">\n<h2 class=\"wp-block-heading has-text-color has-large-font-size\" style=\"color:#0064af;text-transform:uppercase\"><strong>e-mobilit\u00e9<\/strong><\/h2>\n\n\n\n<p class=\"has-text-color\" style=\"color:#0064af\">Il y a plus de 10 ans, nous faisions partie d&rsquo;un projet de recherche du Bade-Wurtemberg qui v\u00e9rifiait l&rsquo;ad\u00e9quation des voitures \u00e9lectriques \u00e0 l&rsquo;usage quotidien. A cette \u00e9poque, les premi\u00e8res voitures de ce type trouv\u00e8rent leur utilit\u00e9 dans notre entreprise. Entre-temps, bon nombre de nos employ\u00e9s ont \u00e9t\u00e9 \u00e9quip\u00e9s de v\u00e9hicules \u00e0 propulsion \u00e9lectrique, qui peuvent \u00eatre \u00ab recharg\u00e9s \u00bb \u00e0 l&rsquo;aide des bornes de recharge de l&rsquo;entreprise dans nos locaux. <\/p>\n\n\n\n<p class=\"has-text-color\" style=\"color:#0064af\">Nous sommes convaincus que l&rsquo;e-mobilit\u00e9 peut contribuer dans une large mesure \u00e0 un avenir respectueux du climat et nous pr\u00e9voyons donc d&rsquo;\u00e9tendre toujours plus notre flotte de v\u00e9hicules \u00e9lectriques.  <\/p>\n\n\n\n<p class=\"has-text-color\" style=\"color:#0064af\">Une autre offre respectueuse de l&rsquo;environnement pour nos collaborateurs a vu le jour gr\u00e2ce \u00e0 la collaboration avec l&rsquo;entreprise \u00ab\u00a0BusinessBikes\u00a0\u00bb. Eltako aide tous les employ\u00e9s \u00e0 louer un v\u00e9lo, qu&rsquo;il s&rsquo;agisse d&rsquo;un v\u00e9lo classique ou d&rsquo;un v\u00e9lo \u00e9lectrique moderne. Cela leur permet non seulement de se rendre plus rapidement d&rsquo;un point A \u00e0 un point B, de profiter de plus de temps en plein air et de rester toujours en mouvement malgr\u00e9 leur travail quotidien, mais aussi de faire quelque chose pour la protection de l&rsquo;environnement ! <\/p>\n<\/div><figure class=\"wp-block-media-text__media\"><img decoding=\"async\" width=\"600\" height=\"600\" src=\"https:\/\/www.eltako.com\/wp-content\/uploads\/2022\/06\/eltako_website_content_600x600_nachhaltigkeit_04.jpg\" alt=\"\" class=\"wp-image-78762 size-full\" srcset=\"https:\/\/www.eltako.com\/wp-content\/uploads\/2022\/06\/eltako_website_content_600x600_nachhaltigkeit_04.jpg 600w, https:\/\/www.eltako.com\/wp-content\/uploads\/2022\/06\/eltako_website_content_600x600_nachhaltigkeit_04-300x300.jpg 300w, https:\/\/www.eltako.com\/wp-content\/uploads\/2022\/06\/eltako_website_content_600x600_nachhaltigkeit_04-150x150.jpg 150w, https:\/\/www.eltako.com\/wp-content\/uploads\/2022\/06\/eltako_website_content_600x600_nachhaltigkeit_04-100x100.jpg 100w\" sizes=\"(max-width: 600px) 100vw, 600px\" \/><\/figure><\/div>\n<\/div>\n<\/div>\n<\/div><\/div><\/div><\/div>\n\n<p><\/p>\n","protected":false},"excerpt":{"rendered":"<p>La d\u00e9finition du d\u00e9veloppement durable stipule que les besoins du pr\u00e9sent doivent \u00eatre satisfaits d&rsquo;une mani\u00e8re qui ne limite pas les opportunit\u00e9s des g\u00e9n\u00e9rations futures. Nous voulons travailler avec nos innovations selon ce principe : nous d\u00e9veloppons des technologies de pointe qui am\u00e9liorent la vie de nos clients aujourd&rsquo;hui et \u00e0 l&rsquo;avenir, sans jamais perdre [&hellip;]<\/p>\n","protected":false},"author":39,"featured_media":78778,"parent":63684,"menu_order":2,"comment_status":"closed","ping_status":"closed","template":"templates\/custom_header.php","meta":{"_acf_changed":false,"footnotes":"","_links_to":"","_links_to_target":""},"class_list":["post-86073","page","type-page","status-publish","has-post-thumbnail","hentry"],"acf":[],"yoast_head":"<!-- This site is optimized with the Yoast SEO plugin v27.2 - https:\/\/yoast.com\/product\/yoast-seo-wordpress\/ -->\n<title>durabilit\u00e9 &#187; Eltako<\/title>\n<meta name=\"robots\" content=\"index, follow, max-snippet:-1, max-image-preview:large, max-video-preview:-1\" \/>\n<link rel=\"canonical\" href=\"https:\/\/www.eltako.com\/fr\/entreprise\/durabilite\/\" \/>\n<meta property=\"og:locale\" content=\"fr_FR\" \/>\n<meta property=\"og:type\" content=\"article\" \/>\n<meta property=\"og:title\" content=\"durabilit\u00e9 &#187; Eltako\" \/>\n<meta property=\"og:description\" content=\"La d\u00e9finition du d\u00e9veloppement durable stipule que les besoins du pr\u00e9sent doivent \u00eatre satisfaits d&rsquo;une mani\u00e8re qui ne limite pas les opportunit\u00e9s des g\u00e9n\u00e9rations futures. Nous voulons travailler avec nos innovations selon ce principe : nous d\u00e9veloppons des technologies de pointe qui am\u00e9liorent la vie de nos clients aujourd&rsquo;hui et \u00e0 l&rsquo;avenir, sans jamais perdre [&hellip;]\" \/>\n<meta property=\"og:url\" content=\"https:\/\/www.eltako.com\/fr\/entreprise\/durabilite\/\" \/>\n<meta property=\"og:site_name\" content=\"Eltako\" \/>\n<meta property=\"article:modified_time\" content=\"2024-01-15T07:28:32+00:00\" \/>\n<meta property=\"og:image\" content=\"https:\/\/www.eltako.com\/wp-content\/uploads\/2022\/06\/eltako_website_header_1920x700_nachhaltigkeit_01.jpg\" \/>\n\t<meta property=\"og:image:width\" content=\"1920\" \/>\n\t<meta property=\"og:image:height\" content=\"700\" \/>\n\t<meta property=\"og:image:type\" content=\"image\/jpeg\" \/>\n<meta name=\"twitter:card\" content=\"summary_large_image\" \/>\n<meta name=\"twitter:label1\" content=\"Dur\u00e9e de lecture estim\u00e9e\" \/>\n\t<meta name=\"twitter:data1\" content=\"4 minutes\" \/>\n<script type=\"application\/ld+json\" class=\"yoast-schema-graph\">{\"@context\":\"https:\/\/schema.org\",\"@graph\":[{\"@type\":\"WebPage\",\"@id\":\"https:\/\/www.eltako.com\/fr\/entreprise\/durabilite\/\",\"url\":\"https:\/\/www.eltako.com\/fr\/entreprise\/durabilite\/\",\"name\":\"durabilit\u00e9 &#187; Eltako\",\"isPartOf\":{\"@id\":\"https:\/\/www.eltako.com\/en\/#website\"},\"primaryImageOfPage\":{\"@id\":\"https:\/\/www.eltako.com\/fr\/entreprise\/durabilite\/#primaryimage\"},\"image\":{\"@id\":\"https:\/\/www.eltako.com\/fr\/entreprise\/durabilite\/#primaryimage\"},\"thumbnailUrl\":\"https:\/\/www.eltako.com\/wp-content\/uploads\/2022\/06\/eltako_website_header_1920x700_nachhaltigkeit_01.jpg\",\"datePublished\":\"2022-07-22T08:41:32+00:00\",\"dateModified\":\"2024-01-15T07:28:32+00:00\",\"breadcrumb\":{\"@id\":\"https:\/\/www.eltako.com\/fr\/entreprise\/durabilite\/#breadcrumb\"},\"inLanguage\":\"fr-FR\",\"potentialAction\":[{\"@type\":\"ReadAction\",\"target\":[\"https:\/\/www.eltako.com\/fr\/entreprise\/durabilite\/\"]}]},{\"@type\":\"ImageObject\",\"inLanguage\":\"fr-FR\",\"@id\":\"https:\/\/www.eltako.com\/fr\/entreprise\/durabilite\/#primaryimage\",\"url\":\"https:\/\/www.eltako.com\/wp-content\/uploads\/2022\/06\/eltako_website_header_1920x700_nachhaltigkeit_01.jpg\",\"contentUrl\":\"https:\/\/www.eltako.com\/wp-content\/uploads\/2022\/06\/eltako_website_header_1920x700_nachhaltigkeit_01.jpg\",\"width\":1920,\"height\":700},{\"@type\":\"BreadcrumbList\",\"@id\":\"https:\/\/www.eltako.com\/fr\/entreprise\/durabilite\/#breadcrumb\",\"itemListElement\":[{\"@type\":\"ListItem\",\"position\":1,\"name\":\"Page d\u2019accueil\",\"item\":\"https:\/\/www.eltako.com\/fr\/\"},{\"@type\":\"ListItem\",\"position\":2,\"name\":\"Entreprise\",\"item\":\"https:\/\/www.eltako.com\/fr\/entreprise\/\"},{\"@type\":\"ListItem\",\"position\":3,\"name\":\"durabilit\u00e9\"}]},{\"@type\":\"WebSite\",\"@id\":\"https:\/\/www.eltako.com\/en\/#website\",\"url\":\"https:\/\/www.eltako.com\/en\/\",\"name\":\"Eltako\",\"description\":\"Schaltger\u00e4te, Netzteile, Stromz\u00e4hler, Dimmer, Geb\u00e4udeinstallation, Steuerungstechnik, Smart Home-L\u00f6sungen, Geb\u00e4udefunk, EnOcean-Technologie\",\"potentialAction\":[{\"@type\":\"SearchAction\",\"target\":{\"@type\":\"EntryPoint\",\"urlTemplate\":\"https:\/\/www.eltako.com\/en\/?s={search_term_string}\"},\"query-input\":{\"@type\":\"PropertyValueSpecification\",\"valueRequired\":true,\"valueName\":\"search_term_string\"}}],\"inLanguage\":\"fr-FR\"}]}<\/script>\n<!-- \/ Yoast SEO plugin. -->","yoast_head_json":{"title":"durabilit\u00e9 &#187; Eltako","robots":{"index":"index","follow":"follow","max-snippet":"max-snippet:-1","max-image-preview":"max-image-preview:large","max-video-preview":"max-video-preview:-1"},"canonical":"https:\/\/www.eltako.com\/fr\/entreprise\/durabilite\/","og_locale":"fr_FR","og_type":"article","og_title":"durabilit\u00e9 &#187; Eltako","og_description":"La d\u00e9finition du d\u00e9veloppement durable stipule que les besoins du pr\u00e9sent doivent \u00eatre satisfaits d&rsquo;une mani\u00e8re qui ne limite pas les opportunit\u00e9s des g\u00e9n\u00e9rations futures. Nous voulons travailler avec nos innovations selon ce principe : nous d\u00e9veloppons des technologies de pointe qui am\u00e9liorent la vie de nos clients aujourd&rsquo;hui et \u00e0 l&rsquo;avenir, sans jamais perdre [&hellip;]","og_url":"https:\/\/www.eltako.com\/fr\/entreprise\/durabilite\/","og_site_name":"Eltako","article_modified_time":"2024-01-15T07:28:32+00:00","og_image":[{"width":1920,"height":700,"url":"https:\/\/www.eltako.com\/wp-content\/uploads\/2022\/06\/eltako_website_header_1920x700_nachhaltigkeit_01.jpg","type":"image\/jpeg"}],"twitter_card":"summary_large_image","twitter_misc":{"Dur\u00e9e de lecture estim\u00e9e":"4 minutes"},"schema":{"@context":"https:\/\/schema.org","@graph":[{"@type":"WebPage","@id":"https:\/\/www.eltako.com\/fr\/entreprise\/durabilite\/","url":"https:\/\/www.eltako.com\/fr\/entreprise\/durabilite\/","name":"durabilit\u00e9 &#187; Eltako","isPartOf":{"@id":"https:\/\/www.eltako.com\/en\/#website"},"primaryImageOfPage":{"@id":"https:\/\/www.eltako.com\/fr\/entreprise\/durabilite\/#primaryimage"},"image":{"@id":"https:\/\/www.eltako.com\/fr\/entreprise\/durabilite\/#primaryimage"},"thumbnailUrl":"https:\/\/www.eltako.com\/wp-content\/uploads\/2022\/06\/eltako_website_header_1920x700_nachhaltigkeit_01.jpg","datePublished":"2022-07-22T08:41:32+00:00","dateModified":"2024-01-15T07:28:32+00:00","breadcrumb":{"@id":"https:\/\/www.eltako.com\/fr\/entreprise\/durabilite\/#breadcrumb"},"inLanguage":"fr-FR","potentialAction":[{"@type":"ReadAction","target":["https:\/\/www.eltako.com\/fr\/entreprise\/durabilite\/"]}]},{"@type":"ImageObject","inLanguage":"fr-FR","@id":"https:\/\/www.eltako.com\/fr\/entreprise\/durabilite\/#primaryimage","url":"https:\/\/www.eltako.com\/wp-content\/uploads\/2022\/06\/eltako_website_header_1920x700_nachhaltigkeit_01.jpg","contentUrl":"https:\/\/www.eltako.com\/wp-content\/uploads\/2022\/06\/eltako_website_header_1920x700_nachhaltigkeit_01.jpg","width":1920,"height":700},{"@type":"BreadcrumbList","@id":"https:\/\/www.eltako.com\/fr\/entreprise\/durabilite\/#breadcrumb","itemListElement":[{"@type":"ListItem","position":1,"name":"Page d\u2019accueil","item":"https:\/\/www.eltako.com\/fr\/"},{"@type":"ListItem","position":2,"name":"Entreprise","item":"https:\/\/www.eltako.com\/fr\/entreprise\/"},{"@type":"ListItem","position":3,"name":"durabilit\u00e9"}]},{"@type":"WebSite","@id":"https:\/\/www.eltako.com\/en\/#website","url":"https:\/\/www.eltako.com\/en\/","name":"Eltako","description":"Schaltger\u00e4te, Netzteile, Stromz\u00e4hler, Dimmer, Geb\u00e4udeinstallation, Steuerungstechnik, Smart Home-L\u00f6sungen, Geb\u00e4udefunk, EnOcean-Technologie","potentialAction":[{"@type":"SearchAction","target":{"@type":"EntryPoint","urlTemplate":"https:\/\/www.eltako.com\/en\/?s={search_term_string}"},"query-input":{"@type":"PropertyValueSpecification","valueRequired":true,"valueName":"search_term_string"}}],"inLanguage":"fr-FR"}]}},"_links":{"self":[{"href":"https:\/\/www.eltako.com\/fr\/wp-json\/wp\/v2\/pages\/86073","targetHints":{"allow":["GET"]}}],"collection":[{"href":"https:\/\/www.eltako.com\/fr\/wp-json\/wp\/v2\/pages"}],"about":[{"href":"https:\/\/www.eltako.com\/fr\/wp-json\/wp\/v2\/types\/page"}],"author":[{"embeddable":true,"href":"https:\/\/www.eltako.com\/fr\/wp-json\/wp\/v2\/users\/39"}],"replies":[{"embeddable":true,"href":"https:\/\/www.eltako.com\/fr\/wp-json\/wp\/v2\/comments?post=86073"}],"version-history":[{"count":11,"href":"https:\/\/www.eltako.com\/fr\/wp-json\/wp\/v2\/pages\/86073\/revisions"}],"predecessor-version":[{"id":135791,"href":"https:\/\/www.eltako.com\/fr\/wp-json\/wp\/v2\/pages\/86073\/revisions\/135791"}],"up":[{"embeddable":true,"href":"https:\/\/www.eltako.com\/fr\/wp-json\/wp\/v2\/pages\/63684"}],"wp:featuredmedia":[{"embeddable":true,"href":"https:\/\/www.eltako.com\/fr\/wp-json\/wp\/v2\/media\/78778"}],"wp:attachment":[{"href":"https:\/\/www.eltako.com\/fr\/wp-json\/wp\/v2\/media?parent=86073"}],"curies":[{"name":"wp","href":"https:\/\/api.w.org\/{rel}","templated":true}]}}