{"id":77365,"date":"2022-05-31T16:23:08","date_gmt":"2022-05-31T14:23:08","guid":{"rendered":"https:\/\/www.eltako.de\/entreprise\/carriere\/"},"modified":"2025-03-20T11:55:21","modified_gmt":"2025-03-20T10:55:21","slug":"carriere","status":"publish","type":"page","link":"https:\/\/www.eltako.com\/fr\/entreprise\/carriere\/","title":{"rendered":"Carri\u00e8re"},"content":{"rendered":"\n<h2 class=\"wp-block-heading\">ELTAKO comme employeur &#8211; Ta carri\u00e8re chez nous !<\/h2>\n\n\n\n<div style=\"height:32px\" aria-hidden=\"true\" class=\"wp-block-spacer\"><\/div>\n\n\n\n<div class=\"wp-block-columns is-layout-flex wp-container-core-columns-is-layout-9d6595d7 wp-block-columns-is-layout-flex\">\n<div class=\"wp-block-column is-layout-flow wp-block-column-is-layout-flow\"><\/div>\n\n\n\n<div class=\"wp-block-column is-layout-flow wp-block-column-is-layout-flow\">\n<a href=\"https:\/\/jobs.eltako.com\/en\" target=\"_blank\" class=\"text-uppercase font-weight-bold btn text-white p-3 mt-1 mb-1 w-100\" style=\"background : #016db7; font-size:20px\" rel=\"noopener\">Vers la plateforme de candidature\n<\/a>\n<\/div>\n\n\n\n<div class=\"wp-block-column is-layout-flow wp-block-column-is-layout-flow\"><\/div>\n<\/div>\n\n\n\n<h3 class=\"wp-block-heading\"><strong>\u00c0 propos de nous :<\/strong><\/h3>\n\n\n\n<p><\/p>\n\n\n\n<div style=\"height:20px\" aria-hidden=\"true\" class=\"wp-block-spacer\"><\/div>\n\n\n\n<h4 class=\"wp-block-heading\">Chez <strong>ELTAKO<\/strong>, nous avons un objectif : transformer chaque maison en une maison intelligente. Notre recette du succ\u00e8s ? Il s&rsquo;agit clairement de nos plus de 135 collaborateurs r\u00e9partis dans toute l&rsquo;Europe, qui mettent chaque jour tout leur c\u0153ur et leur \u00e2me dans leur travail. Gr\u00e2ce aux id\u00e9es innovantes et cr\u00e9atives de nos collaborateurs et \u00e0 plus de 75 ans d&rsquo;exp\u00e9rience, nous garantissons le plus haut niveau de comp\u00e9tence et de qualit\u00e9 en mati\u00e8re de d\u00e9veloppement de produits innovants pour la technologie d&rsquo;installation et de contr\u00f4le des b\u00e2timents.<\/h4>\n\n\n\n<div style=\"height:20px\" aria-hidden=\"true\" class=\"wp-block-spacer\"><\/div>\n\n\n\n<h3 class=\"wp-block-heading\"><strong>A propos de toi<\/strong><\/h3>\n\n\n\n<div style=\"height:20px\" aria-hidden=\"true\" class=\"wp-block-spacer\"><\/div>\n\n\n\n<h4 class=\"wp-block-heading\">Tu n&rsquo;as pas peur des nouvelles t\u00e2ches, tu aimes travailler en \u00e9quipe et tu es passionn\u00e9 par ton travail ? Dans ce cas, nous serions heureux de t&rsquo;accueillir parmi nous \u00e0 l&rsquo;avenir. <\/h4>\n\n\n\n<h4 class=\"wp-block-heading\">En tant que membre d&rsquo;ELTAKO, des projets passionnants, des personnes chaleureuses et des possibilit\u00e9s infinies t&rsquo;attendent.<\/h4>\n\n\n\n<h4 class=\"wp-block-heading\">En plus de nos employ\u00e9s permanents, nous offrons \u00e9galement de la place pour des \u00e9tudiants salari\u00e9s et proposons r\u00e9guli\u00e8rement des stages. <\/h4>\n\n\n\n<h4 class=\"wp-block-heading\">Nous ne pouvons pas te proposer le poste vacant qui t&rsquo;int\u00e9resse ? Ce n&rsquo;est pas grave, envoie-nous ta candidature spontan\u00e9e &#8211; nous sommes toujours int\u00e9ress\u00e9s par de bons collaborateurs ! <\/h4>\n\n\n\n<h5 class=\"wp-block-heading\"><\/h5>\n","protected":false},"excerpt":{"rendered":"<p>ELTAKO comme employeur &#8211; Ta carri\u00e8re chez nous ! Vers la plateforme de candidature \u00c0 propos de nous : Chez ELTAKO, nous avons un objectif : transformer chaque maison en une maison intelligente. Notre recette du succ\u00e8s ? Il s&rsquo;agit clairement de nos plus de 135 collaborateurs r\u00e9partis dans toute l&rsquo;Europe, qui mettent chaque jour [&hellip;]<\/p>\n","protected":false},"author":31,"featured_media":60905,"parent":63684,"menu_order":6,"comment_status":"closed","ping_status":"closed","template":"","meta":{"_acf_changed":false,"footnotes":"","_links_to":"","_links_to_target":""},"class_list":["post-77365","page","type-page","status-publish","has-post-thumbnail","hentry"],"acf":[],"yoast_head":"<!-- This site is optimized with the Yoast SEO plugin v27.2 - https:\/\/yoast.com\/product\/yoast-seo-wordpress\/ -->\n<title>Carri\u00e8re &#187; Eltako<\/title>\n<meta name=\"robots\" content=\"index, follow, max-snippet:-1, max-image-preview:large, max-video-preview:-1\" \/>\n<link rel=\"canonical\" href=\"https:\/\/www.eltako.com\/fr\/entreprise\/carriere\/\" \/>\n<meta property=\"og:locale\" content=\"fr_FR\" \/>\n<meta property=\"og:type\" content=\"article\" \/>\n<meta property=\"og:title\" content=\"Carri\u00e8re &#187; Eltako\" \/>\n<meta property=\"og:description\" content=\"ELTAKO comme employeur &#8211; Ta carri\u00e8re chez nous ! Vers la plateforme de candidature \u00c0 propos de nous : Chez ELTAKO, nous avons un objectif : transformer chaque maison en une maison intelligente. Notre recette du succ\u00e8s ? Il s&rsquo;agit clairement de nos plus de 135 collaborateurs r\u00e9partis dans toute l&rsquo;Europe, qui mettent chaque jour [&hellip;]\" \/>\n<meta property=\"og:url\" content=\"https:\/\/www.eltako.com\/fr\/entreprise\/carriere\/\" \/>\n<meta property=\"og:site_name\" content=\"Eltako\" \/>\n<meta property=\"article:modified_time\" content=\"2025-03-20T10:55:21+00:00\" \/>\n<meta property=\"og:image\" content=\"https:\/\/www.eltako.com\/wp-content\/uploads\/2020\/10\/Karriere-Website-NEU-scaled.jpg\" \/>\n\t<meta property=\"og:image:width\" content=\"1920\" \/>\n\t<meta property=\"og:image:height\" content=\"1280\" \/>\n\t<meta property=\"og:image:type\" content=\"image\/jpeg\" \/>\n<meta name=\"twitter:card\" content=\"summary_large_image\" \/>\n<meta name=\"twitter:label1\" content=\"Dur\u00e9e de lecture estim\u00e9e\" \/>\n\t<meta name=\"twitter:data1\" content=\"2 minutes\" \/>\n<script type=\"application\/ld+json\" class=\"yoast-schema-graph\">{\"@context\":\"https:\/\/schema.org\",\"@graph\":[{\"@type\":\"WebPage\",\"@id\":\"https:\/\/www.eltako.com\/fr\/entreprise\/carriere\/\",\"url\":\"https:\/\/www.eltako.com\/fr\/entreprise\/carriere\/\",\"name\":\"Carri\u00e8re &#187; Eltako\",\"isPartOf\":{\"@id\":\"https:\/\/www.eltako.com\/en\/#website\"},\"primaryImageOfPage\":{\"@id\":\"https:\/\/www.eltako.com\/fr\/entreprise\/carriere\/#primaryimage\"},\"image\":{\"@id\":\"https:\/\/www.eltako.com\/fr\/entreprise\/carriere\/#primaryimage\"},\"thumbnailUrl\":\"https:\/\/www.eltako.com\/wp-content\/uploads\/2020\/10\/Karriere-Website-NEU-scaled.jpg\",\"datePublished\":\"2022-05-31T14:23:08+00:00\",\"dateModified\":\"2025-03-20T10:55:21+00:00\",\"breadcrumb\":{\"@id\":\"https:\/\/www.eltako.com\/fr\/entreprise\/carriere\/#breadcrumb\"},\"inLanguage\":\"fr-FR\",\"potentialAction\":[{\"@type\":\"ReadAction\",\"target\":[\"https:\/\/www.eltako.com\/fr\/entreprise\/carriere\/\"]}]},{\"@type\":\"ImageObject\",\"inLanguage\":\"fr-FR\",\"@id\":\"https:\/\/www.eltako.com\/fr\/entreprise\/carriere\/#primaryimage\",\"url\":\"https:\/\/www.eltako.com\/wp-content\/uploads\/2020\/10\/Karriere-Website-NEU-scaled.jpg\",\"contentUrl\":\"https:\/\/www.eltako.com\/wp-content\/uploads\/2020\/10\/Karriere-Website-NEU-scaled.jpg\",\"width\":1920,\"height\":1280,\"caption\":\"Poign\u00e9e de main de gens d'affaires, assis \u00e0 la table .\"},{\"@type\":\"BreadcrumbList\",\"@id\":\"https:\/\/www.eltako.com\/fr\/entreprise\/carriere\/#breadcrumb\",\"itemListElement\":[{\"@type\":\"ListItem\",\"position\":1,\"name\":\"Page d\u2019accueil\",\"item\":\"https:\/\/www.eltako.com\/fr\/\"},{\"@type\":\"ListItem\",\"position\":2,\"name\":\"Entreprise\",\"item\":\"https:\/\/www.eltako.com\/fr\/entreprise\/\"},{\"@type\":\"ListItem\",\"position\":3,\"name\":\"Carri\u00e8re\"}]},{\"@type\":\"WebSite\",\"@id\":\"https:\/\/www.eltako.com\/en\/#website\",\"url\":\"https:\/\/www.eltako.com\/en\/\",\"name\":\"Eltako\",\"description\":\"Schaltger\u00e4te, Netzteile, Stromz\u00e4hler, Dimmer, Geb\u00e4udeinstallation, Steuerungstechnik, Smart Home-L\u00f6sungen, Geb\u00e4udefunk, EnOcean-Technologie\",\"potentialAction\":[{\"@type\":\"SearchAction\",\"target\":{\"@type\":\"EntryPoint\",\"urlTemplate\":\"https:\/\/www.eltako.com\/en\/?s={search_term_string}\"},\"query-input\":{\"@type\":\"PropertyValueSpecification\",\"valueRequired\":true,\"valueName\":\"search_term_string\"}}],\"inLanguage\":\"fr-FR\"}]}<\/script>\n<!-- \/ Yoast SEO plugin. -->","yoast_head_json":{"title":"Carri\u00e8re &#187; Eltako","robots":{"index":"index","follow":"follow","max-snippet":"max-snippet:-1","max-image-preview":"max-image-preview:large","max-video-preview":"max-video-preview:-1"},"canonical":"https:\/\/www.eltako.com\/fr\/entreprise\/carriere\/","og_locale":"fr_FR","og_type":"article","og_title":"Carri\u00e8re &#187; Eltako","og_description":"ELTAKO comme employeur &#8211; Ta carri\u00e8re chez nous ! Vers la plateforme de candidature \u00c0 propos de nous : Chez ELTAKO, nous avons un objectif : transformer chaque maison en une maison intelligente. Notre recette du succ\u00e8s ? Il s&rsquo;agit clairement de nos plus de 135 collaborateurs r\u00e9partis dans toute l&rsquo;Europe, qui mettent chaque jour [&hellip;]","og_url":"https:\/\/www.eltako.com\/fr\/entreprise\/carriere\/","og_site_name":"Eltako","article_modified_time":"2025-03-20T10:55:21+00:00","og_image":[{"width":1920,"height":1280,"url":"https:\/\/www.eltako.com\/wp-content\/uploads\/2020\/10\/Karriere-Website-NEU-scaled.jpg","type":"image\/jpeg"}],"twitter_card":"summary_large_image","twitter_misc":{"Dur\u00e9e de lecture estim\u00e9e":"2 minutes"},"schema":{"@context":"https:\/\/schema.org","@graph":[{"@type":"WebPage","@id":"https:\/\/www.eltako.com\/fr\/entreprise\/carriere\/","url":"https:\/\/www.eltako.com\/fr\/entreprise\/carriere\/","name":"Carri\u00e8re &#187; Eltako","isPartOf":{"@id":"https:\/\/www.eltako.com\/en\/#website"},"primaryImageOfPage":{"@id":"https:\/\/www.eltako.com\/fr\/entreprise\/carriere\/#primaryimage"},"image":{"@id":"https:\/\/www.eltako.com\/fr\/entreprise\/carriere\/#primaryimage"},"thumbnailUrl":"https:\/\/www.eltako.com\/wp-content\/uploads\/2020\/10\/Karriere-Website-NEU-scaled.jpg","datePublished":"2022-05-31T14:23:08+00:00","dateModified":"2025-03-20T10:55:21+00:00","breadcrumb":{"@id":"https:\/\/www.eltako.com\/fr\/entreprise\/carriere\/#breadcrumb"},"inLanguage":"fr-FR","potentialAction":[{"@type":"ReadAction","target":["https:\/\/www.eltako.com\/fr\/entreprise\/carriere\/"]}]},{"@type":"ImageObject","inLanguage":"fr-FR","@id":"https:\/\/www.eltako.com\/fr\/entreprise\/carriere\/#primaryimage","url":"https:\/\/www.eltako.com\/wp-content\/uploads\/2020\/10\/Karriere-Website-NEU-scaled.jpg","contentUrl":"https:\/\/www.eltako.com\/wp-content\/uploads\/2020\/10\/Karriere-Website-NEU-scaled.jpg","width":1920,"height":1280,"caption":"Poign\u00e9e de main de gens d'affaires, assis \u00e0 la table ."},{"@type":"BreadcrumbList","@id":"https:\/\/www.eltako.com\/fr\/entreprise\/carriere\/#breadcrumb","itemListElement":[{"@type":"ListItem","position":1,"name":"Page d\u2019accueil","item":"https:\/\/www.eltako.com\/fr\/"},{"@type":"ListItem","position":2,"name":"Entreprise","item":"https:\/\/www.eltako.com\/fr\/entreprise\/"},{"@type":"ListItem","position":3,"name":"Carri\u00e8re"}]},{"@type":"WebSite","@id":"https:\/\/www.eltako.com\/en\/#website","url":"https:\/\/www.eltako.com\/en\/","name":"Eltako","description":"Schaltger\u00e4te, Netzteile, Stromz\u00e4hler, Dimmer, Geb\u00e4udeinstallation, Steuerungstechnik, Smart Home-L\u00f6sungen, Geb\u00e4udefunk, EnOcean-Technologie","potentialAction":[{"@type":"SearchAction","target":{"@type":"EntryPoint","urlTemplate":"https:\/\/www.eltako.com\/en\/?s={search_term_string}"},"query-input":{"@type":"PropertyValueSpecification","valueRequired":true,"valueName":"search_term_string"}}],"inLanguage":"fr-FR"}]}},"_links":{"self":[{"href":"https:\/\/www.eltako.com\/fr\/wp-json\/wp\/v2\/pages\/77365","targetHints":{"allow":["GET"]}}],"collection":[{"href":"https:\/\/www.eltako.com\/fr\/wp-json\/wp\/v2\/pages"}],"about":[{"href":"https:\/\/www.eltako.com\/fr\/wp-json\/wp\/v2\/types\/page"}],"author":[{"embeddable":true,"href":"https:\/\/www.eltako.com\/fr\/wp-json\/wp\/v2\/users\/31"}],"replies":[{"embeddable":true,"href":"https:\/\/www.eltako.com\/fr\/wp-json\/wp\/v2\/comments?post=77365"}],"version-history":[{"count":4,"href":"https:\/\/www.eltako.com\/fr\/wp-json\/wp\/v2\/pages\/77365\/revisions"}],"predecessor-version":[{"id":144498,"href":"https:\/\/www.eltako.com\/fr\/wp-json\/wp\/v2\/pages\/77365\/revisions\/144498"}],"up":[{"embeddable":true,"href":"https:\/\/www.eltako.com\/fr\/wp-json\/wp\/v2\/pages\/63684"}],"wp:featuredmedia":[{"embeddable":true,"href":"https:\/\/www.eltako.com\/fr\/wp-json\/wp\/v2\/media\/60905"}],"wp:attachment":[{"href":"https:\/\/www.eltako.com\/fr\/wp-json\/wp\/v2\/media?parent=77365"}],"curies":[{"name":"wp","href":"https:\/\/api.w.org\/{rel}","templated":true}]}}