{"id":62312,"date":"2022-03-09T15:54:34","date_gmt":"2022-03-09T14:54:34","guid":{"rendered":"https:\/\/betax923lb8kd7v0.eltako.de\/dali\/"},"modified":"2024-07-08T15:12:47","modified_gmt":"2024-07-08T13:12:47","slug":"dali","status":"publish","type":"page","link":"https:\/\/www.eltako.com\/fr\/entreprise\/partenaires-et-alliances\/dali\/","title":{"rendered":"Dali"},"content":{"rendered":"\n<h2 class=\"wp-block-heading\" id=\"wir-sind-dali-anbieter\">GESTION FLEXIBLE DE L&rsquo;\u00c9CLAIRAGE AVEC DALI &#8211;<br>ENTI\u00c8REMENT INT\u00c9GR\u00c9 DANS L&rsquo;\u00c9COSYST\u00c8ME ELTAKO<\/h2>\n\n\n\n<div style=\"height:50px\" aria-hidden=\"true\" class=\"wp-block-spacer\"><\/div>\n\n\n\n<figure class=\"wp-block-image size-large\"><img decoding=\"async\" width=\"1024\" height=\"747\" src=\"https:\/\/www.eltako.com\/wp-content\/uploads\/2024\/06\/eltako-website_dali2-schaubild-1024x747.jpg\" alt=\"\" class=\"wp-image-140085\" srcset=\"https:\/\/www.eltako.com\/wp-content\/uploads\/2024\/06\/eltako-website_dali2-schaubild-1024x747.jpg 1024w, https:\/\/www.eltako.com\/wp-content\/uploads\/2024\/06\/eltako-website_dali2-schaubild-300x219.jpg 300w, https:\/\/www.eltako.com\/wp-content\/uploads\/2024\/06\/eltako-website_dali2-schaubild-768x560.jpg 768w, https:\/\/www.eltako.com\/wp-content\/uploads\/2024\/06\/eltako-website_dali2-schaubild-1536x1121.jpg 1536w, https:\/\/www.eltako.com\/wp-content\/uploads\/2024\/06\/eltako-website_dali2-schaubild-600x438.jpg 600w, https:\/\/www.eltako.com\/wp-content\/uploads\/2024\/06\/eltako-website_dali2-schaubild.jpg 2048w\" sizes=\"(max-width: 1024px) 100vw, 1024px\" \/><\/figure>\n\n\n\n<div style=\"height:50px\" aria-hidden=\"true\" class=\"wp-block-spacer\"><\/div>\n\n\n\n<p class=\"has-medium-font-size\">DALI est un syst\u00e8me d&rsquo;installation d&rsquo;\u00e9clairage multi-fabricants qui vise \u00e0 faciliter au maximum l&rsquo;installation, la commande et la communication des diff\u00e9rents luminaires et groupes de luminaires. Il peut g\u00e9rer jusqu&rsquo;\u00e0 64 adresses, 16 groupes et 16 sc\u00e8nes et convient donc \u00e0 l&rsquo;\u00e9quipement d&rsquo;\u00e9clairage d&rsquo;un petit appartement ou d&rsquo;un b\u00e2timent commercial. Gr\u00e2ce \u00e0 ces caract\u00e9ristiques, DALI cr\u00e9e une base pour une gestion intelligente et flexible de l&rsquo;\u00e9clairage.<br><br>Les nouveaux produits compatibles DALI-2 sont d\u00e9sormais \u00e9galement compatibles avec le syst\u00e8me multimaster ! Cela signifie que plusieurs capteurs, comme des capteurs de mouvement et de luminosit\u00e9 ou des coupleurs de boutons-poussoirs DALI, peuvent \u00eatre utilis\u00e9s sur une ligne DALI. Un autre avantage est la connexion directe \u00e0 notre s\u00e9rie 14, ainsi que le traitement des messages d&rsquo;\u00e9v\u00e9nements DALI-2, ce qui facilite les automatisations intelligentes et l&rsquo;int\u00e9gration avec les syst\u00e8mes EnOcean.<\/p>\n\n\n\n<div style=\"height:50px\" aria-hidden=\"true\" class=\"wp-block-spacer\"><\/div>\n\n\n\n<div class=\"wp-block-columns is-layout-flex wp-container-core-columns-is-layout-9d6595d7 wp-block-columns-is-layout-flex\">\n<div class=\"wp-block-column is-layout-flow wp-block-column-is-layout-flow\">\n<a href=\"https:\/\/www.eltako.com\/fr\/eltako-products\/categories\/38\/Das%20ELTAKO-DALI-Programm\/?search=\" target=\"_blank\" class=\"text-uppercase font-weight-bold btn text-white p-3 mt-1 mb-1 w-100\" style=\"background : #016db7; font-size:20px\" rel=\"noopener\">VERS NOTRE GAMME DALI<\/a>\n<\/div>\n\n\n\n<div class=\"wp-block-column is-layout-flow wp-block-column-is-layout-flow\"><\/div>\n\n\n\n<div class=\"wp-block-column is-layout-flow wp-block-column-is-layout-flow\"><\/div>\n<\/div>\n\n\n\n<p><\/p>\n\n\n\n<div style=\"height:50px\" aria-hidden=\"true\" class=\"wp-block-spacer\"><\/div>\n\n\n\n<figure class=\"wp-block-image size-large\"><img decoding=\"async\" width=\"1024\" height=\"341\" src=\"https:\/\/www.eltako.com\/wp-content\/uploads\/2022\/08\/Eltako_Website_Content-Bilder-Aktuelles_Dali-Programm_FR-1024x341.jpg\" alt=\"\" class=\"wp-image-87340\" srcset=\"https:\/\/www.eltako.com\/wp-content\/uploads\/2022\/08\/Eltako_Website_Content-Bilder-Aktuelles_Dali-Programm_FR-1024x341.jpg 1024w, https:\/\/www.eltako.com\/wp-content\/uploads\/2022\/08\/Eltako_Website_Content-Bilder-Aktuelles_Dali-Programm_FR-300x100.jpg 300w, https:\/\/www.eltako.com\/wp-content\/uploads\/2022\/08\/Eltako_Website_Content-Bilder-Aktuelles_Dali-Programm_FR-768x256.jpg 768w, https:\/\/www.eltako.com\/wp-content\/uploads\/2022\/08\/Eltako_Website_Content-Bilder-Aktuelles_Dali-Programm_FR-1536x512.jpg 1536w, https:\/\/www.eltako.com\/wp-content\/uploads\/2022\/08\/Eltako_Website_Content-Bilder-Aktuelles_Dali-Programm_FR-600x200.jpg 600w, https:\/\/www.eltako.com\/wp-content\/uploads\/2022\/08\/Eltako_Website_Content-Bilder-Aktuelles_Dali-Programm_FR.jpg 1920w\" sizes=\"(max-width: 1024px) 100vw, 1024px\" \/><\/figure>\n\n\n\n<div style=\"height:50px\" aria-hidden=\"true\" class=\"wp-block-spacer\"><\/div>\n\n\n\n<p class=\"has-medium-font-size\">Les installations DALI existantes peuvent \u00eatre \u00e9tendues gr\u00e2ce \u00e0 notre passerelle EnOcean DALI afin d&rsquo;int\u00e9grer des capteurs et actionneurs sans fil.<\/p>\n\n\n\n<p class=\"has-medium-font-size\">Les avantages de DALI :<\/p>\n\n\n\n<ul class=\"wp-block-list\">\n<li>connexion prot\u00e9g\u00e9e contre l&rsquo;inversion de polarit\u00e9 de tous les participants DALI<\/li>\n<\/ul>\n\n\n\n<ul class=\"wp-block-list\">\n<li>passage simple des c\u00e2bles, en commun avec l&rsquo;alimentation secteur 230 V dans un c\u00e2ble sous gaine commun \u00e0 5 conducteurs<\/li>\n<\/ul>\n\n\n\n<ul class=\"wp-block-list\">\n<li>des ambiances lumineuses peuvent \u00eatre enregistr\u00e9es et appel\u00e9es sur l&rsquo;appareil de commande DALI  <\/li>\n<\/ul>\n\n\n\n<ul class=\"wp-block-list\">\n<li>retour d&rsquo;information rapide et localisation des pannes de lampes<\/li>\n<\/ul>\n\n\n\n<ul class=\"wp-block-list\">\n<li>en cas de changement d&rsquo;utilisation, les lampes sont facilement regroup\u00e9es, sans rec\u00e2blage ni modification de l&rsquo;installation  <\/li>\n<\/ul>\n\n\n\n<div style=\"height:50px\" aria-hidden=\"true\" class=\"wp-block-spacer\"><\/div>\n\n\n\n<figure class=\"wp-block-image size-large\"><img decoding=\"async\" src=\"https:\/\/www.eltako.de\/wp-content\/uploads\/2021\/07\/Bild-2-1024x683.jpg\" alt=\"\" class=\"wp-image-35538\"\/><\/figure>\n","protected":false},"excerpt":{"rendered":"<p>GESTION FLEXIBLE DE L&rsquo;\u00c9CLAIRAGE AVEC DALI &#8211;ENTI\u00c8REMENT INT\u00c9GR\u00c9 DANS L&rsquo;\u00c9COSYST\u00c8ME ELTAKO DALI est un syst\u00e8me d&rsquo;installation d&rsquo;\u00e9clairage multi-fabricants qui vise \u00e0 faciliter au maximum l&rsquo;installation, la commande et la communication des diff\u00e9rents luminaires et groupes de luminaires. Il peut g\u00e9rer jusqu&rsquo;\u00e0 64 adresses, 16 groupes et 16 sc\u00e8nes et convient donc \u00e0 l&rsquo;\u00e9quipement d&rsquo;\u00e9clairage d&rsquo;un [&hellip;]<\/p>\n","protected":false},"author":31,"featured_media":23299,"parent":62737,"menu_order":0,"comment_status":"closed","ping_status":"closed","template":"templates\/custom_header.php","meta":{"_acf_changed":false,"footnotes":"","_links_to":"","_links_to_target":""},"class_list":["post-62312","page","type-page","status-publish","has-post-thumbnail","hentry"],"acf":[],"yoast_head":"<!-- This site is optimized with the Yoast SEO plugin v27.2 - https:\/\/yoast.com\/product\/yoast-seo-wordpress\/ -->\n<title>Dali &#187; Eltako<\/title>\n<meta name=\"robots\" content=\"index, follow, max-snippet:-1, max-image-preview:large, max-video-preview:-1\" \/>\n<link rel=\"canonical\" href=\"https:\/\/www.eltako.com\/fr\/entreprise\/partenaires-et-alliances\/dali\/\" \/>\n<meta property=\"og:locale\" content=\"fr_FR\" \/>\n<meta property=\"og:type\" content=\"article\" \/>\n<meta property=\"og:title\" content=\"Dali &#187; Eltako\" \/>\n<meta property=\"og:description\" content=\"GESTION FLEXIBLE DE L&rsquo;\u00c9CLAIRAGE AVEC DALI &#8211;ENTI\u00c8REMENT INT\u00c9GR\u00c9 DANS L&rsquo;\u00c9COSYST\u00c8ME ELTAKO DALI est un syst\u00e8me d&rsquo;installation d&rsquo;\u00e9clairage multi-fabricants qui vise \u00e0 faciliter au maximum l&rsquo;installation, la commande et la communication des diff\u00e9rents luminaires et groupes de luminaires. Il peut g\u00e9rer jusqu&rsquo;\u00e0 64 adresses, 16 groupes et 16 sc\u00e8nes et convient donc \u00e0 l&rsquo;\u00e9quipement d&rsquo;\u00e9clairage d&rsquo;un [&hellip;]\" \/>\n<meta property=\"og:url\" content=\"https:\/\/www.eltako.com\/fr\/entreprise\/partenaires-et-alliances\/dali\/\" \/>\n<meta property=\"og:site_name\" content=\"Eltako\" \/>\n<meta property=\"article:modified_time\" content=\"2024-07-08T13:12:47+00:00\" \/>\n<meta property=\"og:image\" content=\"https:\/\/www.eltako.com\/wp-content\/uploads\/2021\/09\/Bild-1-1-e1626779207216.jpg\" \/>\n\t<meta property=\"og:image:width\" content=\"1920\" \/>\n\t<meta property=\"og:image:height\" content=\"931\" \/>\n\t<meta property=\"og:image:type\" content=\"image\/jpeg\" \/>\n<meta name=\"twitter:card\" content=\"summary_large_image\" \/>\n<meta name=\"twitter:label1\" content=\"Dur\u00e9e de lecture estim\u00e9e\" \/>\n\t<meta name=\"twitter:data1\" content=\"3 minutes\" \/>\n<script type=\"application\/ld+json\" class=\"yoast-schema-graph\">{\"@context\":\"https:\/\/schema.org\",\"@graph\":[{\"@type\":\"WebPage\",\"@id\":\"https:\/\/www.eltako.com\/fr\/entreprise\/partenaires-et-alliances\/dali\/\",\"url\":\"https:\/\/www.eltako.com\/fr\/entreprise\/partenaires-et-alliances\/dali\/\",\"name\":\"Dali &#187; Eltako\",\"isPartOf\":{\"@id\":\"https:\/\/www.eltako.com\/en\/#website\"},\"primaryImageOfPage\":{\"@id\":\"https:\/\/www.eltako.com\/fr\/entreprise\/partenaires-et-alliances\/dali\/#primaryimage\"},\"image\":{\"@id\":\"https:\/\/www.eltako.com\/fr\/entreprise\/partenaires-et-alliances\/dali\/#primaryimage\"},\"thumbnailUrl\":\"https:\/\/www.eltako.com\/wp-content\/uploads\/2021\/09\/Bild-1-1-e1626779207216.jpg\",\"datePublished\":\"2022-03-09T14:54:34+00:00\",\"dateModified\":\"2024-07-08T13:12:47+00:00\",\"breadcrumb\":{\"@id\":\"https:\/\/www.eltako.com\/fr\/entreprise\/partenaires-et-alliances\/dali\/#breadcrumb\"},\"inLanguage\":\"fr-FR\",\"potentialAction\":[{\"@type\":\"ReadAction\",\"target\":[\"https:\/\/www.eltako.com\/fr\/entreprise\/partenaires-et-alliances\/dali\/\"]}]},{\"@type\":\"ImageObject\",\"inLanguage\":\"fr-FR\",\"@id\":\"https:\/\/www.eltako.com\/fr\/entreprise\/partenaires-et-alliances\/dali\/#primaryimage\",\"url\":\"https:\/\/www.eltako.com\/wp-content\/uploads\/2021\/09\/Bild-1-1-e1626779207216.jpg\",\"contentUrl\":\"https:\/\/www.eltako.com\/wp-content\/uploads\/2021\/09\/Bild-1-1-e1626779207216.jpg\",\"width\":1920,\"height\":931},{\"@type\":\"BreadcrumbList\",\"@id\":\"https:\/\/www.eltako.com\/fr\/entreprise\/partenaires-et-alliances\/dali\/#breadcrumb\",\"itemListElement\":[{\"@type\":\"ListItem\",\"position\":1,\"name\":\"Page d\u2019accueil\",\"item\":\"https:\/\/www.eltako.com\/fr\/\"},{\"@type\":\"ListItem\",\"position\":2,\"name\":\"Entreprise\",\"item\":\"https:\/\/www.eltako.com\/fr\/entreprise\/\"},{\"@type\":\"ListItem\",\"position\":3,\"name\":\"Partenaires et alliances\",\"item\":\"https:\/\/www.eltako.com\/fr\/entreprise\/partenaires-et-alliances\/\"},{\"@type\":\"ListItem\",\"position\":4,\"name\":\"Dali\"}]},{\"@type\":\"WebSite\",\"@id\":\"https:\/\/www.eltako.com\/en\/#website\",\"url\":\"https:\/\/www.eltako.com\/en\/\",\"name\":\"Eltako\",\"description\":\"Schaltger\u00e4te, Netzteile, Stromz\u00e4hler, Dimmer, Geb\u00e4udeinstallation, Steuerungstechnik, Smart Home-L\u00f6sungen, Geb\u00e4udefunk, EnOcean-Technologie\",\"potentialAction\":[{\"@type\":\"SearchAction\",\"target\":{\"@type\":\"EntryPoint\",\"urlTemplate\":\"https:\/\/www.eltako.com\/en\/?s={search_term_string}\"},\"query-input\":{\"@type\":\"PropertyValueSpecification\",\"valueRequired\":true,\"valueName\":\"search_term_string\"}}],\"inLanguage\":\"fr-FR\"}]}<\/script>\n<!-- \/ Yoast SEO plugin. -->","yoast_head_json":{"title":"Dali &#187; Eltako","robots":{"index":"index","follow":"follow","max-snippet":"max-snippet:-1","max-image-preview":"max-image-preview:large","max-video-preview":"max-video-preview:-1"},"canonical":"https:\/\/www.eltako.com\/fr\/entreprise\/partenaires-et-alliances\/dali\/","og_locale":"fr_FR","og_type":"article","og_title":"Dali &#187; Eltako","og_description":"GESTION FLEXIBLE DE L&rsquo;\u00c9CLAIRAGE AVEC DALI &#8211;ENTI\u00c8REMENT INT\u00c9GR\u00c9 DANS L&rsquo;\u00c9COSYST\u00c8ME ELTAKO DALI est un syst\u00e8me d&rsquo;installation d&rsquo;\u00e9clairage multi-fabricants qui vise \u00e0 faciliter au maximum l&rsquo;installation, la commande et la communication des diff\u00e9rents luminaires et groupes de luminaires. Il peut g\u00e9rer jusqu&rsquo;\u00e0 64 adresses, 16 groupes et 16 sc\u00e8nes et convient donc \u00e0 l&rsquo;\u00e9quipement d&rsquo;\u00e9clairage d&rsquo;un [&hellip;]","og_url":"https:\/\/www.eltako.com\/fr\/entreprise\/partenaires-et-alliances\/dali\/","og_site_name":"Eltako","article_modified_time":"2024-07-08T13:12:47+00:00","og_image":[{"width":1920,"height":931,"url":"https:\/\/www.eltako.com\/wp-content\/uploads\/2021\/09\/Bild-1-1-e1626779207216.jpg","type":"image\/jpeg"}],"twitter_card":"summary_large_image","twitter_misc":{"Dur\u00e9e de lecture estim\u00e9e":"3 minutes"},"schema":{"@context":"https:\/\/schema.org","@graph":[{"@type":"WebPage","@id":"https:\/\/www.eltako.com\/fr\/entreprise\/partenaires-et-alliances\/dali\/","url":"https:\/\/www.eltako.com\/fr\/entreprise\/partenaires-et-alliances\/dali\/","name":"Dali &#187; Eltako","isPartOf":{"@id":"https:\/\/www.eltako.com\/en\/#website"},"primaryImageOfPage":{"@id":"https:\/\/www.eltako.com\/fr\/entreprise\/partenaires-et-alliances\/dali\/#primaryimage"},"image":{"@id":"https:\/\/www.eltako.com\/fr\/entreprise\/partenaires-et-alliances\/dali\/#primaryimage"},"thumbnailUrl":"https:\/\/www.eltako.com\/wp-content\/uploads\/2021\/09\/Bild-1-1-e1626779207216.jpg","datePublished":"2022-03-09T14:54:34+00:00","dateModified":"2024-07-08T13:12:47+00:00","breadcrumb":{"@id":"https:\/\/www.eltako.com\/fr\/entreprise\/partenaires-et-alliances\/dali\/#breadcrumb"},"inLanguage":"fr-FR","potentialAction":[{"@type":"ReadAction","target":["https:\/\/www.eltako.com\/fr\/entreprise\/partenaires-et-alliances\/dali\/"]}]},{"@type":"ImageObject","inLanguage":"fr-FR","@id":"https:\/\/www.eltako.com\/fr\/entreprise\/partenaires-et-alliances\/dali\/#primaryimage","url":"https:\/\/www.eltako.com\/wp-content\/uploads\/2021\/09\/Bild-1-1-e1626779207216.jpg","contentUrl":"https:\/\/www.eltako.com\/wp-content\/uploads\/2021\/09\/Bild-1-1-e1626779207216.jpg","width":1920,"height":931},{"@type":"BreadcrumbList","@id":"https:\/\/www.eltako.com\/fr\/entreprise\/partenaires-et-alliances\/dali\/#breadcrumb","itemListElement":[{"@type":"ListItem","position":1,"name":"Page d\u2019accueil","item":"https:\/\/www.eltako.com\/fr\/"},{"@type":"ListItem","position":2,"name":"Entreprise","item":"https:\/\/www.eltako.com\/fr\/entreprise\/"},{"@type":"ListItem","position":3,"name":"Partenaires et alliances","item":"https:\/\/www.eltako.com\/fr\/entreprise\/partenaires-et-alliances\/"},{"@type":"ListItem","position":4,"name":"Dali"}]},{"@type":"WebSite","@id":"https:\/\/www.eltako.com\/en\/#website","url":"https:\/\/www.eltako.com\/en\/","name":"Eltako","description":"Schaltger\u00e4te, Netzteile, Stromz\u00e4hler, Dimmer, Geb\u00e4udeinstallation, Steuerungstechnik, Smart Home-L\u00f6sungen, Geb\u00e4udefunk, EnOcean-Technologie","potentialAction":[{"@type":"SearchAction","target":{"@type":"EntryPoint","urlTemplate":"https:\/\/www.eltako.com\/en\/?s={search_term_string}"},"query-input":{"@type":"PropertyValueSpecification","valueRequired":true,"valueName":"search_term_string"}}],"inLanguage":"fr-FR"}]}},"_links":{"self":[{"href":"https:\/\/www.eltako.com\/fr\/wp-json\/wp\/v2\/pages\/62312","targetHints":{"allow":["GET"]}}],"collection":[{"href":"https:\/\/www.eltako.com\/fr\/wp-json\/wp\/v2\/pages"}],"about":[{"href":"https:\/\/www.eltako.com\/fr\/wp-json\/wp\/v2\/types\/page"}],"author":[{"embeddable":true,"href":"https:\/\/www.eltako.com\/fr\/wp-json\/wp\/v2\/users\/31"}],"replies":[{"embeddable":true,"href":"https:\/\/www.eltako.com\/fr\/wp-json\/wp\/v2\/comments?post=62312"}],"version-history":[{"count":6,"href":"https:\/\/www.eltako.com\/fr\/wp-json\/wp\/v2\/pages\/62312\/revisions"}],"predecessor-version":[{"id":141346,"href":"https:\/\/www.eltako.com\/fr\/wp-json\/wp\/v2\/pages\/62312\/revisions\/141346"}],"up":[{"embeddable":true,"href":"https:\/\/www.eltako.com\/fr\/wp-json\/wp\/v2\/pages\/62737"}],"wp:featuredmedia":[{"embeddable":true,"href":"https:\/\/www.eltako.com\/fr\/wp-json\/wp\/v2\/media\/23299"}],"wp:attachment":[{"href":"https:\/\/www.eltako.com\/fr\/wp-json\/wp\/v2\/media?parent=62312"}],"curies":[{"name":"wp","href":"https:\/\/api.w.org\/{rel}","templated":true}]}}