{"id":62134,"date":"2022-03-07T14:48:32","date_gmt":"2022-03-07T13:48:32","guid":{"rendered":"https:\/\/betax923lb8kd7v0.eltako.de\/controleur-micrologiciel-mise-a-jour\/"},"modified":"2025-02-05T09:00:24","modified_gmt":"2025-02-05T08:00:24","slug":"controleur-micrologiciel-mise-a-jour","status":"publish","type":"page","link":"https:\/\/www.eltako.com\/fr\/controleur-micrologiciel-mise-a-jour\/","title":{"rendered":"Mise \u00e0 jour du micrologiciel du contr\u00f4leur"},"content":{"rendered":"\n<h3 class=\"wp-block-heading\">Mise \u00e0 jour du firmware  <\/h3>\n\n\n\n<p><\/p>\n\n\n\n<p class=\"has-normal-font-size\">Veuillez vous assurer que vous utilisez toujours la derni\u00e8re version du firmware de votre contr\u00f4leur afin de garantir une interaction fluide avec l&rsquo;application GFA5. Veuillez suivre les instructions de mise \u00e0 jour ci-dessous :  <\/p>\n\n\n\n<h3 class=\"wp-block-heading\">Mise \u00e0 jour du firmware avec l&rsquo;application GFA5<\/h3>\n\n\n\n<p><\/p>\n\n\n\n<p class=\"has-normal-font-size\">Dans l&rsquo;application GFA5, vous pouvez d\u00e9clencher la mise \u00e0 jour du firmware du contr\u00f4leur directement dans l&rsquo;application. Si un nouveau firmware est disponible, un pop-up d&rsquo;information appara\u00eet dans l&rsquo;application. Vous pouvez \u00e9galement aller dans : Param\u00e8tres \u2192 Contr\u00f4leur pour voir si une mise \u00e0 jour du micrologiciel est disponible et pour d\u00e9clencher directement la mise \u00e0 jour \u00e0 cet endroit.  <\/p>\n\n\n\n<p class=\"has-normal-font-size\"><strong>Remarque : <\/strong>une connexion Internet est n\u00e9cessaire pour la mise \u00e0 jour.  <\/p>\n\n\n\n<p class=\"has-normal-font-size\">Dans de rares cas, lorsqu&rsquo;une mise \u00e0 jour du firmware ne peut pas \u00eatre d\u00e9clench\u00e9e via l&rsquo;application GFA5, il est possible de t\u00e9l\u00e9charger le firmware avec ConfigTool NEO.  <\/p>\n\n\n\n<p><strong>T\u00e9l\u00e9charger le micrologiciel du contr\u00f4leur<\/strong><\/p>\n\n\n\n<p><a href=\"https:\/\/eltakocloud-download.s3.eu-central-1.amazonaws.com\/fw\/mediola\/C2\/c2eltako_latest.hex\">Version \u00e0 t\u00e9l\u00e9charger 1.25.6<\/a> (external link)<\/p>\n\n\n\n<p><a href=\"https:\/\/docs.eltako.de\/docs\/changelog_minisafe2\/\">journal des changements<\/a> <a href=\"https:\/\/docs.eltako.de\/docs\/changelog_minisafe2\/\">MiniSafe2<\/a><\/p>\n\n\n\n<p><a href=\"https:\/\/docs.eltako.de\/docs\/changelog_gfa5\/\">journal des changements GFA5<\/a><\/p>\n\n\n\n<h3 class=\"wp-block-heading\">Mise \u00e0 jour du firmware avec ConfigTool NEO  <\/h3>\n\n\n\n<p><\/p>\n\n\n\n<p class=\"has-normal-font-size\"><strong>Condition pr\u00e9alable :  <\/strong><\/p>\n\n\n\n<ol class=\"wp-block-list\">\n<li>Le ConfigTool NEO est install\u00e9  <\/li>\n<\/ol>\n\n\n\n<ol start=\"2\" class=\"wp-block-list\">\n<li>Le PC et le contr\u00f4leur se trouvent sur le m\u00eame r\u00e9seau.  <\/li>\n<\/ol>\n\n\n\n<p>Apr\u00e8s le d\u00e9marrage de ConfigTool NEO, le contr\u00f4leur s&rsquo;affiche directement sur la page d&rsquo;accueil.  <\/p>\n\n\n\n<ol class=\"wp-block-list\">\n<li>Cliquer sur le contr\u00f4leur pour acc\u00e9der aux param\u00e8tres  <\/li>\n<\/ol>\n\n\n\n<ol start=\"2\" class=\"wp-block-list\">\n<li>Onglet \u00ab\u00a0G\u00e9n\u00e9ral\u00a0\u00bb : les informations sur les nouvelles versions de firmware sont affich\u00e9es ici  <\/li>\n<\/ol>\n\n\n\n<ol start=\"3\" class=\"wp-block-list\">\n<li>cliquer sur \u00ab\u00a0Activer les formulaires\u00a0\u00bb.  <\/li>\n<\/ol>\n\n\n\n<ol start=\"4\" class=\"wp-block-list\">\n<li>Installer le firmware sur le contr\u00f4leur  <\/li>\n<\/ol>\n\n\n\n<p><strong>T\u00e9l\u00e9charger ConfigTool NEO<\/strong> <\/p>\n\n\n\n<p><a href=\"https:\/\/s3-eu-west-1.amazonaws.com\/mediola-download\/configtool_neo\/ConfigTool+NEO.exe\" target=\"_blank\" rel=\"noreferrer noopener\">T\u00e9l\u00e9charger la version Window<\/a><a href=\"https:\/\/s3-eu-west-1.amazonaws.com\/mediola-download\/configtool_neo\/1.17.0\/ConfigTool+NEO.exe\" target=\"_blank\" rel=\"noreferrer noopener\">s<\/a> (Lien externe)  <\/p>\n\n\n\n<p><a href=\"https:\/\/s3-eu-west-1.amazonaws.com\/mediola-download\/configtool_neo\/1.17.0\/ConfigTool+NEO.dmg\">T\u00e9l\u00e9charger la version macOS 12<\/a> (Lien externe)<\/p>\n\n\n\n<p><a href=\"https:\/\/s3-eu-west-1.amazonaws.com\/mediola-download\/configtool_neo\/1.17.0\/ConfigTool+NEO-mac10.dmg\">T\u00e9l\u00e9charger la version macOS 10\/11<\/a> (Lien externe)<\/p>\n\n\n\n<p><a href=\"https:\/\/s3-eu-west-1.amazonaws.com\/mediola-download\/configtool_neo\/1.9.0\/ConfigTool+NEO.tar.gz\" target=\"_blank\" rel=\"noreferrer noopener\">T\u00e9l\u00e9charger la version Linu<\/a><a href=\"https:\/\/s3-eu-west-1.amazonaws.com\/mediola-download\/configtool_neo\/1.17.0\/ConfigTool+NEO.tar.gz\" target=\"_blank\" rel=\"noreferrer noopener\">x<\/a> (Lien externe)<\/p>\n\n\n\n<div style=\"height:100px\" aria-hidden=\"true\" class=\"wp-block-spacer\"><\/div>\n\n\n\n<h4 class=\"wp-block-heading\">Journal des changements<\/h4>\n\n\n\n<p>Toutes les modifications notables apport\u00e9es \u00e0 ce projet seront document\u00e9es dans ce fichier.<\/p>\n\n\n\n<p>Le format est bas\u00e9 sur <a href=\"http:\/\/keepachangelog.com\/\">Keep a Changelog<\/a> et ce projet adh\u00e8re au <a href=\"http:\/\/semver.org\/\">Semantic Versioning<\/a>.<\/p>\n\n\n\n<h4 class=\"wp-block-heading\"><a href=\"https:\/\/gist.github.com\/juampynr\/4c18214a8eb554084e21d6e288a18a2c#unreleased---yyyy-mm-dd\"><\/a>[Unreleased]  &#8211; yyyy-mm-dd<\/h4>\n\n\n\n<p>Nous \u00e9crivons ici des notes de mise \u00e0 niveau pour les marques. C&rsquo;est un effort d&rsquo;\u00e9quipe pour les rendre aussi simples que possible.<\/p>\n\n\n\n<h5 class=\"wp-block-heading\"><a href=\"https:\/\/gist.github.com\/juampynr\/4c18214a8eb554084e21d6e288a18a2c#added\"><\/a>Ajout\u00e9<\/h5>\n\n\n\n<ul class=\"wp-block-list\">\n<li><a href=\"http:\/\/tickets.projectname.com\/browse\/PROJECTNAME-XXXX\">PROJECTNAME-XXXX<\/a> MINOR Ticket title goes here.<\/li>\n\n\n\n<li><a href=\"http:\/\/tickets.projectname.com\/browse\/PROJECTNAME-YYYY\">PROJECTNAME-YYYY<\/a> PATCH Ticket title goes here.<\/li>\n<\/ul>\n\n\n\n<h5 class=\"wp-block-heading\"><a href=\"https:\/\/gist.github.com\/juampynr\/4c18214a8eb554084e21d6e288a18a2c#changed\"><\/a>Chang\u00e9<\/h5>\n\n\n\n<h5 class=\"wp-block-heading\"><a href=\"https:\/\/gist.github.com\/juampynr\/4c18214a8eb554084e21d6e288a18a2c#fixed\"><\/a>Fixed<\/h5>\n","protected":false},"excerpt":{"rendered":"<p>Mise \u00e0 jour du firmware Veuillez vous assurer que vous utilisez toujours la derni\u00e8re version du firmware de votre contr\u00f4leur afin de garantir une interaction fluide avec l&rsquo;application GFA5. Veuillez suivre les instructions de mise \u00e0 jour ci-dessous : Mise \u00e0 jour du firmware avec l&rsquo;application GFA5 Dans l&rsquo;application GFA5, vous pouvez d\u00e9clencher la mise [&hellip;]<\/p>\n","protected":false},"author":31,"featured_media":22015,"parent":0,"menu_order":0,"comment_status":"closed","ping_status":"closed","template":"templates\/custom_header.php","meta":{"_acf_changed":false,"footnotes":"","_links_to":"","_links_to_target":""},"class_list":["post-62134","page","type-page","status-publish","has-post-thumbnail","hentry"],"acf":[],"yoast_head":"<!-- This site is optimized with the Yoast SEO plugin v27.2 - https:\/\/yoast.com\/product\/yoast-seo-wordpress\/ -->\n<title>Mise \u00e0 jour du micrologiciel du contr\u00f4leur &#187; Eltako<\/title>\n<meta name=\"robots\" content=\"index, follow, max-snippet:-1, max-image-preview:large, max-video-preview:-1\" \/>\n<link rel=\"canonical\" href=\"https:\/\/www.eltako.com\/fr\/controleur-micrologiciel-mise-a-jour\/\" \/>\n<meta property=\"og:locale\" content=\"fr_FR\" \/>\n<meta property=\"og:type\" content=\"article\" \/>\n<meta property=\"og:title\" content=\"Mise \u00e0 jour du micrologiciel du contr\u00f4leur &#187; Eltako\" \/>\n<meta property=\"og:description\" content=\"Mise \u00e0 jour du firmware Veuillez vous assurer que vous utilisez toujours la derni\u00e8re version du firmware de votre contr\u00f4leur afin de garantir une interaction fluide avec l&rsquo;application GFA5. Veuillez suivre les instructions de mise \u00e0 jour ci-dessous : Mise \u00e0 jour du firmware avec l&rsquo;application GFA5 Dans l&rsquo;application GFA5, vous pouvez d\u00e9clencher la mise [&hellip;]\" \/>\n<meta property=\"og:url\" content=\"https:\/\/www.eltako.com\/fr\/controleur-micrologiciel-mise-a-jour\/\" \/>\n<meta property=\"og:site_name\" content=\"Eltako\" \/>\n<meta property=\"article:modified_time\" content=\"2025-02-05T08:00:24+00:00\" \/>\n<meta property=\"og:image\" content=\"https:\/\/www.eltako.com\/wp-content\/uploads\/2021\/05\/Layout-Firmware-Update-Neu.jpg\" \/>\n\t<meta property=\"og:image:width\" content=\"2000\" \/>\n\t<meta property=\"og:image:height\" content=\"1125\" \/>\n\t<meta property=\"og:image:type\" content=\"image\/jpeg\" \/>\n<meta name=\"twitter:card\" content=\"summary_large_image\" \/>\n<meta name=\"twitter:label1\" content=\"Dur\u00e9e de lecture estim\u00e9e\" \/>\n\t<meta name=\"twitter:data1\" content=\"3 minutes\" \/>\n<script type=\"application\/ld+json\" class=\"yoast-schema-graph\">{\"@context\":\"https:\/\/schema.org\",\"@graph\":[{\"@type\":\"WebPage\",\"@id\":\"https:\/\/www.eltako.com\/fr\/controleur-micrologiciel-mise-a-jour\/\",\"url\":\"https:\/\/www.eltako.com\/fr\/controleur-micrologiciel-mise-a-jour\/\",\"name\":\"Mise \u00e0 jour du micrologiciel du contr\u00f4leur &#187; Eltako\",\"isPartOf\":{\"@id\":\"https:\/\/www.eltako.com\/en\/#website\"},\"primaryImageOfPage\":{\"@id\":\"https:\/\/www.eltako.com\/fr\/controleur-micrologiciel-mise-a-jour\/#primaryimage\"},\"image\":{\"@id\":\"https:\/\/www.eltako.com\/fr\/controleur-micrologiciel-mise-a-jour\/#primaryimage\"},\"thumbnailUrl\":\"https:\/\/www.eltako.com\/wp-content\/uploads\/2021\/05\/Layout-Firmware-Update-Neu.jpg\",\"datePublished\":\"2022-03-07T13:48:32+00:00\",\"dateModified\":\"2025-02-05T08:00:24+00:00\",\"breadcrumb\":{\"@id\":\"https:\/\/www.eltako.com\/fr\/controleur-micrologiciel-mise-a-jour\/#breadcrumb\"},\"inLanguage\":\"fr-FR\",\"potentialAction\":[{\"@type\":\"ReadAction\",\"target\":[\"https:\/\/www.eltako.com\/fr\/controleur-micrologiciel-mise-a-jour\/\"]}]},{\"@type\":\"ImageObject\",\"inLanguage\":\"fr-FR\",\"@id\":\"https:\/\/www.eltako.com\/fr\/controleur-micrologiciel-mise-a-jour\/#primaryimage\",\"url\":\"https:\/\/www.eltako.com\/wp-content\/uploads\/2021\/05\/Layout-Firmware-Update-Neu.jpg\",\"contentUrl\":\"https:\/\/www.eltako.com\/wp-content\/uploads\/2021\/05\/Layout-Firmware-Update-Neu.jpg\",\"width\":2000,\"height\":1125},{\"@type\":\"BreadcrumbList\",\"@id\":\"https:\/\/www.eltako.com\/fr\/controleur-micrologiciel-mise-a-jour\/#breadcrumb\",\"itemListElement\":[{\"@type\":\"ListItem\",\"position\":1,\"name\":\"Page d\u2019accueil\",\"item\":\"https:\/\/www.eltako.com\/fr\/\"},{\"@type\":\"ListItem\",\"position\":2,\"name\":\"Mise \u00e0 jour du micrologiciel du contr\u00f4leur\"}]},{\"@type\":\"WebSite\",\"@id\":\"https:\/\/www.eltako.com\/en\/#website\",\"url\":\"https:\/\/www.eltako.com\/en\/\",\"name\":\"Eltako\",\"description\":\"Schaltger\u00e4te, Netzteile, Stromz\u00e4hler, Dimmer, Geb\u00e4udeinstallation, Steuerungstechnik, Smart Home-L\u00f6sungen, Geb\u00e4udefunk, EnOcean-Technologie\",\"potentialAction\":[{\"@type\":\"SearchAction\",\"target\":{\"@type\":\"EntryPoint\",\"urlTemplate\":\"https:\/\/www.eltako.com\/en\/?s={search_term_string}\"},\"query-input\":{\"@type\":\"PropertyValueSpecification\",\"valueRequired\":true,\"valueName\":\"search_term_string\"}}],\"inLanguage\":\"fr-FR\"}]}<\/script>\n<!-- \/ Yoast SEO plugin. -->","yoast_head_json":{"title":"Mise \u00e0 jour du micrologiciel du contr\u00f4leur &#187; Eltako","robots":{"index":"index","follow":"follow","max-snippet":"max-snippet:-1","max-image-preview":"max-image-preview:large","max-video-preview":"max-video-preview:-1"},"canonical":"https:\/\/www.eltako.com\/fr\/controleur-micrologiciel-mise-a-jour\/","og_locale":"fr_FR","og_type":"article","og_title":"Mise \u00e0 jour du micrologiciel du contr\u00f4leur &#187; Eltako","og_description":"Mise \u00e0 jour du firmware Veuillez vous assurer que vous utilisez toujours la derni\u00e8re version du firmware de votre contr\u00f4leur afin de garantir une interaction fluide avec l&rsquo;application GFA5. Veuillez suivre les instructions de mise \u00e0 jour ci-dessous : Mise \u00e0 jour du firmware avec l&rsquo;application GFA5 Dans l&rsquo;application GFA5, vous pouvez d\u00e9clencher la mise [&hellip;]","og_url":"https:\/\/www.eltako.com\/fr\/controleur-micrologiciel-mise-a-jour\/","og_site_name":"Eltako","article_modified_time":"2025-02-05T08:00:24+00:00","og_image":[{"width":2000,"height":1125,"url":"https:\/\/www.eltako.com\/wp-content\/uploads\/2021\/05\/Layout-Firmware-Update-Neu.jpg","type":"image\/jpeg"}],"twitter_card":"summary_large_image","twitter_misc":{"Dur\u00e9e de lecture estim\u00e9e":"3 minutes"},"schema":{"@context":"https:\/\/schema.org","@graph":[{"@type":"WebPage","@id":"https:\/\/www.eltako.com\/fr\/controleur-micrologiciel-mise-a-jour\/","url":"https:\/\/www.eltako.com\/fr\/controleur-micrologiciel-mise-a-jour\/","name":"Mise \u00e0 jour du micrologiciel du contr\u00f4leur &#187; Eltako","isPartOf":{"@id":"https:\/\/www.eltako.com\/en\/#website"},"primaryImageOfPage":{"@id":"https:\/\/www.eltako.com\/fr\/controleur-micrologiciel-mise-a-jour\/#primaryimage"},"image":{"@id":"https:\/\/www.eltako.com\/fr\/controleur-micrologiciel-mise-a-jour\/#primaryimage"},"thumbnailUrl":"https:\/\/www.eltako.com\/wp-content\/uploads\/2021\/05\/Layout-Firmware-Update-Neu.jpg","datePublished":"2022-03-07T13:48:32+00:00","dateModified":"2025-02-05T08:00:24+00:00","breadcrumb":{"@id":"https:\/\/www.eltako.com\/fr\/controleur-micrologiciel-mise-a-jour\/#breadcrumb"},"inLanguage":"fr-FR","potentialAction":[{"@type":"ReadAction","target":["https:\/\/www.eltako.com\/fr\/controleur-micrologiciel-mise-a-jour\/"]}]},{"@type":"ImageObject","inLanguage":"fr-FR","@id":"https:\/\/www.eltako.com\/fr\/controleur-micrologiciel-mise-a-jour\/#primaryimage","url":"https:\/\/www.eltako.com\/wp-content\/uploads\/2021\/05\/Layout-Firmware-Update-Neu.jpg","contentUrl":"https:\/\/www.eltako.com\/wp-content\/uploads\/2021\/05\/Layout-Firmware-Update-Neu.jpg","width":2000,"height":1125},{"@type":"BreadcrumbList","@id":"https:\/\/www.eltako.com\/fr\/controleur-micrologiciel-mise-a-jour\/#breadcrumb","itemListElement":[{"@type":"ListItem","position":1,"name":"Page d\u2019accueil","item":"https:\/\/www.eltako.com\/fr\/"},{"@type":"ListItem","position":2,"name":"Mise \u00e0 jour du micrologiciel du contr\u00f4leur"}]},{"@type":"WebSite","@id":"https:\/\/www.eltako.com\/en\/#website","url":"https:\/\/www.eltako.com\/en\/","name":"Eltako","description":"Schaltger\u00e4te, Netzteile, Stromz\u00e4hler, Dimmer, Geb\u00e4udeinstallation, Steuerungstechnik, Smart Home-L\u00f6sungen, Geb\u00e4udefunk, EnOcean-Technologie","potentialAction":[{"@type":"SearchAction","target":{"@type":"EntryPoint","urlTemplate":"https:\/\/www.eltako.com\/en\/?s={search_term_string}"},"query-input":{"@type":"PropertyValueSpecification","valueRequired":true,"valueName":"search_term_string"}}],"inLanguage":"fr-FR"}]}},"_links":{"self":[{"href":"https:\/\/www.eltako.com\/fr\/wp-json\/wp\/v2\/pages\/62134","targetHints":{"allow":["GET"]}}],"collection":[{"href":"https:\/\/www.eltako.com\/fr\/wp-json\/wp\/v2\/pages"}],"about":[{"href":"https:\/\/www.eltako.com\/fr\/wp-json\/wp\/v2\/types\/page"}],"author":[{"embeddable":true,"href":"https:\/\/www.eltako.com\/fr\/wp-json\/wp\/v2\/users\/31"}],"replies":[{"embeddable":true,"href":"https:\/\/www.eltako.com\/fr\/wp-json\/wp\/v2\/comments?post=62134"}],"version-history":[{"count":9,"href":"https:\/\/www.eltako.com\/fr\/wp-json\/wp\/v2\/pages\/62134\/revisions"}],"predecessor-version":[{"id":144033,"href":"https:\/\/www.eltako.com\/fr\/wp-json\/wp\/v2\/pages\/62134\/revisions\/144033"}],"wp:featuredmedia":[{"embeddable":true,"href":"https:\/\/www.eltako.com\/fr\/wp-json\/wp\/v2\/media\/22015"}],"wp:attachment":[{"href":"https:\/\/www.eltako.com\/fr\/wp-json\/wp\/v2\/media?parent=62134"}],"curies":[{"name":"wp","href":"https:\/\/api.w.org\/{rel}","templated":true}]}}