{"id":62121,"date":"2022-03-07T14:41:23","date_gmt":"2022-03-07T13:41:23","guid":{"rendered":"https:\/\/betax923lb8kd7v0.eltako.de\/eebus\/"},"modified":"2022-04-13T15:11:05","modified_gmt":"2022-04-13T13:11:05","slug":"eebus","status":"publish","type":"page","link":"https:\/\/www.eltako.com\/fr\/entreprise\/partenaires-et-alliances\/eebus\/","title":{"rendered":"EEBUS"},"content":{"rendered":"\n<p class=\"has-medium-font-size\">Lanc\u00e9e en 2012, l&rsquo;entreprise \u00e0 but non lucratif \u00ab\u00a0EEBus Initiative e.V.\u00a0\u00bb souhaite, gr\u00e2ce \u00e0 son approche num\u00e9rique, minimiser la consommation d&rsquo;\u00e9lectricit\u00e9 par foyer et r\u00e9partir l&rsquo;appel de courant tout au long de la journ\u00e9e de mani\u00e8re \u00e0 \u00e9viter les pics de charge. Au fil des ann\u00e9es, de plus en plus d&rsquo;entreprises importantes ont adh\u00e9r\u00e9 \u00e0 cette vision. On peut citer entre autres Bosch, E.ON, Hager, JUNG, Miele, Telekom ou Viessmann.  <\/p>\n\n<div style=\"height:50px\" aria-hidden=\"true\" class=\"wp-block-spacer\"><\/div>\n\n<figure class=\"wp-block-image size-large\"><img decoding=\"async\" width=\"1024\" height=\"455\" src=\"https:\/\/betax923lb8kd7v0.eltako.de\/wp-content\/uploads\/2022\/01\/Bild-2-1-1024x455.png\" alt=\"\" class=\"wp-image-30495\" srcset=\"https:\/\/www.eltako.com\/wp-content\/uploads\/2022\/01\/Bild-2-1-1024x455.png 1024w, https:\/\/www.eltako.com\/wp-content\/uploads\/2022\/01\/Bild-2-1-300x133.png 300w, https:\/\/www.eltako.com\/wp-content\/uploads\/2022\/01\/Bild-2-1-768x341.png 768w, https:\/\/www.eltako.com\/wp-content\/uploads\/2022\/01\/Bild-2-1-1536x683.png 1536w, https:\/\/www.eltako.com\/wp-content\/uploads\/2022\/01\/Bild-2-1-600x267.png 600w, https:\/\/www.eltako.com\/wp-content\/uploads\/2022\/01\/Bild-2-1.png 1800w\" sizes=\"(max-width: 1024px) 100vw, 1024px\" \/><\/figure>\n\n<div style=\"height:50px\" aria-hidden=\"true\" class=\"wp-block-spacer\"><\/div>\n\n<p class=\"has-medium-font-size\">De nombreuses autres entreprises et nous-m\u00eames soutenons l&rsquo;objectif d&rsquo;un langage IP unique pour tous les appareils \u00e9lectroniques dans et autour de la maison. Gr\u00e2ce \u00e0 elle, ils peuvent ensuite communiquer entre eux, ind\u00e9pendamment du fabricant. Qu&rsquo;il s&rsquo;agisse d&rsquo;une installation photovolta\u00efque, d&rsquo;une Wallbox, d&rsquo;un stockage d&rsquo;\u00e9lectricit\u00e9, d&rsquo;un \u00e9clairage, d&rsquo;appareils m\u00e9nagers, d&rsquo;une climatisation, d&rsquo;un chauffage ou de v\u00e9hicules \u00e9lectriques.  <\/p>\n\n<p class=\"has-medium-font-size\">En principe, chaque consommateur d&rsquo;\u00e9lectricit\u00e9 du r\u00e9seau signale ses besoins, chaque producteur ou stockage signale sa capacit\u00e9 disponible et la technologie EEBUS r\u00e9gule tr\u00e8s intelligemment la r\u00e9partition de la charge.  <\/p>\n\n<p class=\"has-medium-font-size\">Nous sommes convaincus que cette id\u00e9e et notre collaboration sont absolument porteuses d&rsquo;avenir et importantes pour la num\u00e9risation des r\u00e9seaux \u00e9nerg\u00e9tiques et, en fin de compte, pour la protection de l&rsquo;environnement. Nous sommes donc tr\u00e8s heureux de faire partie de ce r\u00e9seau et de travailler \u00e0 cet objectif commun.  <\/p>\n","protected":false},"excerpt":{"rendered":"<p>Lanc\u00e9e en 2012, l&rsquo;entreprise \u00e0 but non lucratif \u00ab\u00a0EEBus Initiative e.V.\u00a0\u00bb souhaite, gr\u00e2ce \u00e0 son approche num\u00e9rique, minimiser la consommation d&rsquo;\u00e9lectricit\u00e9 par foyer et r\u00e9partir l&rsquo;appel de courant tout au long de la journ\u00e9e de mani\u00e8re \u00e0 \u00e9viter les pics de charge. Au fil des ann\u00e9es, de plus en plus d&rsquo;entreprises importantes ont adh\u00e9r\u00e9 \u00e0 [&hellip;]<\/p>\n","protected":false},"author":31,"featured_media":30491,"parent":62737,"menu_order":0,"comment_status":"closed","ping_status":"closed","template":"templates\/custom_header.php","meta":{"_acf_changed":false,"footnotes":"","_links_to":"","_links_to_target":""},"class_list":["post-62121","page","type-page","status-publish","has-post-thumbnail","hentry"],"acf":[],"yoast_head":"<!-- This site is optimized with the Yoast SEO plugin v27.2 - https:\/\/yoast.com\/product\/yoast-seo-wordpress\/ -->\n<title>EEBUS &#187; Eltako<\/title>\n<meta name=\"robots\" content=\"index, follow, max-snippet:-1, max-image-preview:large, max-video-preview:-1\" \/>\n<link rel=\"canonical\" href=\"https:\/\/www.eltako.com\/fr\/entreprise\/partenaires-et-alliances\/eebus\/\" \/>\n<meta property=\"og:locale\" content=\"fr_FR\" \/>\n<meta property=\"og:type\" content=\"article\" \/>\n<meta property=\"og:title\" content=\"EEBUS &#187; Eltako\" \/>\n<meta property=\"og:description\" content=\"Lanc\u00e9e en 2012, l&rsquo;entreprise \u00e0 but non lucratif \u00ab\u00a0EEBus Initiative e.V.\u00a0\u00bb souhaite, gr\u00e2ce \u00e0 son approche num\u00e9rique, minimiser la consommation d&rsquo;\u00e9lectricit\u00e9 par foyer et r\u00e9partir l&rsquo;appel de courant tout au long de la journ\u00e9e de mani\u00e8re \u00e0 \u00e9viter les pics de charge. Au fil des ann\u00e9es, de plus en plus d&rsquo;entreprises importantes ont adh\u00e9r\u00e9 \u00e0 [&hellip;]\" \/>\n<meta property=\"og:url\" content=\"https:\/\/www.eltako.com\/fr\/entreprise\/partenaires-et-alliances\/eebus\/\" \/>\n<meta property=\"og:site_name\" content=\"Eltako\" \/>\n<meta property=\"article:modified_time\" content=\"2022-04-13T13:11:05+00:00\" \/>\n<meta property=\"og:image\" content=\"https:\/\/www.eltako.com\/wp-content\/uploads\/2022\/01\/Bild-1-1.png\" \/>\n\t<meta property=\"og:image:width\" content=\"1800\" \/>\n\t<meta property=\"og:image:height\" content=\"800\" \/>\n\t<meta property=\"og:image:type\" content=\"image\/png\" \/>\n<meta name=\"twitter:card\" content=\"summary_large_image\" \/>\n<meta name=\"twitter:label1\" content=\"Dur\u00e9e de lecture estim\u00e9e\" \/>\n\t<meta name=\"twitter:data1\" content=\"1 minute\" \/>\n<script type=\"application\/ld+json\" class=\"yoast-schema-graph\">{\"@context\":\"https:\/\/schema.org\",\"@graph\":[{\"@type\":\"WebPage\",\"@id\":\"https:\/\/www.eltako.com\/fr\/entreprise\/partenaires-et-alliances\/eebus\/\",\"url\":\"https:\/\/www.eltako.com\/fr\/entreprise\/partenaires-et-alliances\/eebus\/\",\"name\":\"EEBUS &#187; Eltako\",\"isPartOf\":{\"@id\":\"https:\/\/www.eltako.com\/en\/#website\"},\"primaryImageOfPage\":{\"@id\":\"https:\/\/www.eltako.com\/fr\/entreprise\/partenaires-et-alliances\/eebus\/#primaryimage\"},\"image\":{\"@id\":\"https:\/\/www.eltako.com\/fr\/entreprise\/partenaires-et-alliances\/eebus\/#primaryimage\"},\"thumbnailUrl\":\"https:\/\/www.eltako.com\/wp-content\/uploads\/2022\/01\/Bild-1-1.png\",\"datePublished\":\"2022-03-07T13:41:23+00:00\",\"dateModified\":\"2022-04-13T13:11:05+00:00\",\"breadcrumb\":{\"@id\":\"https:\/\/www.eltako.com\/fr\/entreprise\/partenaires-et-alliances\/eebus\/#breadcrumb\"},\"inLanguage\":\"fr-FR\",\"potentialAction\":[{\"@type\":\"ReadAction\",\"target\":[\"https:\/\/www.eltako.com\/fr\/entreprise\/partenaires-et-alliances\/eebus\/\"]}]},{\"@type\":\"ImageObject\",\"inLanguage\":\"fr-FR\",\"@id\":\"https:\/\/www.eltako.com\/fr\/entreprise\/partenaires-et-alliances\/eebus\/#primaryimage\",\"url\":\"https:\/\/www.eltako.com\/wp-content\/uploads\/2022\/01\/Bild-1-1.png\",\"contentUrl\":\"https:\/\/www.eltako.com\/wp-content\/uploads\/2022\/01\/Bild-1-1.png\",\"width\":1800,\"height\":800},{\"@type\":\"BreadcrumbList\",\"@id\":\"https:\/\/www.eltako.com\/fr\/entreprise\/partenaires-et-alliances\/eebus\/#breadcrumb\",\"itemListElement\":[{\"@type\":\"ListItem\",\"position\":1,\"name\":\"Page d\u2019accueil\",\"item\":\"https:\/\/www.eltako.com\/fr\/\"},{\"@type\":\"ListItem\",\"position\":2,\"name\":\"Entreprise\",\"item\":\"https:\/\/www.eltako.com\/fr\/entreprise\/\"},{\"@type\":\"ListItem\",\"position\":3,\"name\":\"Partenaires et alliances\",\"item\":\"https:\/\/www.eltako.com\/fr\/entreprise\/partenaires-et-alliances\/\"},{\"@type\":\"ListItem\",\"position\":4,\"name\":\"EEBUS\"}]},{\"@type\":\"WebSite\",\"@id\":\"https:\/\/www.eltako.com\/en\/#website\",\"url\":\"https:\/\/www.eltako.com\/en\/\",\"name\":\"Eltako\",\"description\":\"Schaltger\u00e4te, Netzteile, Stromz\u00e4hler, Dimmer, Geb\u00e4udeinstallation, Steuerungstechnik, Smart Home-L\u00f6sungen, Geb\u00e4udefunk, EnOcean-Technologie\",\"potentialAction\":[{\"@type\":\"SearchAction\",\"target\":{\"@type\":\"EntryPoint\",\"urlTemplate\":\"https:\/\/www.eltako.com\/en\/?s={search_term_string}\"},\"query-input\":{\"@type\":\"PropertyValueSpecification\",\"valueRequired\":true,\"valueName\":\"search_term_string\"}}],\"inLanguage\":\"fr-FR\"}]}<\/script>\n<!-- \/ Yoast SEO plugin. -->","yoast_head_json":{"title":"EEBUS &#187; Eltako","robots":{"index":"index","follow":"follow","max-snippet":"max-snippet:-1","max-image-preview":"max-image-preview:large","max-video-preview":"max-video-preview:-1"},"canonical":"https:\/\/www.eltako.com\/fr\/entreprise\/partenaires-et-alliances\/eebus\/","og_locale":"fr_FR","og_type":"article","og_title":"EEBUS &#187; Eltako","og_description":"Lanc\u00e9e en 2012, l&rsquo;entreprise \u00e0 but non lucratif \u00ab\u00a0EEBus Initiative e.V.\u00a0\u00bb souhaite, gr\u00e2ce \u00e0 son approche num\u00e9rique, minimiser la consommation d&rsquo;\u00e9lectricit\u00e9 par foyer et r\u00e9partir l&rsquo;appel de courant tout au long de la journ\u00e9e de mani\u00e8re \u00e0 \u00e9viter les pics de charge. Au fil des ann\u00e9es, de plus en plus d&rsquo;entreprises importantes ont adh\u00e9r\u00e9 \u00e0 [&hellip;]","og_url":"https:\/\/www.eltako.com\/fr\/entreprise\/partenaires-et-alliances\/eebus\/","og_site_name":"Eltako","article_modified_time":"2022-04-13T13:11:05+00:00","og_image":[{"width":1800,"height":800,"url":"https:\/\/www.eltako.com\/wp-content\/uploads\/2022\/01\/Bild-1-1.png","type":"image\/png"}],"twitter_card":"summary_large_image","twitter_misc":{"Dur\u00e9e de lecture estim\u00e9e":"1 minute"},"schema":{"@context":"https:\/\/schema.org","@graph":[{"@type":"WebPage","@id":"https:\/\/www.eltako.com\/fr\/entreprise\/partenaires-et-alliances\/eebus\/","url":"https:\/\/www.eltako.com\/fr\/entreprise\/partenaires-et-alliances\/eebus\/","name":"EEBUS &#187; Eltako","isPartOf":{"@id":"https:\/\/www.eltako.com\/en\/#website"},"primaryImageOfPage":{"@id":"https:\/\/www.eltako.com\/fr\/entreprise\/partenaires-et-alliances\/eebus\/#primaryimage"},"image":{"@id":"https:\/\/www.eltako.com\/fr\/entreprise\/partenaires-et-alliances\/eebus\/#primaryimage"},"thumbnailUrl":"https:\/\/www.eltako.com\/wp-content\/uploads\/2022\/01\/Bild-1-1.png","datePublished":"2022-03-07T13:41:23+00:00","dateModified":"2022-04-13T13:11:05+00:00","breadcrumb":{"@id":"https:\/\/www.eltako.com\/fr\/entreprise\/partenaires-et-alliances\/eebus\/#breadcrumb"},"inLanguage":"fr-FR","potentialAction":[{"@type":"ReadAction","target":["https:\/\/www.eltako.com\/fr\/entreprise\/partenaires-et-alliances\/eebus\/"]}]},{"@type":"ImageObject","inLanguage":"fr-FR","@id":"https:\/\/www.eltako.com\/fr\/entreprise\/partenaires-et-alliances\/eebus\/#primaryimage","url":"https:\/\/www.eltako.com\/wp-content\/uploads\/2022\/01\/Bild-1-1.png","contentUrl":"https:\/\/www.eltako.com\/wp-content\/uploads\/2022\/01\/Bild-1-1.png","width":1800,"height":800},{"@type":"BreadcrumbList","@id":"https:\/\/www.eltako.com\/fr\/entreprise\/partenaires-et-alliances\/eebus\/#breadcrumb","itemListElement":[{"@type":"ListItem","position":1,"name":"Page d\u2019accueil","item":"https:\/\/www.eltako.com\/fr\/"},{"@type":"ListItem","position":2,"name":"Entreprise","item":"https:\/\/www.eltako.com\/fr\/entreprise\/"},{"@type":"ListItem","position":3,"name":"Partenaires et alliances","item":"https:\/\/www.eltako.com\/fr\/entreprise\/partenaires-et-alliances\/"},{"@type":"ListItem","position":4,"name":"EEBUS"}]},{"@type":"WebSite","@id":"https:\/\/www.eltako.com\/en\/#website","url":"https:\/\/www.eltako.com\/en\/","name":"Eltako","description":"Schaltger\u00e4te, Netzteile, Stromz\u00e4hler, Dimmer, Geb\u00e4udeinstallation, Steuerungstechnik, Smart Home-L\u00f6sungen, Geb\u00e4udefunk, EnOcean-Technologie","potentialAction":[{"@type":"SearchAction","target":{"@type":"EntryPoint","urlTemplate":"https:\/\/www.eltako.com\/en\/?s={search_term_string}"},"query-input":{"@type":"PropertyValueSpecification","valueRequired":true,"valueName":"search_term_string"}}],"inLanguage":"fr-FR"}]}},"_links":{"self":[{"href":"https:\/\/www.eltako.com\/fr\/wp-json\/wp\/v2\/pages\/62121","targetHints":{"allow":["GET"]}}],"collection":[{"href":"https:\/\/www.eltako.com\/fr\/wp-json\/wp\/v2\/pages"}],"about":[{"href":"https:\/\/www.eltako.com\/fr\/wp-json\/wp\/v2\/types\/page"}],"author":[{"embeddable":true,"href":"https:\/\/www.eltako.com\/fr\/wp-json\/wp\/v2\/users\/31"}],"replies":[{"embeddable":true,"href":"https:\/\/www.eltako.com\/fr\/wp-json\/wp\/v2\/comments?post=62121"}],"version-history":[{"count":0,"href":"https:\/\/www.eltako.com\/fr\/wp-json\/wp\/v2\/pages\/62121\/revisions"}],"up":[{"embeddable":true,"href":"https:\/\/www.eltako.com\/fr\/wp-json\/wp\/v2\/pages\/62737"}],"wp:featuredmedia":[{"embeddable":true,"href":"https:\/\/www.eltako.com\/fr\/wp-json\/wp\/v2\/media\/30491"}],"wp:attachment":[{"href":"https:\/\/www.eltako.com\/fr\/wp-json\/wp\/v2\/media?parent=62121"}],"curies":[{"name":"wp","href":"https:\/\/api.w.org\/{rel}","templated":true}]}}