{"id":62079,"date":"2022-03-07T13:44:28","date_gmt":"2022-03-07T12:44:28","guid":{"rendered":"https:\/\/betax923lb8kd7v0.eltako.de\/minisafe2-et-gfa5\/"},"modified":"2023-03-06T10:51:56","modified_gmt":"2023-03-06T09:51:56","slug":"minisafe2-et-gfa5","status":"publish","type":"page","link":"https:\/\/www.eltako.com\/fr\/minisafe2-et-gfa5\/","title":{"rendered":"MiniSafe2 et GFA5"},"content":{"rendered":"\n<div style=\"height:100px\" aria-hidden=\"true\" class=\"wp-block-spacer\"><\/div>\n\n\n\n<div class=\"wp-block-columns is-layout-flex wp-container-core-columns-is-layout-9d6595d7 wp-block-columns-is-layout-flex\">\n<div class=\"wp-block-column is-layout-flow wp-block-column-is-layout-flow\"><div class=\"wp-block-image\">\n<figure class=\"aligncenter size-large\"><img decoding=\"async\" width=\"824\" height=\"1024\" src=\"https:\/\/www.eltako.com\/wp-content\/uploads\/2022\/06\/eltako_website_content_landingpage_minisafe2-gfa5-app_app-ansichten_en-824x1024.jpg\" alt=\"\" class=\"wp-image-77737\" srcset=\"https:\/\/www.eltako.com\/wp-content\/uploads\/2022\/06\/eltako_website_content_landingpage_minisafe2-gfa5-app_app-ansichten_en-824x1024.jpg 824w, https:\/\/www.eltako.com\/wp-content\/uploads\/2022\/06\/eltako_website_content_landingpage_minisafe2-gfa5-app_app-ansichten_en-241x300.jpg 241w, https:\/\/www.eltako.com\/wp-content\/uploads\/2022\/06\/eltako_website_content_landingpage_minisafe2-gfa5-app_app-ansichten_en-768x954.jpg 768w, https:\/\/www.eltako.com\/wp-content\/uploads\/2022\/06\/eltako_website_content_landingpage_minisafe2-gfa5-app_app-ansichten_en-600x746.jpg 600w, https:\/\/www.eltako.com\/wp-content\/uploads\/2022\/06\/eltako_website_content_landingpage_minisafe2-gfa5-app_app-ansichten_en.jpg 1236w\" sizes=\"(max-width: 824px) 100vw, 824px\" \/><\/figure>\n<\/div><\/div>\n\n\n\n<div class=\"wp-block-column bg-primary text-white pl-4 pr-4 is-layout-flow wp-block-column-is-layout-flow\">\n<div style=\"height:38px\" aria-hidden=\"true\" class=\"wp-block-spacer\"><\/div>\n\n\n\n<h2 class=\"wp-block-heading\" style=\"font-size:40px\"><strong>La nouvelle application GFA5 rencontre le MiniSafe2<\/strong> <\/h2>\n\n\n\n<div style=\"height:20px\" aria-hidden=\"true\" class=\"wp-block-spacer\"><\/div>\n\n\n\n<p class=\"has-medium-font-size\">Le MiniSafe2 est arriv\u00e9 et avec lui la nouvelle application GFA5. Ce contr\u00f4leur de maison intelligente est l&rsquo;entr\u00e9e optimale dans le monde du contr\u00f4le intelligent des b\u00e2timents. Il offre une utilisation intuitive, un design moderne et une compatibilit\u00e9 \u00e9tendue. La nouvelle application sert \u00e0 commander et \u00e0 g\u00e9rer les produits Professional Smart Home connect\u00e9s. Elle est disponible pour les appareils iOS et Android et permet \u00e9galement la commande vocale par Google et Amazon. Gr\u00e2ce \u00e0 l&rsquo;interface utilisateur conviviale, on s&rsquo;y retrouve rapidement et on peut tr\u00e8s facilement enregistrer des r\u00e9glages et des sc\u00e8nes personnels, les appeler et les modifier \u00e0 tout moment.  <\/p>\n\n\n\n<div style=\"height:20px\" aria-hidden=\"true\" class=\"wp-block-spacer\"><\/div>\n\n\n\n<div class=\"wp-block-buttons is-layout-flex wp-block-buttons-is-layout-flex\"><\/div>\n\n\n\n\n\n<div style=\"height:30px\" aria-hidden=\"true\" class=\"wp-block-spacer\"><\/div>\n\n\n\n<div class=\"wp-block-columns is-layout-flex wp-container-core-columns-is-layout-9d6595d7 wp-block-columns-is-layout-flex\">\n<div class=\"wp-block-column is-layout-flow wp-block-column-is-layout-flow\">\n<figure class=\"wp-block-image size-full is-resized\"><a href=\"https:\/\/apps.apple.com\/de\/app\/eltako-gfa5\/id1555852467\"><img decoding=\"async\" src=\"https:\/\/prod.wxccizj.de\/wp-content\/uploads\/2021\/08\/app.png\" alt=\"\" class=\"wp-image-22787\" width=\"150\" height=\"45\" srcset=\"https:\/\/www.eltako.com\/wp-content\/uploads\/2021\/08\/app.png 600w, https:\/\/www.eltako.com\/wp-content\/uploads\/2021\/08\/app-300x90.png 300w\" sizes=\"(max-width: 150px) 100vw, 150px\" \/><\/a><\/figure>\n<\/div>\n\n\n\n<div class=\"wp-block-column is-layout-flow wp-block-column-is-layout-flow\">\n<figure class=\"wp-block-image size-full is-resized\"><a href=\"https:\/\/play.google.com\/store\/apps\/details?id=com.eltako.gfa5&amp;hl=de&amp;gl=US\"><img decoding=\"async\" src=\"https:\/\/prod.wxccizj.de\/wp-content\/uploads\/2021\/08\/google.png\" alt=\"\" class=\"wp-image-22795\" width=\"150\" height=\"45\" srcset=\"https:\/\/www.eltako.com\/wp-content\/uploads\/2021\/08\/google.png 600w, https:\/\/www.eltako.com\/wp-content\/uploads\/2021\/08\/google-300x90.png 300w\" sizes=\"(max-width: 150px) 100vw, 150px\" \/><\/a><\/figure>\n<\/div>\n<\/div>\n\n\n\n<div class=\"wp-block-buttons is-layout-flex wp-block-buttons-is-layout-flex\"><\/div>\n<\/div>\n<\/div>\n\n\n\n<div style=\"height:40px\" aria-hidden=\"true\" class=\"wp-block-spacer\"><\/div>\n\n\n\n<div class=\"wp-block-columns is-layout-flex wp-container-core-columns-is-layout-9d6595d7 wp-block-columns-is-layout-flex\">\n<div class=\"wp-block-column is-layout-flow wp-block-column-is-layout-flow\">\n<a href=\"https:\/\/www.eltako.com\/fr\/controleur-micrologiciel-mise-a-jour\/\" class=\"text-uppercase font-weight-bold btn text-white p-3 mt-1 mb-1 w-100\" style=\"background : #016db7; font-size:20px\">Mise \u00e0 jour du firmware<\/a>\n<\/div>\n\n\n\n<div class=\"wp-block-column is-layout-flow wp-block-column-is-layout-flow\">\n<a href=\"https:\/\/www.eltako.com\/fileadmin\/downloads\/fr\/_flyer\/GFA5_app_brochure_fr_032022_Internet.pdf\" class=\"text-uppercase font-weight-bold btn text-white mt-1 mb-1 p-3 w-100\" style=\"background : #016db7; font-size:20px\">Prospectus<\/a>\n<\/div>\n<\/div>\n\n\n\n<div style=\"height:50px\" aria-hidden=\"true\" class=\"wp-block-spacer\"><\/div>\n\n\n\n<figure class=\"wp-block-image size-large\"><img decoding=\"async\" width=\"1024\" height=\"469\" src=\"https:\/\/www.eltako.com\/wp-content\/uploads\/2022\/04\/eltako_website_content-bilder-landingpage_minisafe2-gfa5-app-1024x469.jpg\" alt=\"\" class=\"wp-image-75363\" srcset=\"https:\/\/www.eltako.com\/wp-content\/uploads\/2022\/04\/eltako_website_content-bilder-landingpage_minisafe2-gfa5-app-1024x469.jpg 1024w, https:\/\/www.eltako.com\/wp-content\/uploads\/2022\/04\/eltako_website_content-bilder-landingpage_minisafe2-gfa5-app-300x138.jpg 300w, https:\/\/www.eltako.com\/wp-content\/uploads\/2022\/04\/eltako_website_content-bilder-landingpage_minisafe2-gfa5-app-768x352.jpg 768w, https:\/\/www.eltako.com\/wp-content\/uploads\/2022\/04\/eltako_website_content-bilder-landingpage_minisafe2-gfa5-app-1536x704.jpg 1536w, https:\/\/www.eltako.com\/wp-content\/uploads\/2022\/04\/eltako_website_content-bilder-landingpage_minisafe2-gfa5-app-600x275.jpg 600w, https:\/\/www.eltako.com\/wp-content\/uploads\/2022\/04\/eltako_website_content-bilder-landingpage_minisafe2-gfa5-app.jpg 1920w\" sizes=\"(max-width: 1024px) 100vw, 1024px\" \/><\/figure>\n\n\n\n<div style=\"height:60px\" aria-hidden=\"true\" class=\"wp-block-spacer\"><\/div>\n\n\n\n<div class=\"wp-block-columns is-layout-flex wp-container-core-columns-is-layout-9d6595d7 wp-block-columns-is-layout-flex\">\n<div class=\"wp-block-column is-layout-flow wp-block-column-is-layout-flow\">\n <div class=\"brlbs-cmpnt-container brlbs-cmpnt-content-blocker brlbs-cmpnt-with-individual-styles\" data-borlabs-cookie-content-blocker-id=\"youtube-content-blocker\" data-borlabs-cookie-content=\"PGlmcmFtZSBzcmM9Imh0dHBzOi8vd3d3LnlvdXR1YmUtbm9jb29raWUuY29tL2VtYmVkL1c5MlhQQl90dHowIiB3aWR0aD0iMTAwJSIgaGVpZ2h0PSIzMTUiIGZyYW1lYm9yZGVyPSIwIj48L2lmcmFtZT4=\"><div class=\"brlbs-cmpnt-cb-preset-c brlbs-cmpnt-cb-youtube\"> <div class=\"brlbs-cmpnt-cb-thumbnail\" style=\"background-image: url('https:\/\/www.eltako.com\/wp-content\/uploads\/borlabs-cookie\/1\/yt_W92XPB_ttz0_hqdefault.jpg')\"><\/div> <div class=\"brlbs-cmpnt-cb-main\"> <div class=\"brlbs-cmpnt-cb-play-button\"><\/div> <div class=\"brlbs-cmpnt-cb-content\"> <p class=\"brlbs-cmpnt-cb-description\">Vous \u00eates actuellement en train de consulter le contenu d&rsquo;un espace r\u00e9serv\u00e9 de <strong>YouTube<\/strong>. Pour acc\u00e9der au contenu r\u00e9el, cliquez sur le bouton ci-dessous. Veuillez noter que ce faisant, des donn\u00e9es seront partag\u00e9es avec des providers tiers.<\/p> <a class=\"brlbs-cmpnt-cb-provider-toggle\" href=\"#\" data-borlabs-cookie-show-provider-information role=\"button\">Plus d&rsquo;informations<\/a> <\/div> <div class=\"brlbs-cmpnt-cb-buttons\"> <a class=\"brlbs-cmpnt-cb-btn\" href=\"#\" data-borlabs-cookie-unblock role=\"button\">D\u00e9bloquer le contenu<\/a> <a class=\"brlbs-cmpnt-cb-btn\" href=\"#\" data-borlabs-cookie-accept-service role=\"button\" style=\"display: inherit\">Accepter le service requis et d\u00e9bloquer les contenus<\/a> <\/div> <\/div> <\/div><\/div>\n<\/div>\n\n\n\n<div class=\"wp-block-column is-layout-flow wp-block-column-is-layout-flow\">\n <div class=\"brlbs-cmpnt-container brlbs-cmpnt-content-blocker brlbs-cmpnt-with-individual-styles\" data-borlabs-cookie-content-blocker-id=\"youtube-content-blocker\" data-borlabs-cookie-content=\"PGlmcmFtZSB3aWR0aD0iMTAwJSIgaGVpZ2h0PSIzMTUiIHNyYz0iaHR0cHM6Ly93d3cueW91dHViZS1ub2Nvb2tpZS5jb20vZW1iZWQvSGRMZlJaQ0x4RjAiIHRpdGxlPSJMZWN0ZXVyIHZpZMOpbyBZb3VUdWJlIiBmcmFtZWJvcmRlcj0iMCIgYWxsb3c9ImFjY2VsZXJvbWV0ZXI7IGNsaXBib2FyZC13cml0ZTsgZW5jcnlwdGVkLW1lZGlhOyBneXJvc2NvcGU7IHBpY3R1cmUtaW4tcGljdHVyZSIgYWxsb3dmdWxsc2NyZWVuPSIiPjwvaWZyYW1lPg==\"><div class=\"brlbs-cmpnt-cb-preset-c brlbs-cmpnt-cb-youtube\"> <div class=\"brlbs-cmpnt-cb-thumbnail\" style=\"background-image: url('https:\/\/www.eltako.com\/wp-content\/uploads\/borlabs-cookie\/1\/yt_HdLfRZCLxF0_hqdefault.jpg')\"><\/div> <div class=\"brlbs-cmpnt-cb-main\"> <div class=\"brlbs-cmpnt-cb-play-button\"><\/div> <div class=\"brlbs-cmpnt-cb-content\"> <p class=\"brlbs-cmpnt-cb-description\">Vous \u00eates actuellement en train de consulter le contenu d&rsquo;un espace r\u00e9serv\u00e9 de <strong>YouTube<\/strong>. Pour acc\u00e9der au contenu r\u00e9el, cliquez sur le bouton ci-dessous. Veuillez noter que ce faisant, des donn\u00e9es seront partag\u00e9es avec des providers tiers.<\/p> <a class=\"brlbs-cmpnt-cb-provider-toggle\" href=\"#\" data-borlabs-cookie-show-provider-information role=\"button\">Plus d&rsquo;informations<\/a> <\/div> <div class=\"brlbs-cmpnt-cb-buttons\"> <a class=\"brlbs-cmpnt-cb-btn\" href=\"#\" data-borlabs-cookie-unblock role=\"button\">D\u00e9bloquer le contenu<\/a> <a class=\"brlbs-cmpnt-cb-btn\" href=\"#\" data-borlabs-cookie-accept-service role=\"button\" style=\"display: inherit\">Accepter le service requis et d\u00e9bloquer les contenus<\/a> <\/div> <\/div> <\/div><\/div>\n<\/div>\n<\/div>\n","protected":false},"excerpt":{"rendered":"<p>La nouvelle application GFA5 rencontre le MiniSafe2 Le MiniSafe2 est arriv\u00e9 et avec lui la nouvelle application GFA5. Ce contr\u00f4leur de maison intelligente est l&rsquo;entr\u00e9e optimale dans le monde du contr\u00f4le intelligent des b\u00e2timents. Il offre une utilisation intuitive, un design moderne et une compatibilit\u00e9 \u00e9tendue. La nouvelle application sert \u00e0 commander et \u00e0 g\u00e9rer [&hellip;]<\/p>\n","protected":false},"author":31,"featured_media":77746,"parent":0,"menu_order":0,"comment_status":"closed","ping_status":"closed","template":"templates\/padding_header.php","meta":{"_acf_changed":false,"footnotes":"","_links_to":"","_links_to_target":""},"class_list":["post-62079","page","type-page","status-publish","has-post-thumbnail","hentry"],"acf":[],"yoast_head":"<!-- This site is optimized with the Yoast SEO plugin v27.2 - https:\/\/yoast.com\/product\/yoast-seo-wordpress\/ -->\n<title>MiniSafe2 et GFA5 &#187; Eltako<\/title>\n<meta name=\"robots\" content=\"index, follow, max-snippet:-1, max-image-preview:large, max-video-preview:-1\" \/>\n<link rel=\"canonical\" href=\"https:\/\/www.eltako.com\/fr\/minisafe2-et-gfa5\/\" \/>\n<meta property=\"og:locale\" content=\"fr_FR\" \/>\n<meta property=\"og:type\" content=\"article\" \/>\n<meta property=\"og:title\" content=\"MiniSafe2 et GFA5 &#187; Eltako\" \/>\n<meta property=\"og:description\" content=\"La nouvelle application GFA5 rencontre le MiniSafe2 Le MiniSafe2 est arriv\u00e9 et avec lui la nouvelle application GFA5. Ce contr\u00f4leur de maison intelligente est l&rsquo;entr\u00e9e optimale dans le monde du contr\u00f4le intelligent des b\u00e2timents. Il offre une utilisation intuitive, un design moderne et une compatibilit\u00e9 \u00e9tendue. La nouvelle application sert \u00e0 commander et \u00e0 g\u00e9rer [&hellip;]\" \/>\n<meta property=\"og:url\" content=\"https:\/\/www.eltako.com\/fr\/minisafe2-et-gfa5\/\" \/>\n<meta property=\"og:site_name\" content=\"Eltako\" \/>\n<meta property=\"article:modified_time\" content=\"2023-03-06T09:51:56+00:00\" \/>\n<meta property=\"og:image\" content=\"https:\/\/www.eltako.com\/wp-content\/uploads\/2022\/06\/eltako_website_header_1920x700_minisafe2-gfa5_en.jpg\" \/>\n\t<meta property=\"og:image:width\" content=\"1920\" \/>\n\t<meta property=\"og:image:height\" content=\"700\" \/>\n\t<meta property=\"og:image:type\" content=\"image\/jpeg\" \/>\n<meta name=\"twitter:card\" content=\"summary_large_image\" \/>\n<meta name=\"twitter:label1\" content=\"Dur\u00e9e de lecture estim\u00e9e\" \/>\n\t<meta name=\"twitter:data1\" content=\"2 minutes\" \/>\n<script type=\"application\/ld+json\" class=\"yoast-schema-graph\">{\"@context\":\"https:\/\/schema.org\",\"@graph\":[{\"@type\":\"WebPage\",\"@id\":\"https:\/\/www.eltako.com\/fr\/minisafe2-et-gfa5\/\",\"url\":\"https:\/\/www.eltako.com\/fr\/minisafe2-et-gfa5\/\",\"name\":\"MiniSafe2 et GFA5 &#187; Eltako\",\"isPartOf\":{\"@id\":\"https:\/\/www.eltako.com\/en\/#website\"},\"primaryImageOfPage\":{\"@id\":\"https:\/\/www.eltako.com\/fr\/minisafe2-et-gfa5\/#primaryimage\"},\"image\":{\"@id\":\"https:\/\/www.eltako.com\/fr\/minisafe2-et-gfa5\/#primaryimage\"},\"thumbnailUrl\":\"https:\/\/www.eltako.com\/wp-content\/uploads\/2022\/06\/eltako_website_header_1920x700_minisafe2-gfa5_en.jpg\",\"datePublished\":\"2022-03-07T12:44:28+00:00\",\"dateModified\":\"2023-03-06T09:51:56+00:00\",\"breadcrumb\":{\"@id\":\"https:\/\/www.eltako.com\/fr\/minisafe2-et-gfa5\/#breadcrumb\"},\"inLanguage\":\"fr-FR\",\"potentialAction\":[{\"@type\":\"ReadAction\",\"target\":[\"https:\/\/www.eltako.com\/fr\/minisafe2-et-gfa5\/\"]}]},{\"@type\":\"ImageObject\",\"inLanguage\":\"fr-FR\",\"@id\":\"https:\/\/www.eltako.com\/fr\/minisafe2-et-gfa5\/#primaryimage\",\"url\":\"https:\/\/www.eltako.com\/wp-content\/uploads\/2022\/06\/eltako_website_header_1920x700_minisafe2-gfa5_en.jpg\",\"contentUrl\":\"https:\/\/www.eltako.com\/wp-content\/uploads\/2022\/06\/eltako_website_header_1920x700_minisafe2-gfa5_en.jpg\",\"width\":1920,\"height\":700},{\"@type\":\"BreadcrumbList\",\"@id\":\"https:\/\/www.eltako.com\/fr\/minisafe2-et-gfa5\/#breadcrumb\",\"itemListElement\":[{\"@type\":\"ListItem\",\"position\":1,\"name\":\"Page d\u2019accueil\",\"item\":\"https:\/\/www.eltako.com\/fr\/\"},{\"@type\":\"ListItem\",\"position\":2,\"name\":\"MiniSafe2 et GFA5\"}]},{\"@type\":\"WebSite\",\"@id\":\"https:\/\/www.eltako.com\/en\/#website\",\"url\":\"https:\/\/www.eltako.com\/en\/\",\"name\":\"Eltako\",\"description\":\"Schaltger\u00e4te, Netzteile, Stromz\u00e4hler, Dimmer, Geb\u00e4udeinstallation, Steuerungstechnik, Smart Home-L\u00f6sungen, Geb\u00e4udefunk, EnOcean-Technologie\",\"potentialAction\":[{\"@type\":\"SearchAction\",\"target\":{\"@type\":\"EntryPoint\",\"urlTemplate\":\"https:\/\/www.eltako.com\/en\/?s={search_term_string}\"},\"query-input\":{\"@type\":\"PropertyValueSpecification\",\"valueRequired\":true,\"valueName\":\"search_term_string\"}}],\"inLanguage\":\"fr-FR\"}]}<\/script>\n<!-- \/ Yoast SEO plugin. -->","yoast_head_json":{"title":"MiniSafe2 et GFA5 &#187; Eltako","robots":{"index":"index","follow":"follow","max-snippet":"max-snippet:-1","max-image-preview":"max-image-preview:large","max-video-preview":"max-video-preview:-1"},"canonical":"https:\/\/www.eltako.com\/fr\/minisafe2-et-gfa5\/","og_locale":"fr_FR","og_type":"article","og_title":"MiniSafe2 et GFA5 &#187; Eltako","og_description":"La nouvelle application GFA5 rencontre le MiniSafe2 Le MiniSafe2 est arriv\u00e9 et avec lui la nouvelle application GFA5. Ce contr\u00f4leur de maison intelligente est l&rsquo;entr\u00e9e optimale dans le monde du contr\u00f4le intelligent des b\u00e2timents. Il offre une utilisation intuitive, un design moderne et une compatibilit\u00e9 \u00e9tendue. La nouvelle application sert \u00e0 commander et \u00e0 g\u00e9rer [&hellip;]","og_url":"https:\/\/www.eltako.com\/fr\/minisafe2-et-gfa5\/","og_site_name":"Eltako","article_modified_time":"2023-03-06T09:51:56+00:00","og_image":[{"width":1920,"height":700,"url":"https:\/\/www.eltako.com\/wp-content\/uploads\/2022\/06\/eltako_website_header_1920x700_minisafe2-gfa5_en.jpg","type":"image\/jpeg"}],"twitter_card":"summary_large_image","twitter_misc":{"Dur\u00e9e de lecture estim\u00e9e":"2 minutes"},"schema":{"@context":"https:\/\/schema.org","@graph":[{"@type":"WebPage","@id":"https:\/\/www.eltako.com\/fr\/minisafe2-et-gfa5\/","url":"https:\/\/www.eltako.com\/fr\/minisafe2-et-gfa5\/","name":"MiniSafe2 et GFA5 &#187; Eltako","isPartOf":{"@id":"https:\/\/www.eltako.com\/en\/#website"},"primaryImageOfPage":{"@id":"https:\/\/www.eltako.com\/fr\/minisafe2-et-gfa5\/#primaryimage"},"image":{"@id":"https:\/\/www.eltako.com\/fr\/minisafe2-et-gfa5\/#primaryimage"},"thumbnailUrl":"https:\/\/www.eltako.com\/wp-content\/uploads\/2022\/06\/eltako_website_header_1920x700_minisafe2-gfa5_en.jpg","datePublished":"2022-03-07T12:44:28+00:00","dateModified":"2023-03-06T09:51:56+00:00","breadcrumb":{"@id":"https:\/\/www.eltako.com\/fr\/minisafe2-et-gfa5\/#breadcrumb"},"inLanguage":"fr-FR","potentialAction":[{"@type":"ReadAction","target":["https:\/\/www.eltako.com\/fr\/minisafe2-et-gfa5\/"]}]},{"@type":"ImageObject","inLanguage":"fr-FR","@id":"https:\/\/www.eltako.com\/fr\/minisafe2-et-gfa5\/#primaryimage","url":"https:\/\/www.eltako.com\/wp-content\/uploads\/2022\/06\/eltako_website_header_1920x700_minisafe2-gfa5_en.jpg","contentUrl":"https:\/\/www.eltako.com\/wp-content\/uploads\/2022\/06\/eltako_website_header_1920x700_minisafe2-gfa5_en.jpg","width":1920,"height":700},{"@type":"BreadcrumbList","@id":"https:\/\/www.eltako.com\/fr\/minisafe2-et-gfa5\/#breadcrumb","itemListElement":[{"@type":"ListItem","position":1,"name":"Page d\u2019accueil","item":"https:\/\/www.eltako.com\/fr\/"},{"@type":"ListItem","position":2,"name":"MiniSafe2 et GFA5"}]},{"@type":"WebSite","@id":"https:\/\/www.eltako.com\/en\/#website","url":"https:\/\/www.eltako.com\/en\/","name":"Eltako","description":"Schaltger\u00e4te, Netzteile, Stromz\u00e4hler, Dimmer, Geb\u00e4udeinstallation, Steuerungstechnik, Smart Home-L\u00f6sungen, Geb\u00e4udefunk, EnOcean-Technologie","potentialAction":[{"@type":"SearchAction","target":{"@type":"EntryPoint","urlTemplate":"https:\/\/www.eltako.com\/en\/?s={search_term_string}"},"query-input":{"@type":"PropertyValueSpecification","valueRequired":true,"valueName":"search_term_string"}}],"inLanguage":"fr-FR"}]}},"_links":{"self":[{"href":"https:\/\/www.eltako.com\/fr\/wp-json\/wp\/v2\/pages\/62079","targetHints":{"allow":["GET"]}}],"collection":[{"href":"https:\/\/www.eltako.com\/fr\/wp-json\/wp\/v2\/pages"}],"about":[{"href":"https:\/\/www.eltako.com\/fr\/wp-json\/wp\/v2\/types\/page"}],"author":[{"embeddable":true,"href":"https:\/\/www.eltako.com\/fr\/wp-json\/wp\/v2\/users\/31"}],"replies":[{"embeddable":true,"href":"https:\/\/www.eltako.com\/fr\/wp-json\/wp\/v2\/comments?post=62079"}],"version-history":[{"count":2,"href":"https:\/\/www.eltako.com\/fr\/wp-json\/wp\/v2\/pages\/62079\/revisions"}],"predecessor-version":[{"id":128284,"href":"https:\/\/www.eltako.com\/fr\/wp-json\/wp\/v2\/pages\/62079\/revisions\/128284"}],"wp:featuredmedia":[{"embeddable":true,"href":"https:\/\/www.eltako.com\/fr\/wp-json\/wp\/v2\/media\/77746"}],"wp:attachment":[{"href":"https:\/\/www.eltako.com\/fr\/wp-json\/wp\/v2\/media?parent=62079"}],"curies":[{"name":"wp","href":"https:\/\/api.w.org\/{rel}","templated":true}]}}