{"id":31820,"date":"2022-01-26T21:38:05","date_gmt":"2022-01-26T20:38:05","guid":{"rendered":"https:\/\/betax923lb8kd7v0.eltako.de\/les-amis-de-hue\/"},"modified":"2024-06-27T09:17:57","modified_gmt":"2024-06-27T07:17:57","slug":"les-amis-de-hue","status":"publish","type":"page","link":"https:\/\/www.eltako.com\/fr\/entreprise\/partenaires-et-alliances\/les-amis-de-hue\/","title":{"rendered":"Friends of Hue"},"content":{"rendered":"\n<h2 class=\"wp-block-heading\">Friends of Hue<\/h2>\n\n\n\n<div style=\"height:50px\" aria-hidden=\"true\" class=\"wp-block-spacer\"><\/div>\n\n\n\n<figure class=\"wp-block-image size-large\"><img decoding=\"async\" width=\"1024\" height=\"577\" src=\"https:\/\/prod.wxccizj.de\/wp-content\/uploads\/2021\/09\/foh-1-1024x577.jpg\" alt=\"\" class=\"wp-image-23434\" srcset=\"https:\/\/www.eltako.com\/wp-content\/uploads\/2021\/09\/foh-1-1024x577.jpg 1024w, https:\/\/www.eltako.com\/wp-content\/uploads\/2021\/09\/foh-1-300x169.jpg 300w, https:\/\/www.eltako.com\/wp-content\/uploads\/2021\/09\/foh-1-768x433.jpg 768w, https:\/\/www.eltako.com\/wp-content\/uploads\/2021\/09\/foh-1-600x338.jpg 600w, https:\/\/www.eltako.com\/wp-content\/uploads\/2021\/09\/foh-1.jpg 1500w\" sizes=\"(max-width: 1024px) 100vw, 1024px\" \/><\/figure>\n\n\n\n<div style=\"height:50px\" aria-hidden=\"true\" class=\"wp-block-spacer\"><\/div>\n\n\n\n<p class=\"has-medium-font-size\">Le programme Philips \u00ab\u00a0Friends of Hue\u00a0\u00bb offre aux clients la possibilit\u00e9 de cr\u00e9er leurs propres sc\u00e8nes lumineuses et de modifier \u00e0 leur guise aussi bien la luminosit\u00e9 que la couleur. Leurs lampes conviennent \u00e0 toutes les pi\u00e8ces et \u00e0 tous les types d&rsquo;\u00e9clairage. Gr\u00e2ce \u00e0 leur design simple mais chic et \u00e0 leurs innombrables r\u00e9glages de couleurs, ils s&rsquo;adaptent \u00e0 tous les int\u00e9rieurs et leur donnent encore plus de personnalit\u00e9.<\/p>\n\n\n\n<p class=\"has-medium-font-size\">Ils permettent \u00e0 l&rsquo;utilisateur de commander directement par bouton-poussoir ou par smartphone et, bien s\u00fbr, il est \u00e9galement possible de commander par la voix. Nos boutons-poussoirs, sp\u00e9cialement produits pour les \u00ab\u00a0Friends of Hue\u00a0\u00bb, permettent d&rsquo;allumer et d&rsquo;\u00e9teindre les luminaires de mani\u00e8re classique, de faire varier l&rsquo;intensit\u00e9 de l&rsquo;\u00e9clairage ou d&rsquo;appeler des sc\u00e9narios lumineux personnalis\u00e9s.  <\/p>\n\n\n\n<p><\/p>\n\n\n\n<div style=\"height:70px\" aria-hidden=\"true\" class=\"wp-block-spacer\"><\/div>\n\n\n\n<h3 class=\"wp-block-heading\"><strong>NOS PRODUITS COMPATIBLES<\/strong><\/h3>\n\n\n","protected":false},"excerpt":{"rendered":"<p>Friends of Hue Le programme Philips \u00ab\u00a0Friends of Hue\u00a0\u00bb offre aux clients la possibilit\u00e9 de cr\u00e9er leurs propres sc\u00e8nes lumineuses et de modifier \u00e0 leur guise aussi bien la luminosit\u00e9 que la couleur. Leurs lampes conviennent \u00e0 toutes les pi\u00e8ces et \u00e0 tous les types d&rsquo;\u00e9clairage. Gr\u00e2ce \u00e0 leur design simple mais chic et \u00e0 [&hellip;]<\/p>\n","protected":false},"author":31,"featured_media":23291,"parent":62737,"menu_order":2,"comment_status":"closed","ping_status":"closed","template":"templates\/custom_header.php","meta":{"_acf_changed":false,"footnotes":"","_links_to":"","_links_to_target":""},"class_list":["post-31820","page","type-page","status-publish","has-post-thumbnail","hentry"],"acf":[],"yoast_head":"<!-- This site is optimized with the Yoast SEO plugin v27.2 - https:\/\/yoast.com\/product\/yoast-seo-wordpress\/ -->\n<title>Friends of Hue &#187; Eltako<\/title>\n<meta name=\"robots\" content=\"index, follow, max-snippet:-1, max-image-preview:large, max-video-preview:-1\" \/>\n<link rel=\"canonical\" href=\"https:\/\/www.eltako.com\/fr\/entreprise\/partenaires-et-alliances\/les-amis-de-hue\/\" \/>\n<meta property=\"og:locale\" content=\"fr_FR\" \/>\n<meta property=\"og:type\" content=\"article\" \/>\n<meta property=\"og:title\" content=\"Friends of Hue &#187; Eltako\" \/>\n<meta property=\"og:description\" content=\"Friends of Hue Le programme Philips \u00ab\u00a0Friends of Hue\u00a0\u00bb offre aux clients la possibilit\u00e9 de cr\u00e9er leurs propres sc\u00e8nes lumineuses et de modifier \u00e0 leur guise aussi bien la luminosit\u00e9 que la couleur. Leurs lampes conviennent \u00e0 toutes les pi\u00e8ces et \u00e0 tous les types d&rsquo;\u00e9clairage. Gr\u00e2ce \u00e0 leur design simple mais chic et \u00e0 [&hellip;]\" \/>\n<meta property=\"og:url\" content=\"https:\/\/www.eltako.com\/fr\/entreprise\/partenaires-et-alliances\/les-amis-de-hue\/\" \/>\n<meta property=\"og:site_name\" content=\"Eltako\" \/>\n<meta property=\"article:modified_time\" content=\"2024-06-27T07:17:57+00:00\" \/>\n<meta property=\"og:image\" content=\"https:\/\/www.eltako.com\/wp-content\/uploads\/2021\/09\/AdobeStock_314574426.jpeg\" \/>\n\t<meta property=\"og:image:width\" content=\"1920\" \/>\n\t<meta property=\"og:image:height\" content=\"1536\" \/>\n\t<meta property=\"og:image:type\" content=\"image\/jpeg\" \/>\n<meta name=\"twitter:card\" content=\"summary_large_image\" \/>\n<meta name=\"twitter:label1\" content=\"Dur\u00e9e de lecture estim\u00e9e\" \/>\n\t<meta name=\"twitter:data1\" content=\"2 minutes\" \/>\n<script type=\"application\/ld+json\" class=\"yoast-schema-graph\">{\"@context\":\"https:\/\/schema.org\",\"@graph\":[{\"@type\":\"WebPage\",\"@id\":\"https:\/\/www.eltako.com\/fr\/entreprise\/partenaires-et-alliances\/les-amis-de-hue\/\",\"url\":\"https:\/\/www.eltako.com\/fr\/entreprise\/partenaires-et-alliances\/les-amis-de-hue\/\",\"name\":\"Friends of Hue &#187; Eltako\",\"isPartOf\":{\"@id\":\"https:\/\/www.eltako.com\/en\/#website\"},\"primaryImageOfPage\":{\"@id\":\"https:\/\/www.eltako.com\/fr\/entreprise\/partenaires-et-alliances\/les-amis-de-hue\/#primaryimage\"},\"image\":{\"@id\":\"https:\/\/www.eltako.com\/fr\/entreprise\/partenaires-et-alliances\/les-amis-de-hue\/#primaryimage\"},\"thumbnailUrl\":\"https:\/\/www.eltako.com\/wp-content\/uploads\/2021\/09\/AdobeStock_314574426.jpeg\",\"datePublished\":\"2022-01-26T20:38:05+00:00\",\"dateModified\":\"2024-06-27T07:17:57+00:00\",\"breadcrumb\":{\"@id\":\"https:\/\/www.eltako.com\/fr\/entreprise\/partenaires-et-alliances\/les-amis-de-hue\/#breadcrumb\"},\"inLanguage\":\"fr-FR\",\"potentialAction\":[{\"@type\":\"ReadAction\",\"target\":[\"https:\/\/www.eltako.com\/fr\/entreprise\/partenaires-et-alliances\/les-amis-de-hue\/\"]}]},{\"@type\":\"ImageObject\",\"inLanguage\":\"fr-FR\",\"@id\":\"https:\/\/www.eltako.com\/fr\/entreprise\/partenaires-et-alliances\/les-amis-de-hue\/#primaryimage\",\"url\":\"https:\/\/www.eltako.com\/wp-content\/uploads\/2021\/09\/AdobeStock_314574426.jpeg\",\"contentUrl\":\"https:\/\/www.eltako.com\/wp-content\/uploads\/2021\/09\/AdobeStock_314574426.jpeg\",\"width\":1920,\"height\":1536},{\"@type\":\"BreadcrumbList\",\"@id\":\"https:\/\/www.eltako.com\/fr\/entreprise\/partenaires-et-alliances\/les-amis-de-hue\/#breadcrumb\",\"itemListElement\":[{\"@type\":\"ListItem\",\"position\":1,\"name\":\"Page d\u2019accueil\",\"item\":\"https:\/\/www.eltako.com\/fr\/\"},{\"@type\":\"ListItem\",\"position\":2,\"name\":\"Entreprise\",\"item\":\"https:\/\/www.eltako.com\/fr\/entreprise\/\"},{\"@type\":\"ListItem\",\"position\":3,\"name\":\"Partenaires et alliances\",\"item\":\"https:\/\/www.eltako.com\/fr\/entreprise\/partenaires-et-alliances\/\"},{\"@type\":\"ListItem\",\"position\":4,\"name\":\"Friends of Hue\"}]},{\"@type\":\"WebSite\",\"@id\":\"https:\/\/www.eltako.com\/en\/#website\",\"url\":\"https:\/\/www.eltako.com\/en\/\",\"name\":\"Eltako\",\"description\":\"Schaltger\u00e4te, Netzteile, Stromz\u00e4hler, Dimmer, Geb\u00e4udeinstallation, Steuerungstechnik, Smart Home-L\u00f6sungen, Geb\u00e4udefunk, EnOcean-Technologie\",\"potentialAction\":[{\"@type\":\"SearchAction\",\"target\":{\"@type\":\"EntryPoint\",\"urlTemplate\":\"https:\/\/www.eltako.com\/en\/?s={search_term_string}\"},\"query-input\":{\"@type\":\"PropertyValueSpecification\",\"valueRequired\":true,\"valueName\":\"search_term_string\"}}],\"inLanguage\":\"fr-FR\"}]}<\/script>\n<!-- \/ Yoast SEO plugin. -->","yoast_head_json":{"title":"Friends of Hue &#187; Eltako","robots":{"index":"index","follow":"follow","max-snippet":"max-snippet:-1","max-image-preview":"max-image-preview:large","max-video-preview":"max-video-preview:-1"},"canonical":"https:\/\/www.eltako.com\/fr\/entreprise\/partenaires-et-alliances\/les-amis-de-hue\/","og_locale":"fr_FR","og_type":"article","og_title":"Friends of Hue &#187; Eltako","og_description":"Friends of Hue Le programme Philips \u00ab\u00a0Friends of Hue\u00a0\u00bb offre aux clients la possibilit\u00e9 de cr\u00e9er leurs propres sc\u00e8nes lumineuses et de modifier \u00e0 leur guise aussi bien la luminosit\u00e9 que la couleur. Leurs lampes conviennent \u00e0 toutes les pi\u00e8ces et \u00e0 tous les types d&rsquo;\u00e9clairage. Gr\u00e2ce \u00e0 leur design simple mais chic et \u00e0 [&hellip;]","og_url":"https:\/\/www.eltako.com\/fr\/entreprise\/partenaires-et-alliances\/les-amis-de-hue\/","og_site_name":"Eltako","article_modified_time":"2024-06-27T07:17:57+00:00","og_image":[{"width":1920,"height":1536,"url":"https:\/\/www.eltako.com\/wp-content\/uploads\/2021\/09\/AdobeStock_314574426.jpeg","type":"image\/jpeg"}],"twitter_card":"summary_large_image","twitter_misc":{"Dur\u00e9e de lecture estim\u00e9e":"2 minutes"},"schema":{"@context":"https:\/\/schema.org","@graph":[{"@type":"WebPage","@id":"https:\/\/www.eltako.com\/fr\/entreprise\/partenaires-et-alliances\/les-amis-de-hue\/","url":"https:\/\/www.eltako.com\/fr\/entreprise\/partenaires-et-alliances\/les-amis-de-hue\/","name":"Friends of Hue &#187; Eltako","isPartOf":{"@id":"https:\/\/www.eltako.com\/en\/#website"},"primaryImageOfPage":{"@id":"https:\/\/www.eltako.com\/fr\/entreprise\/partenaires-et-alliances\/les-amis-de-hue\/#primaryimage"},"image":{"@id":"https:\/\/www.eltako.com\/fr\/entreprise\/partenaires-et-alliances\/les-amis-de-hue\/#primaryimage"},"thumbnailUrl":"https:\/\/www.eltako.com\/wp-content\/uploads\/2021\/09\/AdobeStock_314574426.jpeg","datePublished":"2022-01-26T20:38:05+00:00","dateModified":"2024-06-27T07:17:57+00:00","breadcrumb":{"@id":"https:\/\/www.eltako.com\/fr\/entreprise\/partenaires-et-alliances\/les-amis-de-hue\/#breadcrumb"},"inLanguage":"fr-FR","potentialAction":[{"@type":"ReadAction","target":["https:\/\/www.eltako.com\/fr\/entreprise\/partenaires-et-alliances\/les-amis-de-hue\/"]}]},{"@type":"ImageObject","inLanguage":"fr-FR","@id":"https:\/\/www.eltako.com\/fr\/entreprise\/partenaires-et-alliances\/les-amis-de-hue\/#primaryimage","url":"https:\/\/www.eltako.com\/wp-content\/uploads\/2021\/09\/AdobeStock_314574426.jpeg","contentUrl":"https:\/\/www.eltako.com\/wp-content\/uploads\/2021\/09\/AdobeStock_314574426.jpeg","width":1920,"height":1536},{"@type":"BreadcrumbList","@id":"https:\/\/www.eltako.com\/fr\/entreprise\/partenaires-et-alliances\/les-amis-de-hue\/#breadcrumb","itemListElement":[{"@type":"ListItem","position":1,"name":"Page d\u2019accueil","item":"https:\/\/www.eltako.com\/fr\/"},{"@type":"ListItem","position":2,"name":"Entreprise","item":"https:\/\/www.eltako.com\/fr\/entreprise\/"},{"@type":"ListItem","position":3,"name":"Partenaires et alliances","item":"https:\/\/www.eltako.com\/fr\/entreprise\/partenaires-et-alliances\/"},{"@type":"ListItem","position":4,"name":"Friends of Hue"}]},{"@type":"WebSite","@id":"https:\/\/www.eltako.com\/en\/#website","url":"https:\/\/www.eltako.com\/en\/","name":"Eltako","description":"Schaltger\u00e4te, Netzteile, Stromz\u00e4hler, Dimmer, Geb\u00e4udeinstallation, Steuerungstechnik, Smart Home-L\u00f6sungen, Geb\u00e4udefunk, EnOcean-Technologie","potentialAction":[{"@type":"SearchAction","target":{"@type":"EntryPoint","urlTemplate":"https:\/\/www.eltako.com\/en\/?s={search_term_string}"},"query-input":{"@type":"PropertyValueSpecification","valueRequired":true,"valueName":"search_term_string"}}],"inLanguage":"fr-FR"}]}},"_links":{"self":[{"href":"https:\/\/www.eltako.com\/fr\/wp-json\/wp\/v2\/pages\/31820","targetHints":{"allow":["GET"]}}],"collection":[{"href":"https:\/\/www.eltako.com\/fr\/wp-json\/wp\/v2\/pages"}],"about":[{"href":"https:\/\/www.eltako.com\/fr\/wp-json\/wp\/v2\/types\/page"}],"author":[{"embeddable":true,"href":"https:\/\/www.eltako.com\/fr\/wp-json\/wp\/v2\/users\/31"}],"replies":[{"embeddable":true,"href":"https:\/\/www.eltako.com\/fr\/wp-json\/wp\/v2\/comments?post=31820"}],"version-history":[{"count":6,"href":"https:\/\/www.eltako.com\/fr\/wp-json\/wp\/v2\/pages\/31820\/revisions"}],"predecessor-version":[{"id":140967,"href":"https:\/\/www.eltako.com\/fr\/wp-json\/wp\/v2\/pages\/31820\/revisions\/140967"}],"up":[{"embeddable":true,"href":"https:\/\/www.eltako.com\/fr\/wp-json\/wp\/v2\/pages\/62737"}],"wp:featuredmedia":[{"embeddable":true,"href":"https:\/\/www.eltako.com\/fr\/wp-json\/wp\/v2\/media\/23291"}],"wp:attachment":[{"href":"https:\/\/www.eltako.com\/fr\/wp-json\/wp\/v2\/media?parent=31820"}],"curies":[{"name":"wp","href":"https:\/\/api.w.org\/{rel}","templated":true}]}}