{"id":31317,"date":"2022-01-20T22:05:29","date_gmt":"2022-01-20T21:05:29","guid":{"rendered":"https:\/\/betax923lb8kd7v0.eltako.de\/impression\/"},"modified":"2025-10-16T16:14:41","modified_gmt":"2025-10-16T14:14:41","slug":"impression","status":"publish","type":"page","link":"https:\/\/www.eltako.com\/fr\/impression\/","title":{"rendered":"Mentions l\u00e9gales"},"content":{"rendered":"\n<div class=\"wp-block-group\"><div class=\"wp-block-group__inner-container is-layout-flow wp-block-group-is-layout-flow\">\n<div class=\"wp-block-group\"><div class=\"wp-block-group__inner-container is-layout-flow wp-block-group-is-layout-flow\">\n<b>ELTAKO GmbH<\/b><br>\nHofener Stra\u00dfe 54  <br>\n70736 Fellbach<br>\nT\u00e9l. : +49 711 94350000<br>\nCourrier \u00e9lectronique : website@eltako.de<br><br>\nTribunal d&rsquo;enregistrement : Stuttgart<br>\nNum\u00e9ro d&rsquo;enregistrement : HRB261445<br>\nDirecteur g\u00e9n\u00e9ral : Ulrich Ziegler<br>\nNum\u00e9ro d&rsquo;identification de la taxe sur le chiffre d&rsquo;affaires : DE147330893\n<\/div><\/div>\n\n\n\n<p><\/p>\n<\/div><\/div>\n\n\n\n<p><\/p>\n\n\n\n<p>En cas de renvois directs ou indirects \u00e0 des sites Internet \u00e9trangers (hyperliens) qui ne rel\u00e8vent pas du domaine de responsabilit\u00e9 d&rsquo;ELTAKO GmbH, une obligation de responsabilit\u00e9 entrerait exclusivement en vigueur dans le cas o\u00f9 ELTAKO GmbH aurait connaissance des contenus et o\u00f9 il lui serait techniquement possible et raisonnable d&#8217;emp\u00eacher l&rsquo;utilisation en cas de contenus ill\u00e9gaux. ELTAKO GmbH d\u00e9clare express\u00e9ment par la pr\u00e9sente qu&rsquo;au moment de l&rsquo;\u00e9tablissement des liens, aucun contenu ill\u00e9gal n&rsquo;\u00e9tait identifiable sur les pages \u00e0 relier. ELTAKO GmbH n&rsquo;a aucune influence sur la conception actuelle et future, les contenus ou les droits d&rsquo;auteur des pages li\u00e9es\/associ\u00e9es.<\/p>\n\n\n\n<p>C&rsquo;est pourquoi elle se distancie express\u00e9ment par la pr\u00e9sente de tous les contenus de toutes les pages li\u00e9es\/associ\u00e9es qui ont \u00e9t\u00e9 modifi\u00e9es apr\u00e8s l&rsquo;\u00e9tablissement des liens.<\/p>\n\n\n\n<p>Seul le fournisseur de la page \u00e0 laquelle il a \u00e9t\u00e9 renvoy\u00e9 est responsable des contenus ill\u00e9gaux, erron\u00e9s ou incomplets et en particulier des dommages r\u00e9sultant de l&rsquo;utilisation ou de la non-utilisation des informations ainsi pr\u00e9sent\u00e9es, et non celui qui ne fait que renvoyer \u00e0 la publication concern\u00e9e par le biais de liens.<\/p>\n\n\n\n<p><a href=\"https:\/\/www.take-e-way.de\/leistungen\/elektrogesetz-weee-elektrog\/berichts-informationspflichten\/\">Obligation d&rsquo;information conform\u00e9ment au \u00a718 al. 2 Loi sur les appareils \u00e9lectriques et \u00e9lectroniques<\/a><\/p>\n\n\n\n<p><\/p>\n\n\n\n<p>Num\u00e9ro d&rsquo;enregistrement de la loi sur les piles: DE 36818306<\/p>\n\n\n\n<div class=\"wp-block-buttons is-layout-flex wp-block-buttons-is-layout-flex\">\n<div class=\"wp-block-button\"><a class=\"wp-block-button__link has-background wp-element-button\" href=\"\/wp-content\/uploads\/2022\/11\/catalog_warranty-regulations_gb.pdf\" style=\"border-radius:0px;background-color:#0063af\">Garantie (PDF)<\/a><\/div>\n<\/div>\n\n\n\n<p><\/p>\n","protected":false},"excerpt":{"rendered":"<p>ELTAKO GmbH Hofener Stra\u00dfe 54 70736 Fellbach T\u00e9l. : +49 711 94350000 Courrier \u00e9lectronique : website@eltako.de Tribunal d&rsquo;enregistrement : Stuttgart Num\u00e9ro d&rsquo;enregistrement : HRB261445 Directeur g\u00e9n\u00e9ral : Ulrich Ziegler Num\u00e9ro d&rsquo;identification de la taxe sur le chiffre d&rsquo;affaires : DE147330893 En cas de renvois directs ou indirects \u00e0 des sites Internet \u00e9trangers (hyperliens) qui ne [&hellip;]<\/p>\n","protected":false},"author":31,"featured_media":0,"parent":0,"menu_order":0,"comment_status":"closed","ping_status":"closed","template":"","meta":{"_acf_changed":false,"footnotes":"","_links_to":"","_links_to_target":""},"class_list":["post-31317","page","type-page","status-publish","hentry"],"acf":[],"yoast_head":"<!-- This site is optimized with the Yoast SEO plugin v27.2 - https:\/\/yoast.com\/product\/yoast-seo-wordpress\/ -->\n<title>Mentions l\u00e9gales &#187; Eltako<\/title>\n<meta name=\"robots\" content=\"index, follow, max-snippet:-1, max-image-preview:large, max-video-preview:-1\" \/>\n<link rel=\"canonical\" href=\"https:\/\/www.eltako.com\/fr\/impression\/\" \/>\n<meta property=\"og:locale\" content=\"fr_FR\" \/>\n<meta property=\"og:type\" content=\"article\" \/>\n<meta property=\"og:title\" content=\"Mentions l\u00e9gales &#187; Eltako\" \/>\n<meta property=\"og:description\" content=\"ELTAKO GmbH Hofener Stra\u00dfe 54 70736 Fellbach T\u00e9l. : +49 711 94350000 Courrier \u00e9lectronique : website@eltako.de Tribunal d&rsquo;enregistrement : Stuttgart Num\u00e9ro d&rsquo;enregistrement : HRB261445 Directeur g\u00e9n\u00e9ral : Ulrich Ziegler Num\u00e9ro d&rsquo;identification de la taxe sur le chiffre d&rsquo;affaires : DE147330893 En cas de renvois directs ou indirects \u00e0 des sites Internet \u00e9trangers (hyperliens) qui ne [&hellip;]\" \/>\n<meta property=\"og:url\" content=\"https:\/\/www.eltako.com\/fr\/impression\/\" \/>\n<meta property=\"og:site_name\" content=\"Eltako\" \/>\n<meta property=\"article:modified_time\" content=\"2025-10-16T14:14:41+00:00\" \/>\n<meta name=\"twitter:card\" content=\"summary_large_image\" \/>\n<meta name=\"twitter:label1\" content=\"Dur\u00e9e de lecture estim\u00e9e\" \/>\n\t<meta name=\"twitter:data1\" content=\"2 minutes\" \/>\n<script type=\"application\/ld+json\" class=\"yoast-schema-graph\">{\"@context\":\"https:\/\/schema.org\",\"@graph\":[{\"@type\":\"WebPage\",\"@id\":\"https:\/\/www.eltako.com\/fr\/impression\/\",\"url\":\"https:\/\/www.eltako.com\/fr\/impression\/\",\"name\":\"Mentions l\u00e9gales &#187; Eltako\",\"isPartOf\":{\"@id\":\"https:\/\/www.eltako.com\/en\/#website\"},\"datePublished\":\"2022-01-20T21:05:29+00:00\",\"dateModified\":\"2025-10-16T14:14:41+00:00\",\"breadcrumb\":{\"@id\":\"https:\/\/www.eltako.com\/fr\/impression\/#breadcrumb\"},\"inLanguage\":\"fr-FR\",\"potentialAction\":[{\"@type\":\"ReadAction\",\"target\":[\"https:\/\/www.eltako.com\/fr\/impression\/\"]}]},{\"@type\":\"BreadcrumbList\",\"@id\":\"https:\/\/www.eltako.com\/fr\/impression\/#breadcrumb\",\"itemListElement\":[{\"@type\":\"ListItem\",\"position\":1,\"name\":\"Page d\u2019accueil\",\"item\":\"https:\/\/www.eltako.com\/fr\/\"},{\"@type\":\"ListItem\",\"position\":2,\"name\":\"Mentions l\u00e9gales\"}]},{\"@type\":\"WebSite\",\"@id\":\"https:\/\/www.eltako.com\/en\/#website\",\"url\":\"https:\/\/www.eltako.com\/en\/\",\"name\":\"Eltako\",\"description\":\"Schaltger\u00e4te, Netzteile, Stromz\u00e4hler, Dimmer, Geb\u00e4udeinstallation, Steuerungstechnik, Smart Home-L\u00f6sungen, Geb\u00e4udefunk, EnOcean-Technologie\",\"potentialAction\":[{\"@type\":\"SearchAction\",\"target\":{\"@type\":\"EntryPoint\",\"urlTemplate\":\"https:\/\/www.eltako.com\/en\/?s={search_term_string}\"},\"query-input\":{\"@type\":\"PropertyValueSpecification\",\"valueRequired\":true,\"valueName\":\"search_term_string\"}}],\"inLanguage\":\"fr-FR\"}]}<\/script>\n<!-- \/ Yoast SEO plugin. -->","yoast_head_json":{"title":"Mentions l\u00e9gales &#187; Eltako","robots":{"index":"index","follow":"follow","max-snippet":"max-snippet:-1","max-image-preview":"max-image-preview:large","max-video-preview":"max-video-preview:-1"},"canonical":"https:\/\/www.eltako.com\/fr\/impression\/","og_locale":"fr_FR","og_type":"article","og_title":"Mentions l\u00e9gales &#187; Eltako","og_description":"ELTAKO GmbH Hofener Stra\u00dfe 54 70736 Fellbach T\u00e9l. : +49 711 94350000 Courrier \u00e9lectronique : website@eltako.de Tribunal d&rsquo;enregistrement : Stuttgart Num\u00e9ro d&rsquo;enregistrement : HRB261445 Directeur g\u00e9n\u00e9ral : Ulrich Ziegler Num\u00e9ro d&rsquo;identification de la taxe sur le chiffre d&rsquo;affaires : DE147330893 En cas de renvois directs ou indirects \u00e0 des sites Internet \u00e9trangers (hyperliens) qui ne [&hellip;]","og_url":"https:\/\/www.eltako.com\/fr\/impression\/","og_site_name":"Eltako","article_modified_time":"2025-10-16T14:14:41+00:00","twitter_card":"summary_large_image","twitter_misc":{"Dur\u00e9e de lecture estim\u00e9e":"2 minutes"},"schema":{"@context":"https:\/\/schema.org","@graph":[{"@type":"WebPage","@id":"https:\/\/www.eltako.com\/fr\/impression\/","url":"https:\/\/www.eltako.com\/fr\/impression\/","name":"Mentions l\u00e9gales &#187; Eltako","isPartOf":{"@id":"https:\/\/www.eltako.com\/en\/#website"},"datePublished":"2022-01-20T21:05:29+00:00","dateModified":"2025-10-16T14:14:41+00:00","breadcrumb":{"@id":"https:\/\/www.eltako.com\/fr\/impression\/#breadcrumb"},"inLanguage":"fr-FR","potentialAction":[{"@type":"ReadAction","target":["https:\/\/www.eltako.com\/fr\/impression\/"]}]},{"@type":"BreadcrumbList","@id":"https:\/\/www.eltako.com\/fr\/impression\/#breadcrumb","itemListElement":[{"@type":"ListItem","position":1,"name":"Page d\u2019accueil","item":"https:\/\/www.eltako.com\/fr\/"},{"@type":"ListItem","position":2,"name":"Mentions l\u00e9gales"}]},{"@type":"WebSite","@id":"https:\/\/www.eltako.com\/en\/#website","url":"https:\/\/www.eltako.com\/en\/","name":"Eltako","description":"Schaltger\u00e4te, Netzteile, Stromz\u00e4hler, Dimmer, Geb\u00e4udeinstallation, Steuerungstechnik, Smart Home-L\u00f6sungen, Geb\u00e4udefunk, EnOcean-Technologie","potentialAction":[{"@type":"SearchAction","target":{"@type":"EntryPoint","urlTemplate":"https:\/\/www.eltako.com\/en\/?s={search_term_string}"},"query-input":{"@type":"PropertyValueSpecification","valueRequired":true,"valueName":"search_term_string"}}],"inLanguage":"fr-FR"}]}},"_links":{"self":[{"href":"https:\/\/www.eltako.com\/fr\/wp-json\/wp\/v2\/pages\/31317","targetHints":{"allow":["GET"]}}],"collection":[{"href":"https:\/\/www.eltako.com\/fr\/wp-json\/wp\/v2\/pages"}],"about":[{"href":"https:\/\/www.eltako.com\/fr\/wp-json\/wp\/v2\/types\/page"}],"author":[{"embeddable":true,"href":"https:\/\/www.eltako.com\/fr\/wp-json\/wp\/v2\/users\/31"}],"replies":[{"embeddable":true,"href":"https:\/\/www.eltako.com\/fr\/wp-json\/wp\/v2\/comments?post=31317"}],"version-history":[{"count":4,"href":"https:\/\/www.eltako.com\/fr\/wp-json\/wp\/v2\/pages\/31317\/revisions"}],"predecessor-version":[{"id":147468,"href":"https:\/\/www.eltako.com\/fr\/wp-json\/wp\/v2\/pages\/31317\/revisions\/147468"}],"wp:attachment":[{"href":"https:\/\/www.eltako.com\/fr\/wp-json\/wp\/v2\/media?parent=31317"}],"curies":[{"name":"wp","href":"https:\/\/api.w.org\/{rel}","templated":true}]}}