{"id":31215,"date":"2022-01-20T20:28:56","date_gmt":"2022-01-20T19:28:56","guid":{"rendered":"https:\/\/betax923lb8kd7v0.eltako.de\/enocean\/"},"modified":"2022-04-13T15:13:02","modified_gmt":"2022-04-13T13:13:02","slug":"enocean","status":"publish","type":"page","link":"https:\/\/www.eltako.com\/fr\/entreprise\/partenaires-et-alliances\/enocean\/","title":{"rendered":"EnOcean"},"content":{"rendered":"\n<div style=\"height:50px\" aria-hidden=\"true\" class=\"wp-block-spacer\"><\/div>\n\n<h2 class=\"has-text-color wp-block-heading\" id=\"enocean\" style=\"color:#016db7\">EnOcean<\/h2>\n\n<div style=\"height:50px\" aria-hidden=\"true\" class=\"wp-block-spacer\"><\/div>\n\n<p class=\"has-medium-font-size\">En 2008, nous avons rejoint l&rsquo;Alliance EnOcean et travaillons depuis en \u00e9troite collaboration avec l&rsquo;entreprise du m\u00eame nom. Aujourd&rsquo;hui, nous sommes l&rsquo;un des rares promoteurs et nous sommes devenus le fournisseur le plus complet de produits bas\u00e9s sur la technologie radio EnOcean.  <\/p>\n\n<p class=\"has-medium-font-size\">La soci\u00e9t\u00e9 EnOcean GmbH, dont le si\u00e8ge se trouve \u00e0 Oberhaching pr\u00e8s de Munich, repr\u00e9sente le standard radio en grande partie sans pile et est un pilier important de la cha\u00eene de fournisseurs des produits Professional Smart Home.  <\/p>\n\n<p class=\"has-medium-font-size\">L&rsquo;Alliance EnOcean regroupe plus de 400 entreprises de diff\u00e9rents secteurs qui commercialisent des produits et des solutions bas\u00e9s sur cette norme commune et qui ont d\u00e9j\u00e0 \u00e9quip\u00e9 plus d&rsquo;un million de b\u00e2timents dans le monde.  <\/p>\n\n<p class=\"has-medium-font-size\">En tant que partenaire de longue date, nous avons d\u00e9j\u00e0 r\u00e9alis\u00e9 de nombreux projets ensemble. L&rsquo;un des plus grands a eu lieu en 2015 \u00e0 l&rsquo;h\u00f4tel Mandarin Oriental de Macao. Gr\u00e2ce \u00e0 l&rsquo;installation \u00e9lectrique intelligente d&rsquo;Eltako et d&rsquo;EnOcean, cet h\u00f4tel de luxe offre confort et efficacit\u00e9 \u00e9nerg\u00e9tique dans tous les domaines. Les capteurs int\u00e9gr\u00e9s brillent par leur fonctionnement sans c\u00e2ble, sans pile et sans entretien, et par leur design moderne. Des sc\u00e8nes pratiques peuvent \u00eatre consult\u00e9es par les visiteurs en un clic, selon leurs souhaits. Les pictogrammes grav\u00e9s parlent d&rsquo;eux-m\u00eames et facilitent l&rsquo;utilisation.  <\/p>\n\n<p class=\"has-medium-font-size\">Pour plus de projets, d&rsquo;informations et de renseignements sur l&rsquo;entreprise EnOcean, consultez le site <strong>\n  <a href=\"https:\/\/www.enocean.com\/de\/\">ici<\/a>\n<\/strong>.  <\/p>\n\n<p><\/p>\n\n<div style=\"height:50px\" aria-hidden=\"true\" class=\"wp-block-spacer\"><\/div>\n\n<figure class=\"wp-block-image size-large\"><img decoding=\"async\" width=\"1024\" height=\"249\" src=\"https:\/\/betax923lb8kd7v0.eltako.de\/wp-content\/uploads\/2022\/02\/banner-2-1024x249.jpeg\" alt=\"\" class=\"wp-image-33516\" srcset=\"https:\/\/www.eltako.com\/wp-content\/uploads\/2022\/02\/banner-2-1024x249.jpeg 1024w, https:\/\/www.eltako.com\/wp-content\/uploads\/2022\/02\/banner-2-300x73.jpeg 300w, https:\/\/www.eltako.com\/wp-content\/uploads\/2022\/02\/banner-2-768x187.jpeg 768w, https:\/\/www.eltako.com\/wp-content\/uploads\/2022\/02\/banner-2-600x146.jpeg 600w, https:\/\/www.eltako.com\/wp-content\/uploads\/2022\/02\/banner-2.jpeg 1374w\" sizes=\"(max-width: 1024px) 100vw, 1024px\" \/><\/figure>\n\n<div style=\"height:80px\" aria-hidden=\"true\" class=\"wp-block-spacer\"><\/div>\n\n<div class=\"wp-block-columns is-layout-flex wp-container-core-columns-is-layout-9d6595d7 wp-block-columns-is-layout-flex\">\n<div class=\"wp-block-column is-layout-flow wp-block-column-is-layout-flow\">\n<p><\/p>\n\n\n\n<div style=\"height:100px\" aria-hidden=\"true\" class=\"wp-block-spacer\"><\/div>\n\n\n\n<h2 class=\"has-text-color wp-block-heading\" id=\"lorem-ipsum\" style=\"color:#016db7\"><strong>R\u00e9cup\u00e9ration d&rsquo;\u00e9nergie :<\/strong><\/h2>\n\n\n\n<div style=\"height:16px\" aria-hidden=\"true\" class=\"wp-block-spacer\"><\/div>\n\n\n\n<p class=\"has-medium-font-size\">La technologie EnOcean est bas\u00e9e sur ce que l&rsquo;on appelle l'\u00a0\u00bbEnergy Harvesting\u00a0\u00bb, qui permet de tirer de l&rsquo;environnement l&rsquo;\u00e9nergie n\u00e9cessaire \u00e0 la g\u00e9n\u00e9ration des signaux. Pour ce faire, les capteurs collectent et enregistrent la force cin\u00e9tique, thermique et solaire. Une pression sur un bouton, la diff\u00e9rence de temp\u00e9rature entre le radiateur et l&rsquo;air ambiant, ou des panneaux solaires peuvent ainsi \u00eatre utilis\u00e9s pour fournir une \u00e9nergie pr\u00e9cieuse. Gr\u00e2ce aux tr\u00e8s petits convertisseurs d&rsquo;\u00e9nergie et \u00e0 la technique radio efficace, il est possible de se passer totalement d&rsquo;un raccordement \u00e0 une batterie ou \u00e0 un c\u00e2ble. Les utilisateurs se voient ainsi proposer une technologie intelligente et surtout respectueuse de l&rsquo;environnement pour un usage priv\u00e9, qui permet en outre de r\u00e9duire la consommation d&rsquo;\u00e9lectricit\u00e9.  <\/p>\n\n\n\n<div style=\"height:56px\" aria-hidden=\"true\" class=\"wp-block-spacer\"><\/div>\n<\/div>\n\n\n\n<div class=\"wp-block-column is-layout-flow wp-block-column-is-layout-flow\">\n<figure class=\"wp-block-image size-full\"><img decoding=\"async\" width=\"800\" height=\"1000\" src=\"https:\/\/prod.wxccizj.de\/wp-content\/uploads\/2022\/02\/banner.jpg\" alt=\"\" class=\"wp-image-33573\" srcset=\"https:\/\/www.eltako.com\/wp-content\/uploads\/2022\/02\/banner.jpg 800w, https:\/\/www.eltako.com\/wp-content\/uploads\/2022\/02\/banner-240x300.jpg 240w, https:\/\/www.eltako.com\/wp-content\/uploads\/2022\/02\/banner-768x960.jpg 768w, https:\/\/www.eltako.com\/wp-content\/uploads\/2022\/02\/banner-600x750.jpg 600w\" sizes=\"(max-width: 800px) 100vw, 800px\" \/><\/figure>\n<\/div>\n<\/div>\n\n<div style=\"height:50px\" aria-hidden=\"true\" class=\"wp-block-spacer\"><\/div>\n\n<figure class=\"wp-block-image size-large\"><img decoding=\"async\" src=\"https:\/\/www.eltako.de\/wp-content\/uploads\/2021\/07\/Fill.m.1-1024x249.jpg\" alt=\"\" class=\"wp-image-35569\"\/><\/figure>\n\n<p><\/p>\n\n<div style=\"height:50px\" aria-hidden=\"true\" class=\"wp-block-spacer\"><\/div>\n\n<h2 class=\"has-text-color wp-block-heading\" id=\"lorem-ipsum\" style=\"color:#016db7\"><strong><strong>Nos produits Professional Smart Home avec le standard radio EnOcean sont des produits polyvalents pour d&rsquo;innombrables solutions intelligentes.  <\/strong> <\/strong> <\/h2>\n\n<div style=\"height:50px\" aria-hidden=\"true\" class=\"wp-block-spacer\"><\/div>\n\n<p class=\"has-medium-font-size\">Gr\u00e2ce \u00e0 leur \u00e9norme flexibilit\u00e9, ces composants peuvent \u00eatre command\u00e9s de mani\u00e8re centralis\u00e9e, d\u00e9centralis\u00e9e ou en combinant les deux.  <br\/>En option, il est \u00e9galement possible d&rsquo;utiliser un contr\u00f4leur smart home pour la commande, ce qui \u00e9largit les possibilit\u00e9s du syst\u00e8me.  <\/p>\n\n<p class=\"has-medium-font-size\">Le fait que la norme radio EnOcean soit int\u00e9gr\u00e9e chez de nombreux fabricants diff\u00e9rents lui conf\u00e8re une grande compatibilit\u00e9.  <br\/>Dans une centrale Smart Home, des produits de diff\u00e9rents secteurs et marques peuvent ainsi fonctionner ensemble dans un syst\u00e8me intelligent.  <\/p>\n\n<div style=\"height:50px\" aria-hidden=\"true\" class=\"wp-block-spacer\"><\/div>\n\n<div class=\"wp-block-columns is-layout-flex wp-container-core-columns-is-layout-9d6595d7 wp-block-columns-is-layout-flex\">\n<div class=\"wp-block-column p-3 has-background is-layout-flow wp-block-column-is-layout-flow\" style=\"background-color:#016db7\">\n<h2 class=\"has-white-color has-text-color wp-block-heading\" id=\"lorem-ipsum-1\"><\/h2>\n\n\n\n<p class=\"has-white-color has-text-color has-medium-font-size\">Si vous souhaitez en savoir plus sur le travail de l&rsquo;EnOcean Alliance et sur notre collaboration en tant que partenaire, venez sur le site <a href=\"https:\/\/www.enocean-alliance.org\"><strong>ici<\/strong> <\/a>directement sur le site web de l&rsquo;Alliance.  <\/p>\n<\/div>\n\n\n\n<div class=\"wp-block-column p-3 has-background is-layout-flow wp-block-column-is-layout-flow\" style=\"background-color:#016db7\">\n<h2 class=\"has-white-color has-text-color wp-block-heading\" id=\"lorem-ipsum-2\"><\/h2>\n\n\n\n<p class=\"has-white-color has-text-color has-medium-font-size\">Sur notre cha\u00eene YouTube, nous montrons des applications intelligentes dans lesquelles nous travaillons beaucoup avec les capteurs radio bas\u00e9s sur EnOcean. Si vous souhaitez avoir un aper\u00e7u plus d\u00e9taill\u00e9 de la gestion et de l&rsquo;int\u00e9gration de ces produits durables, rendez-vous sur le site <strong>\n  <a href=\"https:\/\/www.youtube.com\/c\/EltakoOfficial\/videos\">ici<\/a>\n<\/strong> directement \u00e0 notre compte.  <\/p>\n\n\n\n<p><\/p>\n\n\n\n<p><\/p>\n<\/div>\n<\/div>\n\n<p><\/p>\n","protected":false},"excerpt":{"rendered":"<p>EnOcean En 2008, nous avons rejoint l&rsquo;Alliance EnOcean et travaillons depuis en \u00e9troite collaboration avec l&rsquo;entreprise du m\u00eame nom. Aujourd&rsquo;hui, nous sommes l&rsquo;un des rares promoteurs et nous sommes devenus le fournisseur le plus complet de produits bas\u00e9s sur la technologie radio EnOcean. La soci\u00e9t\u00e9 EnOcean GmbH, dont le si\u00e8ge se trouve \u00e0 Oberhaching pr\u00e8s [&hellip;]<\/p>\n","protected":false},"author":31,"featured_media":23283,"parent":62737,"menu_order":1,"comment_status":"closed","ping_status":"closed","template":"templates\/custom_header.php","meta":{"_acf_changed":false,"footnotes":"","_links_to":"","_links_to_target":""},"class_list":["post-31215","page","type-page","status-publish","has-post-thumbnail","hentry"],"acf":[],"yoast_head":"<!-- This site is optimized with the Yoast SEO plugin v27.2 - https:\/\/yoast.com\/product\/yoast-seo-wordpress\/ -->\n<title>EnOcean &#187; Eltako<\/title>\n<meta name=\"robots\" content=\"index, follow, max-snippet:-1, max-image-preview:large, max-video-preview:-1\" \/>\n<link rel=\"canonical\" href=\"https:\/\/www.eltako.com\/fr\/entreprise\/partenaires-et-alliances\/enocean\/\" \/>\n<meta property=\"og:locale\" content=\"fr_FR\" \/>\n<meta property=\"og:type\" content=\"article\" \/>\n<meta property=\"og:title\" content=\"EnOcean &#187; Eltako\" \/>\n<meta property=\"og:description\" content=\"EnOcean En 2008, nous avons rejoint l&rsquo;Alliance EnOcean et travaillons depuis en \u00e9troite collaboration avec l&rsquo;entreprise du m\u00eame nom. Aujourd&rsquo;hui, nous sommes l&rsquo;un des rares promoteurs et nous sommes devenus le fournisseur le plus complet de produits bas\u00e9s sur la technologie radio EnOcean. La soci\u00e9t\u00e9 EnOcean GmbH, dont le si\u00e8ge se trouve \u00e0 Oberhaching pr\u00e8s [&hellip;]\" \/>\n<meta property=\"og:url\" content=\"https:\/\/www.eltako.com\/fr\/entreprise\/partenaires-et-alliances\/enocean\/\" \/>\n<meta property=\"og:site_name\" content=\"Eltako\" \/>\n<meta property=\"article:modified_time\" content=\"2022-04-13T13:13:02+00:00\" \/>\n<meta property=\"og:image\" content=\"https:\/\/www.eltako.com\/wp-content\/uploads\/2021\/09\/AdobeStock_134947037.jpeg\" \/>\n\t<meta property=\"og:image:width\" content=\"1920\" \/>\n\t<meta property=\"og:image:height\" content=\"1037\" \/>\n\t<meta property=\"og:image:type\" content=\"image\/jpeg\" \/>\n<meta name=\"twitter:card\" content=\"summary_large_image\" \/>\n<meta name=\"twitter:label1\" content=\"Dur\u00e9e de lecture estim\u00e9e\" \/>\n\t<meta name=\"twitter:data1\" content=\"3 minutes\" \/>\n<script type=\"application\/ld+json\" class=\"yoast-schema-graph\">{\"@context\":\"https:\/\/schema.org\",\"@graph\":[{\"@type\":\"WebPage\",\"@id\":\"https:\/\/www.eltako.com\/fr\/entreprise\/partenaires-et-alliances\/enocean\/\",\"url\":\"https:\/\/www.eltako.com\/fr\/entreprise\/partenaires-et-alliances\/enocean\/\",\"name\":\"EnOcean &#187; Eltako\",\"isPartOf\":{\"@id\":\"https:\/\/www.eltako.com\/en\/#website\"},\"primaryImageOfPage\":{\"@id\":\"https:\/\/www.eltako.com\/fr\/entreprise\/partenaires-et-alliances\/enocean\/#primaryimage\"},\"image\":{\"@id\":\"https:\/\/www.eltako.com\/fr\/entreprise\/partenaires-et-alliances\/enocean\/#primaryimage\"},\"thumbnailUrl\":\"https:\/\/www.eltako.com\/wp-content\/uploads\/2021\/09\/AdobeStock_134947037.jpeg\",\"datePublished\":\"2022-01-20T19:28:56+00:00\",\"dateModified\":\"2022-04-13T13:13:02+00:00\",\"breadcrumb\":{\"@id\":\"https:\/\/www.eltako.com\/fr\/entreprise\/partenaires-et-alliances\/enocean\/#breadcrumb\"},\"inLanguage\":\"fr-FR\",\"potentialAction\":[{\"@type\":\"ReadAction\",\"target\":[\"https:\/\/www.eltako.com\/fr\/entreprise\/partenaires-et-alliances\/enocean\/\"]}]},{\"@type\":\"ImageObject\",\"inLanguage\":\"fr-FR\",\"@id\":\"https:\/\/www.eltako.com\/fr\/entreprise\/partenaires-et-alliances\/enocean\/#primaryimage\",\"url\":\"https:\/\/www.eltako.com\/wp-content\/uploads\/2021\/09\/AdobeStock_134947037.jpeg\",\"contentUrl\":\"https:\/\/www.eltako.com\/wp-content\/uploads\/2021\/09\/AdobeStock_134947037.jpeg\",\"width\":1920,\"height\":1037},{\"@type\":\"BreadcrumbList\",\"@id\":\"https:\/\/www.eltako.com\/fr\/entreprise\/partenaires-et-alliances\/enocean\/#breadcrumb\",\"itemListElement\":[{\"@type\":\"ListItem\",\"position\":1,\"name\":\"Page d\u2019accueil\",\"item\":\"https:\/\/www.eltako.com\/fr\/\"},{\"@type\":\"ListItem\",\"position\":2,\"name\":\"Entreprise\",\"item\":\"https:\/\/www.eltako.com\/fr\/entreprise\/\"},{\"@type\":\"ListItem\",\"position\":3,\"name\":\"Partenaires et alliances\",\"item\":\"https:\/\/www.eltako.com\/fr\/entreprise\/partenaires-et-alliances\/\"},{\"@type\":\"ListItem\",\"position\":4,\"name\":\"EnOcean\"}]},{\"@type\":\"WebSite\",\"@id\":\"https:\/\/www.eltako.com\/en\/#website\",\"url\":\"https:\/\/www.eltako.com\/en\/\",\"name\":\"Eltako\",\"description\":\"Schaltger\u00e4te, Netzteile, Stromz\u00e4hler, Dimmer, Geb\u00e4udeinstallation, Steuerungstechnik, Smart Home-L\u00f6sungen, Geb\u00e4udefunk, EnOcean-Technologie\",\"potentialAction\":[{\"@type\":\"SearchAction\",\"target\":{\"@type\":\"EntryPoint\",\"urlTemplate\":\"https:\/\/www.eltako.com\/en\/?s={search_term_string}\"},\"query-input\":{\"@type\":\"PropertyValueSpecification\",\"valueRequired\":true,\"valueName\":\"search_term_string\"}}],\"inLanguage\":\"fr-FR\"}]}<\/script>\n<!-- \/ Yoast SEO plugin. -->","yoast_head_json":{"title":"EnOcean &#187; Eltako","robots":{"index":"index","follow":"follow","max-snippet":"max-snippet:-1","max-image-preview":"max-image-preview:large","max-video-preview":"max-video-preview:-1"},"canonical":"https:\/\/www.eltako.com\/fr\/entreprise\/partenaires-et-alliances\/enocean\/","og_locale":"fr_FR","og_type":"article","og_title":"EnOcean &#187; Eltako","og_description":"EnOcean En 2008, nous avons rejoint l&rsquo;Alliance EnOcean et travaillons depuis en \u00e9troite collaboration avec l&rsquo;entreprise du m\u00eame nom. Aujourd&rsquo;hui, nous sommes l&rsquo;un des rares promoteurs et nous sommes devenus le fournisseur le plus complet de produits bas\u00e9s sur la technologie radio EnOcean. La soci\u00e9t\u00e9 EnOcean GmbH, dont le si\u00e8ge se trouve \u00e0 Oberhaching pr\u00e8s [&hellip;]","og_url":"https:\/\/www.eltako.com\/fr\/entreprise\/partenaires-et-alliances\/enocean\/","og_site_name":"Eltako","article_modified_time":"2022-04-13T13:13:02+00:00","og_image":[{"width":1920,"height":1037,"url":"https:\/\/www.eltako.com\/wp-content\/uploads\/2021\/09\/AdobeStock_134947037.jpeg","type":"image\/jpeg"}],"twitter_card":"summary_large_image","twitter_misc":{"Dur\u00e9e de lecture estim\u00e9e":"3 minutes"},"schema":{"@context":"https:\/\/schema.org","@graph":[{"@type":"WebPage","@id":"https:\/\/www.eltako.com\/fr\/entreprise\/partenaires-et-alliances\/enocean\/","url":"https:\/\/www.eltako.com\/fr\/entreprise\/partenaires-et-alliances\/enocean\/","name":"EnOcean &#187; Eltako","isPartOf":{"@id":"https:\/\/www.eltako.com\/en\/#website"},"primaryImageOfPage":{"@id":"https:\/\/www.eltako.com\/fr\/entreprise\/partenaires-et-alliances\/enocean\/#primaryimage"},"image":{"@id":"https:\/\/www.eltako.com\/fr\/entreprise\/partenaires-et-alliances\/enocean\/#primaryimage"},"thumbnailUrl":"https:\/\/www.eltako.com\/wp-content\/uploads\/2021\/09\/AdobeStock_134947037.jpeg","datePublished":"2022-01-20T19:28:56+00:00","dateModified":"2022-04-13T13:13:02+00:00","breadcrumb":{"@id":"https:\/\/www.eltako.com\/fr\/entreprise\/partenaires-et-alliances\/enocean\/#breadcrumb"},"inLanguage":"fr-FR","potentialAction":[{"@type":"ReadAction","target":["https:\/\/www.eltako.com\/fr\/entreprise\/partenaires-et-alliances\/enocean\/"]}]},{"@type":"ImageObject","inLanguage":"fr-FR","@id":"https:\/\/www.eltako.com\/fr\/entreprise\/partenaires-et-alliances\/enocean\/#primaryimage","url":"https:\/\/www.eltako.com\/wp-content\/uploads\/2021\/09\/AdobeStock_134947037.jpeg","contentUrl":"https:\/\/www.eltako.com\/wp-content\/uploads\/2021\/09\/AdobeStock_134947037.jpeg","width":1920,"height":1037},{"@type":"BreadcrumbList","@id":"https:\/\/www.eltako.com\/fr\/entreprise\/partenaires-et-alliances\/enocean\/#breadcrumb","itemListElement":[{"@type":"ListItem","position":1,"name":"Page d\u2019accueil","item":"https:\/\/www.eltako.com\/fr\/"},{"@type":"ListItem","position":2,"name":"Entreprise","item":"https:\/\/www.eltako.com\/fr\/entreprise\/"},{"@type":"ListItem","position":3,"name":"Partenaires et alliances","item":"https:\/\/www.eltako.com\/fr\/entreprise\/partenaires-et-alliances\/"},{"@type":"ListItem","position":4,"name":"EnOcean"}]},{"@type":"WebSite","@id":"https:\/\/www.eltako.com\/en\/#website","url":"https:\/\/www.eltako.com\/en\/","name":"Eltako","description":"Schaltger\u00e4te, Netzteile, Stromz\u00e4hler, Dimmer, Geb\u00e4udeinstallation, Steuerungstechnik, Smart Home-L\u00f6sungen, Geb\u00e4udefunk, EnOcean-Technologie","potentialAction":[{"@type":"SearchAction","target":{"@type":"EntryPoint","urlTemplate":"https:\/\/www.eltako.com\/en\/?s={search_term_string}"},"query-input":{"@type":"PropertyValueSpecification","valueRequired":true,"valueName":"search_term_string"}}],"inLanguage":"fr-FR"}]}},"_links":{"self":[{"href":"https:\/\/www.eltako.com\/fr\/wp-json\/wp\/v2\/pages\/31215","targetHints":{"allow":["GET"]}}],"collection":[{"href":"https:\/\/www.eltako.com\/fr\/wp-json\/wp\/v2\/pages"}],"about":[{"href":"https:\/\/www.eltako.com\/fr\/wp-json\/wp\/v2\/types\/page"}],"author":[{"embeddable":true,"href":"https:\/\/www.eltako.com\/fr\/wp-json\/wp\/v2\/users\/31"}],"replies":[{"embeddable":true,"href":"https:\/\/www.eltako.com\/fr\/wp-json\/wp\/v2\/comments?post=31215"}],"version-history":[{"count":0,"href":"https:\/\/www.eltako.com\/fr\/wp-json\/wp\/v2\/pages\/31215\/revisions"}],"up":[{"embeddable":true,"href":"https:\/\/www.eltako.com\/fr\/wp-json\/wp\/v2\/pages\/62737"}],"wp:featuredmedia":[{"embeddable":true,"href":"https:\/\/www.eltako.com\/fr\/wp-json\/wp\/v2\/media\/23283"}],"wp:attachment":[{"href":"https:\/\/www.eltako.com\/fr\/wp-json\/wp\/v2\/media?parent=31215"}],"curies":[{"name":"wp","href":"https:\/\/api.w.org\/{rel}","templated":true}]}}