{"id":31196,"date":"2022-01-20T19:14:44","date_gmt":"2022-01-20T18:14:44","guid":{"rendered":"https:\/\/betax923lb8kd7v0.eltako.de\/mediola\/"},"modified":"2022-03-29T05:33:23","modified_gmt":"2022-03-29T03:33:23","slug":"mediola","status":"publish","type":"page","link":"https:\/\/www.eltako.com\/fr\/entreprise\/partenaires-et-alliances\/mediola\/","title":{"rendered":"Mediola"},"content":{"rendered":"\n<div style=\"height:40px\" aria-hidden=\"true\" class=\"wp-block-spacer\"><\/div>\n\n<p class=\"has-medium-font-size\">La coop\u00e9ration entre Eltako et mediola\u00ae combine les points forts des deux entreprises et tire ainsi le meilleur parti de leurs comp\u00e9tences respectives. Les ressources sont ainsi \u00e9conomis\u00e9es des deux c\u00f4t\u00e9s, ce qui permet d&rsquo;obtenir le produit optimal, au prix optimal pour nos clients.<\/p>\n\n<div style=\"height:40px\" aria-hidden=\"true\" class=\"wp-block-spacer\"><\/div>\n\n<figure class=\"wp-block-image size-large\"><img decoding=\"async\" width=\"1024\" height=\"455\" src=\"https:\/\/prod.wxccizj.de\/wp-content\/uploads\/2021\/09\/Bild-2-1024x455.png\" alt=\"\" class=\"wp-image-23395\" srcset=\"https:\/\/www.eltako.com\/wp-content\/uploads\/2021\/09\/Bild-2-1024x455.png 1024w, https:\/\/www.eltako.com\/wp-content\/uploads\/2021\/09\/Bild-2-300x133.png 300w, https:\/\/www.eltako.com\/wp-content\/uploads\/2021\/09\/Bild-2-768x341.png 768w, https:\/\/www.eltako.com\/wp-content\/uploads\/2021\/09\/Bild-2-1536x683.png 1536w, https:\/\/www.eltako.com\/wp-content\/uploads\/2021\/09\/Bild-2-600x267.png 600w, https:\/\/www.eltako.com\/wp-content\/uploads\/2021\/09\/Bild-2.png 1800w\" sizes=\"(max-width: 1024px) 100vw, 1024px\" \/><\/figure>\n<div style=\"height:40px\" aria-hidden=\"true\" class=\"wp-block-spacer\"><\/div>\n\n<h3 class=\"wp-block-heading\" id=\"wer-ist-mediola\"><strong>Qui est mediola\u00ae ?<\/strong><\/h3>\n\n<p class=\"has-medium-font-size\">mediola\u00ae fabrique des solutions IoT et des contr\u00f4leurs de maison intelligents qui permettent aux clients de les utiliser dans toutes les marques et tous les secteurs. Son syst\u00e8me permet de combiner diff\u00e9rents appareils, provenant de nombreux fabricants diff\u00e9rents, au sein d&rsquo;une m\u00eame installation et de les rendre compl\u00e9mentaires. Cela permet de gagner du temps, de l&rsquo;argent et le client reste ind\u00e9pendant dans le choix des fabricants. L&rsquo;entreprise a \u00e9t\u00e9 fond\u00e9e en 2007 \u00e0 Francfort et propose actuellement 2 applications diff\u00e9rentes sur le march\u00e9 : l&rsquo;application IQONTROL NEO est pr\u00e9-con\u00e7ue, intuitive et facile \u00e0 utiliser, tandis que l&rsquo;application AIO CREATOR NEO est adapt\u00e9e \u00e0 une utilisation plus professionnelle et offre des adaptations flexibles jusqu&rsquo;\u00e0 une interface utilisateur enti\u00e8rement personnalis\u00e9e.<\/p>\n\n<div style=\"height:40px\" aria-hidden=\"true\" class=\"wp-block-spacer\"><\/div>\n\n<figure class=\"wp-block-image size-large\"><img decoding=\"async\" width=\"1024\" height=\"455\" src=\"https:\/\/prod.wxccizj.de\/wp-content\/uploads\/2021\/09\/Bild-3-1024x455.png\" alt=\"\" class=\"wp-image-23409\" srcset=\"https:\/\/www.eltako.com\/wp-content\/uploads\/2021\/09\/Bild-3-1024x455.png 1024w, https:\/\/www.eltako.com\/wp-content\/uploads\/2021\/09\/Bild-3-300x133.png 300w, https:\/\/www.eltako.com\/wp-content\/uploads\/2021\/09\/Bild-3-768x341.png 768w, https:\/\/www.eltako.com\/wp-content\/uploads\/2021\/09\/Bild-3-1536x683.png 1536w, https:\/\/www.eltako.com\/wp-content\/uploads\/2021\/09\/Bild-3-600x267.png 600w, https:\/\/www.eltako.com\/wp-content\/uploads\/2021\/09\/Bild-3.png 1800w\" sizes=\"(max-width: 1024px) 100vw, 1024px\" \/><\/figure>\n<div style=\"height:40px\" aria-hidden=\"true\" class=\"wp-block-spacer\"><\/div>\n\n<h3 class=\"wp-block-heading\" id=\"eltako-und-mediola\"><strong>Eltako et mediola<\/strong><\/h3>\n\n<p class=\"has-medium-font-size\">Notre expertise en tant que sp\u00e9cialiste du b\u00e2timent et les solutions de maison intelligente multi-constructeurs de mediola permettent de relier nos produits \u00e0 ceux d&rsquo;autres fabricants et secteurs et offrent aux clients un large \u00e9ventail d&rsquo;applications.<\/p>\n\n<p class=\"has-medium-font-size\">Il en r\u00e9sulte un syst\u00e8me de maison intelligente tout-en-un qui permet de contr\u00f4ler et d&rsquo;automatiser intelligemment chaque maison.<\/p>\n\n<p class=\"has-medium-font-size\">Le nouveau MiniSafe2, en combinaison avec la nouvelle application GFA5, est le premier r\u00e9sultat de cette collaboration. Un contr\u00f4leur Smart Home id\u00e9al pour le monde des produits Eltako et une application intuitive pour l&rsquo;utilisation. Vous pouvez ainsi transformer n&rsquo;importe quelle maison en une maison intelligente sans avoir besoin de connaissances particuli\u00e8res !<\/p>\n\n<div style=\"height:40px\" aria-hidden=\"true\" class=\"wp-block-spacer\"><\/div>\n\n<figure class=\"wp-block-image size-large\"><img decoding=\"async\" width=\"1024\" height=\"455\" src=\"https:\/\/prod.wxccizj.de\/wp-content\/uploads\/2021\/09\/Bild-5-1024x455.png\" alt=\"\" class=\"wp-image-23418\" srcset=\"https:\/\/www.eltako.com\/wp-content\/uploads\/2021\/09\/Bild-5-1024x455.png 1024w, https:\/\/www.eltako.com\/wp-content\/uploads\/2021\/09\/Bild-5-300x133.png 300w, https:\/\/www.eltako.com\/wp-content\/uploads\/2021\/09\/Bild-5-768x341.png 768w, https:\/\/www.eltako.com\/wp-content\/uploads\/2021\/09\/Bild-5-1536x683.png 1536w, https:\/\/www.eltako.com\/wp-content\/uploads\/2021\/09\/Bild-5-600x267.png 600w, https:\/\/www.eltako.com\/wp-content\/uploads\/2021\/09\/Bild-5.png 1800w\" sizes=\"(max-width: 1024px) 100vw, 1024px\" \/><\/figure>\n<div style=\"height:40px\" aria-hidden=\"true\" class=\"wp-block-spacer\"><\/div>\n\n<h3 class=\"wp-block-heading\" id=\"social-media-prasenz-und-neue-informationen\"><strong>Pr\u00e9sence sur les m\u00e9dias sociaux et nouvelles informations :<\/strong><\/h3>\n\n<p class=\"has-medium-font-size\">Sur Instagram, Facebook, YouTube &amp; Co., il y a r\u00e9guli\u00e8rement des mises \u00e0 jour sur diff\u00e9rents th\u00e8mes et donc toujours quelque chose de nouveau sur notre collaboration avec mediola\u00ae.<\/p>\n\n<p class=\"has-medium-font-size\">Ce lien vous permet d&rsquo;acc\u00e9der \u00e0 notre <a href=\"#newsletter-modal\" data-toggle=\"modal\" data-target=\"#newsletter-modal\">\n                  \n                  \n                    <span>Bulletin d&rsquo;information<\/span>\n                 \n                <\/a> pour en savoir plus sur notre collaboration :<\/p>\n\n<p class=\"has-medium-font-size\">Si vous souhaitez en savoir plus sur mediola\u00ae :<\/p>\n\n<p class=\"has-medium-font-size\"><a href=\"https:\/\/www.mediola.com\">https:\/\/www.mediola.com  <\/a><\/p>\n\n<p class=\"has-medium-font-size\"><a href=\"https:\/\/www.mediola.com\/eltako-mit-mediola-steuern\">https:\/\/www.mediola.com\/eltako-mit-mediola-steuern<\/a><\/p>\n\n<p class=\"has-medium-font-size\">Suivez-nous sur <a href=\"https:\/\/www.instagram.com\/eltako_official\/?hl=en\">Instagram<\/a> et <a href=\"https:\/\/www.facebook.com\/eltakoofficial\/\">Facebook<\/a> et ne manquez aucun post !<\/p>\n","protected":false},"excerpt":{"rendered":"<p>La coop\u00e9ration entre Eltako et mediola\u00ae combine les points forts des deux entreprises et tire ainsi le meilleur parti de leurs comp\u00e9tences respectives. Les ressources sont ainsi \u00e9conomis\u00e9es des deux c\u00f4t\u00e9s, ce qui permet d&rsquo;obtenir le produit optimal, au prix optimal pour nos clients. Qui est mediola\u00ae ? mediola\u00ae fabrique des solutions IoT et des [&hellip;]<\/p>\n","protected":false},"author":31,"featured_media":23384,"parent":62737,"menu_order":5,"comment_status":"closed","ping_status":"closed","template":"templates\/custom_header.php","meta":{"_acf_changed":false,"footnotes":"","_links_to":"","_links_to_target":""},"class_list":["post-31196","page","type-page","status-publish","has-post-thumbnail","hentry"],"acf":[],"yoast_head":"<!-- This site is optimized with the Yoast SEO plugin v27.2 - https:\/\/yoast.com\/product\/yoast-seo-wordpress\/ -->\n<title>Mediola &#187; Eltako<\/title>\n<meta name=\"robots\" content=\"index, follow, max-snippet:-1, max-image-preview:large, max-video-preview:-1\" \/>\n<link rel=\"canonical\" href=\"https:\/\/www.eltako.com\/fr\/entreprise\/partenaires-et-alliances\/mediola\/\" \/>\n<meta property=\"og:locale\" content=\"fr_FR\" \/>\n<meta property=\"og:type\" content=\"article\" \/>\n<meta property=\"og:title\" content=\"Mediola &#187; Eltako\" \/>\n<meta property=\"og:description\" content=\"La coop\u00e9ration entre Eltako et mediola\u00ae combine les points forts des deux entreprises et tire ainsi le meilleur parti de leurs comp\u00e9tences respectives. Les ressources sont ainsi \u00e9conomis\u00e9es des deux c\u00f4t\u00e9s, ce qui permet d&rsquo;obtenir le produit optimal, au prix optimal pour nos clients. Qui est mediola\u00ae ? mediola\u00ae fabrique des solutions IoT et des [&hellip;]\" \/>\n<meta property=\"og:url\" content=\"https:\/\/www.eltako.com\/fr\/entreprise\/partenaires-et-alliances\/mediola\/\" \/>\n<meta property=\"og:site_name\" content=\"Eltako\" \/>\n<meta property=\"article:modified_time\" content=\"2022-03-29T03:33:23+00:00\" \/>\n<meta property=\"og:image\" content=\"https:\/\/www.eltako.com\/wp-content\/uploads\/2021\/09\/mediola.jpg\" \/>\n\t<meta property=\"og:image:width\" content=\"1366\" \/>\n\t<meta property=\"og:image:height\" content=\"752\" \/>\n\t<meta property=\"og:image:type\" content=\"image\/jpeg\" \/>\n<meta name=\"twitter:card\" content=\"summary_large_image\" \/>\n<meta name=\"twitter:label1\" content=\"Dur\u00e9e de lecture estim\u00e9e\" \/>\n\t<meta name=\"twitter:data1\" content=\"2 minutes\" \/>\n<script type=\"application\/ld+json\" class=\"yoast-schema-graph\">{\"@context\":\"https:\/\/schema.org\",\"@graph\":[{\"@type\":\"WebPage\",\"@id\":\"https:\/\/www.eltako.com\/fr\/entreprise\/partenaires-et-alliances\/mediola\/\",\"url\":\"https:\/\/www.eltako.com\/fr\/entreprise\/partenaires-et-alliances\/mediola\/\",\"name\":\"Mediola &#187; Eltako\",\"isPartOf\":{\"@id\":\"https:\/\/www.eltako.com\/en\/#website\"},\"primaryImageOfPage\":{\"@id\":\"https:\/\/www.eltako.com\/fr\/entreprise\/partenaires-et-alliances\/mediola\/#primaryimage\"},\"image\":{\"@id\":\"https:\/\/www.eltako.com\/fr\/entreprise\/partenaires-et-alliances\/mediola\/#primaryimage\"},\"thumbnailUrl\":\"https:\/\/www.eltako.com\/wp-content\/uploads\/2021\/09\/mediola.jpg\",\"datePublished\":\"2022-01-20T18:14:44+00:00\",\"dateModified\":\"2022-03-29T03:33:23+00:00\",\"breadcrumb\":{\"@id\":\"https:\/\/www.eltako.com\/fr\/entreprise\/partenaires-et-alliances\/mediola\/#breadcrumb\"},\"inLanguage\":\"fr-FR\",\"potentialAction\":[{\"@type\":\"ReadAction\",\"target\":[\"https:\/\/www.eltako.com\/fr\/entreprise\/partenaires-et-alliances\/mediola\/\"]}]},{\"@type\":\"ImageObject\",\"inLanguage\":\"fr-FR\",\"@id\":\"https:\/\/www.eltako.com\/fr\/entreprise\/partenaires-et-alliances\/mediola\/#primaryimage\",\"url\":\"https:\/\/www.eltako.com\/wp-content\/uploads\/2021\/09\/mediola.jpg\",\"contentUrl\":\"https:\/\/www.eltako.com\/wp-content\/uploads\/2021\/09\/mediola.jpg\",\"width\":1366,\"height\":752},{\"@type\":\"BreadcrumbList\",\"@id\":\"https:\/\/www.eltako.com\/fr\/entreprise\/partenaires-et-alliances\/mediola\/#breadcrumb\",\"itemListElement\":[{\"@type\":\"ListItem\",\"position\":1,\"name\":\"Page d\u2019accueil\",\"item\":\"https:\/\/www.eltako.com\/fr\/\"},{\"@type\":\"ListItem\",\"position\":2,\"name\":\"Entreprise\",\"item\":\"https:\/\/www.eltako.com\/fr\/entreprise\/\"},{\"@type\":\"ListItem\",\"position\":3,\"name\":\"Partenaires et alliances\",\"item\":\"https:\/\/www.eltako.com\/fr\/entreprise\/partenaires-et-alliances\/\"},{\"@type\":\"ListItem\",\"position\":4,\"name\":\"Mediola\"}]},{\"@type\":\"WebSite\",\"@id\":\"https:\/\/www.eltako.com\/en\/#website\",\"url\":\"https:\/\/www.eltako.com\/en\/\",\"name\":\"Eltako\",\"description\":\"Schaltger\u00e4te, Netzteile, Stromz\u00e4hler, Dimmer, Geb\u00e4udeinstallation, Steuerungstechnik, Smart Home-L\u00f6sungen, Geb\u00e4udefunk, EnOcean-Technologie\",\"potentialAction\":[{\"@type\":\"SearchAction\",\"target\":{\"@type\":\"EntryPoint\",\"urlTemplate\":\"https:\/\/www.eltako.com\/en\/?s={search_term_string}\"},\"query-input\":{\"@type\":\"PropertyValueSpecification\",\"valueRequired\":true,\"valueName\":\"search_term_string\"}}],\"inLanguage\":\"fr-FR\"}]}<\/script>\n<!-- \/ Yoast SEO plugin. -->","yoast_head_json":{"title":"Mediola &#187; Eltako","robots":{"index":"index","follow":"follow","max-snippet":"max-snippet:-1","max-image-preview":"max-image-preview:large","max-video-preview":"max-video-preview:-1"},"canonical":"https:\/\/www.eltako.com\/fr\/entreprise\/partenaires-et-alliances\/mediola\/","og_locale":"fr_FR","og_type":"article","og_title":"Mediola &#187; Eltako","og_description":"La coop\u00e9ration entre Eltako et mediola\u00ae combine les points forts des deux entreprises et tire ainsi le meilleur parti de leurs comp\u00e9tences respectives. Les ressources sont ainsi \u00e9conomis\u00e9es des deux c\u00f4t\u00e9s, ce qui permet d&rsquo;obtenir le produit optimal, au prix optimal pour nos clients. Qui est mediola\u00ae ? mediola\u00ae fabrique des solutions IoT et des [&hellip;]","og_url":"https:\/\/www.eltako.com\/fr\/entreprise\/partenaires-et-alliances\/mediola\/","og_site_name":"Eltako","article_modified_time":"2022-03-29T03:33:23+00:00","og_image":[{"width":1366,"height":752,"url":"https:\/\/www.eltako.com\/wp-content\/uploads\/2021\/09\/mediola.jpg","type":"image\/jpeg"}],"twitter_card":"summary_large_image","twitter_misc":{"Dur\u00e9e de lecture estim\u00e9e":"2 minutes"},"schema":{"@context":"https:\/\/schema.org","@graph":[{"@type":"WebPage","@id":"https:\/\/www.eltako.com\/fr\/entreprise\/partenaires-et-alliances\/mediola\/","url":"https:\/\/www.eltako.com\/fr\/entreprise\/partenaires-et-alliances\/mediola\/","name":"Mediola &#187; Eltako","isPartOf":{"@id":"https:\/\/www.eltako.com\/en\/#website"},"primaryImageOfPage":{"@id":"https:\/\/www.eltako.com\/fr\/entreprise\/partenaires-et-alliances\/mediola\/#primaryimage"},"image":{"@id":"https:\/\/www.eltako.com\/fr\/entreprise\/partenaires-et-alliances\/mediola\/#primaryimage"},"thumbnailUrl":"https:\/\/www.eltako.com\/wp-content\/uploads\/2021\/09\/mediola.jpg","datePublished":"2022-01-20T18:14:44+00:00","dateModified":"2022-03-29T03:33:23+00:00","breadcrumb":{"@id":"https:\/\/www.eltako.com\/fr\/entreprise\/partenaires-et-alliances\/mediola\/#breadcrumb"},"inLanguage":"fr-FR","potentialAction":[{"@type":"ReadAction","target":["https:\/\/www.eltako.com\/fr\/entreprise\/partenaires-et-alliances\/mediola\/"]}]},{"@type":"ImageObject","inLanguage":"fr-FR","@id":"https:\/\/www.eltako.com\/fr\/entreprise\/partenaires-et-alliances\/mediola\/#primaryimage","url":"https:\/\/www.eltako.com\/wp-content\/uploads\/2021\/09\/mediola.jpg","contentUrl":"https:\/\/www.eltako.com\/wp-content\/uploads\/2021\/09\/mediola.jpg","width":1366,"height":752},{"@type":"BreadcrumbList","@id":"https:\/\/www.eltako.com\/fr\/entreprise\/partenaires-et-alliances\/mediola\/#breadcrumb","itemListElement":[{"@type":"ListItem","position":1,"name":"Page d\u2019accueil","item":"https:\/\/www.eltako.com\/fr\/"},{"@type":"ListItem","position":2,"name":"Entreprise","item":"https:\/\/www.eltako.com\/fr\/entreprise\/"},{"@type":"ListItem","position":3,"name":"Partenaires et alliances","item":"https:\/\/www.eltako.com\/fr\/entreprise\/partenaires-et-alliances\/"},{"@type":"ListItem","position":4,"name":"Mediola"}]},{"@type":"WebSite","@id":"https:\/\/www.eltako.com\/en\/#website","url":"https:\/\/www.eltako.com\/en\/","name":"Eltako","description":"Schaltger\u00e4te, Netzteile, Stromz\u00e4hler, Dimmer, Geb\u00e4udeinstallation, Steuerungstechnik, Smart Home-L\u00f6sungen, Geb\u00e4udefunk, EnOcean-Technologie","potentialAction":[{"@type":"SearchAction","target":{"@type":"EntryPoint","urlTemplate":"https:\/\/www.eltako.com\/en\/?s={search_term_string}"},"query-input":{"@type":"PropertyValueSpecification","valueRequired":true,"valueName":"search_term_string"}}],"inLanguage":"fr-FR"}]}},"_links":{"self":[{"href":"https:\/\/www.eltako.com\/fr\/wp-json\/wp\/v2\/pages\/31196","targetHints":{"allow":["GET"]}}],"collection":[{"href":"https:\/\/www.eltako.com\/fr\/wp-json\/wp\/v2\/pages"}],"about":[{"href":"https:\/\/www.eltako.com\/fr\/wp-json\/wp\/v2\/types\/page"}],"author":[{"embeddable":true,"href":"https:\/\/www.eltako.com\/fr\/wp-json\/wp\/v2\/users\/31"}],"replies":[{"embeddable":true,"href":"https:\/\/www.eltako.com\/fr\/wp-json\/wp\/v2\/comments?post=31196"}],"version-history":[{"count":0,"href":"https:\/\/www.eltako.com\/fr\/wp-json\/wp\/v2\/pages\/31196\/revisions"}],"up":[{"embeddable":true,"href":"https:\/\/www.eltako.com\/fr\/wp-json\/wp\/v2\/pages\/62737"}],"wp:featuredmedia":[{"embeddable":true,"href":"https:\/\/www.eltako.com\/fr\/wp-json\/wp\/v2\/media\/23384"}],"wp:attachment":[{"href":"https:\/\/www.eltako.com\/fr\/wp-json\/wp\/v2\/media?parent=31196"}],"curies":[{"name":"wp","href":"https:\/\/api.w.org\/{rel}","templated":true}]}}