{"id":31171,"date":"2022-01-20T19:00:10","date_gmt":"2022-01-20T18:00:10","guid":{"rendered":"https:\/\/betax923lb8kd7v0.eltako.de\/aruba\/"},"modified":"2022-04-13T15:12:07","modified_gmt":"2022-04-13T13:12:07","slug":"aruba","status":"publish","type":"page","link":"https:\/\/www.eltako.com\/fr\/entreprise\/partenaires-et-alliances\/aruba\/","title":{"rendered":"Aruba"},"content":{"rendered":"\n<h2 class=\"wp-block-heading\" id=\"aruba-ist-nun-teil-der-enocean-alliance\"><strong>Aruba fait d\u00e9sormais partie de l&rsquo;Alliance EnOcean !<\/strong><\/h2>\n\n<div style=\"height:40px\" aria-hidden=\"true\" class=\"wp-block-spacer\"><\/div>\n\n<div class=\"wp-block-columns is-layout-flex wp-container-core-columns-is-layout-9d6595d7 wp-block-columns-is-layout-flex\">\n<div class=\"wp-block-column is-layout-flow wp-block-column-is-layout-flow\">\n<figure class=\"wp-block-image size-large is-style-default\"><img decoding=\"async\" width=\"1024\" height=\"1009\" src=\"https:\/\/betax923lb8kd7v0.eltako.de\/wp-content\/uploads\/2022\/02\/thumbnail-1024x1009.jpg\" alt=\"\" class=\"wp-image-33936\" srcset=\"https:\/\/www.eltako.com\/wp-content\/uploads\/2022\/02\/thumbnail-1024x1009.jpg 1024w, https:\/\/www.eltako.com\/wp-content\/uploads\/2022\/02\/thumbnail-300x295.jpg 300w, https:\/\/www.eltako.com\/wp-content\/uploads\/2022\/02\/thumbnail-768x756.jpg 768w, https:\/\/www.eltako.com\/wp-content\/uploads\/2022\/02\/thumbnail-600x591.jpg 600w, https:\/\/www.eltako.com\/wp-content\/uploads\/2022\/02\/thumbnail-100x100.jpg 100w, https:\/\/www.eltako.com\/wp-content\/uploads\/2022\/02\/thumbnail.jpg 1462w\" sizes=\"(max-width: 1024px) 100vw, 1024px\" \/><\/figure>\n<\/div>\n\n\n\n<div class=\"wp-block-column is-layout-flow wp-block-column-is-layout-flow\">\n<p class=\"has-medium-font-size\">L&rsquo;entreprise californienne est un pr\u00e9curseur des services IoT et apporte \u00e0 l&rsquo;alliance non seulement un vaste r\u00e9seau de clients, mais aussi une technologie imbattable. Avec les solutions radio Energy Harvesting d&rsquo;EnOcean, le client se voit proposer un syst\u00e8me qui rend sa maison non seulement plus intelligente aujourd&rsquo;hui, mais qui lui permet \u00e9galement de rester adaptable et am\u00e9liorable \u00e0 l&rsquo;avenir. Les appareils IoT collectent les donn\u00e9es des applications et cr\u00e9ent ainsi un jumeau num\u00e9rique bas\u00e9 sur le cloud. Ainsi, les appareils apprennent les exigences souhait\u00e9es en mati\u00e8re de s\u00e9curit\u00e9, les besoins en \u00e9nergie et l&rsquo;\u00e9tat actuel de l&rsquo;environnement. Plus il est possible de collecter de donn\u00e9es, plus les b\u00e2timents deviennent intelligents et adaptables.<\/p>\n\n\n\n<p class=\"has-medium-font-size\">Cette collaboration apporte un grand avantage \u00e0 tous les membres de l&rsquo;Alliance EnOcean et constitue une nouvelle \u00e9tape importante vers la num\u00e9risation et l&rsquo;habitat intelligent.<\/p>\n\n\n\n<p style=\"font-size:16px\">Pour plus d&rsquo;informations, voir <a href=\"https:\/\/www.enocean-alliance.org\/de\/aruba\/\">: https:\/\/www.enocean-alliance.org\/de\/aruba\/<\/a><\/p>\n<\/div>\n<\/div>\n\n<p><\/p>\n\n<figure class=\"wp-block-image size-large\"><img decoding=\"async\" width=\"1024\" height=\"455\" src=\"https:\/\/betax923lb8kd7v0.eltako.de\/wp-content\/uploads\/2021\/09\/2-1024x455.jpg\" alt=\"\" class=\"wp-image-23453\" srcset=\"https:\/\/www.eltako.com\/wp-content\/uploads\/2021\/09\/2-1024x455.jpg 1024w, https:\/\/www.eltako.com\/wp-content\/uploads\/2021\/09\/2-300x133.jpg 300w, https:\/\/www.eltako.com\/wp-content\/uploads\/2021\/09\/2-768x341.jpg 768w, https:\/\/www.eltako.com\/wp-content\/uploads\/2021\/09\/2-1536x683.jpg 1536w, https:\/\/www.eltako.com\/wp-content\/uploads\/2021\/09\/2-600x267.jpg 600w, https:\/\/www.eltako.com\/wp-content\/uploads\/2021\/09\/2.jpg 1600w\" sizes=\"(max-width: 1024px) 100vw, 1024px\" \/><\/figure>\n","protected":false},"excerpt":{"rendered":"<p>Aruba fait d\u00e9sormais partie de l&rsquo;Alliance EnOcean ! L&rsquo;entreprise californienne est un pr\u00e9curseur des services IoT et apporte \u00e0 l&rsquo;alliance non seulement un vaste r\u00e9seau de clients, mais aussi une technologie imbattable. Avec les solutions radio Energy Harvesting d&rsquo;EnOcean, le client se voit proposer un syst\u00e8me qui rend sa maison non seulement plus intelligente aujourd&rsquo;hui, [&hellip;]<\/p>\n","protected":false},"author":31,"featured_media":0,"parent":62737,"menu_order":0,"comment_status":"closed","ping_status":"closed","template":"templates\/custom_header.php","meta":{"_acf_changed":false,"footnotes":"","_links_to":"","_links_to_target":""},"class_list":["post-31171","page","type-page","status-publish","hentry"],"acf":[],"yoast_head":"<!-- This site is optimized with the Yoast SEO plugin v27.2 - https:\/\/yoast.com\/product\/yoast-seo-wordpress\/ -->\n<title>Aruba &#187; Eltako<\/title>\n<meta name=\"robots\" content=\"index, follow, max-snippet:-1, max-image-preview:large, max-video-preview:-1\" \/>\n<link rel=\"canonical\" href=\"https:\/\/www.eltako.com\/fr\/entreprise\/partenaires-et-alliances\/aruba\/\" \/>\n<meta property=\"og:locale\" content=\"fr_FR\" \/>\n<meta property=\"og:type\" content=\"article\" \/>\n<meta property=\"og:title\" content=\"Aruba &#187; Eltako\" \/>\n<meta property=\"og:description\" content=\"Aruba fait d\u00e9sormais partie de l&rsquo;Alliance EnOcean ! L&rsquo;entreprise californienne est un pr\u00e9curseur des services IoT et apporte \u00e0 l&rsquo;alliance non seulement un vaste r\u00e9seau de clients, mais aussi une technologie imbattable. Avec les solutions radio Energy Harvesting d&rsquo;EnOcean, le client se voit proposer un syst\u00e8me qui rend sa maison non seulement plus intelligente aujourd&rsquo;hui, [&hellip;]\" \/>\n<meta property=\"og:url\" content=\"https:\/\/www.eltako.com\/fr\/entreprise\/partenaires-et-alliances\/aruba\/\" \/>\n<meta property=\"og:site_name\" content=\"Eltako\" \/>\n<meta property=\"article:modified_time\" content=\"2022-04-13T13:12:07+00:00\" \/>\n<meta property=\"og:image\" content=\"https:\/\/betax923lb8kd7v0.eltako.de\/wp-content\/uploads\/2022\/02\/thumbnail-1024x1009.jpg\" \/>\n<meta name=\"twitter:card\" content=\"summary_large_image\" \/>\n<meta name=\"twitter:label1\" content=\"Dur\u00e9e de lecture estim\u00e9e\" \/>\n\t<meta name=\"twitter:data1\" content=\"1 minute\" \/>\n<script type=\"application\/ld+json\" class=\"yoast-schema-graph\">{\"@context\":\"https:\/\/schema.org\",\"@graph\":[{\"@type\":\"WebPage\",\"@id\":\"https:\/\/www.eltako.com\/fr\/entreprise\/partenaires-et-alliances\/aruba\/\",\"url\":\"https:\/\/www.eltako.com\/fr\/entreprise\/partenaires-et-alliances\/aruba\/\",\"name\":\"Aruba &#187; Eltako\",\"isPartOf\":{\"@id\":\"https:\/\/www.eltako.com\/en\/#website\"},\"primaryImageOfPage\":{\"@id\":\"https:\/\/www.eltako.com\/fr\/entreprise\/partenaires-et-alliances\/aruba\/#primaryimage\"},\"image\":{\"@id\":\"https:\/\/www.eltako.com\/fr\/entreprise\/partenaires-et-alliances\/aruba\/#primaryimage\"},\"thumbnailUrl\":\"https:\/\/betax923lb8kd7v0.eltako.de\/wp-content\/uploads\/2022\/02\/thumbnail-1024x1009.jpg\",\"datePublished\":\"2022-01-20T18:00:10+00:00\",\"dateModified\":\"2022-04-13T13:12:07+00:00\",\"breadcrumb\":{\"@id\":\"https:\/\/www.eltako.com\/fr\/entreprise\/partenaires-et-alliances\/aruba\/#breadcrumb\"},\"inLanguage\":\"fr-FR\",\"potentialAction\":[{\"@type\":\"ReadAction\",\"target\":[\"https:\/\/www.eltako.com\/fr\/entreprise\/partenaires-et-alliances\/aruba\/\"]}]},{\"@type\":\"ImageObject\",\"inLanguage\":\"fr-FR\",\"@id\":\"https:\/\/www.eltako.com\/fr\/entreprise\/partenaires-et-alliances\/aruba\/#primaryimage\",\"url\":\"https:\/\/betax923lb8kd7v0.eltako.de\/wp-content\/uploads\/2022\/02\/thumbnail-1024x1009.jpg\",\"contentUrl\":\"https:\/\/betax923lb8kd7v0.eltako.de\/wp-content\/uploads\/2022\/02\/thumbnail-1024x1009.jpg\"},{\"@type\":\"BreadcrumbList\",\"@id\":\"https:\/\/www.eltako.com\/fr\/entreprise\/partenaires-et-alliances\/aruba\/#breadcrumb\",\"itemListElement\":[{\"@type\":\"ListItem\",\"position\":1,\"name\":\"Page d\u2019accueil\",\"item\":\"https:\/\/www.eltako.com\/fr\/\"},{\"@type\":\"ListItem\",\"position\":2,\"name\":\"Entreprise\",\"item\":\"https:\/\/www.eltako.com\/fr\/entreprise\/\"},{\"@type\":\"ListItem\",\"position\":3,\"name\":\"Partenaires et alliances\",\"item\":\"https:\/\/www.eltako.com\/fr\/entreprise\/partenaires-et-alliances\/\"},{\"@type\":\"ListItem\",\"position\":4,\"name\":\"Aruba\"}]},{\"@type\":\"WebSite\",\"@id\":\"https:\/\/www.eltako.com\/en\/#website\",\"url\":\"https:\/\/www.eltako.com\/en\/\",\"name\":\"Eltako\",\"description\":\"Schaltger\u00e4te, Netzteile, Stromz\u00e4hler, Dimmer, Geb\u00e4udeinstallation, Steuerungstechnik, Smart Home-L\u00f6sungen, Geb\u00e4udefunk, EnOcean-Technologie\",\"potentialAction\":[{\"@type\":\"SearchAction\",\"target\":{\"@type\":\"EntryPoint\",\"urlTemplate\":\"https:\/\/www.eltako.com\/en\/?s={search_term_string}\"},\"query-input\":{\"@type\":\"PropertyValueSpecification\",\"valueRequired\":true,\"valueName\":\"search_term_string\"}}],\"inLanguage\":\"fr-FR\"}]}<\/script>\n<!-- \/ Yoast SEO plugin. -->","yoast_head_json":{"title":"Aruba &#187; Eltako","robots":{"index":"index","follow":"follow","max-snippet":"max-snippet:-1","max-image-preview":"max-image-preview:large","max-video-preview":"max-video-preview:-1"},"canonical":"https:\/\/www.eltako.com\/fr\/entreprise\/partenaires-et-alliances\/aruba\/","og_locale":"fr_FR","og_type":"article","og_title":"Aruba &#187; Eltako","og_description":"Aruba fait d\u00e9sormais partie de l&rsquo;Alliance EnOcean ! L&rsquo;entreprise californienne est un pr\u00e9curseur des services IoT et apporte \u00e0 l&rsquo;alliance non seulement un vaste r\u00e9seau de clients, mais aussi une technologie imbattable. Avec les solutions radio Energy Harvesting d&rsquo;EnOcean, le client se voit proposer un syst\u00e8me qui rend sa maison non seulement plus intelligente aujourd&rsquo;hui, [&hellip;]","og_url":"https:\/\/www.eltako.com\/fr\/entreprise\/partenaires-et-alliances\/aruba\/","og_site_name":"Eltako","article_modified_time":"2022-04-13T13:12:07+00:00","og_image":[{"url":"https:\/\/betax923lb8kd7v0.eltako.de\/wp-content\/uploads\/2022\/02\/thumbnail-1024x1009.jpg","type":"","width":"","height":""}],"twitter_card":"summary_large_image","twitter_misc":{"Dur\u00e9e de lecture estim\u00e9e":"1 minute"},"schema":{"@context":"https:\/\/schema.org","@graph":[{"@type":"WebPage","@id":"https:\/\/www.eltako.com\/fr\/entreprise\/partenaires-et-alliances\/aruba\/","url":"https:\/\/www.eltako.com\/fr\/entreprise\/partenaires-et-alliances\/aruba\/","name":"Aruba &#187; Eltako","isPartOf":{"@id":"https:\/\/www.eltako.com\/en\/#website"},"primaryImageOfPage":{"@id":"https:\/\/www.eltako.com\/fr\/entreprise\/partenaires-et-alliances\/aruba\/#primaryimage"},"image":{"@id":"https:\/\/www.eltako.com\/fr\/entreprise\/partenaires-et-alliances\/aruba\/#primaryimage"},"thumbnailUrl":"https:\/\/betax923lb8kd7v0.eltako.de\/wp-content\/uploads\/2022\/02\/thumbnail-1024x1009.jpg","datePublished":"2022-01-20T18:00:10+00:00","dateModified":"2022-04-13T13:12:07+00:00","breadcrumb":{"@id":"https:\/\/www.eltako.com\/fr\/entreprise\/partenaires-et-alliances\/aruba\/#breadcrumb"},"inLanguage":"fr-FR","potentialAction":[{"@type":"ReadAction","target":["https:\/\/www.eltako.com\/fr\/entreprise\/partenaires-et-alliances\/aruba\/"]}]},{"@type":"ImageObject","inLanguage":"fr-FR","@id":"https:\/\/www.eltako.com\/fr\/entreprise\/partenaires-et-alliances\/aruba\/#primaryimage","url":"https:\/\/betax923lb8kd7v0.eltako.de\/wp-content\/uploads\/2022\/02\/thumbnail-1024x1009.jpg","contentUrl":"https:\/\/betax923lb8kd7v0.eltako.de\/wp-content\/uploads\/2022\/02\/thumbnail-1024x1009.jpg"},{"@type":"BreadcrumbList","@id":"https:\/\/www.eltako.com\/fr\/entreprise\/partenaires-et-alliances\/aruba\/#breadcrumb","itemListElement":[{"@type":"ListItem","position":1,"name":"Page d\u2019accueil","item":"https:\/\/www.eltako.com\/fr\/"},{"@type":"ListItem","position":2,"name":"Entreprise","item":"https:\/\/www.eltako.com\/fr\/entreprise\/"},{"@type":"ListItem","position":3,"name":"Partenaires et alliances","item":"https:\/\/www.eltako.com\/fr\/entreprise\/partenaires-et-alliances\/"},{"@type":"ListItem","position":4,"name":"Aruba"}]},{"@type":"WebSite","@id":"https:\/\/www.eltako.com\/en\/#website","url":"https:\/\/www.eltako.com\/en\/","name":"Eltako","description":"Schaltger\u00e4te, Netzteile, Stromz\u00e4hler, Dimmer, Geb\u00e4udeinstallation, Steuerungstechnik, Smart Home-L\u00f6sungen, Geb\u00e4udefunk, EnOcean-Technologie","potentialAction":[{"@type":"SearchAction","target":{"@type":"EntryPoint","urlTemplate":"https:\/\/www.eltako.com\/en\/?s={search_term_string}"},"query-input":{"@type":"PropertyValueSpecification","valueRequired":true,"valueName":"search_term_string"}}],"inLanguage":"fr-FR"}]}},"_links":{"self":[{"href":"https:\/\/www.eltako.com\/fr\/wp-json\/wp\/v2\/pages\/31171","targetHints":{"allow":["GET"]}}],"collection":[{"href":"https:\/\/www.eltako.com\/fr\/wp-json\/wp\/v2\/pages"}],"about":[{"href":"https:\/\/www.eltako.com\/fr\/wp-json\/wp\/v2\/types\/page"}],"author":[{"embeddable":true,"href":"https:\/\/www.eltako.com\/fr\/wp-json\/wp\/v2\/users\/31"}],"replies":[{"embeddable":true,"href":"https:\/\/www.eltako.com\/fr\/wp-json\/wp\/v2\/comments?post=31171"}],"version-history":[{"count":0,"href":"https:\/\/www.eltako.com\/fr\/wp-json\/wp\/v2\/pages\/31171\/revisions"}],"up":[{"embeddable":true,"href":"https:\/\/www.eltako.com\/fr\/wp-json\/wp\/v2\/pages\/62737"}],"wp:attachment":[{"href":"https:\/\/www.eltako.com\/fr\/wp-json\/wp\/v2\/media?parent=31171"}],"curies":[{"name":"wp","href":"https:\/\/api.w.org\/{rel}","templated":true}]}}