{"id":31150,"date":"2022-01-20T18:38:43","date_gmt":"2022-01-20T17:38:43","guid":{"rendered":"https:\/\/betax923lb8kd7v0.eltako.de\/eltako-mobile\/"},"modified":"2022-04-13T15:11:33","modified_gmt":"2022-04-13T13:11:33","slug":"eltako-mobile","status":"publish","type":"page","link":"https:\/\/www.eltako.com\/fr\/eltako-mobile\/","title":{"rendered":"Eltako-Mobil"},"content":{"rendered":"\n<p><\/p>\n\n<h1 class=\"font-weight-bold responsive-font has-text-color wp-block-heading\" id=\"endlich-ist-er-da-elmo-unser-zweiter-messeanhanger\" style=\"color:#2364af;font-size:80px\"><strong>Enfin: <\/strong><br\/>ELMO &#8211; <strong>notre deuxi\u00e8me remorque! <\/strong> <\/h1>\n\n<div style=\"height:40px\" aria-hidden=\"true\" class=\"wp-block-spacer\"><\/div>\n\n<p class=\"has-medium-font-size\">La remorque Eltako-Mobile est le nouveau soutien de nos collaborateurs et collaboratrices en Scandinavie. Ce mois-ci, nous partons pour la premi\u00e8re fois en grande tourn\u00e9e en Su\u00e8de. Vous trouverez l&rsquo;itin\u00e9raire exact sur la carte ci-dessous.  <\/p>\n\n<p class=\"has-medium-font-size\">Gr\u00e2ce \u00e0 cette approche ludique, les clients peuvent se faire une id\u00e9e de ce qu&rsquo;est un Eltako Smart Home et tester les premi\u00e8res fonctions.  <\/p>\n\n<div style=\"height:40px\" aria-hidden=\"true\" class=\"wp-block-spacer\"><\/div>\n  \r\n  <div class=\"cd-product-wrapper el-mo-class\">\r\n    <img decoding=\"async\" src=\"https:\/\/www.eltako.com\/wp-content\/uploads\/2021\/09\/points.jpg\" id=\"home\" class=\"w-100\" alt=\"\" width=\"1288\" height=\"610\">\r\n    <ul class=\"list-unstyled\">\r\n    \r\n          <li class=\"cd-single-point\">\r\n        <a class=\"cd-img-replace\" href=\"#0\">Mehr<\/a>\r\n        <div class=\"cd-more-info cd-left\" style=\"margin-top:13px !important;\">\r\n          <h2>V\u00e9randa :<\/h2>\r\n          <p class=\"pt-3\">\r\n            Dans le petit jardin de devant, vous d\u00e9couvrirez la polyvalence de nos produits adapt\u00e9s \u00e0 l'ext\u00e9rieur. Notre sir\u00e8ne ext\u00e9rieure sans fil, une prise de courant ext\u00e9rieure et un \u00e9clairage de jardin intelligent en font par exemple partie.          <\/p>\r\n          <a href=\"#0\" class=\"cd-close-info cd-img-replace\">Schliessen<\/a>\r\n        <\/div>\r\n      <\/li>\r\n          <li class=\"cd-single-point\">\r\n        <a class=\"cd-img-replace\" href=\"#0\">Mehr<\/a>\r\n        <div class=\"cd-more-info cd-left\" style=\"margin-top:13px !important;\">\r\n          <h2>Pi\u00e8ces :<\/h2>\r\n          <p class=\"pt-3\">\r\n            Derri\u00e8re la page que vous voyez ici, deux autres pi\u00e8ces attendent d'\u00eatre explor\u00e9es par vous ! Vous d\u00e9couvrirez peut-\u00eatre la chambre et le salon dans l'un de nos prochains posts sur nos canaux de m\u00e9dias sociaux.          <\/p>\r\n          <a href=\"#0\" class=\"cd-close-info cd-img-replace\">Schliessen<\/a>\r\n        <\/div>\r\n      <\/li>\r\n          <li class=\"cd-single-point\">\r\n        <a class=\"cd-img-replace\" href=\"#0\">Mehr<\/a>\r\n        <div class=\"cd-more-info cd-left\" style=\"margin-top:13px !important;\">\r\n          <h2>Sous-sol:<\/h2>\r\n          <p class=\"pt-3\">\r\n            Der smart ausgestattete Hauswirtschaftsraum beeindruckt mit einem Wasser-Sensor, welcher dazu dient, einen Rohrbruch oder eine auslaufende Waschmaschine schnellstm\u00f6glich zu erkennen und zu melden, einem Bewegungsmelder und dem neuen MiniSafe2.          <\/p>\r\n          <a href=\"#0\" class=\"cd-close-info cd-img-replace\">Schliessen<\/a>\r\n        <\/div>\r\n      <\/li>\r\n        \r\n    <\/ul>\r\n  <\/div>\r\n  \r\n  \n\n<p class=\"has-medium-font-size\">La remorque Smart Home est construite comme une maison miniature. On distingue quatre pi\u00e8ces et une v\u00e9randa avec un petit jardin devant. Diff\u00e9rents produits de notre gamme Professional Smart Home y sont install\u00e9s. Notre Eltako OnWall, gr\u00e2ce auquel les personnes int\u00e9ress\u00e9es peuvent d\u00e9couvrir et tester en direct la commande de toute une maison via une seule centrale, sera notamment de la partie.  <\/p>\n\n<div style=\"height:40px\" aria-hidden=\"true\" class=\"wp-block-spacer\"><\/div>\n\n<figure class=\"wp-block-image size-large\"><img decoding=\"async\" width=\"1024\" height=\"683\" src=\"https:\/\/betax923lb8kd7v0.eltako.de\/wp-content\/uploads\/2021\/10\/Einzelne-Bilder3-Deutsch-2-1024x683.jpg\" alt=\"\" class=\"wp-image-24780\" srcset=\"https:\/\/www.eltako.com\/wp-content\/uploads\/2021\/10\/Einzelne-Bilder3-Deutsch-2-1024x683.jpg 1024w, https:\/\/www.eltako.com\/wp-content\/uploads\/2021\/10\/Einzelne-Bilder3-Deutsch-2-300x200.jpg 300w, https:\/\/www.eltako.com\/wp-content\/uploads\/2021\/10\/Einzelne-Bilder3-Deutsch-2-768x512.jpg 768w, https:\/\/www.eltako.com\/wp-content\/uploads\/2021\/10\/Einzelne-Bilder3-Deutsch-2-1536x1024.jpg 1536w, https:\/\/www.eltako.com\/wp-content\/uploads\/2021\/10\/Einzelne-Bilder3-Deutsch-2-600x400.jpg 600w, https:\/\/www.eltako.com\/wp-content\/uploads\/2021\/10\/Einzelne-Bilder3-Deutsch-2.jpg 1900w\" sizes=\"(max-width: 1024px) 100vw, 1024px\" \/><\/figure>\n\n<div style=\"height:40px\" aria-hidden=\"true\" class=\"wp-block-spacer\"><\/div>\n\n          \n\n           <div class=\"brlbs-cmpnt-container brlbs-cmpnt-content-blocker brlbs-cmpnt-with-individual-styles\" data-borlabs-cookie-content-blocker-id=\"youtube-content-blocker\" data-borlabs-cookie-content=\"PGlmcmFtZSB3aWR0aD0iMTAwJSIgaGVpZ2h0PSI1MTUiIHNyYz0iaHR0cHM6Ly93d3cueW91dHViZS1ub2Nvb2tpZS5jb20vZW1iZWQvTUU1ZG8xNm82QWciIHRpdGxlPSJMZWN0ZXVyIHZpZMOpbyBZb3VUdWJlIiBmcmFtZWJvcmRlcj0iMCIgYWxsb3c9ImFjY2VsZXJvbWV0ZXI7IGF1dG9wbGF5OyBjbGlwYm9hcmQtd3JpdGU7IGVuY3J5cHRlZC1tZWRpYTsgZ3lyb3Njb3BlOyBwaWN0dXJlLWluLXBpY3R1cmUiIGFsbG93ZnVsbHNjcmVlbj0iIj48L2lmcmFtZT4=\"><div class=\"brlbs-cmpnt-cb-preset-c brlbs-cmpnt-cb-youtube\"> <div class=\"brlbs-cmpnt-cb-thumbnail\" style=\"background-image: url('https:\/\/www.eltako.com\/wp-content\/uploads\/borlabs-cookie\/1\/yt_ME5do16o6Ag_hqdefault.jpg')\"><\/div> <div class=\"brlbs-cmpnt-cb-main\"> <div class=\"brlbs-cmpnt-cb-play-button\"><\/div> <div class=\"brlbs-cmpnt-cb-content\"> <p class=\"brlbs-cmpnt-cb-description\">Vous \u00eates actuellement en train de consulter le contenu d&rsquo;un espace r\u00e9serv\u00e9 de <strong>YouTube<\/strong>. Pour acc\u00e9der au contenu r\u00e9el, cliquez sur le bouton ci-dessous. Veuillez noter que ce faisant, des donn\u00e9es seront partag\u00e9es avec des providers tiers.<\/p> <a class=\"brlbs-cmpnt-cb-provider-toggle\" href=\"#\" data-borlabs-cookie-show-provider-information role=\"button\">Plus d&rsquo;informations<\/a> <\/div> <div class=\"brlbs-cmpnt-cb-buttons\"> <a class=\"brlbs-cmpnt-cb-btn\" href=\"#\" data-borlabs-cookie-unblock role=\"button\">D\u00e9bloquer le contenu<\/a> <a class=\"brlbs-cmpnt-cb-btn\" href=\"#\" data-borlabs-cookie-accept-service role=\"button\" style=\"display: inherit\">Accepter le service requis et d\u00e9bloquer les contenus<\/a> <\/div> <\/div> <\/div><\/div>\n          \n\n        \n\n<div style=\"height:50px\" aria-hidden=\"true\" class=\"wp-block-spacer\"><\/div>\n","protected":false},"excerpt":{"rendered":"<p>Enfin: ELMO &#8211; notre deuxi\u00e8me remorque! La remorque Eltako-Mobile est le nouveau soutien de nos collaborateurs et collaboratrices en Scandinavie. Ce mois-ci, nous partons pour la premi\u00e8re fois en grande tourn\u00e9e en Su\u00e8de. Vous trouverez l&rsquo;itin\u00e9raire exact sur la carte ci-dessous. Gr\u00e2ce \u00e0 cette approche ludique, les clients peuvent se faire une id\u00e9e de ce [&hellip;]<\/p>\n","protected":false},"author":31,"featured_media":23547,"parent":0,"menu_order":0,"comment_status":"closed","ping_status":"closed","template":"templates\/elmo-landingpage.php","meta":{"_acf_changed":false,"footnotes":"","_links_to":"","_links_to_target":""},"class_list":["post-31150","page","type-page","status-publish","has-post-thumbnail","hentry"],"acf":[],"yoast_head":"<!-- This site is optimized with the Yoast SEO plugin v27.2 - https:\/\/yoast.com\/product\/yoast-seo-wordpress\/ -->\n<title>Eltako-Mobil &#187; Eltako<\/title>\n<meta name=\"robots\" content=\"index, follow, max-snippet:-1, max-image-preview:large, max-video-preview:-1\" \/>\n<link rel=\"canonical\" href=\"https:\/\/www.eltako.com\/fr\/eltako-mobile\/\" \/>\n<meta property=\"og:locale\" content=\"fr_FR\" \/>\n<meta property=\"og:type\" content=\"article\" \/>\n<meta property=\"og:title\" content=\"Eltako-Mobil &#187; Eltako\" \/>\n<meta property=\"og:description\" content=\"Enfin: ELMO &#8211; notre deuxi\u00e8me remorque! La remorque Eltako-Mobile est le nouveau soutien de nos collaborateurs et collaboratrices en Scandinavie. Ce mois-ci, nous partons pour la premi\u00e8re fois en grande tourn\u00e9e en Su\u00e8de. Vous trouverez l&rsquo;itin\u00e9raire exact sur la carte ci-dessous. Gr\u00e2ce \u00e0 cette approche ludique, les clients peuvent se faire une id\u00e9e de ce [&hellip;]\" \/>\n<meta property=\"og:url\" content=\"https:\/\/www.eltako.com\/fr\/eltako-mobile\/\" \/>\n<meta property=\"og:site_name\" content=\"Eltako\" \/>\n<meta property=\"article:modified_time\" content=\"2022-04-13T13:11:33+00:00\" \/>\n<meta property=\"og:image\" content=\"https:\/\/www.eltako.com\/wp-content\/uploads\/2021\/09\/messe.jpg\" \/>\n\t<meta property=\"og:image:width\" content=\"3584\" \/>\n\t<meta property=\"og:image:height\" content=\"1304\" \/>\n\t<meta property=\"og:image:type\" content=\"image\/jpeg\" \/>\n<meta name=\"twitter:card\" content=\"summary_large_image\" \/>\n<meta name=\"twitter:label1\" content=\"Dur\u00e9e de lecture estim\u00e9e\" \/>\n\t<meta name=\"twitter:data1\" content=\"1 minute\" \/>\n<script type=\"application\/ld+json\" class=\"yoast-schema-graph\">{\"@context\":\"https:\/\/schema.org\",\"@graph\":[{\"@type\":\"WebPage\",\"@id\":\"https:\/\/www.eltako.com\/fr\/eltako-mobile\/\",\"url\":\"https:\/\/www.eltako.com\/fr\/eltako-mobile\/\",\"name\":\"Eltako-Mobil &#187; Eltako\",\"isPartOf\":{\"@id\":\"https:\/\/www.eltako.com\/en\/#website\"},\"primaryImageOfPage\":{\"@id\":\"https:\/\/www.eltako.com\/fr\/eltako-mobile\/#primaryimage\"},\"image\":{\"@id\":\"https:\/\/www.eltako.com\/fr\/eltako-mobile\/#primaryimage\"},\"thumbnailUrl\":\"https:\/\/www.eltako.com\/wp-content\/uploads\/2021\/09\/messe.jpg\",\"datePublished\":\"2022-01-20T17:38:43+00:00\",\"dateModified\":\"2022-04-13T13:11:33+00:00\",\"breadcrumb\":{\"@id\":\"https:\/\/www.eltako.com\/fr\/eltako-mobile\/#breadcrumb\"},\"inLanguage\":\"fr-FR\",\"potentialAction\":[{\"@type\":\"ReadAction\",\"target\":[\"https:\/\/www.eltako.com\/fr\/eltako-mobile\/\"]}]},{\"@type\":\"ImageObject\",\"inLanguage\":\"fr-FR\",\"@id\":\"https:\/\/www.eltako.com\/fr\/eltako-mobile\/#primaryimage\",\"url\":\"https:\/\/www.eltako.com\/wp-content\/uploads\/2021\/09\/messe.jpg\",\"contentUrl\":\"https:\/\/www.eltako.com\/wp-content\/uploads\/2021\/09\/messe.jpg\",\"width\":3584,\"height\":1304},{\"@type\":\"BreadcrumbList\",\"@id\":\"https:\/\/www.eltako.com\/fr\/eltako-mobile\/#breadcrumb\",\"itemListElement\":[{\"@type\":\"ListItem\",\"position\":1,\"name\":\"Page d\u2019accueil\",\"item\":\"https:\/\/www.eltako.com\/fr\/\"},{\"@type\":\"ListItem\",\"position\":2,\"name\":\"Eltako-Mobil\"}]},{\"@type\":\"WebSite\",\"@id\":\"https:\/\/www.eltako.com\/en\/#website\",\"url\":\"https:\/\/www.eltako.com\/en\/\",\"name\":\"Eltako\",\"description\":\"Schaltger\u00e4te, Netzteile, Stromz\u00e4hler, Dimmer, Geb\u00e4udeinstallation, Steuerungstechnik, Smart Home-L\u00f6sungen, Geb\u00e4udefunk, EnOcean-Technologie\",\"potentialAction\":[{\"@type\":\"SearchAction\",\"target\":{\"@type\":\"EntryPoint\",\"urlTemplate\":\"https:\/\/www.eltako.com\/en\/?s={search_term_string}\"},\"query-input\":{\"@type\":\"PropertyValueSpecification\",\"valueRequired\":true,\"valueName\":\"search_term_string\"}}],\"inLanguage\":\"fr-FR\"}]}<\/script>\n<!-- \/ Yoast SEO plugin. -->","yoast_head_json":{"title":"Eltako-Mobil &#187; Eltako","robots":{"index":"index","follow":"follow","max-snippet":"max-snippet:-1","max-image-preview":"max-image-preview:large","max-video-preview":"max-video-preview:-1"},"canonical":"https:\/\/www.eltako.com\/fr\/eltako-mobile\/","og_locale":"fr_FR","og_type":"article","og_title":"Eltako-Mobil &#187; Eltako","og_description":"Enfin: ELMO &#8211; notre deuxi\u00e8me remorque! La remorque Eltako-Mobile est le nouveau soutien de nos collaborateurs et collaboratrices en Scandinavie. Ce mois-ci, nous partons pour la premi\u00e8re fois en grande tourn\u00e9e en Su\u00e8de. Vous trouverez l&rsquo;itin\u00e9raire exact sur la carte ci-dessous. Gr\u00e2ce \u00e0 cette approche ludique, les clients peuvent se faire une id\u00e9e de ce [&hellip;]","og_url":"https:\/\/www.eltako.com\/fr\/eltako-mobile\/","og_site_name":"Eltako","article_modified_time":"2022-04-13T13:11:33+00:00","og_image":[{"width":3584,"height":1304,"url":"https:\/\/www.eltako.com\/wp-content\/uploads\/2021\/09\/messe.jpg","type":"image\/jpeg"}],"twitter_card":"summary_large_image","twitter_misc":{"Dur\u00e9e de lecture estim\u00e9e":"1 minute"},"schema":{"@context":"https:\/\/schema.org","@graph":[{"@type":"WebPage","@id":"https:\/\/www.eltako.com\/fr\/eltako-mobile\/","url":"https:\/\/www.eltako.com\/fr\/eltako-mobile\/","name":"Eltako-Mobil &#187; Eltako","isPartOf":{"@id":"https:\/\/www.eltako.com\/en\/#website"},"primaryImageOfPage":{"@id":"https:\/\/www.eltako.com\/fr\/eltako-mobile\/#primaryimage"},"image":{"@id":"https:\/\/www.eltako.com\/fr\/eltako-mobile\/#primaryimage"},"thumbnailUrl":"https:\/\/www.eltako.com\/wp-content\/uploads\/2021\/09\/messe.jpg","datePublished":"2022-01-20T17:38:43+00:00","dateModified":"2022-04-13T13:11:33+00:00","breadcrumb":{"@id":"https:\/\/www.eltako.com\/fr\/eltako-mobile\/#breadcrumb"},"inLanguage":"fr-FR","potentialAction":[{"@type":"ReadAction","target":["https:\/\/www.eltako.com\/fr\/eltako-mobile\/"]}]},{"@type":"ImageObject","inLanguage":"fr-FR","@id":"https:\/\/www.eltako.com\/fr\/eltako-mobile\/#primaryimage","url":"https:\/\/www.eltako.com\/wp-content\/uploads\/2021\/09\/messe.jpg","contentUrl":"https:\/\/www.eltako.com\/wp-content\/uploads\/2021\/09\/messe.jpg","width":3584,"height":1304},{"@type":"BreadcrumbList","@id":"https:\/\/www.eltako.com\/fr\/eltako-mobile\/#breadcrumb","itemListElement":[{"@type":"ListItem","position":1,"name":"Page d\u2019accueil","item":"https:\/\/www.eltako.com\/fr\/"},{"@type":"ListItem","position":2,"name":"Eltako-Mobil"}]},{"@type":"WebSite","@id":"https:\/\/www.eltako.com\/en\/#website","url":"https:\/\/www.eltako.com\/en\/","name":"Eltako","description":"Schaltger\u00e4te, Netzteile, Stromz\u00e4hler, Dimmer, Geb\u00e4udeinstallation, Steuerungstechnik, Smart Home-L\u00f6sungen, Geb\u00e4udefunk, EnOcean-Technologie","potentialAction":[{"@type":"SearchAction","target":{"@type":"EntryPoint","urlTemplate":"https:\/\/www.eltako.com\/en\/?s={search_term_string}"},"query-input":{"@type":"PropertyValueSpecification","valueRequired":true,"valueName":"search_term_string"}}],"inLanguage":"fr-FR"}]}},"_links":{"self":[{"href":"https:\/\/www.eltako.com\/fr\/wp-json\/wp\/v2\/pages\/31150","targetHints":{"allow":["GET"]}}],"collection":[{"href":"https:\/\/www.eltako.com\/fr\/wp-json\/wp\/v2\/pages"}],"about":[{"href":"https:\/\/www.eltako.com\/fr\/wp-json\/wp\/v2\/types\/page"}],"author":[{"embeddable":true,"href":"https:\/\/www.eltako.com\/fr\/wp-json\/wp\/v2\/users\/31"}],"replies":[{"embeddable":true,"href":"https:\/\/www.eltako.com\/fr\/wp-json\/wp\/v2\/comments?post=31150"}],"version-history":[{"count":0,"href":"https:\/\/www.eltako.com\/fr\/wp-json\/wp\/v2\/pages\/31150\/revisions"}],"wp:featuredmedia":[{"embeddable":true,"href":"https:\/\/www.eltako.com\/fr\/wp-json\/wp\/v2\/media\/23547"}],"wp:attachment":[{"href":"https:\/\/www.eltako.com\/fr\/wp-json\/wp\/v2\/media?parent=31150"}],"curies":[{"name":"wp","href":"https:\/\/api.w.org\/{rel}","templated":true}]}}