{"id":141612,"date":"2024-07-25T14:38:21","date_gmt":"2024-07-25T12:38:21","guid":{"rendered":"https:\/\/www.eltako.com\/zgw16wl-ip-firmware\/"},"modified":"2025-08-26T09:03:27","modified_gmt":"2025-08-26T07:03:27","slug":"zgw16wl-ip-firmware","status":"publish","type":"page","link":"https:\/\/www.eltako.com\/fr\/zgw16wl-ip-firmware\/","title":{"rendered":"ZGW16WL-IP FIRMWARE"},"content":{"rendered":"\n<div class=\"wp-block-columns is-layout-flex wp-container-core-columns-is-layout-9d6595d7 wp-block-columns-is-layout-flex\">\n<div class=\"wp-block-column is-layout-flow wp-block-column-is-layout-flow\"><div class=\"wp-block-image\">\n<figure class=\"aligncenter size-full is-resized\"><img decoding=\"async\" width=\"901\" height=\"1086\" src=\"https:\/\/www.eltako.com\/wp-content\/uploads\/2024\/06\/zgw16wl-ip-produktbild-aktuelles-beitrag.png\" alt=\"\" class=\"wp-image-140994\" style=\"width:300px;height:undefinedpx\" srcset=\"https:\/\/www.eltako.com\/wp-content\/uploads\/2024\/06\/zgw16wl-ip-produktbild-aktuelles-beitrag.png 901w, https:\/\/www.eltako.com\/wp-content\/uploads\/2024\/06\/zgw16wl-ip-produktbild-aktuelles-beitrag-249x300.png 249w, https:\/\/www.eltako.com\/wp-content\/uploads\/2024\/06\/zgw16wl-ip-produktbild-aktuelles-beitrag-850x1024.png 850w, https:\/\/www.eltako.com\/wp-content\/uploads\/2024\/06\/zgw16wl-ip-produktbild-aktuelles-beitrag-768x926.png 768w, https:\/\/www.eltako.com\/wp-content\/uploads\/2024\/06\/zgw16wl-ip-produktbild-aktuelles-beitrag-300x362.png 300w, https:\/\/www.eltako.com\/wp-content\/uploads\/2024\/06\/zgw16wl-ip-produktbild-aktuelles-beitrag-600x723.png 600w\" sizes=\"(max-width: 901px) 100vw, 901px\" \/><\/figure>\n<\/div>\n\n\n<h3 class=\"wp-block-heading has-text-align-center has-text-color\" style=\"color:#0064af\"><strong><a href=\"https:\/\/www.eltako.com\/fr\/catalog\/\">ZGW16WL-IP<\/a><\/strong><\/h3>\n\n\n\n<p class=\"has-text-align-left\">Avec cette mise \u00e0 jour, Modbus TCP est activ\u00e9 par d\u00e9faut et MQTT d\u00e9sactiv\u00e9. Cela peut \u00eatre modifi\u00e9 dans les param\u00e8tres. Avec la prise en charge de jusqu&rsquo;\u00e0 16 compteurs, de nombreuses optimisations ont \u00e9t\u00e9 apport\u00e9es, ce qui peut entra\u00eener des modifications dans les param\u00e8tres de l&rsquo;appareil. Veuillez red\u00e9marrer l&rsquo;appareil apr\u00e8s avoir modifi\u00e9 les param\u00e8tres. Apr\u00e8s la mise \u00e0 jour, il est imp\u00e9ratif de recharger\/actualiser la page Web ZGW afin que toutes les nouvelles fonctionnalit\u00e9s s&rsquo;affichent correctement.<\/p>\n<\/div>\n<\/div>\n","protected":false},"excerpt":{"rendered":"<p>ZGW16WL-IP Avec cette mise \u00e0 jour, Modbus TCP est activ\u00e9 par d\u00e9faut et MQTT d\u00e9sactiv\u00e9. Cela peut \u00eatre modifi\u00e9 dans les param\u00e8tres. Avec la prise en charge de jusqu&rsquo;\u00e0 16 compteurs, de nombreuses optimisations ont \u00e9t\u00e9 apport\u00e9es, ce qui peut entra\u00eener des modifications dans les param\u00e8tres de l&rsquo;appareil. Veuillez red\u00e9marrer l&rsquo;appareil apr\u00e8s avoir modifi\u00e9 les [&hellip;]<\/p>\n","protected":false},"author":39,"featured_media":0,"parent":0,"menu_order":0,"comment_status":"closed","ping_status":"closed","template":"","meta":{"_acf_changed":false,"footnotes":"","_links_to":"","_links_to_target":""},"class_list":["post-141612","page","type-page","status-publish","hentry"],"acf":[],"yoast_head":"<!-- This site is optimized with the Yoast SEO plugin v27.2 - https:\/\/yoast.com\/product\/yoast-seo-wordpress\/ -->\n<title>ZGW16WL-IP FIRMWARE &#187; Eltako<\/title>\n<meta name=\"robots\" content=\"index, follow, max-snippet:-1, max-image-preview:large, max-video-preview:-1\" \/>\n<link rel=\"canonical\" href=\"https:\/\/www.eltako.com\/fr\/zgw16wl-ip-firmware\/\" \/>\n<meta property=\"og:locale\" content=\"fr_FR\" \/>\n<meta property=\"og:type\" content=\"article\" \/>\n<meta property=\"og:title\" content=\"ZGW16WL-IP FIRMWARE &#187; Eltako\" \/>\n<meta property=\"og:description\" content=\"ZGW16WL-IP Avec cette mise \u00e0 jour, Modbus TCP est activ\u00e9 par d\u00e9faut et MQTT d\u00e9sactiv\u00e9. Cela peut \u00eatre modifi\u00e9 dans les param\u00e8tres. Avec la prise en charge de jusqu&rsquo;\u00e0 16 compteurs, de nombreuses optimisations ont \u00e9t\u00e9 apport\u00e9es, ce qui peut entra\u00eener des modifications dans les param\u00e8tres de l&rsquo;appareil. Veuillez red\u00e9marrer l&rsquo;appareil apr\u00e8s avoir modifi\u00e9 les [&hellip;]\" \/>\n<meta property=\"og:url\" content=\"https:\/\/www.eltako.com\/fr\/zgw16wl-ip-firmware\/\" \/>\n<meta property=\"og:site_name\" content=\"Eltako\" \/>\n<meta property=\"article:modified_time\" content=\"2025-08-26T07:03:27+00:00\" \/>\n<meta property=\"og:image\" content=\"https:\/\/www.eltako.com\/wp-content\/uploads\/2024\/06\/zgw16wl-ip-produktbild-aktuelles-beitrag.png\" \/>\n\t<meta property=\"og:image:width\" content=\"901\" \/>\n\t<meta property=\"og:image:height\" content=\"1086\" \/>\n\t<meta property=\"og:image:type\" content=\"image\/png\" \/>\n<meta name=\"twitter:card\" content=\"summary_large_image\" \/>\n<meta name=\"twitter:label1\" content=\"Dur\u00e9e de lecture estim\u00e9e\" \/>\n\t<meta name=\"twitter:data1\" content=\"1 minute\" \/>\n<script type=\"application\/ld+json\" class=\"yoast-schema-graph\">{\"@context\":\"https:\/\/schema.org\",\"@graph\":[{\"@type\":\"WebPage\",\"@id\":\"https:\/\/www.eltako.com\/fr\/zgw16wl-ip-firmware\/\",\"url\":\"https:\/\/www.eltako.com\/fr\/zgw16wl-ip-firmware\/\",\"name\":\"ZGW16WL-IP FIRMWARE &#187; Eltako\",\"isPartOf\":{\"@id\":\"https:\/\/www.eltako.com\/en\/#website\"},\"primaryImageOfPage\":{\"@id\":\"https:\/\/www.eltako.com\/fr\/zgw16wl-ip-firmware\/#primaryimage\"},\"image\":{\"@id\":\"https:\/\/www.eltako.com\/fr\/zgw16wl-ip-firmware\/#primaryimage\"},\"thumbnailUrl\":\"https:\/\/www.eltako.com\/wp-content\/uploads\/2024\/06\/zgw16wl-ip-produktbild-aktuelles-beitrag.png\",\"datePublished\":\"2024-07-25T12:38:21+00:00\",\"dateModified\":\"2025-08-26T07:03:27+00:00\",\"breadcrumb\":{\"@id\":\"https:\/\/www.eltako.com\/fr\/zgw16wl-ip-firmware\/#breadcrumb\"},\"inLanguage\":\"fr-FR\",\"potentialAction\":[{\"@type\":\"ReadAction\",\"target\":[\"https:\/\/www.eltako.com\/fr\/zgw16wl-ip-firmware\/\"]}]},{\"@type\":\"ImageObject\",\"inLanguage\":\"fr-FR\",\"@id\":\"https:\/\/www.eltako.com\/fr\/zgw16wl-ip-firmware\/#primaryimage\",\"url\":\"https:\/\/www.eltako.com\/wp-content\/uploads\/2024\/06\/zgw16wl-ip-produktbild-aktuelles-beitrag.png\",\"contentUrl\":\"https:\/\/www.eltako.com\/wp-content\/uploads\/2024\/06\/zgw16wl-ip-produktbild-aktuelles-beitrag.png\"},{\"@type\":\"BreadcrumbList\",\"@id\":\"https:\/\/www.eltako.com\/fr\/zgw16wl-ip-firmware\/#breadcrumb\",\"itemListElement\":[{\"@type\":\"ListItem\",\"position\":1,\"name\":\"Page d\u2019accueil\",\"item\":\"https:\/\/www.eltako.com\/fr\/\"},{\"@type\":\"ListItem\",\"position\":2,\"name\":\"ZGW16WL-IP FIRMWARE\"}]},{\"@type\":\"WebSite\",\"@id\":\"https:\/\/www.eltako.com\/en\/#website\",\"url\":\"https:\/\/www.eltako.com\/en\/\",\"name\":\"Eltako\",\"description\":\"Schaltger\u00e4te, Netzteile, Stromz\u00e4hler, Dimmer, Geb\u00e4udeinstallation, Steuerungstechnik, Smart Home-L\u00f6sungen, Geb\u00e4udefunk, EnOcean-Technologie\",\"potentialAction\":[{\"@type\":\"SearchAction\",\"target\":{\"@type\":\"EntryPoint\",\"urlTemplate\":\"https:\/\/www.eltako.com\/en\/?s={search_term_string}\"},\"query-input\":{\"@type\":\"PropertyValueSpecification\",\"valueRequired\":true,\"valueName\":\"search_term_string\"}}],\"inLanguage\":\"fr-FR\"}]}<\/script>\n<!-- \/ Yoast SEO plugin. -->","yoast_head_json":{"title":"ZGW16WL-IP FIRMWARE &#187; Eltako","robots":{"index":"index","follow":"follow","max-snippet":"max-snippet:-1","max-image-preview":"max-image-preview:large","max-video-preview":"max-video-preview:-1"},"canonical":"https:\/\/www.eltako.com\/fr\/zgw16wl-ip-firmware\/","og_locale":"fr_FR","og_type":"article","og_title":"ZGW16WL-IP FIRMWARE &#187; Eltako","og_description":"ZGW16WL-IP Avec cette mise \u00e0 jour, Modbus TCP est activ\u00e9 par d\u00e9faut et MQTT d\u00e9sactiv\u00e9. Cela peut \u00eatre modifi\u00e9 dans les param\u00e8tres. Avec la prise en charge de jusqu&rsquo;\u00e0 16 compteurs, de nombreuses optimisations ont \u00e9t\u00e9 apport\u00e9es, ce qui peut entra\u00eener des modifications dans les param\u00e8tres de l&rsquo;appareil. Veuillez red\u00e9marrer l&rsquo;appareil apr\u00e8s avoir modifi\u00e9 les [&hellip;]","og_url":"https:\/\/www.eltako.com\/fr\/zgw16wl-ip-firmware\/","og_site_name":"Eltako","article_modified_time":"2025-08-26T07:03:27+00:00","og_image":[{"width":901,"height":1086,"url":"https:\/\/www.eltako.com\/wp-content\/uploads\/2024\/06\/zgw16wl-ip-produktbild-aktuelles-beitrag.png","type":"image\/png"}],"twitter_card":"summary_large_image","twitter_misc":{"Dur\u00e9e de lecture estim\u00e9e":"1 minute"},"schema":{"@context":"https:\/\/schema.org","@graph":[{"@type":"WebPage","@id":"https:\/\/www.eltako.com\/fr\/zgw16wl-ip-firmware\/","url":"https:\/\/www.eltako.com\/fr\/zgw16wl-ip-firmware\/","name":"ZGW16WL-IP FIRMWARE &#187; Eltako","isPartOf":{"@id":"https:\/\/www.eltako.com\/en\/#website"},"primaryImageOfPage":{"@id":"https:\/\/www.eltako.com\/fr\/zgw16wl-ip-firmware\/#primaryimage"},"image":{"@id":"https:\/\/www.eltako.com\/fr\/zgw16wl-ip-firmware\/#primaryimage"},"thumbnailUrl":"https:\/\/www.eltako.com\/wp-content\/uploads\/2024\/06\/zgw16wl-ip-produktbild-aktuelles-beitrag.png","datePublished":"2024-07-25T12:38:21+00:00","dateModified":"2025-08-26T07:03:27+00:00","breadcrumb":{"@id":"https:\/\/www.eltako.com\/fr\/zgw16wl-ip-firmware\/#breadcrumb"},"inLanguage":"fr-FR","potentialAction":[{"@type":"ReadAction","target":["https:\/\/www.eltako.com\/fr\/zgw16wl-ip-firmware\/"]}]},{"@type":"ImageObject","inLanguage":"fr-FR","@id":"https:\/\/www.eltako.com\/fr\/zgw16wl-ip-firmware\/#primaryimage","url":"https:\/\/www.eltako.com\/wp-content\/uploads\/2024\/06\/zgw16wl-ip-produktbild-aktuelles-beitrag.png","contentUrl":"https:\/\/www.eltako.com\/wp-content\/uploads\/2024\/06\/zgw16wl-ip-produktbild-aktuelles-beitrag.png"},{"@type":"BreadcrumbList","@id":"https:\/\/www.eltako.com\/fr\/zgw16wl-ip-firmware\/#breadcrumb","itemListElement":[{"@type":"ListItem","position":1,"name":"Page d\u2019accueil","item":"https:\/\/www.eltako.com\/fr\/"},{"@type":"ListItem","position":2,"name":"ZGW16WL-IP FIRMWARE"}]},{"@type":"WebSite","@id":"https:\/\/www.eltako.com\/en\/#website","url":"https:\/\/www.eltako.com\/en\/","name":"Eltako","description":"Schaltger\u00e4te, Netzteile, Stromz\u00e4hler, Dimmer, Geb\u00e4udeinstallation, Steuerungstechnik, Smart Home-L\u00f6sungen, Geb\u00e4udefunk, EnOcean-Technologie","potentialAction":[{"@type":"SearchAction","target":{"@type":"EntryPoint","urlTemplate":"https:\/\/www.eltako.com\/en\/?s={search_term_string}"},"query-input":{"@type":"PropertyValueSpecification","valueRequired":true,"valueName":"search_term_string"}}],"inLanguage":"fr-FR"}]}},"_links":{"self":[{"href":"https:\/\/www.eltako.com\/fr\/wp-json\/wp\/v2\/pages\/141612","targetHints":{"allow":["GET"]}}],"collection":[{"href":"https:\/\/www.eltako.com\/fr\/wp-json\/wp\/v2\/pages"}],"about":[{"href":"https:\/\/www.eltako.com\/fr\/wp-json\/wp\/v2\/types\/page"}],"author":[{"embeddable":true,"href":"https:\/\/www.eltako.com\/fr\/wp-json\/wp\/v2\/users\/39"}],"replies":[{"embeddable":true,"href":"https:\/\/www.eltako.com\/fr\/wp-json\/wp\/v2\/comments?post=141612"}],"version-history":[{"count":8,"href":"https:\/\/www.eltako.com\/fr\/wp-json\/wp\/v2\/pages\/141612\/revisions"}],"predecessor-version":[{"id":145662,"href":"https:\/\/www.eltako.com\/fr\/wp-json\/wp\/v2\/pages\/141612\/revisions\/145662"}],"wp:attachment":[{"href":"https:\/\/www.eltako.com\/fr\/wp-json\/wp\/v2\/media?parent=141612"}],"curies":[{"name":"wp","href":"https:\/\/api.w.org\/{rel}","templated":true}]}}