{"id":130953,"date":"2023-08-02T08:30:56","date_gmt":"2023-08-02T06:30:56","guid":{"rendered":"https:\/\/www.eltako.com\/logiciel-pct14\/"},"modified":"2025-03-18T09:10:09","modified_gmt":"2025-03-18T08:10:09","slug":"logiciel-pct14","status":"publish","type":"page","link":"https:\/\/www.eltako.com\/fr\/logiciel-pct14\/","title":{"rendered":"Logiciel PCT14"},"content":{"rendered":"\n<p><strong>PCT14 &#8211; L&rsquo;outil PC gratuit pour les actionneurs Eltako radio pour b\u00e2timents  <\/strong><\/p>\n\n\n\n<p>Apr\u00e8s l&rsquo;installation, les actionneurs Eltako radio pour b\u00e2timents des s\u00e9ries 14 et 71, ainsi que certains capteurs, comme par exemple le contr\u00f4leur d&rsquo;alarme radio ou notre horloge programmable radio, peuvent \u00eatre r\u00e9gl\u00e9s, lus, enregistr\u00e9s et r\u00e9\u00e9crits via le PC.  <\/p>\n\n\n\n<p><strong><br>  <a href=\"https:\/\/www.eltako.com\/fileadmin\/downloads\/en\/datenblatt\/Datenblatt_PCT14.pdf\">Ici<\/a><br><\/strong> pour acc\u00e9der \u00e0 la fiche technique.<\/p>\n\n\n\n<p><strong>Compatibilit\u00e9 :<\/strong><\/p>\n\n\n\n<ul class=\"wp-block-list\">\n<li>Mac \u00e0 processeur Intel avec Windows 8,10,11 &#8211; oui<\/li>\n\n\n\n<li>Mac bas\u00e9 sur M1 avec Windows 8,10,11 &#8211; non<\/li>\n\n\n\n<li>PC Intel avec Windows 8,10,11 &#8211; oui<\/li>\n<\/ul>\n\n\n\n<div style=\"height:19px\" aria-hidden=\"true\" class=\"wp-block-spacer\"><\/div>\n\n\n\n<p>En tant que premi\u00e8re installation, le logiciel peut \u00eatre obtenu via les liens mentionn\u00e9s ici.  <\/p>\n\n\n\n<div class=\"table-responsive\">\n<table class=\"table table-bordered\">\n  <tbody>\n    <tr>\n      <th scope=\"row\"><a href=\"https:\/\/www.eltako.com\/fileadmin\/downloads\/de\/Software\/secure\/EEPCT14DeDe815-32Bit.msi\">PCT14, version 8.15, \u00e0 partir de Windows 8 32bit<\/a><\/th>\n      <td>130 MO<\/td>\n    <\/tr>\n<tr>\n      <th scope=\"row\"><a href=\"https:\/\/www.eltako.com\/fileadmin\/downloads\/de\/Software\/secure\/EEPCT14DeDe815-64Bit.msi\">  PCT14, version 8.15, \u00e0 partir de Windows 8 64bit<\/a><\/th>\n      <td>130 MO<\/td>\n    <\/tr>\n  <\/tbody>\n<\/table>\n\n<\/div>\n\n\n\n<p>A partir de la version 8.1, les mises \u00e0 jour sont effectu\u00e9es automatiquement.  <\/p>\n\n\n\n\n\n<figure class=\"wp-block-image size-large\"><img decoding=\"async\" width=\"1024\" height=\"512\" src=\"https:\/\/www.eltako.com\/wp-content\/uploads\/2022\/05\/PCT14_3-1-1024x512.png\" alt=\"\" class=\"wp-image-76737\" srcset=\"https:\/\/www.eltako.com\/wp-content\/uploads\/2022\/05\/PCT14_3-1-1024x512.png 1024w, https:\/\/www.eltako.com\/wp-content\/uploads\/2022\/05\/PCT14_3-1-300x150.png 300w, https:\/\/www.eltako.com\/wp-content\/uploads\/2022\/05\/PCT14_3-1-768x384.png 768w, https:\/\/www.eltako.com\/wp-content\/uploads\/2022\/05\/PCT14_3-1-1536x768.png 1536w, https:\/\/www.eltako.com\/wp-content\/uploads\/2022\/05\/PCT14_3-1-2048x1024.png 2048w, https:\/\/www.eltako.com\/wp-content\/uploads\/2022\/05\/PCT14_3-1-600x300.png 600w\" sizes=\"(max-width: 1024px) 100vw, 1024px\" \/><\/figure>\n","protected":false},"excerpt":{"rendered":"<p>PCT14 &#8211; L&rsquo;outil PC gratuit pour les actionneurs Eltako radio pour b\u00e2timents Apr\u00e8s l&rsquo;installation, les actionneurs Eltako radio pour b\u00e2timents des s\u00e9ries 14 et 71, ainsi que certains capteurs, comme par exemple le contr\u00f4leur d&rsquo;alarme radio ou notre horloge programmable radio, peuvent \u00eatre r\u00e9gl\u00e9s, lus, enregistr\u00e9s et r\u00e9\u00e9crits via le PC. Ici pour acc\u00e9der \u00e0 [&hellip;]<\/p>\n","protected":false},"author":31,"featured_media":32356,"parent":0,"menu_order":0,"comment_status":"closed","ping_status":"closed","template":"templates\/custom_header.php","meta":{"_acf_changed":false,"footnotes":"","_links_to":"","_links_to_target":""},"class_list":["post-130953","page","type-page","status-publish","has-post-thumbnail","hentry"],"acf":[],"yoast_head":"<!-- This site is optimized with the Yoast SEO plugin v27.2 - https:\/\/yoast.com\/product\/yoast-seo-wordpress\/ -->\n<title>Logiciel PCT14 &#187; Eltako<\/title>\n<meta name=\"robots\" content=\"index, follow, max-snippet:-1, max-image-preview:large, max-video-preview:-1\" \/>\n<link rel=\"canonical\" href=\"https:\/\/www.eltako.com\/fr\/logiciel-pct14\/\" \/>\n<meta property=\"og:locale\" content=\"fr_FR\" \/>\n<meta property=\"og:type\" content=\"article\" \/>\n<meta property=\"og:title\" content=\"Logiciel PCT14 &#187; Eltako\" \/>\n<meta property=\"og:description\" content=\"PCT14 &#8211; L&rsquo;outil PC gratuit pour les actionneurs Eltako radio pour b\u00e2timents Apr\u00e8s l&rsquo;installation, les actionneurs Eltako radio pour b\u00e2timents des s\u00e9ries 14 et 71, ainsi que certains capteurs, comme par exemple le contr\u00f4leur d&rsquo;alarme radio ou notre horloge programmable radio, peuvent \u00eatre r\u00e9gl\u00e9s, lus, enregistr\u00e9s et r\u00e9\u00e9crits via le PC. Ici pour acc\u00e9der \u00e0 [&hellip;]\" \/>\n<meta property=\"og:url\" content=\"https:\/\/www.eltako.com\/fr\/logiciel-pct14\/\" \/>\n<meta property=\"og:site_name\" content=\"Eltako\" \/>\n<meta property=\"article:modified_time\" content=\"2025-03-18T08:10:09+00:00\" \/>\n<meta property=\"og:image\" content=\"https:\/\/www.eltako.com\/wp-content\/uploads\/2022\/02\/PCT14-1.jpg\" \/>\n\t<meta property=\"og:image:width\" content=\"3024\" \/>\n\t<meta property=\"og:image:height\" content=\"1222\" \/>\n\t<meta property=\"og:image:type\" content=\"image\/jpeg\" \/>\n<meta name=\"twitter:card\" content=\"summary_large_image\" \/>\n<meta name=\"twitter:label1\" content=\"Dur\u00e9e de lecture estim\u00e9e\" \/>\n\t<meta name=\"twitter:data1\" content=\"2 minutes\" \/>\n<script type=\"application\/ld+json\" class=\"yoast-schema-graph\">{\"@context\":\"https:\/\/schema.org\",\"@graph\":[{\"@type\":\"WebPage\",\"@id\":\"https:\/\/www.eltako.com\/fr\/logiciel-pct14\/\",\"url\":\"https:\/\/www.eltako.com\/fr\/logiciel-pct14\/\",\"name\":\"Logiciel PCT14 &#187; Eltako\",\"isPartOf\":{\"@id\":\"https:\/\/www.eltako.com\/en\/#website\"},\"primaryImageOfPage\":{\"@id\":\"https:\/\/www.eltako.com\/fr\/logiciel-pct14\/#primaryimage\"},\"image\":{\"@id\":\"https:\/\/www.eltako.com\/fr\/logiciel-pct14\/#primaryimage\"},\"thumbnailUrl\":\"https:\/\/www.eltako.com\/wp-content\/uploads\/2022\/02\/PCT14-1.jpg\",\"datePublished\":\"2023-08-02T06:30:56+00:00\",\"dateModified\":\"2025-03-18T08:10:09+00:00\",\"breadcrumb\":{\"@id\":\"https:\/\/www.eltako.com\/fr\/logiciel-pct14\/#breadcrumb\"},\"inLanguage\":\"fr-FR\",\"potentialAction\":[{\"@type\":\"ReadAction\",\"target\":[\"https:\/\/www.eltako.com\/fr\/logiciel-pct14\/\"]}]},{\"@type\":\"ImageObject\",\"inLanguage\":\"fr-FR\",\"@id\":\"https:\/\/www.eltako.com\/fr\/logiciel-pct14\/#primaryimage\",\"url\":\"https:\/\/www.eltako.com\/wp-content\/uploads\/2022\/02\/PCT14-1.jpg\",\"contentUrl\":\"https:\/\/www.eltako.com\/wp-content\/uploads\/2022\/02\/PCT14-1.jpg\",\"width\":3024,\"height\":1222},{\"@type\":\"BreadcrumbList\",\"@id\":\"https:\/\/www.eltako.com\/fr\/logiciel-pct14\/#breadcrumb\",\"itemListElement\":[{\"@type\":\"ListItem\",\"position\":1,\"name\":\"Page d\u2019accueil\",\"item\":\"https:\/\/www.eltako.com\/fr\/\"},{\"@type\":\"ListItem\",\"position\":2,\"name\":\"Logiciel PCT14\"}]},{\"@type\":\"WebSite\",\"@id\":\"https:\/\/www.eltako.com\/en\/#website\",\"url\":\"https:\/\/www.eltako.com\/en\/\",\"name\":\"Eltako\",\"description\":\"Schaltger\u00e4te, Netzteile, Stromz\u00e4hler, Dimmer, Geb\u00e4udeinstallation, Steuerungstechnik, Smart Home-L\u00f6sungen, Geb\u00e4udefunk, EnOcean-Technologie\",\"potentialAction\":[{\"@type\":\"SearchAction\",\"target\":{\"@type\":\"EntryPoint\",\"urlTemplate\":\"https:\/\/www.eltako.com\/en\/?s={search_term_string}\"},\"query-input\":{\"@type\":\"PropertyValueSpecification\",\"valueRequired\":true,\"valueName\":\"search_term_string\"}}],\"inLanguage\":\"fr-FR\"}]}<\/script>\n<!-- \/ Yoast SEO plugin. -->","yoast_head_json":{"title":"Logiciel PCT14 &#187; Eltako","robots":{"index":"index","follow":"follow","max-snippet":"max-snippet:-1","max-image-preview":"max-image-preview:large","max-video-preview":"max-video-preview:-1"},"canonical":"https:\/\/www.eltako.com\/fr\/logiciel-pct14\/","og_locale":"fr_FR","og_type":"article","og_title":"Logiciel PCT14 &#187; Eltako","og_description":"PCT14 &#8211; L&rsquo;outil PC gratuit pour les actionneurs Eltako radio pour b\u00e2timents Apr\u00e8s l&rsquo;installation, les actionneurs Eltako radio pour b\u00e2timents des s\u00e9ries 14 et 71, ainsi que certains capteurs, comme par exemple le contr\u00f4leur d&rsquo;alarme radio ou notre horloge programmable radio, peuvent \u00eatre r\u00e9gl\u00e9s, lus, enregistr\u00e9s et r\u00e9\u00e9crits via le PC. Ici pour acc\u00e9der \u00e0 [&hellip;]","og_url":"https:\/\/www.eltako.com\/fr\/logiciel-pct14\/","og_site_name":"Eltako","article_modified_time":"2025-03-18T08:10:09+00:00","og_image":[{"width":3024,"height":1222,"url":"https:\/\/www.eltako.com\/wp-content\/uploads\/2022\/02\/PCT14-1.jpg","type":"image\/jpeg"}],"twitter_card":"summary_large_image","twitter_misc":{"Dur\u00e9e de lecture estim\u00e9e":"2 minutes"},"schema":{"@context":"https:\/\/schema.org","@graph":[{"@type":"WebPage","@id":"https:\/\/www.eltako.com\/fr\/logiciel-pct14\/","url":"https:\/\/www.eltako.com\/fr\/logiciel-pct14\/","name":"Logiciel PCT14 &#187; Eltako","isPartOf":{"@id":"https:\/\/www.eltako.com\/en\/#website"},"primaryImageOfPage":{"@id":"https:\/\/www.eltako.com\/fr\/logiciel-pct14\/#primaryimage"},"image":{"@id":"https:\/\/www.eltako.com\/fr\/logiciel-pct14\/#primaryimage"},"thumbnailUrl":"https:\/\/www.eltako.com\/wp-content\/uploads\/2022\/02\/PCT14-1.jpg","datePublished":"2023-08-02T06:30:56+00:00","dateModified":"2025-03-18T08:10:09+00:00","breadcrumb":{"@id":"https:\/\/www.eltako.com\/fr\/logiciel-pct14\/#breadcrumb"},"inLanguage":"fr-FR","potentialAction":[{"@type":"ReadAction","target":["https:\/\/www.eltako.com\/fr\/logiciel-pct14\/"]}]},{"@type":"ImageObject","inLanguage":"fr-FR","@id":"https:\/\/www.eltako.com\/fr\/logiciel-pct14\/#primaryimage","url":"https:\/\/www.eltako.com\/wp-content\/uploads\/2022\/02\/PCT14-1.jpg","contentUrl":"https:\/\/www.eltako.com\/wp-content\/uploads\/2022\/02\/PCT14-1.jpg","width":3024,"height":1222},{"@type":"BreadcrumbList","@id":"https:\/\/www.eltako.com\/fr\/logiciel-pct14\/#breadcrumb","itemListElement":[{"@type":"ListItem","position":1,"name":"Page d\u2019accueil","item":"https:\/\/www.eltako.com\/fr\/"},{"@type":"ListItem","position":2,"name":"Logiciel PCT14"}]},{"@type":"WebSite","@id":"https:\/\/www.eltako.com\/en\/#website","url":"https:\/\/www.eltako.com\/en\/","name":"Eltako","description":"Schaltger\u00e4te, Netzteile, Stromz\u00e4hler, Dimmer, Geb\u00e4udeinstallation, Steuerungstechnik, Smart Home-L\u00f6sungen, Geb\u00e4udefunk, EnOcean-Technologie","potentialAction":[{"@type":"SearchAction","target":{"@type":"EntryPoint","urlTemplate":"https:\/\/www.eltako.com\/en\/?s={search_term_string}"},"query-input":{"@type":"PropertyValueSpecification","valueRequired":true,"valueName":"search_term_string"}}],"inLanguage":"fr-FR"}]}},"_links":{"self":[{"href":"https:\/\/www.eltako.com\/fr\/wp-json\/wp\/v2\/pages\/130953","targetHints":{"allow":["GET"]}}],"collection":[{"href":"https:\/\/www.eltako.com\/fr\/wp-json\/wp\/v2\/pages"}],"about":[{"href":"https:\/\/www.eltako.com\/fr\/wp-json\/wp\/v2\/types\/page"}],"author":[{"embeddable":true,"href":"https:\/\/www.eltako.com\/fr\/wp-json\/wp\/v2\/users\/31"}],"replies":[{"embeddable":true,"href":"https:\/\/www.eltako.com\/fr\/wp-json\/wp\/v2\/comments?post=130953"}],"version-history":[{"count":4,"href":"https:\/\/www.eltako.com\/fr\/wp-json\/wp\/v2\/pages\/130953\/revisions"}],"predecessor-version":[{"id":144457,"href":"https:\/\/www.eltako.com\/fr\/wp-json\/wp\/v2\/pages\/130953\/revisions\/144457"}],"wp:featuredmedia":[{"embeddable":true,"href":"https:\/\/www.eltako.com\/fr\/wp-json\/wp\/v2\/media\/32356"}],"wp:attachment":[{"href":"https:\/\/www.eltako.com\/fr\/wp-json\/wp\/v2\/media?parent=130953"}],"curies":[{"name":"wp","href":"https:\/\/api.w.org\/{rel}","templated":true}]}}