{"id":123241,"date":"2022-12-09T13:10:21","date_gmt":"2022-12-09T12:10:21","guid":{"rendered":"https:\/\/www.eltako.com\/declaration-de-protection-des-donnees-pour-les-medias-sociaux\/"},"modified":"2022-12-09T13:10:27","modified_gmt":"2022-12-09T12:10:27","slug":"declaration-de-protection-des-donnees-pour-les-medias-sociaux","status":"publish","type":"page","link":"https:\/\/www.eltako.com\/fr\/declaration-de-protection-des-donnees-pour-les-medias-sociaux\/","title":{"rendered":"D\u00e9claration de protection des donn\u00e9es pour les m\u00e9dias sociaux"},"content":{"rendered":"\n<h2 class=\"wp-block-heading\"><strong>Fournisseurs, informations sur la protection des donn\u00e9es, informations juridiques et n\u00e9tiquette pour les plateformes de m\u00e9dias sociaux que nous proposons et exploitons<\/strong><\/h2>\n\n<div style=\"height:30px\" aria-hidden=\"true\" class=\"wp-block-spacer\"><\/div>\n\n<h3 class=\"wp-block-heading\"><strong>Fournisseur<\/strong><\/h3>\n\n<p>ELTAKO GmbH<br\/>Hofener Stra\u00dfe 54  <br\/>70736 Fellbach<br\/>T\u00e9l. : 0711 94350000<br\/>Courrier \u00e9lectronique : info@eltako.de<br\/><br\/>Tribunal d&rsquo;enregistrement : Stuttgart<br\/>Num\u00e9ro d&rsquo;enregistrement : HRB261445<br\/>Directeur g\u00e9n\u00e9ral : Ulrich Horst Ziegler, Ulrich Ziegler<br\/>Num\u00e9ro d&rsquo;identification de la taxe sur le chiffre d&rsquo;affaires : DE147330893<\/p>\n\n<div style=\"height:30px\" aria-hidden=\"true\" class=\"wp-block-spacer\"><\/div>\n\n<h3 class=\"wp-block-heading\"><strong>Informations sur la protection des donn\u00e9es pour l&rsquo;utilisation de nos canaux de m\u00e9dias sociaux<\/strong><\/h3>\n\n<p>Nos canaux de m\u00e9dias sociaux sont g\u00e9r\u00e9s par nous-m\u00eames (fournisseur).<\/p>\n\n<p><strong>D\u00e9l\u00e9gu\u00e9 \u00e0 la protection des donn\u00e9es<\/strong><strong><br\/><\/strong>Knecht Protection des donn\u00e9es<br\/>Stefan Knecht<br\/>T\u00e9l\u00e9phone : +49 (0)7021 487628<br\/><a href=\"mailto:datenschutz@eltako.de\">datenschutz@eltako.de<\/a><\/p>\n\n<p><strong>G\u00e9n\u00e9ralit\u00e9s<\/strong><\/p>\n\n<p>Afin d&rsquo;atteindre les candidats* ou les personnes int\u00e9ress\u00e9es* et de fournir un contenu et des informations actuelles sur nous, nous les proposons sur des plateformes de tiers, en dehors du site web que nous exploitons nous-m\u00eames.<\/p>\n\n<p>La jurisprudence actuelle laisse supposer que, dans ce cas, nous sommes en partie responsables du traitement de vos donn\u00e9es personnelles qui y est effectu\u00e9. C&rsquo;est pourquoi nous vous informons de ce traitement sur les plates-formes sur lesquelles nous sommes pr\u00e9sents et dans la mesure o\u00f9 nous en avons connaissance. Eltako GmbH n&rsquo;a aucune influence sur les traitements effectu\u00e9s par les plates-formes. Notre acc\u00e8s aux donn\u00e9es personnelles se limite \u00e0 celles que vous rendez publiques par le biais de la plate-forme. Nous les traitons le cas \u00e9ch\u00e9ant \u00e0 d&rsquo;autres fins. Vous trouverez des informations \u00e0 ce sujet dans nos autres informations sur la protection des donn\u00e9es, en particulier pour les personnes int\u00e9ress\u00e9es* et les candidats*.<\/p>\n\n<p><strong>Quelles sont les cat\u00e9gories de donn\u00e9es \u00e0 caract\u00e8re personnel trait\u00e9es et \u00e0 quelles fins ?  <\/strong><\/p>\n\n<p>D\u00e8s que vous visitez l&rsquo;un de nos sites sur une plate-forme, l&rsquo;exploitant de la plate-forme place g\u00e9n\u00e9ralement des cookies. Les cookies sont des paquets de donn\u00e9es contenant des informations qui sont collect\u00e9es par votre navigateur et stock\u00e9es sur votre ordinateur pour une p\u00e9riode d\u00e9finie. Il est important pour nous que vous sachiez que les exploitants de plateformes tierces collectent des donn\u00e9es personnelles des utilisateurs* \u00e0 l&rsquo;aide de cookies afin d&rsquo;\u00e9valuer le comportement des utilisateurs. Cela peut \u00eatre \u00e0 des fins statistiques ou \u00e9ventuellement de profilage. En particulier, ce traitement a lieu si vous \u00eates enregistr\u00e9 sur ces plateformes tierces. Vous trouverez des informations plus concr\u00e8tes sur les finalit\u00e9s dans les informations respectives sur la protection des donn\u00e9es des plateformes.<\/p>\n\n<p>Eltako GmbH re\u00e7oit des exploitants des plateformes tierces des \u00e9valuations sur l&rsquo;utilisation de notre pr\u00e9sence sous forme agr\u00e9g\u00e9e ou pseudonyme. Seules les donn\u00e9es enti\u00e8rement anonymis\u00e9es ne sont pas soumises au DSGVO, car une r\u00e9-identification de votre personne n&rsquo;est pas possible compte tenu de la charge de travail et de l&rsquo;autorisation l\u00e9gale. Nous utilisons ces donn\u00e9es statistiques pour mieux adapter nos offres et notre port\u00e9e \u00e0 nos visiteurs et aux personnes int\u00e9ress\u00e9es.<br\/>Un tel traitement de donn\u00e9es pseudonymes ou agr\u00e9g\u00e9es est le moyen le plus l\u00e9ger qui pr\u00e9vaut sur vos int\u00e9r\u00eats ou sur les droits et libert\u00e9s fondamentaux qui exigent la protection des donn\u00e9es \u00e0 caract\u00e8re personnel. La base juridique de ce traitement est fond\u00e9e sur l&rsquo;article 6, paragraphe 1, de la directive sur la protection des donn\u00e9es. 1 lit. f du RGPD.<\/p>\n\n<p>Les exploitants des plateformes mettent \u00e0 notre disposition les cat\u00e9gories de donn\u00e9es suivantes pour l&rsquo;\u00e9valuation des activit\u00e9s du site, dans la mesure o\u00f9 vous avez fourni les informations correspondantes ou que l&rsquo;exploitant les collecte :<\/p>\n\n<ul class=\"wp-block-list\"><li>Tranche d&rsquo;\u00e2ge<\/li><li>Sexe<\/li><li>Lieu de r\u00e9sidence (ville et pays)<\/li><li>Appareils<\/li><li>Langue<\/li><li>Donn\u00e9es d\u00e9mographiques (domaine d&rsquo;activit\u00e9, taille de l&rsquo;entreprise, secteur, lieu, niveau de carri\u00e8re)<\/li><li>pages consult\u00e9es en mode mobile ou fixe (YouTube en plus de certains types d&rsquo;appareils)<\/li><li>Interactions dans le contexte des posts (par ex. r\u00e9actions, commentaires, partages, clics, vues, dur\u00e9e d&rsquo;utilisation de la vid\u00e9o)<\/li><li>Heure d&rsquo;utilisation  <\/li><\/ul>\n\n<p>Comme nous l&rsquo;avons d\u00e9j\u00e0 mentionn\u00e9, nous n&rsquo;avons pas une connaissance pr\u00e9cise des donn\u00e9es que les exploitants des plateformes collectent aupr\u00e8s de vous et \u00e0 quelles fins. Nous vous prions de comprendre que nous ne pouvons informer que dans le cadre des donn\u00e9es personnelles que nous traitons.<\/p>\n\n<p><strong>Dur\u00e9e de conservation et obligation de nous fournir des donn\u00e9es \u00e0 caract\u00e8re personnel<\/strong><\/p>\n\n<p>Vos donn\u00e9es personnelles peuvent \u00eatre stock\u00e9es sur nos syst\u00e8mes si et tant qu&rsquo;elles sont n\u00e9cessaires aux fins de la collecte ou si des obligations l\u00e9gales de conservation existent.<\/p>\n\n<p>Vous n&rsquo;\u00eates pas oblig\u00e9(e) par contrat ou par la loi de nous fournir vos donn\u00e9es personnelles.<\/p>\n\n<p><strong>Exportation de donn\u00e9es vers un pays tiers non s\u00fbr<\/strong><\/p>\n\n<p>Il est important pour nous que vous sachiez que les op\u00e9rateurs des plateformes sont souvent des entreprises am\u00e9ricaines. Vos donn\u00e9es \u00e0 caract\u00e8re personnel peuvent donc \u00eatre trait\u00e9es en dehors de l&rsquo;EEE, dans un pays tiers non s\u00fbr (pas de d\u00e9cision d&rsquo;ad\u00e9quation de l&rsquo;UE). Il incombe aux exploitants de plateformes exportatrices de d\u00e9terminer si des garanties appropri\u00e9es ont \u00e9t\u00e9 mises en place pour vos droits et libert\u00e9s en mati\u00e8re de protection des donn\u00e9es. Il peut en r\u00e9sulter pour vous une certaine perte de contr\u00f4le. Par exemple, les services secrets am\u00e9ricains peuvent consulter vos donn\u00e9es ou vous n&rsquo;avez pas de droits ou de recours en ce qui concerne vos donn\u00e9es personnelles.<\/p>\n\n<p><strong>Op\u00e9rateur de la plate-forme<\/strong><strong><br\/><\/strong>Vous trouverez des informations sur le traitement des donn\u00e9es des plateformes dans les d\u00e9clarations de protection des donn\u00e9es respectives. Veuillez \u00e9galement tenir compte des conditions d&rsquo;utilisation des exploitants des plateformes en ce qui concerne vos donn\u00e9es personnelles.<strong><\/strong><\/p>\n\n<p><strong>LinkedIn<br\/>LinkedIn Ireland Unlimited Company<br\/><\/strong>Wilton Place, Dublin 2, Irlande<br\/><a href=\"https:\/\/www.linkedin.com\/legal\/privacy-policy?trk=d_org_guest_company_overview_footer-privacy-policy\">Protection des donn\u00e9es sur LinkedIn<\/a><br\/><a href=\"https:\/\/legal.linkedin.com\/pages-joint-controller-addendum\">Accord de traitement conjoint<\/a><strong><\/strong><\/p>\n\n<p><strong>Soci\u00e9t\u00e9 internationale Twitter<\/strong><br\/>One Cumberland Place<br\/>Rue Fenian<br\/>Dublin 2<br\/>D02 AX07<br\/>Ireland<br\/><a href=\"https:\/\/twitter.com\/de\/privacy\">Protection des donn\u00e9es sur Twitter<\/a><\/p>\n\n<p><strong>XING<br\/><\/strong>New Work SE<br\/>Sur le quai de la plage 1<br\/>20457 Hambourg<br\/>Allemagne<br\/><a href=\"https:\/\/privacy.xing.com\/\">Protection des donn\u00e9es sur XING<\/a><strong><\/strong><\/p>\n\n<p><strong>YouTube<\/strong><br\/>YouTube LLC<br\/>901 Cherry Ave.<br\/>San Bruno, CA 94066, \u00c9tats-Unis<br\/><a href=\"https:\/\/policies.google.com\/privacy\">Protection des donn\u00e9es sur YouTube<\/a><\/p>\n\n<p><strong>Meta Platforms Ireland Limited<\/strong><br\/>4 Grand Canal Square<br\/>Dublin 2, Irlande<br\/><a href=\"https:\/\/www.facebook.com\/privacy\/policy\/?entry_point=data_policy_redirect&amp;entry=0\">Confidentialit\u00e9 sur Facebook<\/a><br\/><a href=\"https:\/\/privacycenter.instagram.com\/policy\">Confidentialit\u00e9 sur Instagram<\/a><\/p>\n\n<p><strong>Vos droits en mati\u00e8re de protection des donn\u00e9es<\/strong><\/p>\n\n<p>Vous avez le droit \u00e0 l&rsquo;information selon l&rsquo;article 15 du DSGVO, le droit \u00e0 la rectification selon l&rsquo;article 16 du DSGVO, le droit \u00e0 l&rsquo;effacement selon l&rsquo;article 17 du DSGVO, le droit \u00e0 la limitation du traitement selon l&rsquo;article 18 du DSGVO ainsi que le droit \u00e0 la portabilit\u00e9 des donn\u00e9es selon l&rsquo;article 20 du DSGVO. En principe, conform\u00e9ment \u00e0 l&rsquo;article 21 du DSGVO, il existe un droit d&rsquo;opposition au traitement des donn\u00e9es \u00e0 caract\u00e8re personnel par nos soins, dans la mesure o\u00f9 ce traitement est fond\u00e9 sur un int\u00e9r\u00eat l\u00e9gitime (article 6, paragraphe 1, point f) du DSGVO). Ce droit d&rsquo;opposition ne s&rsquo;applique toutefois qu&rsquo;en pr\u00e9sence de circonstances tr\u00e8s particuli\u00e8res de votre situation personnelle, les droits de notre entreprise pouvant \u00e9ventuellement s&rsquo;opposer \u00e0 votre droit d&rsquo;opposition. Vous pouvez \u00e9galement vous opposer \u00e0 tout moment au traitement de vos donn\u00e9es \u00e0 caract\u00e8re personnel \u00e0 des fins de publicit\u00e9 directe ou de profilage.<\/p>\n\n<p>Pour exercer ces droits en ce qui concerne le traitement des donn\u00e9es par les plateformes, veuillez vous adresser directement, dans la mesure du possible, aux coordonn\u00e9es communiqu\u00e9es.  <br\/>Dans d&rsquo;autres cas ou en cas de besoin, veuillez nous envoyer un e-mail \u00e0 <a href=\"mailto:datenschutz@eltako.de\">datenschutz@eltako.de<\/a><\/p>\n\n<p>Vous disposez d&rsquo;un droit de recours aupr\u00e8s de l&rsquo;autorit\u00e9 de surveillance de la protection des donn\u00e9es (article 77 du DSGVO). L&rsquo;autorit\u00e9 de surveillance comp\u00e9tente pour nous est :  <br\/>Le commissaire du Land \u00e0 la protection des donn\u00e9es et \u00e0 la libert\u00e9 d&rsquo;information<br\/>20, rue Lautenschlager<br\/>70173 Stuttgart<\/p>\n\n<div style=\"height:30px\" aria-hidden=\"true\" class=\"wp-block-spacer\"><\/div>\n\n<h3 class=\"wp-block-heading\"><strong>Mentions l\u00e9gales<\/strong><\/h3>\n\n<p><strong>Droit d&rsquo;auteur  <\/strong><\/p>\n\n<p>Les contenus\/\u0153uvres cr\u00e9\u00e9s par nous ou par des tiers mandat\u00e9s par nous sont soumis au droit d&rsquo;auteur allemand. Tout type d&rsquo;utilisation en dehors des limites du droit d&rsquo;auteur n\u00e9cessite l&rsquo;accord \u00e9crit de l&rsquo;auteur ou du cr\u00e9ateur. Les t\u00e9l\u00e9chargements et les copies ne sont autoris\u00e9s que pour un usage priv\u00e9 et non commercial. Les contenus de tiers sont identifi\u00e9s comme tels. Si vous constatez une violation des droits d&rsquo;auteur, nous vous prions de bien vouloir nous en informer. Nous supprimerons imm\u00e9diatement les contenus qui constituent une violation de la loi.<\/p>\n\n<p><strong>Droits de licence<\/strong><\/p>\n\n<p>Nous devons prot\u00e9ger notre propri\u00e9t\u00e9 intellectuelle (brevets, marques commerciales et droits d&rsquo;auteur) et n&rsquo;accordons pas de droits de licence \u00e0 ce stade.<\/p>\n\n<p><strong>Responsabilit\u00e9  <\/strong><\/p>\n\n<p>Le cas \u00e9ch\u00e9ant, vous trouverez \u00e9galement sur nos sites de m\u00e9dias sociaux des liens vers d&rsquo;autres sites web sur le \u00ab\u00a0Wild-Wild-Web\u00a0\u00bb ou Internet. Nous n&rsquo;avons aucune influence sur leur conception et leur contenu. Nous ne pouvons donc pas en garantir l&rsquo;actualit\u00e9, l&rsquo;exactitude, l&rsquo;exhaustivit\u00e9 ou la qualit\u00e9 et nous nous en distan\u00e7ons.<br\/><br\/><strong>Documents \u00e0 utiliser<\/strong><\/p>\n\n<p>Les conditions d&rsquo;utilisation (par exemple les conditions g\u00e9n\u00e9rales, les conditions d&rsquo;utilisation ou les conditions de service) de nos autres offres num\u00e9riques pr\u00e9valent sur les pr\u00e9sentes mentions l\u00e9gales.<\/p>\n\n<div style=\"height:30px\" aria-hidden=\"true\" class=\"wp-block-spacer\"><\/div>\n\n<h3 class=\"wp-block-heading\"><strong>Netiquette<\/strong><\/h3>\n\n<p>Nous vous demandons d&rsquo;adopter un ton amical et respectueux. Chacun a le droit de s&rsquo;exprimer librement &#8211; dans les limites de ce qui est autoris\u00e9 par la loi.<\/p>\n\n<p>Chez nous, les personnes ne sont pas les bienvenues :<\/p>\n\n<ul class=\"wp-block-list\"><li>les insultes, les menaces et le d\u00e9nigrement<\/li><li>Appels \u00e0 la violence<\/li><li>Pens\u00e9es radicales, racisme, propagande haineuse<\/li><li>Pornographie et obsc\u00e9nit\u00e9s<\/li><li>Violation des droits de tiers<\/li><li>Appels aux dons ou \u00e0 des campagnes\/manifestations<\/li><li>Publicit\u00e9 \u00e9lectorale ou de parti<\/li><li>Commentaires ou liens sans rapport avec le post concern\u00e9<\/li><li>Abus \u00e0 des fins publicitaires<\/li><li>les publications issues de forums\/blogs, la correspondance priv\u00e9e ou les donn\u00e9es priv\u00e9es (par ex. adresse, adresse \u00e9lectronique ou num\u00e9ro de t\u00e9l\u00e9phone)<\/li><\/ul>\n\n<p>Nous nous r\u00e9servons le droit de supprimer les commentaires et, le cas \u00e9ch\u00e9ant, de bloquer les \u00ab\u00a0r\u00e9cidivistes\u00a0\u00bb. Chaque utilisateur est responsable des contributions qu&rsquo;il publie lui-m\u00eame. Nous n&rsquo;assumons aucune responsabilit\u00e9 \u00e0 cet \u00e9gard.<br\/>N&rsquo;oubliez pas qu&rsquo;Internet n&rsquo;oublie rien et que vous n&rsquo;\u00eates probablement pas anonyme.<br\/>Nous vous souhaitons beaucoup de plaisir avec nos offres de m\u00e9dias sociaux !<br\/><br\/>Mise \u00e0 jour : novembre 2022<\/p>\n","protected":false},"excerpt":{"rendered":"<p>Fournisseurs, informations sur la protection des donn\u00e9es, informations juridiques et n\u00e9tiquette pour les plateformes de m\u00e9dias sociaux que nous proposons et exploitons Fournisseur ELTAKO GmbHHofener Stra\u00dfe 54 70736 FellbachT\u00e9l. : 0711 94350000Courrier \u00e9lectronique : info@eltako.de Tribunal d&rsquo;enregistrement : StuttgartNum\u00e9ro d&rsquo;enregistrement : HRB261445Directeur g\u00e9n\u00e9ral : Ulrich Horst Ziegler, Ulrich ZieglerNum\u00e9ro d&rsquo;identification de la taxe sur le [&hellip;]<\/p>\n","protected":false},"author":39,"featured_media":0,"parent":0,"menu_order":0,"comment_status":"closed","ping_status":"closed","template":"","meta":{"_acf_changed":false,"footnotes":"","_links_to":"","_links_to_target":""},"class_list":["post-123241","page","type-page","status-publish","hentry"],"acf":[],"yoast_head":"<!-- This site is optimized with the Yoast SEO plugin v27.2 - https:\/\/yoast.com\/product\/yoast-seo-wordpress\/ -->\n<title>D\u00e9claration de protection des donn\u00e9es pour les m\u00e9dias sociaux &#187; Eltako<\/title>\n<meta name=\"robots\" content=\"index, follow, max-snippet:-1, max-image-preview:large, max-video-preview:-1\" \/>\n<link rel=\"canonical\" href=\"https:\/\/www.eltako.com\/fr\/declaration-de-protection-des-donnees-pour-les-medias-sociaux\/\" \/>\n<meta property=\"og:locale\" content=\"fr_FR\" \/>\n<meta property=\"og:type\" content=\"article\" \/>\n<meta property=\"og:title\" content=\"D\u00e9claration de protection des donn\u00e9es pour les m\u00e9dias sociaux &#187; Eltako\" \/>\n<meta property=\"og:description\" content=\"Fournisseurs, informations sur la protection des donn\u00e9es, informations juridiques et n\u00e9tiquette pour les plateformes de m\u00e9dias sociaux que nous proposons et exploitons Fournisseur ELTAKO GmbHHofener Stra\u00dfe 54 70736 FellbachT\u00e9l. : 0711 94350000Courrier \u00e9lectronique : info@eltako.de Tribunal d&rsquo;enregistrement : StuttgartNum\u00e9ro d&rsquo;enregistrement : HRB261445Directeur g\u00e9n\u00e9ral : Ulrich Horst Ziegler, Ulrich ZieglerNum\u00e9ro d&rsquo;identification de la taxe sur le [&hellip;]\" \/>\n<meta property=\"og:url\" content=\"https:\/\/www.eltako.com\/fr\/declaration-de-protection-des-donnees-pour-les-medias-sociaux\/\" \/>\n<meta property=\"og:site_name\" content=\"Eltako\" \/>\n<meta property=\"article:modified_time\" content=\"2022-12-09T12:10:27+00:00\" \/>\n<meta name=\"twitter:card\" content=\"summary_large_image\" \/>\n<meta name=\"twitter:label1\" content=\"Dur\u00e9e de lecture estim\u00e9e\" \/>\n\t<meta name=\"twitter:data1\" content=\"8 minutes\" \/>\n<script type=\"application\/ld+json\" class=\"yoast-schema-graph\">{\"@context\":\"https:\/\/schema.org\",\"@graph\":[{\"@type\":\"WebPage\",\"@id\":\"https:\/\/www.eltako.com\/fr\/declaration-de-protection-des-donnees-pour-les-medias-sociaux\/\",\"url\":\"https:\/\/www.eltako.com\/fr\/declaration-de-protection-des-donnees-pour-les-medias-sociaux\/\",\"name\":\"D\u00e9claration de protection des donn\u00e9es pour les m\u00e9dias sociaux &#187; Eltako\",\"isPartOf\":{\"@id\":\"https:\/\/www.eltako.com\/en\/#website\"},\"datePublished\":\"2022-12-09T12:10:21+00:00\",\"dateModified\":\"2022-12-09T12:10:27+00:00\",\"breadcrumb\":{\"@id\":\"https:\/\/www.eltako.com\/fr\/declaration-de-protection-des-donnees-pour-les-medias-sociaux\/#breadcrumb\"},\"inLanguage\":\"fr-FR\",\"potentialAction\":[{\"@type\":\"ReadAction\",\"target\":[\"https:\/\/www.eltako.com\/fr\/declaration-de-protection-des-donnees-pour-les-medias-sociaux\/\"]}]},{\"@type\":\"BreadcrumbList\",\"@id\":\"https:\/\/www.eltako.com\/fr\/declaration-de-protection-des-donnees-pour-les-medias-sociaux\/#breadcrumb\",\"itemListElement\":[{\"@type\":\"ListItem\",\"position\":1,\"name\":\"Page d\u2019accueil\",\"item\":\"https:\/\/www.eltako.com\/fr\/\"},{\"@type\":\"ListItem\",\"position\":2,\"name\":\"D\u00e9claration de protection des donn\u00e9es pour les m\u00e9dias sociaux\"}]},{\"@type\":\"WebSite\",\"@id\":\"https:\/\/www.eltako.com\/en\/#website\",\"url\":\"https:\/\/www.eltako.com\/en\/\",\"name\":\"Eltako\",\"description\":\"Schaltger\u00e4te, Netzteile, Stromz\u00e4hler, Dimmer, Geb\u00e4udeinstallation, Steuerungstechnik, Smart Home-L\u00f6sungen, Geb\u00e4udefunk, EnOcean-Technologie\",\"potentialAction\":[{\"@type\":\"SearchAction\",\"target\":{\"@type\":\"EntryPoint\",\"urlTemplate\":\"https:\/\/www.eltako.com\/en\/?s={search_term_string}\"},\"query-input\":{\"@type\":\"PropertyValueSpecification\",\"valueRequired\":true,\"valueName\":\"search_term_string\"}}],\"inLanguage\":\"fr-FR\"}]}<\/script>\n<!-- \/ Yoast SEO plugin. -->","yoast_head_json":{"title":"D\u00e9claration de protection des donn\u00e9es pour les m\u00e9dias sociaux &#187; Eltako","robots":{"index":"index","follow":"follow","max-snippet":"max-snippet:-1","max-image-preview":"max-image-preview:large","max-video-preview":"max-video-preview:-1"},"canonical":"https:\/\/www.eltako.com\/fr\/declaration-de-protection-des-donnees-pour-les-medias-sociaux\/","og_locale":"fr_FR","og_type":"article","og_title":"D\u00e9claration de protection des donn\u00e9es pour les m\u00e9dias sociaux &#187; Eltako","og_description":"Fournisseurs, informations sur la protection des donn\u00e9es, informations juridiques et n\u00e9tiquette pour les plateformes de m\u00e9dias sociaux que nous proposons et exploitons Fournisseur ELTAKO GmbHHofener Stra\u00dfe 54 70736 FellbachT\u00e9l. : 0711 94350000Courrier \u00e9lectronique : info@eltako.de Tribunal d&rsquo;enregistrement : StuttgartNum\u00e9ro d&rsquo;enregistrement : HRB261445Directeur g\u00e9n\u00e9ral : Ulrich Horst Ziegler, Ulrich ZieglerNum\u00e9ro d&rsquo;identification de la taxe sur le [&hellip;]","og_url":"https:\/\/www.eltako.com\/fr\/declaration-de-protection-des-donnees-pour-les-medias-sociaux\/","og_site_name":"Eltako","article_modified_time":"2022-12-09T12:10:27+00:00","twitter_card":"summary_large_image","twitter_misc":{"Dur\u00e9e de lecture estim\u00e9e":"8 minutes"},"schema":{"@context":"https:\/\/schema.org","@graph":[{"@type":"WebPage","@id":"https:\/\/www.eltako.com\/fr\/declaration-de-protection-des-donnees-pour-les-medias-sociaux\/","url":"https:\/\/www.eltako.com\/fr\/declaration-de-protection-des-donnees-pour-les-medias-sociaux\/","name":"D\u00e9claration de protection des donn\u00e9es pour les m\u00e9dias sociaux &#187; Eltako","isPartOf":{"@id":"https:\/\/www.eltako.com\/en\/#website"},"datePublished":"2022-12-09T12:10:21+00:00","dateModified":"2022-12-09T12:10:27+00:00","breadcrumb":{"@id":"https:\/\/www.eltako.com\/fr\/declaration-de-protection-des-donnees-pour-les-medias-sociaux\/#breadcrumb"},"inLanguage":"fr-FR","potentialAction":[{"@type":"ReadAction","target":["https:\/\/www.eltako.com\/fr\/declaration-de-protection-des-donnees-pour-les-medias-sociaux\/"]}]},{"@type":"BreadcrumbList","@id":"https:\/\/www.eltako.com\/fr\/declaration-de-protection-des-donnees-pour-les-medias-sociaux\/#breadcrumb","itemListElement":[{"@type":"ListItem","position":1,"name":"Page d\u2019accueil","item":"https:\/\/www.eltako.com\/fr\/"},{"@type":"ListItem","position":2,"name":"D\u00e9claration de protection des donn\u00e9es pour les m\u00e9dias sociaux"}]},{"@type":"WebSite","@id":"https:\/\/www.eltako.com\/en\/#website","url":"https:\/\/www.eltako.com\/en\/","name":"Eltako","description":"Schaltger\u00e4te, Netzteile, Stromz\u00e4hler, Dimmer, Geb\u00e4udeinstallation, Steuerungstechnik, Smart Home-L\u00f6sungen, Geb\u00e4udefunk, EnOcean-Technologie","potentialAction":[{"@type":"SearchAction","target":{"@type":"EntryPoint","urlTemplate":"https:\/\/www.eltako.com\/en\/?s={search_term_string}"},"query-input":{"@type":"PropertyValueSpecification","valueRequired":true,"valueName":"search_term_string"}}],"inLanguage":"fr-FR"}]}},"_links":{"self":[{"href":"https:\/\/www.eltako.com\/fr\/wp-json\/wp\/v2\/pages\/123241","targetHints":{"allow":["GET"]}}],"collection":[{"href":"https:\/\/www.eltako.com\/fr\/wp-json\/wp\/v2\/pages"}],"about":[{"href":"https:\/\/www.eltako.com\/fr\/wp-json\/wp\/v2\/types\/page"}],"author":[{"embeddable":true,"href":"https:\/\/www.eltako.com\/fr\/wp-json\/wp\/v2\/users\/39"}],"replies":[{"embeddable":true,"href":"https:\/\/www.eltako.com\/fr\/wp-json\/wp\/v2\/comments?post=123241"}],"version-history":[{"count":1,"href":"https:\/\/www.eltako.com\/fr\/wp-json\/wp\/v2\/pages\/123241\/revisions"}],"predecessor-version":[{"id":123242,"href":"https:\/\/www.eltako.com\/fr\/wp-json\/wp\/v2\/pages\/123241\/revisions\/123242"}],"wp:attachment":[{"href":"https:\/\/www.eltako.com\/fr\/wp-json\/wp\/v2\/media?parent=123241"}],"curies":[{"name":"wp","href":"https:\/\/api.w.org\/{rel}","templated":true}]}}