{"id":122094,"date":"2022-11-17T12:42:11","date_gmt":"2022-11-17T11:42:11","guid":{"rendered":"https:\/\/www.eltako.com\/serie-62-ip\/"},"modified":"2025-03-10T09:58:24","modified_gmt":"2025-03-10T08:58:24","slug":"serie-62-ip","status":"publish","type":"page","link":"https:\/\/www.eltako.com\/fr\/serie-62-ip\/","title":{"rendered":"S\u00e9rie 62-IP"},"content":{"rendered":"\n<h2 class=\"wp-block-heading has-text-color has-large-font-size\" style=\"color:#0064af;text-transform:uppercase\"><strong>Fait pour chaque maison.<\/strong> <\/h2>\n\n<p>L&rsquo;astronaute de notre petite histoire sur les r\u00e9seaux sociaux a amen\u00e9 la s\u00e9rie 62-IP sur terre et l&rsquo;a pr\u00e9sent\u00e9e pour la premi\u00e8re fois au Light + Building de Francfort. Les visiteurs du salon ont \u00e9t\u00e9 les premiers \u00e0 tester les produits et leurs fonctions via Apple Home et le nouveau Standard Matter. <\/p>\n\n<div class=\"wp-block-columns are-vertically-aligned-center is-layout-flex wp-container-core-columns-is-layout-9d6595d7 wp-block-columns-is-layout-flex\">\n<div class=\"wp-block-column is-vertically-aligned-center is-layout-flow wp-block-column-is-layout-flow\">\n<h2 class=\"has-text-color has-large-font-size\" style=\"color:#0064af;text-transform:uppercase; line-height:42px;\">Rendez-le simplement intelligent sans effort.<\/h2>\n\n\n\n<p>Les tout nouveaux produits fonctionnent en Wi-Fi et sont certifi\u00e9s Apple Home.<\/p>\n\n\n\n<p>Les avantages d&rsquo;Apple Home peuvent \u00eatre utilis\u00e9s en sortie d\u00b4usine et permettent d&rsquo;int\u00e9grer les produits dans la plate-forme Smart Home d&rsquo;Apple. Cela signifie qu&rsquo;ils peuvent \u00e9galement \u00eatre command\u00e9s directement via l&rsquo;application Apple Home sur chaque iPhone et iPad \u00e0 l&rsquo;aide d&rsquo;automatisations, de sc\u00e8nes et de la c\u00e9l\u00e8bre commande vocale Siri. <\/p>\n\n\n\n<div style=\"height:20px\" aria-hidden=\"true\" class=\"wp-block-spacer\"><\/div>\n\n\n\n<div class=\"wp-block-columns is-layout-flex wp-container-core-columns-is-layout-9d6595d7 wp-block-columns-is-layout-flex\">\n<div class=\"wp-block-column is-layout-flow wp-block-column-is-layout-flow\">\n<a href=\"https:\/\/www.eltako.com\/de\/eltako-products\/categories\/39\/IP-Aktoren%20zur%20dezentralen%20Installation.%20Matter-%20oder%20Apple%20Home-Zertifiziert%20und%20REST-API?search=\" target=\"_blank\" class=\"btn font-weight-bold text-white mt-1 mb-1 p-3 w-100\" style=\"background : #016db7; font-size:20px\" rel=\"noopener\">VUE D&rsquo;ENSEMBLE<\/a>\n<\/div>\n\n\n\n<div class=\"wp-block-column is-layout-flow wp-block-column-is-layout-flow\"><\/div>\n<\/div>\n\n\n\n<div style=\"height:20px\" aria-hidden=\"true\" class=\"wp-block-spacer\"><\/div>\n\n\n\n<figure class=\"wp-block-image size-large is-resized\"><img decoding=\"async\" src=\"https:\/\/www.eltako.com\/wp-content\/uploads\/2022\/09\/eltako_website_content_baureihe-62_logokombination-2-1024x125.jpg\" alt=\"\" class=\"wp-image-117989\" style=\"width:250px\"\/><\/figure>\n<\/div>\n\n\n\n<div class=\"wp-block-column is-vertically-aligned-center is-layout-flow wp-block-column-is-layout-flow\">\n<figure class=\"wp-block-image size-full\"><img decoding=\"async\" width=\"1010\" height=\"1010\" src=\"https:\/\/www.eltako.com\/wp-content\/uploads\/2022\/09\/eltako_website_content_baureihe-62_06.jpg\" alt=\"\" class=\"wp-image-117520\" srcset=\"https:\/\/www.eltako.com\/wp-content\/uploads\/2022\/09\/eltako_website_content_baureihe-62_06.jpg 1010w, https:\/\/www.eltako.com\/wp-content\/uploads\/2022\/09\/eltako_website_content_baureihe-62_06-300x300.jpg 300w, https:\/\/www.eltako.com\/wp-content\/uploads\/2022\/09\/eltako_website_content_baureihe-62_06-150x150.jpg 150w, https:\/\/www.eltako.com\/wp-content\/uploads\/2022\/09\/eltako_website_content_baureihe-62_06-768x768.jpg 768w, https:\/\/www.eltako.com\/wp-content\/uploads\/2022\/09\/eltako_website_content_baureihe-62_06-600x600.jpg 600w, https:\/\/www.eltako.com\/wp-content\/uploads\/2022\/09\/eltako_website_content_baureihe-62_06-100x100.jpg 100w\" sizes=\"(max-width: 1010px) 100vw, 1010px\" \/><\/figure>\n<\/div>\n<\/div>\n\n<figure class=\"wp-block-image size-large\"><img decoding=\"async\" width=\"1024\" height=\"310\" src=\"https:\/\/www.eltako.com\/wp-content\/uploads\/2022\/09\/eltako_website_content_baureihe-62_16-1024x310.jpg\" alt=\"\" class=\"wp-image-118049\" srcset=\"https:\/\/www.eltako.com\/wp-content\/uploads\/2022\/09\/eltako_website_content_baureihe-62_16-1024x310.jpg 1024w, https:\/\/www.eltako.com\/wp-content\/uploads\/2022\/09\/eltako_website_content_baureihe-62_16-300x91.jpg 300w, https:\/\/www.eltako.com\/wp-content\/uploads\/2022\/09\/eltako_website_content_baureihe-62_16-768x233.jpg 768w, https:\/\/www.eltako.com\/wp-content\/uploads\/2022\/09\/eltako_website_content_baureihe-62_16-1536x465.jpg 1536w, https:\/\/www.eltako.com\/wp-content\/uploads\/2022\/09\/eltako_website_content_baureihe-62_16-2048x621.jpg 2048w, https:\/\/www.eltako.com\/wp-content\/uploads\/2022\/09\/eltako_website_content_baureihe-62_16-600x182.jpg 600w\" sizes=\"(max-width: 1024px) 100vw, 1024px\" \/><\/figure>\n\n<div style=\"height:90px\" aria-hidden=\"true\" class=\"wp-block-spacer\"><\/div>\n\n<hr class=\"wp-block-separator has-text-color has-alpha-channel-opacity has-background is-style-wide\" style=\"background-color:#0064af;color:#0064af\"\/>\n\n<div style=\"height:90px\" aria-hidden=\"true\" class=\"wp-block-spacer\"><\/div>\n\n<div class=\"wp-block-columns is-layout-flex wp-container-core-columns-is-layout-9d6595d7 wp-block-columns-is-layout-flex\">\n<div class=\"wp-block-column is-layout-flow wp-block-column-is-layout-flow\">\n<figure class=\"wp-block-image size-full\"><img decoding=\"async\" width=\"1010\" height=\"1010\" src=\"https:\/\/www.eltako.com\/wp-content\/uploads\/2022\/09\/eltako_website_content_baureihe-62_01-1.jpg\" alt=\"\" class=\"wp-image-117613\" srcset=\"https:\/\/www.eltako.com\/wp-content\/uploads\/2022\/09\/eltako_website_content_baureihe-62_01-1.jpg 1010w, https:\/\/www.eltako.com\/wp-content\/uploads\/2022\/09\/eltako_website_content_baureihe-62_01-1-300x300.jpg 300w, https:\/\/www.eltako.com\/wp-content\/uploads\/2022\/09\/eltako_website_content_baureihe-62_01-1-150x150.jpg 150w, https:\/\/www.eltako.com\/wp-content\/uploads\/2022\/09\/eltako_website_content_baureihe-62_01-1-768x768.jpg 768w, https:\/\/www.eltako.com\/wp-content\/uploads\/2022\/09\/eltako_website_content_baureihe-62_01-1-600x600.jpg 600w, https:\/\/www.eltako.com\/wp-content\/uploads\/2022\/09\/eltako_website_content_baureihe-62_01-1-100x100.jpg 100w\" sizes=\"(max-width: 1010px) 100vw, 1010px\" \/><\/figure>\n<\/div>\n\n\n\n<div class=\"wp-block-column is-layout-flow wp-block-column-is-layout-flow\">\n<h2 class=\"has-text-color has-large-font-size\" style=\"color:#0064af;text-transform:uppercase; line-height:42px\">Tout ce dont vous avez besoin pour commencer est un smartphone. <\/h2>\n\n\n\n<p>L&rsquo;application Eltako Connect est la petite aide pour adapter la fonctionnalit\u00e9 d&rsquo;une grande vari\u00e9t\u00e9 de produits Eltako aux besoins respectifs. Ceci s&rsquo;applique \u00e9galement \u00e0 la s\u00e9rie 62-IP. <\/p>\n\n\n\n<p>L&rsquo;application s&rsquo;adapte aux changements technologiques et aux progr\u00e8s gr\u00e2ce aux mises \u00e0 jour et est donc \u00e9volutive. <\/p>\n\n\n\n<div style=\"height:10px\" aria-hidden=\"true\" class=\"wp-block-spacer\"><\/div>\n\n\n\n<div class=\"wp-block-columns is-layout-flex wp-container-core-columns-is-layout-9d6595d7 wp-block-columns-is-layout-flex\">\n<div class=\"wp-block-column is-layout-flow wp-block-column-is-layout-flow\" style=\"flex-basis:66.66%\"><div class=\"wp-block-image\">\n<figure class=\"aligncenter size-full\"><img decoding=\"async\" src=\"https:\/\/www.eltako.com\/wp-content\/uploads\/2022\/10\/eltako-connect-app_02.svg\" alt=\"\" class=\"wp-image-120140\"\/><\/figure>\n<\/div><\/div>\n\n\n\n<div class=\"wp-block-column is-layout-flow wp-block-column-is-layout-flow\" style=\"flex-basis:33.33%\"><\/div>\n<\/div>\n\n\n\n<div class=\"wp-block-columns are-vertically-aligned-center is-layout-flex wp-container-core-columns-is-layout-9d6595d7 wp-block-columns-is-layout-flex\">\n<div class=\"wp-block-column is-vertically-aligned-center is-layout-flow wp-block-column-is-layout-flow\">\n<figure class=\"wp-block-image size-full app-store-badge\"><a href=\"https:\/\/apps.apple.com\/de\/app\/eltako-connect\/id1622689879\"><img decoding=\"async\" src=\"https:\/\/www.eltako.com\/wp-content\/uploads\/2022\/10\/apple-store-badge_02.svg\" alt=\"\" class=\"wp-image-120151\"\/><\/a><\/figure>\n<\/div>\n\n\n\n<div class=\"wp-block-column is-vertically-aligned-center is-layout-flow wp-block-column-is-layout-flow\">\n<figure class=\"wp-block-image size-full app-store-badge\"><a href=\"https:\/\/play.google.com\/store\/apps\/details?id=com.eltako.connect\"><img decoding=\"async\" src=\"https:\/\/www.eltako.com\/wp-content\/uploads\/2022\/10\/google-play-store_badge_02.svg\" alt=\"\" class=\"wp-image-120161\"\/><\/a><\/figure>\n<\/div>\n<\/div>\n\n\n\n<p><\/p>\n<\/div>\n<\/div>\n","protected":false},"excerpt":{"rendered":"<p>Fait pour chaque maison. L&rsquo;astronaute de notre petite histoire sur les r\u00e9seaux sociaux a amen\u00e9 la s\u00e9rie 62-IP sur terre et l&rsquo;a pr\u00e9sent\u00e9e pour la premi\u00e8re fois au Light + Building de Francfort. Les visiteurs du salon ont \u00e9t\u00e9 les premiers \u00e0 tester les produits et leurs fonctions via Apple Home et le nouveau Standard [&hellip;]<\/p>\n","protected":false},"author":39,"featured_media":117577,"parent":0,"menu_order":0,"comment_status":"closed","ping_status":"closed","template":"templates\/padding_header.php","meta":{"_acf_changed":false,"footnotes":"","_links_to":"","_links_to_target":""},"class_list":["post-122094","page","type-page","status-publish","has-post-thumbnail","hentry"],"acf":[],"yoast_head":"<!-- This site is optimized with the Yoast SEO plugin v27.2 - https:\/\/yoast.com\/product\/yoast-seo-wordpress\/ -->\n<title>S\u00e9rie 62-IP &#187; Eltako<\/title>\n<meta name=\"robots\" content=\"index, follow, max-snippet:-1, max-image-preview:large, max-video-preview:-1\" \/>\n<link rel=\"canonical\" href=\"https:\/\/www.eltako.com\/fr\/serie-62-ip\/\" \/>\n<meta property=\"og:locale\" content=\"fr_FR\" \/>\n<meta property=\"og:type\" content=\"article\" \/>\n<meta property=\"og:title\" content=\"S\u00e9rie 62-IP &#187; Eltako\" \/>\n<meta property=\"og:description\" content=\"Fait pour chaque maison. L&rsquo;astronaute de notre petite histoire sur les r\u00e9seaux sociaux a amen\u00e9 la s\u00e9rie 62-IP sur terre et l&rsquo;a pr\u00e9sent\u00e9e pour la premi\u00e8re fois au Light + Building de Francfort. Les visiteurs du salon ont \u00e9t\u00e9 les premiers \u00e0 tester les produits et leurs fonctions via Apple Home et le nouveau Standard [&hellip;]\" \/>\n<meta property=\"og:url\" content=\"https:\/\/www.eltako.com\/fr\/serie-62-ip\/\" \/>\n<meta property=\"og:site_name\" content=\"Eltako\" \/>\n<meta property=\"article:modified_time\" content=\"2025-03-10T08:58:24+00:00\" \/>\n<meta property=\"og:image\" content=\"https:\/\/www.eltako.com\/wp-content\/uploads\/2022\/09\/eltako_website_header_1920x700_baureihe62.jpg\" \/>\n\t<meta property=\"og:image:width\" content=\"1920\" \/>\n\t<meta property=\"og:image:height\" content=\"700\" \/>\n\t<meta property=\"og:image:type\" content=\"image\/jpeg\" \/>\n<meta name=\"twitter:card\" content=\"summary_large_image\" \/>\n<meta name=\"twitter:label1\" content=\"Dur\u00e9e de lecture estim\u00e9e\" \/>\n\t<meta name=\"twitter:data1\" content=\"3 minutes\" \/>\n<script type=\"application\/ld+json\" class=\"yoast-schema-graph\">{\"@context\":\"https:\/\/schema.org\",\"@graph\":[{\"@type\":\"WebPage\",\"@id\":\"https:\/\/www.eltako.com\/fr\/serie-62-ip\/\",\"url\":\"https:\/\/www.eltako.com\/fr\/serie-62-ip\/\",\"name\":\"S\u00e9rie 62-IP &#187; Eltako\",\"isPartOf\":{\"@id\":\"https:\/\/www.eltako.com\/en\/#website\"},\"primaryImageOfPage\":{\"@id\":\"https:\/\/www.eltako.com\/fr\/serie-62-ip\/#primaryimage\"},\"image\":{\"@id\":\"https:\/\/www.eltako.com\/fr\/serie-62-ip\/#primaryimage\"},\"thumbnailUrl\":\"https:\/\/www.eltako.com\/wp-content\/uploads\/2022\/09\/eltako_website_header_1920x700_baureihe62.jpg\",\"datePublished\":\"2022-11-17T11:42:11+00:00\",\"dateModified\":\"2025-03-10T08:58:24+00:00\",\"breadcrumb\":{\"@id\":\"https:\/\/www.eltako.com\/fr\/serie-62-ip\/#breadcrumb\"},\"inLanguage\":\"fr-FR\",\"potentialAction\":[{\"@type\":\"ReadAction\",\"target\":[\"https:\/\/www.eltako.com\/fr\/serie-62-ip\/\"]}]},{\"@type\":\"ImageObject\",\"inLanguage\":\"fr-FR\",\"@id\":\"https:\/\/www.eltako.com\/fr\/serie-62-ip\/#primaryimage\",\"url\":\"https:\/\/www.eltako.com\/wp-content\/uploads\/2022\/09\/eltako_website_header_1920x700_baureihe62.jpg\",\"contentUrl\":\"https:\/\/www.eltako.com\/wp-content\/uploads\/2022\/09\/eltako_website_header_1920x700_baureihe62.jpg\",\"width\":1920,\"height\":700},{\"@type\":\"BreadcrumbList\",\"@id\":\"https:\/\/www.eltako.com\/fr\/serie-62-ip\/#breadcrumb\",\"itemListElement\":[{\"@type\":\"ListItem\",\"position\":1,\"name\":\"Page d\u2019accueil\",\"item\":\"https:\/\/www.eltako.com\/fr\/\"},{\"@type\":\"ListItem\",\"position\":2,\"name\":\"S\u00e9rie 62-IP\"}]},{\"@type\":\"WebSite\",\"@id\":\"https:\/\/www.eltako.com\/en\/#website\",\"url\":\"https:\/\/www.eltako.com\/en\/\",\"name\":\"Eltako\",\"description\":\"Schaltger\u00e4te, Netzteile, Stromz\u00e4hler, Dimmer, Geb\u00e4udeinstallation, Steuerungstechnik, Smart Home-L\u00f6sungen, Geb\u00e4udefunk, EnOcean-Technologie\",\"potentialAction\":[{\"@type\":\"SearchAction\",\"target\":{\"@type\":\"EntryPoint\",\"urlTemplate\":\"https:\/\/www.eltako.com\/en\/?s={search_term_string}\"},\"query-input\":{\"@type\":\"PropertyValueSpecification\",\"valueRequired\":true,\"valueName\":\"search_term_string\"}}],\"inLanguage\":\"fr-FR\"}]}<\/script>\n<!-- \/ Yoast SEO plugin. -->","yoast_head_json":{"title":"S\u00e9rie 62-IP &#187; Eltako","robots":{"index":"index","follow":"follow","max-snippet":"max-snippet:-1","max-image-preview":"max-image-preview:large","max-video-preview":"max-video-preview:-1"},"canonical":"https:\/\/www.eltako.com\/fr\/serie-62-ip\/","og_locale":"fr_FR","og_type":"article","og_title":"S\u00e9rie 62-IP &#187; Eltako","og_description":"Fait pour chaque maison. L&rsquo;astronaute de notre petite histoire sur les r\u00e9seaux sociaux a amen\u00e9 la s\u00e9rie 62-IP sur terre et l&rsquo;a pr\u00e9sent\u00e9e pour la premi\u00e8re fois au Light + Building de Francfort. Les visiteurs du salon ont \u00e9t\u00e9 les premiers \u00e0 tester les produits et leurs fonctions via Apple Home et le nouveau Standard [&hellip;]","og_url":"https:\/\/www.eltako.com\/fr\/serie-62-ip\/","og_site_name":"Eltako","article_modified_time":"2025-03-10T08:58:24+00:00","og_image":[{"width":1920,"height":700,"url":"https:\/\/www.eltako.com\/wp-content\/uploads\/2022\/09\/eltako_website_header_1920x700_baureihe62.jpg","type":"image\/jpeg"}],"twitter_card":"summary_large_image","twitter_misc":{"Dur\u00e9e de lecture estim\u00e9e":"3 minutes"},"schema":{"@context":"https:\/\/schema.org","@graph":[{"@type":"WebPage","@id":"https:\/\/www.eltako.com\/fr\/serie-62-ip\/","url":"https:\/\/www.eltako.com\/fr\/serie-62-ip\/","name":"S\u00e9rie 62-IP &#187; Eltako","isPartOf":{"@id":"https:\/\/www.eltako.com\/en\/#website"},"primaryImageOfPage":{"@id":"https:\/\/www.eltako.com\/fr\/serie-62-ip\/#primaryimage"},"image":{"@id":"https:\/\/www.eltako.com\/fr\/serie-62-ip\/#primaryimage"},"thumbnailUrl":"https:\/\/www.eltako.com\/wp-content\/uploads\/2022\/09\/eltako_website_header_1920x700_baureihe62.jpg","datePublished":"2022-11-17T11:42:11+00:00","dateModified":"2025-03-10T08:58:24+00:00","breadcrumb":{"@id":"https:\/\/www.eltako.com\/fr\/serie-62-ip\/#breadcrumb"},"inLanguage":"fr-FR","potentialAction":[{"@type":"ReadAction","target":["https:\/\/www.eltako.com\/fr\/serie-62-ip\/"]}]},{"@type":"ImageObject","inLanguage":"fr-FR","@id":"https:\/\/www.eltako.com\/fr\/serie-62-ip\/#primaryimage","url":"https:\/\/www.eltako.com\/wp-content\/uploads\/2022\/09\/eltako_website_header_1920x700_baureihe62.jpg","contentUrl":"https:\/\/www.eltako.com\/wp-content\/uploads\/2022\/09\/eltako_website_header_1920x700_baureihe62.jpg","width":1920,"height":700},{"@type":"BreadcrumbList","@id":"https:\/\/www.eltako.com\/fr\/serie-62-ip\/#breadcrumb","itemListElement":[{"@type":"ListItem","position":1,"name":"Page d\u2019accueil","item":"https:\/\/www.eltako.com\/fr\/"},{"@type":"ListItem","position":2,"name":"S\u00e9rie 62-IP"}]},{"@type":"WebSite","@id":"https:\/\/www.eltako.com\/en\/#website","url":"https:\/\/www.eltako.com\/en\/","name":"Eltako","description":"Schaltger\u00e4te, Netzteile, Stromz\u00e4hler, Dimmer, Geb\u00e4udeinstallation, Steuerungstechnik, Smart Home-L\u00f6sungen, Geb\u00e4udefunk, EnOcean-Technologie","potentialAction":[{"@type":"SearchAction","target":{"@type":"EntryPoint","urlTemplate":"https:\/\/www.eltako.com\/en\/?s={search_term_string}"},"query-input":{"@type":"PropertyValueSpecification","valueRequired":true,"valueName":"search_term_string"}}],"inLanguage":"fr-FR"}]}},"_links":{"self":[{"href":"https:\/\/www.eltako.com\/fr\/wp-json\/wp\/v2\/pages\/122094","targetHints":{"allow":["GET"]}}],"collection":[{"href":"https:\/\/www.eltako.com\/fr\/wp-json\/wp\/v2\/pages"}],"about":[{"href":"https:\/\/www.eltako.com\/fr\/wp-json\/wp\/v2\/types\/page"}],"author":[{"embeddable":true,"href":"https:\/\/www.eltako.com\/fr\/wp-json\/wp\/v2\/users\/39"}],"replies":[{"embeddable":true,"href":"https:\/\/www.eltako.com\/fr\/wp-json\/wp\/v2\/comments?post=122094"}],"version-history":[{"count":10,"href":"https:\/\/www.eltako.com\/fr\/wp-json\/wp\/v2\/pages\/122094\/revisions"}],"predecessor-version":[{"id":144403,"href":"https:\/\/www.eltako.com\/fr\/wp-json\/wp\/v2\/pages\/122094\/revisions\/144403"}],"wp:featuredmedia":[{"embeddable":true,"href":"https:\/\/www.eltako.com\/fr\/wp-json\/wp\/v2\/media\/117577"}],"wp:attachment":[{"href":"https:\/\/www.eltako.com\/fr\/wp-json\/wp\/v2\/media?parent=122094"}],"curies":[{"name":"wp","href":"https:\/\/api.w.org\/{rel}","templated":true}]}}