{"id":62316,"date":"2022-03-09T15:56:07","date_gmt":"2022-03-09T14:56:07","guid":{"rendered":"https:\/\/betax923lb8kd7v0.eltako.de\/dali\/"},"modified":"2024-07-05T08:21:57","modified_gmt":"2024-07-05T06:21:57","slug":"dali","status":"publish","type":"page","link":"https:\/\/www.eltako.com\/fi\/yritys\/yhteistyoekumppanit-liittoutumat\/dali\/","title":{"rendered":"DALI"},"content":{"rendered":"\n<h2 class=\"wp-block-heading\" id=\"wir-sind-dali-anbieter\"><strong><strong>JOUSTAVAA VALAISTUKSEN HALLINTAA DALIN AVULLA \u2013 NYT T\u00c4YSIN INTEGROITAVISSA ELTAKON J\u00c4RJESTELMIIN<\/strong><\/strong><\/h2>\n\n\n\n<div style=\"height:50px\" aria-hidden=\"true\" class=\"wp-block-spacer\"><\/div>\n\n\n\n<figure class=\"wp-block-image size-large\"><img decoding=\"async\" src=\"https:\/\/www.eltako.com\/wp-content\/uploads\/2024\/06\/eltako-website_dali2-schaubild-1024x747.jpg\" alt=\"\" class=\"wp-image-140079\"\/><\/figure>\n\n\n\n<div style=\"height:50px\" aria-hidden=\"true\" class=\"wp-block-spacer\"><\/div>\n\n\n\n<p class=\"has-medium-font-size\">DALI on valmistajasta riippumaton valaistuksen ohjausj\u00e4rjestelm\u00e4, joka on suunniteltu tekem\u00e4\u00e4n yksitt\u00e4isten valaisimien tai valaisinryhmien asennuksesta, ohjauksesta ja tiedonsiirrosta mahdollisimman helppoa. Se pystyy hallitsemaan jopa 64 osoitetta, 16 ryhm\u00e4\u00e4 ja 16 tilanneohjausta ja soveltuu siksi kaikenlaisille valaisimille aina pienist\u00e4 asunnoista isoihin liikekiinteist\u00f6ihin. N\u00e4iden ominaisuuksien ansiosta, DALI luo perustan \u00e4lykk\u00e4\u00e4lle ja joustavalle valaistuksen ohjaukselle.<\/p>\n\n\n\n<p class=\"has-medium-font-size\">Uudet DALI-2-yhteensopivat tuotteet ovat nyt my\u00f6s multimaster-yhteensopivia! T\u00e4m\u00e4 tarkoittaa, ett\u00e4 useita eri antureita, kuten liiketunnistimia, h\u00e4m\u00e4r\u00e4kytkimi\u00e4 tai DALI-painikekytkimi\u00e4, voidaan k\u00e4ytt\u00e4\u00e4 yhdell\u00e4 DALI-linjalla. Toinen etu on suora yhteys 14-tuotesarjaamme sek\u00e4 DALI-2-tapahtumaviestien k\u00e4sittely, mik\u00e4 mahdollistaa \u00e4lykk\u00e4\u00e4n automaation ja integroinnin EnOcean-j\u00e4rjestelmiin.<\/p>\n\n\n\n<div class=\"wp-block-columns is-layout-flex wp-container-core-columns-is-layout-9d6595d7 wp-block-columns-is-layout-flex\">\n<div class=\"wp-block-column is-layout-flow wp-block-column-is-layout-flow\">\n<a href=\"https:\/\/www.eltako.com\/fi\/eltako-products\/categories\/38\/Das%20ELTAKO-DALI-Programm\/?search=\" target=\"_blank\" class=\"text-uppercase font-weight-bold btn text-white p-3 mt-1 mb-1 w-100\" style=\"background : #016db7; font-size:20px\" rel=\"noopener\">T\u00c4ST\u00c4 DALI VALIKOIMAAMME<\/a>\n<\/div>\n\n\n\n<div class=\"wp-block-column is-layout-flow wp-block-column-is-layout-flow\"><\/div>\n\n\n\n<div class=\"wp-block-column is-layout-flow wp-block-column-is-layout-flow\"><\/div>\n<\/div>\n\n\n\n<figure class=\"wp-block-image size-large\"><img decoding=\"async\" width=\"1024\" height=\"341\" src=\"https:\/\/www.eltako.com\/wp-content\/uploads\/2022\/11\/DALI_schmal_FIN-1-1024x341.png\" alt=\"\" class=\"wp-image-121992\" srcset=\"https:\/\/www.eltako.com\/wp-content\/uploads\/2022\/11\/DALI_schmal_FIN-1-1024x341.png 1024w, https:\/\/www.eltako.com\/wp-content\/uploads\/2022\/11\/DALI_schmal_FIN-1-300x100.png 300w, https:\/\/www.eltako.com\/wp-content\/uploads\/2022\/11\/DALI_schmal_FIN-1-768x256.png 768w, https:\/\/www.eltako.com\/wp-content\/uploads\/2022\/11\/DALI_schmal_FIN-1-1536x512.png 1536w, https:\/\/www.eltako.com\/wp-content\/uploads\/2022\/11\/DALI_schmal_FIN-1-2048x683.png 2048w, https:\/\/www.eltako.com\/wp-content\/uploads\/2022\/11\/DALI_schmal_FIN-1-600x200.png 600w\" sizes=\"(max-width: 1024px) 100vw, 1024px\" \/><\/figure>\n\n\n\n<div style=\"height:50px\" aria-hidden=\"true\" class=\"wp-block-spacer\"><\/div>\n\n\n\n<p class=\"has-medium-font-size\">Olemassa olevia DALI-asennuksia voidaan laajentaa EnOcean DALI -gatewayll\u00e4 sis\u00e4lt\u00e4m\u00e4\u00e4n erilaisia langattomia antureita ja toimilaitteita.<\/p>\n\n\n\n<p class=\"has-medium-font-size\">DALI:n etuja:<\/p>\n\n\n\n<ul class=\"wp-block-list\">\n<li>Kaikkien DALI-laitteiden liit\u00e4nt\u00e4 on suojattu napaisuuden vaihtumiselta<\/li>\n<\/ul>\n\n\n\n<ul class=\"wp-block-list\">\n<li>Yksinkertainen johdotus, yhdess\u00e4 230V:n verkkoj\u00e4nnitteen kanssa, samassa 5-napaisessa suojatussa kaapelissa<\/li>\n<\/ul>\n\n\n\n<ul class=\"wp-block-list\">\n<li>Valaistustilanteita voidaan tallentaa ja hakea DALI-ohjausyksik\u00f6ss\u00e4<\/li>\n<\/ul>\n\n\n\n<ul class=\"wp-block-list\">\n<li>Nopea palautesignaali ja valaisinvikojen paikallistaminen<\/li>\n<\/ul>\n\n\n\n<ul class=\"wp-block-list\">\n<li>K\u00e4ytt\u00f6tarkoituksen muuttuessa, valaisimet voidaan helposti ryhmitell\u00e4 uudelleen ilman johdotusta tai asennusta<\/li>\n<\/ul>\n\n\n\n<div style=\"height:50px\" aria-hidden=\"true\" class=\"wp-block-spacer\"><\/div>\n","protected":false},"excerpt":{"rendered":"<p>JOUSTAVAA VALAISTUKSEN HALLINTAA DALIN AVULLA \u2013 NYT T\u00c4YSIN INTEGROITAVISSA ELTAKON J\u00c4RJESTELMIIN DALI on valmistajasta riippumaton valaistuksen ohjausj\u00e4rjestelm\u00e4, joka on suunniteltu tekem\u00e4\u00e4n yksitt\u00e4isten valaisimien tai valaisinryhmien asennuksesta, ohjauksesta ja tiedonsiirrosta mahdollisimman helppoa. Se pystyy hallitsemaan jopa 64 osoitetta, 16 ryhm\u00e4\u00e4 ja 16 tilanneohjausta ja soveltuu siksi kaikenlaisille valaisimille aina pienist\u00e4 asunnoista isoihin liikekiinteist\u00f6ihin. N\u00e4iden ominaisuuksien ansiosta, [&hellip;]<\/p>\n","protected":false},"author":31,"featured_media":23298,"parent":62734,"menu_order":0,"comment_status":"closed","ping_status":"closed","template":"templates\/custom_header.php","meta":{"_acf_changed":false,"footnotes":"","_links_to":"","_links_to_target":""},"class_list":["post-62316","page","type-page","status-publish","has-post-thumbnail","hentry"],"acf":[],"yoast_head":"<!-- This site is optimized with the Yoast SEO plugin v27.2 - https:\/\/yoast.com\/product\/yoast-seo-wordpress\/ -->\n<title>DALI &#187; Eltako<\/title>\n<meta name=\"robots\" content=\"index, follow, max-snippet:-1, max-image-preview:large, max-video-preview:-1\" \/>\n<link rel=\"canonical\" href=\"https:\/\/www.eltako.com\/fi\/yritys\/yhteistyoekumppanit-liittoutumat\/dali\/\" \/>\n<meta property=\"og:locale\" content=\"fi_FI\" \/>\n<meta property=\"og:type\" content=\"article\" \/>\n<meta property=\"og:title\" content=\"DALI &#187; Eltako\" \/>\n<meta property=\"og:description\" content=\"JOUSTAVAA VALAISTUKSEN HALLINTAA DALIN AVULLA \u2013 NYT T\u00c4YSIN INTEGROITAVISSA ELTAKON J\u00c4RJESTELMIIN DALI on valmistajasta riippumaton valaistuksen ohjausj\u00e4rjestelm\u00e4, joka on suunniteltu tekem\u00e4\u00e4n yksitt\u00e4isten valaisimien tai valaisinryhmien asennuksesta, ohjauksesta ja tiedonsiirrosta mahdollisimman helppoa. Se pystyy hallitsemaan jopa 64 osoitetta, 16 ryhm\u00e4\u00e4 ja 16 tilanneohjausta ja soveltuu siksi kaikenlaisille valaisimille aina pienist\u00e4 asunnoista isoihin liikekiinteist\u00f6ihin. N\u00e4iden ominaisuuksien ansiosta, [&hellip;]\" \/>\n<meta property=\"og:url\" content=\"https:\/\/www.eltako.com\/fi\/yritys\/yhteistyoekumppanit-liittoutumat\/dali\/\" \/>\n<meta property=\"og:site_name\" content=\"Eltako\" \/>\n<meta property=\"article:modified_time\" content=\"2024-07-05T06:21:57+00:00\" \/>\n<meta property=\"og:image\" content=\"https:\/\/www.eltako.com\/wp-content\/uploads\/2021\/09\/Bild-1-1-e1626779207216.jpg\" \/>\n\t<meta property=\"og:image:width\" content=\"1920\" \/>\n\t<meta property=\"og:image:height\" content=\"931\" \/>\n\t<meta property=\"og:image:type\" content=\"image\/jpeg\" \/>\n<meta name=\"twitter:card\" content=\"summary_large_image\" \/>\n<meta name=\"twitter:label1\" content=\"Arvioitu lukuaika\" \/>\n\t<meta name=\"twitter:data1\" content=\"2 minuuttia\" \/>\n<script type=\"application\/ld+json\" class=\"yoast-schema-graph\">{\"@context\":\"https:\/\/schema.org\",\"@graph\":[{\"@type\":\"WebPage\",\"@id\":\"https:\/\/www.eltako.com\/fi\/yritys\/yhteistyoekumppanit-liittoutumat\/dali\/\",\"url\":\"https:\/\/www.eltako.com\/fi\/yritys\/yhteistyoekumppanit-liittoutumat\/dali\/\",\"name\":\"DALI &#187; Eltako\",\"isPartOf\":{\"@id\":\"https:\/\/www.eltako.com\/en\/#website\"},\"primaryImageOfPage\":{\"@id\":\"https:\/\/www.eltako.com\/fi\/yritys\/yhteistyoekumppanit-liittoutumat\/dali\/#primaryimage\"},\"image\":{\"@id\":\"https:\/\/www.eltako.com\/fi\/yritys\/yhteistyoekumppanit-liittoutumat\/dali\/#primaryimage\"},\"thumbnailUrl\":\"https:\/\/www.eltako.com\/wp-content\/uploads\/2021\/09\/Bild-1-1-e1626779207216.jpg\",\"datePublished\":\"2022-03-09T14:56:07+00:00\",\"dateModified\":\"2024-07-05T06:21:57+00:00\",\"breadcrumb\":{\"@id\":\"https:\/\/www.eltako.com\/fi\/yritys\/yhteistyoekumppanit-liittoutumat\/dali\/#breadcrumb\"},\"inLanguage\":\"fi\",\"potentialAction\":[{\"@type\":\"ReadAction\",\"target\":[\"https:\/\/www.eltako.com\/fi\/yritys\/yhteistyoekumppanit-liittoutumat\/dali\/\"]}]},{\"@type\":\"ImageObject\",\"inLanguage\":\"fi\",\"@id\":\"https:\/\/www.eltako.com\/fi\/yritys\/yhteistyoekumppanit-liittoutumat\/dali\/#primaryimage\",\"url\":\"https:\/\/www.eltako.com\/wp-content\/uploads\/2021\/09\/Bild-1-1-e1626779207216.jpg\",\"contentUrl\":\"https:\/\/www.eltako.com\/wp-content\/uploads\/2021\/09\/Bild-1-1-e1626779207216.jpg\",\"width\":1920,\"height\":931},{\"@type\":\"BreadcrumbList\",\"@id\":\"https:\/\/www.eltako.com\/fi\/yritys\/yhteistyoekumppanit-liittoutumat\/dali\/#breadcrumb\",\"itemListElement\":[{\"@type\":\"ListItem\",\"position\":1,\"name\":\"Kotisivu\",\"item\":\"https:\/\/www.eltako.com\/fi\/\"},{\"@type\":\"ListItem\",\"position\":2,\"name\":\"Yritys\",\"item\":\"https:\/\/www.eltako.com\/fi\/yritys\/\"},{\"@type\":\"ListItem\",\"position\":3,\"name\":\"Kumppanit ja allianssit\",\"item\":\"https:\/\/www.eltako.com\/fi\/yritys\/yhteistyoekumppanit-liittoutumat\/\"},{\"@type\":\"ListItem\",\"position\":4,\"name\":\"DALI\"}]},{\"@type\":\"WebSite\",\"@id\":\"https:\/\/www.eltako.com\/en\/#website\",\"url\":\"https:\/\/www.eltako.com\/en\/\",\"name\":\"Eltako\",\"description\":\"Schaltger\u00e4te, Netzteile, Stromz\u00e4hler, Dimmer, Geb\u00e4udeinstallation, Steuerungstechnik, Smart Home-L\u00f6sungen, Geb\u00e4udefunk, EnOcean-Technologie\",\"potentialAction\":[{\"@type\":\"SearchAction\",\"target\":{\"@type\":\"EntryPoint\",\"urlTemplate\":\"https:\/\/www.eltako.com\/en\/?s={search_term_string}\"},\"query-input\":{\"@type\":\"PropertyValueSpecification\",\"valueRequired\":true,\"valueName\":\"search_term_string\"}}],\"inLanguage\":\"fi\"}]}<\/script>\n<!-- \/ Yoast SEO plugin. -->","yoast_head_json":{"title":"DALI &#187; Eltako","robots":{"index":"index","follow":"follow","max-snippet":"max-snippet:-1","max-image-preview":"max-image-preview:large","max-video-preview":"max-video-preview:-1"},"canonical":"https:\/\/www.eltako.com\/fi\/yritys\/yhteistyoekumppanit-liittoutumat\/dali\/","og_locale":"fi_FI","og_type":"article","og_title":"DALI &#187; Eltako","og_description":"JOUSTAVAA VALAISTUKSEN HALLINTAA DALIN AVULLA \u2013 NYT T\u00c4YSIN INTEGROITAVISSA ELTAKON J\u00c4RJESTELMIIN DALI on valmistajasta riippumaton valaistuksen ohjausj\u00e4rjestelm\u00e4, joka on suunniteltu tekem\u00e4\u00e4n yksitt\u00e4isten valaisimien tai valaisinryhmien asennuksesta, ohjauksesta ja tiedonsiirrosta mahdollisimman helppoa. Se pystyy hallitsemaan jopa 64 osoitetta, 16 ryhm\u00e4\u00e4 ja 16 tilanneohjausta ja soveltuu siksi kaikenlaisille valaisimille aina pienist\u00e4 asunnoista isoihin liikekiinteist\u00f6ihin. N\u00e4iden ominaisuuksien ansiosta, [&hellip;]","og_url":"https:\/\/www.eltako.com\/fi\/yritys\/yhteistyoekumppanit-liittoutumat\/dali\/","og_site_name":"Eltako","article_modified_time":"2024-07-05T06:21:57+00:00","og_image":[{"width":1920,"height":931,"url":"https:\/\/www.eltako.com\/wp-content\/uploads\/2021\/09\/Bild-1-1-e1626779207216.jpg","type":"image\/jpeg"}],"twitter_card":"summary_large_image","twitter_misc":{"Arvioitu lukuaika":"2 minuuttia"},"schema":{"@context":"https:\/\/schema.org","@graph":[{"@type":"WebPage","@id":"https:\/\/www.eltako.com\/fi\/yritys\/yhteistyoekumppanit-liittoutumat\/dali\/","url":"https:\/\/www.eltako.com\/fi\/yritys\/yhteistyoekumppanit-liittoutumat\/dali\/","name":"DALI &#187; Eltako","isPartOf":{"@id":"https:\/\/www.eltako.com\/en\/#website"},"primaryImageOfPage":{"@id":"https:\/\/www.eltako.com\/fi\/yritys\/yhteistyoekumppanit-liittoutumat\/dali\/#primaryimage"},"image":{"@id":"https:\/\/www.eltako.com\/fi\/yritys\/yhteistyoekumppanit-liittoutumat\/dali\/#primaryimage"},"thumbnailUrl":"https:\/\/www.eltako.com\/wp-content\/uploads\/2021\/09\/Bild-1-1-e1626779207216.jpg","datePublished":"2022-03-09T14:56:07+00:00","dateModified":"2024-07-05T06:21:57+00:00","breadcrumb":{"@id":"https:\/\/www.eltako.com\/fi\/yritys\/yhteistyoekumppanit-liittoutumat\/dali\/#breadcrumb"},"inLanguage":"fi","potentialAction":[{"@type":"ReadAction","target":["https:\/\/www.eltako.com\/fi\/yritys\/yhteistyoekumppanit-liittoutumat\/dali\/"]}]},{"@type":"ImageObject","inLanguage":"fi","@id":"https:\/\/www.eltako.com\/fi\/yritys\/yhteistyoekumppanit-liittoutumat\/dali\/#primaryimage","url":"https:\/\/www.eltako.com\/wp-content\/uploads\/2021\/09\/Bild-1-1-e1626779207216.jpg","contentUrl":"https:\/\/www.eltako.com\/wp-content\/uploads\/2021\/09\/Bild-1-1-e1626779207216.jpg","width":1920,"height":931},{"@type":"BreadcrumbList","@id":"https:\/\/www.eltako.com\/fi\/yritys\/yhteistyoekumppanit-liittoutumat\/dali\/#breadcrumb","itemListElement":[{"@type":"ListItem","position":1,"name":"Kotisivu","item":"https:\/\/www.eltako.com\/fi\/"},{"@type":"ListItem","position":2,"name":"Yritys","item":"https:\/\/www.eltako.com\/fi\/yritys\/"},{"@type":"ListItem","position":3,"name":"Kumppanit ja allianssit","item":"https:\/\/www.eltako.com\/fi\/yritys\/yhteistyoekumppanit-liittoutumat\/"},{"@type":"ListItem","position":4,"name":"DALI"}]},{"@type":"WebSite","@id":"https:\/\/www.eltako.com\/en\/#website","url":"https:\/\/www.eltako.com\/en\/","name":"Eltako","description":"Schaltger\u00e4te, Netzteile, Stromz\u00e4hler, Dimmer, Geb\u00e4udeinstallation, Steuerungstechnik, Smart Home-L\u00f6sungen, Geb\u00e4udefunk, EnOcean-Technologie","potentialAction":[{"@type":"SearchAction","target":{"@type":"EntryPoint","urlTemplate":"https:\/\/www.eltako.com\/en\/?s={search_term_string}"},"query-input":{"@type":"PropertyValueSpecification","valueRequired":true,"valueName":"search_term_string"}}],"inLanguage":"fi"}]}},"_links":{"self":[{"href":"https:\/\/www.eltako.com\/fi\/wp-json\/wp\/v2\/pages\/62316","targetHints":{"allow":["GET"]}}],"collection":[{"href":"https:\/\/www.eltako.com\/fi\/wp-json\/wp\/v2\/pages"}],"about":[{"href":"https:\/\/www.eltako.com\/fi\/wp-json\/wp\/v2\/types\/page"}],"author":[{"embeddable":true,"href":"https:\/\/www.eltako.com\/fi\/wp-json\/wp\/v2\/users\/31"}],"replies":[{"embeddable":true,"href":"https:\/\/www.eltako.com\/fi\/wp-json\/wp\/v2\/comments?post=62316"}],"version-history":[{"count":2,"href":"https:\/\/www.eltako.com\/fi\/wp-json\/wp\/v2\/pages\/62316\/revisions"}],"predecessor-version":[{"id":141214,"href":"https:\/\/www.eltako.com\/fi\/wp-json\/wp\/v2\/pages\/62316\/revisions\/141214"}],"up":[{"embeddable":true,"href":"https:\/\/www.eltako.com\/fi\/wp-json\/wp\/v2\/pages\/62734"}],"wp:featuredmedia":[{"embeddable":true,"href":"https:\/\/www.eltako.com\/fi\/wp-json\/wp\/v2\/media\/23298"}],"wp:attachment":[{"href":"https:\/\/www.eltako.com\/fi\/wp-json\/wp\/v2\/media?parent=62316"}],"curies":[{"name":"wp","href":"https:\/\/api.w.org\/{rel}","templated":true}]}}