{"id":62131,"date":"2022-03-07T14:48:31","date_gmt":"2022-03-07T13:48:31","guid":{"rendered":"https:\/\/betax923lb8kd7v0.eltako.de\/ohjain-firmware-paeivitys\/"},"modified":"2025-02-05T09:03:06","modified_gmt":"2025-02-05T08:03:06","slug":"ohjain-firmware-paeivitys","status":"publish","type":"page","link":"https:\/\/www.eltako.com\/fi\/ohjain-firmware-paeivitys\/","title":{"rendered":"Ohjausyksik\u00f6n laiteohjelmisto-p\u00e4ivitys"},"content":{"rendered":"\n<h3 class=\"wp-block-heading\">Firmware update <\/h3>\n\n\n\n<p><\/p>\n\n\n\n<p class=\"has-normal-font-size\">Please ensure that you always run your controller with the latest firmware version to ensure a smooth interaction with the GFA5 app. Please follow the update instructions below: <\/p>\n\n\n\n<h3 class=\"wp-block-heading\">Firmware update with the GFA5 app<\/h3>\n\n\n\n<p><\/p>\n\n\n\n<p class=\"has-normal-font-size\">In the GFA5 app, you can trigger the firmware update for the controller directly in the app. If a new firmware is available, a notification pop-up will appear in the app. Alternatively, you can check under: Settings \u2192 Controller to see if a firmware update is available and also trigger the update directly at this point. <\/p>\n\n\n\n<p class=\"has-normal-font-size\"><strong>Note: <\/strong>Internet connection is required for the update. <\/p>\n\n\n\n<p class=\"has-normal-font-size\">In rare cases where a firmware update cannot be initiated via the GFA5 app, it is possible to upload the firmware using ConfigTool NEO. <\/p>\n\n\n\n<p><strong>Lataa ohjaimen laiteohjelma<\/strong><\/p>\n\n\n\n<p><a href=\"https:\/\/eltakocloud-download.s3.eu-central-1.amazonaws.com\/fw\/mediola\/C2\/c2eltako_latest.hex\">Latausversio 1.25.6<\/a> (external link)<\/p>\n\n\n\n<p><a href=\"https:\/\/docs.eltako.de\/docs\/changelog_minisafe2\/\">Muutosluettelo MiniSafe2<\/a><\/p>\n\n\n\n<p><a href=\"https:\/\/docs.eltako.de\/docs\/changelog_gfa5\/\">Muutosluettelo GFA5<\/a><\/p>\n\n\n\n<h3 class=\"wp-block-heading\">Firmware update with ConfigTool NEO <\/h3>\n\n\n\n<p><\/p>\n\n\n\n<p class=\"has-normal-font-size\"><strong>Prerequisite: <\/strong><\/p>\n\n\n\n<ol class=\"wp-block-list\">\n<li>The ConfigTool NEO is installed <\/li>\n<\/ol>\n\n\n\n<ol start=\"2\" class=\"wp-block-list\">\n<li>PC and controller are in the same network. <\/li>\n<\/ol>\n\n\n\n<p>After starting ConfigTool NEO, the controller is displayed directly on the start page. <\/p>\n\n\n\n<ol class=\"wp-block-list\">\n<li>Click on the controller to access the settings <\/li>\n<\/ol>\n\n\n\n<ol start=\"2\" class=\"wp-block-list\">\n<li>General&#8221; tab: Notes on new firmware versions are displayed here <\/li>\n<\/ol>\n\n\n\n<ol start=\"3\" class=\"wp-block-list\">\n<li>&#8221;Click on &#8221;Activate forms <\/li>\n<\/ol>\n\n\n\n<ol start=\"4\" class=\"wp-block-list\">\n<li>Install firmware on the controller <\/li>\n<\/ol>\n\n\n\n<p><strong>Download ConfigTool NEO<\/strong> <\/p>\n\n\n\n<p><a href=\"https:\/\/s3-eu-west-1.amazonaws.com\/mediola-download\/configtool_neo\/ConfigTool+NEO.exe\" target=\"_blank\" rel=\"noreferrer noopener\">Download Windows-Versio<\/a><a href=\"https:\/\/s3-eu-west-1.amazonaws.com\/mediola-download\/configtool_neo\/1.17.0\/ConfigTool+NEO.exe\" target=\"_blank\" rel=\"noreferrer noopener\">n<\/a> (Externer Link) <\/p>\n\n\n\n<p><a href=\"https:\/\/s3-eu-west-1.amazonaws.com\/mediola-download\/configtool_neo\/ConfigTool+NEO.dmg\" target=\"_blank\" rel=\"noreferrer noopener\">Download macOS 12+-Versio<\/a><a href=\"https:\/\/s3-eu-west-1.amazonaws.com\/mediola-download\/configtool_neo\/1.17.0\/ConfigTool+NEO.dmg\" target=\"_blank\" rel=\"noreferrer noopener\">n<\/a> (Externer Link)<\/p>\n\n\n\n<p><a href=\"https:\/\/s3-eu-west-1.amazonaws.com\/mediola-download\/configtool_neo\/ConfigTool+NEO.dmg\" target=\"_blank\" rel=\"noreferrer noopener\">Download macOS 10\/11-Versio<\/a><a href=\"https:\/\/s3-eu-west-1.amazonaws.com\/mediola-download\/configtool_neo\/1.17.0\/ConfigTool+NEO-mac10.dmg\" target=\"_blank\" rel=\"noreferrer noopener\">n<\/a> (Externer Link)<\/p>\n\n\n\n<p><a href=\"https:\/\/s3-eu-west-1.amazonaws.com\/mediola-download\/configtool_neo\/1.9.0\/ConfigTool+NEO.tar.gz\" target=\"_blank\" rel=\"noreferrer noopener\">Download Linux-Versio<\/a><a href=\"https:\/\/s3-eu-west-1.amazonaws.com\/mediola-download\/configtool_neo\/1.17.0\/ConfigTool+NEO.tar.gz\" target=\"_blank\" rel=\"noreferrer noopener\">n<\/a> (Externer Link)<\/p>\n\n\n\n<div style=\"height:100px\" aria-hidden=\"true\" class=\"wp-block-spacer\"><\/div>\n\n\n\n<h4 class=\"wp-block-heading\">Change Log<\/h4>\n\n\n\n<p>All notable changes to this project will be documented in this file.<\/p>\n\n\n\n<p>The format is based on <a href=\"http:\/\/keepachangelog.com\/\">Keep a Changelog<\/a> and this project adheres to <a href=\"http:\/\/semver.org\/\">Semantic Versioning<\/a>.<\/p>\n\n\n\n<h4 class=\"wp-block-heading\"><a href=\"https:\/\/gist.github.com\/juampynr\/4c18214a8eb554084e21d6e288a18a2c#unreleased---yyyy-mm-dd\"><\/a>[Unreleased] &#8211; yyyy-mm-dd<\/h4>\n\n\n\n<p>Here we write upgrading notes for brands. It&#8217;s a team effort to make them as straightforward as possible.<\/p>\n\n\n\n<h5 class=\"wp-block-heading\"><a href=\"https:\/\/gist.github.com\/juampynr\/4c18214a8eb554084e21d6e288a18a2c#added\"><\/a>Added<\/h5>\n\n\n\n<ul class=\"wp-block-list\">\n<li><a href=\"http:\/\/tickets.projectname.com\/browse\/PROJECTNAME-XXXX\">PROJECT NAME-XXXX<\/a> MINOR Ticket title goes here.<\/li>\n\n\n\n<li><a href=\"http:\/\/tickets.projectname.com\/browse\/PROJECTNAME-YYYY\">PROJECT NAME-YYYY<\/a> PATCH Ticket title goes here.<\/li>\n<\/ul>\n\n\n\n<h5 class=\"wp-block-heading\"><a href=\"https:\/\/gist.github.com\/juampynr\/4c18214a8eb554084e21d6e288a18a2c#changed\"><\/a>Changed<\/h5>\n\n\n\n<h5 class=\"wp-block-heading\"><a href=\"https:\/\/gist.github.com\/juampynr\/4c18214a8eb554084e21d6e288a18a2c#fixed\"><\/a>Fixed<\/h5>\n","protected":false},"excerpt":{"rendered":"<p>Firmware update Please ensure that you always run your controller with the latest firmware version to ensure a smooth interaction with the GFA5 app. Please follow the update instructions below: Firmware update with the GFA5 app In the GFA5 app, you can trigger the firmware update for the controller directly in the app. If a [&hellip;]<\/p>\n","protected":false},"author":31,"featured_media":22014,"parent":0,"menu_order":0,"comment_status":"closed","ping_status":"closed","template":"templates\/custom_header.php","meta":{"_acf_changed":false,"footnotes":"","_links_to":"","_links_to_target":""},"class_list":["post-62131","page","type-page","status-publish","has-post-thumbnail","hentry"],"acf":[],"yoast_head":"<!-- This site is optimized with the Yoast SEO plugin v27.2 - https:\/\/yoast.com\/product\/yoast-seo-wordpress\/ -->\n<title>Ohjausyksik\u00f6n laiteohjelmisto-p\u00e4ivitys &#187; Eltako<\/title>\n<meta name=\"robots\" content=\"index, follow, max-snippet:-1, max-image-preview:large, max-video-preview:-1\" \/>\n<link rel=\"canonical\" href=\"https:\/\/www.eltako.com\/fi\/ohjain-firmware-paeivitys\/\" \/>\n<meta property=\"og:locale\" content=\"fi_FI\" \/>\n<meta property=\"og:type\" content=\"article\" \/>\n<meta property=\"og:title\" content=\"Ohjausyksik\u00f6n laiteohjelmisto-p\u00e4ivitys &#187; Eltako\" \/>\n<meta property=\"og:description\" content=\"Firmware update Please ensure that you always run your controller with the latest firmware version to ensure a smooth interaction with the GFA5 app. Please follow the update instructions below: Firmware update with the GFA5 app In the GFA5 app, you can trigger the firmware update for the controller directly in the app. If a [&hellip;]\" \/>\n<meta property=\"og:url\" content=\"https:\/\/www.eltako.com\/fi\/ohjain-firmware-paeivitys\/\" \/>\n<meta property=\"og:site_name\" content=\"Eltako\" \/>\n<meta property=\"article:modified_time\" content=\"2025-02-05T08:03:06+00:00\" \/>\n<meta property=\"og:image\" content=\"https:\/\/www.eltako.com\/wp-content\/uploads\/2021\/05\/Layout-Firmware-Update-Neu.jpg\" \/>\n\t<meta property=\"og:image:width\" content=\"2000\" \/>\n\t<meta property=\"og:image:height\" content=\"1125\" \/>\n\t<meta property=\"og:image:type\" content=\"image\/jpeg\" \/>\n<meta name=\"twitter:card\" content=\"summary_large_image\" \/>\n<meta name=\"twitter:label1\" content=\"Arvioitu lukuaika\" \/>\n\t<meta name=\"twitter:data1\" content=\"2 minuuttia\" \/>\n<script type=\"application\/ld+json\" class=\"yoast-schema-graph\">{\"@context\":\"https:\/\/schema.org\",\"@graph\":[{\"@type\":\"WebPage\",\"@id\":\"https:\/\/www.eltako.com\/fi\/ohjain-firmware-paeivitys\/\",\"url\":\"https:\/\/www.eltako.com\/fi\/ohjain-firmware-paeivitys\/\",\"name\":\"Ohjausyksik\u00f6n laiteohjelmisto-p\u00e4ivitys &#187; Eltako\",\"isPartOf\":{\"@id\":\"https:\/\/www.eltako.com\/en\/#website\"},\"primaryImageOfPage\":{\"@id\":\"https:\/\/www.eltako.com\/fi\/ohjain-firmware-paeivitys\/#primaryimage\"},\"image\":{\"@id\":\"https:\/\/www.eltako.com\/fi\/ohjain-firmware-paeivitys\/#primaryimage\"},\"thumbnailUrl\":\"https:\/\/www.eltako.com\/wp-content\/uploads\/2021\/05\/Layout-Firmware-Update-Neu.jpg\",\"datePublished\":\"2022-03-07T13:48:31+00:00\",\"dateModified\":\"2025-02-05T08:03:06+00:00\",\"breadcrumb\":{\"@id\":\"https:\/\/www.eltako.com\/fi\/ohjain-firmware-paeivitys\/#breadcrumb\"},\"inLanguage\":\"fi\",\"potentialAction\":[{\"@type\":\"ReadAction\",\"target\":[\"https:\/\/www.eltako.com\/fi\/ohjain-firmware-paeivitys\/\"]}]},{\"@type\":\"ImageObject\",\"inLanguage\":\"fi\",\"@id\":\"https:\/\/www.eltako.com\/fi\/ohjain-firmware-paeivitys\/#primaryimage\",\"url\":\"https:\/\/www.eltako.com\/wp-content\/uploads\/2021\/05\/Layout-Firmware-Update-Neu.jpg\",\"contentUrl\":\"https:\/\/www.eltako.com\/wp-content\/uploads\/2021\/05\/Layout-Firmware-Update-Neu.jpg\",\"width\":2000,\"height\":1125},{\"@type\":\"BreadcrumbList\",\"@id\":\"https:\/\/www.eltako.com\/fi\/ohjain-firmware-paeivitys\/#breadcrumb\",\"itemListElement\":[{\"@type\":\"ListItem\",\"position\":1,\"name\":\"Kotisivu\",\"item\":\"https:\/\/www.eltako.com\/fi\/\"},{\"@type\":\"ListItem\",\"position\":2,\"name\":\"Ohjausyksik\u00f6n laiteohjelmisto-p\u00e4ivitys\"}]},{\"@type\":\"WebSite\",\"@id\":\"https:\/\/www.eltako.com\/en\/#website\",\"url\":\"https:\/\/www.eltako.com\/en\/\",\"name\":\"Eltako\",\"description\":\"Schaltger\u00e4te, Netzteile, Stromz\u00e4hler, Dimmer, Geb\u00e4udeinstallation, Steuerungstechnik, Smart Home-L\u00f6sungen, Geb\u00e4udefunk, EnOcean-Technologie\",\"potentialAction\":[{\"@type\":\"SearchAction\",\"target\":{\"@type\":\"EntryPoint\",\"urlTemplate\":\"https:\/\/www.eltako.com\/en\/?s={search_term_string}\"},\"query-input\":{\"@type\":\"PropertyValueSpecification\",\"valueRequired\":true,\"valueName\":\"search_term_string\"}}],\"inLanguage\":\"fi\"}]}<\/script>\n<!-- \/ Yoast SEO plugin. -->","yoast_head_json":{"title":"Ohjausyksik\u00f6n laiteohjelmisto-p\u00e4ivitys &#187; Eltako","robots":{"index":"index","follow":"follow","max-snippet":"max-snippet:-1","max-image-preview":"max-image-preview:large","max-video-preview":"max-video-preview:-1"},"canonical":"https:\/\/www.eltako.com\/fi\/ohjain-firmware-paeivitys\/","og_locale":"fi_FI","og_type":"article","og_title":"Ohjausyksik\u00f6n laiteohjelmisto-p\u00e4ivitys &#187; Eltako","og_description":"Firmware update Please ensure that you always run your controller with the latest firmware version to ensure a smooth interaction with the GFA5 app. Please follow the update instructions below: Firmware update with the GFA5 app In the GFA5 app, you can trigger the firmware update for the controller directly in the app. If a [&hellip;]","og_url":"https:\/\/www.eltako.com\/fi\/ohjain-firmware-paeivitys\/","og_site_name":"Eltako","article_modified_time":"2025-02-05T08:03:06+00:00","og_image":[{"width":2000,"height":1125,"url":"https:\/\/www.eltako.com\/wp-content\/uploads\/2021\/05\/Layout-Firmware-Update-Neu.jpg","type":"image\/jpeg"}],"twitter_card":"summary_large_image","twitter_misc":{"Arvioitu lukuaika":"2 minuuttia"},"schema":{"@context":"https:\/\/schema.org","@graph":[{"@type":"WebPage","@id":"https:\/\/www.eltako.com\/fi\/ohjain-firmware-paeivitys\/","url":"https:\/\/www.eltako.com\/fi\/ohjain-firmware-paeivitys\/","name":"Ohjausyksik\u00f6n laiteohjelmisto-p\u00e4ivitys &#187; Eltako","isPartOf":{"@id":"https:\/\/www.eltako.com\/en\/#website"},"primaryImageOfPage":{"@id":"https:\/\/www.eltako.com\/fi\/ohjain-firmware-paeivitys\/#primaryimage"},"image":{"@id":"https:\/\/www.eltako.com\/fi\/ohjain-firmware-paeivitys\/#primaryimage"},"thumbnailUrl":"https:\/\/www.eltako.com\/wp-content\/uploads\/2021\/05\/Layout-Firmware-Update-Neu.jpg","datePublished":"2022-03-07T13:48:31+00:00","dateModified":"2025-02-05T08:03:06+00:00","breadcrumb":{"@id":"https:\/\/www.eltako.com\/fi\/ohjain-firmware-paeivitys\/#breadcrumb"},"inLanguage":"fi","potentialAction":[{"@type":"ReadAction","target":["https:\/\/www.eltako.com\/fi\/ohjain-firmware-paeivitys\/"]}]},{"@type":"ImageObject","inLanguage":"fi","@id":"https:\/\/www.eltako.com\/fi\/ohjain-firmware-paeivitys\/#primaryimage","url":"https:\/\/www.eltako.com\/wp-content\/uploads\/2021\/05\/Layout-Firmware-Update-Neu.jpg","contentUrl":"https:\/\/www.eltako.com\/wp-content\/uploads\/2021\/05\/Layout-Firmware-Update-Neu.jpg","width":2000,"height":1125},{"@type":"BreadcrumbList","@id":"https:\/\/www.eltako.com\/fi\/ohjain-firmware-paeivitys\/#breadcrumb","itemListElement":[{"@type":"ListItem","position":1,"name":"Kotisivu","item":"https:\/\/www.eltako.com\/fi\/"},{"@type":"ListItem","position":2,"name":"Ohjausyksik\u00f6n laiteohjelmisto-p\u00e4ivitys"}]},{"@type":"WebSite","@id":"https:\/\/www.eltako.com\/en\/#website","url":"https:\/\/www.eltako.com\/en\/","name":"Eltako","description":"Schaltger\u00e4te, Netzteile, Stromz\u00e4hler, Dimmer, Geb\u00e4udeinstallation, Steuerungstechnik, Smart Home-L\u00f6sungen, Geb\u00e4udefunk, EnOcean-Technologie","potentialAction":[{"@type":"SearchAction","target":{"@type":"EntryPoint","urlTemplate":"https:\/\/www.eltako.com\/en\/?s={search_term_string}"},"query-input":{"@type":"PropertyValueSpecification","valueRequired":true,"valueName":"search_term_string"}}],"inLanguage":"fi"}]}},"_links":{"self":[{"href":"https:\/\/www.eltako.com\/fi\/wp-json\/wp\/v2\/pages\/62131","targetHints":{"allow":["GET"]}}],"collection":[{"href":"https:\/\/www.eltako.com\/fi\/wp-json\/wp\/v2\/pages"}],"about":[{"href":"https:\/\/www.eltako.com\/fi\/wp-json\/wp\/v2\/types\/page"}],"author":[{"embeddable":true,"href":"https:\/\/www.eltako.com\/fi\/wp-json\/wp\/v2\/users\/31"}],"replies":[{"embeddable":true,"href":"https:\/\/www.eltako.com\/fi\/wp-json\/wp\/v2\/comments?post=62131"}],"version-history":[{"count":9,"href":"https:\/\/www.eltako.com\/fi\/wp-json\/wp\/v2\/pages\/62131\/revisions"}],"predecessor-version":[{"id":144034,"href":"https:\/\/www.eltako.com\/fi\/wp-json\/wp\/v2\/pages\/62131\/revisions\/144034"}],"wp:featuredmedia":[{"embeddable":true,"href":"https:\/\/www.eltako.com\/fi\/wp-json\/wp\/v2\/media\/22014"}],"wp:attachment":[{"href":"https:\/\/www.eltako.com\/fi\/wp-json\/wp\/v2\/media?parent=62131"}],"curies":[{"name":"wp","href":"https:\/\/api.w.org\/{rel}","templated":true}]}}