{"id":62081,"date":"2022-03-07T13:44:29","date_gmt":"2022-03-07T12:44:29","guid":{"rendered":"https:\/\/betax923lb8kd7v0.eltako.de\/wibutler\/"},"modified":"2024-10-04T12:01:38","modified_gmt":"2024-10-04T10:01:38","slug":"wibutler","status":"publish","type":"page","link":"https:\/\/www.eltako.com\/fi\/yritys\/yhteistyoekumppanit-liittoutumat\/wibutler\/","title":{"rendered":"Wibutler"},"content":{"rendered":"\n<p class=\"has-medium-font-size\">Wibutler pro lanseerattiin markkinoille Saksassa vuonna 2015. T\u00e4m\u00e4 \u00e4lykodin ohjain verkottaa eri valmistajien ja eri standardien laitteita kesken\u00e4\u00e4n ja mahdollistaa niiden yhteisk\u00e4yt\u00f6n. He ovat panostaneet itsen\u00e4isten ja kokonaisvaltaisten teknologioiden digitalisoimiseen ja edelleen kehitt\u00e4miseen erilaisissa asuintiloissa ja ovat pystyneet vakiinnuttamaan asemansa t\u00e4ll\u00e4 alueella viime vuosina. <\/p>\n\n\n\n<div style=\"height:19px\" aria-hidden=\"true\" class=\"wp-block-spacer\"><\/div>\n\n\n\n<div class=\"wp-block-columns is-layout-flex wp-container-core-columns-is-layout-9d6595d7 wp-block-columns-is-layout-flex\">\n<div class=\"wp-block-column is-layout-flow wp-block-column-is-layout-flow\"><\/div>\n\n\n\n<div class=\"wp-block-column has-white-color has-text-color has-background is-layout-flow wp-block-column-is-layout-flow\" style=\"background-color:#016db7\">\n<p><\/p>\n\n\n\n<p class=\"has-text-align-center has-white-color has-text-color has-medium-font-size\"><strong><a href=\"https:\/\/my.matterport.com\/show\/?m=9FGsyMtKn6C&amp;utm_source=alliance-Website&amp;utm_medium=Websitebutton&amp;utm_campaign=2022_alliance-Musterhaustour&amp;utm_id=2022_wibutler-Musterhaus&amp;utm_term=Smart+Home\" target=\"_blank\" rel=\"noreferrer noopener\">Lis\u00e4\u00e4 wibutlerista<\/a><\/strong><\/p>\n<\/div>\n\n\n\n<div class=\"wp-block-column is-layout-flow wp-block-column-is-layout-flow\"><\/div>\n<\/div>\n\n\n\n<div style=\"height:17px\" aria-hidden=\"true\" class=\"wp-block-spacer\"><\/div>\n\n\n\n<figure class=\"wp-block-image size-large\"><img decoding=\"async\" width=\"1024\" height=\"367\" src=\"https:\/\/betax923lb8kd7v0.eltako.de\/wp-content\/uploads\/2022\/02\/parnter-und-allianzen_content-bild-1024x367.jpg\" alt=\"\" class=\"wp-image-61438\" srcset=\"https:\/\/www.eltako.com\/wp-content\/uploads\/2022\/02\/parnter-und-allianzen_content-bild-1024x367.jpg 1024w, https:\/\/www.eltako.com\/wp-content\/uploads\/2022\/02\/parnter-und-allianzen_content-bild-300x108.jpg 300w, https:\/\/www.eltako.com\/wp-content\/uploads\/2022\/02\/parnter-und-allianzen_content-bild-768x276.jpg 768w, https:\/\/www.eltako.com\/wp-content\/uploads\/2022\/02\/parnter-und-allianzen_content-bild-1536x551.jpg 1536w, https:\/\/www.eltako.com\/wp-content\/uploads\/2022\/02\/parnter-und-allianzen_content-bild.jpg 1920w\" sizes=\"(max-width: 1024px) 100vw, 1024px\" \/><\/figure>\n\n\n\n<div style=\"height:30px\" aria-hidden=\"true\" class=\"wp-block-spacer\"><\/div>\n\n\n\n<div class=\"wp-block-columns is-layout-flex wp-container-core-columns-is-layout-9d6595d7 wp-block-columns-is-layout-flex\">\n<div class=\"wp-block-column is-layout-flow wp-block-column-is-layout-flow\"><\/div>\n\n\n\n<div class=\"wp-block-column has-white-color has-text-color has-background is-layout-flow wp-block-column-is-layout-flow\" style=\"background-color:#016db7\">\n<p><\/p>\n\n\n\n<p class=\"has-text-align-center has-white-color has-text-color has-medium-font-size\"><strong><a href=\"https:\/\/my.matterport.com\/show\/?m=9FGsyMtKn6C&amp;utm_source=alliance-Website&amp;utm_medium=Websitebutton&amp;utm_campaign=2022_alliance-Musterhaustour&amp;utm_id=2022_wibutler-Musterhaus&amp;utm_term=Smart+Home\" target=\"_blank\" rel=\"noreferrer noopener\">N\u00e4kym\u00e4 mallitalosta<\/a><\/strong><\/p>\n<\/div>\n\n\n\n<div class=\"wp-block-column is-layout-flow wp-block-column-is-layout-flow\"><\/div>\n<\/div>\n\n\n\n<div style=\"height:15px\" aria-hidden=\"true\" class=\"wp-block-spacer\"><\/div>\n\n\n\n<p class=\"has-medium-font-size\">Eltakon, lis\u00e4ksi wibutler-alliance yhdist\u00e4\u00e4 yli 30 eri kokenutta valmistajaa yhteen j\u00e4rjestelm\u00e4\u00e4n ja antaa asiakkailleen siten mahdollisuuden keskitetysti ohjata ja konfiguroida olemassa olevia ja uusia laitteita. T\u00e4ss\u00e4 allianssissa ty\u00f6skentelemme yhdess\u00e4 muiden tunnettujen allianssin j\u00e4senten, kuten Viessmannin, Oventropin, Busch-Jaegerin tai BEGA:n kanssa tuoteinnovaatioiden parantamiseksi ja kehitt\u00e4miseksi, jotta yhteensopivuutta ja suorituskyky\u00e4 voidaan tarjota jatkossa entist\u00e4kin enemm\u00e4n. Wibutler-konfiguraattori tarjoaa yksil\u00f6llisesti testattuja tuotesuosituksia, jotka sopivat t\u00e4ydellisesti uuteen rakennuskohteeseesi tai saneerausksiin.<\/p>\n\n\n\n<div style=\"height:21px\" aria-hidden=\"true\" class=\"wp-block-spacer\"><\/div>\n\n\n\n<div class=\"wp-block-columns is-layout-flex wp-container-core-columns-is-layout-9d6595d7 wp-block-columns-is-layout-flex\">\n<div class=\"wp-block-column is-layout-flow wp-block-column-is-layout-flow\"><\/div>\n\n\n\n<div class=\"wp-block-column has-white-color has-text-color has-background is-layout-flow wp-block-column-is-layout-flow\" style=\"background-color:#016db7\">\n<p><\/p>\n\n\n\n<p class=\"has-text-align-center has-white-color has-text-color has-medium-font-size\"><a href=\"https:\/\/dbt-platform.com\/support\/\">Ohjekeskus<\/a><\/p>\n<\/div>\n\n\n\n<div class=\"wp-block-column is-layout-flow wp-block-column-is-layout-flow\"><\/div>\n<\/div>\n\n\n\n<div style=\"height:29px\" aria-hidden=\"true\" class=\"wp-block-spacer\"><\/div>\n\n\n\n<div class=\"wp-block-columns is-layout-flex wp-container-core-columns-is-layout-9d6595d7 wp-block-columns-is-layout-flex\">\n<div class=\"wp-block-column bg-primary p-4 text-white mb-2 is-layout-flow wp-block-column-is-layout-flow\">\n<p class=\"has-medium-font-size\"><strong>Valaistus: <\/strong><\/p>\n\n\n\n<p class=\"has-medium-font-size\">Henkil\u00f6kohtaisten asetusten tallennus, himmennys, automatisointi, jne. Eltakon Professional Smart Home -tuotteille on monia eri mahdollisuuksia, ohjaamalla niit\u00e4 Wibutlerin kautta. <\/p>\n\n\n\n<div style=\"height:23px\" aria-hidden=\"true\" class=\"wp-block-spacer\"><\/div>\n\n\n\n<a href=\"https:\/\/www.youtube.com\/watch?v=GG7cgY104SM\">\n\n\n<figure class=\"text-center\"><img decoding=\"async\" width=\"100\" height=\"70\" style=\"width:50px !important;\" src=\"https:\/\/www.eltako.com\/wp-content\/uploads\/2022\/02\/YT-Like-Button-29-1.png\" alt=\"\" class=\"wp-image-33659\"\/><\/figure><\/a>\n<\/div>\n\n\n\n<div class=\"wp-block-column bg-primary p-4 text-white mb-2 is-layout-flow wp-block-column-is-layout-flow\">\n<p class=\"has-medium-font-size\"><strong>Sis\u00e4ilma: <\/strong><\/p>\n\n\n\n<p class=\"has-medium-font-size\">Liian kuuma vai liian kylm\u00e4? Wibutler muuttaa t\u00e4m\u00e4n &#8221;juuri sopivaksi&#8221;. Automaattinen huonel\u00e4mp\u00f6tilan s\u00e4\u00e4t\u00f6 johon voit tehd\u00e4 haluamasi s\u00e4\u00e4d\u00f6t vain muutamalla napsautuksella, luovat jokaiseen huoneeseen aina oikean l\u00e4mp\u00f6tilan. <\/p>\n\n\n\n<div style=\"height:23px\" aria-hidden=\"true\" class=\"wp-block-spacer\"><\/div>\n\n\n\n<a href=\"https:\/\/www.youtube.com\/watch?v=W2nUY-vWpHQ\">\n\n\n<figure class=\"text-center\"><img decoding=\"async\" width=\"100\" height=\"70\" style=\"width:50px !important;\" src=\"https:\/\/www.eltako.com\/wp-content\/uploads\/2022\/02\/YT-Like-Button-29-1.png\" alt=\"\" class=\"wp-image-33659\"\/><\/figure><\/a>\n<\/div>\n<\/div>\n\n\n\n<div class=\"wp-block-columns is-layout-flex wp-container-core-columns-is-layout-9d6595d7 wp-block-columns-is-layout-flex\">\n<div class=\"wp-block-column bg-primary p-4 text-white mb-2 is-layout-flow wp-block-column-is-layout-flow\">\n<p class=\"has-medium-font-size\"><strong>Turvallisuus: <\/strong><\/p>\n\n\n\n<p class=\"has-medium-font-size\">\u00c4lykkyys on turvallisuutta. Oli kyseess\u00e4 sittem palovaroittimet, kameravalvonta, liiketunnistimet, ikkuna- ja ovivalvonta tai l\u00e4sn\u00e4olosimulaatio: Eltako tarjoaa monia erilaisia ratkaisuja kotisi turvallisuuden parantamiseen.<\/p>\n\n\n\n<div style=\"height:23px\" aria-hidden=\"true\" class=\"wp-block-spacer\"><\/div>\n\n\n\n<a href=\"https:\/\/www.youtube.com\/watch?v=x2fcBzki4bM\">\n\n\n<figure class=\"text-center\"><img decoding=\"async\" width=\"100\" height=\"70\" style=\"width:50px !important;\" src=\"https:\/\/www.eltako.com\/wp-content\/uploads\/2022\/02\/YT-Like-Button-29-1.png\" alt=\"\" class=\"wp-image-33659\"\/><\/figure><\/a>\n<\/div>\n\n\n\n<div class=\"wp-block-column bg-primary p-4 text-white mb-2 is-layout-flow wp-block-column-is-layout-flow\">\n<p class=\"has-medium-font-size\"><strong>Kaihtimet<\/strong> :<\/p>\n\n\n\n<p class=\"has-medium-font-size\">Rullaverhot, kaihtimet ja markiisit voidaan ohjata automaattisesti anturien, ajastimen tai keskustoiminnon avulla. T\u00e4m\u00e4 ei vain pid\u00e4 sinuta viile\u00e4n\u00e4, vaan s\u00e4\u00e4st\u00e4\u00e4 my\u00f6s l\u00e4mmityksen tai ilmastoinnin energiakustannuksia.<\/p>\n\n\n\n<div style=\"height:23px\" aria-hidden=\"true\" class=\"wp-block-spacer\"><\/div>\n\n\n\n<a href=\"https:\/\/youtu.be\/zYFOlomyWSQ\">\n\n\n<figure class=\"text-center\"><img decoding=\"async\" width=\"100\" height=\"70\" style=\"width:50px !important;\" src=\"https:\/\/www.eltako.com\/wp-content\/uploads\/2022\/02\/YT-Like-Button-29-1.png\" alt=\"\" class=\"wp-image-33659\"\/><\/figure><\/a>\n<\/div>\n<\/div>\n\n\n\n<div class=\"wp-block-columns is-layout-flex wp-container-core-columns-is-layout-9d6595d7 wp-block-columns-is-layout-flex\"><\/div>\n\n\n\n<div style=\"height:50px\" aria-hidden=\"true\" class=\"wp-block-spacer\"><\/div>\n\n\n\n<div class=\"wp-block-columns is-layout-flex wp-container-core-columns-is-layout-9d6595d7 wp-block-columns-is-layout-flex\">\n<div class=\"wp-block-column is-layout-flow wp-block-column-is-layout-flow\" style=\"flex-basis:100%\">\n<div class=\"wp-block-columns is-layout-flex wp-container-core-columns-is-layout-9d6595d7 wp-block-columns-is-layout-flex\">\n<div class=\"wp-block-column is-layout-flow wp-block-column-is-layout-flow\" style=\"flex-basis:60%\">\n<h2 class=\"wp-block-heading text-primary text-uppercase\" id=\"nichts-mehr-verpassen\"><strong>\u00c4l\u00e4 missaa mit\u00e4\u00e4n <\/strong><\/h2>\n\n\n\n<p class=\"text-primary\" style=\"font-size:24px\">Eltakon ja Wibutlerin Professional Smart Home -tuotteiden erilaista yhteisty\u00f6t\u00e4 k\u00e4sittelevi\u00e4 p\u00e4ivityksi\u00e4 ilmestyy s\u00e4\u00e4nn\u00f6llisesti Eltakon ja Wibutlerin sosiaalisen median alustoilla. Jos et halua en\u00e4\u00e4 missata mit\u00e4\u00e4n, kannattaa laittaa kaikki kanavat tilaukseen! <\/p>\n<\/div>\n\n\n\n<div class=\"wp-block-column is-layout-flow wp-block-column-is-layout-flow\" style=\"flex-basis:66.66%\">\n<figure class=\"wp-block-image size-full\"><img decoding=\"async\" src=\"https:\/\/www.eltako.com\/wp-content\/uploads\/2024\/10\/roboter-wibutler-24.jpg\" alt=\"\" class=\"wp-image-142393\"\/><\/figure>\n<\/div>\n<\/div>\n<\/div>\n<\/div>\n","protected":false},"excerpt":{"rendered":"<p>Wibutler pro lanseerattiin markkinoille Saksassa vuonna 2015. T\u00e4m\u00e4 \u00e4lykodin ohjain verkottaa eri valmistajien ja eri standardien laitteita kesken\u00e4\u00e4n ja mahdollistaa niiden yhteisk\u00e4yt\u00f6n. He ovat panostaneet itsen\u00e4isten ja kokonaisvaltaisten teknologioiden digitalisoimiseen ja edelleen kehitt\u00e4miseen erilaisissa asuintiloissa ja ovat pystyneet vakiinnuttamaan asemansa t\u00e4ll\u00e4 alueella viime vuosina. Lis\u00e4\u00e4 wibutlerista N\u00e4kym\u00e4 mallitalosta Eltakon, lis\u00e4ksi wibutler-alliance yhdist\u00e4\u00e4 yli 30 eri [&hellip;]<\/p>\n","protected":false},"author":31,"featured_media":61434,"parent":62734,"menu_order":6,"comment_status":"closed","ping_status":"closed","template":"templates\/custom_header.php","meta":{"_acf_changed":false,"footnotes":"","_links_to":"","_links_to_target":""},"class_list":["post-62081","page","type-page","status-publish","has-post-thumbnail","hentry"],"acf":[],"yoast_head":"<!-- This site is optimized with the Yoast SEO plugin v27.2 - https:\/\/yoast.com\/product\/yoast-seo-wordpress\/ -->\n<title>Wibutler &#187; Eltako<\/title>\n<meta name=\"robots\" content=\"index, follow, max-snippet:-1, max-image-preview:large, max-video-preview:-1\" \/>\n<link rel=\"canonical\" href=\"https:\/\/www.eltako.com\/fi\/yritys\/yhteistyoekumppanit-liittoutumat\/wibutler\/\" \/>\n<meta property=\"og:locale\" content=\"fi_FI\" \/>\n<meta property=\"og:type\" content=\"article\" \/>\n<meta property=\"og:title\" content=\"Wibutler &#187; Eltako\" \/>\n<meta property=\"og:description\" content=\"Wibutler pro lanseerattiin markkinoille Saksassa vuonna 2015. T\u00e4m\u00e4 \u00e4lykodin ohjain verkottaa eri valmistajien ja eri standardien laitteita kesken\u00e4\u00e4n ja mahdollistaa niiden yhteisk\u00e4yt\u00f6n. He ovat panostaneet itsen\u00e4isten ja kokonaisvaltaisten teknologioiden digitalisoimiseen ja edelleen kehitt\u00e4miseen erilaisissa asuintiloissa ja ovat pystyneet vakiinnuttamaan asemansa t\u00e4ll\u00e4 alueella viime vuosina. Lis\u00e4\u00e4 wibutlerista N\u00e4kym\u00e4 mallitalosta Eltakon, lis\u00e4ksi wibutler-alliance yhdist\u00e4\u00e4 yli 30 eri [&hellip;]\" \/>\n<meta property=\"og:url\" content=\"https:\/\/www.eltako.com\/fi\/yritys\/yhteistyoekumppanit-liittoutumat\/wibutler\/\" \/>\n<meta property=\"og:site_name\" content=\"Eltako\" \/>\n<meta property=\"article:modified_time\" content=\"2024-10-04T10:01:38+00:00\" \/>\n<meta property=\"og:image\" content=\"https:\/\/www.eltako.com\/wp-content\/uploads\/2022\/02\/partner-und-allianzen_headerbild_wibutler.png\" \/>\n\t<meta property=\"og:image:width\" content=\"1800\" \/>\n\t<meta property=\"og:image:height\" content=\"800\" \/>\n\t<meta property=\"og:image:type\" content=\"image\/png\" \/>\n<meta name=\"twitter:card\" content=\"summary_large_image\" \/>\n<meta name=\"twitter:label1\" content=\"Arvioitu lukuaika\" \/>\n\t<meta name=\"twitter:data1\" content=\"3 minuuttia\" \/>\n<script type=\"application\/ld+json\" class=\"yoast-schema-graph\">{\"@context\":\"https:\/\/schema.org\",\"@graph\":[{\"@type\":\"WebPage\",\"@id\":\"https:\/\/www.eltako.com\/fi\/yritys\/yhteistyoekumppanit-liittoutumat\/wibutler\/\",\"url\":\"https:\/\/www.eltako.com\/fi\/yritys\/yhteistyoekumppanit-liittoutumat\/wibutler\/\",\"name\":\"Wibutler &#187; Eltako\",\"isPartOf\":{\"@id\":\"https:\/\/www.eltako.com\/en\/#website\"},\"primaryImageOfPage\":{\"@id\":\"https:\/\/www.eltako.com\/fi\/yritys\/yhteistyoekumppanit-liittoutumat\/wibutler\/#primaryimage\"},\"image\":{\"@id\":\"https:\/\/www.eltako.com\/fi\/yritys\/yhteistyoekumppanit-liittoutumat\/wibutler\/#primaryimage\"},\"thumbnailUrl\":\"https:\/\/www.eltako.com\/wp-content\/uploads\/2022\/02\/partner-und-allianzen_headerbild_wibutler.png\",\"datePublished\":\"2022-03-07T12:44:29+00:00\",\"dateModified\":\"2024-10-04T10:01:38+00:00\",\"breadcrumb\":{\"@id\":\"https:\/\/www.eltako.com\/fi\/yritys\/yhteistyoekumppanit-liittoutumat\/wibutler\/#breadcrumb\"},\"inLanguage\":\"fi\",\"potentialAction\":[{\"@type\":\"ReadAction\",\"target\":[\"https:\/\/www.eltako.com\/fi\/yritys\/yhteistyoekumppanit-liittoutumat\/wibutler\/\"]}]},{\"@type\":\"ImageObject\",\"inLanguage\":\"fi\",\"@id\":\"https:\/\/www.eltako.com\/fi\/yritys\/yhteistyoekumppanit-liittoutumat\/wibutler\/#primaryimage\",\"url\":\"https:\/\/www.eltako.com\/wp-content\/uploads\/2022\/02\/partner-und-allianzen_headerbild_wibutler.png\",\"contentUrl\":\"https:\/\/www.eltako.com\/wp-content\/uploads\/2022\/02\/partner-und-allianzen_headerbild_wibutler.png\",\"width\":1800,\"height\":800},{\"@type\":\"BreadcrumbList\",\"@id\":\"https:\/\/www.eltako.com\/fi\/yritys\/yhteistyoekumppanit-liittoutumat\/wibutler\/#breadcrumb\",\"itemListElement\":[{\"@type\":\"ListItem\",\"position\":1,\"name\":\"Kotisivu\",\"item\":\"https:\/\/www.eltako.com\/fi\/\"},{\"@type\":\"ListItem\",\"position\":2,\"name\":\"Yritys\",\"item\":\"https:\/\/www.eltako.com\/fi\/yritys\/\"},{\"@type\":\"ListItem\",\"position\":3,\"name\":\"Kumppanit ja allianssit\",\"item\":\"https:\/\/www.eltako.com\/fi\/yritys\/yhteistyoekumppanit-liittoutumat\/\"},{\"@type\":\"ListItem\",\"position\":4,\"name\":\"Wibutler\"}]},{\"@type\":\"WebSite\",\"@id\":\"https:\/\/www.eltako.com\/en\/#website\",\"url\":\"https:\/\/www.eltako.com\/en\/\",\"name\":\"Eltako\",\"description\":\"Schaltger\u00e4te, Netzteile, Stromz\u00e4hler, Dimmer, Geb\u00e4udeinstallation, Steuerungstechnik, Smart Home-L\u00f6sungen, Geb\u00e4udefunk, EnOcean-Technologie\",\"potentialAction\":[{\"@type\":\"SearchAction\",\"target\":{\"@type\":\"EntryPoint\",\"urlTemplate\":\"https:\/\/www.eltako.com\/en\/?s={search_term_string}\"},\"query-input\":{\"@type\":\"PropertyValueSpecification\",\"valueRequired\":true,\"valueName\":\"search_term_string\"}}],\"inLanguage\":\"fi\"}]}<\/script>\n<!-- \/ Yoast SEO plugin. -->","yoast_head_json":{"title":"Wibutler &#187; Eltako","robots":{"index":"index","follow":"follow","max-snippet":"max-snippet:-1","max-image-preview":"max-image-preview:large","max-video-preview":"max-video-preview:-1"},"canonical":"https:\/\/www.eltako.com\/fi\/yritys\/yhteistyoekumppanit-liittoutumat\/wibutler\/","og_locale":"fi_FI","og_type":"article","og_title":"Wibutler &#187; Eltako","og_description":"Wibutler pro lanseerattiin markkinoille Saksassa vuonna 2015. T\u00e4m\u00e4 \u00e4lykodin ohjain verkottaa eri valmistajien ja eri standardien laitteita kesken\u00e4\u00e4n ja mahdollistaa niiden yhteisk\u00e4yt\u00f6n. He ovat panostaneet itsen\u00e4isten ja kokonaisvaltaisten teknologioiden digitalisoimiseen ja edelleen kehitt\u00e4miseen erilaisissa asuintiloissa ja ovat pystyneet vakiinnuttamaan asemansa t\u00e4ll\u00e4 alueella viime vuosina. Lis\u00e4\u00e4 wibutlerista N\u00e4kym\u00e4 mallitalosta Eltakon, lis\u00e4ksi wibutler-alliance yhdist\u00e4\u00e4 yli 30 eri [&hellip;]","og_url":"https:\/\/www.eltako.com\/fi\/yritys\/yhteistyoekumppanit-liittoutumat\/wibutler\/","og_site_name":"Eltako","article_modified_time":"2024-10-04T10:01:38+00:00","og_image":[{"width":1800,"height":800,"url":"https:\/\/www.eltako.com\/wp-content\/uploads\/2022\/02\/partner-und-allianzen_headerbild_wibutler.png","type":"image\/png"}],"twitter_card":"summary_large_image","twitter_misc":{"Arvioitu lukuaika":"3 minuuttia"},"schema":{"@context":"https:\/\/schema.org","@graph":[{"@type":"WebPage","@id":"https:\/\/www.eltako.com\/fi\/yritys\/yhteistyoekumppanit-liittoutumat\/wibutler\/","url":"https:\/\/www.eltako.com\/fi\/yritys\/yhteistyoekumppanit-liittoutumat\/wibutler\/","name":"Wibutler &#187; Eltako","isPartOf":{"@id":"https:\/\/www.eltako.com\/en\/#website"},"primaryImageOfPage":{"@id":"https:\/\/www.eltako.com\/fi\/yritys\/yhteistyoekumppanit-liittoutumat\/wibutler\/#primaryimage"},"image":{"@id":"https:\/\/www.eltako.com\/fi\/yritys\/yhteistyoekumppanit-liittoutumat\/wibutler\/#primaryimage"},"thumbnailUrl":"https:\/\/www.eltako.com\/wp-content\/uploads\/2022\/02\/partner-und-allianzen_headerbild_wibutler.png","datePublished":"2022-03-07T12:44:29+00:00","dateModified":"2024-10-04T10:01:38+00:00","breadcrumb":{"@id":"https:\/\/www.eltako.com\/fi\/yritys\/yhteistyoekumppanit-liittoutumat\/wibutler\/#breadcrumb"},"inLanguage":"fi","potentialAction":[{"@type":"ReadAction","target":["https:\/\/www.eltako.com\/fi\/yritys\/yhteistyoekumppanit-liittoutumat\/wibutler\/"]}]},{"@type":"ImageObject","inLanguage":"fi","@id":"https:\/\/www.eltako.com\/fi\/yritys\/yhteistyoekumppanit-liittoutumat\/wibutler\/#primaryimage","url":"https:\/\/www.eltako.com\/wp-content\/uploads\/2022\/02\/partner-und-allianzen_headerbild_wibutler.png","contentUrl":"https:\/\/www.eltako.com\/wp-content\/uploads\/2022\/02\/partner-und-allianzen_headerbild_wibutler.png","width":1800,"height":800},{"@type":"BreadcrumbList","@id":"https:\/\/www.eltako.com\/fi\/yritys\/yhteistyoekumppanit-liittoutumat\/wibutler\/#breadcrumb","itemListElement":[{"@type":"ListItem","position":1,"name":"Kotisivu","item":"https:\/\/www.eltako.com\/fi\/"},{"@type":"ListItem","position":2,"name":"Yritys","item":"https:\/\/www.eltako.com\/fi\/yritys\/"},{"@type":"ListItem","position":3,"name":"Kumppanit ja allianssit","item":"https:\/\/www.eltako.com\/fi\/yritys\/yhteistyoekumppanit-liittoutumat\/"},{"@type":"ListItem","position":4,"name":"Wibutler"}]},{"@type":"WebSite","@id":"https:\/\/www.eltako.com\/en\/#website","url":"https:\/\/www.eltako.com\/en\/","name":"Eltako","description":"Schaltger\u00e4te, Netzteile, Stromz\u00e4hler, Dimmer, Geb\u00e4udeinstallation, Steuerungstechnik, Smart Home-L\u00f6sungen, Geb\u00e4udefunk, EnOcean-Technologie","potentialAction":[{"@type":"SearchAction","target":{"@type":"EntryPoint","urlTemplate":"https:\/\/www.eltako.com\/en\/?s={search_term_string}"},"query-input":{"@type":"PropertyValueSpecification","valueRequired":true,"valueName":"search_term_string"}}],"inLanguage":"fi"}]}},"_links":{"self":[{"href":"https:\/\/www.eltako.com\/fi\/wp-json\/wp\/v2\/pages\/62081","targetHints":{"allow":["GET"]}}],"collection":[{"href":"https:\/\/www.eltako.com\/fi\/wp-json\/wp\/v2\/pages"}],"about":[{"href":"https:\/\/www.eltako.com\/fi\/wp-json\/wp\/v2\/types\/page"}],"author":[{"embeddable":true,"href":"https:\/\/www.eltako.com\/fi\/wp-json\/wp\/v2\/users\/31"}],"replies":[{"embeddable":true,"href":"https:\/\/www.eltako.com\/fi\/wp-json\/wp\/v2\/comments?post=62081"}],"version-history":[{"count":2,"href":"https:\/\/www.eltako.com\/fi\/wp-json\/wp\/v2\/pages\/62081\/revisions"}],"predecessor-version":[{"id":142404,"href":"https:\/\/www.eltako.com\/fi\/wp-json\/wp\/v2\/pages\/62081\/revisions\/142404"}],"up":[{"embeddable":true,"href":"https:\/\/www.eltako.com\/fi\/wp-json\/wp\/v2\/pages\/62734"}],"wp:featuredmedia":[{"embeddable":true,"href":"https:\/\/www.eltako.com\/fi\/wp-json\/wp\/v2\/media\/61434"}],"wp:attachment":[{"href":"https:\/\/www.eltako.com\/fi\/wp-json\/wp\/v2\/media?parent=62081"}],"curies":[{"name":"wp","href":"https:\/\/api.w.org\/{rel}","templated":true}]}}