{"id":62077,"date":"2022-03-07T13:44:28","date_gmt":"2022-03-07T12:44:28","guid":{"rendered":"https:\/\/betax923lb8kd7v0.eltako.de\/minisafe2-ja-gfa5\/"},"modified":"2025-03-07T10:10:22","modified_gmt":"2025-03-07T09:10:22","slug":"minisafe2-ja-gfa5","status":"publish","type":"page","link":"https:\/\/www.eltako.com\/fi\/minisafe2-ja-gfa5\/","title":{"rendered":"MiniSafe2 ja GFA5"},"content":{"rendered":"\n<div style=\"height:100px\" aria-hidden=\"true\" class=\"wp-block-spacer\"><\/div>\n\n\n\n<div class=\"wp-block-columns is-layout-flex wp-container-core-columns-is-layout-9d6595d7 wp-block-columns-is-layout-flex\">\n<div class=\"wp-block-column is-layout-flow wp-block-column-is-layout-flow\"><div class=\"wp-block-image\">\n<figure class=\"aligncenter size-large is-resized\"><img decoding=\"async\" width=\"824\" height=\"1024\" src=\"https:\/\/prod.wxccizj.de\/wp-content\/uploads\/2021\/08\/phones-824x1024.png\" alt=\"\" class=\"wp-image-22750\" style=\"width:494px;height:615px\" srcset=\"https:\/\/www.eltako.com\/wp-content\/uploads\/2021\/08\/phones-824x1024.png 824w, https:\/\/www.eltako.com\/wp-content\/uploads\/2021\/08\/phones-241x300.png 241w, https:\/\/www.eltako.com\/wp-content\/uploads\/2021\/08\/phones-768x954.png 768w, https:\/\/www.eltako.com\/wp-content\/uploads\/2021\/08\/phones-600x746.png 600w, https:\/\/www.eltako.com\/wp-content\/uploads\/2021\/08\/phones.png 1236w\" sizes=\"(max-width: 824px) 100vw, 824px\" \/><\/figure>\n<\/div><\/div>\n\n\n\n<div class=\"wp-block-column bg-primary text-white pl-4 pr-4 is-layout-flow wp-block-column-is-layout-flow\">\n<div style=\"height:38px\" aria-hidden=\"true\" class=\"wp-block-spacer\"><\/div>\n\n\n\n<h2 class=\"wp-block-heading\" style=\"font-size:40px\"><strong>Uusi GFA5 sovelluksemme kohtaa MiniSafe2:n<\/strong> <\/h2>\n\n\n\n<div style=\"height:20px\" aria-hidden=\"true\" class=\"wp-block-spacer\"><\/div>\n\n\n\n<p class=\"has-medium-font-size\">MiniSafe2 on saatavilla ja sen mukana uusi GFA5 sovellus. T\u00e4m\u00e4 \u00e4lykodin ohjausyksikk\u00f6 on ihanteellinen ensiaskel \u00e4lykk\u00e4\u00e4seen rakennuksen hallinnan maailmaan. Se tarjoaa k\u00e4ytt\u00e4j\u00e4lleen intuitiivisen k\u00e4yt\u00f6n, modernin suunnittelun ja laajan yhteensopivuuden. Uutta sovellusta k\u00e4ytet\u00e4\u00e4n siihen yhdistettyjen Professional Smart Home -tuotteiden ohjaamiseen ja hallintaan. Se on saatavilla ilmaiseksi iOS- ja Android-laitteille ja se mahdollistaa my\u00f6s \u00e4\u00e4niohjauksen Googlen ja Amazonin kautta. K\u00e4ytt\u00e4j\u00e4yst\u00e4v\u00e4llisen k\u00e4ytt\u00f6liittym\u00e4n avulla, k\u00e4ytt\u00f6 on helppo oppia ja voit helposti tallentaa, kytke\u00e4 ja muuttaa henkil\u00f6kohtaisia asetuksia ja tilanne ohjauksia milloin tahansa. <\/p>\n\n\n\n<div style=\"height:20px\" aria-hidden=\"true\" class=\"wp-block-spacer\"><\/div>\n\n\n\n<div class=\"wp-block-buttons is-layout-flex wp-block-buttons-is-layout-flex\"><\/div>\n\n\n\n\n\n<div style=\"height:30px\" aria-hidden=\"true\" class=\"wp-block-spacer\"><\/div>\n\n\n\n<div class=\"wp-block-columns is-layout-flex wp-container-core-columns-is-layout-9d6595d7 wp-block-columns-is-layout-flex\">\n<div class=\"wp-block-column is-layout-flow wp-block-column-is-layout-flow\">\n<figure class=\"wp-block-image size-full is-resized\"><a href=\"https:\/\/apps.apple.com\/de\/app\/eltako-gfa5\/id1555852467\"><img decoding=\"async\" width=\"600\" height=\"180\" src=\"https:\/\/prod.wxccizj.de\/wp-content\/uploads\/2021\/08\/app.png\" alt=\"\" class=\"wp-image-22786\" style=\"width:150px;height:45px\" srcset=\"https:\/\/www.eltako.com\/wp-content\/uploads\/2021\/08\/app.png 600w, https:\/\/www.eltako.com\/wp-content\/uploads\/2021\/08\/app-300x90.png 300w\" sizes=\"(max-width: 600px) 100vw, 600px\" \/><\/a><\/figure>\n<\/div>\n\n\n\n<div class=\"wp-block-column is-layout-flow wp-block-column-is-layout-flow\">\n<figure class=\"wp-block-image size-full is-resized\"><a href=\"https:\/\/play.google.com\/store\/apps\/details?id=com.eltako.gfa5&amp;hl=de&amp;gl=US\"><img decoding=\"async\" width=\"600\" height=\"180\" src=\"https:\/\/prod.wxccizj.de\/wp-content\/uploads\/2021\/08\/google.png\" alt=\"\" class=\"wp-image-22794\" style=\"width:150px;height:45px\" srcset=\"https:\/\/www.eltako.com\/wp-content\/uploads\/2021\/08\/google.png 600w, https:\/\/www.eltako.com\/wp-content\/uploads\/2021\/08\/google-300x90.png 300w\" sizes=\"(max-width: 600px) 100vw, 600px\" \/><\/a><\/figure>\n<\/div>\n<\/div>\n\n\n\n<div class=\"wp-block-buttons is-layout-flex wp-block-buttons-is-layout-flex\"><\/div>\n<\/div>\n<\/div>\n\n\n\n<div style=\"height:40px\" aria-hidden=\"true\" class=\"wp-block-spacer\"><\/div>\n\n\n\n<div class=\"wp-block-columns is-layout-flex wp-container-core-columns-is-layout-9d6595d7 wp-block-columns-is-layout-flex\">\n<div class=\"wp-block-column is-layout-flow wp-block-column-is-layout-flow\">\n<a href=\"https:\/\/www.eltako.com\/fi\/ohjain-firmware-paeivitys\/\" class=\"text-uppercase font-weight-bold btn text-white p-3 mt-1 mb-1 w-100\" style=\"background : #016db7; font-size:20px\">Laiteohjelmiston p\u00e4ivitys<\/a>\n\n\n\n<a href=\"https:\/\/www.eltako.com\/fi\/catalog\/products\/266\/minisafe2\/\" class=\"btn font-weight-bold text-white mt-1 mb-1 p-3 w-100 text-uppercase\" style=\"background : #016db7; font-size:20px\">MiniSafe2<\/a>\n<\/div>\n\n\n\n<div class=\"wp-block-column is-layout-flow wp-block-column-is-layout-flow\">\n<a href=\"https:\/\/www.eltako.com\/fileadmin\/downloads\/fi\/_prospekte\/GFA5-App-Prospekt_fi_2022_09_Internet.pdf\" class=\"text-uppercase font-weight-bold btn text-white mt-1 mb-1 p-3 w-100\" style=\"background : #016db7; font-size:20px\">esite<\/a>\n\n\n\n<a href=\"https:\/\/www.eltako.com\/fi\/catalog\/products\/267\/minisafe2-reg\/\" class=\"btn font-weight-bold text-white mt-1 mb-1 p-3 w-100 text-uppercase\" style=\"background : #016db7; font-size:20px\">MiniSafe2-REG<\/a>\n<\/div>\n\n\n\n<div class=\"wp-block-column is-layout-flow wp-block-column-is-layout-flow\"><\/div>\n<\/div>\n\n\n\n<div style=\"height:50px\" aria-hidden=\"true\" class=\"wp-block-spacer\"><\/div>\n\n\n\n<figure class=\"wp-block-image size-large\"><img decoding=\"async\" width=\"1024\" height=\"469\" src=\"https:\/\/www.eltako.com\/wp-content\/uploads\/2022\/11\/Eltako_Website_Content-Bilder-Landingpage_MiniSafe2-GFA-App_FIN-1024x469.png\" alt=\"\" class=\"wp-image-121781\" srcset=\"https:\/\/www.eltako.com\/wp-content\/uploads\/2022\/11\/Eltako_Website_Content-Bilder-Landingpage_MiniSafe2-GFA-App_FIN-1024x469.png 1024w, https:\/\/www.eltako.com\/wp-content\/uploads\/2022\/11\/Eltako_Website_Content-Bilder-Landingpage_MiniSafe2-GFA-App_FIN-300x138.png 300w, https:\/\/www.eltako.com\/wp-content\/uploads\/2022\/11\/Eltako_Website_Content-Bilder-Landingpage_MiniSafe2-GFA-App_FIN-768x352.png 768w, https:\/\/www.eltako.com\/wp-content\/uploads\/2022\/11\/Eltako_Website_Content-Bilder-Landingpage_MiniSafe2-GFA-App_FIN-1536x704.png 1536w, https:\/\/www.eltako.com\/wp-content\/uploads\/2022\/11\/Eltako_Website_Content-Bilder-Landingpage_MiniSafe2-GFA-App_FIN-600x275.png 600w, https:\/\/www.eltako.com\/wp-content\/uploads\/2022\/11\/Eltako_Website_Content-Bilder-Landingpage_MiniSafe2-GFA-App_FIN.png 1920w\" sizes=\"(max-width: 1024px) 100vw, 1024px\" \/><\/figure>\n\n\n\n<div style=\"height:60px\" aria-hidden=\"true\" class=\"wp-block-spacer\"><\/div>\n\n\n\n<div class=\"wp-block-columns is-layout-flex wp-container-core-columns-is-layout-9d6595d7 wp-block-columns-is-layout-flex\">\n<div class=\"wp-block-column is-layout-flow wp-block-column-is-layout-flow\">\n <div class=\"brlbs-cmpnt-container brlbs-cmpnt-content-blocker brlbs-cmpnt-with-individual-styles\" data-borlabs-cookie-content-blocker-id=\"youtube-content-blocker\" data-borlabs-cookie-content=\"PGlmcmFtZSBzcmM9Imh0dHBzOi8vd3d3LnlvdXR1YmUtbm9jb29raWUuY29tL2VtYmVkL1c5MlhQQl90dHowIiB3aWR0aD0iMTAwJSIgaGVpZ2h0PSIzMTUiIGZyYW1lYm9yZGVyPSIwIj48L2lmcmFtZT4=\"><div class=\"brlbs-cmpnt-cb-preset-c brlbs-cmpnt-cb-youtube\"> <div class=\"brlbs-cmpnt-cb-thumbnail\" style=\"background-image: url('https:\/\/www.eltako.com\/wp-content\/uploads\/borlabs-cookie\/1\/yt_W92XPB_ttz0_hqdefault.jpg')\"><\/div> <div class=\"brlbs-cmpnt-cb-main\"> <div class=\"brlbs-cmpnt-cb-play-button\"><\/div> <div class=\"brlbs-cmpnt-cb-content\"> <p class=\"brlbs-cmpnt-cb-description\">You are currently viewing a placeholder content from <strong>YouTube<\/strong>. To access the actual content, click the button below. Please note that doing so will share data with third-party providers.<\/p> <a class=\"brlbs-cmpnt-cb-provider-toggle\" href=\"#\" data-borlabs-cookie-show-provider-information role=\"button\">More Information<\/a> <\/div> <div class=\"brlbs-cmpnt-cb-buttons\"> <a class=\"brlbs-cmpnt-cb-btn\" href=\"#\" data-borlabs-cookie-unblock role=\"button\">Unblock content<\/a> <a class=\"brlbs-cmpnt-cb-btn\" href=\"#\" data-borlabs-cookie-accept-service role=\"button\" style=\"display: inherit\">Accept required service and unblock content<\/a> <\/div> <\/div> <\/div><\/div>\n<\/div>\n\n\n\n<div class=\"wp-block-column is-layout-flow wp-block-column-is-layout-flow\">\n <div class=\"brlbs-cmpnt-container brlbs-cmpnt-content-blocker brlbs-cmpnt-with-individual-styles\" data-borlabs-cookie-content-blocker-id=\"youtube-content-blocker\" data-borlabs-cookie-content=\"PGlmcmFtZSBzcmM9Imh0dHBzOi8vd3d3LnlvdXR1YmUtbm9jb29raWUuY29tL2VtYmVkL0hkTGZSWkNMeEYwIiB0aXRsZT0iWW91VHViZSB2aWRlbyBwbGF5ZXIiIGFsbG93PSJhY2NlbGVyb21ldGVyOyBjbGlwYm9hcmQtd3JpdGU7IGVuY3J5cHRlZC1tZWRpYTsgZ3lyb3Njb3BlOyBwaWN0dXJlLWluLXBpY3R1cmUiIGFsbG93ZnVsbHNjcmVlbj0iIiB3aWR0aD0iMTAwJSIgaGVpZ2h0PSIzMTUiIGZyYW1lYm9yZGVyPSIwIj48L2lmcmFtZT4=\"><div class=\"brlbs-cmpnt-cb-preset-c brlbs-cmpnt-cb-youtube\"> <div class=\"brlbs-cmpnt-cb-thumbnail\" style=\"background-image: url('https:\/\/www.eltako.com\/wp-content\/uploads\/borlabs-cookie\/1\/yt_HdLfRZCLxF0_hqdefault.jpg')\"><\/div> <div class=\"brlbs-cmpnt-cb-main\"> <div class=\"brlbs-cmpnt-cb-play-button\"><\/div> <div class=\"brlbs-cmpnt-cb-content\"> <p class=\"brlbs-cmpnt-cb-description\">You are currently viewing a placeholder content from <strong>YouTube<\/strong>. To access the actual content, click the button below. Please note that doing so will share data with third-party providers.<\/p> <a class=\"brlbs-cmpnt-cb-provider-toggle\" href=\"#\" data-borlabs-cookie-show-provider-information role=\"button\">More Information<\/a> <\/div> <div class=\"brlbs-cmpnt-cb-buttons\"> <a class=\"brlbs-cmpnt-cb-btn\" href=\"#\" data-borlabs-cookie-unblock role=\"button\">Unblock content<\/a> <a class=\"brlbs-cmpnt-cb-btn\" href=\"#\" data-borlabs-cookie-accept-service role=\"button\" style=\"display: inherit\">Accept required service and unblock content<\/a> <\/div> <\/div> <\/div><\/div>\n<\/div>\n<\/div>\n","protected":false},"excerpt":{"rendered":"<p>Uusi GFA5 sovelluksemme kohtaa MiniSafe2:n MiniSafe2 on saatavilla ja sen mukana uusi GFA5 sovellus. T\u00e4m\u00e4 \u00e4lykodin ohjausyksikk\u00f6 on ihanteellinen ensiaskel \u00e4lykk\u00e4\u00e4seen rakennuksen hallinnan maailmaan. Se tarjoaa k\u00e4ytt\u00e4j\u00e4lleen intuitiivisen k\u00e4yt\u00f6n, modernin suunnittelun ja laajan yhteensopivuuden. Uutta sovellusta k\u00e4ytet\u00e4\u00e4n siihen yhdistettyjen Professional Smart Home -tuotteiden ohjaamiseen ja hallintaan. Se on saatavilla ilmaiseksi iOS- ja Android-laitteille ja se [&hellip;]<\/p>\n","protected":false},"author":31,"featured_media":23507,"parent":0,"menu_order":0,"comment_status":"closed","ping_status":"closed","template":"templates\/padding_header.php","meta":{"_acf_changed":false,"footnotes":"","_links_to":"","_links_to_target":""},"class_list":["post-62077","page","type-page","status-publish","has-post-thumbnail","hentry"],"acf":[],"yoast_head":"<!-- This site is optimized with the Yoast SEO plugin v27.2 - https:\/\/yoast.com\/product\/yoast-seo-wordpress\/ -->\n<title>MiniSafe2 ja GFA5 &#187; Eltako<\/title>\n<meta name=\"robots\" content=\"index, follow, max-snippet:-1, max-image-preview:large, max-video-preview:-1\" \/>\n<link rel=\"canonical\" href=\"https:\/\/www.eltako.com\/fi\/minisafe2-ja-gfa5\/\" \/>\n<meta property=\"og:locale\" content=\"fi_FI\" \/>\n<meta property=\"og:type\" content=\"article\" \/>\n<meta property=\"og:title\" content=\"MiniSafe2 ja GFA5 &#187; Eltako\" \/>\n<meta property=\"og:description\" content=\"Uusi GFA5 sovelluksemme kohtaa MiniSafe2:n MiniSafe2 on saatavilla ja sen mukana uusi GFA5 sovellus. T\u00e4m\u00e4 \u00e4lykodin ohjausyksikk\u00f6 on ihanteellinen ensiaskel \u00e4lykk\u00e4\u00e4seen rakennuksen hallinnan maailmaan. Se tarjoaa k\u00e4ytt\u00e4j\u00e4lleen intuitiivisen k\u00e4yt\u00f6n, modernin suunnittelun ja laajan yhteensopivuuden. Uutta sovellusta k\u00e4ytet\u00e4\u00e4n siihen yhdistettyjen Professional Smart Home -tuotteiden ohjaamiseen ja hallintaan. Se on saatavilla ilmaiseksi iOS- ja Android-laitteille ja se [&hellip;]\" \/>\n<meta property=\"og:url\" content=\"https:\/\/www.eltako.com\/fi\/minisafe2-ja-gfa5\/\" \/>\n<meta property=\"og:site_name\" content=\"Eltako\" \/>\n<meta property=\"article:modified_time\" content=\"2025-03-07T09:10:22+00:00\" \/>\n<meta property=\"og:image\" content=\"https:\/\/www.eltako.com\/wp-content\/uploads\/2021\/09\/gfa5.jpg\" \/>\n\t<meta property=\"og:image:width\" content=\"3584\" \/>\n\t<meta property=\"og:image:height\" content=\"1304\" \/>\n\t<meta property=\"og:image:type\" content=\"image\/jpeg\" \/>\n<meta name=\"twitter:card\" content=\"summary_large_image\" \/>\n<meta name=\"twitter:label1\" content=\"Arvioitu lukuaika\" \/>\n\t<meta name=\"twitter:data1\" content=\"2 minuuttia\" \/>\n<script type=\"application\/ld+json\" class=\"yoast-schema-graph\">{\"@context\":\"https:\/\/schema.org\",\"@graph\":[{\"@type\":\"WebPage\",\"@id\":\"https:\/\/www.eltako.com\/fi\/minisafe2-ja-gfa5\/\",\"url\":\"https:\/\/www.eltako.com\/fi\/minisafe2-ja-gfa5\/\",\"name\":\"MiniSafe2 ja GFA5 &#187; Eltako\",\"isPartOf\":{\"@id\":\"https:\/\/www.eltako.com\/en\/#website\"},\"primaryImageOfPage\":{\"@id\":\"https:\/\/www.eltako.com\/fi\/minisafe2-ja-gfa5\/#primaryimage\"},\"image\":{\"@id\":\"https:\/\/www.eltako.com\/fi\/minisafe2-ja-gfa5\/#primaryimage\"},\"thumbnailUrl\":\"https:\/\/www.eltako.com\/wp-content\/uploads\/2021\/09\/gfa5.jpg\",\"datePublished\":\"2022-03-07T12:44:28+00:00\",\"dateModified\":\"2025-03-07T09:10:22+00:00\",\"breadcrumb\":{\"@id\":\"https:\/\/www.eltako.com\/fi\/minisafe2-ja-gfa5\/#breadcrumb\"},\"inLanguage\":\"fi\",\"potentialAction\":[{\"@type\":\"ReadAction\",\"target\":[\"https:\/\/www.eltako.com\/fi\/minisafe2-ja-gfa5\/\"]}]},{\"@type\":\"ImageObject\",\"inLanguage\":\"fi\",\"@id\":\"https:\/\/www.eltako.com\/fi\/minisafe2-ja-gfa5\/#primaryimage\",\"url\":\"https:\/\/www.eltako.com\/wp-content\/uploads\/2021\/09\/gfa5.jpg\",\"contentUrl\":\"https:\/\/www.eltako.com\/wp-content\/uploads\/2021\/09\/gfa5.jpg\",\"width\":3584,\"height\":1304},{\"@type\":\"BreadcrumbList\",\"@id\":\"https:\/\/www.eltako.com\/fi\/minisafe2-ja-gfa5\/#breadcrumb\",\"itemListElement\":[{\"@type\":\"ListItem\",\"position\":1,\"name\":\"Kotisivu\",\"item\":\"https:\/\/www.eltako.com\/fi\/\"},{\"@type\":\"ListItem\",\"position\":2,\"name\":\"MiniSafe2 ja GFA5\"}]},{\"@type\":\"WebSite\",\"@id\":\"https:\/\/www.eltako.com\/en\/#website\",\"url\":\"https:\/\/www.eltako.com\/en\/\",\"name\":\"Eltako\",\"description\":\"Schaltger\u00e4te, Netzteile, Stromz\u00e4hler, Dimmer, Geb\u00e4udeinstallation, Steuerungstechnik, Smart Home-L\u00f6sungen, Geb\u00e4udefunk, EnOcean-Technologie\",\"potentialAction\":[{\"@type\":\"SearchAction\",\"target\":{\"@type\":\"EntryPoint\",\"urlTemplate\":\"https:\/\/www.eltako.com\/en\/?s={search_term_string}\"},\"query-input\":{\"@type\":\"PropertyValueSpecification\",\"valueRequired\":true,\"valueName\":\"search_term_string\"}}],\"inLanguage\":\"fi\"}]}<\/script>\n<!-- \/ Yoast SEO plugin. -->","yoast_head_json":{"title":"MiniSafe2 ja GFA5 &#187; Eltako","robots":{"index":"index","follow":"follow","max-snippet":"max-snippet:-1","max-image-preview":"max-image-preview:large","max-video-preview":"max-video-preview:-1"},"canonical":"https:\/\/www.eltako.com\/fi\/minisafe2-ja-gfa5\/","og_locale":"fi_FI","og_type":"article","og_title":"MiniSafe2 ja GFA5 &#187; Eltako","og_description":"Uusi GFA5 sovelluksemme kohtaa MiniSafe2:n MiniSafe2 on saatavilla ja sen mukana uusi GFA5 sovellus. T\u00e4m\u00e4 \u00e4lykodin ohjausyksikk\u00f6 on ihanteellinen ensiaskel \u00e4lykk\u00e4\u00e4seen rakennuksen hallinnan maailmaan. Se tarjoaa k\u00e4ytt\u00e4j\u00e4lleen intuitiivisen k\u00e4yt\u00f6n, modernin suunnittelun ja laajan yhteensopivuuden. Uutta sovellusta k\u00e4ytet\u00e4\u00e4n siihen yhdistettyjen Professional Smart Home -tuotteiden ohjaamiseen ja hallintaan. Se on saatavilla ilmaiseksi iOS- ja Android-laitteille ja se [&hellip;]","og_url":"https:\/\/www.eltako.com\/fi\/minisafe2-ja-gfa5\/","og_site_name":"Eltako","article_modified_time":"2025-03-07T09:10:22+00:00","og_image":[{"width":3584,"height":1304,"url":"https:\/\/www.eltako.com\/wp-content\/uploads\/2021\/09\/gfa5.jpg","type":"image\/jpeg"}],"twitter_card":"summary_large_image","twitter_misc":{"Arvioitu lukuaika":"2 minuuttia"},"schema":{"@context":"https:\/\/schema.org","@graph":[{"@type":"WebPage","@id":"https:\/\/www.eltako.com\/fi\/minisafe2-ja-gfa5\/","url":"https:\/\/www.eltako.com\/fi\/minisafe2-ja-gfa5\/","name":"MiniSafe2 ja GFA5 &#187; Eltako","isPartOf":{"@id":"https:\/\/www.eltako.com\/en\/#website"},"primaryImageOfPage":{"@id":"https:\/\/www.eltako.com\/fi\/minisafe2-ja-gfa5\/#primaryimage"},"image":{"@id":"https:\/\/www.eltako.com\/fi\/minisafe2-ja-gfa5\/#primaryimage"},"thumbnailUrl":"https:\/\/www.eltako.com\/wp-content\/uploads\/2021\/09\/gfa5.jpg","datePublished":"2022-03-07T12:44:28+00:00","dateModified":"2025-03-07T09:10:22+00:00","breadcrumb":{"@id":"https:\/\/www.eltako.com\/fi\/minisafe2-ja-gfa5\/#breadcrumb"},"inLanguage":"fi","potentialAction":[{"@type":"ReadAction","target":["https:\/\/www.eltako.com\/fi\/minisafe2-ja-gfa5\/"]}]},{"@type":"ImageObject","inLanguage":"fi","@id":"https:\/\/www.eltako.com\/fi\/minisafe2-ja-gfa5\/#primaryimage","url":"https:\/\/www.eltako.com\/wp-content\/uploads\/2021\/09\/gfa5.jpg","contentUrl":"https:\/\/www.eltako.com\/wp-content\/uploads\/2021\/09\/gfa5.jpg","width":3584,"height":1304},{"@type":"BreadcrumbList","@id":"https:\/\/www.eltako.com\/fi\/minisafe2-ja-gfa5\/#breadcrumb","itemListElement":[{"@type":"ListItem","position":1,"name":"Kotisivu","item":"https:\/\/www.eltako.com\/fi\/"},{"@type":"ListItem","position":2,"name":"MiniSafe2 ja GFA5"}]},{"@type":"WebSite","@id":"https:\/\/www.eltako.com\/en\/#website","url":"https:\/\/www.eltako.com\/en\/","name":"Eltako","description":"Schaltger\u00e4te, Netzteile, Stromz\u00e4hler, Dimmer, Geb\u00e4udeinstallation, Steuerungstechnik, Smart Home-L\u00f6sungen, Geb\u00e4udefunk, EnOcean-Technologie","potentialAction":[{"@type":"SearchAction","target":{"@type":"EntryPoint","urlTemplate":"https:\/\/www.eltako.com\/en\/?s={search_term_string}"},"query-input":{"@type":"PropertyValueSpecification","valueRequired":true,"valueName":"search_term_string"}}],"inLanguage":"fi"}]}},"_links":{"self":[{"href":"https:\/\/www.eltako.com\/fi\/wp-json\/wp\/v2\/pages\/62077","targetHints":{"allow":["GET"]}}],"collection":[{"href":"https:\/\/www.eltako.com\/fi\/wp-json\/wp\/v2\/pages"}],"about":[{"href":"https:\/\/www.eltako.com\/fi\/wp-json\/wp\/v2\/types\/page"}],"author":[{"embeddable":true,"href":"https:\/\/www.eltako.com\/fi\/wp-json\/wp\/v2\/users\/31"}],"replies":[{"embeddable":true,"href":"https:\/\/www.eltako.com\/fi\/wp-json\/wp\/v2\/comments?post=62077"}],"version-history":[{"count":8,"href":"https:\/\/www.eltako.com\/fi\/wp-json\/wp\/v2\/pages\/62077\/revisions"}],"predecessor-version":[{"id":144397,"href":"https:\/\/www.eltako.com\/fi\/wp-json\/wp\/v2\/pages\/62077\/revisions\/144397"}],"wp:featuredmedia":[{"embeddable":true,"href":"https:\/\/www.eltako.com\/fi\/wp-json\/wp\/v2\/media\/23507"}],"wp:attachment":[{"href":"https:\/\/www.eltako.com\/fi\/wp-json\/wp\/v2\/media?parent=62077"}],"curies":[{"name":"wp","href":"https:\/\/api.w.org\/{rel}","templated":true}]}}