{"id":62074,"date":"2022-03-07T13:44:27","date_gmt":"2022-03-07T12:44:27","guid":{"rendered":"https:\/\/betax923lb8kd7v0.eltako.de\/lataukset\/led-putket\/"},"modified":"2022-06-14T08:37:28","modified_gmt":"2022-06-14T06:37:28","slug":"led-putket","status":"publish","type":"page","link":"https:\/\/www.eltako.com\/fi\/palvelu\/lataukset\/led-putket\/","title":{"rendered":"LED putket"},"content":{"rendered":"<div id=\"footable_parent_78023\"\n         class=\" footable_parent ninja_table_wrapper loading_ninja_table wp_table_data_press_parent bootstrap4 \">\n                <table data-ninja_table_instance=\"ninja_table_instance_0\" data-footable_id=\"78023\" data-filter-delay=\"1000\" aria-label=\"led_tubes_fi_opt-csv-imported-from-table-press\"            id=\"footable_78023\"\n           data-unique_identifier=\"ninja_table_unique_id_3886933736_78023\"\n           class=\" foo-table ninja_footable foo_table_78023 ninja_table_unique_id_3886933736_78023 table  nt_type_ajax_table table-striped table-bordered vertical_centered  footable-paging-right ninja_table_pro\">\n                <colgroup>\n                            <col class=\"ninja_column_0 \">\n                            <col class=\"ninja_column_1 \">\n                            <col class=\"ninja_column_2 \">\n                    <\/colgroup>\n            <\/table>\n    \n    \n    \n<\/div>\n\n","protected":false},"excerpt":{"rendered":"","protected":false},"author":31,"featured_media":0,"parent":29673,"menu_order":0,"comment_status":"closed","ping_status":"closed","template":"","meta":{"_acf_changed":false,"footnotes":"","_links_to":"","_links_to_target":""},"class_list":["post-62074","page","type-page","status-publish","hentry"],"acf":[],"yoast_head":"<!-- This site is optimized with the Yoast SEO plugin v27.2 - https:\/\/yoast.com\/product\/yoast-seo-wordpress\/ -->\n<title>LED putket &#187; Eltako<\/title>\n<meta name=\"robots\" content=\"index, follow, max-snippet:-1, max-image-preview:large, max-video-preview:-1\" \/>\n<link rel=\"canonical\" href=\"https:\/\/www.eltako.com\/fi\/palvelu\/lataukset\/led-putket\/\" \/>\n<meta property=\"og:locale\" content=\"fi_FI\" \/>\n<meta property=\"og:type\" content=\"article\" \/>\n<meta property=\"og:title\" content=\"LED putket &#187; Eltako\" \/>\n<meta property=\"og:url\" content=\"https:\/\/www.eltako.com\/fi\/palvelu\/lataukset\/led-putket\/\" \/>\n<meta property=\"og:site_name\" content=\"Eltako\" \/>\n<meta property=\"article:modified_time\" content=\"2022-06-14T06:37:28+00:00\" \/>\n<meta name=\"twitter:card\" content=\"summary_large_image\" \/>\n<meta name=\"twitter:label1\" content=\"Arvioitu lukuaika\" \/>\n\t<meta name=\"twitter:data1\" content=\"1 minuutti\" \/>\n<script type=\"application\/ld+json\" class=\"yoast-schema-graph\">{\"@context\":\"https:\/\/schema.org\",\"@graph\":[{\"@type\":\"WebPage\",\"@id\":\"https:\/\/www.eltako.com\/fi\/palvelu\/lataukset\/led-putket\/\",\"url\":\"https:\/\/www.eltako.com\/fi\/palvelu\/lataukset\/led-putket\/\",\"name\":\"LED putket &#187; Eltako\",\"isPartOf\":{\"@id\":\"https:\/\/www.eltako.com\/en\/#website\"},\"datePublished\":\"2022-03-07T12:44:27+00:00\",\"dateModified\":\"2022-06-14T06:37:28+00:00\",\"breadcrumb\":{\"@id\":\"https:\/\/www.eltako.com\/fi\/palvelu\/lataukset\/led-putket\/#breadcrumb\"},\"inLanguage\":\"fi\",\"potentialAction\":[{\"@type\":\"ReadAction\",\"target\":[\"https:\/\/www.eltako.com\/fi\/palvelu\/lataukset\/led-putket\/\"]}]},{\"@type\":\"BreadcrumbList\",\"@id\":\"https:\/\/www.eltako.com\/fi\/palvelu\/lataukset\/led-putket\/#breadcrumb\",\"itemListElement\":[{\"@type\":\"ListItem\",\"position\":1,\"name\":\"Kotisivu\",\"item\":\"https:\/\/www.eltako.com\/fi\/\"},{\"@type\":\"ListItem\",\"position\":2,\"name\":\"Palvelu\",\"item\":\"https:\/\/www.eltako.com\/fi\/palvelu\/\"},{\"@type\":\"ListItem\",\"position\":3,\"name\":\"Lataukset\",\"item\":\"https:\/\/www.eltako.com\/fi\/palvelu\/lataukset\/\"},{\"@type\":\"ListItem\",\"position\":4,\"name\":\"LED putket\"}]},{\"@type\":\"WebSite\",\"@id\":\"https:\/\/www.eltako.com\/en\/#website\",\"url\":\"https:\/\/www.eltako.com\/en\/\",\"name\":\"Eltako\",\"description\":\"Schaltger\u00e4te, Netzteile, Stromz\u00e4hler, Dimmer, Geb\u00e4udeinstallation, Steuerungstechnik, Smart Home-L\u00f6sungen, Geb\u00e4udefunk, EnOcean-Technologie\",\"potentialAction\":[{\"@type\":\"SearchAction\",\"target\":{\"@type\":\"EntryPoint\",\"urlTemplate\":\"https:\/\/www.eltako.com\/en\/?s={search_term_string}\"},\"query-input\":{\"@type\":\"PropertyValueSpecification\",\"valueRequired\":true,\"valueName\":\"search_term_string\"}}],\"inLanguage\":\"fi\"}]}<\/script>\n<!-- \/ Yoast SEO plugin. -->","yoast_head_json":{"title":"LED putket &#187; Eltako","robots":{"index":"index","follow":"follow","max-snippet":"max-snippet:-1","max-image-preview":"max-image-preview:large","max-video-preview":"max-video-preview:-1"},"canonical":"https:\/\/www.eltako.com\/fi\/palvelu\/lataukset\/led-putket\/","og_locale":"fi_FI","og_type":"article","og_title":"LED putket &#187; Eltako","og_url":"https:\/\/www.eltako.com\/fi\/palvelu\/lataukset\/led-putket\/","og_site_name":"Eltako","article_modified_time":"2022-06-14T06:37:28+00:00","twitter_card":"summary_large_image","twitter_misc":{"Arvioitu lukuaika":"1 minuutti"},"schema":{"@context":"https:\/\/schema.org","@graph":[{"@type":"WebPage","@id":"https:\/\/www.eltako.com\/fi\/palvelu\/lataukset\/led-putket\/","url":"https:\/\/www.eltako.com\/fi\/palvelu\/lataukset\/led-putket\/","name":"LED putket &#187; Eltako","isPartOf":{"@id":"https:\/\/www.eltako.com\/en\/#website"},"datePublished":"2022-03-07T12:44:27+00:00","dateModified":"2022-06-14T06:37:28+00:00","breadcrumb":{"@id":"https:\/\/www.eltako.com\/fi\/palvelu\/lataukset\/led-putket\/#breadcrumb"},"inLanguage":"fi","potentialAction":[{"@type":"ReadAction","target":["https:\/\/www.eltako.com\/fi\/palvelu\/lataukset\/led-putket\/"]}]},{"@type":"BreadcrumbList","@id":"https:\/\/www.eltako.com\/fi\/palvelu\/lataukset\/led-putket\/#breadcrumb","itemListElement":[{"@type":"ListItem","position":1,"name":"Kotisivu","item":"https:\/\/www.eltako.com\/fi\/"},{"@type":"ListItem","position":2,"name":"Palvelu","item":"https:\/\/www.eltako.com\/fi\/palvelu\/"},{"@type":"ListItem","position":3,"name":"Lataukset","item":"https:\/\/www.eltako.com\/fi\/palvelu\/lataukset\/"},{"@type":"ListItem","position":4,"name":"LED putket"}]},{"@type":"WebSite","@id":"https:\/\/www.eltako.com\/en\/#website","url":"https:\/\/www.eltako.com\/en\/","name":"Eltako","description":"Schaltger\u00e4te, Netzteile, Stromz\u00e4hler, Dimmer, Geb\u00e4udeinstallation, Steuerungstechnik, Smart Home-L\u00f6sungen, Geb\u00e4udefunk, EnOcean-Technologie","potentialAction":[{"@type":"SearchAction","target":{"@type":"EntryPoint","urlTemplate":"https:\/\/www.eltako.com\/en\/?s={search_term_string}"},"query-input":{"@type":"PropertyValueSpecification","valueRequired":true,"valueName":"search_term_string"}}],"inLanguage":"fi"}]}},"_links":{"self":[{"href":"https:\/\/www.eltako.com\/fi\/wp-json\/wp\/v2\/pages\/62074","targetHints":{"allow":["GET"]}}],"collection":[{"href":"https:\/\/www.eltako.com\/fi\/wp-json\/wp\/v2\/pages"}],"about":[{"href":"https:\/\/www.eltako.com\/fi\/wp-json\/wp\/v2\/types\/page"}],"author":[{"embeddable":true,"href":"https:\/\/www.eltako.com\/fi\/wp-json\/wp\/v2\/users\/31"}],"replies":[{"embeddable":true,"href":"https:\/\/www.eltako.com\/fi\/wp-json\/wp\/v2\/comments?post=62074"}],"version-history":[{"count":0,"href":"https:\/\/www.eltako.com\/fi\/wp-json\/wp\/v2\/pages\/62074\/revisions"}],"up":[{"embeddable":true,"href":"https:\/\/www.eltako.com\/fi\/wp-json\/wp\/v2\/pages\/29673"}],"wp:attachment":[{"href":"https:\/\/www.eltako.com\/fi\/wp-json\/wp\/v2\/media?parent=62074"}],"curies":[{"name":"wp","href":"https:\/\/api.w.org\/{rel}","templated":true}]}}