{"id":31926,"date":"2022-01-28T17:03:22","date_gmt":"2022-01-28T16:03:22","guid":{"rendered":"https:\/\/betax923lb8kd7v0.eltako.de\/enocean\/"},"modified":"2022-02-08T14:05:36","modified_gmt":"2022-02-08T13:05:36","slug":"enocean","status":"publish","type":"page","link":"https:\/\/www.eltako.com\/fi\/yritys\/yhteistyoekumppanit-liittoutumat\/enocean\/","title":{"rendered":"EnOcean"},"content":{"rendered":"\n<h2 class=\"wp-block-heading\">EnOcean<\/h2>\n\n<div style=\"height:50px\" aria-hidden=\"true\" class=\"wp-block-spacer\"><\/div>\n\n<p class=\"has-medium-font-size\">Vuonna 2008, Eltako liittyi EnOcean Allianceen ja siit\u00e4 l\u00e4htien olemme tehneet tiivist\u00e4 yhteisty\u00f6t\u00e4 heid\u00e4n kanssaan. Nyky\u00e4\u00e4n Eltako on yksi suurimmista langattomien EnOcean -tuotteiden tavarantoimittajista markkinoilla. EnOcean GmbH, jonka kotipaikka on Oberhachingissa l\u00e4hell\u00e4 M\u00fcncheni\u00e4, edustaa pitk\u00e4lti akkuvapaata langatonta standardia ja on t\u00e4rke\u00e4 pilari Professional Smart Home -tuotteiden toimitusketjussa.<\/p>\n\n<p class=\"has-medium-font-size\">Yli 350 yrityst\u00e4 eri toimialoilta on yhdist\u00e4nyt voimansa EnOcean Alliancessa markkinoidakseen tuotteita ja ratkaisuja k\u00e4ytt\u00e4m\u00e4ll\u00e4 yhteisesti t\u00e4t\u00e4 standardia ja n\u00e4m\u00e4 yritykset ovat varustaneet nyt jo yli miljoona eri rakennusta maailmanlaajuisesti.<\/p>\n\n<p class=\"has-medium-font-size\">EnOceanin patentoima teknologia k\u00e4ytt\u00e4\u00e4 energiankeruuta, jolla signaalin tuottamiseen tarvittava energia saadaan ymp\u00e4rist\u00f6st\u00e4. T\u00e4t\u00e4 tarkoitusta varten k\u00e4ytet\u00e4\u00e4n esimerkiksi kineettisi\u00e4 energianmuuntimia tai aurinkokennoja, jotta voidaan tarjota laitteita, jotka toimivat ilman verkkos\u00e4hk\u00f6\u00e4 ja ovat siten huoltovapaita ja ymp\u00e4rist\u00f6yst\u00e4v\u00e4llist\u00e4 tekniikkaa.<\/p>\n\n<div style=\"height:50px\" aria-hidden=\"true\" class=\"wp-block-spacer\"><\/div>\n\n<figure class=\"wp-block-image size-large\"><img decoding=\"async\" src=\"https:\/\/www.eltako.de\/wp-content\/uploads\/2021\/07\/Fill.m.1-1024x249.jpg\" alt=\"\" class=\"wp-image-35569\"\/><\/figure>\n<div style=\"height:50px\" aria-hidden=\"true\" class=\"wp-block-spacer\"><\/div>\n\n<p><\/p>\n","protected":false},"excerpt":{"rendered":"<p>EnOcean Vuonna 2008, Eltako liittyi EnOcean Allianceen ja siit\u00e4 l\u00e4htien olemme tehneet tiivist\u00e4 yhteisty\u00f6t\u00e4 heid\u00e4n kanssaan. Nyky\u00e4\u00e4n Eltako on yksi suurimmista langattomien EnOcean -tuotteiden tavarantoimittajista markkinoilla. EnOcean GmbH, jonka kotipaikka on Oberhachingissa l\u00e4hell\u00e4 M\u00fcncheni\u00e4, edustaa pitk\u00e4lti akkuvapaata langatonta standardia ja on t\u00e4rke\u00e4 pilari Professional Smart Home -tuotteiden toimitusketjussa. Yli 350 yrityst\u00e4 eri toimialoilta on yhdist\u00e4nyt [&hellip;]<\/p>\n","protected":false},"author":31,"featured_media":23282,"parent":62734,"menu_order":1,"comment_status":"closed","ping_status":"closed","template":"templates\/custom_header.php","meta":{"_acf_changed":false,"footnotes":"","_links_to":"","_links_to_target":""},"class_list":["post-31926","page","type-page","status-publish","has-post-thumbnail","hentry"],"acf":[],"yoast_head":"<!-- This site is optimized with the Yoast SEO plugin v27.2 - https:\/\/yoast.com\/product\/yoast-seo-wordpress\/ -->\n<title>EnOcean &#187; Eltako<\/title>\n<meta name=\"robots\" content=\"index, follow, max-snippet:-1, max-image-preview:large, max-video-preview:-1\" \/>\n<link rel=\"canonical\" href=\"https:\/\/www.eltako.com\/fi\/yritys\/yhteistyoekumppanit-liittoutumat\/enocean\/\" \/>\n<meta property=\"og:locale\" content=\"fi_FI\" \/>\n<meta property=\"og:type\" content=\"article\" \/>\n<meta property=\"og:title\" content=\"EnOcean &#187; Eltako\" \/>\n<meta property=\"og:description\" content=\"EnOcean Vuonna 2008, Eltako liittyi EnOcean Allianceen ja siit\u00e4 l\u00e4htien olemme tehneet tiivist\u00e4 yhteisty\u00f6t\u00e4 heid\u00e4n kanssaan. Nyky\u00e4\u00e4n Eltako on yksi suurimmista langattomien EnOcean -tuotteiden tavarantoimittajista markkinoilla. EnOcean GmbH, jonka kotipaikka on Oberhachingissa l\u00e4hell\u00e4 M\u00fcncheni\u00e4, edustaa pitk\u00e4lti akkuvapaata langatonta standardia ja on t\u00e4rke\u00e4 pilari Professional Smart Home -tuotteiden toimitusketjussa. Yli 350 yrityst\u00e4 eri toimialoilta on yhdist\u00e4nyt [&hellip;]\" \/>\n<meta property=\"og:url\" content=\"https:\/\/www.eltako.com\/fi\/yritys\/yhteistyoekumppanit-liittoutumat\/enocean\/\" \/>\n<meta property=\"og:site_name\" content=\"Eltako\" \/>\n<meta property=\"article:modified_time\" content=\"2022-02-08T13:05:36+00:00\" \/>\n<meta property=\"og:image\" content=\"https:\/\/www.eltako.com\/wp-content\/uploads\/2021\/09\/AdobeStock_134947037.jpeg\" \/>\n\t<meta property=\"og:image:width\" content=\"1920\" \/>\n\t<meta property=\"og:image:height\" content=\"1037\" \/>\n\t<meta property=\"og:image:type\" content=\"image\/jpeg\" \/>\n<meta name=\"twitter:card\" content=\"summary_large_image\" \/>\n<meta name=\"twitter:label1\" content=\"Arvioitu lukuaika\" \/>\n\t<meta name=\"twitter:data1\" content=\"1 minuutti\" \/>\n<script type=\"application\/ld+json\" class=\"yoast-schema-graph\">{\"@context\":\"https:\/\/schema.org\",\"@graph\":[{\"@type\":\"WebPage\",\"@id\":\"https:\/\/www.eltako.com\/fi\/yritys\/yhteistyoekumppanit-liittoutumat\/enocean\/\",\"url\":\"https:\/\/www.eltako.com\/fi\/yritys\/yhteistyoekumppanit-liittoutumat\/enocean\/\",\"name\":\"EnOcean &#187; Eltako\",\"isPartOf\":{\"@id\":\"https:\/\/www.eltako.com\/en\/#website\"},\"primaryImageOfPage\":{\"@id\":\"https:\/\/www.eltako.com\/fi\/yritys\/yhteistyoekumppanit-liittoutumat\/enocean\/#primaryimage\"},\"image\":{\"@id\":\"https:\/\/www.eltako.com\/fi\/yritys\/yhteistyoekumppanit-liittoutumat\/enocean\/#primaryimage\"},\"thumbnailUrl\":\"https:\/\/www.eltako.com\/wp-content\/uploads\/2021\/09\/AdobeStock_134947037.jpeg\",\"datePublished\":\"2022-01-28T16:03:22+00:00\",\"dateModified\":\"2022-02-08T13:05:36+00:00\",\"breadcrumb\":{\"@id\":\"https:\/\/www.eltako.com\/fi\/yritys\/yhteistyoekumppanit-liittoutumat\/enocean\/#breadcrumb\"},\"inLanguage\":\"fi\",\"potentialAction\":[{\"@type\":\"ReadAction\",\"target\":[\"https:\/\/www.eltako.com\/fi\/yritys\/yhteistyoekumppanit-liittoutumat\/enocean\/\"]}]},{\"@type\":\"ImageObject\",\"inLanguage\":\"fi\",\"@id\":\"https:\/\/www.eltako.com\/fi\/yritys\/yhteistyoekumppanit-liittoutumat\/enocean\/#primaryimage\",\"url\":\"https:\/\/www.eltako.com\/wp-content\/uploads\/2021\/09\/AdobeStock_134947037.jpeg\",\"contentUrl\":\"https:\/\/www.eltako.com\/wp-content\/uploads\/2021\/09\/AdobeStock_134947037.jpeg\",\"width\":1920,\"height\":1037},{\"@type\":\"BreadcrumbList\",\"@id\":\"https:\/\/www.eltako.com\/fi\/yritys\/yhteistyoekumppanit-liittoutumat\/enocean\/#breadcrumb\",\"itemListElement\":[{\"@type\":\"ListItem\",\"position\":1,\"name\":\"Kotisivu\",\"item\":\"https:\/\/www.eltako.com\/fi\/\"},{\"@type\":\"ListItem\",\"position\":2,\"name\":\"Yritys\",\"item\":\"https:\/\/www.eltako.com\/fi\/yritys\/\"},{\"@type\":\"ListItem\",\"position\":3,\"name\":\"Kumppanit ja allianssit\",\"item\":\"https:\/\/www.eltako.com\/fi\/yritys\/yhteistyoekumppanit-liittoutumat\/\"},{\"@type\":\"ListItem\",\"position\":4,\"name\":\"EnOcean\"}]},{\"@type\":\"WebSite\",\"@id\":\"https:\/\/www.eltako.com\/en\/#website\",\"url\":\"https:\/\/www.eltako.com\/en\/\",\"name\":\"Eltako\",\"description\":\"Schaltger\u00e4te, Netzteile, Stromz\u00e4hler, Dimmer, Geb\u00e4udeinstallation, Steuerungstechnik, Smart Home-L\u00f6sungen, Geb\u00e4udefunk, EnOcean-Technologie\",\"potentialAction\":[{\"@type\":\"SearchAction\",\"target\":{\"@type\":\"EntryPoint\",\"urlTemplate\":\"https:\/\/www.eltako.com\/en\/?s={search_term_string}\"},\"query-input\":{\"@type\":\"PropertyValueSpecification\",\"valueRequired\":true,\"valueName\":\"search_term_string\"}}],\"inLanguage\":\"fi\"}]}<\/script>\n<!-- \/ Yoast SEO plugin. -->","yoast_head_json":{"title":"EnOcean &#187; Eltako","robots":{"index":"index","follow":"follow","max-snippet":"max-snippet:-1","max-image-preview":"max-image-preview:large","max-video-preview":"max-video-preview:-1"},"canonical":"https:\/\/www.eltako.com\/fi\/yritys\/yhteistyoekumppanit-liittoutumat\/enocean\/","og_locale":"fi_FI","og_type":"article","og_title":"EnOcean &#187; Eltako","og_description":"EnOcean Vuonna 2008, Eltako liittyi EnOcean Allianceen ja siit\u00e4 l\u00e4htien olemme tehneet tiivist\u00e4 yhteisty\u00f6t\u00e4 heid\u00e4n kanssaan. Nyky\u00e4\u00e4n Eltako on yksi suurimmista langattomien EnOcean -tuotteiden tavarantoimittajista markkinoilla. EnOcean GmbH, jonka kotipaikka on Oberhachingissa l\u00e4hell\u00e4 M\u00fcncheni\u00e4, edustaa pitk\u00e4lti akkuvapaata langatonta standardia ja on t\u00e4rke\u00e4 pilari Professional Smart Home -tuotteiden toimitusketjussa. Yli 350 yrityst\u00e4 eri toimialoilta on yhdist\u00e4nyt [&hellip;]","og_url":"https:\/\/www.eltako.com\/fi\/yritys\/yhteistyoekumppanit-liittoutumat\/enocean\/","og_site_name":"Eltako","article_modified_time":"2022-02-08T13:05:36+00:00","og_image":[{"width":1920,"height":1037,"url":"https:\/\/www.eltako.com\/wp-content\/uploads\/2021\/09\/AdobeStock_134947037.jpeg","type":"image\/jpeg"}],"twitter_card":"summary_large_image","twitter_misc":{"Arvioitu lukuaika":"1 minuutti"},"schema":{"@context":"https:\/\/schema.org","@graph":[{"@type":"WebPage","@id":"https:\/\/www.eltako.com\/fi\/yritys\/yhteistyoekumppanit-liittoutumat\/enocean\/","url":"https:\/\/www.eltako.com\/fi\/yritys\/yhteistyoekumppanit-liittoutumat\/enocean\/","name":"EnOcean &#187; Eltako","isPartOf":{"@id":"https:\/\/www.eltako.com\/en\/#website"},"primaryImageOfPage":{"@id":"https:\/\/www.eltako.com\/fi\/yritys\/yhteistyoekumppanit-liittoutumat\/enocean\/#primaryimage"},"image":{"@id":"https:\/\/www.eltako.com\/fi\/yritys\/yhteistyoekumppanit-liittoutumat\/enocean\/#primaryimage"},"thumbnailUrl":"https:\/\/www.eltako.com\/wp-content\/uploads\/2021\/09\/AdobeStock_134947037.jpeg","datePublished":"2022-01-28T16:03:22+00:00","dateModified":"2022-02-08T13:05:36+00:00","breadcrumb":{"@id":"https:\/\/www.eltako.com\/fi\/yritys\/yhteistyoekumppanit-liittoutumat\/enocean\/#breadcrumb"},"inLanguage":"fi","potentialAction":[{"@type":"ReadAction","target":["https:\/\/www.eltako.com\/fi\/yritys\/yhteistyoekumppanit-liittoutumat\/enocean\/"]}]},{"@type":"ImageObject","inLanguage":"fi","@id":"https:\/\/www.eltako.com\/fi\/yritys\/yhteistyoekumppanit-liittoutumat\/enocean\/#primaryimage","url":"https:\/\/www.eltako.com\/wp-content\/uploads\/2021\/09\/AdobeStock_134947037.jpeg","contentUrl":"https:\/\/www.eltako.com\/wp-content\/uploads\/2021\/09\/AdobeStock_134947037.jpeg","width":1920,"height":1037},{"@type":"BreadcrumbList","@id":"https:\/\/www.eltako.com\/fi\/yritys\/yhteistyoekumppanit-liittoutumat\/enocean\/#breadcrumb","itemListElement":[{"@type":"ListItem","position":1,"name":"Kotisivu","item":"https:\/\/www.eltako.com\/fi\/"},{"@type":"ListItem","position":2,"name":"Yritys","item":"https:\/\/www.eltako.com\/fi\/yritys\/"},{"@type":"ListItem","position":3,"name":"Kumppanit ja allianssit","item":"https:\/\/www.eltako.com\/fi\/yritys\/yhteistyoekumppanit-liittoutumat\/"},{"@type":"ListItem","position":4,"name":"EnOcean"}]},{"@type":"WebSite","@id":"https:\/\/www.eltako.com\/en\/#website","url":"https:\/\/www.eltako.com\/en\/","name":"Eltako","description":"Schaltger\u00e4te, Netzteile, Stromz\u00e4hler, Dimmer, Geb\u00e4udeinstallation, Steuerungstechnik, Smart Home-L\u00f6sungen, Geb\u00e4udefunk, EnOcean-Technologie","potentialAction":[{"@type":"SearchAction","target":{"@type":"EntryPoint","urlTemplate":"https:\/\/www.eltako.com\/en\/?s={search_term_string}"},"query-input":{"@type":"PropertyValueSpecification","valueRequired":true,"valueName":"search_term_string"}}],"inLanguage":"fi"}]}},"_links":{"self":[{"href":"https:\/\/www.eltako.com\/fi\/wp-json\/wp\/v2\/pages\/31926","targetHints":{"allow":["GET"]}}],"collection":[{"href":"https:\/\/www.eltako.com\/fi\/wp-json\/wp\/v2\/pages"}],"about":[{"href":"https:\/\/www.eltako.com\/fi\/wp-json\/wp\/v2\/types\/page"}],"author":[{"embeddable":true,"href":"https:\/\/www.eltako.com\/fi\/wp-json\/wp\/v2\/users\/31"}],"replies":[{"embeddable":true,"href":"https:\/\/www.eltako.com\/fi\/wp-json\/wp\/v2\/comments?post=31926"}],"version-history":[{"count":0,"href":"https:\/\/www.eltako.com\/fi\/wp-json\/wp\/v2\/pages\/31926\/revisions"}],"up":[{"embeddable":true,"href":"https:\/\/www.eltako.com\/fi\/wp-json\/wp\/v2\/pages\/62734"}],"wp:featuredmedia":[{"embeddable":true,"href":"https:\/\/www.eltako.com\/fi\/wp-json\/wp\/v2\/media\/23282"}],"wp:attachment":[{"href":"https:\/\/www.eltako.com\/fi\/wp-json\/wp\/v2\/media?parent=31926"}],"curies":[{"name":"wp","href":"https:\/\/api.w.org\/{rel}","templated":true}]}}