{"id":31864,"date":"2022-01-27T00:22:30","date_gmt":"2022-01-26T23:22:30","guid":{"rendered":"https:\/\/betax923lb8kd7v0.eltako.de\/jaelki\/"},"modified":"2025-10-16T16:14:36","modified_gmt":"2025-10-16T14:14:36","slug":"jaelki","status":"publish","type":"page","link":"https:\/\/www.eltako.com\/fi\/jaelki\/","title":{"rendered":"Julkaisutiedot"},"content":{"rendered":"\n<div class=\"wp-block-group\"><div class=\"wp-block-group__inner-container is-layout-flow wp-block-group-is-layout-flow\">\n<div class=\"wp-block-group\"><div class=\"wp-block-group__inner-container is-layout-flow wp-block-group-is-layout-flow\">\n<b>ELTAKO GmbH<\/b><br>\nHofener Stra\u00dfe 54 <br>\n70736 Fellbach<br>\nPuh.: 0711 94350000<br>\nS\u00e4hk\u00f6posti: website@eltako.de<br><br>\nRekister\u00f6intialue: Stuttgart<br>\nRekister\u00f6intinumero: HRB261445<br>\nToimitusjohtaja: Ulrich Ziegler<br>\nMyyntiverotunniste: DE147330893\n<\/div><\/div>\n\n\n\n<p><\/p>\n<\/div><\/div>\n\n\n\n<p><\/p>\n\n\n\n<p>ELTAKO GmbH ei ole vastuussa mist\u00e4\u00e4n sis\u00e4ll\u00f6st\u00e4, johon n\u00e4ill\u00e4 sivuilla on linkitetty tai viitattu &#8211; ellei ELTAKO GmbH ole t\u00e4ysin tietoinen laittomasta sis\u00e4ll\u00f6st\u00e4 ja pystyisi est\u00e4m\u00e4\u00e4n sivustonsa vierailijoita katsomasta kyseisi\u00e4 sivuja. ELTAKO GmbH vakuuttaa t\u00e4ten nimenomaisesti, ett\u00e4 linkkien luomishetkell\u00e4 linkitetyill\u00e4 sivuilla ei ollut havaittavissa laitonta sis\u00e4lt\u00f6\u00e4. ELTAKO GmbH:lla ei ole vaikutusta linkitettyjen sivujen nykyiseen ja tulevaan suunnitteluun, sis\u00e4lt\u00f6\u00f6n tai tekij\u00e4\u00e4n.<\/p>\n\n\n\n<p>Siksi se erottaa itsens\u00e4 t\u00e4ten nimenomaisesti kaikkien linkitettyjen puolien kaikesta sis\u00e4ll\u00f6st\u00e4, jota on muutettu linkin asettamisen j\u00e4lkeen.<\/p>\n\n\n\n<p>Laittomasta, virheellisest\u00e4 tai puutteellisesta sis\u00e4ll\u00f6st\u00e4 ja erityisesti t\u00e4llaisten tietojen k\u00e4yt\u00f6st\u00e4 tai k\u00e4ytt\u00e4m\u00e4tt\u00e4 j\u00e4tt\u00e4misest\u00e4 aiheutuneista vahingoista on vastuussa vain mainitun sivuston tarjoaja, ei se, joka on linkitt\u00e4nyt kyseiseen julkaisuun.<\/p>\n\n\n\n<p><a href=\"https:\/\/www.take-e-way.de\/leistungen\/elektrogesetz-weee-elektrog\/berichts-informationspflichten\/\">Tiedotusvelvollisuudet \u00a718 Abs. 2 S\u00e4hk\u00f6- ja elektroniikkalaitelaki<\/a><\/p>\n\n\n\n<p><\/p>\n\n\n\n<p>Akkujen rekister\u00f6intinumero: DE 36818306<\/p>\n\n\n\n<div class=\"wp-block-buttons is-layout-flex wp-block-buttons-is-layout-flex\">\n<div class=\"wp-block-button\"><a class=\"wp-block-button__link has-background wp-element-button\" href=\"\/wp-content\/uploads\/2022\/11\/catalog_saehkoetuotteiden_fin.pdf\" style=\"border-radius:0px;background-color:#0063af\">Takuu ja takuu (PDF)<\/a><\/div>\n<\/div>\n\n\n\n<p><\/p>\n","protected":false},"excerpt":{"rendered":"<p>ELTAKO GmbH Hofener Stra\u00dfe 54 70736 Fellbach Puh.: 0711 94350000 S\u00e4hk\u00f6posti: website@eltako.de Rekister\u00f6intialue: Stuttgart Rekister\u00f6intinumero: HRB261445 Toimitusjohtaja: Ulrich Ziegler Myyntiverotunniste: DE147330893 ELTAKO GmbH ei ole vastuussa mist\u00e4\u00e4n sis\u00e4ll\u00f6st\u00e4, johon n\u00e4ill\u00e4 sivuilla on linkitetty tai viitattu &#8211; ellei ELTAKO GmbH ole t\u00e4ysin tietoinen laittomasta sis\u00e4ll\u00f6st\u00e4 ja pystyisi est\u00e4m\u00e4\u00e4n sivustonsa vierailijoita katsomasta kyseisi\u00e4 sivuja. ELTAKO GmbH vakuuttaa [&hellip;]<\/p>\n","protected":false},"author":31,"featured_media":0,"parent":0,"menu_order":0,"comment_status":"closed","ping_status":"closed","template":"","meta":{"_acf_changed":false,"footnotes":"","_links_to":"","_links_to_target":""},"class_list":["post-31864","page","type-page","status-publish","hentry"],"acf":[],"yoast_head":"<!-- This site is optimized with the Yoast SEO plugin v27.2 - https:\/\/yoast.com\/product\/yoast-seo-wordpress\/ -->\n<title>Julkaisutiedot &#187; Eltako<\/title>\n<meta name=\"robots\" content=\"index, follow, max-snippet:-1, max-image-preview:large, max-video-preview:-1\" \/>\n<link rel=\"canonical\" href=\"https:\/\/www.eltako.com\/fi\/jaelki\/\" \/>\n<meta property=\"og:locale\" content=\"fi_FI\" \/>\n<meta property=\"og:type\" content=\"article\" \/>\n<meta property=\"og:title\" content=\"Julkaisutiedot &#187; Eltako\" \/>\n<meta property=\"og:description\" content=\"ELTAKO GmbH Hofener Stra\u00dfe 54 70736 Fellbach Puh.: 0711 94350000 S\u00e4hk\u00f6posti: website@eltako.de Rekister\u00f6intialue: Stuttgart Rekister\u00f6intinumero: HRB261445 Toimitusjohtaja: Ulrich Ziegler Myyntiverotunniste: DE147330893 ELTAKO GmbH ei ole vastuussa mist\u00e4\u00e4n sis\u00e4ll\u00f6st\u00e4, johon n\u00e4ill\u00e4 sivuilla on linkitetty tai viitattu &#8211; ellei ELTAKO GmbH ole t\u00e4ysin tietoinen laittomasta sis\u00e4ll\u00f6st\u00e4 ja pystyisi est\u00e4m\u00e4\u00e4n sivustonsa vierailijoita katsomasta kyseisi\u00e4 sivuja. ELTAKO GmbH vakuuttaa [&hellip;]\" \/>\n<meta property=\"og:url\" content=\"https:\/\/www.eltako.com\/fi\/jaelki\/\" \/>\n<meta property=\"og:site_name\" content=\"Eltako\" \/>\n<meta property=\"article:modified_time\" content=\"2025-10-16T14:14:36+00:00\" \/>\n<meta name=\"twitter:card\" content=\"summary_large_image\" \/>\n<meta name=\"twitter:label1\" content=\"Arvioitu lukuaika\" \/>\n\t<meta name=\"twitter:data1\" content=\"1 minuutti\" \/>\n<script type=\"application\/ld+json\" class=\"yoast-schema-graph\">{\"@context\":\"https:\/\/schema.org\",\"@graph\":[{\"@type\":\"WebPage\",\"@id\":\"https:\/\/www.eltako.com\/fi\/jaelki\/\",\"url\":\"https:\/\/www.eltako.com\/fi\/jaelki\/\",\"name\":\"Julkaisutiedot &#187; Eltako\",\"isPartOf\":{\"@id\":\"https:\/\/www.eltako.com\/en\/#website\"},\"datePublished\":\"2022-01-26T23:22:30+00:00\",\"dateModified\":\"2025-10-16T14:14:36+00:00\",\"breadcrumb\":{\"@id\":\"https:\/\/www.eltako.com\/fi\/jaelki\/#breadcrumb\"},\"inLanguage\":\"fi\",\"potentialAction\":[{\"@type\":\"ReadAction\",\"target\":[\"https:\/\/www.eltako.com\/fi\/jaelki\/\"]}]},{\"@type\":\"BreadcrumbList\",\"@id\":\"https:\/\/www.eltako.com\/fi\/jaelki\/#breadcrumb\",\"itemListElement\":[{\"@type\":\"ListItem\",\"position\":1,\"name\":\"Kotisivu\",\"item\":\"https:\/\/www.eltako.com\/fi\/\"},{\"@type\":\"ListItem\",\"position\":2,\"name\":\"Julkaisutiedot\"}]},{\"@type\":\"WebSite\",\"@id\":\"https:\/\/www.eltako.com\/en\/#website\",\"url\":\"https:\/\/www.eltako.com\/en\/\",\"name\":\"Eltako\",\"description\":\"Schaltger\u00e4te, Netzteile, Stromz\u00e4hler, Dimmer, Geb\u00e4udeinstallation, Steuerungstechnik, Smart Home-L\u00f6sungen, Geb\u00e4udefunk, EnOcean-Technologie\",\"potentialAction\":[{\"@type\":\"SearchAction\",\"target\":{\"@type\":\"EntryPoint\",\"urlTemplate\":\"https:\/\/www.eltako.com\/en\/?s={search_term_string}\"},\"query-input\":{\"@type\":\"PropertyValueSpecification\",\"valueRequired\":true,\"valueName\":\"search_term_string\"}}],\"inLanguage\":\"fi\"}]}<\/script>\n<!-- \/ Yoast SEO plugin. -->","yoast_head_json":{"title":"Julkaisutiedot &#187; Eltako","robots":{"index":"index","follow":"follow","max-snippet":"max-snippet:-1","max-image-preview":"max-image-preview:large","max-video-preview":"max-video-preview:-1"},"canonical":"https:\/\/www.eltako.com\/fi\/jaelki\/","og_locale":"fi_FI","og_type":"article","og_title":"Julkaisutiedot &#187; Eltako","og_description":"ELTAKO GmbH Hofener Stra\u00dfe 54 70736 Fellbach Puh.: 0711 94350000 S\u00e4hk\u00f6posti: website@eltako.de Rekister\u00f6intialue: Stuttgart Rekister\u00f6intinumero: HRB261445 Toimitusjohtaja: Ulrich Ziegler Myyntiverotunniste: DE147330893 ELTAKO GmbH ei ole vastuussa mist\u00e4\u00e4n sis\u00e4ll\u00f6st\u00e4, johon n\u00e4ill\u00e4 sivuilla on linkitetty tai viitattu &#8211; ellei ELTAKO GmbH ole t\u00e4ysin tietoinen laittomasta sis\u00e4ll\u00f6st\u00e4 ja pystyisi est\u00e4m\u00e4\u00e4n sivustonsa vierailijoita katsomasta kyseisi\u00e4 sivuja. ELTAKO GmbH vakuuttaa [&hellip;]","og_url":"https:\/\/www.eltako.com\/fi\/jaelki\/","og_site_name":"Eltako","article_modified_time":"2025-10-16T14:14:36+00:00","twitter_card":"summary_large_image","twitter_misc":{"Arvioitu lukuaika":"1 minuutti"},"schema":{"@context":"https:\/\/schema.org","@graph":[{"@type":"WebPage","@id":"https:\/\/www.eltako.com\/fi\/jaelki\/","url":"https:\/\/www.eltako.com\/fi\/jaelki\/","name":"Julkaisutiedot &#187; Eltako","isPartOf":{"@id":"https:\/\/www.eltako.com\/en\/#website"},"datePublished":"2022-01-26T23:22:30+00:00","dateModified":"2025-10-16T14:14:36+00:00","breadcrumb":{"@id":"https:\/\/www.eltako.com\/fi\/jaelki\/#breadcrumb"},"inLanguage":"fi","potentialAction":[{"@type":"ReadAction","target":["https:\/\/www.eltako.com\/fi\/jaelki\/"]}]},{"@type":"BreadcrumbList","@id":"https:\/\/www.eltako.com\/fi\/jaelki\/#breadcrumb","itemListElement":[{"@type":"ListItem","position":1,"name":"Kotisivu","item":"https:\/\/www.eltako.com\/fi\/"},{"@type":"ListItem","position":2,"name":"Julkaisutiedot"}]},{"@type":"WebSite","@id":"https:\/\/www.eltako.com\/en\/#website","url":"https:\/\/www.eltako.com\/en\/","name":"Eltako","description":"Schaltger\u00e4te, Netzteile, Stromz\u00e4hler, Dimmer, Geb\u00e4udeinstallation, Steuerungstechnik, Smart Home-L\u00f6sungen, Geb\u00e4udefunk, EnOcean-Technologie","potentialAction":[{"@type":"SearchAction","target":{"@type":"EntryPoint","urlTemplate":"https:\/\/www.eltako.com\/en\/?s={search_term_string}"},"query-input":{"@type":"PropertyValueSpecification","valueRequired":true,"valueName":"search_term_string"}}],"inLanguage":"fi"}]}},"_links":{"self":[{"href":"https:\/\/www.eltako.com\/fi\/wp-json\/wp\/v2\/pages\/31864","targetHints":{"allow":["GET"]}}],"collection":[{"href":"https:\/\/www.eltako.com\/fi\/wp-json\/wp\/v2\/pages"}],"about":[{"href":"https:\/\/www.eltako.com\/fi\/wp-json\/wp\/v2\/types\/page"}],"author":[{"embeddable":true,"href":"https:\/\/www.eltako.com\/fi\/wp-json\/wp\/v2\/users\/31"}],"replies":[{"embeddable":true,"href":"https:\/\/www.eltako.com\/fi\/wp-json\/wp\/v2\/comments?post=31864"}],"version-history":[{"count":4,"href":"https:\/\/www.eltako.com\/fi\/wp-json\/wp\/v2\/pages\/31864\/revisions"}],"predecessor-version":[{"id":147467,"href":"https:\/\/www.eltako.com\/fi\/wp-json\/wp\/v2\/pages\/31864\/revisions\/147467"}],"wp:attachment":[{"href":"https:\/\/www.eltako.com\/fi\/wp-json\/wp\/v2\/media?parent=31864"}],"curies":[{"name":"wp","href":"https:\/\/api.w.org\/{rel}","templated":true}]}}