{"id":31834,"date":"2022-01-26T22:20:55","date_gmt":"2022-01-26T21:20:55","guid":{"rendered":"https:\/\/betax923lb8kd7v0.eltako.de\/mediola\/"},"modified":"2022-02-17T10:38:35","modified_gmt":"2022-02-17T09:38:35","slug":"mediola","status":"publish","type":"page","link":"https:\/\/www.eltako.com\/fi\/yritys\/yhteistyoekumppanit-liittoutumat\/mediola\/","title":{"rendered":"Mediola"},"content":{"rendered":"\n<div style=\"height:40px\" aria-hidden=\"true\" class=\"wp-block-spacer\"><\/div>\n\n<p class=\"has-medium-font-size\">Eltakon ja mediolan\u00ae yhteisty\u00f6 yhdist\u00e4\u00e4 molempien yritysten vahvuudet ja t\u00e4ten saadaan irti paras kummankin osaamisesta. Resursseja s\u00e4\u00e4styy molemmin puolin, jolloin saavutetaan optimaalinen tuote optimaaliseen hintaan asiakkaillemme.<\/p>\n\n<div style=\"height:40px\" aria-hidden=\"true\" class=\"wp-block-spacer\"><\/div>\n\n<figure class=\"wp-block-image size-large\"><img decoding=\"async\" width=\"1024\" height=\"455\" src=\"https:\/\/prod.wxccizj.de\/wp-content\/uploads\/2021\/09\/Bild-2-1024x455.png\" alt=\"\" class=\"wp-image-23394\" srcset=\"https:\/\/www.eltako.com\/wp-content\/uploads\/2021\/09\/Bild-2-1024x455.png 1024w, https:\/\/www.eltako.com\/wp-content\/uploads\/2021\/09\/Bild-2-300x133.png 300w, https:\/\/www.eltako.com\/wp-content\/uploads\/2021\/09\/Bild-2-768x341.png 768w, https:\/\/www.eltako.com\/wp-content\/uploads\/2021\/09\/Bild-2-1536x683.png 1536w, https:\/\/www.eltako.com\/wp-content\/uploads\/2021\/09\/Bild-2-600x267.png 600w, https:\/\/www.eltako.com\/wp-content\/uploads\/2021\/09\/Bild-2.png 1800w\" sizes=\"(max-width: 1024px) 100vw, 1024px\" \/><\/figure>\n<div style=\"height:40px\" aria-hidden=\"true\" class=\"wp-block-spacer\"><\/div>\n\n<h3 class=\"wp-block-heading\" id=\"wer-ist-mediola\"><strong>Mik\u00e4 on mediola\u00ae?<\/strong><\/h3>\n\n<p class=\"has-medium-font-size\">mediola\u00ae valmistaa IoT-ratkaisuja ja \u00e4lykotien ohjaimia, joita eri br\u00e4ndien ja toimialojen asiakkaat voivat k\u00e4ytt\u00e4\u00e4. Heid\u00e4n j\u00e4rjestelm\u00e4ns\u00e4 avulla useiden eri valmistajien erilaiset laitteet voidaan yhdist\u00e4\u00e4 samaan asennukseen t\u00e4ydent\u00e4m\u00e4\u00e4n toisiaan. T\u00e4m\u00e4 s\u00e4\u00e4st\u00e4\u00e4 aikaa ja rahaa ja asiakas pysyy itsen\u00e4isen\u00e4 tuotteiden valmistajaa valitessaan. Yritys perustettiin Frankfurtissa vuonna 2007 ja sill\u00e4 on t\u00e4ll\u00e4 hetkell\u00e4 markkinoilla 2 erilaista sovellusta: IQONTROL NEO -sovellus on valmis, intuitiivinen ja helppok\u00e4ytt\u00f6inen, kun taas AIO CREATOR NEO -sovellus sopii ammattimaisempaan k\u00e4ytt\u00f6\u00f6n, se on joustavasti s\u00e4\u00e4delt\u00e4v\u00e4 ja tarjoaa t\u00e4ysin yksil\u00f6it\u00e4v\u00e4n k\u00e4ytt\u00f6liittym\u00e4n.<\/p>\n\n<div style=\"height:40px\" aria-hidden=\"true\" class=\"wp-block-spacer\"><\/div>\n\n<figure class=\"wp-block-image size-large\"><img decoding=\"async\" width=\"1024\" height=\"455\" src=\"https:\/\/prod.wxccizj.de\/wp-content\/uploads\/2021\/09\/Bild-3-1024x455.png\" alt=\"\" class=\"wp-image-23408\" srcset=\"https:\/\/www.eltako.com\/wp-content\/uploads\/2021\/09\/Bild-3-1024x455.png 1024w, https:\/\/www.eltako.com\/wp-content\/uploads\/2021\/09\/Bild-3-300x133.png 300w, https:\/\/www.eltako.com\/wp-content\/uploads\/2021\/09\/Bild-3-768x341.png 768w, https:\/\/www.eltako.com\/wp-content\/uploads\/2021\/09\/Bild-3-1536x683.png 1536w, https:\/\/www.eltako.com\/wp-content\/uploads\/2021\/09\/Bild-3-600x267.png 600w, https:\/\/www.eltako.com\/wp-content\/uploads\/2021\/09\/Bild-3.png 1800w\" sizes=\"(max-width: 1024px) 100vw, 1024px\" \/><\/figure>\n<div style=\"height:40px\" aria-hidden=\"true\" class=\"wp-block-spacer\"><\/div>\n\n<h3 class=\"wp-block-heading\" id=\"eltako-und-mediola\"><strong>Eltako ja mediola\u00ae<\/strong><\/h3>\n\n<p class=\"has-medium-font-size\">Ammattitaitomme rakentamisen asiantuntijana ja Mediolan valmistajasta riippumattomat \u00e4lykotiratkaisut mahdollistavat tuotteidemme yhdist\u00e4misen muiden valmistajien ja toimialojen tuotteisiin ja tarjoavat asiakkaille laajan valikoiman erilaisia k\u00e4ytt\u00f6kohteita.<\/p>\n\n<p class=\"has-medium-font-size\">T\u00e4m\u00e4 luo all-in-one \u00e4lykotij\u00e4rjestelm\u00e4n, jolla jokaista kotia voidaan ohjata ja automatisoida \u00e4lykk\u00e4\u00e4sti.<\/p>\n\n<p class=\"has-medium-font-size\">Uusi MiniSafe2 yhdess\u00e4 uuden GFA5-sovelluksen kanssa on t\u00e4m\u00e4n yhteisty\u00f6n ensimm\u00e4inen tulos. Ihanteellinen \u00e4lykotiohjain Eltakon tuotemaailmaan ja intuitiivinen sovellus sen k\u00e4ytt\u00f6\u00f6n. N\u00e4in voit tehd\u00e4 mist\u00e4 tahansa kodista \u00e4lykodin, ilman erityistaitoja!<\/p>\n\n<div style=\"height:40px\" aria-hidden=\"true\" class=\"wp-block-spacer\"><\/div>\n\n<figure class=\"wp-block-image size-large\"><img decoding=\"async\" width=\"1024\" height=\"455\" src=\"https:\/\/prod.wxccizj.de\/wp-content\/uploads\/2021\/09\/Bild-5-1024x455.png\" alt=\"\" class=\"wp-image-23417\" srcset=\"https:\/\/www.eltako.com\/wp-content\/uploads\/2021\/09\/Bild-5-1024x455.png 1024w, https:\/\/www.eltako.com\/wp-content\/uploads\/2021\/09\/Bild-5-300x133.png 300w, https:\/\/www.eltako.com\/wp-content\/uploads\/2021\/09\/Bild-5-768x341.png 768w, https:\/\/www.eltako.com\/wp-content\/uploads\/2021\/09\/Bild-5-1536x683.png 1536w, https:\/\/www.eltako.com\/wp-content\/uploads\/2021\/09\/Bild-5-600x267.png 600w, https:\/\/www.eltako.com\/wp-content\/uploads\/2021\/09\/Bild-5.png 1800w\" sizes=\"(max-width: 1024px) 100vw, 1024px\" \/><\/figure>\n<div style=\"height:40px\" aria-hidden=\"true\" class=\"wp-block-spacer\"><\/div>\n\n<h3 class=\"wp-block-heading\" id=\"social-media-prasenz-und-neue-informationen\"><strong>Sosiaalisessa mediassa l\u00e4sn\u00e4olo ja uutta tietoa:<\/strong><\/h3>\n\n<p class=\"has-medium-font-size\">Instagramissa, Facebookissa, YouTubessa on s\u00e4\u00e4nn\u00f6llisesti p\u00e4ivityksi\u00e4 eri aiheista ja siksi aina my\u00f6s jotain uutta yhteisty\u00f6st\u00e4mme mediola\u00ae:n kanssa.<\/p>\n\n<p class=\"has-medium-font-size\">T\u00e4m\u00e4 linkki vie sinut sivuillemme\n\n\n <a href=\"#newsletter-modal\" data-toggle=\"modal\" data-target=\"#newsletter-modal\"><span>Uutiskirje<\/span><\/a>\n\n T\u00e4\u00e4lt\u00e4 voit lukea lis\u00e4\u00e4 yhteisty\u00f6st\u00e4:<\/p>\n\n<p class=\"has-medium-font-size\">Jos haluat tiet\u00e4\u00e4 lis\u00e4\u00e4 mediolasta\u00ae:<\/p>\n\n<p class=\"has-medium-font-size\"><a href=\"https:\/\/www.mediola.com\">https:\/\/www.mediola.com <\/a><\/p>\n\n<p class=\"has-medium-font-size\"><a href=\"https:\/\/www.mediola.com\/eltako-mit-mediola-steuern\">https:\/\/www.mediola.com\/eltako-mit-mediola-steuern<\/a><\/p>\n\n<p class=\"has-medium-font-size\">Seuraa meit\u00e4 <a href=\"https:\/\/www.instagram.com\/eltako_official\/?hl=en\">Instagramissa<\/a> ja <a href=\"https:\/\/www.facebook.com\/eltakoofficial\/\">Facebookissa<\/a> , \u00e4l\u00e4 missaa julkaisujamme!<\/p>\n","protected":false},"excerpt":{"rendered":"<p>Eltakon ja mediolan\u00ae yhteisty\u00f6 yhdist\u00e4\u00e4 molempien yritysten vahvuudet ja t\u00e4ten saadaan irti paras kummankin osaamisesta. Resursseja s\u00e4\u00e4styy molemmin puolin, jolloin saavutetaan optimaalinen tuote optimaaliseen hintaan asiakkaillemme. Mik\u00e4 on mediola\u00ae? mediola\u00ae valmistaa IoT-ratkaisuja ja \u00e4lykotien ohjaimia, joita eri br\u00e4ndien ja toimialojen asiakkaat voivat k\u00e4ytt\u00e4\u00e4. Heid\u00e4n j\u00e4rjestelm\u00e4ns\u00e4 avulla useiden eri valmistajien erilaiset laitteet voidaan yhdist\u00e4\u00e4 samaan asennukseen [&hellip;]<\/p>\n","protected":false},"author":31,"featured_media":23383,"parent":62734,"menu_order":5,"comment_status":"closed","ping_status":"closed","template":"templates\/custom_header.php","meta":{"_acf_changed":false,"footnotes":"","_links_to":"","_links_to_target":""},"class_list":["post-31834","page","type-page","status-publish","has-post-thumbnail","hentry"],"acf":[],"yoast_head":"<!-- This site is optimized with the Yoast SEO plugin v27.2 - https:\/\/yoast.com\/product\/yoast-seo-wordpress\/ -->\n<title>Mediola &#187; Eltako<\/title>\n<meta name=\"robots\" content=\"index, follow, max-snippet:-1, max-image-preview:large, max-video-preview:-1\" \/>\n<link rel=\"canonical\" href=\"https:\/\/www.eltako.com\/fi\/yritys\/yhteistyoekumppanit-liittoutumat\/mediola\/\" \/>\n<meta property=\"og:locale\" content=\"fi_FI\" \/>\n<meta property=\"og:type\" content=\"article\" \/>\n<meta property=\"og:title\" content=\"Mediola &#187; Eltako\" \/>\n<meta property=\"og:description\" content=\"Eltakon ja mediolan\u00ae yhteisty\u00f6 yhdist\u00e4\u00e4 molempien yritysten vahvuudet ja t\u00e4ten saadaan irti paras kummankin osaamisesta. Resursseja s\u00e4\u00e4styy molemmin puolin, jolloin saavutetaan optimaalinen tuote optimaaliseen hintaan asiakkaillemme. Mik\u00e4 on mediola\u00ae? mediola\u00ae valmistaa IoT-ratkaisuja ja \u00e4lykotien ohjaimia, joita eri br\u00e4ndien ja toimialojen asiakkaat voivat k\u00e4ytt\u00e4\u00e4. Heid\u00e4n j\u00e4rjestelm\u00e4ns\u00e4 avulla useiden eri valmistajien erilaiset laitteet voidaan yhdist\u00e4\u00e4 samaan asennukseen [&hellip;]\" \/>\n<meta property=\"og:url\" content=\"https:\/\/www.eltako.com\/fi\/yritys\/yhteistyoekumppanit-liittoutumat\/mediola\/\" \/>\n<meta property=\"og:site_name\" content=\"Eltako\" \/>\n<meta property=\"article:modified_time\" content=\"2022-02-17T09:38:35+00:00\" \/>\n<meta property=\"og:image\" content=\"https:\/\/www.eltako.com\/wp-content\/uploads\/2021\/09\/mediola.jpg\" \/>\n\t<meta property=\"og:image:width\" content=\"1366\" \/>\n\t<meta property=\"og:image:height\" content=\"752\" \/>\n\t<meta property=\"og:image:type\" content=\"image\/jpeg\" \/>\n<meta name=\"twitter:card\" content=\"summary_large_image\" \/>\n<meta name=\"twitter:label1\" content=\"Arvioitu lukuaika\" \/>\n\t<meta name=\"twitter:data1\" content=\"1 minuutti\" \/>\n<script type=\"application\/ld+json\" class=\"yoast-schema-graph\">{\"@context\":\"https:\/\/schema.org\",\"@graph\":[{\"@type\":\"WebPage\",\"@id\":\"https:\/\/www.eltako.com\/fi\/yritys\/yhteistyoekumppanit-liittoutumat\/mediola\/\",\"url\":\"https:\/\/www.eltako.com\/fi\/yritys\/yhteistyoekumppanit-liittoutumat\/mediola\/\",\"name\":\"Mediola &#187; Eltako\",\"isPartOf\":{\"@id\":\"https:\/\/www.eltako.com\/en\/#website\"},\"primaryImageOfPage\":{\"@id\":\"https:\/\/www.eltako.com\/fi\/yritys\/yhteistyoekumppanit-liittoutumat\/mediola\/#primaryimage\"},\"image\":{\"@id\":\"https:\/\/www.eltako.com\/fi\/yritys\/yhteistyoekumppanit-liittoutumat\/mediola\/#primaryimage\"},\"thumbnailUrl\":\"https:\/\/www.eltako.com\/wp-content\/uploads\/2021\/09\/mediola.jpg\",\"datePublished\":\"2022-01-26T21:20:55+00:00\",\"dateModified\":\"2022-02-17T09:38:35+00:00\",\"breadcrumb\":{\"@id\":\"https:\/\/www.eltako.com\/fi\/yritys\/yhteistyoekumppanit-liittoutumat\/mediola\/#breadcrumb\"},\"inLanguage\":\"fi\",\"potentialAction\":[{\"@type\":\"ReadAction\",\"target\":[\"https:\/\/www.eltako.com\/fi\/yritys\/yhteistyoekumppanit-liittoutumat\/mediola\/\"]}]},{\"@type\":\"ImageObject\",\"inLanguage\":\"fi\",\"@id\":\"https:\/\/www.eltako.com\/fi\/yritys\/yhteistyoekumppanit-liittoutumat\/mediola\/#primaryimage\",\"url\":\"https:\/\/www.eltako.com\/wp-content\/uploads\/2021\/09\/mediola.jpg\",\"contentUrl\":\"https:\/\/www.eltako.com\/wp-content\/uploads\/2021\/09\/mediola.jpg\",\"width\":1366,\"height\":752},{\"@type\":\"BreadcrumbList\",\"@id\":\"https:\/\/www.eltako.com\/fi\/yritys\/yhteistyoekumppanit-liittoutumat\/mediola\/#breadcrumb\",\"itemListElement\":[{\"@type\":\"ListItem\",\"position\":1,\"name\":\"Kotisivu\",\"item\":\"https:\/\/www.eltako.com\/fi\/\"},{\"@type\":\"ListItem\",\"position\":2,\"name\":\"Yritys\",\"item\":\"https:\/\/www.eltako.com\/fi\/yritys\/\"},{\"@type\":\"ListItem\",\"position\":3,\"name\":\"Kumppanit ja allianssit\",\"item\":\"https:\/\/www.eltako.com\/fi\/yritys\/yhteistyoekumppanit-liittoutumat\/\"},{\"@type\":\"ListItem\",\"position\":4,\"name\":\"Mediola\"}]},{\"@type\":\"WebSite\",\"@id\":\"https:\/\/www.eltako.com\/en\/#website\",\"url\":\"https:\/\/www.eltako.com\/en\/\",\"name\":\"Eltako\",\"description\":\"Schaltger\u00e4te, Netzteile, Stromz\u00e4hler, Dimmer, Geb\u00e4udeinstallation, Steuerungstechnik, Smart Home-L\u00f6sungen, Geb\u00e4udefunk, EnOcean-Technologie\",\"potentialAction\":[{\"@type\":\"SearchAction\",\"target\":{\"@type\":\"EntryPoint\",\"urlTemplate\":\"https:\/\/www.eltako.com\/en\/?s={search_term_string}\"},\"query-input\":{\"@type\":\"PropertyValueSpecification\",\"valueRequired\":true,\"valueName\":\"search_term_string\"}}],\"inLanguage\":\"fi\"}]}<\/script>\n<!-- \/ Yoast SEO plugin. -->","yoast_head_json":{"title":"Mediola &#187; Eltako","robots":{"index":"index","follow":"follow","max-snippet":"max-snippet:-1","max-image-preview":"max-image-preview:large","max-video-preview":"max-video-preview:-1"},"canonical":"https:\/\/www.eltako.com\/fi\/yritys\/yhteistyoekumppanit-liittoutumat\/mediola\/","og_locale":"fi_FI","og_type":"article","og_title":"Mediola &#187; Eltako","og_description":"Eltakon ja mediolan\u00ae yhteisty\u00f6 yhdist\u00e4\u00e4 molempien yritysten vahvuudet ja t\u00e4ten saadaan irti paras kummankin osaamisesta. Resursseja s\u00e4\u00e4styy molemmin puolin, jolloin saavutetaan optimaalinen tuote optimaaliseen hintaan asiakkaillemme. Mik\u00e4 on mediola\u00ae? mediola\u00ae valmistaa IoT-ratkaisuja ja \u00e4lykotien ohjaimia, joita eri br\u00e4ndien ja toimialojen asiakkaat voivat k\u00e4ytt\u00e4\u00e4. Heid\u00e4n j\u00e4rjestelm\u00e4ns\u00e4 avulla useiden eri valmistajien erilaiset laitteet voidaan yhdist\u00e4\u00e4 samaan asennukseen [&hellip;]","og_url":"https:\/\/www.eltako.com\/fi\/yritys\/yhteistyoekumppanit-liittoutumat\/mediola\/","og_site_name":"Eltako","article_modified_time":"2022-02-17T09:38:35+00:00","og_image":[{"width":1366,"height":752,"url":"https:\/\/www.eltako.com\/wp-content\/uploads\/2021\/09\/mediola.jpg","type":"image\/jpeg"}],"twitter_card":"summary_large_image","twitter_misc":{"Arvioitu lukuaika":"1 minuutti"},"schema":{"@context":"https:\/\/schema.org","@graph":[{"@type":"WebPage","@id":"https:\/\/www.eltako.com\/fi\/yritys\/yhteistyoekumppanit-liittoutumat\/mediola\/","url":"https:\/\/www.eltako.com\/fi\/yritys\/yhteistyoekumppanit-liittoutumat\/mediola\/","name":"Mediola &#187; Eltako","isPartOf":{"@id":"https:\/\/www.eltako.com\/en\/#website"},"primaryImageOfPage":{"@id":"https:\/\/www.eltako.com\/fi\/yritys\/yhteistyoekumppanit-liittoutumat\/mediola\/#primaryimage"},"image":{"@id":"https:\/\/www.eltako.com\/fi\/yritys\/yhteistyoekumppanit-liittoutumat\/mediola\/#primaryimage"},"thumbnailUrl":"https:\/\/www.eltako.com\/wp-content\/uploads\/2021\/09\/mediola.jpg","datePublished":"2022-01-26T21:20:55+00:00","dateModified":"2022-02-17T09:38:35+00:00","breadcrumb":{"@id":"https:\/\/www.eltako.com\/fi\/yritys\/yhteistyoekumppanit-liittoutumat\/mediola\/#breadcrumb"},"inLanguage":"fi","potentialAction":[{"@type":"ReadAction","target":["https:\/\/www.eltako.com\/fi\/yritys\/yhteistyoekumppanit-liittoutumat\/mediola\/"]}]},{"@type":"ImageObject","inLanguage":"fi","@id":"https:\/\/www.eltako.com\/fi\/yritys\/yhteistyoekumppanit-liittoutumat\/mediola\/#primaryimage","url":"https:\/\/www.eltako.com\/wp-content\/uploads\/2021\/09\/mediola.jpg","contentUrl":"https:\/\/www.eltako.com\/wp-content\/uploads\/2021\/09\/mediola.jpg","width":1366,"height":752},{"@type":"BreadcrumbList","@id":"https:\/\/www.eltako.com\/fi\/yritys\/yhteistyoekumppanit-liittoutumat\/mediola\/#breadcrumb","itemListElement":[{"@type":"ListItem","position":1,"name":"Kotisivu","item":"https:\/\/www.eltako.com\/fi\/"},{"@type":"ListItem","position":2,"name":"Yritys","item":"https:\/\/www.eltako.com\/fi\/yritys\/"},{"@type":"ListItem","position":3,"name":"Kumppanit ja allianssit","item":"https:\/\/www.eltako.com\/fi\/yritys\/yhteistyoekumppanit-liittoutumat\/"},{"@type":"ListItem","position":4,"name":"Mediola"}]},{"@type":"WebSite","@id":"https:\/\/www.eltako.com\/en\/#website","url":"https:\/\/www.eltako.com\/en\/","name":"Eltako","description":"Schaltger\u00e4te, Netzteile, Stromz\u00e4hler, Dimmer, Geb\u00e4udeinstallation, Steuerungstechnik, Smart Home-L\u00f6sungen, Geb\u00e4udefunk, EnOcean-Technologie","potentialAction":[{"@type":"SearchAction","target":{"@type":"EntryPoint","urlTemplate":"https:\/\/www.eltako.com\/en\/?s={search_term_string}"},"query-input":{"@type":"PropertyValueSpecification","valueRequired":true,"valueName":"search_term_string"}}],"inLanguage":"fi"}]}},"_links":{"self":[{"href":"https:\/\/www.eltako.com\/fi\/wp-json\/wp\/v2\/pages\/31834","targetHints":{"allow":["GET"]}}],"collection":[{"href":"https:\/\/www.eltako.com\/fi\/wp-json\/wp\/v2\/pages"}],"about":[{"href":"https:\/\/www.eltako.com\/fi\/wp-json\/wp\/v2\/types\/page"}],"author":[{"embeddable":true,"href":"https:\/\/www.eltako.com\/fi\/wp-json\/wp\/v2\/users\/31"}],"replies":[{"embeddable":true,"href":"https:\/\/www.eltako.com\/fi\/wp-json\/wp\/v2\/comments?post=31834"}],"version-history":[{"count":0,"href":"https:\/\/www.eltako.com\/fi\/wp-json\/wp\/v2\/pages\/31834\/revisions"}],"up":[{"embeddable":true,"href":"https:\/\/www.eltako.com\/fi\/wp-json\/wp\/v2\/pages\/62734"}],"wp:featuredmedia":[{"embeddable":true,"href":"https:\/\/www.eltako.com\/fi\/wp-json\/wp\/v2\/media\/23383"}],"wp:attachment":[{"href":"https:\/\/www.eltako.com\/fi\/wp-json\/wp\/v2\/media?parent=31834"}],"curies":[{"name":"wp","href":"https:\/\/api.w.org\/{rel}","templated":true}]}}