{"id":31827,"date":"2022-01-26T22:01:29","date_gmt":"2022-01-26T21:01:29","guid":{"rendered":"https:\/\/betax923lb8kd7v0.eltako.de\/aruba\/"},"modified":"2022-02-08T14:14:16","modified_gmt":"2022-02-08T13:14:16","slug":"aruba","status":"publish","type":"page","link":"https:\/\/www.eltako.com\/fi\/yritys\/yhteistyoekumppanit-liittoutumat\/aruba\/","title":{"rendered":"Aruba"},"content":{"rendered":"\n<h2 class=\"wp-block-heading\"><strong>Aruba on nyt osa EnOcean Alliancea!<\/strong><\/h2>\n\n<div style=\"height:40px\" aria-hidden=\"true\" class=\"wp-block-spacer\"><\/div>\n\n<p class=\"has-medium-font-size\">Kaliforniassa toimiva yritys on IoT-palveluiden edell\u00e4k\u00e4vij\u00e4 ja tuo allianceen laajan asiakasverkoston lis\u00e4ksi my\u00f6s ly\u00f6m\u00e4tt\u00f6m\u00e4n teknologian. Yhdess\u00e4 EnOceanin langattomien energiankeruuratkaisujen kanssa, asiakkaille voidaan tarjotaan j\u00e4rjestelm\u00e4, joka ei ainoastaan tee heid\u00e4n kodeistaan \u00e4lykk\u00e4\u00e4mpi\u00e4 t\u00e4n\u00e4\u00e4n, vaan my\u00f6s varmistaa, ett\u00e4 ne pysyv\u00e4t mukautuvina ja ovat paranneltavissa my\u00f6s tulevaisuudessa. IoT-laitteet ker\u00e4\u00e4v\u00e4t dataa sovelluksista luoden pilvipohjaisen digitaalisen kaksoiskappaleen. T\u00e4m\u00e4n seurauksena, laitteet oppivat halutut turvallisuusvaatimukset, energiantarpeen ja ymp\u00e4rist\u00f6n nykyisen tilan. Mit\u00e4 enemm\u00e4n tietoa voidaan ker\u00e4t\u00e4, sit\u00e4 \u00e4lykk\u00e4\u00e4mpi\u00e4 ja mukautuvampia rakennuksista tulee.<\/p>\n\n<p class=\"has-medium-font-size\">Yhteisty\u00f6 tuo suuren edun kaikille EnOcean Alliancen j\u00e4senille ja on yksi t\u00e4rke\u00e4 askel kohti digitalisaatiota ja \u00e4lyk\u00e4st\u00e4 el\u00e4m\u00e4\u00e4.<\/p>\n\n<p class=\"has-normal-font-size\">Lis\u00e4tietoja l\u00f6ytyy osoitteesta: https:\/\/www.enocean-alliance.org\/de\/aruba\/<\/p>\n\n<p><\/p>\n\n<figure class=\"wp-block-image size-large\"><img decoding=\"async\" width=\"1024\" height=\"455\" src=\"http:\/\/betax923lb8kd7v0.eltako.de\/wp-content\/uploads\/2021\/09\/2-1024x455.jpg\" alt=\"\" class=\"wp-image-23456\" srcset=\"https:\/\/www.eltako.com\/wp-content\/uploads\/2021\/09\/2-1024x455.jpg 1024w, https:\/\/www.eltako.com\/wp-content\/uploads\/2021\/09\/2-300x133.jpg 300w, https:\/\/www.eltako.com\/wp-content\/uploads\/2021\/09\/2-768x341.jpg 768w, https:\/\/www.eltako.com\/wp-content\/uploads\/2021\/09\/2-1536x683.jpg 1536w, https:\/\/www.eltako.com\/wp-content\/uploads\/2021\/09\/2-600x267.jpg 600w, https:\/\/www.eltako.com\/wp-content\/uploads\/2021\/09\/2.jpg 1600w\" sizes=\"(max-width: 1024px) 100vw, 1024px\" \/><\/figure>","protected":false},"excerpt":{"rendered":"<p>Aruba on nyt osa EnOcean Alliancea! Kaliforniassa toimiva yritys on IoT-palveluiden edell\u00e4k\u00e4vij\u00e4 ja tuo allianceen laajan asiakasverkoston lis\u00e4ksi my\u00f6s ly\u00f6m\u00e4tt\u00f6m\u00e4n teknologian. Yhdess\u00e4 EnOceanin langattomien energiankeruuratkaisujen kanssa, asiakkaille voidaan tarjotaan j\u00e4rjestelm\u00e4, joka ei ainoastaan tee heid\u00e4n kodeistaan \u00e4lykk\u00e4\u00e4mpi\u00e4 t\u00e4n\u00e4\u00e4n, vaan my\u00f6s varmistaa, ett\u00e4 ne pysyv\u00e4t mukautuvina ja ovat paranneltavissa my\u00f6s tulevaisuudessa. IoT-laitteet ker\u00e4\u00e4v\u00e4t dataa sovelluksista luoden [&hellip;]<\/p>\n","protected":false},"author":31,"featured_media":0,"parent":62734,"menu_order":0,"comment_status":"closed","ping_status":"closed","template":"templates\/custom_header.php","meta":{"_acf_changed":false,"footnotes":"","_links_to":"","_links_to_target":""},"class_list":["post-31827","page","type-page","status-publish","hentry"],"acf":[],"yoast_head":"<!-- This site is optimized with the Yoast SEO plugin v27.2 - https:\/\/yoast.com\/product\/yoast-seo-wordpress\/ -->\n<title>Aruba &#187; Eltako<\/title>\n<meta name=\"robots\" content=\"index, follow, max-snippet:-1, max-image-preview:large, max-video-preview:-1\" \/>\n<link rel=\"canonical\" href=\"https:\/\/www.eltako.com\/fi\/yritys\/yhteistyoekumppanit-liittoutumat\/aruba\/\" \/>\n<meta property=\"og:locale\" content=\"fi_FI\" \/>\n<meta property=\"og:type\" content=\"article\" \/>\n<meta property=\"og:title\" content=\"Aruba &#187; Eltako\" \/>\n<meta property=\"og:description\" content=\"Aruba on nyt osa EnOcean Alliancea! Kaliforniassa toimiva yritys on IoT-palveluiden edell\u00e4k\u00e4vij\u00e4 ja tuo allianceen laajan asiakasverkoston lis\u00e4ksi my\u00f6s ly\u00f6m\u00e4tt\u00f6m\u00e4n teknologian. Yhdess\u00e4 EnOceanin langattomien energiankeruuratkaisujen kanssa, asiakkaille voidaan tarjotaan j\u00e4rjestelm\u00e4, joka ei ainoastaan tee heid\u00e4n kodeistaan \u00e4lykk\u00e4\u00e4mpi\u00e4 t\u00e4n\u00e4\u00e4n, vaan my\u00f6s varmistaa, ett\u00e4 ne pysyv\u00e4t mukautuvina ja ovat paranneltavissa my\u00f6s tulevaisuudessa. IoT-laitteet ker\u00e4\u00e4v\u00e4t dataa sovelluksista luoden [&hellip;]\" \/>\n<meta property=\"og:url\" content=\"https:\/\/www.eltako.com\/fi\/yritys\/yhteistyoekumppanit-liittoutumat\/aruba\/\" \/>\n<meta property=\"og:site_name\" content=\"Eltako\" \/>\n<meta property=\"article:modified_time\" content=\"2022-02-08T13:14:16+00:00\" \/>\n<meta property=\"og:image\" content=\"http:\/\/betax923lb8kd7v0.eltako.de\/wp-content\/uploads\/2021\/09\/2-1024x455.jpg\" \/>\n<meta name=\"twitter:card\" content=\"summary_large_image\" \/>\n<meta name=\"twitter:label1\" content=\"Arvioitu lukuaika\" \/>\n\t<meta name=\"twitter:data1\" content=\"1 minuutti\" \/>\n<script type=\"application\/ld+json\" class=\"yoast-schema-graph\">{\"@context\":\"https:\/\/schema.org\",\"@graph\":[{\"@type\":\"WebPage\",\"@id\":\"https:\/\/www.eltako.com\/fi\/yritys\/yhteistyoekumppanit-liittoutumat\/aruba\/\",\"url\":\"https:\/\/www.eltako.com\/fi\/yritys\/yhteistyoekumppanit-liittoutumat\/aruba\/\",\"name\":\"Aruba &#187; Eltako\",\"isPartOf\":{\"@id\":\"https:\/\/www.eltako.com\/en\/#website\"},\"primaryImageOfPage\":{\"@id\":\"https:\/\/www.eltako.com\/fi\/yritys\/yhteistyoekumppanit-liittoutumat\/aruba\/#primaryimage\"},\"image\":{\"@id\":\"https:\/\/www.eltako.com\/fi\/yritys\/yhteistyoekumppanit-liittoutumat\/aruba\/#primaryimage\"},\"thumbnailUrl\":\"http:\/\/betax923lb8kd7v0.eltako.de\/wp-content\/uploads\/2021\/09\/2-1024x455.jpg\",\"datePublished\":\"2022-01-26T21:01:29+00:00\",\"dateModified\":\"2022-02-08T13:14:16+00:00\",\"breadcrumb\":{\"@id\":\"https:\/\/www.eltako.com\/fi\/yritys\/yhteistyoekumppanit-liittoutumat\/aruba\/#breadcrumb\"},\"inLanguage\":\"fi\",\"potentialAction\":[{\"@type\":\"ReadAction\",\"target\":[\"https:\/\/www.eltako.com\/fi\/yritys\/yhteistyoekumppanit-liittoutumat\/aruba\/\"]}]},{\"@type\":\"ImageObject\",\"inLanguage\":\"fi\",\"@id\":\"https:\/\/www.eltako.com\/fi\/yritys\/yhteistyoekumppanit-liittoutumat\/aruba\/#primaryimage\",\"url\":\"http:\/\/betax923lb8kd7v0.eltako.de\/wp-content\/uploads\/2021\/09\/2-1024x455.jpg\",\"contentUrl\":\"http:\/\/betax923lb8kd7v0.eltako.de\/wp-content\/uploads\/2021\/09\/2-1024x455.jpg\"},{\"@type\":\"BreadcrumbList\",\"@id\":\"https:\/\/www.eltako.com\/fi\/yritys\/yhteistyoekumppanit-liittoutumat\/aruba\/#breadcrumb\",\"itemListElement\":[{\"@type\":\"ListItem\",\"position\":1,\"name\":\"Kotisivu\",\"item\":\"https:\/\/www.eltako.com\/fi\/\"},{\"@type\":\"ListItem\",\"position\":2,\"name\":\"Yritys\",\"item\":\"https:\/\/www.eltako.com\/fi\/yritys\/\"},{\"@type\":\"ListItem\",\"position\":3,\"name\":\"Kumppanit ja allianssit\",\"item\":\"https:\/\/www.eltako.com\/fi\/yritys\/yhteistyoekumppanit-liittoutumat\/\"},{\"@type\":\"ListItem\",\"position\":4,\"name\":\"Aruba\"}]},{\"@type\":\"WebSite\",\"@id\":\"https:\/\/www.eltako.com\/en\/#website\",\"url\":\"https:\/\/www.eltako.com\/en\/\",\"name\":\"Eltako\",\"description\":\"Schaltger\u00e4te, Netzteile, Stromz\u00e4hler, Dimmer, Geb\u00e4udeinstallation, Steuerungstechnik, Smart Home-L\u00f6sungen, Geb\u00e4udefunk, EnOcean-Technologie\",\"potentialAction\":[{\"@type\":\"SearchAction\",\"target\":{\"@type\":\"EntryPoint\",\"urlTemplate\":\"https:\/\/www.eltako.com\/en\/?s={search_term_string}\"},\"query-input\":{\"@type\":\"PropertyValueSpecification\",\"valueRequired\":true,\"valueName\":\"search_term_string\"}}],\"inLanguage\":\"fi\"}]}<\/script>\n<!-- \/ Yoast SEO plugin. -->","yoast_head_json":{"title":"Aruba &#187; Eltako","robots":{"index":"index","follow":"follow","max-snippet":"max-snippet:-1","max-image-preview":"max-image-preview:large","max-video-preview":"max-video-preview:-1"},"canonical":"https:\/\/www.eltako.com\/fi\/yritys\/yhteistyoekumppanit-liittoutumat\/aruba\/","og_locale":"fi_FI","og_type":"article","og_title":"Aruba &#187; Eltako","og_description":"Aruba on nyt osa EnOcean Alliancea! Kaliforniassa toimiva yritys on IoT-palveluiden edell\u00e4k\u00e4vij\u00e4 ja tuo allianceen laajan asiakasverkoston lis\u00e4ksi my\u00f6s ly\u00f6m\u00e4tt\u00f6m\u00e4n teknologian. Yhdess\u00e4 EnOceanin langattomien energiankeruuratkaisujen kanssa, asiakkaille voidaan tarjotaan j\u00e4rjestelm\u00e4, joka ei ainoastaan tee heid\u00e4n kodeistaan \u00e4lykk\u00e4\u00e4mpi\u00e4 t\u00e4n\u00e4\u00e4n, vaan my\u00f6s varmistaa, ett\u00e4 ne pysyv\u00e4t mukautuvina ja ovat paranneltavissa my\u00f6s tulevaisuudessa. IoT-laitteet ker\u00e4\u00e4v\u00e4t dataa sovelluksista luoden [&hellip;]","og_url":"https:\/\/www.eltako.com\/fi\/yritys\/yhteistyoekumppanit-liittoutumat\/aruba\/","og_site_name":"Eltako","article_modified_time":"2022-02-08T13:14:16+00:00","og_image":[{"url":"http:\/\/betax923lb8kd7v0.eltako.de\/wp-content\/uploads\/2021\/09\/2-1024x455.jpg","type":"","width":"","height":""}],"twitter_card":"summary_large_image","twitter_misc":{"Arvioitu lukuaika":"1 minuutti"},"schema":{"@context":"https:\/\/schema.org","@graph":[{"@type":"WebPage","@id":"https:\/\/www.eltako.com\/fi\/yritys\/yhteistyoekumppanit-liittoutumat\/aruba\/","url":"https:\/\/www.eltako.com\/fi\/yritys\/yhteistyoekumppanit-liittoutumat\/aruba\/","name":"Aruba &#187; Eltako","isPartOf":{"@id":"https:\/\/www.eltako.com\/en\/#website"},"primaryImageOfPage":{"@id":"https:\/\/www.eltako.com\/fi\/yritys\/yhteistyoekumppanit-liittoutumat\/aruba\/#primaryimage"},"image":{"@id":"https:\/\/www.eltako.com\/fi\/yritys\/yhteistyoekumppanit-liittoutumat\/aruba\/#primaryimage"},"thumbnailUrl":"http:\/\/betax923lb8kd7v0.eltako.de\/wp-content\/uploads\/2021\/09\/2-1024x455.jpg","datePublished":"2022-01-26T21:01:29+00:00","dateModified":"2022-02-08T13:14:16+00:00","breadcrumb":{"@id":"https:\/\/www.eltako.com\/fi\/yritys\/yhteistyoekumppanit-liittoutumat\/aruba\/#breadcrumb"},"inLanguage":"fi","potentialAction":[{"@type":"ReadAction","target":["https:\/\/www.eltako.com\/fi\/yritys\/yhteistyoekumppanit-liittoutumat\/aruba\/"]}]},{"@type":"ImageObject","inLanguage":"fi","@id":"https:\/\/www.eltako.com\/fi\/yritys\/yhteistyoekumppanit-liittoutumat\/aruba\/#primaryimage","url":"http:\/\/betax923lb8kd7v0.eltako.de\/wp-content\/uploads\/2021\/09\/2-1024x455.jpg","contentUrl":"http:\/\/betax923lb8kd7v0.eltako.de\/wp-content\/uploads\/2021\/09\/2-1024x455.jpg"},{"@type":"BreadcrumbList","@id":"https:\/\/www.eltako.com\/fi\/yritys\/yhteistyoekumppanit-liittoutumat\/aruba\/#breadcrumb","itemListElement":[{"@type":"ListItem","position":1,"name":"Kotisivu","item":"https:\/\/www.eltako.com\/fi\/"},{"@type":"ListItem","position":2,"name":"Yritys","item":"https:\/\/www.eltako.com\/fi\/yritys\/"},{"@type":"ListItem","position":3,"name":"Kumppanit ja allianssit","item":"https:\/\/www.eltako.com\/fi\/yritys\/yhteistyoekumppanit-liittoutumat\/"},{"@type":"ListItem","position":4,"name":"Aruba"}]},{"@type":"WebSite","@id":"https:\/\/www.eltako.com\/en\/#website","url":"https:\/\/www.eltako.com\/en\/","name":"Eltako","description":"Schaltger\u00e4te, Netzteile, Stromz\u00e4hler, Dimmer, Geb\u00e4udeinstallation, Steuerungstechnik, Smart Home-L\u00f6sungen, Geb\u00e4udefunk, EnOcean-Technologie","potentialAction":[{"@type":"SearchAction","target":{"@type":"EntryPoint","urlTemplate":"https:\/\/www.eltako.com\/en\/?s={search_term_string}"},"query-input":{"@type":"PropertyValueSpecification","valueRequired":true,"valueName":"search_term_string"}}],"inLanguage":"fi"}]}},"_links":{"self":[{"href":"https:\/\/www.eltako.com\/fi\/wp-json\/wp\/v2\/pages\/31827","targetHints":{"allow":["GET"]}}],"collection":[{"href":"https:\/\/www.eltako.com\/fi\/wp-json\/wp\/v2\/pages"}],"about":[{"href":"https:\/\/www.eltako.com\/fi\/wp-json\/wp\/v2\/types\/page"}],"author":[{"embeddable":true,"href":"https:\/\/www.eltako.com\/fi\/wp-json\/wp\/v2\/users\/31"}],"replies":[{"embeddable":true,"href":"https:\/\/www.eltako.com\/fi\/wp-json\/wp\/v2\/comments?post=31827"}],"version-history":[{"count":0,"href":"https:\/\/www.eltako.com\/fi\/wp-json\/wp\/v2\/pages\/31827\/revisions"}],"up":[{"embeddable":true,"href":"https:\/\/www.eltako.com\/fi\/wp-json\/wp\/v2\/pages\/62734"}],"wp:attachment":[{"href":"https:\/\/www.eltako.com\/fi\/wp-json\/wp\/v2\/media?parent=31827"}],"curies":[{"name":"wp","href":"https:\/\/api.w.org\/{rel}","templated":true}]}}