{"id":29673,"date":"2021-12-15T13:57:15","date_gmt":"2021-12-15T12:57:15","guid":{"rendered":"https:\/\/betax923lb8kd7v0.eltako.de\/lataukset\/"},"modified":"2021-12-15T13:57:15","modified_gmt":"2021-12-15T12:57:15","slug":"lataukset","status":"publish","type":"page","link":"https:\/\/www.eltako.com\/fi\/palvelu\/lataukset\/","title":{"rendered":"Lataukset"},"content":{"rendered":"\n<p>Auctorissa ipsum mi, id lacinia nulla consequat ut. Proin semper tincidunt purus non tincidunt. Morbi imperdiet odio vitae malesuada pretium. Donec elementum ipsum ja mattis condimentum. In eget elit dapibus, rutrum nunc imperdiet, suscipit nibh. Integer ac metus gravida, maximus est at, pulvinar leo.<\/p>\n","protected":false},"excerpt":{"rendered":"<p>Auctorissa ipsum mi, id lacinia nulla consequat ut. Proin semper tincidunt purus non tincidunt. Morbi imperdiet odio vitae malesuada pretium. Donec elementum ipsum ja mattis condimentum. In eget elit dapibus, rutrum nunc imperdiet, suscipit nibh. Integer ac metus gravida, maximus est at, pulvinar leo.<\/p>\n","protected":false},"author":31,"featured_media":25474,"parent":31886,"menu_order":1,"comment_status":"closed","ping_status":"closed","template":"templates\/download.php","meta":{"_acf_changed":false,"footnotes":"","_links_to":"","_links_to_target":""},"class_list":["post-29673","page","type-page","status-publish","has-post-thumbnail","hentry"],"acf":[],"yoast_head":"<!-- This site is optimized with the Yoast SEO plugin v27.2 - https:\/\/yoast.com\/product\/yoast-seo-wordpress\/ -->\n<title>Lataukset &#187; Eltako<\/title>\n<meta name=\"robots\" content=\"index, follow, max-snippet:-1, max-image-preview:large, max-video-preview:-1\" \/>\n<link rel=\"canonical\" href=\"https:\/\/www.eltako.com\/fi\/palvelu\/lataukset\/\" \/>\n<meta property=\"og:locale\" content=\"fi_FI\" \/>\n<meta property=\"og:type\" content=\"article\" \/>\n<meta property=\"og:title\" content=\"Lataukset &#187; Eltako\" \/>\n<meta property=\"og:description\" content=\"Auctorissa ipsum mi, id lacinia nulla consequat ut. Proin semper tincidunt purus non tincidunt. Morbi imperdiet odio vitae malesuada pretium. Donec elementum ipsum ja mattis condimentum. In eget elit dapibus, rutrum nunc imperdiet, suscipit nibh. Integer ac metus gravida, maximus est at, pulvinar leo.\" \/>\n<meta property=\"og:url\" content=\"https:\/\/www.eltako.com\/fi\/palvelu\/lataukset\/\" \/>\n<meta property=\"og:site_name\" content=\"Eltako\" \/>\n<meta property=\"og:image\" content=\"https:\/\/www.eltako.com\/wp-content\/uploads\/2020\/07\/heroes.jpg\" \/>\n\t<meta property=\"og:image:width\" content=\"1920\" \/>\n\t<meta property=\"og:image:height\" content=\"1080\" \/>\n\t<meta property=\"og:image:type\" content=\"image\/jpeg\" \/>\n<meta name=\"twitter:card\" content=\"summary_large_image\" \/>\n<script type=\"application\/ld+json\" class=\"yoast-schema-graph\">{\"@context\":\"https:\/\/schema.org\",\"@graph\":[{\"@type\":\"WebPage\",\"@id\":\"https:\/\/www.eltako.com\/fi\/palvelu\/lataukset\/\",\"url\":\"https:\/\/www.eltako.com\/fi\/palvelu\/lataukset\/\",\"name\":\"Lataukset &#187; Eltako\",\"isPartOf\":{\"@id\":\"https:\/\/www.eltako.com\/en\/#website\"},\"primaryImageOfPage\":{\"@id\":\"https:\/\/www.eltako.com\/fi\/palvelu\/lataukset\/#primaryimage\"},\"image\":{\"@id\":\"https:\/\/www.eltako.com\/fi\/palvelu\/lataukset\/#primaryimage\"},\"thumbnailUrl\":\"https:\/\/www.eltako.com\/wp-content\/uploads\/2020\/07\/heroes.jpg\",\"datePublished\":\"2021-12-15T12:57:15+00:00\",\"breadcrumb\":{\"@id\":\"https:\/\/www.eltako.com\/fi\/palvelu\/lataukset\/#breadcrumb\"},\"inLanguage\":\"fi\",\"potentialAction\":[{\"@type\":\"ReadAction\",\"target\":[\"https:\/\/www.eltako.com\/fi\/palvelu\/lataukset\/\"]}]},{\"@type\":\"ImageObject\",\"inLanguage\":\"fi\",\"@id\":\"https:\/\/www.eltako.com\/fi\/palvelu\/lataukset\/#primaryimage\",\"url\":\"https:\/\/www.eltako.com\/wp-content\/uploads\/2020\/07\/heroes.jpg\",\"contentUrl\":\"https:\/\/www.eltako.com\/wp-content\/uploads\/2020\/07\/heroes.jpg\",\"width\":1920,\"height\":1080},{\"@type\":\"BreadcrumbList\",\"@id\":\"https:\/\/www.eltako.com\/fi\/palvelu\/lataukset\/#breadcrumb\",\"itemListElement\":[{\"@type\":\"ListItem\",\"position\":1,\"name\":\"Kotisivu\",\"item\":\"https:\/\/www.eltako.com\/fi\/\"},{\"@type\":\"ListItem\",\"position\":2,\"name\":\"Palvelu\",\"item\":\"https:\/\/www.eltako.com\/fi\/palvelu\/\"},{\"@type\":\"ListItem\",\"position\":3,\"name\":\"Lataukset\"}]},{\"@type\":\"WebSite\",\"@id\":\"https:\/\/www.eltako.com\/en\/#website\",\"url\":\"https:\/\/www.eltako.com\/en\/\",\"name\":\"Eltako\",\"description\":\"Schaltger\u00e4te, Netzteile, Stromz\u00e4hler, Dimmer, Geb\u00e4udeinstallation, Steuerungstechnik, Smart Home-L\u00f6sungen, Geb\u00e4udefunk, EnOcean-Technologie\",\"potentialAction\":[{\"@type\":\"SearchAction\",\"target\":{\"@type\":\"EntryPoint\",\"urlTemplate\":\"https:\/\/www.eltako.com\/en\/?s={search_term_string}\"},\"query-input\":{\"@type\":\"PropertyValueSpecification\",\"valueRequired\":true,\"valueName\":\"search_term_string\"}}],\"inLanguage\":\"fi\"}]}<\/script>\n<!-- \/ Yoast SEO plugin. -->","yoast_head_json":{"title":"Lataukset &#187; Eltako","robots":{"index":"index","follow":"follow","max-snippet":"max-snippet:-1","max-image-preview":"max-image-preview:large","max-video-preview":"max-video-preview:-1"},"canonical":"https:\/\/www.eltako.com\/fi\/palvelu\/lataukset\/","og_locale":"fi_FI","og_type":"article","og_title":"Lataukset &#187; Eltako","og_description":"Auctorissa ipsum mi, id lacinia nulla consequat ut. Proin semper tincidunt purus non tincidunt. Morbi imperdiet odio vitae malesuada pretium. Donec elementum ipsum ja mattis condimentum. In eget elit dapibus, rutrum nunc imperdiet, suscipit nibh. Integer ac metus gravida, maximus est at, pulvinar leo.","og_url":"https:\/\/www.eltako.com\/fi\/palvelu\/lataukset\/","og_site_name":"Eltako","og_image":[{"width":1920,"height":1080,"url":"https:\/\/www.eltako.com\/wp-content\/uploads\/2020\/07\/heroes.jpg","type":"image\/jpeg"}],"twitter_card":"summary_large_image","schema":{"@context":"https:\/\/schema.org","@graph":[{"@type":"WebPage","@id":"https:\/\/www.eltako.com\/fi\/palvelu\/lataukset\/","url":"https:\/\/www.eltako.com\/fi\/palvelu\/lataukset\/","name":"Lataukset &#187; Eltako","isPartOf":{"@id":"https:\/\/www.eltako.com\/en\/#website"},"primaryImageOfPage":{"@id":"https:\/\/www.eltako.com\/fi\/palvelu\/lataukset\/#primaryimage"},"image":{"@id":"https:\/\/www.eltako.com\/fi\/palvelu\/lataukset\/#primaryimage"},"thumbnailUrl":"https:\/\/www.eltako.com\/wp-content\/uploads\/2020\/07\/heroes.jpg","datePublished":"2021-12-15T12:57:15+00:00","breadcrumb":{"@id":"https:\/\/www.eltako.com\/fi\/palvelu\/lataukset\/#breadcrumb"},"inLanguage":"fi","potentialAction":[{"@type":"ReadAction","target":["https:\/\/www.eltako.com\/fi\/palvelu\/lataukset\/"]}]},{"@type":"ImageObject","inLanguage":"fi","@id":"https:\/\/www.eltako.com\/fi\/palvelu\/lataukset\/#primaryimage","url":"https:\/\/www.eltako.com\/wp-content\/uploads\/2020\/07\/heroes.jpg","contentUrl":"https:\/\/www.eltako.com\/wp-content\/uploads\/2020\/07\/heroes.jpg","width":1920,"height":1080},{"@type":"BreadcrumbList","@id":"https:\/\/www.eltako.com\/fi\/palvelu\/lataukset\/#breadcrumb","itemListElement":[{"@type":"ListItem","position":1,"name":"Kotisivu","item":"https:\/\/www.eltako.com\/fi\/"},{"@type":"ListItem","position":2,"name":"Palvelu","item":"https:\/\/www.eltako.com\/fi\/palvelu\/"},{"@type":"ListItem","position":3,"name":"Lataukset"}]},{"@type":"WebSite","@id":"https:\/\/www.eltako.com\/en\/#website","url":"https:\/\/www.eltako.com\/en\/","name":"Eltako","description":"Schaltger\u00e4te, Netzteile, Stromz\u00e4hler, Dimmer, Geb\u00e4udeinstallation, Steuerungstechnik, Smart Home-L\u00f6sungen, Geb\u00e4udefunk, EnOcean-Technologie","potentialAction":[{"@type":"SearchAction","target":{"@type":"EntryPoint","urlTemplate":"https:\/\/www.eltako.com\/en\/?s={search_term_string}"},"query-input":{"@type":"PropertyValueSpecification","valueRequired":true,"valueName":"search_term_string"}}],"inLanguage":"fi"}]}},"_links":{"self":[{"href":"https:\/\/www.eltako.com\/fi\/wp-json\/wp\/v2\/pages\/29673","targetHints":{"allow":["GET"]}}],"collection":[{"href":"https:\/\/www.eltako.com\/fi\/wp-json\/wp\/v2\/pages"}],"about":[{"href":"https:\/\/www.eltako.com\/fi\/wp-json\/wp\/v2\/types\/page"}],"author":[{"embeddable":true,"href":"https:\/\/www.eltako.com\/fi\/wp-json\/wp\/v2\/users\/31"}],"replies":[{"embeddable":true,"href":"https:\/\/www.eltako.com\/fi\/wp-json\/wp\/v2\/comments?post=29673"}],"version-history":[{"count":0,"href":"https:\/\/www.eltako.com\/fi\/wp-json\/wp\/v2\/pages\/29673\/revisions"}],"up":[{"embeddable":true,"href":"https:\/\/www.eltako.com\/fi\/wp-json\/wp\/v2\/pages\/31886"}],"wp:featuredmedia":[{"embeddable":true,"href":"https:\/\/www.eltako.com\/fi\/wp-json\/wp\/v2\/media\/25474"}],"wp:attachment":[{"href":"https:\/\/www.eltako.com\/fi\/wp-json\/wp\/v2\/media?parent=29673"}],"curies":[{"name":"wp","href":"https:\/\/api.w.org\/{rel}","templated":true}]}}