{"id":29331,"date":"2021-12-09T14:51:34","date_gmt":"2021-12-09T13:51:34","guid":{"rendered":"https:\/\/betax923lb8kd7v0.eltako.de\/?page_id=29331"},"modified":"2022-02-08T13:00:30","modified_gmt":"2022-02-08T12:00:30","slug":"eltako-trailerin","status":"publish","type":"page","link":"https:\/\/www.eltako.com\/fi\/eltako-trailerin\/","title":{"rendered":"Eltako mobile"},"content":{"rendered":"\n<p><\/p>\n\n<h1 class=\"font-weight-bold responsive-font has-text-color wp-block-heading\" style=\"color:#2364af;font-size:80px\">\n          <strong>Se on vihdoin t\u00e4\u00e4ll\u00e4: Meid\u00e4n toinen n\u00e4yttelyper\u00e4vaunumme! <\/strong>\n        <\/h1>\n\n<div style=\"height:40px\" aria-hidden=\"true\" class=\"wp-block-spacer\"><\/div>\n\n<p class=\"has-medium-font-size\">Meid\u00e4n uusi, niin sanottu Eltako-Mobil, on apuna ty\u00f6ntekij\u00f6illemme Skandinaviassa. T\u00e4ss\u00e4 kuussa l\u00e4hdemme ensimm\u00e4ist\u00e4 kertaa isolle kiertueelle Ruotsin halki, tarkan reitin n\u00e4et alla olevasta kartasta. <\/p>\n\n<p class=\"has-medium-font-size\">T\u00e4m\u00e4n leikkis\u00e4n minitalon avulla, asiakas voi saada selke\u00e4n mielikuvan Eltakon \u00e4lykodista ja kokeilla joitain sen t\u00e4rke\u00e4mpi\u00e4 toimintoja. <\/p>\n\n<div style=\"height:40px\" aria-hidden=\"true\" class=\"wp-block-spacer\"><\/div>\n\n<div class=\"wp-block-columns is-layout-flex wp-container-core-columns-is-layout-9d6595d7 wp-block-columns-is-layout-flex\">\n<div class=\"wp-block-column is-layout-flow wp-block-column-is-layout-flow\">\n<figure class=\"wp-block-image size-full shadow\"><img decoding=\"async\" width=\"500\" height=\"500\" src=\"https:\/\/www.eltako.com\/wp-content\/uploads\/2022\/01\/1.jpg\" alt=\"\" class=\"wp-image-31061\" srcset=\"https:\/\/www.eltako.com\/wp-content\/uploads\/2022\/01\/1.jpg 500w, https:\/\/www.eltako.com\/wp-content\/uploads\/2022\/01\/1-300x300.jpg 300w, https:\/\/www.eltako.com\/wp-content\/uploads\/2022\/01\/1-150x150.jpg 150w, https:\/\/www.eltako.com\/wp-content\/uploads\/2022\/01\/1-100x100.jpg 100w\" sizes=\"(max-width: 500px) 100vw, 500px\" \/><\/figure><\/div>\n\n\n\n<div class=\"wp-block-column is-layout-flow wp-block-column-is-layout-flow\">\n<figure class=\"wp-block-image size-full shadow\"><img decoding=\"async\" width=\"500\" height=\"500\" src=\"https:\/\/www.eltako.com\/wp-content\/uploads\/2022\/01\/2.jpg\" alt=\"\" class=\"wp-image-31069\" srcset=\"https:\/\/www.eltako.com\/wp-content\/uploads\/2022\/01\/2.jpg 500w, https:\/\/www.eltako.com\/wp-content\/uploads\/2022\/01\/2-300x300.jpg 300w, https:\/\/www.eltako.com\/wp-content\/uploads\/2022\/01\/2-150x150.jpg 150w, https:\/\/www.eltako.com\/wp-content\/uploads\/2022\/01\/2-100x100.jpg 100w\" sizes=\"(max-width: 500px) 100vw, 500px\" \/><\/figure><\/div>\n\n\n\n<div class=\"wp-block-column is-layout-flow wp-block-column-is-layout-flow\">\n<figure class=\"wp-block-image size-full shadow\"><img decoding=\"async\" width=\"500\" height=\"500\" src=\"https:\/\/www.eltako.com\/wp-content\/uploads\/2022\/01\/3.jpg\" alt=\"\" class=\"wp-image-31077\" srcset=\"https:\/\/www.eltako.com\/wp-content\/uploads\/2022\/01\/3.jpg 500w, https:\/\/www.eltako.com\/wp-content\/uploads\/2022\/01\/3-300x300.jpg 300w, https:\/\/www.eltako.com\/wp-content\/uploads\/2022\/01\/3-150x150.jpg 150w, https:\/\/www.eltako.com\/wp-content\/uploads\/2022\/01\/3-100x100.jpg 100w\" sizes=\"(max-width: 500px) 100vw, 500px\" \/><\/figure><\/div>\n<\/div>\n  \r\n  <div class=\"cd-product-wrapper el-mo-class\">\r\n    <img decoding=\"async\" src=\"https:\/\/www.eltako.com\/wp-content\/uploads\/2021\/09\/points.jpg\" id=\"home\" class=\"w-100\" alt=\"\" width=\"1288\" height=\"610\">\r\n    <ul class=\"list-unstyled\">\r\n    \r\n          <li class=\"cd-single-point\">\r\n        <a class=\"cd-img-replace\" href=\"#0\">Mehr<\/a>\r\n        <div class=\"cd-more-info cd-left\" style=\"margin-top:13px !important;\">\r\n          <h2>Kuisti<\/h2>\r\n          <p class=\"pt-3\">\r\n            Pienell\u00e4 etupihalla voit kokea ulkok\u00e4ytt\u00f6\u00f6n tarkoitettujen tuotteidemme monipuolisuuden. Mukana on esimerkiksi langaton ulkosireeni, langaton pistorasiakytkin ulkok\u00e4yt\u00f6\u00f6n ja \u00e4lyk\u00e4s ulkovalaistus.          <\/p>\r\n          <a href=\"#0\" class=\"cd-close-info cd-img-replace\">Schliessen<\/a>\r\n        <\/div>\r\n      <\/li>\r\n          <li class=\"cd-single-point\">\r\n        <a class=\"cd-img-replace\" href=\"#0\">Mehr<\/a>\r\n        <div class=\"cd-more-info cd-left\" style=\"margin-top:13px !important;\">\r\n          <h2>Huoneet:<\/h2>\r\n          <p class=\"pt-3\">\r\n            Kuvissa n\u00e4kyv\u00e4n per\u00e4vaunun sivun takana on viel\u00e4 kaksi muuta huonetta jotka odottavat tutustumistasi! Ehk\u00e4p\u00e4 n\u00e4et makuuhuoneen ja olohuoneen jossain tulevissa julkaisuissamme sosiaalisen median kanavissamme.          <\/p>\r\n          <a href=\"#0\" class=\"cd-close-info cd-img-replace\">Schliessen<\/a>\r\n        <\/div>\r\n      <\/li>\r\n          <li class=\"cd-single-point\">\r\n        <a class=\"cd-img-replace\" href=\"#0\">Mehr<\/a>\r\n        <div class=\"cd-more-info cd-left\" style=\"margin-top:13px !important;\">\r\n          <h2>Kodinhoitohuone:<\/h2>\r\n          <p class=\"pt-3\">\r\n            \u00c4lykk\u00e4\u00e4sti varusteltu kodinhoitohuone on varustettu vesianturilla, jonka avulla voidaan havaita ja ilmoittaa putken rikkoutumisesta tai vuotavasta pesukoneesta mahdollisimman nopeasti. T\u00e4m\u00e4n lis\u00e4ksi siell\u00e4 on liiketunnistin ja uusi MiniSafe2.          <\/p>\r\n          <a href=\"#0\" class=\"cd-close-info cd-img-replace\">Schliessen<\/a>\r\n        <\/div>\r\n      <\/li>\r\n        \r\n    <\/ul>\r\n  <\/div>\r\n  \r\n  \n\n<p class=\"has-medium-font-size\">\u00c4lykoti -per\u00e4vaunu on rakennettu minitaloksi. Se koostuu nelj\u00e4st\u00e4 huoneesta ja kuistista, jossa on pieni etupiha. T\u00e4nne olemme asentaneet erilaisia Professional Smart Home -sarjan tuotteitamme. Esill\u00e4 on muun muassa my\u00f6s Eltako OnWall -sein\u00e4telakka ja tabletti, jonka avulla voit kokeilla ja testata liven\u00e4 koko talon toimintaa ja ohjausta yhden ohjauspaneelin kautta. <\/p>\n\n<div style=\"height:40px\" aria-hidden=\"true\" class=\"wp-block-spacer\"><\/div>\n\n<figure class=\"wp-block-image size-large\"><img decoding=\"async\" width=\"1024\" height=\"683\" src=\"http:\/\/betax923lb8kd7v0.eltako.de\/wp-content\/uploads\/2021\/10\/Einzelne-Bilder3-Deutsch-2-1024x683.jpg\" alt=\"\" class=\"wp-image-24783\" srcset=\"https:\/\/www.eltako.com\/wp-content\/uploads\/2021\/10\/Einzelne-Bilder3-Deutsch-2-1024x683.jpg 1024w, https:\/\/www.eltako.com\/wp-content\/uploads\/2021\/10\/Einzelne-Bilder3-Deutsch-2-300x200.jpg 300w, https:\/\/www.eltako.com\/wp-content\/uploads\/2021\/10\/Einzelne-Bilder3-Deutsch-2-768x512.jpg 768w, https:\/\/www.eltako.com\/wp-content\/uploads\/2021\/10\/Einzelne-Bilder3-Deutsch-2-1536x1024.jpg 1536w, https:\/\/www.eltako.com\/wp-content\/uploads\/2021\/10\/Einzelne-Bilder3-Deutsch-2-600x400.jpg 600w, https:\/\/www.eltako.com\/wp-content\/uploads\/2021\/10\/Einzelne-Bilder3-Deutsch-2.jpg 1900w\" sizes=\"(max-width: 1024px) 100vw, 1024px\" \/><\/figure>\n<div style=\"height:40px\" aria-hidden=\"true\" class=\"wp-block-spacer\"><\/div>\n\n          \n\n           <div class=\"brlbs-cmpnt-container brlbs-cmpnt-content-blocker brlbs-cmpnt-with-individual-styles\" data-borlabs-cookie-content-blocker-id=\"youtube-content-blocker\" data-borlabs-cookie-content=\"PGlmcmFtZSB3aWR0aD0iMTAwJSIgaGVpZ2h0PSI1MTUiIHNyYz0iaHR0cHM6Ly93d3cueW91dHViZS1ub2Nvb2tpZS5jb20vZW1iZWQvTUU1ZG8xNm82QWciIHRpdGxlPSJZb3VUdWJlLXZpZGVvc29pdGluIiBmcmFtZWJvcmRlcj0iMCIgYWxsb3c9ImFjY2VsZXJvbWV0ZXI7IGF1dG9wbGF5OyBjbGlwYm9hcmQtd3JpdGU7IGVuY3J5cHRlZC1tZWRpYTsgZ3lyb3Njb3BlOyBwaWN0dXJlLWluLXBpY3R1cmUiIGFsbG93ZnVsbHNjcmVlbj0iIj48L2lmcmFtZT4=\"><div class=\"brlbs-cmpnt-cb-preset-c brlbs-cmpnt-cb-youtube\"> <div class=\"brlbs-cmpnt-cb-thumbnail\" style=\"background-image: url('https:\/\/www.eltako.com\/wp-content\/uploads\/borlabs-cookie\/1\/yt_ME5do16o6Ag_hqdefault.jpg')\"><\/div> <div class=\"brlbs-cmpnt-cb-main\"> <div class=\"brlbs-cmpnt-cb-play-button\"><\/div> <div class=\"brlbs-cmpnt-cb-content\"> <p class=\"brlbs-cmpnt-cb-description\">You are currently viewing a placeholder content from <strong>YouTube<\/strong>. To access the actual content, click the button below. Please note that doing so will share data with third-party providers.<\/p> <a class=\"brlbs-cmpnt-cb-provider-toggle\" href=\"#\" data-borlabs-cookie-show-provider-information role=\"button\">More Information<\/a> <\/div> <div class=\"brlbs-cmpnt-cb-buttons\"> <a class=\"brlbs-cmpnt-cb-btn\" href=\"#\" data-borlabs-cookie-unblock role=\"button\">Unblock content<\/a> <a class=\"brlbs-cmpnt-cb-btn\" href=\"#\" data-borlabs-cookie-accept-service role=\"button\" style=\"display: inherit\">Accept required service and unblock content<\/a> <\/div> <\/div> <\/div><\/div>\n          \n\n        \n\n<div style=\"height:50px\" aria-hidden=\"true\" class=\"wp-block-spacer\"><\/div>\n","protected":false},"excerpt":{"rendered":"<p>Se on vihdoin t\u00e4\u00e4ll\u00e4: Meid\u00e4n toinen n\u00e4yttelyper\u00e4vaunumme! Meid\u00e4n uusi, niin sanottu Eltako-Mobil, on apuna ty\u00f6ntekij\u00f6illemme Skandinaviassa. T\u00e4ss\u00e4 kuussa l\u00e4hdemme ensimm\u00e4ist\u00e4 kertaa isolle kiertueelle Ruotsin halki, tarkan reitin n\u00e4et alla olevasta kartasta. T\u00e4m\u00e4n leikkis\u00e4n minitalon avulla, asiakas voi saada selke\u00e4n mielikuvan Eltakon \u00e4lykodista ja kokeilla joitain sen t\u00e4rke\u00e4mpi\u00e4 toimintoja. \u00c4lykoti -per\u00e4vaunu on rakennettu minitaloksi. Se koostuu [&hellip;]<\/p>\n","protected":false},"author":31,"featured_media":23546,"parent":0,"menu_order":0,"comment_status":"closed","ping_status":"closed","template":"templates\/elmo-landingpage.php","meta":{"_acf_changed":false,"footnotes":"","_links_to":"","_links_to_target":""},"class_list":["post-29331","page","type-page","status-publish","has-post-thumbnail","hentry"],"acf":[],"yoast_head":"<!-- This site is optimized with the Yoast SEO plugin v27.2 - https:\/\/yoast.com\/product\/yoast-seo-wordpress\/ -->\n<title>Eltako mobile &#187; Eltako<\/title>\n<meta name=\"robots\" content=\"index, follow, max-snippet:-1, max-image-preview:large, max-video-preview:-1\" \/>\n<link rel=\"canonical\" href=\"https:\/\/www.eltako.com\/fi\/eltako-trailerin\/\" \/>\n<meta property=\"og:locale\" content=\"fi_FI\" \/>\n<meta property=\"og:type\" content=\"article\" \/>\n<meta property=\"og:title\" content=\"Eltako mobile &#187; Eltako\" \/>\n<meta property=\"og:description\" content=\"Se on vihdoin t\u00e4\u00e4ll\u00e4: Meid\u00e4n toinen n\u00e4yttelyper\u00e4vaunumme! Meid\u00e4n uusi, niin sanottu Eltako-Mobil, on apuna ty\u00f6ntekij\u00f6illemme Skandinaviassa. T\u00e4ss\u00e4 kuussa l\u00e4hdemme ensimm\u00e4ist\u00e4 kertaa isolle kiertueelle Ruotsin halki, tarkan reitin n\u00e4et alla olevasta kartasta. T\u00e4m\u00e4n leikkis\u00e4n minitalon avulla, asiakas voi saada selke\u00e4n mielikuvan Eltakon \u00e4lykodista ja kokeilla joitain sen t\u00e4rke\u00e4mpi\u00e4 toimintoja. \u00c4lykoti -per\u00e4vaunu on rakennettu minitaloksi. Se koostuu [&hellip;]\" \/>\n<meta property=\"og:url\" content=\"https:\/\/www.eltako.com\/fi\/eltako-trailerin\/\" \/>\n<meta property=\"og:site_name\" content=\"Eltako\" \/>\n<meta property=\"article:modified_time\" content=\"2022-02-08T12:00:30+00:00\" \/>\n<meta property=\"og:image\" content=\"https:\/\/www.eltako.com\/wp-content\/uploads\/2021\/09\/messe.jpg\" \/>\n\t<meta property=\"og:image:width\" content=\"3584\" \/>\n\t<meta property=\"og:image:height\" content=\"1304\" \/>\n\t<meta property=\"og:image:type\" content=\"image\/jpeg\" \/>\n<meta name=\"twitter:card\" content=\"summary_large_image\" \/>\n<meta name=\"twitter:label1\" content=\"Arvioitu lukuaika\" \/>\n\t<meta name=\"twitter:data1\" content=\"1 minuutti\" \/>\n<script type=\"application\/ld+json\" class=\"yoast-schema-graph\">{\"@context\":\"https:\/\/schema.org\",\"@graph\":[{\"@type\":\"WebPage\",\"@id\":\"https:\/\/www.eltako.com\/fi\/eltako-trailerin\/\",\"url\":\"https:\/\/www.eltako.com\/fi\/eltako-trailerin\/\",\"name\":\"Eltako mobile &#187; Eltako\",\"isPartOf\":{\"@id\":\"https:\/\/www.eltako.com\/en\/#website\"},\"primaryImageOfPage\":{\"@id\":\"https:\/\/www.eltako.com\/fi\/eltako-trailerin\/#primaryimage\"},\"image\":{\"@id\":\"https:\/\/www.eltako.com\/fi\/eltako-trailerin\/#primaryimage\"},\"thumbnailUrl\":\"https:\/\/www.eltako.com\/wp-content\/uploads\/2021\/09\/messe.jpg\",\"datePublished\":\"2021-12-09T13:51:34+00:00\",\"dateModified\":\"2022-02-08T12:00:30+00:00\",\"breadcrumb\":{\"@id\":\"https:\/\/www.eltako.com\/fi\/eltako-trailerin\/#breadcrumb\"},\"inLanguage\":\"fi\",\"potentialAction\":[{\"@type\":\"ReadAction\",\"target\":[\"https:\/\/www.eltako.com\/fi\/eltako-trailerin\/\"]}]},{\"@type\":\"ImageObject\",\"inLanguage\":\"fi\",\"@id\":\"https:\/\/www.eltako.com\/fi\/eltako-trailerin\/#primaryimage\",\"url\":\"https:\/\/www.eltako.com\/wp-content\/uploads\/2021\/09\/messe.jpg\",\"contentUrl\":\"https:\/\/www.eltako.com\/wp-content\/uploads\/2021\/09\/messe.jpg\",\"width\":3584,\"height\":1304},{\"@type\":\"BreadcrumbList\",\"@id\":\"https:\/\/www.eltako.com\/fi\/eltako-trailerin\/#breadcrumb\",\"itemListElement\":[{\"@type\":\"ListItem\",\"position\":1,\"name\":\"Kotisivu\",\"item\":\"https:\/\/www.eltako.com\/fi\/\"},{\"@type\":\"ListItem\",\"position\":2,\"name\":\"Eltako mobile\"}]},{\"@type\":\"WebSite\",\"@id\":\"https:\/\/www.eltako.com\/en\/#website\",\"url\":\"https:\/\/www.eltako.com\/en\/\",\"name\":\"Eltako\",\"description\":\"Schaltger\u00e4te, Netzteile, Stromz\u00e4hler, Dimmer, Geb\u00e4udeinstallation, Steuerungstechnik, Smart Home-L\u00f6sungen, Geb\u00e4udefunk, EnOcean-Technologie\",\"potentialAction\":[{\"@type\":\"SearchAction\",\"target\":{\"@type\":\"EntryPoint\",\"urlTemplate\":\"https:\/\/www.eltako.com\/en\/?s={search_term_string}\"},\"query-input\":{\"@type\":\"PropertyValueSpecification\",\"valueRequired\":true,\"valueName\":\"search_term_string\"}}],\"inLanguage\":\"fi\"}]}<\/script>\n<!-- \/ Yoast SEO plugin. -->","yoast_head_json":{"title":"Eltako mobile &#187; Eltako","robots":{"index":"index","follow":"follow","max-snippet":"max-snippet:-1","max-image-preview":"max-image-preview:large","max-video-preview":"max-video-preview:-1"},"canonical":"https:\/\/www.eltako.com\/fi\/eltako-trailerin\/","og_locale":"fi_FI","og_type":"article","og_title":"Eltako mobile &#187; Eltako","og_description":"Se on vihdoin t\u00e4\u00e4ll\u00e4: Meid\u00e4n toinen n\u00e4yttelyper\u00e4vaunumme! Meid\u00e4n uusi, niin sanottu Eltako-Mobil, on apuna ty\u00f6ntekij\u00f6illemme Skandinaviassa. T\u00e4ss\u00e4 kuussa l\u00e4hdemme ensimm\u00e4ist\u00e4 kertaa isolle kiertueelle Ruotsin halki, tarkan reitin n\u00e4et alla olevasta kartasta. T\u00e4m\u00e4n leikkis\u00e4n minitalon avulla, asiakas voi saada selke\u00e4n mielikuvan Eltakon \u00e4lykodista ja kokeilla joitain sen t\u00e4rke\u00e4mpi\u00e4 toimintoja. \u00c4lykoti -per\u00e4vaunu on rakennettu minitaloksi. Se koostuu [&hellip;]","og_url":"https:\/\/www.eltako.com\/fi\/eltako-trailerin\/","og_site_name":"Eltako","article_modified_time":"2022-02-08T12:00:30+00:00","og_image":[{"width":3584,"height":1304,"url":"https:\/\/www.eltako.com\/wp-content\/uploads\/2021\/09\/messe.jpg","type":"image\/jpeg"}],"twitter_card":"summary_large_image","twitter_misc":{"Arvioitu lukuaika":"1 minuutti"},"schema":{"@context":"https:\/\/schema.org","@graph":[{"@type":"WebPage","@id":"https:\/\/www.eltako.com\/fi\/eltako-trailerin\/","url":"https:\/\/www.eltako.com\/fi\/eltako-trailerin\/","name":"Eltako mobile &#187; Eltako","isPartOf":{"@id":"https:\/\/www.eltako.com\/en\/#website"},"primaryImageOfPage":{"@id":"https:\/\/www.eltako.com\/fi\/eltako-trailerin\/#primaryimage"},"image":{"@id":"https:\/\/www.eltako.com\/fi\/eltako-trailerin\/#primaryimage"},"thumbnailUrl":"https:\/\/www.eltako.com\/wp-content\/uploads\/2021\/09\/messe.jpg","datePublished":"2021-12-09T13:51:34+00:00","dateModified":"2022-02-08T12:00:30+00:00","breadcrumb":{"@id":"https:\/\/www.eltako.com\/fi\/eltako-trailerin\/#breadcrumb"},"inLanguage":"fi","potentialAction":[{"@type":"ReadAction","target":["https:\/\/www.eltako.com\/fi\/eltako-trailerin\/"]}]},{"@type":"ImageObject","inLanguage":"fi","@id":"https:\/\/www.eltako.com\/fi\/eltako-trailerin\/#primaryimage","url":"https:\/\/www.eltako.com\/wp-content\/uploads\/2021\/09\/messe.jpg","contentUrl":"https:\/\/www.eltako.com\/wp-content\/uploads\/2021\/09\/messe.jpg","width":3584,"height":1304},{"@type":"BreadcrumbList","@id":"https:\/\/www.eltako.com\/fi\/eltako-trailerin\/#breadcrumb","itemListElement":[{"@type":"ListItem","position":1,"name":"Kotisivu","item":"https:\/\/www.eltako.com\/fi\/"},{"@type":"ListItem","position":2,"name":"Eltako mobile"}]},{"@type":"WebSite","@id":"https:\/\/www.eltako.com\/en\/#website","url":"https:\/\/www.eltako.com\/en\/","name":"Eltako","description":"Schaltger\u00e4te, Netzteile, Stromz\u00e4hler, Dimmer, Geb\u00e4udeinstallation, Steuerungstechnik, Smart Home-L\u00f6sungen, Geb\u00e4udefunk, EnOcean-Technologie","potentialAction":[{"@type":"SearchAction","target":{"@type":"EntryPoint","urlTemplate":"https:\/\/www.eltako.com\/en\/?s={search_term_string}"},"query-input":{"@type":"PropertyValueSpecification","valueRequired":true,"valueName":"search_term_string"}}],"inLanguage":"fi"}]}},"_links":{"self":[{"href":"https:\/\/www.eltako.com\/fi\/wp-json\/wp\/v2\/pages\/29331","targetHints":{"allow":["GET"]}}],"collection":[{"href":"https:\/\/www.eltako.com\/fi\/wp-json\/wp\/v2\/pages"}],"about":[{"href":"https:\/\/www.eltako.com\/fi\/wp-json\/wp\/v2\/types\/page"}],"author":[{"embeddable":true,"href":"https:\/\/www.eltako.com\/fi\/wp-json\/wp\/v2\/users\/31"}],"replies":[{"embeddable":true,"href":"https:\/\/www.eltako.com\/fi\/wp-json\/wp\/v2\/comments?post=29331"}],"version-history":[{"count":0,"href":"https:\/\/www.eltako.com\/fi\/wp-json\/wp\/v2\/pages\/29331\/revisions"}],"wp:featuredmedia":[{"embeddable":true,"href":"https:\/\/www.eltako.com\/fi\/wp-json\/wp\/v2\/media\/23546"}],"wp:attachment":[{"href":"https:\/\/www.eltako.com\/fi\/wp-json\/wp\/v2\/media?parent=29331"}],"curies":[{"name":"wp","href":"https:\/\/api.w.org\/{rel}","templated":true}]}}