{"id":135762,"date":"2024-01-15T08:12:54","date_gmt":"2024-01-15T07:12:54","guid":{"rendered":"https:\/\/www.eltako.com\/yksityisyydensuoja-sosiaalinen-media\/"},"modified":"2024-01-15T16:56:43","modified_gmt":"2024-01-15T15:56:43","slug":"yksityisyydensuoja-sosiaalinen-media","status":"publish","type":"page","link":"https:\/\/www.eltako.com\/fi\/yksityisyydensuoja-sosiaalinen-media\/","title":{"rendered":"Yksityisyydensuoja sosiaalinen media"},"content":{"rendered":"\n<h2 class=\"wp-block-heading\">Palveluntarjoaja, tietosuojatiedot, oikeudelliset huomautukset ja etiketti tarjoamillemme ja yll\u00e4pit\u00e4millemme sosiaalisen median alustoille.<\/h2>\n\n\n\n<div style=\"height:30px\" aria-hidden=\"true\" class=\"wp-block-spacer\"><\/div>\n\n\n\n<h3 class=\"wp-block-heading\"><strong>Palveluntarjoaja<\/strong><\/h3>\n\n\n\n<p>ELTAKO GmbH<br>Hofener Stra\u00dfe 54 <br>70736 Fellbach<br>Puh.: 0711 94350000<br>S\u00e4hk\u00f6posti: info@eltako.de<br><br>Rekisterituomioistuin: Stuttgart<br>Rekisterinumero: HRB261445<br>Toimitusjohtajat: Ulrich Horst Ziegler, Ulrich Ziegler<br>Liikevaihtoverotunniste: DE147330893.<\/p>\n\n\n\n<div style=\"height:30px\" aria-hidden=\"true\" class=\"wp-block-spacer\"><\/div>\n\n\n\n<h3 class=\"wp-block-heading\"><strong>Tietosuojaa koskevat tiedot sosiaalisen median kanaviemme k\u00e4yt\u00f6st\u00e4<\/strong><\/h3>\n\n\n\n<p>Sosiaalisen median kanavamme ovat meid\u00e4n (palveluntarjoajan) yll\u00e4pit\u00e4mi\u00e4.<\/p>\n\n\n\n<p><strong>Tietosuojavastaava<\/strong><strong><br><\/strong>Knechtin tietosuoja<br>Stefan Knecht<br>Puhelin: +49 (0)7021 487628.<br><a href=\"mailto:datenschutz@eltako.de\">datenschutz@eltako.de<\/a><\/p>\n\n\n\n<p><strong>Yleisi\u00e4 tietoja<\/strong><\/p>\n\n\n\n<p>Jotta voimme tavoittaa kiinnostuneet hakijat tai kiinnostuneet osapuolet ja tarjota ajantasaista sis\u00e4lt\u00f6\u00e4 ja tietoa meist\u00e4, tarjoamme niit\u00e4 kolmannen osapuolen alustoilla itse yll\u00e4pit\u00e4m\u00e4mme verkkosivuston ulkopuolella.<\/p>\n\n\n\n<p>Nykyinen oikeusk\u00e4yt\u00e4nt\u00f6 viittaa siihen, ett\u00e4 t\u00e4ss\u00e4 tapauksessa olemme osittain vastuussa henkil\u00f6tietojesi k\u00e4sittelyst\u00e4, joka tapahtuu siell\u00e4. T\u00e4st\u00e4 syyst\u00e4 ilmoitamme sinulle t\u00e4st\u00e4 k\u00e4sittelyst\u00e4 niill\u00e4 alustoilla, joilla olemme l\u00e4sn\u00e4, ja siin\u00e4 m\u00e4\u00e4rin kuin olemme siit\u00e4 tietoisia. Eltako GmbH ei voi vaikuttaa alustojen suorittamaan k\u00e4sittelyyn. P\u00e4\u00e4symme k\u00e4siksi henkil\u00f6tietoihin vain niihin, jotka itse julkistat alustan kautta. Saatamme k\u00e4sitell\u00e4 n\u00e4it\u00e4 tietoja muihin tarkoituksiin. Katso lis\u00e4tietoja tietosuojasta erityisesti kiinnostuneille ja hakijoille.<\/p>\n\n\n\n<p><strong>Mit\u00e4 henkil\u00f6tietoryhmi\u00e4 k\u00e4sitell\u00e4\u00e4n ja mihin tarkoituksiin? <\/strong><\/p>\n\n\n\n<p>Kun vierailet jollakin verkkosivustollamme alustalla, alustan yll\u00e4pit\u00e4j\u00e4 asettaa yleens\u00e4 ev\u00e4steet. Ev\u00e4steet ovat tietopaketteja, jotka selaimesi ker\u00e4\u00e4 ja tallentaa tietokoneellesi tietyksi ajaksi. Meille on t\u00e4rke\u00e4\u00e4, ett\u00e4 tied\u00e4t, ett\u00e4 kolmannen osapuolen alustojen yll\u00e4pit\u00e4j\u00e4t k\u00e4ytt\u00e4v\u00e4t ev\u00e4steit\u00e4 ker\u00e4t\u00e4kseen k\u00e4ytt\u00e4jilt\u00e4 henkil\u00f6tietoja k\u00e4ytt\u00e4jien k\u00e4ytt\u00e4ytymisen arvioimiseksi. T\u00e4m\u00e4 voi tapahtua tilastollisia tarkoituksia tai mahdollisesti my\u00f6s profilointia varten. K\u00e4sittely tapahtuu erityisesti, jos olet rekister\u00f6itynyt n\u00e4ille kolmannen osapuolen alustoille. Tarkempia tietoja k\u00e4ytt\u00f6tarkoituksista l\u00f6yd\u00e4t alustojen tietosuojaa koskevista tiedoista.<\/p>\n\n\n\n<p>Eltako GmbH saa kolmansien osapuolten alustojen yll\u00e4pit\u00e4jilt\u00e4 analyysej\u00e4 verkkosivustomme k\u00e4yt\u00f6st\u00e4 yhdistetyss\u00e4 tai pseudonymisoidussa muodossa. Ainoastaan t\u00e4ysin anonymisoidut tiedot eiv\u00e4t kuulu yleisen tietosuoja-asetuksen soveltamisalaan, koska henkil\u00f6llisyytt\u00e4si ei ole mahdollista tunnistaa uudelleen, kun otetaan huomioon siihen liittyv\u00e4 ty\u00f6 ja oikeudellinen lupa. K\u00e4yt\u00e4mme n\u00e4it\u00e4 tilastotietoja r\u00e4\u00e4t\u00e4l\u00f6id\u00e4ksemme tarjouksemme ja tavoittaaksemme paremmin k\u00e4vij\u00e4mme ja kiinnostuneet osapuolet.<br>T\u00e4llainen pseudonymisoitujen tai yhdistettyjen tietojen k\u00e4sittely on lievin keino, joka on t\u00e4rke\u00e4mpi kuin henkil\u00f6tietojen suojaa edellytt\u00e4v\u00e4t etusi tai perusoikeutesi ja -vapauksiesi. K\u00e4sittelyn oikeusperusta perustuu 6 artiklan kohtaan. 1 lit. f GDPR.<\/p>\n\n\n\n<p>Alustan yll\u00e4pit\u00e4j\u00e4t toimittavat meille seuraavia tietoluokkia verkkosivuston toiminnan analysoimiseksi, jos olet antanut tarvittavat tiedot tai jos yll\u00e4pit\u00e4j\u00e4 on ker\u00e4nnyt ne:<\/p>\n\n\n\n<ul class=\"wp-block-list\">\n<li>Ik\u00e4jakauma<\/li>\n\n\n\n<li>Sukupuoli<\/li>\n\n\n\n<li>Asuinpaikka (kaupunki ja maa)<\/li>\n\n\n\n<li>Laitteet<\/li>\n\n\n\n<li>Kieli<\/li>\n\n\n\n<li>Demografiset tiedot (toimiala, yrityksen koko, toimiala, sijainti, urataso).<\/li>\n\n\n\n<li>Mobiili tai kiinte\u00e4 sivun\u00e4kym\u00e4 (YouTube lis\u00e4ksi yksitt\u00e4iset laitetyypit)<\/li>\n\n\n\n<li>Vuorovaikutukset julkaisujen yhteydess\u00e4 (esim. reaktiot, kommentit, jakaminen, klikkaukset, katselut, videon k\u00e4ytt\u00f6aika).<\/li>\n\n\n\n<li>K\u00e4ytt\u00f6aika <\/li>\n<\/ul>\n\n\n\n<p>Kuten jo mainittiin, meill\u00e4 ei ole tarkkaa tietoa siit\u00e4, mit\u00e4 tietoja alustan yll\u00e4pit\u00e4j\u00e4t ker\u00e4\u00e4v\u00e4t sinusta ja mihin tarkoituksiin. Ymm\u00e4rr\u00e4th\u00e4n, ett\u00e4 voimme antaa tietoja vain k\u00e4sittelemiemme henkil\u00f6tietojen puitteissa.<\/p>\n\n\n\n<p><strong>S\u00e4ilytysaika ja velvollisuus toimittaa meille henkil\u00f6tietoja<\/strong><\/p>\n\n\n\n<p>Henkil\u00f6tietojasi voidaan s\u00e4ilytt\u00e4\u00e4 j\u00e4rjestelmiss\u00e4mme, jos ja niin kauan kuin niit\u00e4 tarvitaan niihin tarkoituksiin, joita varten ne on ker\u00e4tty, tai jos lakis\u00e4\u00e4teiset s\u00e4ilytysvelvoitteet edellytt\u00e4v\u00e4t.<\/p>\n\n\n\n<p>Sinulla ei ole sopimusperusteista tai lakis\u00e4\u00e4teist\u00e4 velvollisuutta antaa meille henkil\u00f6tietojasi.<\/p>\n\n\n\n<p><strong>Tietojen vienti turvattomaan kolmanteen maahan<\/strong><\/p>\n\n\n\n<p>Meille on t\u00e4rke\u00e4\u00e4, ett\u00e4 tied\u00e4tte, ett\u00e4 alustan yll\u00e4pit\u00e4j\u00e4t ovat monissa tapauksissa amerikkalaisia yrityksi\u00e4. Henkil\u00f6tietojasi saatetaan n\u00e4in ollen k\u00e4sitell\u00e4 ETA:n ulkopuolella turvattomassa kolmannessa maassa (ei EU:n riitt\u00e4vyysp\u00e4\u00e4t\u00f6st\u00e4). Vientialustan yll\u00e4pit\u00e4jien vastuulla on varmistaa, ett\u00e4 tietosuojaoikeudet ja -vapaudet taataan asianmukaisesti. T\u00e4m\u00e4 voi johtaa siihen, ett\u00e4 menet\u00e4t jonkin verran hallintaa. Esimerkiksi Yhdysvaltain tiedustelupalvelut voivat n\u00e4hd\u00e4 tietosi, tai sinulla ei v\u00e4ltt\u00e4m\u00e4tt\u00e4 ole henkil\u00f6tietojasi koskevia oikeuksia tai oikeussuojakeinoja tai ne ovat vaikeampia.<\/p>\n\n\n\n<p><strong>Alustan operaattori<\/strong><strong><br><\/strong>Tietoja alustojen tietojenk\u00e4sittelyst\u00e4 on kunkin alustan tietosuojaselosteessa. Henkil\u00f6tietojesi osalta ota huomioon my\u00f6s alustan yll\u00e4pit\u00e4jien k\u00e4ytt\u00f6ehdot.<strong><\/strong><\/p>\n\n\n\n<p><strong>LinkedIn<br>LinkedIn Ireland Unlimited Company<br><\/strong>Wilton Place, Dublin 2, Ireland<br><a href=\"https:\/\/www.linkedin.com\/legal\/privacy-policy?trk=d_org_guest_company_overview_footer-privacy-policy\">Tietosuoja LinkedIniss\u00e4<\/a><br><a href=\"https:\/\/legal.linkedin.com\/pages-joint-controller-addendum\">Yhteist\u00e4 jalostusta koskeva sopimus<\/a><strong><\/strong><\/p>\n\n\n\n<p><strong>Twitter International Company<\/strong><br>One Cumberland Place<br>Fenian Street<br>Dublin 2<br>D02 AX07<br>Irlanti<br><a href=\"https:\/\/twitter.com\/de\/privacy\">Tietosuoja Twitteriss\u00e4<\/a><\/p>\n\n\n\n<p><strong>XING<br><\/strong>Uusi ty\u00f6 SE<br>Am Strandkai 1<br>20457 Hampuri<br>Saksa<br><a href=\"https:\/\/privacy.xing.com\/\">Tietosuoja XINGiss\u00e4<\/a><strong><\/strong><\/p>\n\n\n\n<p><strong>YouTube<\/strong><br>YouTube LLC<br>901 Cherry Ave.<br>San Bruno, CA 94066, Yhdysvallat<br><a href=\"https:\/\/policies.google.com\/privacy\">Tietosuoja YouTubessa<\/a><\/p>\n\n\n\n<p><strong>Meta Platforms Ireland Limited<\/strong><br>4 Grand Canal Square<br>Dublin 2, Irlanti<br><a href=\"https:\/\/www.facebook.com\/privacy\/policy\/?entry_point=data_policy_redirect&amp;entry=0\">Tietosuoja Facebookissa<\/a><br><a href=\"https:\/\/privacycenter.instagram.com\/policy\">Tietosuoja Instagramissa<\/a><\/p>\n\n\n\n<p><strong>Tietosuojaoikeutesi<\/strong><\/p>\n\n\n\n<p>Sinulla on oikeus saada tietoja Art. 15 GDPR mukaisesti, oikaisuoikeus art. 16 GDPR mukaisesti, artiklan 17 GDPR mukainen poisto-oikeus, oikeus k\u00e4sittelyn rajoittamiseen art. 18 GDPR ja oikeus tietojen siirrett\u00e4vyyteen art. 20 GDPR. K\u00e4yt\u00e4nn\u00f6ss\u00e4 DSGVO:n 21 artikla sis\u00e4lt\u00e4\u00e4 oikeuden vastustaa henkil\u00f6tietojen k\u00e4sittely\u00e4, jos k\u00e4sittely perustuu oikeutettuun etuun (DSGVO:n 6 artiklan 1 kohta f). T\u00e4m\u00e4 vastustusoikeus koskee kuitenkin vain henkil\u00f6kohtaisen tilanteenne erityisolosuhteita, jolloin yhti\u00f6mme oikeudet voivat olla ristiriidassa vastustusoikeutesi kanssa. Voit my\u00f6s milloin tahansa vastustaa henkil\u00f6tietojesi k\u00e4sittely\u00e4 suoramarkkinointia tai profilointia varten.<\/p>\n\n\n\n<p>K\u00e4ytt\u00e4\u00e4ksesi n\u00e4it\u00e4 oikeuksia, jotka koskevat alustojen suorittamaa tietojenk\u00e4sittely\u00e4, ota meihin suoraan yhteytt\u00e4 k\u00e4ytt\u00e4m\u00e4ll\u00e4 mahdollisuuksien mukaan annettuja yhteystietoja.\u00a0<br>Muissa tapauksissa tai muuten tarvittaessa l\u00e4het\u00e4 meille s\u00e4hk\u00f6postia osoitteeseen\u00a0<a href=\"mailto:datenschutz@eltako.de\">datenschutz@eltako.de<\/a>.<\/p>\n\n\n\n<p>Sinulla on oikeus valittaa tietosuojavalvontaviranomaiselle (DSGVO:n 77 artikla). Meist\u00e4 vastaava valvontaviranomainen on:<br>Tietosuojasta ja tiedonvapaudesta vastaava valtiovaltuutettu<br>Lautenschlagerstra\u00dfe 20<br>70173 Stuttgart<\/p>\n\n\n\n<div style=\"height:30px\" aria-hidden=\"true\" class=\"wp-block-spacer\"><\/div>\n\n\n\n<h3 class=\"wp-block-heading\"><strong>Oikeudelliset tiedot<\/strong><\/h3>\n\n\n\n<p><strong>Tekij\u00e4noikeus <\/strong><\/p>\n\n\n\n<p>Meid\u00e4n tai toimeksiantamiemme kolmansien osapuolten luoma sis\u00e4lt\u00f6\/teokset ovat Saksan tekij\u00e4noikeuslain alaisia. Kaikenlainen k\u00e4ytt\u00f6 tekij\u00e4noikeuslain rajojen ulkopuolella edellytt\u00e4\u00e4 tekij\u00e4n tai luojan kirjallista suostumusta. Lataaminen ja kopioiminen on sallittua vain yksityiseen, ei-kaupalliseen k\u00e4ytt\u00f6\u00f6n. Kolmannen osapuolen sis\u00e4lt\u00f6 on merkitty sellaiseksi. Jos havaitset tekij\u00e4noikeusrikkomuksen, pyyd\u00e4mme sinua yst\u00e4v\u00e4llisesti ilmoittamaan siit\u00e4 meille. Poistamme v\u00e4litt\u00f6m\u00e4sti kaiken sis\u00e4ll\u00f6n, joka muodostaa rikkomuksen.<\/p>\n\n\n\n<p><strong>Lisenssioikeudet<\/strong><\/p>\n\n\n\n<p>Meid\u00e4n on suojeltava immateriaalioikeuksiamme (patentit, tavaramerkit ja tekij\u00e4noikeudet), emmek\u00e4 my\u00f6nn\u00e4 t\u00e4ss\u00e4 yhteydess\u00e4 lisenssioikeuksia.<\/p>\n\n\n\n<p><strong>Vastuu <\/strong><\/p>\n\n\n\n<p>Saatat my\u00f6s l\u00f6yt\u00e4\u00e4 linkkej\u00e4 muille verkkosivustoille Wild-Wild-Webiss\u00e4 tai Internetiss\u00e4 sosiaalisessa mediassamme. Emme voi vaikuttaa niiden suunnitteluun ja sis\u00e4lt\u00f6\u00f6n. Siksi emme voi ottaa mit\u00e4\u00e4n vastuuta niiden ajankohtaisuudesta, oikeellisuudesta, t\u00e4ydellisyydest\u00e4 tai laadusta ja otamme niist\u00e4 et\u00e4isyytt\u00e4.<br><br><strong>Menettely\u00e4 koskevat asiakirjat<\/strong><\/p>\n\n\n\n<p>Muiden digitaalisten tarjoustemme k\u00e4ytt\u00f6ehdot (esim. yleiset k\u00e4ytt\u00f6ehdot, k\u00e4ytt\u00f6ehdot tai palveluehdot) ovat etusijalla t\u00e4h\u00e4n oikeudelliseen ilmoitukseen n\u00e4hden.<\/p>\n\n\n\n<div style=\"height:30px\" aria-hidden=\"true\" class=\"wp-block-spacer\"><\/div>\n\n\n\n<h3 class=\"wp-block-heading\"><strong>Netiketti<\/strong><\/h3>\n\n\n\n<p>Pyyd\u00e4mme yst\u00e4v\u00e4llist\u00e4 ja kunnioittavaa s\u00e4vy\u00e4. Jokaisella on oikeus vapaaseen mielipiteeseen &#8211; lain sallimissa rajoissa.<\/p>\n\n\n\n<p>N\u00e4it\u00e4 emme halua:<\/p>\n\n\n\n<ul class=\"wp-block-list\">\n<li>Loukkaukset, uhkaukset ja herjaukset<\/li>\n\n\n\n<li>V\u00e4kivaltaan kehottaminen<\/li>\n\n\n\n<li>Radikaalit aatteet, rasismi, vihapropaganda<\/li>\n\n\n\n<li>Pornografia ja rivous<\/li>\n\n\n\n<li>Kolmansien osapuolten rikkomukset<\/li>\n\n\n\n<li>Lahjoituspyynn\u00f6t tai vetoomukset kampanjoita\/ralleja varten.<\/li>\n\n\n\n<li>Vaalimainonta tai puoluemainonta<\/li>\n\n\n\n<li>Kommentit tai linkit ilman viittausta asianomaiseen viestiin<\/li>\n\n\n\n<li>V\u00e4\u00e4rink\u00e4ytt\u00f6 mainostarkoituksiin<\/li>\n\n\n\n<li>Foorumi-\/blogikirjoitusten julkaisut, yksityinen kirjeenvaihto tai yksityiset tiedot (esim. osoite, s\u00e4hk\u00f6postiosoite tai puhelinnumero).<\/li>\n<\/ul>\n\n\n\n<p>Pid\u00e4t\u00e4mme oikeuden poistaa kommentteja ja tarvittaessa est\u00e4\u00e4 &#8221;toistuvasti rikkoneet&#8221;. Jokainen k\u00e4ytt\u00e4j\u00e4 on itse vastuussa julkaisemistaan osuuksista. Emme ota t\u00e4st\u00e4 mit\u00e4\u00e4n vastuuta.<br><\/p>\n\n\n\n<p>Muista aina, ett\u00e4 Internet ei unohda mit\u00e4\u00e4n, etk\u00e4 todenn\u00e4k\u00f6isesti ole anonyymi.<br>Toivomme, ett\u00e4 nautit sosiaalisen median tarjonnastamme!<\/p>\n\n\n\n<p><br><br>Tilanne: marraskuu 2022<\/p>\n","protected":false},"excerpt":{"rendered":"<p>Palveluntarjoaja, tietosuojatiedot, oikeudelliset huomautukset ja etiketti tarjoamillemme ja yll\u00e4pit\u00e4millemme sosiaalisen median alustoille. Palveluntarjoaja ELTAKO GmbHHofener Stra\u00dfe 54 70736 FellbachPuh.: 0711 94350000S\u00e4hk\u00f6posti: info@eltako.de Rekisterituomioistuin: StuttgartRekisterinumero: HRB261445Toimitusjohtajat: Ulrich Horst Ziegler, Ulrich ZieglerLiikevaihtoverotunniste: DE147330893. Tietosuojaa koskevat tiedot sosiaalisen median kanaviemme k\u00e4yt\u00f6st\u00e4 Sosiaalisen median kanavamme ovat meid\u00e4n (palveluntarjoajan) yll\u00e4pit\u00e4mi\u00e4. TietosuojavastaavaKnechtin tietosuojaStefan KnechtPuhelin: +49 (0)7021 487628.datenschutz@eltako.de Yleisi\u00e4 tietoja Jotta voimme [&hellip;]<\/p>\n","protected":false},"author":39,"featured_media":0,"parent":0,"menu_order":0,"comment_status":"closed","ping_status":"closed","template":"","meta":{"_acf_changed":false,"footnotes":"","_links_to":"","_links_to_target":""},"class_list":["post-135762","page","type-page","status-publish","hentry"],"acf":[],"yoast_head":"<!-- This site is optimized with the Yoast SEO plugin v27.2 - https:\/\/yoast.com\/product\/yoast-seo-wordpress\/ -->\n<title>Yksityisyydensuoja sosiaalinen media &#187; Eltako<\/title>\n<meta name=\"robots\" content=\"index, follow, max-snippet:-1, max-image-preview:large, max-video-preview:-1\" \/>\n<link rel=\"canonical\" href=\"https:\/\/www.eltako.com\/fi\/yksityisyydensuoja-sosiaalinen-media\/\" \/>\n<meta property=\"og:locale\" content=\"fi_FI\" \/>\n<meta property=\"og:type\" content=\"article\" \/>\n<meta property=\"og:title\" content=\"Yksityisyydensuoja sosiaalinen media &#187; Eltako\" \/>\n<meta property=\"og:description\" content=\"Palveluntarjoaja, tietosuojatiedot, oikeudelliset huomautukset ja etiketti tarjoamillemme ja yll\u00e4pit\u00e4millemme sosiaalisen median alustoille. Palveluntarjoaja ELTAKO GmbHHofener Stra\u00dfe 54 70736 FellbachPuh.: 0711 94350000S\u00e4hk\u00f6posti: info@eltako.de Rekisterituomioistuin: StuttgartRekisterinumero: HRB261445Toimitusjohtajat: Ulrich Horst Ziegler, Ulrich ZieglerLiikevaihtoverotunniste: DE147330893. Tietosuojaa koskevat tiedot sosiaalisen median kanaviemme k\u00e4yt\u00f6st\u00e4 Sosiaalisen median kanavamme ovat meid\u00e4n (palveluntarjoajan) yll\u00e4pit\u00e4mi\u00e4. TietosuojavastaavaKnechtin tietosuojaStefan KnechtPuhelin: +49 (0)7021 487628.datenschutz@eltako.de Yleisi\u00e4 tietoja Jotta voimme [&hellip;]\" \/>\n<meta property=\"og:url\" content=\"https:\/\/www.eltako.com\/fi\/yksityisyydensuoja-sosiaalinen-media\/\" \/>\n<meta property=\"og:site_name\" content=\"Eltako\" \/>\n<meta property=\"article:modified_time\" content=\"2024-01-15T15:56:43+00:00\" \/>\n<meta name=\"twitter:card\" content=\"summary_large_image\" \/>\n<meta name=\"twitter:label1\" content=\"Arvioitu lukuaika\" \/>\n\t<meta name=\"twitter:data1\" content=\"6 minuuttia\" \/>\n<script type=\"application\/ld+json\" class=\"yoast-schema-graph\">{\"@context\":\"https:\/\/schema.org\",\"@graph\":[{\"@type\":\"WebPage\",\"@id\":\"https:\/\/www.eltako.com\/fi\/yksityisyydensuoja-sosiaalinen-media\/\",\"url\":\"https:\/\/www.eltako.com\/fi\/yksityisyydensuoja-sosiaalinen-media\/\",\"name\":\"Yksityisyydensuoja sosiaalinen media &#187; Eltako\",\"isPartOf\":{\"@id\":\"https:\/\/www.eltako.com\/en\/#website\"},\"datePublished\":\"2024-01-15T07:12:54+00:00\",\"dateModified\":\"2024-01-15T15:56:43+00:00\",\"breadcrumb\":{\"@id\":\"https:\/\/www.eltako.com\/fi\/yksityisyydensuoja-sosiaalinen-media\/#breadcrumb\"},\"inLanguage\":\"fi\",\"potentialAction\":[{\"@type\":\"ReadAction\",\"target\":[\"https:\/\/www.eltako.com\/fi\/yksityisyydensuoja-sosiaalinen-media\/\"]}]},{\"@type\":\"BreadcrumbList\",\"@id\":\"https:\/\/www.eltako.com\/fi\/yksityisyydensuoja-sosiaalinen-media\/#breadcrumb\",\"itemListElement\":[{\"@type\":\"ListItem\",\"position\":1,\"name\":\"Kotisivu\",\"item\":\"https:\/\/www.eltako.com\/fi\/\"},{\"@type\":\"ListItem\",\"position\":2,\"name\":\"Yksityisyydensuoja sosiaalinen media\"}]},{\"@type\":\"WebSite\",\"@id\":\"https:\/\/www.eltako.com\/en\/#website\",\"url\":\"https:\/\/www.eltako.com\/en\/\",\"name\":\"Eltako\",\"description\":\"Schaltger\u00e4te, Netzteile, Stromz\u00e4hler, Dimmer, Geb\u00e4udeinstallation, Steuerungstechnik, Smart Home-L\u00f6sungen, Geb\u00e4udefunk, EnOcean-Technologie\",\"potentialAction\":[{\"@type\":\"SearchAction\",\"target\":{\"@type\":\"EntryPoint\",\"urlTemplate\":\"https:\/\/www.eltako.com\/en\/?s={search_term_string}\"},\"query-input\":{\"@type\":\"PropertyValueSpecification\",\"valueRequired\":true,\"valueName\":\"search_term_string\"}}],\"inLanguage\":\"fi\"}]}<\/script>\n<!-- \/ Yoast SEO plugin. -->","yoast_head_json":{"title":"Yksityisyydensuoja sosiaalinen media &#187; Eltako","robots":{"index":"index","follow":"follow","max-snippet":"max-snippet:-1","max-image-preview":"max-image-preview:large","max-video-preview":"max-video-preview:-1"},"canonical":"https:\/\/www.eltako.com\/fi\/yksityisyydensuoja-sosiaalinen-media\/","og_locale":"fi_FI","og_type":"article","og_title":"Yksityisyydensuoja sosiaalinen media &#187; Eltako","og_description":"Palveluntarjoaja, tietosuojatiedot, oikeudelliset huomautukset ja etiketti tarjoamillemme ja yll\u00e4pit\u00e4millemme sosiaalisen median alustoille. Palveluntarjoaja ELTAKO GmbHHofener Stra\u00dfe 54 70736 FellbachPuh.: 0711 94350000S\u00e4hk\u00f6posti: info@eltako.de Rekisterituomioistuin: StuttgartRekisterinumero: HRB261445Toimitusjohtajat: Ulrich Horst Ziegler, Ulrich ZieglerLiikevaihtoverotunniste: DE147330893. Tietosuojaa koskevat tiedot sosiaalisen median kanaviemme k\u00e4yt\u00f6st\u00e4 Sosiaalisen median kanavamme ovat meid\u00e4n (palveluntarjoajan) yll\u00e4pit\u00e4mi\u00e4. TietosuojavastaavaKnechtin tietosuojaStefan KnechtPuhelin: +49 (0)7021 487628.datenschutz@eltako.de Yleisi\u00e4 tietoja Jotta voimme [&hellip;]","og_url":"https:\/\/www.eltako.com\/fi\/yksityisyydensuoja-sosiaalinen-media\/","og_site_name":"Eltako","article_modified_time":"2024-01-15T15:56:43+00:00","twitter_card":"summary_large_image","twitter_misc":{"Arvioitu lukuaika":"6 minuuttia"},"schema":{"@context":"https:\/\/schema.org","@graph":[{"@type":"WebPage","@id":"https:\/\/www.eltako.com\/fi\/yksityisyydensuoja-sosiaalinen-media\/","url":"https:\/\/www.eltako.com\/fi\/yksityisyydensuoja-sosiaalinen-media\/","name":"Yksityisyydensuoja sosiaalinen media &#187; Eltako","isPartOf":{"@id":"https:\/\/www.eltako.com\/en\/#website"},"datePublished":"2024-01-15T07:12:54+00:00","dateModified":"2024-01-15T15:56:43+00:00","breadcrumb":{"@id":"https:\/\/www.eltako.com\/fi\/yksityisyydensuoja-sosiaalinen-media\/#breadcrumb"},"inLanguage":"fi","potentialAction":[{"@type":"ReadAction","target":["https:\/\/www.eltako.com\/fi\/yksityisyydensuoja-sosiaalinen-media\/"]}]},{"@type":"BreadcrumbList","@id":"https:\/\/www.eltako.com\/fi\/yksityisyydensuoja-sosiaalinen-media\/#breadcrumb","itemListElement":[{"@type":"ListItem","position":1,"name":"Kotisivu","item":"https:\/\/www.eltako.com\/fi\/"},{"@type":"ListItem","position":2,"name":"Yksityisyydensuoja sosiaalinen media"}]},{"@type":"WebSite","@id":"https:\/\/www.eltako.com\/en\/#website","url":"https:\/\/www.eltako.com\/en\/","name":"Eltako","description":"Schaltger\u00e4te, Netzteile, Stromz\u00e4hler, Dimmer, Geb\u00e4udeinstallation, Steuerungstechnik, Smart Home-L\u00f6sungen, Geb\u00e4udefunk, EnOcean-Technologie","potentialAction":[{"@type":"SearchAction","target":{"@type":"EntryPoint","urlTemplate":"https:\/\/www.eltako.com\/en\/?s={search_term_string}"},"query-input":{"@type":"PropertyValueSpecification","valueRequired":true,"valueName":"search_term_string"}}],"inLanguage":"fi"}]}},"_links":{"self":[{"href":"https:\/\/www.eltako.com\/fi\/wp-json\/wp\/v2\/pages\/135762","targetHints":{"allow":["GET"]}}],"collection":[{"href":"https:\/\/www.eltako.com\/fi\/wp-json\/wp\/v2\/pages"}],"about":[{"href":"https:\/\/www.eltako.com\/fi\/wp-json\/wp\/v2\/types\/page"}],"author":[{"embeddable":true,"href":"https:\/\/www.eltako.com\/fi\/wp-json\/wp\/v2\/users\/39"}],"replies":[{"embeddable":true,"href":"https:\/\/www.eltako.com\/fi\/wp-json\/wp\/v2\/comments?post=135762"}],"version-history":[{"count":2,"href":"https:\/\/www.eltako.com\/fi\/wp-json\/wp\/v2\/pages\/135762\/revisions"}],"predecessor-version":[{"id":135816,"href":"https:\/\/www.eltako.com\/fi\/wp-json\/wp\/v2\/pages\/135762\/revisions\/135816"}],"wp:attachment":[{"href":"https:\/\/www.eltako.com\/fi\/wp-json\/wp\/v2\/media?parent=135762"}],"curies":[{"name":"wp","href":"https:\/\/api.w.org\/{rel}","templated":true}]}}