{"id":129348,"date":"2023-04-14T12:52:45","date_gmt":"2023-04-14T10:52:45","guid":{"rendered":"https:\/\/www.eltako.com\/?page_id=129348"},"modified":"2023-04-26T15:14:03","modified_gmt":"2023-04-26T13:14:03","slug":"eltako-mobil","status":"publish","type":"page","link":"https:\/\/www.eltako.com\/fi\/palvelu\/eltako-mobil\/","title":{"rendered":"Eltako-Mobil"},"content":{"rendered":"\n<h1 class=\"wp-block-heading has-text-color\" style=\"color:#2364af;font-size:80px\">ELMO \u2013 uusin n\u00e4yttelyper\u00e4vaunumme!<\/h1>\n\n\n\n<div style=\"height:73px\" aria-hidden=\"true\" class=\"wp-block-spacer\"><\/div>\n\n\n\n<p class=\"has-medium-font-size\">Meid\u00e4n niin sanottu ELMO-per\u00e4vaunu, kiert\u00e4\u00e4 kollegojemme kanssa ymp\u00e4ri Skandinaviaa.<\/p>\n\n\n\n<p class=\"has-medium-font-size\">Per\u00e4vaunu on rakennettu muistuttamaan minitaloa. T\u00e4m\u00e4n leikkis\u00e4n ja interaktiivisen minitalon avulla, asiakkaat saavat helposti selke\u00e4n k\u00e4sityksen Elakon \u00e4lykodista ja voivat kokeilla sen toimintoja k\u00e4yt\u00e4nn\u00f6ss\u00e4.<\/p>\n\n\n\n<div style=\"height:48px\" aria-hidden=\"true\" class=\"wp-block-spacer\"><\/div>\n\n\n  \r\n  <div class=\"cd-product-wrapper el-mo-class\">\r\n    <img decoding=\"async\" src=\"https:\/\/www.eltako.com\/wp-content\/uploads\/2022\/01\/points.jpg\" id=\"home\" class=\"w-100\" alt=\"\" width=\"1288\" height=\"610\">\r\n    <ul class=\"list-unstyled\">\r\n    \r\n          <li class=\"cd-single-point\">\r\n        <a class=\"cd-img-replace\" href=\"#0\">Mehr<\/a>\r\n        <div class=\"cd-more-info cd-left\" style=\"margin-top:13px !important;\">\r\n          <h2>Test<\/h2>\r\n          <p class=\"pt-3\">\r\n            Test          <\/p>\r\n          <a href=\"#0\" class=\"cd-close-info cd-img-replace\">Schliessen<\/a>\r\n        <\/div>\r\n      <\/li>\r\n          <li class=\"cd-single-point\">\r\n        <a class=\"cd-img-replace\" href=\"#0\">Mehr<\/a>\r\n        <div class=\"cd-more-info cd-left\" style=\"margin-top:13px !important;\">\r\n          <h2>Test<\/h2>\r\n          <p class=\"pt-3\">\r\n            Test          <\/p>\r\n          <a href=\"#0\" class=\"cd-close-info cd-img-replace\">Schliessen<\/a>\r\n        <\/div>\r\n      <\/li>\r\n          <li class=\"cd-single-point\">\r\n        <a class=\"cd-img-replace\" href=\"#0\">Mehr<\/a>\r\n        <div class=\"cd-more-info cd-left\" style=\"margin-top:13px !important;\">\r\n          <h2>Test<\/h2>\r\n          <p class=\"pt-3\">\r\n            Test          <\/p>\r\n          <a href=\"#0\" class=\"cd-close-info cd-img-replace\">Schliessen<\/a>\r\n        <\/div>\r\n      <\/li>\r\n        \r\n    <\/ul>\r\n  <\/div>\r\n  \r\n  \n\n\n\n<p class=\"has-medium-font-size\">Se koostuu nelj\u00e4st\u00e4 eri huoneesta ja kuistista, jossa on pieni etupiha. T\u00e4h\u00e4\u00e4n minitaloon on asennettu reilusti erilaisia Eltakon Professional Smart Home -sarjan tuotteita. Yksi niist\u00e4 on iPad telakkamme, Eltako OnWall, jonka avulla voit kokeilla liven\u00e4 koko talon ohjausta yhden ohjauspaneelin kautta.<\/p>\n\n\n\n<div style=\"height:38px\" aria-hidden=\"true\" class=\"wp-block-spacer\"><\/div>\n\n\n\n<h2 class=\"wp-block-heading has-medium-font-size\">P\u00e4iv\u00e4m\u00e4\u00e4r\u00e4t tulevat pian!<\/h2>\n\n\n\n<div style=\"height:60px\" aria-hidden=\"true\" class=\"wp-block-spacer\"><\/div>\n\n\n\n <div class=\"brlbs-cmpnt-container brlbs-cmpnt-content-blocker brlbs-cmpnt-with-individual-styles\" data-borlabs-cookie-content-blocker-id=\"youtube-content-blocker\" data-borlabs-cookie-content=\"PGlmcmFtZSB3aWR0aD0iMTAwJSIgaGVpZ2h0PSI1MTUiIHNyYz0iaHR0cHM6Ly93d3cueW91dHViZS1ub2Nvb2tpZS5jb20vZW1iZWQvTUU1ZG8xNm82QWciIHRpdGxlPSJZb3VUdWJlIHZpZGVvIHBsYXllciIgZnJhbWVib3JkZXI9IjAiIGFsbG93PSJhY2NlbGVyb21ldGVyOyBhdXRvcGxheTsgY2xpcGJvYXJkLXdyaXRlOyBlbmNyeXB0ZWQtbWVkaWE7IGd5cm9zY29wZTsgcGljdHVyZS1pbi1waWN0dXJlIiBhbGxvd2Z1bGxzY3JlZW49IiI+PC9pZnJhbWU+\"><div class=\"brlbs-cmpnt-cb-preset-c brlbs-cmpnt-cb-youtube\"> <div class=\"brlbs-cmpnt-cb-thumbnail\" style=\"background-image: url('https:\/\/www.eltako.com\/wp-content\/uploads\/borlabs-cookie\/1\/yt_ME5do16o6Ag_hqdefault.jpg')\"><\/div> <div class=\"brlbs-cmpnt-cb-main\"> <div class=\"brlbs-cmpnt-cb-play-button\"><\/div> <div class=\"brlbs-cmpnt-cb-content\"> <p class=\"brlbs-cmpnt-cb-description\">You are currently viewing a placeholder content from <strong>YouTube<\/strong>. To access the actual content, click the button below. Please note that doing so will share data with third-party providers.<\/p> <a class=\"brlbs-cmpnt-cb-provider-toggle\" href=\"#\" data-borlabs-cookie-show-provider-information role=\"button\">More Information<\/a> <\/div> <div class=\"brlbs-cmpnt-cb-buttons\"> <a class=\"brlbs-cmpnt-cb-btn\" href=\"#\" data-borlabs-cookie-unblock role=\"button\">Unblock content<\/a> <a class=\"brlbs-cmpnt-cb-btn\" href=\"#\" data-borlabs-cookie-accept-service role=\"button\" style=\"display: inherit\">Accept required service and unblock content<\/a> <\/div> <\/div> <\/div><\/div>\n","protected":false},"excerpt":{"rendered":"<p>ELMO \u2013 uusin n\u00e4yttelyper\u00e4vaunumme! Meid\u00e4n niin sanottu ELMO-per\u00e4vaunu, kiert\u00e4\u00e4 kollegojemme kanssa ymp\u00e4ri Skandinaviaa. Per\u00e4vaunu on rakennettu muistuttamaan minitaloa. T\u00e4m\u00e4n leikkis\u00e4n ja interaktiivisen minitalon avulla, asiakkaat saavat helposti selke\u00e4n k\u00e4sityksen Elakon \u00e4lykodista ja voivat kokeilla sen toimintoja k\u00e4yt\u00e4nn\u00f6ss\u00e4. Se koostuu nelj\u00e4st\u00e4 eri huoneesta ja kuistista, jossa on pieni etupiha. T\u00e4h\u00e4\u00e4n minitaloon on asennettu reilusti erilaisia Eltakon [&hellip;]<\/p>\n","protected":false},"author":39,"featured_media":23546,"parent":31886,"menu_order":3,"comment_status":"closed","ping_status":"closed","template":"templates\/elmo-landingpage.php","meta":{"_acf_changed":false,"footnotes":"","_links_to":"","_links_to_target":""},"class_list":["post-129348","page","type-page","status-publish","has-post-thumbnail","hentry"],"acf":[],"yoast_head":"<!-- This site is optimized with the Yoast SEO plugin v27.2 - https:\/\/yoast.com\/product\/yoast-seo-wordpress\/ -->\n<title>Eltako-Mobil &#187; Eltako<\/title>\n<meta name=\"robots\" content=\"index, follow, max-snippet:-1, max-image-preview:large, max-video-preview:-1\" \/>\n<link rel=\"canonical\" href=\"https:\/\/www.eltako.com\/fi\/palvelu\/eltako-mobil\/\" \/>\n<meta property=\"og:locale\" content=\"fi_FI\" \/>\n<meta property=\"og:type\" content=\"article\" \/>\n<meta property=\"og:title\" content=\"Eltako-Mobil &#187; Eltako\" \/>\n<meta property=\"og:description\" content=\"ELMO \u2013 uusin n\u00e4yttelyper\u00e4vaunumme! Meid\u00e4n niin sanottu ELMO-per\u00e4vaunu, kiert\u00e4\u00e4 kollegojemme kanssa ymp\u00e4ri Skandinaviaa. Per\u00e4vaunu on rakennettu muistuttamaan minitaloa. T\u00e4m\u00e4n leikkis\u00e4n ja interaktiivisen minitalon avulla, asiakkaat saavat helposti selke\u00e4n k\u00e4sityksen Elakon \u00e4lykodista ja voivat kokeilla sen toimintoja k\u00e4yt\u00e4nn\u00f6ss\u00e4. Se koostuu nelj\u00e4st\u00e4 eri huoneesta ja kuistista, jossa on pieni etupiha. T\u00e4h\u00e4\u00e4n minitaloon on asennettu reilusti erilaisia Eltakon [&hellip;]\" \/>\n<meta property=\"og:url\" content=\"https:\/\/www.eltako.com\/fi\/palvelu\/eltako-mobil\/\" \/>\n<meta property=\"og:site_name\" content=\"Eltako\" \/>\n<meta property=\"article:modified_time\" content=\"2023-04-26T13:14:03+00:00\" \/>\n<meta property=\"og:image\" content=\"https:\/\/www.eltako.com\/wp-content\/uploads\/2021\/09\/messe.jpg\" \/>\n\t<meta property=\"og:image:width\" content=\"3584\" \/>\n\t<meta property=\"og:image:height\" content=\"1304\" \/>\n\t<meta property=\"og:image:type\" content=\"image\/jpeg\" \/>\n<meta name=\"twitter:card\" content=\"summary_large_image\" \/>\n<meta name=\"twitter:label1\" content=\"Arvioitu lukuaika\" \/>\n\t<meta name=\"twitter:data1\" content=\"1 minuutti\" \/>\n<script type=\"application\/ld+json\" class=\"yoast-schema-graph\">{\"@context\":\"https:\/\/schema.org\",\"@graph\":[{\"@type\":\"WebPage\",\"@id\":\"https:\/\/www.eltako.com\/fi\/palvelu\/eltako-mobil\/\",\"url\":\"https:\/\/www.eltako.com\/fi\/palvelu\/eltako-mobil\/\",\"name\":\"Eltako-Mobil &#187; Eltako\",\"isPartOf\":{\"@id\":\"https:\/\/www.eltako.com\/en\/#website\"},\"primaryImageOfPage\":{\"@id\":\"https:\/\/www.eltako.com\/fi\/palvelu\/eltako-mobil\/#primaryimage\"},\"image\":{\"@id\":\"https:\/\/www.eltako.com\/fi\/palvelu\/eltako-mobil\/#primaryimage\"},\"thumbnailUrl\":\"https:\/\/www.eltako.com\/wp-content\/uploads\/2021\/09\/messe.jpg\",\"datePublished\":\"2023-04-14T10:52:45+00:00\",\"dateModified\":\"2023-04-26T13:14:03+00:00\",\"breadcrumb\":{\"@id\":\"https:\/\/www.eltako.com\/fi\/palvelu\/eltako-mobil\/#breadcrumb\"},\"inLanguage\":\"fi\",\"potentialAction\":[{\"@type\":\"ReadAction\",\"target\":[\"https:\/\/www.eltako.com\/fi\/palvelu\/eltako-mobil\/\"]}]},{\"@type\":\"ImageObject\",\"inLanguage\":\"fi\",\"@id\":\"https:\/\/www.eltako.com\/fi\/palvelu\/eltako-mobil\/#primaryimage\",\"url\":\"https:\/\/www.eltako.com\/wp-content\/uploads\/2021\/09\/messe.jpg\",\"contentUrl\":\"https:\/\/www.eltako.com\/wp-content\/uploads\/2021\/09\/messe.jpg\",\"width\":3584,\"height\":1304},{\"@type\":\"BreadcrumbList\",\"@id\":\"https:\/\/www.eltako.com\/fi\/palvelu\/eltako-mobil\/#breadcrumb\",\"itemListElement\":[{\"@type\":\"ListItem\",\"position\":1,\"name\":\"Kotisivu\",\"item\":\"https:\/\/www.eltako.com\/fi\/\"},{\"@type\":\"ListItem\",\"position\":2,\"name\":\"Palvelu\",\"item\":\"https:\/\/www.eltako.com\/fi\/palvelu\/\"},{\"@type\":\"ListItem\",\"position\":3,\"name\":\"Eltako-Mobil\"}]},{\"@type\":\"WebSite\",\"@id\":\"https:\/\/www.eltako.com\/en\/#website\",\"url\":\"https:\/\/www.eltako.com\/en\/\",\"name\":\"Eltako\",\"description\":\"Schaltger\u00e4te, Netzteile, Stromz\u00e4hler, Dimmer, Geb\u00e4udeinstallation, Steuerungstechnik, Smart Home-L\u00f6sungen, Geb\u00e4udefunk, EnOcean-Technologie\",\"potentialAction\":[{\"@type\":\"SearchAction\",\"target\":{\"@type\":\"EntryPoint\",\"urlTemplate\":\"https:\/\/www.eltako.com\/en\/?s={search_term_string}\"},\"query-input\":{\"@type\":\"PropertyValueSpecification\",\"valueRequired\":true,\"valueName\":\"search_term_string\"}}],\"inLanguage\":\"fi\"}]}<\/script>\n<!-- \/ Yoast SEO plugin. -->","yoast_head_json":{"title":"Eltako-Mobil &#187; Eltako","robots":{"index":"index","follow":"follow","max-snippet":"max-snippet:-1","max-image-preview":"max-image-preview:large","max-video-preview":"max-video-preview:-1"},"canonical":"https:\/\/www.eltako.com\/fi\/palvelu\/eltako-mobil\/","og_locale":"fi_FI","og_type":"article","og_title":"Eltako-Mobil &#187; Eltako","og_description":"ELMO \u2013 uusin n\u00e4yttelyper\u00e4vaunumme! Meid\u00e4n niin sanottu ELMO-per\u00e4vaunu, kiert\u00e4\u00e4 kollegojemme kanssa ymp\u00e4ri Skandinaviaa. Per\u00e4vaunu on rakennettu muistuttamaan minitaloa. T\u00e4m\u00e4n leikkis\u00e4n ja interaktiivisen minitalon avulla, asiakkaat saavat helposti selke\u00e4n k\u00e4sityksen Elakon \u00e4lykodista ja voivat kokeilla sen toimintoja k\u00e4yt\u00e4nn\u00f6ss\u00e4. Se koostuu nelj\u00e4st\u00e4 eri huoneesta ja kuistista, jossa on pieni etupiha. T\u00e4h\u00e4\u00e4n minitaloon on asennettu reilusti erilaisia Eltakon [&hellip;]","og_url":"https:\/\/www.eltako.com\/fi\/palvelu\/eltako-mobil\/","og_site_name":"Eltako","article_modified_time":"2023-04-26T13:14:03+00:00","og_image":[{"width":3584,"height":1304,"url":"https:\/\/www.eltako.com\/wp-content\/uploads\/2021\/09\/messe.jpg","type":"image\/jpeg"}],"twitter_card":"summary_large_image","twitter_misc":{"Arvioitu lukuaika":"1 minuutti"},"schema":{"@context":"https:\/\/schema.org","@graph":[{"@type":"WebPage","@id":"https:\/\/www.eltako.com\/fi\/palvelu\/eltako-mobil\/","url":"https:\/\/www.eltako.com\/fi\/palvelu\/eltako-mobil\/","name":"Eltako-Mobil &#187; Eltako","isPartOf":{"@id":"https:\/\/www.eltako.com\/en\/#website"},"primaryImageOfPage":{"@id":"https:\/\/www.eltako.com\/fi\/palvelu\/eltako-mobil\/#primaryimage"},"image":{"@id":"https:\/\/www.eltako.com\/fi\/palvelu\/eltako-mobil\/#primaryimage"},"thumbnailUrl":"https:\/\/www.eltako.com\/wp-content\/uploads\/2021\/09\/messe.jpg","datePublished":"2023-04-14T10:52:45+00:00","dateModified":"2023-04-26T13:14:03+00:00","breadcrumb":{"@id":"https:\/\/www.eltako.com\/fi\/palvelu\/eltako-mobil\/#breadcrumb"},"inLanguage":"fi","potentialAction":[{"@type":"ReadAction","target":["https:\/\/www.eltako.com\/fi\/palvelu\/eltako-mobil\/"]}]},{"@type":"ImageObject","inLanguage":"fi","@id":"https:\/\/www.eltako.com\/fi\/palvelu\/eltako-mobil\/#primaryimage","url":"https:\/\/www.eltako.com\/wp-content\/uploads\/2021\/09\/messe.jpg","contentUrl":"https:\/\/www.eltako.com\/wp-content\/uploads\/2021\/09\/messe.jpg","width":3584,"height":1304},{"@type":"BreadcrumbList","@id":"https:\/\/www.eltako.com\/fi\/palvelu\/eltako-mobil\/#breadcrumb","itemListElement":[{"@type":"ListItem","position":1,"name":"Kotisivu","item":"https:\/\/www.eltako.com\/fi\/"},{"@type":"ListItem","position":2,"name":"Palvelu","item":"https:\/\/www.eltako.com\/fi\/palvelu\/"},{"@type":"ListItem","position":3,"name":"Eltako-Mobil"}]},{"@type":"WebSite","@id":"https:\/\/www.eltako.com\/en\/#website","url":"https:\/\/www.eltako.com\/en\/","name":"Eltako","description":"Schaltger\u00e4te, Netzteile, Stromz\u00e4hler, Dimmer, Geb\u00e4udeinstallation, Steuerungstechnik, Smart Home-L\u00f6sungen, Geb\u00e4udefunk, EnOcean-Technologie","potentialAction":[{"@type":"SearchAction","target":{"@type":"EntryPoint","urlTemplate":"https:\/\/www.eltako.com\/en\/?s={search_term_string}"},"query-input":{"@type":"PropertyValueSpecification","valueRequired":true,"valueName":"search_term_string"}}],"inLanguage":"fi"}]}},"_links":{"self":[{"href":"https:\/\/www.eltako.com\/fi\/wp-json\/wp\/v2\/pages\/129348","targetHints":{"allow":["GET"]}}],"collection":[{"href":"https:\/\/www.eltako.com\/fi\/wp-json\/wp\/v2\/pages"}],"about":[{"href":"https:\/\/www.eltako.com\/fi\/wp-json\/wp\/v2\/types\/page"}],"author":[{"embeddable":true,"href":"https:\/\/www.eltako.com\/fi\/wp-json\/wp\/v2\/users\/39"}],"replies":[{"embeddable":true,"href":"https:\/\/www.eltako.com\/fi\/wp-json\/wp\/v2\/comments?post=129348"}],"version-history":[{"count":5,"href":"https:\/\/www.eltako.com\/fi\/wp-json\/wp\/v2\/pages\/129348\/revisions"}],"predecessor-version":[{"id":129519,"href":"https:\/\/www.eltako.com\/fi\/wp-json\/wp\/v2\/pages\/129348\/revisions\/129519"}],"up":[{"embeddable":true,"href":"https:\/\/www.eltako.com\/fi\/wp-json\/wp\/v2\/pages\/31886"}],"wp:featuredmedia":[{"embeddable":true,"href":"https:\/\/www.eltako.com\/fi\/wp-json\/wp\/v2\/media\/23546"}],"wp:attachment":[{"href":"https:\/\/www.eltako.com\/fi\/wp-json\/wp\/v2\/media?parent=129348"}],"curies":[{"name":"wp","href":"https:\/\/api.w.org\/{rel}","templated":true}]}}