{"id":124113,"date":"2022-12-15T13:28:26","date_gmt":"2022-12-15T12:28:26","guid":{"rendered":"https:\/\/www.eltako.com\/yritys\/vastuullisuus\/"},"modified":"2022-12-15T13:28:32","modified_gmt":"2022-12-15T12:28:32","slug":"vastuullisuus","status":"publish","type":"page","link":"https:\/\/www.eltako.com\/fi\/yritys\/vastuullisuus\/","title":{"rendered":"Vastuullisuus"},"content":{"rendered":"\n<p class=\"has-text-align-left has-text-color\" style=\"color:#0064af\">Kest\u00e4v\u00e4n kehityksen m\u00e4\u00e4ritelm\u00e4ss\u00e4 sanotaan, ett\u00e4 nykyhetken tarpeet on t\u00e4ytett\u00e4v\u00e4 siten, ett\u00e4 tulevien sukupolvien mahdollisuuksia ei rajoiteta. <\/p>\n\n<p class=\"has-text-align-left has-text-color\" style=\"color:#0064af\">Haluamme ty\u00f6skennell\u00e4 uusien innovaatioidemme kanssa t\u00e4m\u00e4n periaatteen mukaisesti: Kehit\u00e4mme edistyksellisi\u00e4 teknologioita, jotka parantavat asiakkaidemme el\u00e4m\u00e4\u00e4 nyt ja tulevaisuudessa, unohtamatta kuitenkaan tavoitettamme tulla yh\u00e4 entist\u00e4 kest\u00e4v\u00e4mm\u00e4ksi ja ymp\u00e4rist\u00f6yst\u00e4v\u00e4llisemm\u00e4ksi. <\/p>\n\n<div style=\"height:70px\" aria-hidden=\"true\" class=\"wp-block-spacer\"><\/div>\n\n<div id=\"\" class=\"wp-block-gosign-gosign-background-contianer gosign-color-section btn-full align-true def-verticalAlignBottom default-padding no-margin custom-width no-min-height lightColorLayout no-top-border no-bottom-border colorSectionFe background-scroll background-repeat overlay-false defined-width\"><div class=\"outer-container background-scroll\" style=\"padding-top:100px;padding-bottom:70px;padding-left:10px;padding-right:10px;background-repeat:repeat;background-color:#0064af\"><div class=\"inner-container\"><div class=\"contentBlock\" style=\"max-width:1110px\">\n<div class=\"wp-block-columns is-layout-flex wp-container-core-columns-is-layout-9d6595d7 wp-block-columns-is-layout-flex\">\n<div class=\"wp-block-column is-layout-flow wp-block-column-is-layout-flow\">\n<div class=\"wp-block-media-text alignwide is-stacked-on-mobile is-vertically-aligned-center\" style=\"grid-template-columns:35% auto\"><figure class=\"wp-block-media-text__media\"><img decoding=\"async\" width=\"600\" height=\"600\" src=\"https:\/\/www.eltako.com\/wp-content\/uploads\/2022\/06\/eltako_website_content_600x600_nachhaltigkeit_01.jpg\" alt=\"\" class=\"wp-image-77875 size-full\" srcset=\"https:\/\/www.eltako.com\/wp-content\/uploads\/2022\/06\/eltako_website_content_600x600_nachhaltigkeit_01.jpg 600w, https:\/\/www.eltako.com\/wp-content\/uploads\/2022\/06\/eltako_website_content_600x600_nachhaltigkeit_01-300x300.jpg 300w, https:\/\/www.eltako.com\/wp-content\/uploads\/2022\/06\/eltako_website_content_600x600_nachhaltigkeit_01-150x150.jpg 150w, https:\/\/www.eltako.com\/wp-content\/uploads\/2022\/06\/eltako_website_content_600x600_nachhaltigkeit_01-100x100.jpg 100w\" sizes=\"(max-width: 600px) 100vw, 600px\" \/><\/figure><div class=\"wp-block-media-text__content\">\n<h2 class=\"has-large-font-size wp-block-heading\" style=\"text-transform:uppercase\"><strong>EnOcean-Tekniikka<\/strong><\/h2>\n\n\n\n<p>EnOcean-teknologialla varustetut langattomat tuotteemme ker\u00e4\u00e4v\u00e4t ja varastoivat kineettist\u00e4, l\u00e4mp\u00f6- ja aurinkoenergiaa ymp\u00e4rist\u00f6st\u00e4\u00e4n. T\u00e4m\u00e4 niin sanottu energian ker\u00e4ys (&#8221;Energy Harvesting&#8221;) tuottaa vain juuri sen m\u00e4\u00e4r\u00e4n energiaa, joka tarvitaan langattoman radiotaajuus signaalin l\u00e4hett\u00e4miseen. T\u00e4m\u00e4 tarkoittaa, ett\u00e4 mink\u00e4\u00e4nlaista erillist\u00e4 virtal\u00e4hdett\u00e4 ei tarvita. <\/p>\n\n\n\n<p>Esimerkiksi monet ulkok\u00e4ytt\u00f6\u00f6n tarkoitetuista antureistamme toimivat ensisijaisesti aurinkoenergialla. Jos asennat ne riitt\u00e4v\u00e4n valoisaan paikkaan, niin ne ovat heti k\u00e4ytt\u00f6valmiita. T\u00e4m\u00e4 s\u00e4\u00e4st\u00e4\u00e4 energiaa ja tekee antureista huoltovapaita. <\/p>\n\n\n\n<p>Voit lukea lis\u00e4\u00e4 yhteisty\u00f6st\u00e4mme EnOceanin kanssa <a href=\"https:\/\/www.eltako.de\/unternehmen\/partner-und-allianzen\/enocean\/\">t\u00e4\u00e4lt\u00e4.<\/a><\/p>\n<\/div><\/div>\n<\/div>\n<\/div>\n<\/div><\/div><\/div><\/div>\n\n<div id=\"\" class=\"wp-block-gosign-gosign-background-contianer gosign-color-section btn-full align-true def-verticalAlignBottom default-padding no-margin custom-width no-min-height lightColorLayout no-top-border no-bottom-border colorSectionFe background-scroll background-repeat overlay-false defined-width\"><div class=\"outer-container background-scroll\" style=\"padding-top:100px;padding-bottom:70px;padding-left:10px;padding-right:10px;background-repeat:repeat;background-color:#ffffff\"><div class=\"inner-container\"><div class=\"contentBlock\" style=\"max-width:1110px\">\n<div class=\"wp-block-columns is-layout-flex wp-container-core-columns-is-layout-9d6595d7 wp-block-columns-is-layout-flex\">\n<div class=\"wp-block-column is-layout-flow wp-block-column-is-layout-flow\">\n<div class=\"wp-block-media-text alignwide has-media-on-the-right is-stacked-on-mobile is-vertically-aligned-center\" style=\"grid-template-columns:auto 35%\"><div class=\"wp-block-media-text__content\">\n<h2 class=\"has-text-color has-large-font-size wp-block-heading\" style=\"color:#0064af;text-transform:uppercase\"><strong>Ymp\u00e4rist\u00f6yst\u00e4v\u00e4llinen tilausprosessi, toimitus ja palvelu<\/strong><\/h2>\n\n\n\n<p class=\"has-text-color\" style=\"color:#0064af\">Asiakasviestint\u00e4mme ja tilauksemme ovat p\u00e4\u00e4osin digitaalisia. WhatsApp-, puhelin- ja s\u00e4hk\u00f6postipalvelumme auttaa asiakkaita ja s\u00e4\u00e4st\u00e4\u00e4 resursseja samanaikaisesti. <\/p>\n\n\n\n<p class=\"has-text-color\" style=\"color:#0064af\">Pakkaus- ja l\u00e4hetysmateriaalimme on valmistettu paperista, pahvista tai kompostoitavasta muovista. <\/p>\n<\/div><figure class=\"wp-block-media-text__media\"><img decoding=\"async\" width=\"600\" height=\"600\" src=\"https:\/\/www.eltako.com\/wp-content\/uploads\/2022\/06\/eltako_website_content_600x600_nachhaltigkeit_02.jpg\" alt=\"\" class=\"wp-image-78744 size-full\" srcset=\"https:\/\/www.eltako.com\/wp-content\/uploads\/2022\/06\/eltako_website_content_600x600_nachhaltigkeit_02.jpg 600w, https:\/\/www.eltako.com\/wp-content\/uploads\/2022\/06\/eltako_website_content_600x600_nachhaltigkeit_02-300x300.jpg 300w, https:\/\/www.eltako.com\/wp-content\/uploads\/2022\/06\/eltako_website_content_600x600_nachhaltigkeit_02-150x150.jpg 150w, https:\/\/www.eltako.com\/wp-content\/uploads\/2022\/06\/eltako_website_content_600x600_nachhaltigkeit_02-100x100.jpg 100w\" sizes=\"(max-width: 600px) 100vw, 600px\" \/><\/figure><\/div>\n<\/div>\n<\/div>\n<\/div><\/div><\/div><\/div>\n\n<div id=\"\" class=\"wp-block-gosign-gosign-background-contianer gosign-color-section btn-full align-true def-verticalAlignBottom default-padding no-margin custom-width no-min-height lightColorLayout no-top-border no-bottom-border colorSectionFe background-scroll background-repeat overlay-false defined-width\"><div class=\"outer-container background-scroll\" style=\"padding-top:100px;padding-bottom:70px;padding-left:10px;padding-right:10px;background-repeat:repeat;background-color:#0064af\"><div class=\"inner-container\"><div class=\"contentBlock\" style=\"max-width:1110px\">\n<div class=\"wp-block-columns is-layout-flex wp-container-core-columns-is-layout-9d6595d7 wp-block-columns-is-layout-flex\">\n<div class=\"wp-block-column is-layout-flow wp-block-column-is-layout-flow\">\n<div class=\"wp-block-media-text alignwide is-stacked-on-mobile is-vertically-aligned-center\" style=\"grid-template-columns:35% auto\"><figure class=\"wp-block-media-text__media\"><img decoding=\"async\" width=\"600\" height=\"600\" src=\"https:\/\/www.eltako.com\/wp-content\/uploads\/2022\/06\/eltako_website_content_600x600_nachhaltigkeit_03.jpg\" alt=\"\" class=\"wp-image-78753 size-full\" srcset=\"https:\/\/www.eltako.com\/wp-content\/uploads\/2022\/06\/eltako_website_content_600x600_nachhaltigkeit_03.jpg 600w, https:\/\/www.eltako.com\/wp-content\/uploads\/2022\/06\/eltako_website_content_600x600_nachhaltigkeit_03-300x300.jpg 300w, https:\/\/www.eltako.com\/wp-content\/uploads\/2022\/06\/eltako_website_content_600x600_nachhaltigkeit_03-150x150.jpg 150w, https:\/\/www.eltako.com\/wp-content\/uploads\/2022\/06\/eltako_website_content_600x600_nachhaltigkeit_03-100x100.jpg 100w\" sizes=\"(max-width: 600px) 100vw, 600px\" \/><\/figure><div class=\"wp-block-media-text__content\">\n<h2 class=\"has-large-font-size wp-block-heading\" style=\"text-transform:uppercase\"><strong>Ei valmiustilan kulutusta bistabiilien releiden ansiosta<\/strong><\/h2>\n\n\n\n<p>Impulssirele tai muita vastaavia lukittuvia tuotteita k\u00e4ytett\u00e4ess\u00e4, niill\u00e4 ei ole valmiustilan kulutusta. Rele vet\u00e4\u00e4 vaan ohjausj\u00e4nnitteest\u00e4. Erikoistekniikan ansiosta, meid\u00e4n tuotteemme on mekaanisesti lukittu ja se s\u00e4\u00e4st\u00e4\u00e4 n\u00e4in ollen energiaa. <\/p>\n<\/div><\/div>\n<\/div>\n<\/div>\n<\/div><\/div><\/div><\/div>\n\n<div id=\"\" class=\"wp-block-gosign-gosign-background-contianer gosign-color-section btn-full align-true def-verticalAlignBottom default-padding no-margin custom-width no-min-height lightColorLayout no-top-border no-bottom-border colorSectionFe background-scroll background-repeat overlay-false defined-width\"><div class=\"outer-container background-scroll\" style=\"padding-top:100px;padding-bottom:10px;padding-left:10px;padding-right:10px;background-repeat:repeat;background-color:#ffffff\"><div class=\"inner-container\"><div class=\"contentBlock\" style=\"max-width:1110px\">\n<div class=\"wp-block-columns is-layout-flex wp-container-core-columns-is-layout-9d6595d7 wp-block-columns-is-layout-flex\">\n<div class=\"wp-block-column is-layout-flow wp-block-column-is-layout-flow\">\n<div class=\"wp-block-media-text alignwide has-media-on-the-right is-stacked-on-mobile is-vertically-aligned-center\" style=\"grid-template-columns:auto 35%\"><div class=\"wp-block-media-text__content\">\n<h2 class=\"has-text-color has-large-font-size wp-block-heading\" style=\"color:#0064af;text-transform:uppercase\"><strong>S\u00e4hk\u00f6inen liikenne<\/strong><\/h2>\n\n\n\n<p class=\"has-text-color\" style=\"color:#0064af\">Yli 10 vuotta sitten, olimme yrityksen\u00e4 osa Baden-W\u00fcrttembergin tutkimusprojektia, jossa testattiin s\u00e4hk\u00f6autojen soveltuvuutta jokap\u00e4iv\u00e4iseen k\u00e4ytt\u00f6\u00f6n. Yrityksess\u00e4mme Saksassa k\u00e4ytettiin jo tuolloin ensimm\u00e4isi\u00e4 t\u00e4m\u00e4n tyyppisi\u00e4 s\u00e4hk\u00f6autoja. T\u00e4n\u00e4 aikana, monet ty\u00f6ntekij\u00f6ist\u00e4mme ovat liikkuneet s\u00e4hk\u00f6autoilla, jotka voidaan ladata yrityksemme omilla latauspisteill\u00e4 toimitiloissamme. <\/p>\n\n\n\n<p class=\"has-text-color\" style=\"color:#0064af\">Olemme vakuuttuneita siit\u00e4, ett\u00e4 s\u00e4hk\u00f6inen liikkuvuus voi edist\u00e4\u00e4 merkitt\u00e4v\u00e4sti ilmastoyst\u00e4v\u00e4llist\u00e4 tulevaisuutta ja siksi aiomme jatkaa s\u00e4hk\u00f6autokalustomme laajentamista. <\/p>\n\n\n\n<p class=\"has-text-color\" style=\"color:#0064af\">Yksi tarjoamistamme ymp\u00e4rist\u00f6yst\u00e4v\u00e4llisist\u00e4 eduista ty\u00f6ntekij\u00f6illemme, syntyi yhteisty\u00f6ss\u00e4 \u201dBusinessBikes\u201d -yrityksen kanssa. Eltako tukee kaikkia ty\u00f6ntekij\u00f6it\u00e4ns\u00e4 polkupy\u00f6r\u00e4n hankinnassa, oli kyseess\u00e4 sitten perinteinen polkupy\u00f6r\u00e4 tai moderni s\u00e4hk\u00f6py\u00f6r\u00e4. T\u00e4m\u00e4n ansiosta he voivat p\u00e4\u00e4st\u00e4 kaupunkiymp\u00e4rist\u00f6ss\u00e4 helposti ja nopeasti paikasta A paikkaan B ja nauttia enemm\u00e4n raittiista ilmasta ja liikkua p\u00e4ivitt\u00e4isten ty\u00f6rutiinien lomassa. Sen lis\u00e4ksi, he my\u00f6s tekev\u00e4t jotain konkreettista ymp\u00e4rist\u00f6n suojelemiseksi! <\/p>\n<\/div><figure class=\"wp-block-media-text__media\"><img decoding=\"async\" width=\"600\" height=\"600\" src=\"https:\/\/www.eltako.com\/wp-content\/uploads\/2022\/06\/eltako_website_content_600x600_nachhaltigkeit_04.jpg\" alt=\"\" class=\"wp-image-78762 size-full\" srcset=\"https:\/\/www.eltako.com\/wp-content\/uploads\/2022\/06\/eltako_website_content_600x600_nachhaltigkeit_04.jpg 600w, https:\/\/www.eltako.com\/wp-content\/uploads\/2022\/06\/eltako_website_content_600x600_nachhaltigkeit_04-300x300.jpg 300w, https:\/\/www.eltako.com\/wp-content\/uploads\/2022\/06\/eltako_website_content_600x600_nachhaltigkeit_04-150x150.jpg 150w, https:\/\/www.eltako.com\/wp-content\/uploads\/2022\/06\/eltako_website_content_600x600_nachhaltigkeit_04-100x100.jpg 100w\" sizes=\"(max-width: 600px) 100vw, 600px\" \/><\/figure><\/div>\n<\/div>\n<\/div>\n<\/div><\/div><\/div><\/div>\n\n<p><\/p>\n","protected":false},"excerpt":{"rendered":"<p>Kest\u00e4v\u00e4n kehityksen m\u00e4\u00e4ritelm\u00e4ss\u00e4 sanotaan, ett\u00e4 nykyhetken tarpeet on t\u00e4ytett\u00e4v\u00e4 siten, ett\u00e4 tulevien sukupolvien mahdollisuuksia ei rajoiteta. Haluamme ty\u00f6skennell\u00e4 uusien innovaatioidemme kanssa t\u00e4m\u00e4n periaatteen mukaisesti: Kehit\u00e4mme edistyksellisi\u00e4 teknologioita, jotka parantavat asiakkaidemme el\u00e4m\u00e4\u00e4 nyt ja tulevaisuudessa, unohtamatta kuitenkaan tavoitettamme tulla yh\u00e4 entist\u00e4 kest\u00e4v\u00e4mm\u00e4ksi ja ymp\u00e4rist\u00f6yst\u00e4v\u00e4llisemm\u00e4ksi.<\/p>\n","protected":false},"author":39,"featured_media":78776,"parent":63683,"menu_order":2,"comment_status":"closed","ping_status":"closed","template":"templates\/custom_header.php","meta":{"_acf_changed":false,"footnotes":"","_links_to":"","_links_to_target":""},"class_list":["post-124113","page","type-page","status-publish","has-post-thumbnail","hentry"],"acf":[],"yoast_head":"<!-- This site is optimized with the Yoast SEO plugin v27.2 - https:\/\/yoast.com\/product\/yoast-seo-wordpress\/ -->\n<title>Vastuullisuus &#187; Eltako<\/title>\n<meta name=\"robots\" content=\"index, follow, max-snippet:-1, max-image-preview:large, max-video-preview:-1\" \/>\n<link rel=\"canonical\" href=\"https:\/\/www.eltako.com\/fi\/yritys\/vastuullisuus\/\" \/>\n<meta property=\"og:locale\" content=\"fi_FI\" \/>\n<meta property=\"og:type\" content=\"article\" \/>\n<meta property=\"og:title\" content=\"Vastuullisuus &#187; Eltako\" \/>\n<meta property=\"og:description\" content=\"Kest\u00e4v\u00e4n kehityksen m\u00e4\u00e4ritelm\u00e4ss\u00e4 sanotaan, ett\u00e4 nykyhetken tarpeet on t\u00e4ytett\u00e4v\u00e4 siten, ett\u00e4 tulevien sukupolvien mahdollisuuksia ei rajoiteta. Haluamme ty\u00f6skennell\u00e4 uusien innovaatioidemme kanssa t\u00e4m\u00e4n periaatteen mukaisesti: Kehit\u00e4mme edistyksellisi\u00e4 teknologioita, jotka parantavat asiakkaidemme el\u00e4m\u00e4\u00e4 nyt ja tulevaisuudessa, unohtamatta kuitenkaan tavoitettamme tulla yh\u00e4 entist\u00e4 kest\u00e4v\u00e4mm\u00e4ksi ja ymp\u00e4rist\u00f6yst\u00e4v\u00e4llisemm\u00e4ksi.\" \/>\n<meta property=\"og:url\" content=\"https:\/\/www.eltako.com\/fi\/yritys\/vastuullisuus\/\" \/>\n<meta property=\"og:site_name\" content=\"Eltako\" \/>\n<meta property=\"article:modified_time\" content=\"2022-12-15T12:28:32+00:00\" \/>\n<meta property=\"og:image\" content=\"https:\/\/www.eltako.com\/wp-content\/uploads\/2022\/06\/eltako_website_header_1920x700_nachhaltigkeit_01.jpg\" \/>\n\t<meta property=\"og:image:width\" content=\"1920\" \/>\n\t<meta property=\"og:image:height\" content=\"700\" \/>\n\t<meta property=\"og:image:type\" content=\"image\/jpeg\" \/>\n<meta name=\"twitter:card\" content=\"summary_large_image\" \/>\n<meta name=\"twitter:label1\" content=\"Arvioitu lukuaika\" \/>\n\t<meta name=\"twitter:data1\" content=\"2 minuuttia\" \/>\n<script type=\"application\/ld+json\" class=\"yoast-schema-graph\">{\"@context\":\"https:\/\/schema.org\",\"@graph\":[{\"@type\":\"WebPage\",\"@id\":\"https:\/\/www.eltako.com\/fi\/yritys\/vastuullisuus\/\",\"url\":\"https:\/\/www.eltako.com\/fi\/yritys\/vastuullisuus\/\",\"name\":\"Vastuullisuus &#187; Eltako\",\"isPartOf\":{\"@id\":\"https:\/\/www.eltako.com\/en\/#website\"},\"primaryImageOfPage\":{\"@id\":\"https:\/\/www.eltako.com\/fi\/yritys\/vastuullisuus\/#primaryimage\"},\"image\":{\"@id\":\"https:\/\/www.eltako.com\/fi\/yritys\/vastuullisuus\/#primaryimage\"},\"thumbnailUrl\":\"https:\/\/www.eltako.com\/wp-content\/uploads\/2022\/06\/eltako_website_header_1920x700_nachhaltigkeit_01.jpg\",\"datePublished\":\"2022-12-15T12:28:26+00:00\",\"dateModified\":\"2022-12-15T12:28:32+00:00\",\"breadcrumb\":{\"@id\":\"https:\/\/www.eltako.com\/fi\/yritys\/vastuullisuus\/#breadcrumb\"},\"inLanguage\":\"fi\",\"potentialAction\":[{\"@type\":\"ReadAction\",\"target\":[\"https:\/\/www.eltako.com\/fi\/yritys\/vastuullisuus\/\"]}]},{\"@type\":\"ImageObject\",\"inLanguage\":\"fi\",\"@id\":\"https:\/\/www.eltako.com\/fi\/yritys\/vastuullisuus\/#primaryimage\",\"url\":\"https:\/\/www.eltako.com\/wp-content\/uploads\/2022\/06\/eltako_website_header_1920x700_nachhaltigkeit_01.jpg\",\"contentUrl\":\"https:\/\/www.eltako.com\/wp-content\/uploads\/2022\/06\/eltako_website_header_1920x700_nachhaltigkeit_01.jpg\",\"width\":1920,\"height\":700},{\"@type\":\"BreadcrumbList\",\"@id\":\"https:\/\/www.eltako.com\/fi\/yritys\/vastuullisuus\/#breadcrumb\",\"itemListElement\":[{\"@type\":\"ListItem\",\"position\":1,\"name\":\"Kotisivu\",\"item\":\"https:\/\/www.eltako.com\/fi\/\"},{\"@type\":\"ListItem\",\"position\":2,\"name\":\"Yritys\",\"item\":\"https:\/\/www.eltako.com\/fi\/yritys\/\"},{\"@type\":\"ListItem\",\"position\":3,\"name\":\"Vastuullisuus\"}]},{\"@type\":\"WebSite\",\"@id\":\"https:\/\/www.eltako.com\/en\/#website\",\"url\":\"https:\/\/www.eltako.com\/en\/\",\"name\":\"Eltako\",\"description\":\"Schaltger\u00e4te, Netzteile, Stromz\u00e4hler, Dimmer, Geb\u00e4udeinstallation, Steuerungstechnik, Smart Home-L\u00f6sungen, Geb\u00e4udefunk, EnOcean-Technologie\",\"potentialAction\":[{\"@type\":\"SearchAction\",\"target\":{\"@type\":\"EntryPoint\",\"urlTemplate\":\"https:\/\/www.eltako.com\/en\/?s={search_term_string}\"},\"query-input\":{\"@type\":\"PropertyValueSpecification\",\"valueRequired\":true,\"valueName\":\"search_term_string\"}}],\"inLanguage\":\"fi\"}]}<\/script>\n<!-- \/ Yoast SEO plugin. -->","yoast_head_json":{"title":"Vastuullisuus &#187; Eltako","robots":{"index":"index","follow":"follow","max-snippet":"max-snippet:-1","max-image-preview":"max-image-preview:large","max-video-preview":"max-video-preview:-1"},"canonical":"https:\/\/www.eltako.com\/fi\/yritys\/vastuullisuus\/","og_locale":"fi_FI","og_type":"article","og_title":"Vastuullisuus &#187; Eltako","og_description":"Kest\u00e4v\u00e4n kehityksen m\u00e4\u00e4ritelm\u00e4ss\u00e4 sanotaan, ett\u00e4 nykyhetken tarpeet on t\u00e4ytett\u00e4v\u00e4 siten, ett\u00e4 tulevien sukupolvien mahdollisuuksia ei rajoiteta. Haluamme ty\u00f6skennell\u00e4 uusien innovaatioidemme kanssa t\u00e4m\u00e4n periaatteen mukaisesti: Kehit\u00e4mme edistyksellisi\u00e4 teknologioita, jotka parantavat asiakkaidemme el\u00e4m\u00e4\u00e4 nyt ja tulevaisuudessa, unohtamatta kuitenkaan tavoitettamme tulla yh\u00e4 entist\u00e4 kest\u00e4v\u00e4mm\u00e4ksi ja ymp\u00e4rist\u00f6yst\u00e4v\u00e4llisemm\u00e4ksi.","og_url":"https:\/\/www.eltako.com\/fi\/yritys\/vastuullisuus\/","og_site_name":"Eltako","article_modified_time":"2022-12-15T12:28:32+00:00","og_image":[{"width":1920,"height":700,"url":"https:\/\/www.eltako.com\/wp-content\/uploads\/2022\/06\/eltako_website_header_1920x700_nachhaltigkeit_01.jpg","type":"image\/jpeg"}],"twitter_card":"summary_large_image","twitter_misc":{"Arvioitu lukuaika":"2 minuuttia"},"schema":{"@context":"https:\/\/schema.org","@graph":[{"@type":"WebPage","@id":"https:\/\/www.eltako.com\/fi\/yritys\/vastuullisuus\/","url":"https:\/\/www.eltako.com\/fi\/yritys\/vastuullisuus\/","name":"Vastuullisuus &#187; Eltako","isPartOf":{"@id":"https:\/\/www.eltako.com\/en\/#website"},"primaryImageOfPage":{"@id":"https:\/\/www.eltako.com\/fi\/yritys\/vastuullisuus\/#primaryimage"},"image":{"@id":"https:\/\/www.eltako.com\/fi\/yritys\/vastuullisuus\/#primaryimage"},"thumbnailUrl":"https:\/\/www.eltako.com\/wp-content\/uploads\/2022\/06\/eltako_website_header_1920x700_nachhaltigkeit_01.jpg","datePublished":"2022-12-15T12:28:26+00:00","dateModified":"2022-12-15T12:28:32+00:00","breadcrumb":{"@id":"https:\/\/www.eltako.com\/fi\/yritys\/vastuullisuus\/#breadcrumb"},"inLanguage":"fi","potentialAction":[{"@type":"ReadAction","target":["https:\/\/www.eltako.com\/fi\/yritys\/vastuullisuus\/"]}]},{"@type":"ImageObject","inLanguage":"fi","@id":"https:\/\/www.eltako.com\/fi\/yritys\/vastuullisuus\/#primaryimage","url":"https:\/\/www.eltako.com\/wp-content\/uploads\/2022\/06\/eltako_website_header_1920x700_nachhaltigkeit_01.jpg","contentUrl":"https:\/\/www.eltako.com\/wp-content\/uploads\/2022\/06\/eltako_website_header_1920x700_nachhaltigkeit_01.jpg","width":1920,"height":700},{"@type":"BreadcrumbList","@id":"https:\/\/www.eltako.com\/fi\/yritys\/vastuullisuus\/#breadcrumb","itemListElement":[{"@type":"ListItem","position":1,"name":"Kotisivu","item":"https:\/\/www.eltako.com\/fi\/"},{"@type":"ListItem","position":2,"name":"Yritys","item":"https:\/\/www.eltako.com\/fi\/yritys\/"},{"@type":"ListItem","position":3,"name":"Vastuullisuus"}]},{"@type":"WebSite","@id":"https:\/\/www.eltako.com\/en\/#website","url":"https:\/\/www.eltako.com\/en\/","name":"Eltako","description":"Schaltger\u00e4te, Netzteile, Stromz\u00e4hler, Dimmer, Geb\u00e4udeinstallation, Steuerungstechnik, Smart Home-L\u00f6sungen, Geb\u00e4udefunk, EnOcean-Technologie","potentialAction":[{"@type":"SearchAction","target":{"@type":"EntryPoint","urlTemplate":"https:\/\/www.eltako.com\/en\/?s={search_term_string}"},"query-input":{"@type":"PropertyValueSpecification","valueRequired":true,"valueName":"search_term_string"}}],"inLanguage":"fi"}]}},"_links":{"self":[{"href":"https:\/\/www.eltako.com\/fi\/wp-json\/wp\/v2\/pages\/124113","targetHints":{"allow":["GET"]}}],"collection":[{"href":"https:\/\/www.eltako.com\/fi\/wp-json\/wp\/v2\/pages"}],"about":[{"href":"https:\/\/www.eltako.com\/fi\/wp-json\/wp\/v2\/types\/page"}],"author":[{"embeddable":true,"href":"https:\/\/www.eltako.com\/fi\/wp-json\/wp\/v2\/users\/39"}],"replies":[{"embeddable":true,"href":"https:\/\/www.eltako.com\/fi\/wp-json\/wp\/v2\/comments?post=124113"}],"version-history":[{"count":1,"href":"https:\/\/www.eltako.com\/fi\/wp-json\/wp\/v2\/pages\/124113\/revisions"}],"predecessor-version":[{"id":124114,"href":"https:\/\/www.eltako.com\/fi\/wp-json\/wp\/v2\/pages\/124113\/revisions\/124114"}],"up":[{"embeddable":true,"href":"https:\/\/www.eltako.com\/fi\/wp-json\/wp\/v2\/pages\/63683"}],"wp:featuredmedia":[{"embeddable":true,"href":"https:\/\/www.eltako.com\/fi\/wp-json\/wp\/v2\/media\/78776"}],"wp:attachment":[{"href":"https:\/\/www.eltako.com\/fi\/wp-json\/wp\/v2\/media?parent=124113"}],"curies":[{"name":"wp","href":"https:\/\/api.w.org\/{rel}","templated":true}]}}