{"id":87330,"date":"2022-08-18T11:27:03","date_gmt":"2022-08-18T09:27:03","guid":{"rendered":"https:\/\/www.eltako.de\/empresa\/sostenibilidad\/"},"modified":"2022-12-15T08:30:46","modified_gmt":"2022-12-15T07:30:46","slug":"sostenibilidad","status":"publish","type":"page","link":"https:\/\/www.eltako.com\/es\/empresa\/sostenibilidad\/","title":{"rendered":"Sostenibilidad"},"content":{"rendered":"\n<p class=\"has-text-align-left has-text-color\" style=\"color:#0064af\">La definici\u00f3n de desarrollo sostenible establece que las necesidades del presente deben satisfacerse de forma que no se limiten las oportunidades de las generaciones futuras. <\/p>\n\n\n\n<p class=\"has-text-align-left has-text-color\" style=\"color:#0064af\">Queremos trabajar con nuestras innovaciones precisamente de acuerdo con esta resoluci\u00f3n: Desarrollamos tecnolog\u00edas avanzadas que mejoran la vida de nuestros clientes ahora y en el futuro, sin perder de vista el objetivo de ser cada vez m\u00e1s sostenibles y respetuosos con el medio ambiente. <\/p>\n\n\n\n<div style=\"height:70px\" aria-hidden=\"true\" class=\"wp-block-spacer\"><\/div>\n\n\n\n<div id=\"\" class=\"wp-block-gosign-gosign-background-contianer gosign-color-section btn-full align-true def-verticalAlignBottom default-padding no-margin custom-width no-min-height lightColorLayout no-top-border no-bottom-border colorSectionFe background-scroll background-repeat overlay-false defined-width\"><div class=\"outer-container background-scroll\" style=\"padding-top:100px;padding-bottom:70px;padding-left:10px;padding-right:10px;background-repeat:repeat;background-color:#0064af\"><div class=\"inner-container\"><div class=\"contentBlock\" style=\"max-width:1110px\">\n<div class=\"wp-block-columns is-layout-flex wp-container-core-columns-is-layout-9d6595d7 wp-block-columns-is-layout-flex\">\n<div class=\"wp-block-column is-layout-flow wp-block-column-is-layout-flow\">\n<div class=\"wp-block-media-text alignwide is-stacked-on-mobile is-vertically-aligned-center\" style=\"grid-template-columns:35% auto\"><figure class=\"wp-block-media-text__media\"><img decoding=\"async\" width=\"600\" height=\"600\" src=\"https:\/\/www.eltako.com\/wp-content\/uploads\/2022\/06\/eltako_website_content_600x600_nachhaltigkeit_01.jpg\" alt=\"\" class=\"wp-image-77881 size-full\" srcset=\"https:\/\/www.eltako.com\/wp-content\/uploads\/2022\/06\/eltako_website_content_600x600_nachhaltigkeit_01.jpg 600w, https:\/\/www.eltako.com\/wp-content\/uploads\/2022\/06\/eltako_website_content_600x600_nachhaltigkeit_01-300x300.jpg 300w, https:\/\/www.eltako.com\/wp-content\/uploads\/2022\/06\/eltako_website_content_600x600_nachhaltigkeit_01-150x150.jpg 150w, https:\/\/www.eltako.com\/wp-content\/uploads\/2022\/06\/eltako_website_content_600x600_nachhaltigkeit_01-100x100.jpg 100w\" sizes=\"(max-width: 600px) 100vw, 600px\" \/><\/figure><div class=\"wp-block-media-text__content\">\n\n<h2 class=\"has-large-font-size wp-block-heading\" style=\"text-transform:uppercase\"><strong>Tecnolog\u00eda-EnOcean<\/strong><\/h2>\n\n\n<p>Nuestros sensores inal\u00e1mbricos con tecnolog\u00eda EnOcean recogen y almacenan la energ\u00eda cin\u00e9tica, t\u00e9rmica y solar del entorno. Esta llamada \u00bb Energy Harvesting \u00bb proporciona exactamente la energ\u00eda necesaria para enviar un radiotelegrama. Esto significa que se puede prescindir de cualquier tipo de alimentaci\u00f3n. <\/p>\n\n\n<p>Muchos de nuestros sensores para exteriores, por ejemplo, funcionan principalmente con energ\u00eda solar. Si las colocas en un lugar suficientemente luminoso, estar\u00e1n inmediatamente listas para su uso. Esto ahorra recursos y energ\u00eda y hace que los sensores no necesiten mantenimiento. <\/p>\n\n\n<p>Puede obtener m\u00e1s informaci\u00f3n sobre nuestra cooperaci\u00f3n con EnOcean <a href=\"https:\/\/www.eltako.com\/es\/empresa\/socios-y-alianzas\/enocean\/d-allianzen\/enocean\/\">aqu\u00ed<\/a><a href=\"https:\/\/www.eltako.de\/unternehmen\/partner-und-allianzen\/enocean\/\">.<\/a><\/p>\n\n<\/div><\/div>\n<\/div>\n<\/div>\n<\/div><\/div><\/div><\/div>\n\n\n\n<div id=\"\" class=\"wp-block-gosign-gosign-background-contianer gosign-color-section btn-full align-true def-verticalAlignBottom default-padding no-margin custom-width no-min-height lightColorLayout no-top-border no-bottom-border colorSectionFe background-scroll background-repeat overlay-false defined-width\"><div class=\"outer-container background-scroll\" style=\"padding-top:100px;padding-bottom:70px;padding-left:10px;padding-right:10px;background-repeat:repeat;background-color:#ffffff\"><div class=\"inner-container\"><div class=\"contentBlock\" style=\"max-width:1110px\">\n<div class=\"wp-block-columns is-layout-flex wp-container-core-columns-is-layout-9d6595d7 wp-block-columns-is-layout-flex\">\n<div class=\"wp-block-column is-layout-flow wp-block-column-is-layout-flow\">\n<div class=\"wp-block-media-text alignwide has-media-on-the-right is-stacked-on-mobile is-vertically-aligned-center\" style=\"grid-template-columns:auto 35%\"><figure class=\"wp-block-media-text__media\"><img decoding=\"async\" width=\"600\" height=\"600\" src=\"https:\/\/www.eltako.com\/wp-content\/uploads\/2022\/06\/eltako_website_content_600x600_nachhaltigkeit_02.jpg\" alt=\"\" class=\"wp-image-78751 size-full\" srcset=\"https:\/\/www.eltako.com\/wp-content\/uploads\/2022\/06\/eltako_website_content_600x600_nachhaltigkeit_02.jpg 600w, https:\/\/www.eltako.com\/wp-content\/uploads\/2022\/06\/eltako_website_content_600x600_nachhaltigkeit_02-300x300.jpg 300w, https:\/\/www.eltako.com\/wp-content\/uploads\/2022\/06\/eltako_website_content_600x600_nachhaltigkeit_02-150x150.jpg 150w, https:\/\/www.eltako.com\/wp-content\/uploads\/2022\/06\/eltako_website_content_600x600_nachhaltigkeit_02-100x100.jpg 100w\" sizes=\"(max-width: 600px) 100vw, 600px\" \/><\/figure><div class=\"wp-block-media-text__content\">\n\n<h2 class=\"has-text-color has-large-font-size wp-block-heading\" style=\"color:#0064af;text-transform:uppercase\"><strong>Proceso de pedido, env\u00edo y servicio respetuosos con el medio ambiente<\/strong><\/h2>\n\n\n<p class=\"has-text-color\" style=\"color:#0064af\">Las comunicaciones con nuestros clientes y los pedidos son principalmente digitales. El servicio de WhatsApp, tel\u00e9fono y correo ayuda a los clientes y ahorra recursos al mismo tiempo. <\/p>\n\n\n<p class=\"has-text-color\" style=\"color:#0064af\">Nuestros embalajes y materiales de env\u00edo son de papel, cart\u00f3n o pl\u00e1stico compostable. <\/p>\n\n<\/div><\/div>\n<\/div>\n<\/div>\n<\/div><\/div><\/div><\/div>\n\n\n\n<div id=\"\" class=\"wp-block-gosign-gosign-background-contianer gosign-color-section btn-full align-true def-verticalAlignBottom default-padding no-margin custom-width no-min-height lightColorLayout no-top-border no-bottom-border colorSectionFe background-scroll background-repeat overlay-false defined-width\"><div class=\"outer-container background-scroll\" style=\"padding-top:100px;padding-bottom:70px;padding-left:10px;padding-right:10px;background-repeat:repeat;background-color:#0064af\"><div class=\"inner-container\"><div class=\"contentBlock\" style=\"max-width:1110px\">\n<div class=\"wp-block-columns is-layout-flex wp-container-core-columns-is-layout-9d6595d7 wp-block-columns-is-layout-flex\">\n<div class=\"wp-block-column is-layout-flow wp-block-column-is-layout-flow\">\n<div class=\"wp-block-media-text alignwide is-stacked-on-mobile is-vertically-aligned-center\" style=\"grid-template-columns:35% auto\"><figure class=\"wp-block-media-text__media\"><img decoding=\"async\" width=\"600\" height=\"600\" src=\"https:\/\/www.eltako.com\/wp-content\/uploads\/2022\/06\/eltako_website_content_600x600_nachhaltigkeit_03.jpg\" alt=\"\" class=\"wp-image-78760 size-full\" srcset=\"https:\/\/www.eltako.com\/wp-content\/uploads\/2022\/06\/eltako_website_content_600x600_nachhaltigkeit_03.jpg 600w, https:\/\/www.eltako.com\/wp-content\/uploads\/2022\/06\/eltako_website_content_600x600_nachhaltigkeit_03-300x300.jpg 300w, https:\/\/www.eltako.com\/wp-content\/uploads\/2022\/06\/eltako_website_content_600x600_nachhaltigkeit_03-150x150.jpg 150w, https:\/\/www.eltako.com\/wp-content\/uploads\/2022\/06\/eltako_website_content_600x600_nachhaltigkeit_03-100x100.jpg 100w\" sizes=\"(max-width: 600px) 100vw, 600px\" \/><\/figure><div class=\"wp-block-media-text__content\">\n\n<h2 class=\"has-large-font-size wp-block-heading\" style=\"text-transform:uppercase\"><strong>No hay p\u00e9rdidas Stand-by debido a los rel\u00e9s biestables<\/strong><\/h2>\n\n\n<p>Al utilizar rel\u00e9s biestables, la p\u00e9rdida Standby para estos productos es nula. Dieser tritt normalerweise auf, wenn ein Relais angezogen ist. Con la ayuda de una tecnolog\u00eda especial, los nuestros se bloquean mec\u00e1nicamente y as\u00ed ahorran esta energ\u00eda. <\/p>\n\n<\/div><\/div>\n<\/div>\n<\/div>\n<\/div><\/div><\/div><\/div>\n\n\n\n<div id=\"\" class=\"wp-block-gosign-gosign-background-contianer gosign-color-section btn-full align-true def-verticalAlignBottom default-padding no-margin custom-width no-min-height lightColorLayout no-top-border no-bottom-border colorSectionFe background-scroll background-repeat overlay-false defined-width\"><div class=\"outer-container background-scroll\" style=\"padding-top:100px;padding-bottom:10px;padding-left:10px;padding-right:10px;background-repeat:repeat;background-color:#ffffff\"><div class=\"inner-container\"><div class=\"contentBlock\" style=\"max-width:1110px\">\n<div class=\"wp-block-columns is-layout-flex wp-container-core-columns-is-layout-9d6595d7 wp-block-columns-is-layout-flex\">\n<div class=\"wp-block-column is-layout-flow wp-block-column-is-layout-flow\">\n<div class=\"wp-block-media-text alignwide has-media-on-the-right is-stacked-on-mobile is-vertically-aligned-center\" style=\"grid-template-columns:auto 35%\"><div class=\"wp-block-media-text__content\">\n<h2 class=\"has-text-color has-large-font-size wp-block-heading\" style=\"color:#0064af;text-transform:uppercase\"><strong>E-movilidad<\/strong><\/h2>\n\n\n\n<p class=\"has-text-color\" style=\"color:#0064af\">Hace m\u00e1s de 10 a\u00f1os, participamos en un proyecto de investigaci\u00f3n en Baden-W\u00fcrttemberg que puso a prueba la idoneidad de los coches el\u00e9ctricos para el uso diario. Fue entonces cuando los primeros coches de este tipo llegaron a nuestra empresa. Mientras tanto, muchos de nuestros empleados han sido equipados con veh\u00edculos de propulsi\u00f3n el\u00e9ctrica, que pueden ser \u00abrepostados\u00bb por las propias estaciones de carga de la empresa en nuestras instalaciones. <\/p>\n\n\n\n<p class=\"has-text-color\" style=\"color:#0064af\">Estamos convencidos de que la e-movilidad puede contribuir en gran medida a la protecci\u00f3n del medio ambiente y, por tanto, tenemos previsto seguir ampliando nuestra flota electr\u00f3nica en el futuro. Este a\u00f1o estamos empezando a electrificar nuestro servicio comercial exterior.  <\/p>\n\n\n\n<p class=\"has-text-color\" style=\"color:#0064af\">Otra oferta respetuosa con el medio ambiente para nuestros empleados se cre\u00f3 gracias a la cooperaci\u00f3n con la empresa \u00abBusinessBikes\u00bb. Eltako ayuda a todos los empleados a alquilar una bicicleta, ya sea cl\u00e1sica o una moderna e-bike. Esto no s\u00f3lo les permite ir de A a B m\u00e1s r\u00e1pido, disfrutar m\u00e1s tiempo del aire libre y mantenerse en movimiento a pesar de su rutina diaria de trabajo, \u00a1sino tambi\u00e9n hacer algo por el medio ambiente!<\/p>\n\n\n\n<p><\/p>\n<\/div><figure class=\"wp-block-media-text__media\"><img decoding=\"async\" width=\"600\" height=\"600\" src=\"https:\/\/www.eltako.com\/wp-content\/uploads\/2022\/06\/eltako_website_content_600x600_nachhaltigkeit_04.jpg\" alt=\"\" class=\"wp-image-78762 size-full\" srcset=\"https:\/\/www.eltako.com\/wp-content\/uploads\/2022\/06\/eltako_website_content_600x600_nachhaltigkeit_04.jpg 600w, https:\/\/www.eltako.com\/wp-content\/uploads\/2022\/06\/eltako_website_content_600x600_nachhaltigkeit_04-300x300.jpg 300w, https:\/\/www.eltako.com\/wp-content\/uploads\/2022\/06\/eltako_website_content_600x600_nachhaltigkeit_04-150x150.jpg 150w, https:\/\/www.eltako.com\/wp-content\/uploads\/2022\/06\/eltako_website_content_600x600_nachhaltigkeit_04-100x100.jpg 100w\" sizes=\"(max-width: 600px) 100vw, 600px\" \/><\/figure><\/div>\n<\/div>\n<\/div>\n<\/div><\/div><\/div><\/div>\n\n\n\n<p><\/p>\n","protected":false},"excerpt":{"rendered":"<p>La definici\u00f3n de desarrollo sostenible establece que las necesidades del presente deben satisfacerse de forma que no se limiten las oportunidades de las generaciones futuras. Queremos trabajar con nuestras innovaciones precisamente de acuerdo con esta resoluci\u00f3n: Desarrollamos tecnolog\u00edas avanzadas que mejoran la vida de nuestros clientes ahora y en el futuro, sin perder de vista [&hellip;]<\/p>\n","protected":false},"author":39,"featured_media":78779,"parent":63685,"menu_order":2,"comment_status":"closed","ping_status":"closed","template":"templates\/custom_header.php","meta":{"_acf_changed":false,"footnotes":"","_links_to":"","_links_to_target":""},"class_list":["post-87330","page","type-page","status-publish","has-post-thumbnail","hentry"],"acf":[],"yoast_head":"<!-- This site is optimized with the Yoast SEO plugin v27.2 - https:\/\/yoast.com\/product\/yoast-seo-wordpress\/ -->\n<title>Sostenibilidad &#187; Eltako<\/title>\n<meta name=\"robots\" content=\"index, follow, max-snippet:-1, max-image-preview:large, max-video-preview:-1\" \/>\n<link rel=\"canonical\" href=\"https:\/\/www.eltako.com\/es\/empresa\/sostenibilidad\/\" \/>\n<meta property=\"og:locale\" content=\"es_ES\" \/>\n<meta property=\"og:type\" content=\"article\" \/>\n<meta property=\"og:title\" content=\"Sostenibilidad &#187; Eltako\" \/>\n<meta property=\"og:description\" content=\"La definici\u00f3n de desarrollo sostenible establece que las necesidades del presente deben satisfacerse de forma que no se limiten las oportunidades de las generaciones futuras. Queremos trabajar con nuestras innovaciones precisamente de acuerdo con esta resoluci\u00f3n: Desarrollamos tecnolog\u00edas avanzadas que mejoran la vida de nuestros clientes ahora y en el futuro, sin perder de vista [&hellip;]\" \/>\n<meta property=\"og:url\" content=\"https:\/\/www.eltako.com\/es\/empresa\/sostenibilidad\/\" \/>\n<meta property=\"og:site_name\" content=\"Eltako\" \/>\n<meta property=\"article:modified_time\" content=\"2022-12-15T07:30:46+00:00\" \/>\n<meta property=\"og:image\" content=\"https:\/\/www.eltako.com\/wp-content\/uploads\/2022\/06\/eltako_website_header_1920x700_nachhaltigkeit_01.jpg\" \/>\n\t<meta property=\"og:image:width\" content=\"1920\" \/>\n\t<meta property=\"og:image:height\" content=\"700\" \/>\n\t<meta property=\"og:image:type\" content=\"image\/jpeg\" \/>\n<meta name=\"twitter:card\" content=\"summary_large_image\" \/>\n<meta name=\"twitter:label1\" content=\"Tiempo de lectura\" \/>\n\t<meta name=\"twitter:data1\" content=\"4 minutos\" \/>\n<script type=\"application\/ld+json\" class=\"yoast-schema-graph\">{\"@context\":\"https:\/\/schema.org\",\"@graph\":[{\"@type\":\"WebPage\",\"@id\":\"https:\/\/www.eltako.com\/es\/empresa\/sostenibilidad\/\",\"url\":\"https:\/\/www.eltako.com\/es\/empresa\/sostenibilidad\/\",\"name\":\"Sostenibilidad &#187; Eltako\",\"isPartOf\":{\"@id\":\"https:\/\/www.eltako.com\/en\/#website\"},\"primaryImageOfPage\":{\"@id\":\"https:\/\/www.eltako.com\/es\/empresa\/sostenibilidad\/#primaryimage\"},\"image\":{\"@id\":\"https:\/\/www.eltako.com\/es\/empresa\/sostenibilidad\/#primaryimage\"},\"thumbnailUrl\":\"https:\/\/www.eltako.com\/wp-content\/uploads\/2022\/06\/eltako_website_header_1920x700_nachhaltigkeit_01.jpg\",\"datePublished\":\"2022-08-18T09:27:03+00:00\",\"dateModified\":\"2022-12-15T07:30:46+00:00\",\"breadcrumb\":{\"@id\":\"https:\/\/www.eltako.com\/es\/empresa\/sostenibilidad\/#breadcrumb\"},\"inLanguage\":\"es\",\"potentialAction\":[{\"@type\":\"ReadAction\",\"target\":[\"https:\/\/www.eltako.com\/es\/empresa\/sostenibilidad\/\"]}]},{\"@type\":\"ImageObject\",\"inLanguage\":\"es\",\"@id\":\"https:\/\/www.eltako.com\/es\/empresa\/sostenibilidad\/#primaryimage\",\"url\":\"https:\/\/www.eltako.com\/wp-content\/uploads\/2022\/06\/eltako_website_header_1920x700_nachhaltigkeit_01.jpg\",\"contentUrl\":\"https:\/\/www.eltako.com\/wp-content\/uploads\/2022\/06\/eltako_website_header_1920x700_nachhaltigkeit_01.jpg\",\"width\":1920,\"height\":700},{\"@type\":\"BreadcrumbList\",\"@id\":\"https:\/\/www.eltako.com\/es\/empresa\/sostenibilidad\/#breadcrumb\",\"itemListElement\":[{\"@type\":\"ListItem\",\"position\":1,\"name\":\"P\u00e1gina web\",\"item\":\"https:\/\/www.eltako.com\/es\/\"},{\"@type\":\"ListItem\",\"position\":2,\"name\":\"Empresa\",\"item\":\"https:\/\/www.eltako.com\/es\/empresa\/\"},{\"@type\":\"ListItem\",\"position\":3,\"name\":\"Sostenibilidad\"}]},{\"@type\":\"WebSite\",\"@id\":\"https:\/\/www.eltako.com\/en\/#website\",\"url\":\"https:\/\/www.eltako.com\/en\/\",\"name\":\"Eltako\",\"description\":\"Schaltger\u00e4te, Netzteile, Stromz\u00e4hler, Dimmer, Geb\u00e4udeinstallation, Steuerungstechnik, Smart Home-L\u00f6sungen, Geb\u00e4udefunk, EnOcean-Technologie\",\"potentialAction\":[{\"@type\":\"SearchAction\",\"target\":{\"@type\":\"EntryPoint\",\"urlTemplate\":\"https:\/\/www.eltako.com\/en\/?s={search_term_string}\"},\"query-input\":{\"@type\":\"PropertyValueSpecification\",\"valueRequired\":true,\"valueName\":\"search_term_string\"}}],\"inLanguage\":\"es\"}]}<\/script>\n<!-- \/ Yoast SEO plugin. -->","yoast_head_json":{"title":"Sostenibilidad &#187; Eltako","robots":{"index":"index","follow":"follow","max-snippet":"max-snippet:-1","max-image-preview":"max-image-preview:large","max-video-preview":"max-video-preview:-1"},"canonical":"https:\/\/www.eltako.com\/es\/empresa\/sostenibilidad\/","og_locale":"es_ES","og_type":"article","og_title":"Sostenibilidad &#187; Eltako","og_description":"La definici\u00f3n de desarrollo sostenible establece que las necesidades del presente deben satisfacerse de forma que no se limiten las oportunidades de las generaciones futuras. Queremos trabajar con nuestras innovaciones precisamente de acuerdo con esta resoluci\u00f3n: Desarrollamos tecnolog\u00edas avanzadas que mejoran la vida de nuestros clientes ahora y en el futuro, sin perder de vista [&hellip;]","og_url":"https:\/\/www.eltako.com\/es\/empresa\/sostenibilidad\/","og_site_name":"Eltako","article_modified_time":"2022-12-15T07:30:46+00:00","og_image":[{"width":1920,"height":700,"url":"https:\/\/www.eltako.com\/wp-content\/uploads\/2022\/06\/eltako_website_header_1920x700_nachhaltigkeit_01.jpg","type":"image\/jpeg"}],"twitter_card":"summary_large_image","twitter_misc":{"Tiempo de lectura":"4 minutos"},"schema":{"@context":"https:\/\/schema.org","@graph":[{"@type":"WebPage","@id":"https:\/\/www.eltako.com\/es\/empresa\/sostenibilidad\/","url":"https:\/\/www.eltako.com\/es\/empresa\/sostenibilidad\/","name":"Sostenibilidad &#187; Eltako","isPartOf":{"@id":"https:\/\/www.eltako.com\/en\/#website"},"primaryImageOfPage":{"@id":"https:\/\/www.eltako.com\/es\/empresa\/sostenibilidad\/#primaryimage"},"image":{"@id":"https:\/\/www.eltako.com\/es\/empresa\/sostenibilidad\/#primaryimage"},"thumbnailUrl":"https:\/\/www.eltako.com\/wp-content\/uploads\/2022\/06\/eltako_website_header_1920x700_nachhaltigkeit_01.jpg","datePublished":"2022-08-18T09:27:03+00:00","dateModified":"2022-12-15T07:30:46+00:00","breadcrumb":{"@id":"https:\/\/www.eltako.com\/es\/empresa\/sostenibilidad\/#breadcrumb"},"inLanguage":"es","potentialAction":[{"@type":"ReadAction","target":["https:\/\/www.eltako.com\/es\/empresa\/sostenibilidad\/"]}]},{"@type":"ImageObject","inLanguage":"es","@id":"https:\/\/www.eltako.com\/es\/empresa\/sostenibilidad\/#primaryimage","url":"https:\/\/www.eltako.com\/wp-content\/uploads\/2022\/06\/eltako_website_header_1920x700_nachhaltigkeit_01.jpg","contentUrl":"https:\/\/www.eltako.com\/wp-content\/uploads\/2022\/06\/eltako_website_header_1920x700_nachhaltigkeit_01.jpg","width":1920,"height":700},{"@type":"BreadcrumbList","@id":"https:\/\/www.eltako.com\/es\/empresa\/sostenibilidad\/#breadcrumb","itemListElement":[{"@type":"ListItem","position":1,"name":"P\u00e1gina web","item":"https:\/\/www.eltako.com\/es\/"},{"@type":"ListItem","position":2,"name":"Empresa","item":"https:\/\/www.eltako.com\/es\/empresa\/"},{"@type":"ListItem","position":3,"name":"Sostenibilidad"}]},{"@type":"WebSite","@id":"https:\/\/www.eltako.com\/en\/#website","url":"https:\/\/www.eltako.com\/en\/","name":"Eltako","description":"Schaltger\u00e4te, Netzteile, Stromz\u00e4hler, Dimmer, Geb\u00e4udeinstallation, Steuerungstechnik, Smart Home-L\u00f6sungen, Geb\u00e4udefunk, EnOcean-Technologie","potentialAction":[{"@type":"SearchAction","target":{"@type":"EntryPoint","urlTemplate":"https:\/\/www.eltako.com\/en\/?s={search_term_string}"},"query-input":{"@type":"PropertyValueSpecification","valueRequired":true,"valueName":"search_term_string"}}],"inLanguage":"es"}]}},"_links":{"self":[{"href":"https:\/\/www.eltako.com\/es\/wp-json\/wp\/v2\/pages\/87330","targetHints":{"allow":["GET"]}}],"collection":[{"href":"https:\/\/www.eltako.com\/es\/wp-json\/wp\/v2\/pages"}],"about":[{"href":"https:\/\/www.eltako.com\/es\/wp-json\/wp\/v2\/types\/page"}],"author":[{"embeddable":true,"href":"https:\/\/www.eltako.com\/es\/wp-json\/wp\/v2\/users\/39"}],"replies":[{"embeddable":true,"href":"https:\/\/www.eltako.com\/es\/wp-json\/wp\/v2\/comments?post=87330"}],"version-history":[{"count":6,"href":"https:\/\/www.eltako.com\/es\/wp-json\/wp\/v2\/pages\/87330\/revisions"}],"predecessor-version":[{"id":124086,"href":"https:\/\/www.eltako.com\/es\/wp-json\/wp\/v2\/pages\/87330\/revisions\/124086"}],"up":[{"embeddable":true,"href":"https:\/\/www.eltako.com\/es\/wp-json\/wp\/v2\/pages\/63685"}],"wp:featuredmedia":[{"embeddable":true,"href":"https:\/\/www.eltako.com\/es\/wp-json\/wp\/v2\/media\/78779"}],"wp:attachment":[{"href":"https:\/\/www.eltako.com\/es\/wp-json\/wp\/v2\/media?parent=87330"}],"curies":[{"name":"wp","href":"https:\/\/api.w.org\/{rel}","templated":true}]}}