{"id":77854,"date":"2022-06-08T08:46:02","date_gmt":"2022-06-08T06:46:02","guid":{"rendered":"https:\/\/www.eltako.de\/empresa\/carrera\/"},"modified":"2025-04-01T09:37:23","modified_gmt":"2025-04-01T07:37:23","slug":"carrera","status":"publish","type":"page","link":"https:\/\/www.eltako.com\/es\/empresa\/carrera\/","title":{"rendered":"Carrera"},"content":{"rendered":"\n<h2 class=\"wp-block-heading\">ELTAKO como empleador: \u00a1tu carrera con nosotros!<\/h2>\n\n\n\n<div style=\"height:32px\" aria-hidden=\"true\" class=\"wp-block-spacer\"><\/div>\n\n\n\n<div class=\"wp-block-columns is-layout-flex wp-container-core-columns-is-layout-9d6595d7 wp-block-columns-is-layout-flex\">\n<div class=\"wp-block-column is-layout-flow wp-block-column-is-layout-flow\"><\/div>\n\n\n\n<div class=\"wp-block-column is-layout-flow wp-block-column-is-layout-flow\">\n<a href=\"https:\/\/jobs.eltako.com\/de\" target=\"_blank\" class=\"text-uppercase font-weight-bold btn text-white p-3 mt-1 mb-1 w-100\" style=\"background : #016db7; font-size:20px\" rel=\"noopener\">A la plataforma de solicitantes<\/a>\n<\/div>\n\n\n\n<div class=\"wp-block-column is-layout-flow wp-block-column-is-layout-flow\"><\/div>\n<\/div>\n\n\n\n<h3 class=\"wp-block-heading\"><strong>Sobre nosotros:<\/strong><\/h3>\n\n\n\n<p><\/p>\n\n\n\n<div style=\"height:20px\" aria-hidden=\"true\" class=\"wp-block-spacer\"><\/div>\n\n\n\n<h4 class=\"wp-block-heading\">En <strong>ELTAKO<\/strong> tenemos un objetivo com\u00fan: convertir cada hogar en una casa inteligente. \u00bfNuestra receta para el \u00e9xito? Sin duda, nuestros m\u00e1s de 135 empleados en toda Europa, que ponen alma y coraz\u00f3n en su trabajo cada d\u00eda. Con las creativas e innovadoras y ideas de nuestros empleados y m\u00e1s de 75 a\u00f1os de experiencia, representamos el m\u00e1s alto nivel de competencia y calidad cuando se trata del desarrollo de productos innovadores para la instalaci\u00f3n de edificios y la tecnolog\u00eda de control.<\/h4>\n\n\n\n<div style=\"height:20px\" aria-hidden=\"true\" class=\"wp-block-spacer\"><\/div>\n\n\n\n<h3 class=\"wp-block-heading\"><strong>Sobre ti:<\/strong><\/h3>\n\n\n\n<div style=\"height:20px\" aria-hidden=\"true\" class=\"wp-block-spacer\"><\/div>\n\n\n\n<h4 class=\"wp-block-heading\">\u00bfNo te asustan las nuevas tareas, te gusta trabajar en equipo y te apasiona tu trabajo? Entonces estaremos encantados de recibirle con nosotros en el futuro. <\/h4>\n\n\n\n<h4 class=\"wp-block-heading\">Como miembro de ELTAKO, puede esperar proyectos emocionantes, gente de buen coraz\u00f3n y un sinf\u00edn de oportunidades.<\/h4>\n\n\n\n<h4 class=\"wp-block-heading\">Adem\u00e1s de nuestros empleados permanentes, tambi\u00e9n ofrecemos espacio para los estudiantes que trabajan y tambi\u00e9n ofrecemos regularmente pr\u00e1cticas. <\/h4>\n\n\n\n<h4 class=\"wp-block-heading\">\u00bfNo podemos ofrecerle la vacante que le interesa en este momento? No importa, presenta tu candidatura por iniciativa propia: \u00a1siempre nos interesan los buenos empleados! <\/h4>\n\n\n\n<h5 class=\"wp-block-heading\"><\/h5>\n","protected":false},"excerpt":{"rendered":"<p>ELTAKO como empleador: \u00a1tu carrera con nosotros! A la plataforma de solicitantes Sobre nosotros: En ELTAKO tenemos un objetivo com\u00fan: convertir cada hogar en una casa inteligente. \u00bfNuestra receta para el \u00e9xito? Sin duda, nuestros m\u00e1s de 135 empleados en toda Europa, que ponen alma y coraz\u00f3n en su trabajo cada d\u00eda. Con las creativas [&hellip;]<\/p>\n","protected":false},"author":31,"featured_media":60906,"parent":63685,"menu_order":6,"comment_status":"closed","ping_status":"closed","template":"","meta":{"_acf_changed":false,"footnotes":"","_links_to":"","_links_to_target":""},"class_list":["post-77854","page","type-page","status-publish","has-post-thumbnail","hentry"],"acf":[],"yoast_head":"<!-- This site is optimized with the Yoast SEO plugin v27.2 - https:\/\/yoast.com\/product\/yoast-seo-wordpress\/ -->\n<title>Carrera &#187; Eltako<\/title>\n<meta name=\"robots\" content=\"index, follow, max-snippet:-1, max-image-preview:large, max-video-preview:-1\" \/>\n<link rel=\"canonical\" href=\"https:\/\/www.eltako.com\/es\/empresa\/carrera\/\" \/>\n<meta property=\"og:locale\" content=\"es_ES\" \/>\n<meta property=\"og:type\" content=\"article\" \/>\n<meta property=\"og:title\" content=\"Carrera &#187; Eltako\" \/>\n<meta property=\"og:description\" content=\"ELTAKO como empleador: \u00a1tu carrera con nosotros! A la plataforma de solicitantes Sobre nosotros: En ELTAKO tenemos un objetivo com\u00fan: convertir cada hogar en una casa inteligente. \u00bfNuestra receta para el \u00e9xito? Sin duda, nuestros m\u00e1s de 135 empleados en toda Europa, que ponen alma y coraz\u00f3n en su trabajo cada d\u00eda. Con las creativas [&hellip;]\" \/>\n<meta property=\"og:url\" content=\"https:\/\/www.eltako.com\/es\/empresa\/carrera\/\" \/>\n<meta property=\"og:site_name\" content=\"Eltako\" \/>\n<meta property=\"article:modified_time\" content=\"2025-04-01T07:37:23+00:00\" \/>\n<meta property=\"og:image\" content=\"https:\/\/www.eltako.com\/wp-content\/uploads\/2020\/10\/Karriere-Website-NEU-scaled.jpg\" \/>\n\t<meta property=\"og:image:width\" content=\"1920\" \/>\n\t<meta property=\"og:image:height\" content=\"1280\" \/>\n\t<meta property=\"og:image:type\" content=\"image\/jpeg\" \/>\n<meta name=\"twitter:card\" content=\"summary_large_image\" \/>\n<meta name=\"twitter:label1\" content=\"Tiempo de lectura\" \/>\n\t<meta name=\"twitter:data1\" content=\"1 minuto\" \/>\n<script type=\"application\/ld+json\" class=\"yoast-schema-graph\">{\"@context\":\"https:\/\/schema.org\",\"@graph\":[{\"@type\":\"WebPage\",\"@id\":\"https:\/\/www.eltako.com\/es\/empresa\/carrera\/\",\"url\":\"https:\/\/www.eltako.com\/es\/empresa\/carrera\/\",\"name\":\"Carrera &#187; Eltako\",\"isPartOf\":{\"@id\":\"https:\/\/www.eltako.com\/en\/#website\"},\"primaryImageOfPage\":{\"@id\":\"https:\/\/www.eltako.com\/es\/empresa\/carrera\/#primaryimage\"},\"image\":{\"@id\":\"https:\/\/www.eltako.com\/es\/empresa\/carrera\/#primaryimage\"},\"thumbnailUrl\":\"https:\/\/www.eltako.com\/wp-content\/uploads\/2020\/10\/Karriere-Website-NEU-scaled.jpg\",\"datePublished\":\"2022-06-08T06:46:02+00:00\",\"dateModified\":\"2025-04-01T07:37:23+00:00\",\"breadcrumb\":{\"@id\":\"https:\/\/www.eltako.com\/es\/empresa\/carrera\/#breadcrumb\"},\"inLanguage\":\"es\",\"potentialAction\":[{\"@type\":\"ReadAction\",\"target\":[\"https:\/\/www.eltako.com\/es\/empresa\/carrera\/\"]}]},{\"@type\":\"ImageObject\",\"inLanguage\":\"es\",\"@id\":\"https:\/\/www.eltako.com\/es\/empresa\/carrera\/#primaryimage\",\"url\":\"https:\/\/www.eltako.com\/wp-content\/uploads\/2020\/10\/Karriere-Website-NEU-scaled.jpg\",\"contentUrl\":\"https:\/\/www.eltako.com\/wp-content\/uploads\/2020\/10\/Karriere-Website-NEU-scaled.jpg\",\"width\":1920,\"height\":1280,\"caption\":\"Los empresarios se dan la mano, sentados a la mesa.\"},{\"@type\":\"BreadcrumbList\",\"@id\":\"https:\/\/www.eltako.com\/es\/empresa\/carrera\/#breadcrumb\",\"itemListElement\":[{\"@type\":\"ListItem\",\"position\":1,\"name\":\"P\u00e1gina web\",\"item\":\"https:\/\/www.eltako.com\/es\/\"},{\"@type\":\"ListItem\",\"position\":2,\"name\":\"Empresa\",\"item\":\"https:\/\/www.eltako.com\/es\/empresa\/\"},{\"@type\":\"ListItem\",\"position\":3,\"name\":\"Carrera\"}]},{\"@type\":\"WebSite\",\"@id\":\"https:\/\/www.eltako.com\/en\/#website\",\"url\":\"https:\/\/www.eltako.com\/en\/\",\"name\":\"Eltako\",\"description\":\"Schaltger\u00e4te, Netzteile, Stromz\u00e4hler, Dimmer, Geb\u00e4udeinstallation, Steuerungstechnik, Smart Home-L\u00f6sungen, Geb\u00e4udefunk, EnOcean-Technologie\",\"potentialAction\":[{\"@type\":\"SearchAction\",\"target\":{\"@type\":\"EntryPoint\",\"urlTemplate\":\"https:\/\/www.eltako.com\/en\/?s={search_term_string}\"},\"query-input\":{\"@type\":\"PropertyValueSpecification\",\"valueRequired\":true,\"valueName\":\"search_term_string\"}}],\"inLanguage\":\"es\"}]}<\/script>\n<!-- \/ Yoast SEO plugin. -->","yoast_head_json":{"title":"Carrera &#187; Eltako","robots":{"index":"index","follow":"follow","max-snippet":"max-snippet:-1","max-image-preview":"max-image-preview:large","max-video-preview":"max-video-preview:-1"},"canonical":"https:\/\/www.eltako.com\/es\/empresa\/carrera\/","og_locale":"es_ES","og_type":"article","og_title":"Carrera &#187; Eltako","og_description":"ELTAKO como empleador: \u00a1tu carrera con nosotros! A la plataforma de solicitantes Sobre nosotros: En ELTAKO tenemos un objetivo com\u00fan: convertir cada hogar en una casa inteligente. \u00bfNuestra receta para el \u00e9xito? Sin duda, nuestros m\u00e1s de 135 empleados en toda Europa, que ponen alma y coraz\u00f3n en su trabajo cada d\u00eda. Con las creativas [&hellip;]","og_url":"https:\/\/www.eltako.com\/es\/empresa\/carrera\/","og_site_name":"Eltako","article_modified_time":"2025-04-01T07:37:23+00:00","og_image":[{"width":1920,"height":1280,"url":"https:\/\/www.eltako.com\/wp-content\/uploads\/2020\/10\/Karriere-Website-NEU-scaled.jpg","type":"image\/jpeg"}],"twitter_card":"summary_large_image","twitter_misc":{"Tiempo de lectura":"1 minuto"},"schema":{"@context":"https:\/\/schema.org","@graph":[{"@type":"WebPage","@id":"https:\/\/www.eltako.com\/es\/empresa\/carrera\/","url":"https:\/\/www.eltako.com\/es\/empresa\/carrera\/","name":"Carrera &#187; Eltako","isPartOf":{"@id":"https:\/\/www.eltako.com\/en\/#website"},"primaryImageOfPage":{"@id":"https:\/\/www.eltako.com\/es\/empresa\/carrera\/#primaryimage"},"image":{"@id":"https:\/\/www.eltako.com\/es\/empresa\/carrera\/#primaryimage"},"thumbnailUrl":"https:\/\/www.eltako.com\/wp-content\/uploads\/2020\/10\/Karriere-Website-NEU-scaled.jpg","datePublished":"2022-06-08T06:46:02+00:00","dateModified":"2025-04-01T07:37:23+00:00","breadcrumb":{"@id":"https:\/\/www.eltako.com\/es\/empresa\/carrera\/#breadcrumb"},"inLanguage":"es","potentialAction":[{"@type":"ReadAction","target":["https:\/\/www.eltako.com\/es\/empresa\/carrera\/"]}]},{"@type":"ImageObject","inLanguage":"es","@id":"https:\/\/www.eltako.com\/es\/empresa\/carrera\/#primaryimage","url":"https:\/\/www.eltako.com\/wp-content\/uploads\/2020\/10\/Karriere-Website-NEU-scaled.jpg","contentUrl":"https:\/\/www.eltako.com\/wp-content\/uploads\/2020\/10\/Karriere-Website-NEU-scaled.jpg","width":1920,"height":1280,"caption":"Los empresarios se dan la mano, sentados a la mesa."},{"@type":"BreadcrumbList","@id":"https:\/\/www.eltako.com\/es\/empresa\/carrera\/#breadcrumb","itemListElement":[{"@type":"ListItem","position":1,"name":"P\u00e1gina web","item":"https:\/\/www.eltako.com\/es\/"},{"@type":"ListItem","position":2,"name":"Empresa","item":"https:\/\/www.eltako.com\/es\/empresa\/"},{"@type":"ListItem","position":3,"name":"Carrera"}]},{"@type":"WebSite","@id":"https:\/\/www.eltako.com\/en\/#website","url":"https:\/\/www.eltako.com\/en\/","name":"Eltako","description":"Schaltger\u00e4te, Netzteile, Stromz\u00e4hler, Dimmer, Geb\u00e4udeinstallation, Steuerungstechnik, Smart Home-L\u00f6sungen, Geb\u00e4udefunk, EnOcean-Technologie","potentialAction":[{"@type":"SearchAction","target":{"@type":"EntryPoint","urlTemplate":"https:\/\/www.eltako.com\/en\/?s={search_term_string}"},"query-input":{"@type":"PropertyValueSpecification","valueRequired":true,"valueName":"search_term_string"}}],"inLanguage":"es"}]}},"_links":{"self":[{"href":"https:\/\/www.eltako.com\/es\/wp-json\/wp\/v2\/pages\/77854","targetHints":{"allow":["GET"]}}],"collection":[{"href":"https:\/\/www.eltako.com\/es\/wp-json\/wp\/v2\/pages"}],"about":[{"href":"https:\/\/www.eltako.com\/es\/wp-json\/wp\/v2\/types\/page"}],"author":[{"embeddable":true,"href":"https:\/\/www.eltako.com\/es\/wp-json\/wp\/v2\/users\/31"}],"replies":[{"embeddable":true,"href":"https:\/\/www.eltako.com\/es\/wp-json\/wp\/v2\/comments?post=77854"}],"version-history":[{"count":5,"href":"https:\/\/www.eltako.com\/es\/wp-json\/wp\/v2\/pages\/77854\/revisions"}],"predecessor-version":[{"id":144534,"href":"https:\/\/www.eltako.com\/es\/wp-json\/wp\/v2\/pages\/77854\/revisions\/144534"}],"up":[{"embeddable":true,"href":"https:\/\/www.eltako.com\/es\/wp-json\/wp\/v2\/pages\/63685"}],"wp:featuredmedia":[{"embeddable":true,"href":"https:\/\/www.eltako.com\/es\/wp-json\/wp\/v2\/media\/60906"}],"wp:attachment":[{"href":"https:\/\/www.eltako.com\/es\/wp-json\/wp\/v2\/media?parent=77854"}],"curies":[{"name":"wp","href":"https:\/\/api.w.org\/{rel}","templated":true}]}}