{"id":62314,"date":"2022-03-09T15:54:39","date_gmt":"2022-03-09T14:54:39","guid":{"rendered":"https:\/\/betax923lb8kd7v0.eltako.de\/dali\/"},"modified":"2024-07-04T12:14:26","modified_gmt":"2024-07-04T10:14:26","slug":"dali","status":"publish","type":"page","link":"https:\/\/www.eltako.com\/es\/empresa\/socios-y-alianzas\/dali\/","title":{"rendered":"Dali"},"content":{"rendered":"\n<h2 class=\"wp-block-heading\" id=\"wir-sind-dali-anbieter\"><strong>GESTI\u00d3N FLEXIBLE DE LA ILUMINACI\u00d3N CON DALI &#8211; TOTALMENTE INTEGRADA EN ELTAKO COSMOS<\/strong><\/h2>\n\n\n\n<div style=\"height:50px\" aria-hidden=\"true\" class=\"wp-block-spacer\"><\/div>\n\n\n\n<figure class=\"wp-block-image size-large\"><img decoding=\"async\" src=\"https:\/\/www.eltako.com\/wp-content\/uploads\/2024\/06\/eltako-website_dali2-schaubild-1024x747.jpg\" alt=\"\" class=\"wp-image-140079\"\/><\/figure>\n\n\n\n<div style=\"height:50px\" aria-hidden=\"true\" class=\"wp-block-spacer\"><\/div>\n\n\n\n<p class=\"has-medium-font-size\">DALI es un sistema de instalaci\u00f3n de iluminaci\u00f3n independiente del fabricante que est\u00e1 dise\u00f1ado para simplificar la instalaci\u00f3n, el control y la comunicaci\u00f3n de luminarias individuales y grupos de luminarias. Puede gestionar hasta 64 direcciones, 16 grupos y 16 escenas, por lo que es adecuado para equipos de iluminaci\u00f3n desde peque\u00f1os pisos hasta propiedades comerciales. Gracias a estas propiedades, DALI crea una base para la gesti\u00f3n inteligente y flexible de la iluminaci\u00f3n.<\/p>\n\n\n\n<p class=\"has-medium-font-size\">Los nuevos productos aptos para DALI-2 ahora tambi\u00e9n son aptos para multimaster. Esto significa que varios sensores, como sensores de movimiento y luminosidad o acopladores de pulsador DALI, pueden funcionar en una l\u00ednea DALI. Otra ventaja es la conexi\u00f3n directa a nuestra serie 14, as\u00ed como el procesamiento de mensajes de eventos DALI-2, lo que facilita la automatizaci\u00f3n inteligente y la integraci\u00f3n con sistemas EnOcean.<\/p>\n\n\n\n<div class=\"wp-block-columns is-layout-flex wp-container-core-columns-is-layout-9d6595d7 wp-block-columns-is-layout-flex\">\n<div class=\"wp-block-column is-layout-flow wp-block-column-is-layout-flow\">\n<a href=\"https:\/\/www.eltako.com\/es\/eltako-products\/categories\/38\/Das%20ELTAKO-DALI-Programm\/?search=\" target=\"_blank\" class=\"text-uppercase font-weight-bold btn text-white p-3 mt-1 mb-1 w-100\" style=\"background : #016db7; font-size:20px\" rel=\"noopener\">A NUESTRO PROGRAMA DALI<\/a>\n<\/div>\n\n\n\n<div class=\"wp-block-column is-layout-flow wp-block-column-is-layout-flow\"><\/div>\n\n\n\n<div class=\"wp-block-column is-layout-flow wp-block-column-is-layout-flow\"><\/div>\n<\/div>\n\n\n\n<div style=\"height:50px\" aria-hidden=\"true\" class=\"wp-block-spacer\"><\/div>\n\n\n\n<figure class=\"wp-block-image size-large\"><img decoding=\"async\" width=\"1024\" height=\"341\" src=\"https:\/\/www.eltako.com\/wp-content\/uploads\/2022\/11\/DALI_schmal_ES-1-1024x341.png\" alt=\"\" class=\"wp-image-121969\" srcset=\"https:\/\/www.eltako.com\/wp-content\/uploads\/2022\/11\/DALI_schmal_ES-1-1024x341.png 1024w, https:\/\/www.eltako.com\/wp-content\/uploads\/2022\/11\/DALI_schmal_ES-1-300x100.png 300w, https:\/\/www.eltako.com\/wp-content\/uploads\/2022\/11\/DALI_schmal_ES-1-768x256.png 768w, https:\/\/www.eltako.com\/wp-content\/uploads\/2022\/11\/DALI_schmal_ES-1-1536x512.png 1536w, https:\/\/www.eltako.com\/wp-content\/uploads\/2022\/11\/DALI_schmal_ES-1-2048x683.png 2048w, https:\/\/www.eltako.com\/wp-content\/uploads\/2022\/11\/DALI_schmal_ES-1-600x200.png 600w\" sizes=\"(max-width: 1024px) 100vw, 1024px\" \/><\/figure>\n\n\n\n<div style=\"height:50px\" aria-hidden=\"true\" class=\"wp-block-spacer\"><\/div>\n\n\n\n<p class=\"has-medium-font-size\">Las instalaciones DALI existentes pueden ampliarse con nuestra pasarela DALI EnOcean para incluir sensores y actuadores inal\u00e1mbricos.<\/p>\n\n\n\n<p class=\"has-medium-font-size\">Ventajas de DALI:<\/p>\n\n\n\n<ul class=\"wp-block-list\">\n<li>Conexi\u00f3n de todos los dispositivos DALI protegida contra la inversi\u00f3n de polaridad<\/li>\n<\/ul>\n\n\n\n<ul class=\"wp-block-list\">\n<li>Sencillo tendido de cables, junto con la alimentaci\u00f3n de la red de 230 V en un cable com\u00fan de 5 n\u00facleos revestidos<\/li>\n<\/ul>\n\n\n\n<ul class=\"wp-block-list\">\n<li>Las escenas luminosas pueden almacenarse y activarse en la unidad de control DALI <\/li>\n<\/ul>\n\n\n\n<ul class=\"wp-block-list\">\n<li>R\u00e1pida informaci\u00f3n y localizaci\u00f3n de los fallos de las l\u00e1mparas<\/li>\n<\/ul>\n\n\n\n<ul class=\"wp-block-list\">\n<li>En caso de cambio de uso, las l\u00e1mparas son f\u00e1ciles de reagrupar sin necesidad de recablear o cambiar la instalaci\u00f3n <\/li>\n<\/ul>\n\n\n\n<div style=\"height:50px\" aria-hidden=\"true\" class=\"wp-block-spacer\"><\/div>\n","protected":false},"excerpt":{"rendered":"<p>GESTI\u00d3N FLEXIBLE DE LA ILUMINACI\u00d3N CON DALI &#8211; TOTALMENTE INTEGRADA EN ELTAKO COSMOS DALI es un sistema de instalaci\u00f3n de iluminaci\u00f3n independiente del fabricante que est\u00e1 dise\u00f1ado para simplificar la instalaci\u00f3n, el control y la comunicaci\u00f3n de luminarias individuales y grupos de luminarias. Puede gestionar hasta 64 direcciones, 16 grupos y 16 escenas, por lo [&hellip;]<\/p>\n","protected":false},"author":31,"featured_media":23301,"parent":62739,"menu_order":0,"comment_status":"closed","ping_status":"closed","template":"templates\/custom_header.php","meta":{"_acf_changed":false,"footnotes":"","_links_to":"","_links_to_target":""},"class_list":["post-62314","page","type-page","status-publish","has-post-thumbnail","hentry"],"acf":[],"yoast_head":"<!-- This site is optimized with the Yoast SEO plugin v27.2 - https:\/\/yoast.com\/product\/yoast-seo-wordpress\/ -->\n<title>Dali &#187; Eltako<\/title>\n<meta name=\"robots\" content=\"index, follow, max-snippet:-1, max-image-preview:large, max-video-preview:-1\" \/>\n<link rel=\"canonical\" href=\"https:\/\/www.eltako.com\/es\/empresa\/socios-y-alianzas\/dali\/\" \/>\n<meta property=\"og:locale\" content=\"es_ES\" \/>\n<meta property=\"og:type\" content=\"article\" \/>\n<meta property=\"og:title\" content=\"Dali &#187; Eltako\" \/>\n<meta property=\"og:description\" content=\"GESTI\u00d3N FLEXIBLE DE LA ILUMINACI\u00d3N CON DALI &#8211; TOTALMENTE INTEGRADA EN ELTAKO COSMOS DALI es un sistema de instalaci\u00f3n de iluminaci\u00f3n independiente del fabricante que est\u00e1 dise\u00f1ado para simplificar la instalaci\u00f3n, el control y la comunicaci\u00f3n de luminarias individuales y grupos de luminarias. Puede gestionar hasta 64 direcciones, 16 grupos y 16 escenas, por lo [&hellip;]\" \/>\n<meta property=\"og:url\" content=\"https:\/\/www.eltako.com\/es\/empresa\/socios-y-alianzas\/dali\/\" \/>\n<meta property=\"og:site_name\" content=\"Eltako\" \/>\n<meta property=\"article:modified_time\" content=\"2024-07-04T10:14:26+00:00\" \/>\n<meta property=\"og:image\" content=\"https:\/\/www.eltako.com\/wp-content\/uploads\/2021\/09\/Bild-1-1-e1626779207216.jpg\" \/>\n\t<meta property=\"og:image:width\" content=\"1920\" \/>\n\t<meta property=\"og:image:height\" content=\"931\" \/>\n\t<meta property=\"og:image:type\" content=\"image\/jpeg\" \/>\n<meta name=\"twitter:card\" content=\"summary_large_image\" \/>\n<meta name=\"twitter:label1\" content=\"Tiempo de lectura\" \/>\n\t<meta name=\"twitter:data1\" content=\"2 minutos\" \/>\n<script type=\"application\/ld+json\" class=\"yoast-schema-graph\">{\"@context\":\"https:\/\/schema.org\",\"@graph\":[{\"@type\":\"WebPage\",\"@id\":\"https:\/\/www.eltako.com\/es\/empresa\/socios-y-alianzas\/dali\/\",\"url\":\"https:\/\/www.eltako.com\/es\/empresa\/socios-y-alianzas\/dali\/\",\"name\":\"Dali &#187; Eltako\",\"isPartOf\":{\"@id\":\"https:\/\/www.eltako.com\/en\/#website\"},\"primaryImageOfPage\":{\"@id\":\"https:\/\/www.eltako.com\/es\/empresa\/socios-y-alianzas\/dali\/#primaryimage\"},\"image\":{\"@id\":\"https:\/\/www.eltako.com\/es\/empresa\/socios-y-alianzas\/dali\/#primaryimage\"},\"thumbnailUrl\":\"https:\/\/www.eltako.com\/wp-content\/uploads\/2021\/09\/Bild-1-1-e1626779207216.jpg\",\"datePublished\":\"2022-03-09T14:54:39+00:00\",\"dateModified\":\"2024-07-04T10:14:26+00:00\",\"breadcrumb\":{\"@id\":\"https:\/\/www.eltako.com\/es\/empresa\/socios-y-alianzas\/dali\/#breadcrumb\"},\"inLanguage\":\"es\",\"potentialAction\":[{\"@type\":\"ReadAction\",\"target\":[\"https:\/\/www.eltako.com\/es\/empresa\/socios-y-alianzas\/dali\/\"]}]},{\"@type\":\"ImageObject\",\"inLanguage\":\"es\",\"@id\":\"https:\/\/www.eltako.com\/es\/empresa\/socios-y-alianzas\/dali\/#primaryimage\",\"url\":\"https:\/\/www.eltako.com\/wp-content\/uploads\/2021\/09\/Bild-1-1-e1626779207216.jpg\",\"contentUrl\":\"https:\/\/www.eltako.com\/wp-content\/uploads\/2021\/09\/Bild-1-1-e1626779207216.jpg\",\"width\":1920,\"height\":931},{\"@type\":\"BreadcrumbList\",\"@id\":\"https:\/\/www.eltako.com\/es\/empresa\/socios-y-alianzas\/dali\/#breadcrumb\",\"itemListElement\":[{\"@type\":\"ListItem\",\"position\":1,\"name\":\"P\u00e1gina web\",\"item\":\"https:\/\/www.eltako.com\/es\/\"},{\"@type\":\"ListItem\",\"position\":2,\"name\":\"Empresa\",\"item\":\"https:\/\/www.eltako.com\/es\/empresa\/\"},{\"@type\":\"ListItem\",\"position\":3,\"name\":\"Socios y alianzas\",\"item\":\"https:\/\/www.eltako.com\/es\/empresa\/socios-y-alianzas\/\"},{\"@type\":\"ListItem\",\"position\":4,\"name\":\"Dali\"}]},{\"@type\":\"WebSite\",\"@id\":\"https:\/\/www.eltako.com\/en\/#website\",\"url\":\"https:\/\/www.eltako.com\/en\/\",\"name\":\"Eltako\",\"description\":\"Schaltger\u00e4te, Netzteile, Stromz\u00e4hler, Dimmer, Geb\u00e4udeinstallation, Steuerungstechnik, Smart Home-L\u00f6sungen, Geb\u00e4udefunk, EnOcean-Technologie\",\"potentialAction\":[{\"@type\":\"SearchAction\",\"target\":{\"@type\":\"EntryPoint\",\"urlTemplate\":\"https:\/\/www.eltako.com\/en\/?s={search_term_string}\"},\"query-input\":{\"@type\":\"PropertyValueSpecification\",\"valueRequired\":true,\"valueName\":\"search_term_string\"}}],\"inLanguage\":\"es\"}]}<\/script>\n<!-- \/ Yoast SEO plugin. -->","yoast_head_json":{"title":"Dali &#187; Eltako","robots":{"index":"index","follow":"follow","max-snippet":"max-snippet:-1","max-image-preview":"max-image-preview:large","max-video-preview":"max-video-preview:-1"},"canonical":"https:\/\/www.eltako.com\/es\/empresa\/socios-y-alianzas\/dali\/","og_locale":"es_ES","og_type":"article","og_title":"Dali &#187; Eltako","og_description":"GESTI\u00d3N FLEXIBLE DE LA ILUMINACI\u00d3N CON DALI &#8211; TOTALMENTE INTEGRADA EN ELTAKO COSMOS DALI es un sistema de instalaci\u00f3n de iluminaci\u00f3n independiente del fabricante que est\u00e1 dise\u00f1ado para simplificar la instalaci\u00f3n, el control y la comunicaci\u00f3n de luminarias individuales y grupos de luminarias. Puede gestionar hasta 64 direcciones, 16 grupos y 16 escenas, por lo [&hellip;]","og_url":"https:\/\/www.eltako.com\/es\/empresa\/socios-y-alianzas\/dali\/","og_site_name":"Eltako","article_modified_time":"2024-07-04T10:14:26+00:00","og_image":[{"width":1920,"height":931,"url":"https:\/\/www.eltako.com\/wp-content\/uploads\/2021\/09\/Bild-1-1-e1626779207216.jpg","type":"image\/jpeg"}],"twitter_card":"summary_large_image","twitter_misc":{"Tiempo de lectura":"2 minutos"},"schema":{"@context":"https:\/\/schema.org","@graph":[{"@type":"WebPage","@id":"https:\/\/www.eltako.com\/es\/empresa\/socios-y-alianzas\/dali\/","url":"https:\/\/www.eltako.com\/es\/empresa\/socios-y-alianzas\/dali\/","name":"Dali &#187; Eltako","isPartOf":{"@id":"https:\/\/www.eltako.com\/en\/#website"},"primaryImageOfPage":{"@id":"https:\/\/www.eltako.com\/es\/empresa\/socios-y-alianzas\/dali\/#primaryimage"},"image":{"@id":"https:\/\/www.eltako.com\/es\/empresa\/socios-y-alianzas\/dali\/#primaryimage"},"thumbnailUrl":"https:\/\/www.eltako.com\/wp-content\/uploads\/2021\/09\/Bild-1-1-e1626779207216.jpg","datePublished":"2022-03-09T14:54:39+00:00","dateModified":"2024-07-04T10:14:26+00:00","breadcrumb":{"@id":"https:\/\/www.eltako.com\/es\/empresa\/socios-y-alianzas\/dali\/#breadcrumb"},"inLanguage":"es","potentialAction":[{"@type":"ReadAction","target":["https:\/\/www.eltako.com\/es\/empresa\/socios-y-alianzas\/dali\/"]}]},{"@type":"ImageObject","inLanguage":"es","@id":"https:\/\/www.eltako.com\/es\/empresa\/socios-y-alianzas\/dali\/#primaryimage","url":"https:\/\/www.eltako.com\/wp-content\/uploads\/2021\/09\/Bild-1-1-e1626779207216.jpg","contentUrl":"https:\/\/www.eltako.com\/wp-content\/uploads\/2021\/09\/Bild-1-1-e1626779207216.jpg","width":1920,"height":931},{"@type":"BreadcrumbList","@id":"https:\/\/www.eltako.com\/es\/empresa\/socios-y-alianzas\/dali\/#breadcrumb","itemListElement":[{"@type":"ListItem","position":1,"name":"P\u00e1gina web","item":"https:\/\/www.eltako.com\/es\/"},{"@type":"ListItem","position":2,"name":"Empresa","item":"https:\/\/www.eltako.com\/es\/empresa\/"},{"@type":"ListItem","position":3,"name":"Socios y alianzas","item":"https:\/\/www.eltako.com\/es\/empresa\/socios-y-alianzas\/"},{"@type":"ListItem","position":4,"name":"Dali"}]},{"@type":"WebSite","@id":"https:\/\/www.eltako.com\/en\/#website","url":"https:\/\/www.eltako.com\/en\/","name":"Eltako","description":"Schaltger\u00e4te, Netzteile, Stromz\u00e4hler, Dimmer, Geb\u00e4udeinstallation, Steuerungstechnik, Smart Home-L\u00f6sungen, Geb\u00e4udefunk, EnOcean-Technologie","potentialAction":[{"@type":"SearchAction","target":{"@type":"EntryPoint","urlTemplate":"https:\/\/www.eltako.com\/en\/?s={search_term_string}"},"query-input":{"@type":"PropertyValueSpecification","valueRequired":true,"valueName":"search_term_string"}}],"inLanguage":"es"}]}},"_links":{"self":[{"href":"https:\/\/www.eltako.com\/es\/wp-json\/wp\/v2\/pages\/62314","targetHints":{"allow":["GET"]}}],"collection":[{"href":"https:\/\/www.eltako.com\/es\/wp-json\/wp\/v2\/pages"}],"about":[{"href":"https:\/\/www.eltako.com\/es\/wp-json\/wp\/v2\/types\/page"}],"author":[{"embeddable":true,"href":"https:\/\/www.eltako.com\/es\/wp-json\/wp\/v2\/users\/31"}],"replies":[{"embeddable":true,"href":"https:\/\/www.eltako.com\/es\/wp-json\/wp\/v2\/comments?post=62314"}],"version-history":[{"count":4,"href":"https:\/\/www.eltako.com\/es\/wp-json\/wp\/v2\/pages\/62314\/revisions"}],"predecessor-version":[{"id":141212,"href":"https:\/\/www.eltako.com\/es\/wp-json\/wp\/v2\/pages\/62314\/revisions\/141212"}],"up":[{"embeddable":true,"href":"https:\/\/www.eltako.com\/es\/wp-json\/wp\/v2\/pages\/62739"}],"wp:featuredmedia":[{"embeddable":true,"href":"https:\/\/www.eltako.com\/es\/wp-json\/wp\/v2\/media\/23301"}],"wp:attachment":[{"href":"https:\/\/www.eltako.com\/es\/wp-json\/wp\/v2\/media?parent=62314"}],"curies":[{"name":"wp","href":"https:\/\/api.w.org\/{rel}","templated":true}]}}