{"id":62137,"date":"2022-03-07T14:48:33","date_gmt":"2022-03-07T13:48:33","guid":{"rendered":"https:\/\/betax923lb8kd7v0.eltako.de\/controlador-firmware-actualizacion\/"},"modified":"2025-02-05T08:46:42","modified_gmt":"2025-02-05T07:46:42","slug":"controlador-firmware-actualizacion","status":"publish","type":"page","link":"https:\/\/www.eltako.com\/es\/controlador-firmware-actualizacion\/","title":{"rendered":"Actualizaci\u00f3n del firmware del controlador"},"content":{"rendered":"\n<h3 class=\"wp-block-heading\">Actualizaci\u00f3n del firmware <\/h3>\n\n\n\n<p><\/p>\n\n\n\n<p class=\"has-normal-font-size\">Por favor, aseg\u00farese de que siempre ejecuta su controlador con la \u00faltima versi\u00f3n de firmware para garantizar una interacci\u00f3n fluida con la aplicaci\u00f3n GFA5. Por favor, siga las instrucciones de actualizaci\u00f3n que aparecen a continuaci\u00f3n: <\/p>\n\n\n\n<h3 class=\"wp-block-heading\">Actualizaci\u00f3n del firmware con la aplicaci\u00f3n GFA5<\/h3>\n\n\n\n<p><\/p>\n\n\n\n<p class=\"has-normal-font-size\">En la aplicaci\u00f3n GFA5, puedes iniciar la actualizaci\u00f3n del firmware del mando directamente en la aplicaci\u00f3n. Si hay un nuevo firmware disponible, aparece una notificaci\u00f3n emergente en la aplicaci\u00f3n. Tambi\u00e9n puede ir a: Ajustes \u2192 Controlador para ver si hay una actualizaci\u00f3n de firmware disponible y para iniciar la actualizaci\u00f3n directamente en este punto. <\/p>\n\n\n\n<p class=\"has-normal-font-size\"><strong>Nota: <\/strong>Se requiere una conexi\u00f3n a Internet para la actualizaci\u00f3n. <\/p>\n\n\n\n<p class=\"has-normal-font-size\">En los raros casos en los que no se puede iniciar una actualizaci\u00f3n de firmware a trav\u00e9s de la app GFA5, es posible instalar el firmware utilizando ConfigTool NEO. <\/p>\n\n\n\n<p><strong>Descargar el firmware del controlador<\/strong><\/p>\n\n\n\n<p><a href=\"https:\/\/eltakocloud-download.s3.eu-central-1.amazonaws.com\/fw\/mediola\/C2\/c2eltako_latest.hex\">Descargar versi\u00f3n 1.25.6<\/a> (enlace externo)<\/p>\n\n\n\n<p><a href=\"https:\/\/docs.eltako.de\/docs\/changelog_minisafe2\/\">Registro de cambios MiniSafe2<\/a><\/p>\n\n\n\n<p><a href=\"https:\/\/docs.eltako.de\/docs\/changelog_gfa5\/\">Registro de cambios GFA5<\/a><\/p>\n\n\n\n<h3 class=\"wp-block-heading\">Actualizaci\u00f3n del firmware con ConfigTool NEO <\/h3>\n\n\n\n<p><\/p>\n\n\n\n<p class=\"has-normal-font-size\"><strong>Requisito previo: <\/strong><\/p>\n\n\n\n<ol class=\"wp-block-list\">\n<li>El ConfigTool NEO est\u00e1 instalado <\/li>\n<\/ol>\n\n\n\n<ol start=\"2\" class=\"wp-block-list\">\n<li>El PC y el controlador est\u00e1n en la misma red. <\/li>\n<\/ol>\n\n\n\n<p>Despu\u00e9s de iniciar ConfigTool NEO, el controlador se muestra directamente en la p\u00e1gina de inicio. <\/p>\n\n\n\n<ol class=\"wp-block-list\">\n<li>Pulse sobre el controlador para acceder a los ajustes. <\/li>\n<\/ol>\n\n\n\n<ol start=\"2\" class=\"wp-block-list\">\n<li>Pesta\u00f1a \u00abGeneral\u00bb: Aqu\u00ed se muestran las notas sobre las nuevas versiones de firmware <\/li>\n<\/ol>\n\n\n\n<ol start=\"3\" class=\"wp-block-list\">\n<li>\u00bb Haga clic en \u00abActivar formularios <\/li>\n<\/ol>\n\n\n\n<ol start=\"4\" class=\"wp-block-list\">\n<li>Instalaci\u00f3n del firmware en el controlador <\/li>\n<\/ol>\n\n\n\n<p><strong>Descargar ConfigTool NEO<\/strong> <\/p>\n\n\n\n<p><a href=\"https:\/\/s3-eu-west-1.amazonaws.com\/mediola-download\/configtool_neo\/ConfigTool+NEO.exe\" target=\"_blank\" rel=\"noreferrer noopener\">Desc<\/a><a href=\"https:\/\/s3-eu-west-1.amazonaws.com\/mediola-download\/configtool_neo\/1.17.0\/ConfigTool+NEO.exe\" target=\"_blank\" rel=\"noreferrer noopener\">argar la versi\u00f3n para Windows<\/a> (enlace externo) <\/p>\n\n\n\n<p><a href=\"https:\/\/s3-eu-west-1.amazonaws.com\/mediola-download\/configtool_neo\/1.17.0\/ConfigTool+NEO.dmg\">Descargar la versi\u00f3n para macOS 12+<\/a> (enlace externo)<\/p>\n\n\n\n<p><a href=\"https:\/\/s3-eu-west-1.amazonaws.com\/mediola-download\/configtool_neo\/1.17.0\/ConfigTool+NEO-mac10.dmg\">Descargar la versi\u00f3n para macOS 10\/11<\/a> (enlace externo)<\/p>\n\n\n\n<p><a href=\"https:\/\/s3-eu-west-1.amazonaws.com\/mediola-download\/configtool_neo\/1.9.0\/ConfigTool+NEO.tar.gz\" target=\"_blank\" rel=\"noreferrer noopener\">Descargar la versi\u00f3n para Lin<\/a><a href=\"https:\/\/s3-eu-west-1.amazonaws.com\/mediola-download\/configtool_neo\/1.17.0\/ConfigTool+NEO.tar.gz\" target=\"_blank\" rel=\"noreferrer noopener\">ux<\/a> (enlace externo)<\/p>\n\n\n\n<div style=\"height:100px\" aria-hidden=\"true\" class=\"wp-block-spacer\"><\/div>\n\n\n\n<h4 class=\"wp-block-heading\">Registro de cambios<\/h4>\n\n\n\n<p>Todos los cambios notables de este proyecto se documentar\u00e1n en este archivo.<\/p>\n\n\n\n<p>El formato se basa en <a href=\"http:\/\/keepachangelog.com\/\">Keep a Changelog<\/a> y este proyecto se adhiere a <a href=\"http:\/\/semver.org\/\">Semantic Versioning<\/a>.<\/p>\n\n\n\n<h4 class=\"wp-block-heading\"><a href=\"https:\/\/gist.github.com\/juampynr\/4c18214a8eb554084e21d6e288a18a2c#unreleased---yyyy-mm-dd\"><\/a>[Unreleased] &#8211; aaaa-mm-dd<\/h4>\n\n\n\n<p>Aqu\u00ed escribimos notas de mejora para las marcas. Es un esfuerzo de equipo para que sean lo m\u00e1s sencillas posible.<\/p>\n\n\n\n<h5 class=\"wp-block-heading\"><a href=\"https:\/\/gist.github.com\/juampynr\/4c18214a8eb554084e21d6e288a18a2c#added\"><\/a>A\u00f1adido<\/h5>\n\n\n\n<ul class=\"wp-block-list\">\n<li><a href=\"http:\/\/tickets.projectname.com\/browse\/PROJECTNAME-XXXX\">PROJECTNAME-XXXX<\/a> MINOR El t\u00edtulo del billete va aqu\u00ed.<\/li>\n\n\n\n<li><a href=\"http:\/\/tickets.projectname.com\/browse\/PROJECTNAME-YYYY\">PROJECTNAME-YYY<\/a> PATCH El t\u00edtulo de la entrada va aqu\u00ed.<\/li>\n<\/ul>\n\n\n\n<h5 class=\"wp-block-heading\"><a href=\"https:\/\/gist.github.com\/juampynr\/4c18214a8eb554084e21d6e288a18a2c#changed\"><\/a>Cambiado<\/h5>\n\n\n\n<h5 class=\"wp-block-heading\"><a href=\"https:\/\/gist.github.com\/juampynr\/4c18214a8eb554084e21d6e288a18a2c#fixed\"><\/a>Fijo<\/h5>\n","protected":false},"excerpt":{"rendered":"<p>Actualizaci\u00f3n del firmware Por favor, aseg\u00farese de que siempre ejecuta su controlador con la \u00faltima versi\u00f3n de firmware para garantizar una interacci\u00f3n fluida con la aplicaci\u00f3n GFA5. Por favor, siga las instrucciones de actualizaci\u00f3n que aparecen a continuaci\u00f3n: Actualizaci\u00f3n del firmware con la aplicaci\u00f3n GFA5 En la aplicaci\u00f3n GFA5, puedes iniciar la actualizaci\u00f3n del firmware [&hellip;]<\/p>\n","protected":false},"author":31,"featured_media":22017,"parent":0,"menu_order":0,"comment_status":"closed","ping_status":"closed","template":"templates\/custom_header.php","meta":{"_acf_changed":false,"footnotes":"","_links_to":"","_links_to_target":""},"class_list":["post-62137","page","type-page","status-publish","has-post-thumbnail","hentry"],"acf":[],"yoast_head":"<!-- This site is optimized with the Yoast SEO plugin v27.2 - https:\/\/yoast.com\/product\/yoast-seo-wordpress\/ -->\n<title>Actualizaci\u00f3n del firmware del controlador &#187; Eltako<\/title>\n<meta name=\"robots\" content=\"index, follow, max-snippet:-1, max-image-preview:large, max-video-preview:-1\" \/>\n<link rel=\"canonical\" href=\"https:\/\/www.eltako.com\/es\/controlador-firmware-actualizacion\/\" \/>\n<meta property=\"og:locale\" content=\"es_ES\" \/>\n<meta property=\"og:type\" content=\"article\" \/>\n<meta property=\"og:title\" content=\"Actualizaci\u00f3n del firmware del controlador &#187; Eltako\" \/>\n<meta property=\"og:description\" content=\"Actualizaci\u00f3n del firmware Por favor, aseg\u00farese de que siempre ejecuta su controlador con la \u00faltima versi\u00f3n de firmware para garantizar una interacci\u00f3n fluida con la aplicaci\u00f3n GFA5. Por favor, siga las instrucciones de actualizaci\u00f3n que aparecen a continuaci\u00f3n: Actualizaci\u00f3n del firmware con la aplicaci\u00f3n GFA5 En la aplicaci\u00f3n GFA5, puedes iniciar la actualizaci\u00f3n del firmware [&hellip;]\" \/>\n<meta property=\"og:url\" content=\"https:\/\/www.eltako.com\/es\/controlador-firmware-actualizacion\/\" \/>\n<meta property=\"og:site_name\" content=\"Eltako\" \/>\n<meta property=\"article:modified_time\" content=\"2025-02-05T07:46:42+00:00\" \/>\n<meta property=\"og:image\" content=\"https:\/\/www.eltako.com\/wp-content\/uploads\/2021\/05\/Layout-Firmware-Update-Neu.jpg\" \/>\n\t<meta property=\"og:image:width\" content=\"2000\" \/>\n\t<meta property=\"og:image:height\" content=\"1125\" \/>\n\t<meta property=\"og:image:type\" content=\"image\/jpeg\" \/>\n<meta name=\"twitter:card\" content=\"summary_large_image\" \/>\n<meta name=\"twitter:label1\" content=\"Tiempo de lectura\" \/>\n\t<meta name=\"twitter:data1\" content=\"3 minutos\" \/>\n<script type=\"application\/ld+json\" class=\"yoast-schema-graph\">{\"@context\":\"https:\/\/schema.org\",\"@graph\":[{\"@type\":\"WebPage\",\"@id\":\"https:\/\/www.eltako.com\/es\/controlador-firmware-actualizacion\/\",\"url\":\"https:\/\/www.eltako.com\/es\/controlador-firmware-actualizacion\/\",\"name\":\"Actualizaci\u00f3n del firmware del controlador &#187; Eltako\",\"isPartOf\":{\"@id\":\"https:\/\/www.eltako.com\/en\/#website\"},\"primaryImageOfPage\":{\"@id\":\"https:\/\/www.eltako.com\/es\/controlador-firmware-actualizacion\/#primaryimage\"},\"image\":{\"@id\":\"https:\/\/www.eltako.com\/es\/controlador-firmware-actualizacion\/#primaryimage\"},\"thumbnailUrl\":\"https:\/\/www.eltako.com\/wp-content\/uploads\/2021\/05\/Layout-Firmware-Update-Neu.jpg\",\"datePublished\":\"2022-03-07T13:48:33+00:00\",\"dateModified\":\"2025-02-05T07:46:42+00:00\",\"breadcrumb\":{\"@id\":\"https:\/\/www.eltako.com\/es\/controlador-firmware-actualizacion\/#breadcrumb\"},\"inLanguage\":\"es\",\"potentialAction\":[{\"@type\":\"ReadAction\",\"target\":[\"https:\/\/www.eltako.com\/es\/controlador-firmware-actualizacion\/\"]}]},{\"@type\":\"ImageObject\",\"inLanguage\":\"es\",\"@id\":\"https:\/\/www.eltako.com\/es\/controlador-firmware-actualizacion\/#primaryimage\",\"url\":\"https:\/\/www.eltako.com\/wp-content\/uploads\/2021\/05\/Layout-Firmware-Update-Neu.jpg\",\"contentUrl\":\"https:\/\/www.eltako.com\/wp-content\/uploads\/2021\/05\/Layout-Firmware-Update-Neu.jpg\",\"width\":2000,\"height\":1125},{\"@type\":\"BreadcrumbList\",\"@id\":\"https:\/\/www.eltako.com\/es\/controlador-firmware-actualizacion\/#breadcrumb\",\"itemListElement\":[{\"@type\":\"ListItem\",\"position\":1,\"name\":\"P\u00e1gina web\",\"item\":\"https:\/\/www.eltako.com\/es\/\"},{\"@type\":\"ListItem\",\"position\":2,\"name\":\"Actualizaci\u00f3n del firmware del controlador\"}]},{\"@type\":\"WebSite\",\"@id\":\"https:\/\/www.eltako.com\/en\/#website\",\"url\":\"https:\/\/www.eltako.com\/en\/\",\"name\":\"Eltako\",\"description\":\"Schaltger\u00e4te, Netzteile, Stromz\u00e4hler, Dimmer, Geb\u00e4udeinstallation, Steuerungstechnik, Smart Home-L\u00f6sungen, Geb\u00e4udefunk, EnOcean-Technologie\",\"potentialAction\":[{\"@type\":\"SearchAction\",\"target\":{\"@type\":\"EntryPoint\",\"urlTemplate\":\"https:\/\/www.eltako.com\/en\/?s={search_term_string}\"},\"query-input\":{\"@type\":\"PropertyValueSpecification\",\"valueRequired\":true,\"valueName\":\"search_term_string\"}}],\"inLanguage\":\"es\"}]}<\/script>\n<!-- \/ Yoast SEO plugin. -->","yoast_head_json":{"title":"Actualizaci\u00f3n del firmware del controlador &#187; Eltako","robots":{"index":"index","follow":"follow","max-snippet":"max-snippet:-1","max-image-preview":"max-image-preview:large","max-video-preview":"max-video-preview:-1"},"canonical":"https:\/\/www.eltako.com\/es\/controlador-firmware-actualizacion\/","og_locale":"es_ES","og_type":"article","og_title":"Actualizaci\u00f3n del firmware del controlador &#187; Eltako","og_description":"Actualizaci\u00f3n del firmware Por favor, aseg\u00farese de que siempre ejecuta su controlador con la \u00faltima versi\u00f3n de firmware para garantizar una interacci\u00f3n fluida con la aplicaci\u00f3n GFA5. Por favor, siga las instrucciones de actualizaci\u00f3n que aparecen a continuaci\u00f3n: Actualizaci\u00f3n del firmware con la aplicaci\u00f3n GFA5 En la aplicaci\u00f3n GFA5, puedes iniciar la actualizaci\u00f3n del firmware [&hellip;]","og_url":"https:\/\/www.eltako.com\/es\/controlador-firmware-actualizacion\/","og_site_name":"Eltako","article_modified_time":"2025-02-05T07:46:42+00:00","og_image":[{"width":2000,"height":1125,"url":"https:\/\/www.eltako.com\/wp-content\/uploads\/2021\/05\/Layout-Firmware-Update-Neu.jpg","type":"image\/jpeg"}],"twitter_card":"summary_large_image","twitter_misc":{"Tiempo de lectura":"3 minutos"},"schema":{"@context":"https:\/\/schema.org","@graph":[{"@type":"WebPage","@id":"https:\/\/www.eltako.com\/es\/controlador-firmware-actualizacion\/","url":"https:\/\/www.eltako.com\/es\/controlador-firmware-actualizacion\/","name":"Actualizaci\u00f3n del firmware del controlador &#187; Eltako","isPartOf":{"@id":"https:\/\/www.eltako.com\/en\/#website"},"primaryImageOfPage":{"@id":"https:\/\/www.eltako.com\/es\/controlador-firmware-actualizacion\/#primaryimage"},"image":{"@id":"https:\/\/www.eltako.com\/es\/controlador-firmware-actualizacion\/#primaryimage"},"thumbnailUrl":"https:\/\/www.eltako.com\/wp-content\/uploads\/2021\/05\/Layout-Firmware-Update-Neu.jpg","datePublished":"2022-03-07T13:48:33+00:00","dateModified":"2025-02-05T07:46:42+00:00","breadcrumb":{"@id":"https:\/\/www.eltako.com\/es\/controlador-firmware-actualizacion\/#breadcrumb"},"inLanguage":"es","potentialAction":[{"@type":"ReadAction","target":["https:\/\/www.eltako.com\/es\/controlador-firmware-actualizacion\/"]}]},{"@type":"ImageObject","inLanguage":"es","@id":"https:\/\/www.eltako.com\/es\/controlador-firmware-actualizacion\/#primaryimage","url":"https:\/\/www.eltako.com\/wp-content\/uploads\/2021\/05\/Layout-Firmware-Update-Neu.jpg","contentUrl":"https:\/\/www.eltako.com\/wp-content\/uploads\/2021\/05\/Layout-Firmware-Update-Neu.jpg","width":2000,"height":1125},{"@type":"BreadcrumbList","@id":"https:\/\/www.eltako.com\/es\/controlador-firmware-actualizacion\/#breadcrumb","itemListElement":[{"@type":"ListItem","position":1,"name":"P\u00e1gina web","item":"https:\/\/www.eltako.com\/es\/"},{"@type":"ListItem","position":2,"name":"Actualizaci\u00f3n del firmware del controlador"}]},{"@type":"WebSite","@id":"https:\/\/www.eltako.com\/en\/#website","url":"https:\/\/www.eltako.com\/en\/","name":"Eltako","description":"Schaltger\u00e4te, Netzteile, Stromz\u00e4hler, Dimmer, Geb\u00e4udeinstallation, Steuerungstechnik, Smart Home-L\u00f6sungen, Geb\u00e4udefunk, EnOcean-Technologie","potentialAction":[{"@type":"SearchAction","target":{"@type":"EntryPoint","urlTemplate":"https:\/\/www.eltako.com\/en\/?s={search_term_string}"},"query-input":{"@type":"PropertyValueSpecification","valueRequired":true,"valueName":"search_term_string"}}],"inLanguage":"es"}]}},"_links":{"self":[{"href":"https:\/\/www.eltako.com\/es\/wp-json\/wp\/v2\/pages\/62137","targetHints":{"allow":["GET"]}}],"collection":[{"href":"https:\/\/www.eltako.com\/es\/wp-json\/wp\/v2\/pages"}],"about":[{"href":"https:\/\/www.eltako.com\/es\/wp-json\/wp\/v2\/types\/page"}],"author":[{"embeddable":true,"href":"https:\/\/www.eltako.com\/es\/wp-json\/wp\/v2\/users\/31"}],"replies":[{"embeddable":true,"href":"https:\/\/www.eltako.com\/es\/wp-json\/wp\/v2\/comments?post=62137"}],"version-history":[{"count":9,"href":"https:\/\/www.eltako.com\/es\/wp-json\/wp\/v2\/pages\/62137\/revisions"}],"predecessor-version":[{"id":144028,"href":"https:\/\/www.eltako.com\/es\/wp-json\/wp\/v2\/pages\/62137\/revisions\/144028"}],"wp:featuredmedia":[{"embeddable":true,"href":"https:\/\/www.eltako.com\/es\/wp-json\/wp\/v2\/media\/22017"}],"wp:attachment":[{"href":"https:\/\/www.eltako.com\/es\/wp-json\/wp\/v2\/media?parent=62137"}],"curies":[{"name":"wp","href":"https:\/\/api.w.org\/{rel}","templated":true}]}}