{"id":62110,"date":"2022-03-07T13:52:40","date_gmt":"2022-03-07T12:52:40","guid":{"rendered":"https:\/\/betax923lb8kd7v0.eltako.de\/wibutler\/"},"modified":"2024-10-04T12:01:20","modified_gmt":"2024-10-04T10:01:20","slug":"wibutler","status":"publish","type":"page","link":"https:\/\/www.eltako.com\/es\/empresa\/socios-y-alianzas\/wibutler\/","title":{"rendered":"Wibutler"},"content":{"rendered":"\n<p class=\"has-medium-font-size\">El controlador wibutler pro se lanz\u00f3 al mercado en Alemania en 2015. El Smart Home Controller conecta en red los dispositivos de diferentes fabricantes y diferentes est\u00e1ndares entre s\u00ed y permite as\u00ed un uso conjunto. Han hecho de la digitalizaci\u00f3n y el desarrollo de tecnolog\u00edas independientes y hol\u00edsticas en el hogar su principal objetivo y han logrado establecerse en este campo en los \u00faltimos a\u00f1os. <\/p>\n\n\n\n<div style=\"height:19px\" aria-hidden=\"true\" class=\"wp-block-spacer\"><\/div>\n\n\n\n<div class=\"wp-block-columns is-layout-flex wp-container-core-columns-is-layout-9d6595d7 wp-block-columns-is-layout-flex\">\n<div class=\"wp-block-column is-layout-flow wp-block-column-is-layout-flow\"><\/div>\n\n\n\n<div class=\"wp-block-column has-white-color has-text-color has-background is-layout-flow wp-block-column-is-layout-flow\" style=\"background-color:#016db7\">\n<p><\/p>\n\n\n\n<p class=\"has-text-align-center has-white-color has-text-color has-medium-font-size\"><strong><a href=\"https:\/\/my.matterport.com\/show\/?m=9FGsyMtKn6C&amp;utm_source=alliance-Website&amp;utm_medium=Websitebutton&amp;utm_campaign=2022_alliance-Musterhaustour&amp;utm_id=2022_wibutler-Musterhaus&amp;utm_term=Smart+Home\" target=\"_blank\" rel=\"noreferrer noopener\">M\u00e1s sobre wibutler<\/a><\/strong><\/p>\n<\/div>\n\n\n\n<div class=\"wp-block-column is-layout-flow wp-block-column-is-layout-flow\"><\/div>\n<\/div>\n\n\n\n<div style=\"height:17px\" aria-hidden=\"true\" class=\"wp-block-spacer\"><\/div>\n\n\n\n<figure class=\"wp-block-image size-large\"><img decoding=\"async\" width=\"1024\" height=\"367\" src=\"https:\/\/betax923lb8kd7v0.eltako.de\/wp-content\/uploads\/2022\/02\/parnter-und-allianzen_content-bild-1024x367.jpg\" alt=\"\" class=\"wp-image-61438\" srcset=\"https:\/\/www.eltako.com\/wp-content\/uploads\/2022\/02\/parnter-und-allianzen_content-bild-1024x367.jpg 1024w, https:\/\/www.eltako.com\/wp-content\/uploads\/2022\/02\/parnter-und-allianzen_content-bild-300x108.jpg 300w, https:\/\/www.eltako.com\/wp-content\/uploads\/2022\/02\/parnter-und-allianzen_content-bild-768x276.jpg 768w, https:\/\/www.eltako.com\/wp-content\/uploads\/2022\/02\/parnter-und-allianzen_content-bild-1536x551.jpg 1536w, https:\/\/www.eltako.com\/wp-content\/uploads\/2022\/02\/parnter-und-allianzen_content-bild.jpg 1920w\" sizes=\"(max-width: 1024px) 100vw, 1024px\" \/><\/figure>\n\n\n\n<div style=\"height:30px\" aria-hidden=\"true\" class=\"wp-block-spacer\"><\/div>\n\n\n\n<div class=\"wp-block-columns is-layout-flex wp-container-core-columns-is-layout-9d6595d7 wp-block-columns-is-layout-flex\">\n<div class=\"wp-block-column is-layout-flow wp-block-column-is-layout-flow\"><\/div>\n\n\n\n<div class=\"wp-block-column has-white-color has-text-color has-background is-layout-flow wp-block-column-is-layout-flow\" style=\"background-color:#016db7\">\n<p><\/p>\n\n\n\n<p class=\"has-text-align-center has-white-color has-text-color has-medium-font-size\"><strong><a href=\"https:\/\/my.matterport.com\/show\/?m=9FGsyMtKn6C&amp;utm_source=alliance-Website&amp;utm_medium=Websitebutton&amp;utm_campaign=2022_alliance-Musterhaustour&amp;utm_id=2022_wibutler-Musterhaus&amp;utm_term=Smart+Home\" target=\"_blank\" rel=\"noreferrer noopener\">Vista de la casa piloto<\/a><\/strong><\/p>\n<\/div>\n\n\n\n<div class=\"wp-block-column is-layout-flow wp-block-column-is-layout-flow\"><\/div>\n<\/div>\n\n\n\n<div style=\"height:15px\" aria-hidden=\"true\" class=\"wp-block-spacer\"><\/div>\n\n\n\n<p class=\"has-medium-font-size\">La alianza wibutler une a m\u00e1s de 30 fabricantes experimentados en un sistema junto a nosotros y permite as\u00ed a los clientes controlar y configurar de forma centralizada los dispositivos existentes y los nuevos. Aqu\u00ed trabajamos junto con otros miembros de renombre de la alianza, como Viessmann, Oventrop, Busch-Jaeger o tambi\u00e9n BEGA, en la mejora y el desarrollo de las innovaciones de los productos para poder ofrecer a\u00fan m\u00e1s compatibilidad y rendimiento. El configurador de wibutler le ofrece recomendaciones de productos probados individualmente que se ajustan exactamente a su nueva construcci\u00f3n o renovaci\u00f3n.<\/p>\n\n\n\n<div style=\"height:21px\" aria-hidden=\"true\" class=\"wp-block-spacer\"><\/div>\n\n\n\n<div class=\"wp-block-columns is-layout-flex wp-container-core-columns-is-layout-9d6595d7 wp-block-columns-is-layout-flex\">\n<div class=\"wp-block-column is-layout-flow wp-block-column-is-layout-flow\"><\/div>\n\n\n\n<div class=\"wp-block-column has-white-color has-text-color has-background is-layout-flow wp-block-column-is-layout-flow\" style=\"background-color:#016db7\">\n<p><\/p>\n\n\n\n<p class=\"has-text-align-center has-white-color has-text-color has-medium-font-size\"><a href=\"https:\/\/dbt-platform.com\/support\/\">Centro de Ayuda<\/a><\/p>\n<\/div>\n\n\n\n<div class=\"wp-block-column is-layout-flow wp-block-column-is-layout-flow\"><\/div>\n<\/div>\n\n\n\n<div style=\"height:29px\" aria-hidden=\"true\" class=\"wp-block-spacer\"><\/div>\n\n\n\n<div class=\"wp-block-columns is-layout-flex wp-container-core-columns-is-layout-9d6595d7 wp-block-columns-is-layout-flex\">\n<div class=\"wp-block-column bg-primary p-4 text-white mb-2 is-layout-flow wp-block-column-is-layout-flow\">\n<p class=\"has-medium-font-size\"><strong>La iluminaci\u00f3n: <\/strong><\/p>\n\n\n\n<p class=\"has-medium-font-size\">Almacenar los ajustes personales, regular, automatizar&#8230; un sinf\u00edn de posibilidades para los productos Professional Smart Home de Eltako mediante el control con el wibutler. <\/p>\n\n\n\n<div style=\"height:23px\" aria-hidden=\"true\" class=\"wp-block-spacer\"><\/div>\n\n\n\n<a href=\"https:\/\/www.youtube.com\/watch?v=GG7cgY104SM\">\n\n\n<figure class=\"text-center\"><img decoding=\"async\" width=\"100\" height=\"70\" style=\"width:50px !important;\" src=\"https:\/\/prod.wxccizj.de\/wp-content\/uploads\/2022\/02\/YT-Like-Button-29-1.png\" alt=\"\" class=\"wp-image-33662\"\/><\/figure>\n\n\n<\/a>\n<\/div>\n\n\n\n<div class=\"wp-block-column bg-primary p-4 text-white mb-2 is-layout-flow wp-block-column-is-layout-flow\">\n<p class=\"has-medium-font-size\"><strong>Clima interior: <\/strong><\/p>\n\n\n\n<p class=\"has-medium-font-size\">\u00bfDemasiado calor o demasiado fr\u00edo? El wibutler lo convierte en un \u00abjusto\u00bb. El ajuste autom\u00e1tico de la temperatura ambiente y el reajuste con la ayuda de unos pocos clics crean la temperatura adecuada en cada habitaci\u00f3n en todo momento. <\/p>\n\n\n\n<div style=\"height:23px\" aria-hidden=\"true\" class=\"wp-block-spacer\"><\/div>\n\n\n\n<a href=\"https:\/\/www.youtube.com\/watch?v=W2nUY-vWpHQ\">\n\n\n<figure class=\"text-center\"><img decoding=\"async\" width=\"100\" height=\"70\" style=\"width:50px !important;\" src=\"https:\/\/prod.wxccizj.de\/wp-content\/uploads\/2022\/02\/YT-Like-Button-29-1.png\" alt=\"\" class=\"wp-image-33662\"\/><\/figure>\n\n\n<\/a>\n<\/div>\n<\/div>\n\n\n\n<div class=\"wp-block-columns is-layout-flex wp-container-core-columns-is-layout-9d6595d7 wp-block-columns-is-layout-flex\">\n<div class=\"wp-block-column bg-primary p-4 text-white mb-2 is-layout-flow wp-block-column-is-layout-flow\">\n<p class=\"has-medium-font-size\"><strong>La seguridad: <\/strong><\/p>\n\n\n\n<p class=\"has-medium-font-size\">Smart es seguro. Ya sean detectores de humo, control por c\u00e1mara, detectores de movimiento, control de ventanas y puertas o simulaci\u00f3n de presencia: Eltako ofrece muchas soluciones para hacer m\u00e1s seguro el hogar.<\/p>\n\n\n\n<div style=\"height:23px\" aria-hidden=\"true\" class=\"wp-block-spacer\"><\/div>\n\n\n\n<a href=\"https:\/\/www.youtube.com\/watch?v=x2fcBzki4bM\">\n\n\n<figure class=\"text-center\"><img decoding=\"async\" width=\"100\" height=\"70\" style=\"width:50px !important;\" src=\"https:\/\/prod.wxccizj.de\/wp-content\/uploads\/2022\/02\/YT-Like-Button-29-1.png\" alt=\"\" class=\"wp-image-33662\"\/><\/figure>\n\n\n<\/a>\n<\/div>\n\n\n\n<div class=\"wp-block-column bg-primary p-4 text-white mb-2 is-layout-flow wp-block-column-is-layout-flow\">\n<p class=\"has-medium-font-size\"><strong>Sombreado<\/strong>:<\/p>\n\n\n\n<p class=\"has-medium-font-size\">Las persianas, las venecianas y los toldos pueden controlarse autom\u00e1ticamente por sensor, por tiempo o por funci\u00f3n central. De este modo, no s\u00f3lo mantendr\u00e1 la cabeza fr\u00eda, sino que tambi\u00e9n ahorrar\u00e1 gastos de energ\u00eda en calefacci\u00f3n o aire acondicionado.<\/p>\n\n\n\n<div style=\"height:23px\" aria-hidden=\"true\" class=\"wp-block-spacer\"><\/div>\n\n\n\n<a href=\"https:\/\/youtu.be\/zYFOlomyWSQ\">\n\n\n<figure class=\"text-center\"><img decoding=\"async\" width=\"100\" height=\"70\" style=\"width:50px !important;\" src=\"https:\/\/prod.wxccizj.de\/wp-content\/uploads\/2022\/02\/YT-Like-Button-29-1.png\" alt=\"\" class=\"wp-image-33662\"\/><\/figure>\n\n\n<\/a>\n<\/div>\n<\/div>\n\n\n\n<div class=\"wp-block-columns is-layout-flex wp-container-core-columns-is-layout-9d6595d7 wp-block-columns-is-layout-flex\"><\/div>\n\n\n\n<div style=\"height:50px\" aria-hidden=\"true\" class=\"wp-block-spacer\"><\/div>\n\n\n\n<div class=\"wp-block-columns is-layout-flex wp-container-core-columns-is-layout-9d6595d7 wp-block-columns-is-layout-flex\">\n<div class=\"wp-block-column is-layout-flow wp-block-column-is-layout-flow\" style=\"flex-basis:100%\">\n<div class=\"wp-block-columns is-layout-flex wp-container-core-columns-is-layout-9d6595d7 wp-block-columns-is-layout-flex\">\n<div class=\"wp-block-column is-layout-flow wp-block-column-is-layout-flow\" style=\"flex-basis:60%\">\n<h2 class=\"wp-block-heading text-primary text-uppercase\" id=\"nichts-mehr-verpassen\"><strong>No te pierdas nada <\/strong><\/h2>\n\n\n\n<p class=\"text-primary\" style=\"font-size:24px\">En las plataformas de medios sociales de Eltako y wibutler aparecen regularmente publicaciones sobre la interacci\u00f3n de los productos profesionales para el hogar inteligente de Eltako con el wibutler. Si no quieres perderte nada, deber\u00edas suscribirte a todos los canales. <\/p>\n<\/div>\n\n\n\n<div class=\"wp-block-column is-layout-flow wp-block-column-is-layout-flow\" style=\"flex-basis:66.66%\">\n<figure class=\"wp-block-image size-full\"><img decoding=\"async\" src=\"https:\/\/www.eltako.com\/wp-content\/uploads\/2024\/10\/roboter-wibutler-24.jpg\" alt=\"\" class=\"wp-image-142397\"\/><\/figure>\n<\/div>\n<\/div>\n<\/div>\n<\/div>\n","protected":false},"excerpt":{"rendered":"<p>El controlador wibutler pro se lanz\u00f3 al mercado en Alemania en 2015. El Smart Home Controller conecta en red los dispositivos de diferentes fabricantes y diferentes est\u00e1ndares entre s\u00ed y permite as\u00ed un uso conjunto. Han hecho de la digitalizaci\u00f3n y el desarrollo de tecnolog\u00edas independientes y hol\u00edsticas en el hogar su principal objetivo y [&hellip;]<\/p>\n","protected":false},"author":31,"featured_media":61436,"parent":62739,"menu_order":6,"comment_status":"closed","ping_status":"closed","template":"templates\/custom_header.php","meta":{"_acf_changed":false,"footnotes":"","_links_to":"","_links_to_target":""},"class_list":["post-62110","page","type-page","status-publish","has-post-thumbnail","hentry"],"acf":[],"yoast_head":"<!-- This site is optimized with the Yoast SEO plugin v27.2 - https:\/\/yoast.com\/product\/yoast-seo-wordpress\/ -->\n<title>Wibutler &#187; Eltako<\/title>\n<meta name=\"robots\" content=\"index, follow, max-snippet:-1, max-image-preview:large, max-video-preview:-1\" \/>\n<link rel=\"canonical\" href=\"https:\/\/www.eltako.com\/es\/empresa\/socios-y-alianzas\/wibutler\/\" \/>\n<meta property=\"og:locale\" content=\"es_ES\" \/>\n<meta property=\"og:type\" content=\"article\" \/>\n<meta property=\"og:title\" content=\"Wibutler &#187; Eltako\" \/>\n<meta property=\"og:description\" content=\"El controlador wibutler pro se lanz\u00f3 al mercado en Alemania en 2015. El Smart Home Controller conecta en red los dispositivos de diferentes fabricantes y diferentes est\u00e1ndares entre s\u00ed y permite as\u00ed un uso conjunto. Han hecho de la digitalizaci\u00f3n y el desarrollo de tecnolog\u00edas independientes y hol\u00edsticas en el hogar su principal objetivo y [&hellip;]\" \/>\n<meta property=\"og:url\" content=\"https:\/\/www.eltako.com\/es\/empresa\/socios-y-alianzas\/wibutler\/\" \/>\n<meta property=\"og:site_name\" content=\"Eltako\" \/>\n<meta property=\"article:modified_time\" content=\"2024-10-04T10:01:20+00:00\" \/>\n<meta property=\"og:image\" content=\"https:\/\/www.eltako.com\/wp-content\/uploads\/2022\/02\/partner-und-allianzen_headerbild_wibutler.png\" \/>\n\t<meta property=\"og:image:width\" content=\"1800\" \/>\n\t<meta property=\"og:image:height\" content=\"800\" \/>\n\t<meta property=\"og:image:type\" content=\"image\/png\" \/>\n<meta name=\"twitter:card\" content=\"summary_large_image\" \/>\n<meta name=\"twitter:label1\" content=\"Tiempo de lectura\" \/>\n\t<meta name=\"twitter:data1\" content=\"4 minutos\" \/>\n<script type=\"application\/ld+json\" class=\"yoast-schema-graph\">{\"@context\":\"https:\/\/schema.org\",\"@graph\":[{\"@type\":\"WebPage\",\"@id\":\"https:\/\/www.eltako.com\/es\/empresa\/socios-y-alianzas\/wibutler\/\",\"url\":\"https:\/\/www.eltako.com\/es\/empresa\/socios-y-alianzas\/wibutler\/\",\"name\":\"Wibutler &#187; Eltako\",\"isPartOf\":{\"@id\":\"https:\/\/www.eltako.com\/en\/#website\"},\"primaryImageOfPage\":{\"@id\":\"https:\/\/www.eltako.com\/es\/empresa\/socios-y-alianzas\/wibutler\/#primaryimage\"},\"image\":{\"@id\":\"https:\/\/www.eltako.com\/es\/empresa\/socios-y-alianzas\/wibutler\/#primaryimage\"},\"thumbnailUrl\":\"https:\/\/www.eltako.com\/wp-content\/uploads\/2022\/02\/partner-und-allianzen_headerbild_wibutler.png\",\"datePublished\":\"2022-03-07T12:52:40+00:00\",\"dateModified\":\"2024-10-04T10:01:20+00:00\",\"breadcrumb\":{\"@id\":\"https:\/\/www.eltako.com\/es\/empresa\/socios-y-alianzas\/wibutler\/#breadcrumb\"},\"inLanguage\":\"es\",\"potentialAction\":[{\"@type\":\"ReadAction\",\"target\":[\"https:\/\/www.eltako.com\/es\/empresa\/socios-y-alianzas\/wibutler\/\"]}]},{\"@type\":\"ImageObject\",\"inLanguage\":\"es\",\"@id\":\"https:\/\/www.eltako.com\/es\/empresa\/socios-y-alianzas\/wibutler\/#primaryimage\",\"url\":\"https:\/\/www.eltako.com\/wp-content\/uploads\/2022\/02\/partner-und-allianzen_headerbild_wibutler.png\",\"contentUrl\":\"https:\/\/www.eltako.com\/wp-content\/uploads\/2022\/02\/partner-und-allianzen_headerbild_wibutler.png\",\"width\":1800,\"height\":800},{\"@type\":\"BreadcrumbList\",\"@id\":\"https:\/\/www.eltako.com\/es\/empresa\/socios-y-alianzas\/wibutler\/#breadcrumb\",\"itemListElement\":[{\"@type\":\"ListItem\",\"position\":1,\"name\":\"P\u00e1gina web\",\"item\":\"https:\/\/www.eltako.com\/es\/\"},{\"@type\":\"ListItem\",\"position\":2,\"name\":\"Empresa\",\"item\":\"https:\/\/www.eltako.com\/es\/empresa\/\"},{\"@type\":\"ListItem\",\"position\":3,\"name\":\"Socios y alianzas\",\"item\":\"https:\/\/www.eltako.com\/es\/empresa\/socios-y-alianzas\/\"},{\"@type\":\"ListItem\",\"position\":4,\"name\":\"Wibutler\"}]},{\"@type\":\"WebSite\",\"@id\":\"https:\/\/www.eltako.com\/en\/#website\",\"url\":\"https:\/\/www.eltako.com\/en\/\",\"name\":\"Eltako\",\"description\":\"Schaltger\u00e4te, Netzteile, Stromz\u00e4hler, Dimmer, Geb\u00e4udeinstallation, Steuerungstechnik, Smart Home-L\u00f6sungen, Geb\u00e4udefunk, EnOcean-Technologie\",\"potentialAction\":[{\"@type\":\"SearchAction\",\"target\":{\"@type\":\"EntryPoint\",\"urlTemplate\":\"https:\/\/www.eltako.com\/en\/?s={search_term_string}\"},\"query-input\":{\"@type\":\"PropertyValueSpecification\",\"valueRequired\":true,\"valueName\":\"search_term_string\"}}],\"inLanguage\":\"es\"}]}<\/script>\n<!-- \/ Yoast SEO plugin. -->","yoast_head_json":{"title":"Wibutler &#187; Eltako","robots":{"index":"index","follow":"follow","max-snippet":"max-snippet:-1","max-image-preview":"max-image-preview:large","max-video-preview":"max-video-preview:-1"},"canonical":"https:\/\/www.eltako.com\/es\/empresa\/socios-y-alianzas\/wibutler\/","og_locale":"es_ES","og_type":"article","og_title":"Wibutler &#187; Eltako","og_description":"El controlador wibutler pro se lanz\u00f3 al mercado en Alemania en 2015. El Smart Home Controller conecta en red los dispositivos de diferentes fabricantes y diferentes est\u00e1ndares entre s\u00ed y permite as\u00ed un uso conjunto. Han hecho de la digitalizaci\u00f3n y el desarrollo de tecnolog\u00edas independientes y hol\u00edsticas en el hogar su principal objetivo y [&hellip;]","og_url":"https:\/\/www.eltako.com\/es\/empresa\/socios-y-alianzas\/wibutler\/","og_site_name":"Eltako","article_modified_time":"2024-10-04T10:01:20+00:00","og_image":[{"width":1800,"height":800,"url":"https:\/\/www.eltako.com\/wp-content\/uploads\/2022\/02\/partner-und-allianzen_headerbild_wibutler.png","type":"image\/png"}],"twitter_card":"summary_large_image","twitter_misc":{"Tiempo de lectura":"4 minutos"},"schema":{"@context":"https:\/\/schema.org","@graph":[{"@type":"WebPage","@id":"https:\/\/www.eltako.com\/es\/empresa\/socios-y-alianzas\/wibutler\/","url":"https:\/\/www.eltako.com\/es\/empresa\/socios-y-alianzas\/wibutler\/","name":"Wibutler &#187; Eltako","isPartOf":{"@id":"https:\/\/www.eltako.com\/en\/#website"},"primaryImageOfPage":{"@id":"https:\/\/www.eltako.com\/es\/empresa\/socios-y-alianzas\/wibutler\/#primaryimage"},"image":{"@id":"https:\/\/www.eltako.com\/es\/empresa\/socios-y-alianzas\/wibutler\/#primaryimage"},"thumbnailUrl":"https:\/\/www.eltako.com\/wp-content\/uploads\/2022\/02\/partner-und-allianzen_headerbild_wibutler.png","datePublished":"2022-03-07T12:52:40+00:00","dateModified":"2024-10-04T10:01:20+00:00","breadcrumb":{"@id":"https:\/\/www.eltako.com\/es\/empresa\/socios-y-alianzas\/wibutler\/#breadcrumb"},"inLanguage":"es","potentialAction":[{"@type":"ReadAction","target":["https:\/\/www.eltako.com\/es\/empresa\/socios-y-alianzas\/wibutler\/"]}]},{"@type":"ImageObject","inLanguage":"es","@id":"https:\/\/www.eltako.com\/es\/empresa\/socios-y-alianzas\/wibutler\/#primaryimage","url":"https:\/\/www.eltako.com\/wp-content\/uploads\/2022\/02\/partner-und-allianzen_headerbild_wibutler.png","contentUrl":"https:\/\/www.eltako.com\/wp-content\/uploads\/2022\/02\/partner-und-allianzen_headerbild_wibutler.png","width":1800,"height":800},{"@type":"BreadcrumbList","@id":"https:\/\/www.eltako.com\/es\/empresa\/socios-y-alianzas\/wibutler\/#breadcrumb","itemListElement":[{"@type":"ListItem","position":1,"name":"P\u00e1gina web","item":"https:\/\/www.eltako.com\/es\/"},{"@type":"ListItem","position":2,"name":"Empresa","item":"https:\/\/www.eltako.com\/es\/empresa\/"},{"@type":"ListItem","position":3,"name":"Socios y alianzas","item":"https:\/\/www.eltako.com\/es\/empresa\/socios-y-alianzas\/"},{"@type":"ListItem","position":4,"name":"Wibutler"}]},{"@type":"WebSite","@id":"https:\/\/www.eltako.com\/en\/#website","url":"https:\/\/www.eltako.com\/en\/","name":"Eltako","description":"Schaltger\u00e4te, Netzteile, Stromz\u00e4hler, Dimmer, Geb\u00e4udeinstallation, Steuerungstechnik, Smart Home-L\u00f6sungen, Geb\u00e4udefunk, EnOcean-Technologie","potentialAction":[{"@type":"SearchAction","target":{"@type":"EntryPoint","urlTemplate":"https:\/\/www.eltako.com\/en\/?s={search_term_string}"},"query-input":{"@type":"PropertyValueSpecification","valueRequired":true,"valueName":"search_term_string"}}],"inLanguage":"es"}]}},"_links":{"self":[{"href":"https:\/\/www.eltako.com\/es\/wp-json\/wp\/v2\/pages\/62110","targetHints":{"allow":["GET"]}}],"collection":[{"href":"https:\/\/www.eltako.com\/es\/wp-json\/wp\/v2\/pages"}],"about":[{"href":"https:\/\/www.eltako.com\/es\/wp-json\/wp\/v2\/types\/page"}],"author":[{"embeddable":true,"href":"https:\/\/www.eltako.com\/es\/wp-json\/wp\/v2\/users\/31"}],"replies":[{"embeddable":true,"href":"https:\/\/www.eltako.com\/es\/wp-json\/wp\/v2\/comments?post=62110"}],"version-history":[{"count":2,"href":"https:\/\/www.eltako.com\/es\/wp-json\/wp\/v2\/pages\/62110\/revisions"}],"predecessor-version":[{"id":142403,"href":"https:\/\/www.eltako.com\/es\/wp-json\/wp\/v2\/pages\/62110\/revisions\/142403"}],"up":[{"embeddable":true,"href":"https:\/\/www.eltako.com\/es\/wp-json\/wp\/v2\/pages\/62739"}],"wp:featuredmedia":[{"embeddable":true,"href":"https:\/\/www.eltako.com\/es\/wp-json\/wp\/v2\/media\/61436"}],"wp:attachment":[{"href":"https:\/\/www.eltako.com\/es\/wp-json\/wp\/v2\/media?parent=62110"}],"curies":[{"name":"wp","href":"https:\/\/api.w.org\/{rel}","templated":true}]}}