{"id":62080,"date":"2022-03-07T13:44:29","date_gmt":"2022-03-07T12:44:29","guid":{"rendered":"https:\/\/betax923lb8kd7v0.eltako.de\/minisafe2-y-gfa5\/"},"modified":"2025-03-07T09:17:21","modified_gmt":"2025-03-07T08:17:21","slug":"minisafe2-y-gfa5","status":"publish","type":"page","link":"https:\/\/www.eltako.com\/es\/minisafe2-y-gfa5\/","title":{"rendered":"MiniSafe2 y GFA5"},"content":{"rendered":"\n<div style=\"height:100px\" aria-hidden=\"true\" class=\"wp-block-spacer\"><\/div>\n\n\n\n<div class=\"wp-block-columns is-layout-flex wp-container-core-columns-is-layout-9d6595d7 wp-block-columns-is-layout-flex\">\n<div class=\"wp-block-column is-layout-flow wp-block-column-is-layout-flow\"><div class=\"wp-block-image\">\n<figure class=\"aligncenter size-large\"><img decoding=\"async\" width=\"824\" height=\"1024\" src=\"https:\/\/www.eltako.com\/wp-content\/uploads\/2022\/06\/eltako_website_content_minisafe2-gfa5-app_screens-824x1024.jpg\" alt=\"\" class=\"wp-image-77614\" srcset=\"https:\/\/www.eltako.com\/wp-content\/uploads\/2022\/06\/eltako_website_content_minisafe2-gfa5-app_screens-824x1024.jpg 824w, https:\/\/www.eltako.com\/wp-content\/uploads\/2022\/06\/eltako_website_content_minisafe2-gfa5-app_screens-241x300.jpg 241w, https:\/\/www.eltako.com\/wp-content\/uploads\/2022\/06\/eltako_website_content_minisafe2-gfa5-app_screens-768x954.jpg 768w, https:\/\/www.eltako.com\/wp-content\/uploads\/2022\/06\/eltako_website_content_minisafe2-gfa5-app_screens-600x746.jpg 600w, https:\/\/www.eltako.com\/wp-content\/uploads\/2022\/06\/eltako_website_content_minisafe2-gfa5-app_screens.jpg 1236w\" sizes=\"(max-width: 824px) 100vw, 824px\" \/><\/figure>\n<\/div><\/div>\n\n\n\n<div class=\"wp-block-column bg-primary text-white pl-4 pr-4 is-layout-flow wp-block-column-is-layout-flow\">\n<div style=\"height:38px\" aria-hidden=\"true\" class=\"wp-block-spacer\"><\/div>\n\n\n\n<h2 class=\"wp-block-heading\" style=\"font-size:40px\"><strong>La nueva aplicaci\u00f3n GFA5 se une al MiniSafe2<\/strong> <\/h2>\n\n\n\n<div style=\"height:20px\" aria-hidden=\"true\" class=\"wp-block-spacer\"><\/div>\n\n\n\n<p class=\"has-medium-font-size\">El MiniSafe2 ya est\u00e1 aqu\u00ed y con \u00e9l la nueva aplicaci\u00f3n GFA5. Este controlador Smart Home es la entrada \u00f3ptima en el mundo del control inteligente de edificios. Ofrece un funcionamiento intuitivo, un dise\u00f1o moderno y una amplia compatibilidad. La nueva aplicaci\u00f3n sirve para controlar y gestionar los productos conectados de Professional Smart Home. Est\u00e1 disponible para dispositivos iOS y Android y tambi\u00e9n permite el control por voz a trav\u00e9s de Google y Amazon. La interfaz, de f\u00e1cil manejo, permite orientarse f\u00e1cilmente y almacenar, llamar y modificar en cualquier momento los ajustes y las escenas personales. <\/p>\n\n\n\n<div style=\"height:20px\" aria-hidden=\"true\" class=\"wp-block-spacer\"><\/div>\n\n\n\n<div class=\"wp-block-buttons is-layout-flex wp-block-buttons-is-layout-flex\"><\/div>\n\n\n\n\n\n<div style=\"height:30px\" aria-hidden=\"true\" class=\"wp-block-spacer\"><\/div>\n\n\n\n<div class=\"wp-block-columns is-layout-flex wp-container-core-columns-is-layout-9d6595d7 wp-block-columns-is-layout-flex\">\n<div class=\"wp-block-column is-layout-flow wp-block-column-is-layout-flow\">\n<figure class=\"wp-block-image size-full is-resized\"><a href=\"https:\/\/apps.apple.com\/de\/app\/eltako-gfa5\/id1555852467\"><img decoding=\"async\" width=\"600\" height=\"180\" src=\"https:\/\/prod.wxccizj.de\/wp-content\/uploads\/2021\/08\/app.png\" alt=\"\" class=\"wp-image-22789\" style=\"width:150px;height:45px\" srcset=\"https:\/\/www.eltako.com\/wp-content\/uploads\/2021\/08\/app.png 600w, https:\/\/www.eltako.com\/wp-content\/uploads\/2021\/08\/app-300x90.png 300w\" sizes=\"(max-width: 600px) 100vw, 600px\" \/><\/a><\/figure>\n<\/div>\n\n\n\n<div class=\"wp-block-column is-layout-flow wp-block-column-is-layout-flow\">\n<figure class=\"wp-block-image size-full is-resized\"><a href=\"https:\/\/play.google.com\/store\/apps\/details?id=com.eltako.gfa5&amp;hl=de&amp;gl=US\"><img decoding=\"async\" width=\"600\" height=\"180\" src=\"https:\/\/prod.wxccizj.de\/wp-content\/uploads\/2021\/08\/google.png\" alt=\"\" class=\"wp-image-22797\" style=\"width:150px;height:45px\" srcset=\"https:\/\/www.eltako.com\/wp-content\/uploads\/2021\/08\/google.png 600w, https:\/\/www.eltako.com\/wp-content\/uploads\/2021\/08\/google-300x90.png 300w\" sizes=\"(max-width: 600px) 100vw, 600px\" \/><\/a><\/figure>\n<\/div>\n<\/div>\n\n\n\n<div class=\"wp-block-buttons is-layout-flex wp-block-buttons-is-layout-flex\"><\/div>\n<\/div>\n<\/div>\n\n\n\n<div style=\"height:40px\" aria-hidden=\"true\" class=\"wp-block-spacer\"><\/div>\n\n\n\n<div class=\"wp-block-columns is-layout-flex wp-container-core-columns-is-layout-9d6595d7 wp-block-columns-is-layout-flex\">\n<div class=\"wp-block-column is-layout-flow wp-block-column-is-layout-flow\">\n<a href=\"https:\/\/eltako.de\/firmwareupdate-controller\/\" class=\"text-uppercase font-weight-bold btn text-white p-3 mt-1 mb-1 w-100\" style=\"background : #016db7; font-size:20px\">Actualizaci\u00f3n del firmware<\/a>\n<\/div>\n\n\n\n<div class=\"wp-block-column is-layout-flow wp-block-column-is-layout-flow\">\n<a href=\"https:\/\/www.eltako.com\/es\/catalog\/products\/266\/minisafe2\" class=\"btn font-weight-bold text-white mt-1 mb-1 p-3 w-100 text-uppercase\" style=\"background : #016db7; font-size:20px\">al MiniSafe2<\/a>\n<\/div>\n\n\n\n<div class=\"wp-block-column is-layout-flow wp-block-column-is-layout-flow\">\n<a href=\"https:\/\/www.eltako.com\/es\/catalog\/products\/267\/minisafe2-reg\/\" class=\"btn font-weight-bold text-white mt-1 mb-1 p-3 w-100 text-uppercase\" style=\"background : #016db7; font-size:20px\">al MiniSafe2-REG<\/a>\n<\/div>\n<\/div>\n\n\n\n<div style=\"height:50px\" aria-hidden=\"true\" class=\"wp-block-spacer\"><\/div>\n\n\n\n<figure class=\"wp-block-image size-large\"><img decoding=\"async\" width=\"1024\" height=\"469\" src=\"https:\/\/www.eltako.com\/wp-content\/uploads\/2022\/05\/eltako_website_content-bilder-landingpage_es_minisafe2-gfa5-app-1024x469.jpg\" alt=\"\" class=\"wp-image-76590\" srcset=\"https:\/\/www.eltako.com\/wp-content\/uploads\/2022\/05\/eltako_website_content-bilder-landingpage_es_minisafe2-gfa5-app-1024x469.jpg 1024w, https:\/\/www.eltako.com\/wp-content\/uploads\/2022\/05\/eltako_website_content-bilder-landingpage_es_minisafe2-gfa5-app-300x138.jpg 300w, https:\/\/www.eltako.com\/wp-content\/uploads\/2022\/05\/eltako_website_content-bilder-landingpage_es_minisafe2-gfa5-app-768x352.jpg 768w, https:\/\/www.eltako.com\/wp-content\/uploads\/2022\/05\/eltako_website_content-bilder-landingpage_es_minisafe2-gfa5-app-1536x704.jpg 1536w, https:\/\/www.eltako.com\/wp-content\/uploads\/2022\/05\/eltako_website_content-bilder-landingpage_es_minisafe2-gfa5-app-600x275.jpg 600w, https:\/\/www.eltako.com\/wp-content\/uploads\/2022\/05\/eltako_website_content-bilder-landingpage_es_minisafe2-gfa5-app.jpg 1920w\" sizes=\"(max-width: 1024px) 100vw, 1024px\" \/><\/figure>\n\n\n\n<div style=\"height:60px\" aria-hidden=\"true\" class=\"wp-block-spacer\"><\/div>\n","protected":false},"excerpt":{"rendered":"<p>La nueva aplicaci\u00f3n GFA5 se une al MiniSafe2 El MiniSafe2 ya est\u00e1 aqu\u00ed y con \u00e9l la nueva aplicaci\u00f3n GFA5. Este controlador Smart Home es la entrada \u00f3ptima en el mundo del control inteligente de edificios. Ofrece un funcionamiento intuitivo, un dise\u00f1o moderno y una amplia compatibilidad. La nueva aplicaci\u00f3n sirve para controlar y gestionar [&hellip;]<\/p>\n","protected":false},"author":31,"featured_media":77624,"parent":0,"menu_order":0,"comment_status":"closed","ping_status":"closed","template":"templates\/padding_header.php","meta":{"_acf_changed":false,"footnotes":"","_links_to":"","_links_to_target":""},"class_list":["post-62080","page","type-page","status-publish","has-post-thumbnail","hentry"],"acf":[],"yoast_head":"<!-- This site is optimized with the Yoast SEO plugin v27.2 - https:\/\/yoast.com\/product\/yoast-seo-wordpress\/ -->\n<title>MiniSafe2 y GFA5 &#187; Eltako<\/title>\n<meta name=\"robots\" content=\"index, follow, max-snippet:-1, max-image-preview:large, max-video-preview:-1\" \/>\n<link rel=\"canonical\" href=\"https:\/\/www.eltako.com\/es\/minisafe2-y-gfa5\/\" \/>\n<meta property=\"og:locale\" content=\"es_ES\" \/>\n<meta property=\"og:type\" content=\"article\" \/>\n<meta property=\"og:title\" content=\"MiniSafe2 y GFA5 &#187; Eltako\" \/>\n<meta property=\"og:description\" content=\"La nueva aplicaci\u00f3n GFA5 se une al MiniSafe2 El MiniSafe2 ya est\u00e1 aqu\u00ed y con \u00e9l la nueva aplicaci\u00f3n GFA5. Este controlador Smart Home es la entrada \u00f3ptima en el mundo del control inteligente de edificios. Ofrece un funcionamiento intuitivo, un dise\u00f1o moderno y una amplia compatibilidad. La nueva aplicaci\u00f3n sirve para controlar y gestionar [&hellip;]\" \/>\n<meta property=\"og:url\" content=\"https:\/\/www.eltako.com\/es\/minisafe2-y-gfa5\/\" \/>\n<meta property=\"og:site_name\" content=\"Eltako\" \/>\n<meta property=\"article:modified_time\" content=\"2025-03-07T08:17:21+00:00\" \/>\n<meta property=\"og:image\" content=\"https:\/\/www.eltako.com\/wp-content\/uploads\/2022\/06\/eltako_website_header_1920x700_minisafe2-gfa5_es.jpg\" \/>\n\t<meta property=\"og:image:width\" content=\"1920\" \/>\n\t<meta property=\"og:image:height\" content=\"700\" \/>\n\t<meta property=\"og:image:type\" content=\"image\/jpeg\" \/>\n<meta name=\"twitter:card\" content=\"summary_large_image\" \/>\n<meta name=\"twitter:label1\" content=\"Tiempo de lectura\" \/>\n\t<meta name=\"twitter:data1\" content=\"2 minutos\" \/>\n<script type=\"application\/ld+json\" class=\"yoast-schema-graph\">{\"@context\":\"https:\/\/schema.org\",\"@graph\":[{\"@type\":\"WebPage\",\"@id\":\"https:\/\/www.eltako.com\/es\/minisafe2-y-gfa5\/\",\"url\":\"https:\/\/www.eltako.com\/es\/minisafe2-y-gfa5\/\",\"name\":\"MiniSafe2 y GFA5 &#187; Eltako\",\"isPartOf\":{\"@id\":\"https:\/\/www.eltako.com\/en\/#website\"},\"primaryImageOfPage\":{\"@id\":\"https:\/\/www.eltako.com\/es\/minisafe2-y-gfa5\/#primaryimage\"},\"image\":{\"@id\":\"https:\/\/www.eltako.com\/es\/minisafe2-y-gfa5\/#primaryimage\"},\"thumbnailUrl\":\"https:\/\/www.eltako.com\/wp-content\/uploads\/2022\/06\/eltako_website_header_1920x700_minisafe2-gfa5_es.jpg\",\"datePublished\":\"2022-03-07T12:44:29+00:00\",\"dateModified\":\"2025-03-07T08:17:21+00:00\",\"breadcrumb\":{\"@id\":\"https:\/\/www.eltako.com\/es\/minisafe2-y-gfa5\/#breadcrumb\"},\"inLanguage\":\"es\",\"potentialAction\":[{\"@type\":\"ReadAction\",\"target\":[\"https:\/\/www.eltako.com\/es\/minisafe2-y-gfa5\/\"]}]},{\"@type\":\"ImageObject\",\"inLanguage\":\"es\",\"@id\":\"https:\/\/www.eltako.com\/es\/minisafe2-y-gfa5\/#primaryimage\",\"url\":\"https:\/\/www.eltako.com\/wp-content\/uploads\/2022\/06\/eltako_website_header_1920x700_minisafe2-gfa5_es.jpg\",\"contentUrl\":\"https:\/\/www.eltako.com\/wp-content\/uploads\/2022\/06\/eltako_website_header_1920x700_minisafe2-gfa5_es.jpg\",\"width\":1920,\"height\":700},{\"@type\":\"BreadcrumbList\",\"@id\":\"https:\/\/www.eltako.com\/es\/minisafe2-y-gfa5\/#breadcrumb\",\"itemListElement\":[{\"@type\":\"ListItem\",\"position\":1,\"name\":\"P\u00e1gina web\",\"item\":\"https:\/\/www.eltako.com\/es\/\"},{\"@type\":\"ListItem\",\"position\":2,\"name\":\"MiniSafe2 y GFA5\"}]},{\"@type\":\"WebSite\",\"@id\":\"https:\/\/www.eltako.com\/en\/#website\",\"url\":\"https:\/\/www.eltako.com\/en\/\",\"name\":\"Eltako\",\"description\":\"Schaltger\u00e4te, Netzteile, Stromz\u00e4hler, Dimmer, Geb\u00e4udeinstallation, Steuerungstechnik, Smart Home-L\u00f6sungen, Geb\u00e4udefunk, EnOcean-Technologie\",\"potentialAction\":[{\"@type\":\"SearchAction\",\"target\":{\"@type\":\"EntryPoint\",\"urlTemplate\":\"https:\/\/www.eltako.com\/en\/?s={search_term_string}\"},\"query-input\":{\"@type\":\"PropertyValueSpecification\",\"valueRequired\":true,\"valueName\":\"search_term_string\"}}],\"inLanguage\":\"es\"}]}<\/script>\n<!-- \/ Yoast SEO plugin. -->","yoast_head_json":{"title":"MiniSafe2 y GFA5 &#187; Eltako","robots":{"index":"index","follow":"follow","max-snippet":"max-snippet:-1","max-image-preview":"max-image-preview:large","max-video-preview":"max-video-preview:-1"},"canonical":"https:\/\/www.eltako.com\/es\/minisafe2-y-gfa5\/","og_locale":"es_ES","og_type":"article","og_title":"MiniSafe2 y GFA5 &#187; Eltako","og_description":"La nueva aplicaci\u00f3n GFA5 se une al MiniSafe2 El MiniSafe2 ya est\u00e1 aqu\u00ed y con \u00e9l la nueva aplicaci\u00f3n GFA5. Este controlador Smart Home es la entrada \u00f3ptima en el mundo del control inteligente de edificios. Ofrece un funcionamiento intuitivo, un dise\u00f1o moderno y una amplia compatibilidad. La nueva aplicaci\u00f3n sirve para controlar y gestionar [&hellip;]","og_url":"https:\/\/www.eltako.com\/es\/minisafe2-y-gfa5\/","og_site_name":"Eltako","article_modified_time":"2025-03-07T08:17:21+00:00","og_image":[{"width":1920,"height":700,"url":"https:\/\/www.eltako.com\/wp-content\/uploads\/2022\/06\/eltako_website_header_1920x700_minisafe2-gfa5_es.jpg","type":"image\/jpeg"}],"twitter_card":"summary_large_image","twitter_misc":{"Tiempo de lectura":"2 minutos"},"schema":{"@context":"https:\/\/schema.org","@graph":[{"@type":"WebPage","@id":"https:\/\/www.eltako.com\/es\/minisafe2-y-gfa5\/","url":"https:\/\/www.eltako.com\/es\/minisafe2-y-gfa5\/","name":"MiniSafe2 y GFA5 &#187; Eltako","isPartOf":{"@id":"https:\/\/www.eltako.com\/en\/#website"},"primaryImageOfPage":{"@id":"https:\/\/www.eltako.com\/es\/minisafe2-y-gfa5\/#primaryimage"},"image":{"@id":"https:\/\/www.eltako.com\/es\/minisafe2-y-gfa5\/#primaryimage"},"thumbnailUrl":"https:\/\/www.eltako.com\/wp-content\/uploads\/2022\/06\/eltako_website_header_1920x700_minisafe2-gfa5_es.jpg","datePublished":"2022-03-07T12:44:29+00:00","dateModified":"2025-03-07T08:17:21+00:00","breadcrumb":{"@id":"https:\/\/www.eltako.com\/es\/minisafe2-y-gfa5\/#breadcrumb"},"inLanguage":"es","potentialAction":[{"@type":"ReadAction","target":["https:\/\/www.eltako.com\/es\/minisafe2-y-gfa5\/"]}]},{"@type":"ImageObject","inLanguage":"es","@id":"https:\/\/www.eltako.com\/es\/minisafe2-y-gfa5\/#primaryimage","url":"https:\/\/www.eltako.com\/wp-content\/uploads\/2022\/06\/eltako_website_header_1920x700_minisafe2-gfa5_es.jpg","contentUrl":"https:\/\/www.eltako.com\/wp-content\/uploads\/2022\/06\/eltako_website_header_1920x700_minisafe2-gfa5_es.jpg","width":1920,"height":700},{"@type":"BreadcrumbList","@id":"https:\/\/www.eltako.com\/es\/minisafe2-y-gfa5\/#breadcrumb","itemListElement":[{"@type":"ListItem","position":1,"name":"P\u00e1gina web","item":"https:\/\/www.eltako.com\/es\/"},{"@type":"ListItem","position":2,"name":"MiniSafe2 y GFA5"}]},{"@type":"WebSite","@id":"https:\/\/www.eltako.com\/en\/#website","url":"https:\/\/www.eltako.com\/en\/","name":"Eltako","description":"Schaltger\u00e4te, Netzteile, Stromz\u00e4hler, Dimmer, Geb\u00e4udeinstallation, Steuerungstechnik, Smart Home-L\u00f6sungen, Geb\u00e4udefunk, EnOcean-Technologie","potentialAction":[{"@type":"SearchAction","target":{"@type":"EntryPoint","urlTemplate":"https:\/\/www.eltako.com\/en\/?s={search_term_string}"},"query-input":{"@type":"PropertyValueSpecification","valueRequired":true,"valueName":"search_term_string"}}],"inLanguage":"es"}]}},"_links":{"self":[{"href":"https:\/\/www.eltako.com\/es\/wp-json\/wp\/v2\/pages\/62080","targetHints":{"allow":["GET"]}}],"collection":[{"href":"https:\/\/www.eltako.com\/es\/wp-json\/wp\/v2\/pages"}],"about":[{"href":"https:\/\/www.eltako.com\/es\/wp-json\/wp\/v2\/types\/page"}],"author":[{"embeddable":true,"href":"https:\/\/www.eltako.com\/es\/wp-json\/wp\/v2\/users\/31"}],"replies":[{"embeddable":true,"href":"https:\/\/www.eltako.com\/es\/wp-json\/wp\/v2\/comments?post=62080"}],"version-history":[{"count":1,"href":"https:\/\/www.eltako.com\/es\/wp-json\/wp\/v2\/pages\/62080\/revisions"}],"predecessor-version":[{"id":144374,"href":"https:\/\/www.eltako.com\/es\/wp-json\/wp\/v2\/pages\/62080\/revisions\/144374"}],"wp:featuredmedia":[{"embeddable":true,"href":"https:\/\/www.eltako.com\/es\/wp-json\/wp\/v2\/media\/77624"}],"wp:attachment":[{"href":"https:\/\/www.eltako.com\/es\/wp-json\/wp\/v2\/media?parent=62080"}],"curies":[{"name":"wp","href":"https:\/\/api.w.org\/{rel}","templated":true}]}}