{"id":62051,"date":"2022-03-07T08:57:49","date_gmt":"2022-03-07T07:57:49","guid":{"rendered":"https:\/\/betax923lb8kd7v0.eltako.de\/eebus\/"},"modified":"2022-04-13T15:11:03","modified_gmt":"2022-04-13T13:11:03","slug":"eebus","status":"publish","type":"page","link":"https:\/\/www.eltako.com\/es\/empresa\/socios-y-alianzas\/eebus\/","title":{"rendered":"EEBUS"},"content":{"rendered":"\n<p class=\"has-medium-font-size\">La empresa sin \u00e1nimo de lucro \u00abEEBus Initiative e.V.\u00bb, fundada en 2012, pretende minimizar el consumo de electricidad por hogar con su enfoque digital y distribuir el consumo de electricidad a lo largo del d\u00eda de forma que se eviten los picos de carga. A lo largo de los a\u00f1os, cada vez m\u00e1s empresas importantes se han sumado a esta visi\u00f3n. Entre otros, cabe mencionar a Bosch, E.ON, Hager, JUNG, Miele, Telekom o Viessmann. <\/p>\n\n<div style=\"height:50px\" aria-hidden=\"true\" class=\"wp-block-spacer\"><\/div>\n\n<figure class=\"wp-block-image size-large\"><img decoding=\"async\" width=\"1024\" height=\"455\" src=\"https:\/\/betax923lb8kd7v0.eltako.de\/wp-content\/uploads\/2022\/01\/Bild-2-1-1024x455.png\" alt=\"\" class=\"wp-image-30495\" srcset=\"https:\/\/www.eltako.com\/wp-content\/uploads\/2022\/01\/Bild-2-1-1024x455.png 1024w, https:\/\/www.eltako.com\/wp-content\/uploads\/2022\/01\/Bild-2-1-300x133.png 300w, https:\/\/www.eltako.com\/wp-content\/uploads\/2022\/01\/Bild-2-1-768x341.png 768w, https:\/\/www.eltako.com\/wp-content\/uploads\/2022\/01\/Bild-2-1-1536x683.png 1536w, https:\/\/www.eltako.com\/wp-content\/uploads\/2022\/01\/Bild-2-1-600x267.png 600w, https:\/\/www.eltako.com\/wp-content\/uploads\/2022\/01\/Bild-2-1.png 1800w\" sizes=\"(max-width: 1024px) 100vw, 1024px\" \/><\/figure>\n\n<div style=\"height:50px\" aria-hidden=\"true\" class=\"wp-block-spacer\"><\/div>\n\n<p class=\"has-medium-font-size\">Muchas otras empresas y tambi\u00e9n nosotros apoyamos el objetivo de un lenguaje IP uniforme para todos los dispositivos electr\u00f3nicos dentro y fuera del hogar. Gracias a ella, pueden comunicarse entre s\u00ed independientemente del fabricante. Independientemente de si se trata de un sistema fotovoltaico, wallbox, almacenamiento de electricidad, iluminaci\u00f3n, electrodom\u00e9sticos, aire acondicionado, calefacci\u00f3n o veh\u00edculos el\u00e9ctricos. <\/p>\n\n<p class=\"has-medium-font-size\">En principio, cada consumidor de energ\u00eda de la red informa de su demanda, cada generador o instalaci\u00f3n de almacenamiento informa de su capacidad disponible y la tecnolog\u00eda EEBUS regula la distribuci\u00f3n de la carga de forma muy inteligente. <\/p>\n\n<p class=\"has-medium-font-size\">Estamos convencidos de que esta idea y nuestra cooperaci\u00f3n son absolutamente progresistas e importantes para la digitalizaci\u00f3n de las redes de energ\u00eda y, en \u00faltima instancia, tambi\u00e9n para la protecci\u00f3n del medio ambiente. Por tanto, estamos muy contentos de formar parte de esta red y de trabajar por este objetivo com\u00fan. <\/p>\n","protected":false},"excerpt":{"rendered":"<p>La empresa sin \u00e1nimo de lucro \u00abEEBus Initiative e.V.\u00bb, fundada en 2012, pretende minimizar el consumo de electricidad por hogar con su enfoque digital y distribuir el consumo de electricidad a lo largo del d\u00eda de forma que se eviten los picos de carga. A lo largo de los a\u00f1os, cada vez m\u00e1s empresas importantes [&hellip;]<\/p>\n","protected":false},"author":31,"featured_media":30493,"parent":62739,"menu_order":0,"comment_status":"closed","ping_status":"closed","template":"templates\/custom_header.php","meta":{"_acf_changed":false,"footnotes":"","_links_to":"","_links_to_target":""},"class_list":["post-62051","page","type-page","status-publish","has-post-thumbnail","hentry"],"acf":[],"yoast_head":"<!-- This site is optimized with the Yoast SEO plugin v27.2 - https:\/\/yoast.com\/product\/yoast-seo-wordpress\/ -->\n<title>EEBUS &#187; Eltako<\/title>\n<meta name=\"robots\" content=\"index, follow, max-snippet:-1, max-image-preview:large, max-video-preview:-1\" \/>\n<link rel=\"canonical\" href=\"https:\/\/www.eltako.com\/es\/empresa\/socios-y-alianzas\/eebus\/\" \/>\n<meta property=\"og:locale\" content=\"es_ES\" \/>\n<meta property=\"og:type\" content=\"article\" \/>\n<meta property=\"og:title\" content=\"EEBUS &#187; Eltako\" \/>\n<meta property=\"og:description\" content=\"La empresa sin \u00e1nimo de lucro \u00abEEBus Initiative e.V.\u00bb, fundada en 2012, pretende minimizar el consumo de electricidad por hogar con su enfoque digital y distribuir el consumo de electricidad a lo largo del d\u00eda de forma que se eviten los picos de carga. A lo largo de los a\u00f1os, cada vez m\u00e1s empresas importantes [&hellip;]\" \/>\n<meta property=\"og:url\" content=\"https:\/\/www.eltako.com\/es\/empresa\/socios-y-alianzas\/eebus\/\" \/>\n<meta property=\"og:site_name\" content=\"Eltako\" \/>\n<meta property=\"article:modified_time\" content=\"2022-04-13T13:11:03+00:00\" \/>\n<meta property=\"og:image\" content=\"https:\/\/www.eltako.com\/wp-content\/uploads\/2022\/01\/Bild-1-1.png\" \/>\n\t<meta property=\"og:image:width\" content=\"1800\" \/>\n\t<meta property=\"og:image:height\" content=\"800\" \/>\n\t<meta property=\"og:image:type\" content=\"image\/png\" \/>\n<meta name=\"twitter:card\" content=\"summary_large_image\" \/>\n<meta name=\"twitter:label1\" content=\"Tiempo de lectura\" \/>\n\t<meta name=\"twitter:data1\" content=\"1 minuto\" \/>\n<script type=\"application\/ld+json\" class=\"yoast-schema-graph\">{\"@context\":\"https:\/\/schema.org\",\"@graph\":[{\"@type\":\"WebPage\",\"@id\":\"https:\/\/www.eltako.com\/es\/empresa\/socios-y-alianzas\/eebus\/\",\"url\":\"https:\/\/www.eltako.com\/es\/empresa\/socios-y-alianzas\/eebus\/\",\"name\":\"EEBUS &#187; Eltako\",\"isPartOf\":{\"@id\":\"https:\/\/www.eltako.com\/en\/#website\"},\"primaryImageOfPage\":{\"@id\":\"https:\/\/www.eltako.com\/es\/empresa\/socios-y-alianzas\/eebus\/#primaryimage\"},\"image\":{\"@id\":\"https:\/\/www.eltako.com\/es\/empresa\/socios-y-alianzas\/eebus\/#primaryimage\"},\"thumbnailUrl\":\"https:\/\/www.eltako.com\/wp-content\/uploads\/2022\/01\/Bild-1-1.png\",\"datePublished\":\"2022-03-07T07:57:49+00:00\",\"dateModified\":\"2022-04-13T13:11:03+00:00\",\"breadcrumb\":{\"@id\":\"https:\/\/www.eltako.com\/es\/empresa\/socios-y-alianzas\/eebus\/#breadcrumb\"},\"inLanguage\":\"es\",\"potentialAction\":[{\"@type\":\"ReadAction\",\"target\":[\"https:\/\/www.eltako.com\/es\/empresa\/socios-y-alianzas\/eebus\/\"]}]},{\"@type\":\"ImageObject\",\"inLanguage\":\"es\",\"@id\":\"https:\/\/www.eltako.com\/es\/empresa\/socios-y-alianzas\/eebus\/#primaryimage\",\"url\":\"https:\/\/www.eltako.com\/wp-content\/uploads\/2022\/01\/Bild-1-1.png\",\"contentUrl\":\"https:\/\/www.eltako.com\/wp-content\/uploads\/2022\/01\/Bild-1-1.png\",\"width\":1800,\"height\":800},{\"@type\":\"BreadcrumbList\",\"@id\":\"https:\/\/www.eltako.com\/es\/empresa\/socios-y-alianzas\/eebus\/#breadcrumb\",\"itemListElement\":[{\"@type\":\"ListItem\",\"position\":1,\"name\":\"P\u00e1gina web\",\"item\":\"https:\/\/www.eltako.com\/es\/\"},{\"@type\":\"ListItem\",\"position\":2,\"name\":\"Empresa\",\"item\":\"https:\/\/www.eltako.com\/es\/empresa\/\"},{\"@type\":\"ListItem\",\"position\":3,\"name\":\"Socios y alianzas\",\"item\":\"https:\/\/www.eltako.com\/es\/empresa\/socios-y-alianzas\/\"},{\"@type\":\"ListItem\",\"position\":4,\"name\":\"EEBUS\"}]},{\"@type\":\"WebSite\",\"@id\":\"https:\/\/www.eltako.com\/en\/#website\",\"url\":\"https:\/\/www.eltako.com\/en\/\",\"name\":\"Eltako\",\"description\":\"Schaltger\u00e4te, Netzteile, Stromz\u00e4hler, Dimmer, Geb\u00e4udeinstallation, Steuerungstechnik, Smart Home-L\u00f6sungen, Geb\u00e4udefunk, EnOcean-Technologie\",\"potentialAction\":[{\"@type\":\"SearchAction\",\"target\":{\"@type\":\"EntryPoint\",\"urlTemplate\":\"https:\/\/www.eltako.com\/en\/?s={search_term_string}\"},\"query-input\":{\"@type\":\"PropertyValueSpecification\",\"valueRequired\":true,\"valueName\":\"search_term_string\"}}],\"inLanguage\":\"es\"}]}<\/script>\n<!-- \/ Yoast SEO plugin. -->","yoast_head_json":{"title":"EEBUS &#187; Eltako","robots":{"index":"index","follow":"follow","max-snippet":"max-snippet:-1","max-image-preview":"max-image-preview:large","max-video-preview":"max-video-preview:-1"},"canonical":"https:\/\/www.eltako.com\/es\/empresa\/socios-y-alianzas\/eebus\/","og_locale":"es_ES","og_type":"article","og_title":"EEBUS &#187; Eltako","og_description":"La empresa sin \u00e1nimo de lucro \u00abEEBus Initiative e.V.\u00bb, fundada en 2012, pretende minimizar el consumo de electricidad por hogar con su enfoque digital y distribuir el consumo de electricidad a lo largo del d\u00eda de forma que se eviten los picos de carga. A lo largo de los a\u00f1os, cada vez m\u00e1s empresas importantes [&hellip;]","og_url":"https:\/\/www.eltako.com\/es\/empresa\/socios-y-alianzas\/eebus\/","og_site_name":"Eltako","article_modified_time":"2022-04-13T13:11:03+00:00","og_image":[{"width":1800,"height":800,"url":"https:\/\/www.eltako.com\/wp-content\/uploads\/2022\/01\/Bild-1-1.png","type":"image\/png"}],"twitter_card":"summary_large_image","twitter_misc":{"Tiempo de lectura":"1 minuto"},"schema":{"@context":"https:\/\/schema.org","@graph":[{"@type":"WebPage","@id":"https:\/\/www.eltako.com\/es\/empresa\/socios-y-alianzas\/eebus\/","url":"https:\/\/www.eltako.com\/es\/empresa\/socios-y-alianzas\/eebus\/","name":"EEBUS &#187; Eltako","isPartOf":{"@id":"https:\/\/www.eltako.com\/en\/#website"},"primaryImageOfPage":{"@id":"https:\/\/www.eltako.com\/es\/empresa\/socios-y-alianzas\/eebus\/#primaryimage"},"image":{"@id":"https:\/\/www.eltako.com\/es\/empresa\/socios-y-alianzas\/eebus\/#primaryimage"},"thumbnailUrl":"https:\/\/www.eltako.com\/wp-content\/uploads\/2022\/01\/Bild-1-1.png","datePublished":"2022-03-07T07:57:49+00:00","dateModified":"2022-04-13T13:11:03+00:00","breadcrumb":{"@id":"https:\/\/www.eltako.com\/es\/empresa\/socios-y-alianzas\/eebus\/#breadcrumb"},"inLanguage":"es","potentialAction":[{"@type":"ReadAction","target":["https:\/\/www.eltako.com\/es\/empresa\/socios-y-alianzas\/eebus\/"]}]},{"@type":"ImageObject","inLanguage":"es","@id":"https:\/\/www.eltako.com\/es\/empresa\/socios-y-alianzas\/eebus\/#primaryimage","url":"https:\/\/www.eltako.com\/wp-content\/uploads\/2022\/01\/Bild-1-1.png","contentUrl":"https:\/\/www.eltako.com\/wp-content\/uploads\/2022\/01\/Bild-1-1.png","width":1800,"height":800},{"@type":"BreadcrumbList","@id":"https:\/\/www.eltako.com\/es\/empresa\/socios-y-alianzas\/eebus\/#breadcrumb","itemListElement":[{"@type":"ListItem","position":1,"name":"P\u00e1gina web","item":"https:\/\/www.eltako.com\/es\/"},{"@type":"ListItem","position":2,"name":"Empresa","item":"https:\/\/www.eltako.com\/es\/empresa\/"},{"@type":"ListItem","position":3,"name":"Socios y alianzas","item":"https:\/\/www.eltako.com\/es\/empresa\/socios-y-alianzas\/"},{"@type":"ListItem","position":4,"name":"EEBUS"}]},{"@type":"WebSite","@id":"https:\/\/www.eltako.com\/en\/#website","url":"https:\/\/www.eltako.com\/en\/","name":"Eltako","description":"Schaltger\u00e4te, Netzteile, Stromz\u00e4hler, Dimmer, Geb\u00e4udeinstallation, Steuerungstechnik, Smart Home-L\u00f6sungen, Geb\u00e4udefunk, EnOcean-Technologie","potentialAction":[{"@type":"SearchAction","target":{"@type":"EntryPoint","urlTemplate":"https:\/\/www.eltako.com\/en\/?s={search_term_string}"},"query-input":{"@type":"PropertyValueSpecification","valueRequired":true,"valueName":"search_term_string"}}],"inLanguage":"es"}]}},"_links":{"self":[{"href":"https:\/\/www.eltako.com\/es\/wp-json\/wp\/v2\/pages\/62051","targetHints":{"allow":["GET"]}}],"collection":[{"href":"https:\/\/www.eltako.com\/es\/wp-json\/wp\/v2\/pages"}],"about":[{"href":"https:\/\/www.eltako.com\/es\/wp-json\/wp\/v2\/types\/page"}],"author":[{"embeddable":true,"href":"https:\/\/www.eltako.com\/es\/wp-json\/wp\/v2\/users\/31"}],"replies":[{"embeddable":true,"href":"https:\/\/www.eltako.com\/es\/wp-json\/wp\/v2\/comments?post=62051"}],"version-history":[{"count":0,"href":"https:\/\/www.eltako.com\/es\/wp-json\/wp\/v2\/pages\/62051\/revisions"}],"up":[{"embeddable":true,"href":"https:\/\/www.eltako.com\/es\/wp-json\/wp\/v2\/pages\/62739"}],"wp:featuredmedia":[{"embeddable":true,"href":"https:\/\/www.eltako.com\/es\/wp-json\/wp\/v2\/media\/30493"}],"wp:attachment":[{"href":"https:\/\/www.eltako.com\/es\/wp-json\/wp\/v2\/media?parent=62051"}],"curies":[{"name":"wp","href":"https:\/\/api.w.org\/{rel}","templated":true}]}}