{"id":31816,"date":"2022-01-26T21:36:25","date_gmt":"2022-01-26T20:36:25","guid":{"rendered":"https:\/\/betax923lb8kd7v0.eltako.de\/amigos-de-hue\/"},"modified":"2023-11-24T15:15:55","modified_gmt":"2023-11-24T14:15:55","slug":"amigos-de-hue","status":"publish","type":"page","link":"https:\/\/www.eltako.com\/es\/empresa\/socios-y-alianzas\/amigos-de-hue\/","title":{"rendered":"Friends of Hue"},"content":{"rendered":"\n<h2 class=\"wp-block-heading\">Friends of Hue<\/h2>\n\n\n\n<div style=\"height:50px\" aria-hidden=\"true\" class=\"wp-block-spacer\"><\/div>\n\n\n\n<figure class=\"wp-block-image size-large\"><img decoding=\"async\" width=\"1024\" height=\"577\" src=\"https:\/\/prod.wxccizj.de\/wp-content\/uploads\/2021\/09\/foh-1-1024x577.jpg\" alt=\"\" class=\"wp-image-23436\" srcset=\"https:\/\/www.eltako.com\/wp-content\/uploads\/2021\/09\/foh-1-1024x577.jpg 1024w, https:\/\/www.eltako.com\/wp-content\/uploads\/2021\/09\/foh-1-300x169.jpg 300w, https:\/\/www.eltako.com\/wp-content\/uploads\/2021\/09\/foh-1-768x433.jpg 768w, https:\/\/www.eltako.com\/wp-content\/uploads\/2021\/09\/foh-1-600x338.jpg 600w, https:\/\/www.eltako.com\/wp-content\/uploads\/2021\/09\/foh-1.jpg 1500w\" sizes=\"(max-width: 1024px) 100vw, 1024px\" \/><\/figure>\n\n\n\n<div style=\"height:50px\" aria-hidden=\"true\" class=\"wp-block-spacer\"><\/div>\n\n\n\n<p class=\"has-medium-font-size\">El programa \u00abFriends of Hue\u00bb de Philips ofrece a los clientes la posibilidad de crear sus propias escenas de luz y cambiar tanto el brillo como el color a voluntad. Sus l\u00e1mparas se adaptan a cualquier habitaci\u00f3n y a cualquier tipo de iluminaci\u00f3n. Con su dise\u00f1o sencillo pero elegante y sus innumerables configuraciones de color, se adaptan a cualquier dise\u00f1o interior y le dan a\u00fan m\u00e1s personalidad.<\/p>\n\n\n\n<p class=\"has-medium-font-size\">Permiten que el usuario las controle directamente mediante pulsadores o a trav\u00e9s del smartphone y, por supuesto, tambi\u00e9n se pueden controlar por voz. Nuestros pulsadores fabricados especialmente para los \u00abFriends of Hue\u00bb pueden encender y apagar las luminarias de forma cl\u00e1sica, regularlas o llamar a escenas de luz personalizadas. <\/p>\n\n\n\n<p><\/p>\n\n\n\n<div style=\"height:70px\" aria-hidden=\"true\" class=\"wp-block-spacer\"><\/div>\n\n\n\n<p><\/p>\n\n\n\n<h3 class=\"wp-block-heading\"><strong>NUESTROS PRODUCTOS COMPATIBLES<\/strong><\/h3>\n\n\n\n<div style=\"height:30px\" aria-hidden=\"true\" class=\"wp-block-spacer\"><\/div>\n\n\n","protected":false},"excerpt":{"rendered":"<p>Friends of Hue El programa \u00abFriends of Hue\u00bb de Philips ofrece a los clientes la posibilidad de crear sus propias escenas de luz y cambiar tanto el brillo como el color a voluntad. Sus l\u00e1mparas se adaptan a cualquier habitaci\u00f3n y a cualquier tipo de iluminaci\u00f3n. Con su dise\u00f1o sencillo pero elegante y sus innumerables [&hellip;]<\/p>\n","protected":false},"author":31,"featured_media":23293,"parent":62739,"menu_order":2,"comment_status":"closed","ping_status":"closed","template":"templates\/custom_header.php","meta":{"_acf_changed":false,"footnotes":"","_links_to":"","_links_to_target":""},"class_list":["post-31816","page","type-page","status-publish","has-post-thumbnail","hentry"],"acf":[],"yoast_head":"<!-- This site is optimized with the Yoast SEO plugin v27.2 - https:\/\/yoast.com\/product\/yoast-seo-wordpress\/ -->\n<title>Friends of Hue &#187; Eltako<\/title>\n<meta name=\"robots\" content=\"index, follow, max-snippet:-1, max-image-preview:large, max-video-preview:-1\" \/>\n<link rel=\"canonical\" href=\"https:\/\/www.eltako.com\/es\/empresa\/socios-y-alianzas\/amigos-de-hue\/\" \/>\n<meta property=\"og:locale\" content=\"es_ES\" \/>\n<meta property=\"og:type\" content=\"article\" \/>\n<meta property=\"og:title\" content=\"Friends of Hue &#187; Eltako\" \/>\n<meta property=\"og:description\" content=\"Friends of Hue El programa \u00abFriends of Hue\u00bb de Philips ofrece a los clientes la posibilidad de crear sus propias escenas de luz y cambiar tanto el brillo como el color a voluntad. Sus l\u00e1mparas se adaptan a cualquier habitaci\u00f3n y a cualquier tipo de iluminaci\u00f3n. Con su dise\u00f1o sencillo pero elegante y sus innumerables [&hellip;]\" \/>\n<meta property=\"og:url\" content=\"https:\/\/www.eltako.com\/es\/empresa\/socios-y-alianzas\/amigos-de-hue\/\" \/>\n<meta property=\"og:site_name\" content=\"Eltako\" \/>\n<meta property=\"article:modified_time\" content=\"2023-11-24T14:15:55+00:00\" \/>\n<meta property=\"og:image\" content=\"https:\/\/www.eltako.com\/wp-content\/uploads\/2021\/09\/AdobeStock_314574426.jpeg\" \/>\n\t<meta property=\"og:image:width\" content=\"1920\" \/>\n\t<meta property=\"og:image:height\" content=\"1536\" \/>\n\t<meta property=\"og:image:type\" content=\"image\/jpeg\" \/>\n<meta name=\"twitter:card\" content=\"summary_large_image\" \/>\n<meta name=\"twitter:label1\" content=\"Tiempo de lectura\" \/>\n\t<meta name=\"twitter:data1\" content=\"1 minuto\" \/>\n<script type=\"application\/ld+json\" class=\"yoast-schema-graph\">{\"@context\":\"https:\/\/schema.org\",\"@graph\":[{\"@type\":\"WebPage\",\"@id\":\"https:\/\/www.eltako.com\/es\/empresa\/socios-y-alianzas\/amigos-de-hue\/\",\"url\":\"https:\/\/www.eltako.com\/es\/empresa\/socios-y-alianzas\/amigos-de-hue\/\",\"name\":\"Friends of Hue &#187; Eltako\",\"isPartOf\":{\"@id\":\"https:\/\/www.eltako.com\/en\/#website\"},\"primaryImageOfPage\":{\"@id\":\"https:\/\/www.eltako.com\/es\/empresa\/socios-y-alianzas\/amigos-de-hue\/#primaryimage\"},\"image\":{\"@id\":\"https:\/\/www.eltako.com\/es\/empresa\/socios-y-alianzas\/amigos-de-hue\/#primaryimage\"},\"thumbnailUrl\":\"https:\/\/www.eltako.com\/wp-content\/uploads\/2021\/09\/AdobeStock_314574426.jpeg\",\"datePublished\":\"2022-01-26T20:36:25+00:00\",\"dateModified\":\"2023-11-24T14:15:55+00:00\",\"breadcrumb\":{\"@id\":\"https:\/\/www.eltako.com\/es\/empresa\/socios-y-alianzas\/amigos-de-hue\/#breadcrumb\"},\"inLanguage\":\"es\",\"potentialAction\":[{\"@type\":\"ReadAction\",\"target\":[\"https:\/\/www.eltako.com\/es\/empresa\/socios-y-alianzas\/amigos-de-hue\/\"]}]},{\"@type\":\"ImageObject\",\"inLanguage\":\"es\",\"@id\":\"https:\/\/www.eltako.com\/es\/empresa\/socios-y-alianzas\/amigos-de-hue\/#primaryimage\",\"url\":\"https:\/\/www.eltako.com\/wp-content\/uploads\/2021\/09\/AdobeStock_314574426.jpeg\",\"contentUrl\":\"https:\/\/www.eltako.com\/wp-content\/uploads\/2021\/09\/AdobeStock_314574426.jpeg\",\"width\":1920,\"height\":1536},{\"@type\":\"BreadcrumbList\",\"@id\":\"https:\/\/www.eltako.com\/es\/empresa\/socios-y-alianzas\/amigos-de-hue\/#breadcrumb\",\"itemListElement\":[{\"@type\":\"ListItem\",\"position\":1,\"name\":\"P\u00e1gina web\",\"item\":\"https:\/\/www.eltako.com\/es\/\"},{\"@type\":\"ListItem\",\"position\":2,\"name\":\"Empresa\",\"item\":\"https:\/\/www.eltako.com\/es\/empresa\/\"},{\"@type\":\"ListItem\",\"position\":3,\"name\":\"Socios y alianzas\",\"item\":\"https:\/\/www.eltako.com\/es\/empresa\/socios-y-alianzas\/\"},{\"@type\":\"ListItem\",\"position\":4,\"name\":\"Friends of Hue\"}]},{\"@type\":\"WebSite\",\"@id\":\"https:\/\/www.eltako.com\/en\/#website\",\"url\":\"https:\/\/www.eltako.com\/en\/\",\"name\":\"Eltako\",\"description\":\"Schaltger\u00e4te, Netzteile, Stromz\u00e4hler, Dimmer, Geb\u00e4udeinstallation, Steuerungstechnik, Smart Home-L\u00f6sungen, Geb\u00e4udefunk, EnOcean-Technologie\",\"potentialAction\":[{\"@type\":\"SearchAction\",\"target\":{\"@type\":\"EntryPoint\",\"urlTemplate\":\"https:\/\/www.eltako.com\/en\/?s={search_term_string}\"},\"query-input\":{\"@type\":\"PropertyValueSpecification\",\"valueRequired\":true,\"valueName\":\"search_term_string\"}}],\"inLanguage\":\"es\"}]}<\/script>\n<!-- \/ Yoast SEO plugin. -->","yoast_head_json":{"title":"Friends of Hue &#187; Eltako","robots":{"index":"index","follow":"follow","max-snippet":"max-snippet:-1","max-image-preview":"max-image-preview:large","max-video-preview":"max-video-preview:-1"},"canonical":"https:\/\/www.eltako.com\/es\/empresa\/socios-y-alianzas\/amigos-de-hue\/","og_locale":"es_ES","og_type":"article","og_title":"Friends of Hue &#187; Eltako","og_description":"Friends of Hue El programa \u00abFriends of Hue\u00bb de Philips ofrece a los clientes la posibilidad de crear sus propias escenas de luz y cambiar tanto el brillo como el color a voluntad. Sus l\u00e1mparas se adaptan a cualquier habitaci\u00f3n y a cualquier tipo de iluminaci\u00f3n. Con su dise\u00f1o sencillo pero elegante y sus innumerables [&hellip;]","og_url":"https:\/\/www.eltako.com\/es\/empresa\/socios-y-alianzas\/amigos-de-hue\/","og_site_name":"Eltako","article_modified_time":"2023-11-24T14:15:55+00:00","og_image":[{"width":1920,"height":1536,"url":"https:\/\/www.eltako.com\/wp-content\/uploads\/2021\/09\/AdobeStock_314574426.jpeg","type":"image\/jpeg"}],"twitter_card":"summary_large_image","twitter_misc":{"Tiempo de lectura":"1 minuto"},"schema":{"@context":"https:\/\/schema.org","@graph":[{"@type":"WebPage","@id":"https:\/\/www.eltako.com\/es\/empresa\/socios-y-alianzas\/amigos-de-hue\/","url":"https:\/\/www.eltako.com\/es\/empresa\/socios-y-alianzas\/amigos-de-hue\/","name":"Friends of Hue &#187; Eltako","isPartOf":{"@id":"https:\/\/www.eltako.com\/en\/#website"},"primaryImageOfPage":{"@id":"https:\/\/www.eltako.com\/es\/empresa\/socios-y-alianzas\/amigos-de-hue\/#primaryimage"},"image":{"@id":"https:\/\/www.eltako.com\/es\/empresa\/socios-y-alianzas\/amigos-de-hue\/#primaryimage"},"thumbnailUrl":"https:\/\/www.eltako.com\/wp-content\/uploads\/2021\/09\/AdobeStock_314574426.jpeg","datePublished":"2022-01-26T20:36:25+00:00","dateModified":"2023-11-24T14:15:55+00:00","breadcrumb":{"@id":"https:\/\/www.eltako.com\/es\/empresa\/socios-y-alianzas\/amigos-de-hue\/#breadcrumb"},"inLanguage":"es","potentialAction":[{"@type":"ReadAction","target":["https:\/\/www.eltako.com\/es\/empresa\/socios-y-alianzas\/amigos-de-hue\/"]}]},{"@type":"ImageObject","inLanguage":"es","@id":"https:\/\/www.eltako.com\/es\/empresa\/socios-y-alianzas\/amigos-de-hue\/#primaryimage","url":"https:\/\/www.eltako.com\/wp-content\/uploads\/2021\/09\/AdobeStock_314574426.jpeg","contentUrl":"https:\/\/www.eltako.com\/wp-content\/uploads\/2021\/09\/AdobeStock_314574426.jpeg","width":1920,"height":1536},{"@type":"BreadcrumbList","@id":"https:\/\/www.eltako.com\/es\/empresa\/socios-y-alianzas\/amigos-de-hue\/#breadcrumb","itemListElement":[{"@type":"ListItem","position":1,"name":"P\u00e1gina web","item":"https:\/\/www.eltako.com\/es\/"},{"@type":"ListItem","position":2,"name":"Empresa","item":"https:\/\/www.eltako.com\/es\/empresa\/"},{"@type":"ListItem","position":3,"name":"Socios y alianzas","item":"https:\/\/www.eltako.com\/es\/empresa\/socios-y-alianzas\/"},{"@type":"ListItem","position":4,"name":"Friends of Hue"}]},{"@type":"WebSite","@id":"https:\/\/www.eltako.com\/en\/#website","url":"https:\/\/www.eltako.com\/en\/","name":"Eltako","description":"Schaltger\u00e4te, Netzteile, Stromz\u00e4hler, Dimmer, Geb\u00e4udeinstallation, Steuerungstechnik, Smart Home-L\u00f6sungen, Geb\u00e4udefunk, EnOcean-Technologie","potentialAction":[{"@type":"SearchAction","target":{"@type":"EntryPoint","urlTemplate":"https:\/\/www.eltako.com\/en\/?s={search_term_string}"},"query-input":{"@type":"PropertyValueSpecification","valueRequired":true,"valueName":"search_term_string"}}],"inLanguage":"es"}]}},"_links":{"self":[{"href":"https:\/\/www.eltako.com\/es\/wp-json\/wp\/v2\/pages\/31816","targetHints":{"allow":["GET"]}}],"collection":[{"href":"https:\/\/www.eltako.com\/es\/wp-json\/wp\/v2\/pages"}],"about":[{"href":"https:\/\/www.eltako.com\/es\/wp-json\/wp\/v2\/types\/page"}],"author":[{"embeddable":true,"href":"https:\/\/www.eltako.com\/es\/wp-json\/wp\/v2\/users\/31"}],"replies":[{"embeddable":true,"href":"https:\/\/www.eltako.com\/es\/wp-json\/wp\/v2\/comments?post=31816"}],"version-history":[{"count":7,"href":"https:\/\/www.eltako.com\/es\/wp-json\/wp\/v2\/pages\/31816\/revisions"}],"predecessor-version":[{"id":134722,"href":"https:\/\/www.eltako.com\/es\/wp-json\/wp\/v2\/pages\/31816\/revisions\/134722"}],"up":[{"embeddable":true,"href":"https:\/\/www.eltako.com\/es\/wp-json\/wp\/v2\/pages\/62739"}],"wp:featuredmedia":[{"embeddable":true,"href":"https:\/\/www.eltako.com\/es\/wp-json\/wp\/v2\/media\/23293"}],"wp:attachment":[{"href":"https:\/\/www.eltako.com\/es\/wp-json\/wp\/v2\/media?parent=31816"}],"curies":[{"name":"wp","href":"https:\/\/api.w.org\/{rel}","templated":true}]}}