{"id":31313,"date":"2022-01-20T22:03:32","date_gmt":"2022-01-20T21:03:32","guid":{"rendered":"https:\/\/betax923lb8kd7v0.eltako.de\/pie-de-imprenta\/"},"modified":"2025-10-16T16:14:31","modified_gmt":"2025-10-16T14:14:31","slug":"pie-de-imprenta","status":"publish","type":"page","link":"https:\/\/www.eltako.com\/es\/pie-de-imprenta\/","title":{"rendered":"Pie de imprenta"},"content":{"rendered":"\n<div class=\"wp-block-group\"><div class=\"wp-block-group__inner-container is-layout-flow wp-block-group-is-layout-flow\">\n<div class=\"wp-block-group\"><div class=\"wp-block-group__inner-container is-layout-flow wp-block-group-is-layout-flow\">\n<b>ELTAKO GmbH<\/b><br>\nCalle Hofener 54 <br>\n70736 Fellbach<br>\nTel\u00e9fono: 0711 94350000<br>\nCorreo electr\u00f3nico: website@eltako.de<br><br>\nRegistro mercant\u00edl: Stuttgart<br>\nN\u00famero de registro: HRB261445<br>\nDirector General: Ulrich Ziegler<br>\nN\u00famero de identificaci\u00f3n fiscal: DE147330893\n<\/div><\/div>\n\n\n\n<p><\/p>\n<\/div><\/div>\n\n\n\n<p><\/p>\n\n\n\n<p>ELTAKO GmbH no se hace responsable de los contenidos enlazados o referidos desde sus p\u00e1ginas &#8211; a menos que ELTAKO GmbH tenga pleno conocimiento de los contenidos ilegales y pueda evitar que los visitantes de su sitio vean esas p\u00e1ginas. ELTAKO GmbH declara expresamente que en el momento de la creaci\u00f3n de los enlaces no se apreciaban contenidos ilegales en las p\u00e1ginas enlazadas. ELTAKO GmbH no tiene ninguna influencia sobre el dise\u00f1o actual y futuro, el contenido o la autor\u00eda de las p\u00e1ginas enlazadas.<\/p>\n\n\n\n<p>Por ello, se desvincula expresamente de todos los contenidos de todas las p\u00e1ginas enlazadas que hayan sido modificadas despu\u00e9s de establecer el enlace.<\/p>\n\n\n\n<p>La responsabilidad por los contenidos ilegales, incorrectos o incompletos y, en particular, por los da\u00f1os derivados del uso o no uso de dicha informaci\u00f3n recae exclusivamente en el proveedor de la p\u00e1gina a la que se hace referencia, y no en la persona que se limita a remitir a la respectiva publicaci\u00f3n mediante enlaces.<\/p>\n\n\n\n<p><a href=\"https:\/\/www.take-e-way.de\/leistungen\/elektrogesetz-weee-elektrog\/berichts-informationspflichten\/\">Requisitos de informaci\u00f3n de acuerdo con el \u00a718 p\u00e1rr. 2 Ley de aparatos el\u00e9ctricos y electr\u00f3nicos<\/a><\/p>\n\n\n\n<p><\/p>\n\n\n\n<p>N\u00famero de registro de la ley de bater\u00edas: DE 36818306<\/p>\n\n\n\n<div class=\"wp-block-buttons is-layout-flex wp-block-buttons-is-layout-flex\">\n<div class=\"wp-block-button\"><a class=\"wp-block-button__link has-background wp-element-button\" href=\"\/wp-content\/uploads\/2022\/11\/catalogo_reglamentos-de-garantia_es.pdf\" style=\"border-radius:0px;background-color:#0063af\">Garant\u00eda (PDF)<\/a><\/div>\n<\/div>\n\n\n\n<p><\/p>\n","protected":false},"excerpt":{"rendered":"<p>ELTAKO GmbH Calle Hofener 54 70736 Fellbach Tel\u00e9fono: 0711 94350000 Correo electr\u00f3nico: website@eltako.de Registro mercant\u00edl: Stuttgart N\u00famero de registro: HRB261445 Director General: Ulrich Ziegler N\u00famero de identificaci\u00f3n fiscal: DE147330893 ELTAKO GmbH no se hace responsable de los contenidos enlazados o referidos desde sus p\u00e1ginas &#8211; a menos que ELTAKO GmbH tenga pleno conocimiento de los [&hellip;]<\/p>\n","protected":false},"author":31,"featured_media":0,"parent":0,"menu_order":0,"comment_status":"closed","ping_status":"closed","template":"","meta":{"_acf_changed":false,"footnotes":"","_links_to":"","_links_to_target":""},"class_list":["post-31313","page","type-page","status-publish","hentry"],"acf":[],"yoast_head":"<!-- This site is optimized with the Yoast SEO plugin v27.2 - https:\/\/yoast.com\/product\/yoast-seo-wordpress\/ -->\n<title>Pie de imprenta &#187; Eltako<\/title>\n<meta name=\"robots\" content=\"index, follow, max-snippet:-1, max-image-preview:large, max-video-preview:-1\" \/>\n<link rel=\"canonical\" href=\"https:\/\/www.eltako.com\/es\/pie-de-imprenta\/\" \/>\n<meta property=\"og:locale\" content=\"es_ES\" \/>\n<meta property=\"og:type\" content=\"article\" \/>\n<meta property=\"og:title\" content=\"Pie de imprenta &#187; Eltako\" \/>\n<meta property=\"og:description\" content=\"ELTAKO GmbH Calle Hofener 54 70736 Fellbach Tel\u00e9fono: 0711 94350000 Correo electr\u00f3nico: website@eltako.de Registro mercant\u00edl: Stuttgart N\u00famero de registro: HRB261445 Director General: Ulrich Ziegler N\u00famero de identificaci\u00f3n fiscal: DE147330893 ELTAKO GmbH no se hace responsable de los contenidos enlazados o referidos desde sus p\u00e1ginas &#8211; a menos que ELTAKO GmbH tenga pleno conocimiento de los [&hellip;]\" \/>\n<meta property=\"og:url\" content=\"https:\/\/www.eltako.com\/es\/pie-de-imprenta\/\" \/>\n<meta property=\"og:site_name\" content=\"Eltako\" \/>\n<meta property=\"article:modified_time\" content=\"2025-10-16T14:14:31+00:00\" \/>\n<meta name=\"twitter:card\" content=\"summary_large_image\" \/>\n<meta name=\"twitter:label1\" content=\"Tiempo de lectura\" \/>\n\t<meta name=\"twitter:data1\" content=\"2 minutos\" \/>\n<script type=\"application\/ld+json\" class=\"yoast-schema-graph\">{\"@context\":\"https:\/\/schema.org\",\"@graph\":[{\"@type\":\"WebPage\",\"@id\":\"https:\/\/www.eltako.com\/es\/pie-de-imprenta\/\",\"url\":\"https:\/\/www.eltako.com\/es\/pie-de-imprenta\/\",\"name\":\"Pie de imprenta &#187; Eltako\",\"isPartOf\":{\"@id\":\"https:\/\/www.eltako.com\/en\/#website\"},\"datePublished\":\"2022-01-20T21:03:32+00:00\",\"dateModified\":\"2025-10-16T14:14:31+00:00\",\"breadcrumb\":{\"@id\":\"https:\/\/www.eltako.com\/es\/pie-de-imprenta\/#breadcrumb\"},\"inLanguage\":\"es\",\"potentialAction\":[{\"@type\":\"ReadAction\",\"target\":[\"https:\/\/www.eltako.com\/es\/pie-de-imprenta\/\"]}]},{\"@type\":\"BreadcrumbList\",\"@id\":\"https:\/\/www.eltako.com\/es\/pie-de-imprenta\/#breadcrumb\",\"itemListElement\":[{\"@type\":\"ListItem\",\"position\":1,\"name\":\"P\u00e1gina web\",\"item\":\"https:\/\/www.eltako.com\/es\/\"},{\"@type\":\"ListItem\",\"position\":2,\"name\":\"Pie de imprenta\"}]},{\"@type\":\"WebSite\",\"@id\":\"https:\/\/www.eltako.com\/en\/#website\",\"url\":\"https:\/\/www.eltako.com\/en\/\",\"name\":\"Eltako\",\"description\":\"Schaltger\u00e4te, Netzteile, Stromz\u00e4hler, Dimmer, Geb\u00e4udeinstallation, Steuerungstechnik, Smart Home-L\u00f6sungen, Geb\u00e4udefunk, EnOcean-Technologie\",\"potentialAction\":[{\"@type\":\"SearchAction\",\"target\":{\"@type\":\"EntryPoint\",\"urlTemplate\":\"https:\/\/www.eltako.com\/en\/?s={search_term_string}\"},\"query-input\":{\"@type\":\"PropertyValueSpecification\",\"valueRequired\":true,\"valueName\":\"search_term_string\"}}],\"inLanguage\":\"es\"}]}<\/script>\n<!-- \/ Yoast SEO plugin. -->","yoast_head_json":{"title":"Pie de imprenta &#187; Eltako","robots":{"index":"index","follow":"follow","max-snippet":"max-snippet:-1","max-image-preview":"max-image-preview:large","max-video-preview":"max-video-preview:-1"},"canonical":"https:\/\/www.eltako.com\/es\/pie-de-imprenta\/","og_locale":"es_ES","og_type":"article","og_title":"Pie de imprenta &#187; Eltako","og_description":"ELTAKO GmbH Calle Hofener 54 70736 Fellbach Tel\u00e9fono: 0711 94350000 Correo electr\u00f3nico: website@eltako.de Registro mercant\u00edl: Stuttgart N\u00famero de registro: HRB261445 Director General: Ulrich Ziegler N\u00famero de identificaci\u00f3n fiscal: DE147330893 ELTAKO GmbH no se hace responsable de los contenidos enlazados o referidos desde sus p\u00e1ginas &#8211; a menos que ELTAKO GmbH tenga pleno conocimiento de los [&hellip;]","og_url":"https:\/\/www.eltako.com\/es\/pie-de-imprenta\/","og_site_name":"Eltako","article_modified_time":"2025-10-16T14:14:31+00:00","twitter_card":"summary_large_image","twitter_misc":{"Tiempo de lectura":"2 minutos"},"schema":{"@context":"https:\/\/schema.org","@graph":[{"@type":"WebPage","@id":"https:\/\/www.eltako.com\/es\/pie-de-imprenta\/","url":"https:\/\/www.eltako.com\/es\/pie-de-imprenta\/","name":"Pie de imprenta &#187; Eltako","isPartOf":{"@id":"https:\/\/www.eltako.com\/en\/#website"},"datePublished":"2022-01-20T21:03:32+00:00","dateModified":"2025-10-16T14:14:31+00:00","breadcrumb":{"@id":"https:\/\/www.eltako.com\/es\/pie-de-imprenta\/#breadcrumb"},"inLanguage":"es","potentialAction":[{"@type":"ReadAction","target":["https:\/\/www.eltako.com\/es\/pie-de-imprenta\/"]}]},{"@type":"BreadcrumbList","@id":"https:\/\/www.eltako.com\/es\/pie-de-imprenta\/#breadcrumb","itemListElement":[{"@type":"ListItem","position":1,"name":"P\u00e1gina web","item":"https:\/\/www.eltako.com\/es\/"},{"@type":"ListItem","position":2,"name":"Pie de imprenta"}]},{"@type":"WebSite","@id":"https:\/\/www.eltako.com\/en\/#website","url":"https:\/\/www.eltako.com\/en\/","name":"Eltako","description":"Schaltger\u00e4te, Netzteile, Stromz\u00e4hler, Dimmer, Geb\u00e4udeinstallation, Steuerungstechnik, Smart Home-L\u00f6sungen, Geb\u00e4udefunk, EnOcean-Technologie","potentialAction":[{"@type":"SearchAction","target":{"@type":"EntryPoint","urlTemplate":"https:\/\/www.eltako.com\/en\/?s={search_term_string}"},"query-input":{"@type":"PropertyValueSpecification","valueRequired":true,"valueName":"search_term_string"}}],"inLanguage":"es"}]}},"_links":{"self":[{"href":"https:\/\/www.eltako.com\/es\/wp-json\/wp\/v2\/pages\/31313","targetHints":{"allow":["GET"]}}],"collection":[{"href":"https:\/\/www.eltako.com\/es\/wp-json\/wp\/v2\/pages"}],"about":[{"href":"https:\/\/www.eltako.com\/es\/wp-json\/wp\/v2\/types\/page"}],"author":[{"embeddable":true,"href":"https:\/\/www.eltako.com\/es\/wp-json\/wp\/v2\/users\/31"}],"replies":[{"embeddable":true,"href":"https:\/\/www.eltako.com\/es\/wp-json\/wp\/v2\/comments?post=31313"}],"version-history":[{"count":3,"href":"https:\/\/www.eltako.com\/es\/wp-json\/wp\/v2\/pages\/31313\/revisions"}],"predecessor-version":[{"id":147466,"href":"https:\/\/www.eltako.com\/es\/wp-json\/wp\/v2\/pages\/31313\/revisions\/147466"}],"wp:attachment":[{"href":"https:\/\/www.eltako.com\/es\/wp-json\/wp\/v2\/media?parent=31313"}],"curies":[{"name":"wp","href":"https:\/\/api.w.org\/{rel}","templated":true}]}}