{"id":31190,"date":"2022-01-20T19:12:34","date_gmt":"2022-01-20T18:12:34","guid":{"rendered":"https:\/\/betax923lb8kd7v0.eltako.de\/mediola\/"},"modified":"2022-06-09T10:15:11","modified_gmt":"2022-06-09T08:15:11","slug":"mediola","status":"publish","type":"page","link":"https:\/\/www.eltako.com\/es\/empresa\/socios-y-alianzas\/mediola\/","title":{"rendered":"Mediola"},"content":{"rendered":"\n<div style=\"height:40px\" aria-hidden=\"true\" class=\"wp-block-spacer\"><\/div>\n\n<p class=\"has-medium-font-size\">La cooperaci\u00f3n entre Eltako y mediola\u00ae combina los puntos fuertes de ambas empresas y saca as\u00ed lo mejor de sus respectivas competencias. Esto ahorra recursos en ambas partes, lo que da como resultado el producto \u00f3ptimo, al precio \u00f3ptimo para nuestros clientes.<\/p>\n\n<div style=\"height:40px\" aria-hidden=\"true\" class=\"wp-block-spacer\"><\/div>\n\n<figure class=\"wp-block-image size-large\"><img decoding=\"async\" width=\"1024\" height=\"455\" src=\"https:\/\/betax923lb8kd7v0.eltako.de\/wp-content\/uploads\/2021\/09\/Bild-2-1024x455.png\" alt=\"\" class=\"wp-image-23391\" srcset=\"https:\/\/www.eltako.com\/wp-content\/uploads\/2021\/09\/Bild-2-1024x455.png 1024w, https:\/\/www.eltako.com\/wp-content\/uploads\/2021\/09\/Bild-2-300x133.png 300w, https:\/\/www.eltako.com\/wp-content\/uploads\/2021\/09\/Bild-2-768x341.png 768w, https:\/\/www.eltako.com\/wp-content\/uploads\/2021\/09\/Bild-2-1536x683.png 1536w, https:\/\/www.eltako.com\/wp-content\/uploads\/2021\/09\/Bild-2-600x267.png 600w, https:\/\/www.eltako.com\/wp-content\/uploads\/2021\/09\/Bild-2.png 1800w\" sizes=\"(max-width: 1024px) 100vw, 1024px\" \/><\/figure>\n\n<div style=\"height:40px\" aria-hidden=\"true\" class=\"wp-block-spacer\"><\/div>\n\n<h3 class=\"wp-block-heading\" id=\"wer-ist-mediola\"><strong>\u00bfQui\u00e9n es mediola\u00ae?<\/strong><\/h3>\n\n<p class=\"has-medium-font-size\">mediola\u00ae fabrica soluciones de IoT y controladores dom\u00e9sticos inteligentes que permiten a los clientes utilizarlos en todas las marcas y sectores. Con su sistema, se pueden combinar diferentes dispositivos de muchos fabricantes diferentes dentro de una instalaci\u00f3n y complementarse entre s\u00ed. Esto ahorra tiempo y dinero y el cliente sigue siendo independiente en la selecci\u00f3n de fabricantes. La empresa se fund\u00f3 en Fr\u00e1ncfort en 2007 y actualmente cuenta con 2 aplicaciones diferentes en el mercado: la aplicaci\u00f3n IQONTROL NEO es prefabricada, intuitiva y f\u00e1cil de usar, mientras que la aplicaci\u00f3n AIO CREATOR NEO es adecuada para un uso m\u00e1s profesional y ofrece una personalizaci\u00f3n flexible hasta una interfaz de usuario completamente individualizada.<\/p>\n\n<div style=\"height:40px\" aria-hidden=\"true\" class=\"wp-block-spacer\"><\/div>\n\n<figure class=\"wp-block-image size-large\"><img decoding=\"async\" width=\"1024\" height=\"455\" src=\"https:\/\/betax923lb8kd7v0.eltako.de\/wp-content\/uploads\/2021\/09\/Bild-3-1024x455.png\" alt=\"\" class=\"wp-image-23405\" srcset=\"https:\/\/www.eltako.com\/wp-content\/uploads\/2021\/09\/Bild-3-1024x455.png 1024w, https:\/\/www.eltako.com\/wp-content\/uploads\/2021\/09\/Bild-3-300x133.png 300w, https:\/\/www.eltako.com\/wp-content\/uploads\/2021\/09\/Bild-3-768x341.png 768w, https:\/\/www.eltako.com\/wp-content\/uploads\/2021\/09\/Bild-3-1536x683.png 1536w, https:\/\/www.eltako.com\/wp-content\/uploads\/2021\/09\/Bild-3-600x267.png 600w, https:\/\/www.eltako.com\/wp-content\/uploads\/2021\/09\/Bild-3.png 1800w\" sizes=\"(max-width: 1024px) 100vw, 1024px\" \/><\/figure>\n\n<div style=\"height:40px\" aria-hidden=\"true\" class=\"wp-block-spacer\"><\/div>\n\n<h3 class=\"wp-block-heading\" id=\"eltako-und-mediola\"><strong>Eltako y mediola\u00ae.<\/strong><\/h3>\n\n<p class=\"has-medium-font-size\">Nuestra experiencia como especialistas en construcci\u00f3n y las soluciones de hogar inteligente de mediola entre fabricantes nos permiten vincular nuestros productos con los de otros fabricantes e industrias y ofrecer a los clientes una amplia gama de posibles aplicaciones.<\/p>\n\n<p class=\"has-medium-font-size\">As\u00ed se crea un sistema dom\u00e9stico inteligente todo en uno, con el que se puede controlar y automatizar cada hogar de forma inteligente.<\/p>\n\n<p class=\"has-medium-font-size\">El nuevo MiniSafe2, en combinaci\u00f3n con la nueva aplicaci\u00f3n GFA5, es el primer resultado de esta colaboraci\u00f3n. Un controlador de Smart Home ideal para el mundo de los productos Eltako y una App intuitiva para su manejo. Puedes convertir cualquier casa en un hogar inteligente sin necesidad de conocimientos especiales.<\/p>\n\n<div style=\"height:40px\" aria-hidden=\"true\" class=\"wp-block-spacer\"><\/div>\n\n<figure class=\"wp-block-image size-large\"><img decoding=\"async\" width=\"1024\" height=\"455\" src=\"https:\/\/betax923lb8kd7v0.eltako.de\/wp-content\/uploads\/2021\/09\/Bild-5-1024x455.png\" alt=\"\" class=\"wp-image-23414\" srcset=\"https:\/\/www.eltako.com\/wp-content\/uploads\/2021\/09\/Bild-5-1024x455.png 1024w, https:\/\/www.eltako.com\/wp-content\/uploads\/2021\/09\/Bild-5-300x133.png 300w, https:\/\/www.eltako.com\/wp-content\/uploads\/2021\/09\/Bild-5-768x341.png 768w, https:\/\/www.eltako.com\/wp-content\/uploads\/2021\/09\/Bild-5-1536x683.png 1536w, https:\/\/www.eltako.com\/wp-content\/uploads\/2021\/09\/Bild-5-600x267.png 600w, https:\/\/www.eltako.com\/wp-content\/uploads\/2021\/09\/Bild-5.png 1800w\" sizes=\"(max-width: 1024px) 100vw, 1024px\" \/><\/figure>\n\n<div style=\"height:40px\" aria-hidden=\"true\" class=\"wp-block-spacer\"><\/div>\n\n<h3 class=\"wp-block-heading\" id=\"social-media-prasenz-und-neue-informationen\"><strong>Presencia en los medios sociales y nueva informaci\u00f3n:<\/strong><\/h3>\n\n<p class=\"has-medium-font-size\">En Instagram, Facebook, YouTube &amp; Co. hay actualizaciones peri\u00f3dicas sobre diversos temas y, por tanto, siempre hay algo nuevo sobre nuestra colaboraci\u00f3n con mediola\u00ae.<\/p>\n\n<p class=\"has-medium-font-size\">Este enlace le llevar\u00e1 a nuestro <a href=\"#newsletter-modal\" data-toggle=\"modal\" data-target=\"#newsletter-modal\">\n \n \n <span>Bolet\u00edn de noticias<\/span>\n \n<\/a> donde podr\u00e1 obtener m\u00e1s informaci\u00f3n sobre la cooperaci\u00f3n:<\/p>\n\n<p class=\"has-medium-font-size\">Si quiere saber m\u00e1s sobre mediola\u00ae:<\/p>\n\n<p class=\"has-medium-font-size\"><a href=\"https:\/\/www.mediola.com\">https:\/\/www.mediola.com <\/a><\/p>\n\n<p class=\"has-medium-font-size\"><a href=\"https:\/\/www.mediola.com\/eltako-mit-mediola-steuern\">https:\/\/www.mediola.com\/eltako-mit-mediola-steuern<\/a><\/p>\n\n<p class=\"has-medium-font-size\">S\u00edganos en <a href=\"https:\/\/www.instagram.com\/eltako_official\/?hl=en\">Instagram<\/a> y <a href=\"https:\/\/www.facebook.com\/eltakoofficial\/\">Facebook<\/a> y no se pierda ninguna publicaci\u00f3n.<\/p>\n","protected":false},"excerpt":{"rendered":"<p>La cooperaci\u00f3n entre Eltako y mediola\u00ae combina los puntos fuertes de ambas empresas y saca as\u00ed lo mejor de sus respectivas competencias. Esto ahorra recursos en ambas partes, lo que da como resultado el producto \u00f3ptimo, al precio \u00f3ptimo para nuestros clientes. \u00bfQui\u00e9n es mediola\u00ae? mediola\u00ae fabrica soluciones de IoT y controladores dom\u00e9sticos inteligentes que [&hellip;]<\/p>\n","protected":false},"author":31,"featured_media":23386,"parent":62739,"menu_order":5,"comment_status":"closed","ping_status":"closed","template":"templates\/custom_header.php","meta":{"_acf_changed":false,"footnotes":"","_links_to":"","_links_to_target":""},"class_list":["post-31190","page","type-page","status-publish","has-post-thumbnail","hentry"],"acf":[],"yoast_head":"<!-- This site is optimized with the Yoast SEO plugin v27.2 - https:\/\/yoast.com\/product\/yoast-seo-wordpress\/ -->\n<title>Mediola &#187; Eltako<\/title>\n<meta name=\"robots\" content=\"index, follow, max-snippet:-1, max-image-preview:large, max-video-preview:-1\" \/>\n<link rel=\"canonical\" href=\"https:\/\/www.eltako.com\/es\/empresa\/socios-y-alianzas\/mediola\/\" \/>\n<meta property=\"og:locale\" content=\"es_ES\" \/>\n<meta property=\"og:type\" content=\"article\" \/>\n<meta property=\"og:title\" content=\"Mediola &#187; Eltako\" \/>\n<meta property=\"og:description\" content=\"La cooperaci\u00f3n entre Eltako y mediola\u00ae combina los puntos fuertes de ambas empresas y saca as\u00ed lo mejor de sus respectivas competencias. Esto ahorra recursos en ambas partes, lo que da como resultado el producto \u00f3ptimo, al precio \u00f3ptimo para nuestros clientes. \u00bfQui\u00e9n es mediola\u00ae? mediola\u00ae fabrica soluciones de IoT y controladores dom\u00e9sticos inteligentes que [&hellip;]\" \/>\n<meta property=\"og:url\" content=\"https:\/\/www.eltako.com\/es\/empresa\/socios-y-alianzas\/mediola\/\" \/>\n<meta property=\"og:site_name\" content=\"Eltako\" \/>\n<meta property=\"article:modified_time\" content=\"2022-06-09T08:15:11+00:00\" \/>\n<meta property=\"og:image\" content=\"https:\/\/www.eltako.com\/wp-content\/uploads\/2021\/09\/mediola.jpg\" \/>\n\t<meta property=\"og:image:width\" content=\"1366\" \/>\n\t<meta property=\"og:image:height\" content=\"752\" \/>\n\t<meta property=\"og:image:type\" content=\"image\/jpeg\" \/>\n<meta name=\"twitter:card\" content=\"summary_large_image\" \/>\n<meta name=\"twitter:label1\" content=\"Tiempo de lectura\" \/>\n\t<meta name=\"twitter:data1\" content=\"2 minutos\" \/>\n<script type=\"application\/ld+json\" class=\"yoast-schema-graph\">{\"@context\":\"https:\/\/schema.org\",\"@graph\":[{\"@type\":\"WebPage\",\"@id\":\"https:\/\/www.eltako.com\/es\/empresa\/socios-y-alianzas\/mediola\/\",\"url\":\"https:\/\/www.eltako.com\/es\/empresa\/socios-y-alianzas\/mediola\/\",\"name\":\"Mediola &#187; Eltako\",\"isPartOf\":{\"@id\":\"https:\/\/www.eltako.com\/en\/#website\"},\"primaryImageOfPage\":{\"@id\":\"https:\/\/www.eltako.com\/es\/empresa\/socios-y-alianzas\/mediola\/#primaryimage\"},\"image\":{\"@id\":\"https:\/\/www.eltako.com\/es\/empresa\/socios-y-alianzas\/mediola\/#primaryimage\"},\"thumbnailUrl\":\"https:\/\/www.eltako.com\/wp-content\/uploads\/2021\/09\/mediola.jpg\",\"datePublished\":\"2022-01-20T18:12:34+00:00\",\"dateModified\":\"2022-06-09T08:15:11+00:00\",\"breadcrumb\":{\"@id\":\"https:\/\/www.eltako.com\/es\/empresa\/socios-y-alianzas\/mediola\/#breadcrumb\"},\"inLanguage\":\"es\",\"potentialAction\":[{\"@type\":\"ReadAction\",\"target\":[\"https:\/\/www.eltako.com\/es\/empresa\/socios-y-alianzas\/mediola\/\"]}]},{\"@type\":\"ImageObject\",\"inLanguage\":\"es\",\"@id\":\"https:\/\/www.eltako.com\/es\/empresa\/socios-y-alianzas\/mediola\/#primaryimage\",\"url\":\"https:\/\/www.eltako.com\/wp-content\/uploads\/2021\/09\/mediola.jpg\",\"contentUrl\":\"https:\/\/www.eltako.com\/wp-content\/uploads\/2021\/09\/mediola.jpg\",\"width\":1366,\"height\":752},{\"@type\":\"BreadcrumbList\",\"@id\":\"https:\/\/www.eltako.com\/es\/empresa\/socios-y-alianzas\/mediola\/#breadcrumb\",\"itemListElement\":[{\"@type\":\"ListItem\",\"position\":1,\"name\":\"P\u00e1gina web\",\"item\":\"https:\/\/www.eltako.com\/es\/\"},{\"@type\":\"ListItem\",\"position\":2,\"name\":\"Empresa\",\"item\":\"https:\/\/www.eltako.com\/es\/empresa\/\"},{\"@type\":\"ListItem\",\"position\":3,\"name\":\"Socios y alianzas\",\"item\":\"https:\/\/www.eltako.com\/es\/empresa\/socios-y-alianzas\/\"},{\"@type\":\"ListItem\",\"position\":4,\"name\":\"Mediola\"}]},{\"@type\":\"WebSite\",\"@id\":\"https:\/\/www.eltako.com\/en\/#website\",\"url\":\"https:\/\/www.eltako.com\/en\/\",\"name\":\"Eltako\",\"description\":\"Schaltger\u00e4te, Netzteile, Stromz\u00e4hler, Dimmer, Geb\u00e4udeinstallation, Steuerungstechnik, Smart Home-L\u00f6sungen, Geb\u00e4udefunk, EnOcean-Technologie\",\"potentialAction\":[{\"@type\":\"SearchAction\",\"target\":{\"@type\":\"EntryPoint\",\"urlTemplate\":\"https:\/\/www.eltako.com\/en\/?s={search_term_string}\"},\"query-input\":{\"@type\":\"PropertyValueSpecification\",\"valueRequired\":true,\"valueName\":\"search_term_string\"}}],\"inLanguage\":\"es\"}]}<\/script>\n<!-- \/ Yoast SEO plugin. -->","yoast_head_json":{"title":"Mediola &#187; Eltako","robots":{"index":"index","follow":"follow","max-snippet":"max-snippet:-1","max-image-preview":"max-image-preview:large","max-video-preview":"max-video-preview:-1"},"canonical":"https:\/\/www.eltako.com\/es\/empresa\/socios-y-alianzas\/mediola\/","og_locale":"es_ES","og_type":"article","og_title":"Mediola &#187; Eltako","og_description":"La cooperaci\u00f3n entre Eltako y mediola\u00ae combina los puntos fuertes de ambas empresas y saca as\u00ed lo mejor de sus respectivas competencias. Esto ahorra recursos en ambas partes, lo que da como resultado el producto \u00f3ptimo, al precio \u00f3ptimo para nuestros clientes. \u00bfQui\u00e9n es mediola\u00ae? mediola\u00ae fabrica soluciones de IoT y controladores dom\u00e9sticos inteligentes que [&hellip;]","og_url":"https:\/\/www.eltako.com\/es\/empresa\/socios-y-alianzas\/mediola\/","og_site_name":"Eltako","article_modified_time":"2022-06-09T08:15:11+00:00","og_image":[{"width":1366,"height":752,"url":"https:\/\/www.eltako.com\/wp-content\/uploads\/2021\/09\/mediola.jpg","type":"image\/jpeg"}],"twitter_card":"summary_large_image","twitter_misc":{"Tiempo de lectura":"2 minutos"},"schema":{"@context":"https:\/\/schema.org","@graph":[{"@type":"WebPage","@id":"https:\/\/www.eltako.com\/es\/empresa\/socios-y-alianzas\/mediola\/","url":"https:\/\/www.eltako.com\/es\/empresa\/socios-y-alianzas\/mediola\/","name":"Mediola &#187; Eltako","isPartOf":{"@id":"https:\/\/www.eltako.com\/en\/#website"},"primaryImageOfPage":{"@id":"https:\/\/www.eltako.com\/es\/empresa\/socios-y-alianzas\/mediola\/#primaryimage"},"image":{"@id":"https:\/\/www.eltako.com\/es\/empresa\/socios-y-alianzas\/mediola\/#primaryimage"},"thumbnailUrl":"https:\/\/www.eltako.com\/wp-content\/uploads\/2021\/09\/mediola.jpg","datePublished":"2022-01-20T18:12:34+00:00","dateModified":"2022-06-09T08:15:11+00:00","breadcrumb":{"@id":"https:\/\/www.eltako.com\/es\/empresa\/socios-y-alianzas\/mediola\/#breadcrumb"},"inLanguage":"es","potentialAction":[{"@type":"ReadAction","target":["https:\/\/www.eltako.com\/es\/empresa\/socios-y-alianzas\/mediola\/"]}]},{"@type":"ImageObject","inLanguage":"es","@id":"https:\/\/www.eltako.com\/es\/empresa\/socios-y-alianzas\/mediola\/#primaryimage","url":"https:\/\/www.eltako.com\/wp-content\/uploads\/2021\/09\/mediola.jpg","contentUrl":"https:\/\/www.eltako.com\/wp-content\/uploads\/2021\/09\/mediola.jpg","width":1366,"height":752},{"@type":"BreadcrumbList","@id":"https:\/\/www.eltako.com\/es\/empresa\/socios-y-alianzas\/mediola\/#breadcrumb","itemListElement":[{"@type":"ListItem","position":1,"name":"P\u00e1gina web","item":"https:\/\/www.eltako.com\/es\/"},{"@type":"ListItem","position":2,"name":"Empresa","item":"https:\/\/www.eltako.com\/es\/empresa\/"},{"@type":"ListItem","position":3,"name":"Socios y alianzas","item":"https:\/\/www.eltako.com\/es\/empresa\/socios-y-alianzas\/"},{"@type":"ListItem","position":4,"name":"Mediola"}]},{"@type":"WebSite","@id":"https:\/\/www.eltako.com\/en\/#website","url":"https:\/\/www.eltako.com\/en\/","name":"Eltako","description":"Schaltger\u00e4te, Netzteile, Stromz\u00e4hler, Dimmer, Geb\u00e4udeinstallation, Steuerungstechnik, Smart Home-L\u00f6sungen, Geb\u00e4udefunk, EnOcean-Technologie","potentialAction":[{"@type":"SearchAction","target":{"@type":"EntryPoint","urlTemplate":"https:\/\/www.eltako.com\/en\/?s={search_term_string}"},"query-input":{"@type":"PropertyValueSpecification","valueRequired":true,"valueName":"search_term_string"}}],"inLanguage":"es"}]}},"_links":{"self":[{"href":"https:\/\/www.eltako.com\/es\/wp-json\/wp\/v2\/pages\/31190","targetHints":{"allow":["GET"]}}],"collection":[{"href":"https:\/\/www.eltako.com\/es\/wp-json\/wp\/v2\/pages"}],"about":[{"href":"https:\/\/www.eltako.com\/es\/wp-json\/wp\/v2\/types\/page"}],"author":[{"embeddable":true,"href":"https:\/\/www.eltako.com\/es\/wp-json\/wp\/v2\/users\/31"}],"replies":[{"embeddable":true,"href":"https:\/\/www.eltako.com\/es\/wp-json\/wp\/v2\/comments?post=31190"}],"version-history":[{"count":0,"href":"https:\/\/www.eltako.com\/es\/wp-json\/wp\/v2\/pages\/31190\/revisions"}],"up":[{"embeddable":true,"href":"https:\/\/www.eltako.com\/es\/wp-json\/wp\/v2\/pages\/62739"}],"wp:featuredmedia":[{"embeddable":true,"href":"https:\/\/www.eltako.com\/es\/wp-json\/wp\/v2\/media\/23386"}],"wp:attachment":[{"href":"https:\/\/www.eltako.com\/es\/wp-json\/wp\/v2\/media?parent=31190"}],"curies":[{"name":"wp","href":"https:\/\/api.w.org\/{rel}","templated":true}]}}