{"id":31142,"date":"2022-01-20T18:36:34","date_gmt":"2022-01-20T17:36:34","guid":{"rendered":"https:\/\/betax923lb8kd7v0.eltako.de\/eltako-movil\/"},"modified":"2022-04-13T15:11:35","modified_gmt":"2022-04-13T13:11:35","slug":"eltako-movil","status":"publish","type":"page","link":"https:\/\/www.eltako.com\/es\/eltako-movil\/","title":{"rendered":"Eltako m\u00f3vil"},"content":{"rendered":"\n<p><\/p>\n\n<h1 class=\"font-weight-bold responsive-font has-text-color wp-block-heading\" id=\"endlich-ist-er-da-elmo-unser-zweiter-messeanhanger\" style=\"color:#2364af;font-size:80px\"><strong>Por fin est\u00e1 aqu\u00ed: <\/strong><br\/>ELMO: <strong>\u00a1nuestro segundo remolque de feria! <\/strong> <\/h1>\n\n<div style=\"height:40px\" aria-hidden=\"true\" class=\"wp-block-spacer\"><\/div>\n\n<p class=\"has-medium-font-size\">El llamado Eltako-Mobil es el nuevo apoyo para nuestros empleados en Escandinavia. Este mes vamos a hacer una gran gira por Suecia por primera vez, puedes ver la ruta exacta en el mapa de abajo. <\/p>\n\n<p class=\"has-medium-font-size\">Este enfoque l\u00fadico pretende dar a los clientes una impresi\u00f3n de una casa inteligente Eltako y permitirles probar las primeras funciones. <\/p>\n\n<div style=\"height:40px\" aria-hidden=\"true\" class=\"wp-block-spacer\"><\/div>\n  \r\n  <div class=\"cd-product-wrapper el-mo-class\">\r\n    <img decoding=\"async\" src=\"https:\/\/www.eltako.com\/wp-content\/uploads\/2021\/09\/points.jpg\" id=\"home\" class=\"w-100\" alt=\"\" width=\"1288\" height=\"610\">\r\n    <ul class=\"list-unstyled\">\r\n    \r\n          <li class=\"cd-single-point\">\r\n        <a class=\"cd-img-replace\" href=\"#0\">Mehr<\/a>\r\n        <div class=\"cd-more-info cd-left\" style=\"margin-top:13px !important;\">\r\n          <h2>Veranda:<\/h2>\r\n          <p class=\"pt-3\">\r\n            En el peque\u00f1o jard\u00edn delantero podr\u00e1 experimentar la versatilidad de nuestros productos preparados para el exterior. Se incluyen, por ejemplo, nuestra sirena exterior inal\u00e1mbrica, una toma de corriente exterior y la iluminaci\u00f3n inteligente del jard\u00edn.          <\/p>\r\n          <a href=\"#0\" class=\"cd-close-info cd-img-replace\">Schliessen<\/a>\r\n        <\/div>\r\n      <\/li>\r\n          <li class=\"cd-single-point\">\r\n        <a class=\"cd-img-replace\" href=\"#0\">Mehr<\/a>\r\n        <div class=\"cd-more-info cd-left\" style=\"margin-top:13px !important;\">\r\n          <h2>Habitaciones:<\/h2>\r\n          <p class=\"pt-3\">\r\n            Detr\u00e1s del lado que puedes ver aqu\u00ed, \u00a1hay 2 habitaciones m\u00e1s esperando a ser exploradas por ti! Quiz\u00e1s descubras el dormitorio y el sal\u00f3n en uno de nuestros pr\u00f3ximos posts en nuestros canales de redes sociales.          <\/p>\r\n          <a href=\"#0\" class=\"cd-close-info cd-img-replace\">Schliessen<\/a>\r\n        <\/div>\r\n      <\/li>\r\n          <li class=\"cd-single-point\">\r\n        <a class=\"cd-img-replace\" href=\"#0\">Mehr<\/a>\r\n        <div class=\"cd-more-info cd-left\" style=\"margin-top:13px !important;\">\r\n          <h2>Lavadero:<\/h2>\r\n          <p class=\"pt-3\">\r\n            El lavadero, elegantemente equipado, impresiona con un sensor de agua, que sirve para detectar y notificar lo antes posible una rotura de tuber\u00eda o una lavadora con fugas, un detector de movimiento y el nuevo MiniSafe2.          <\/p>\r\n          <a href=\"#0\" class=\"cd-close-info cd-img-replace\">Schliessen<\/a>\r\n        <\/div>\r\n      <\/li>\r\n        \r\n    <\/ul>\r\n  <\/div>\r\n  \r\n  \n\n<p class=\"has-medium-font-size\">El remolque Smart Home est\u00e1 construido como una casa en miniatura. Se pueden ver 4 habitaciones y una veranda con un peque\u00f1o jard\u00edn delantero. All\u00ed se instalan varios productos de nuestra gama Professional Smart Home. Entre otras cosas, estar\u00e1 presente nuestro Eltako OnWall, a trav\u00e9s del cual los interesados podr\u00e1n experimentar y probar en directo el control de toda una casa a trav\u00e9s de un \u00fanico panel de control. <\/p>\n\n<div style=\"height:40px\" aria-hidden=\"true\" class=\"wp-block-spacer\"><\/div>\n\n<figure class=\"wp-block-image size-large\"><img decoding=\"async\" width=\"1024\" height=\"683\" src=\"https:\/\/betax923lb8kd7v0.eltako.de\/wp-content\/uploads\/2021\/10\/Einzelne-Bilder3-Deutsch-2-1024x683.jpg\" alt=\"\" class=\"wp-image-24780\" srcset=\"https:\/\/www.eltako.com\/wp-content\/uploads\/2021\/10\/Einzelne-Bilder3-Deutsch-2-1024x683.jpg 1024w, https:\/\/www.eltako.com\/wp-content\/uploads\/2021\/10\/Einzelne-Bilder3-Deutsch-2-300x200.jpg 300w, https:\/\/www.eltako.com\/wp-content\/uploads\/2021\/10\/Einzelne-Bilder3-Deutsch-2-768x512.jpg 768w, https:\/\/www.eltako.com\/wp-content\/uploads\/2021\/10\/Einzelne-Bilder3-Deutsch-2-1536x1024.jpg 1536w, https:\/\/www.eltako.com\/wp-content\/uploads\/2021\/10\/Einzelne-Bilder3-Deutsch-2-600x400.jpg 600w, https:\/\/www.eltako.com\/wp-content\/uploads\/2021\/10\/Einzelne-Bilder3-Deutsch-2.jpg 1900w\" sizes=\"(max-width: 1024px) 100vw, 1024px\" \/><\/figure>\n\n<div style=\"height:40px\" aria-hidden=\"true\" class=\"wp-block-spacer\"><\/div>\n\n          \n\n           <div class=\"brlbs-cmpnt-container brlbs-cmpnt-content-blocker brlbs-cmpnt-with-individual-styles\" data-borlabs-cookie-content-blocker-id=\"youtube-content-blocker\" data-borlabs-cookie-content=\"PGlmcmFtZSB3aWR0aD0iMTAwJSIgaGVpZ2h0PSI1MTUiIHNyYz0iaHR0cHM6Ly93d3cueW91dHViZS1ub2Nvb2tpZS5jb20vZW1iZWQvTUU1ZG8xNm82QWciIHRpdGxlPSJSZXByb2R1Y3RvciBkZSB2w61kZW8gZGUgWW91VHViZSIgZnJhbWVib3JkZXI9IjAiIGFsbG93PSJhY2NlbGVyb21ldGVyOyBhdXRvcGxheTsgY2xpcGJvYXJkLXdyaXRlOyBlbmNyeXB0ZWQtbWVkaWE7IGd5cm9zY29wZTsgcGljdHVyZS1pbi1waWN0dXJlIiBhbGxvd2Z1bGxzY3JlZW49IiI+PC9pZnJhbWU+\"><div class=\"brlbs-cmpnt-cb-preset-c brlbs-cmpnt-cb-youtube\"> <div class=\"brlbs-cmpnt-cb-thumbnail\" style=\"background-image: url('https:\/\/www.eltako.com\/wp-content\/uploads\/borlabs-cookie\/1\/yt_ME5do16o6Ag_hqdefault.jpg')\"><\/div> <div class=\"brlbs-cmpnt-cb-main\"> <div class=\"brlbs-cmpnt-cb-play-button\"><\/div> <div class=\"brlbs-cmpnt-cb-content\"> <p class=\"brlbs-cmpnt-cb-description\">Est\u00e1s viendo un contenido de marcador de posici\u00f3n de <strong>YouTube<\/strong>. Para acceder al contenido real, haz clic en el siguiente bot\u00f3n. Ten en cuenta que al hacerlo compartir\u00e1s datos con terceros proveedores.<\/p> <a class=\"brlbs-cmpnt-cb-provider-toggle\" href=\"#\" data-borlabs-cookie-show-provider-information role=\"button\">M\u00e1s informaci\u00f3n<\/a> <\/div> <div class=\"brlbs-cmpnt-cb-buttons\"> <a class=\"brlbs-cmpnt-cb-btn\" href=\"#\" data-borlabs-cookie-unblock role=\"button\">Desbloquear contenido<\/a> <a class=\"brlbs-cmpnt-cb-btn\" href=\"#\" data-borlabs-cookie-accept-service role=\"button\" style=\"display: inherit\">Aceptar el servicio requerido y desbloquear los contenidos<\/a> <\/div> <\/div> <\/div><\/div>\n          \n\n        \n\n<div style=\"height:50px\" aria-hidden=\"true\" class=\"wp-block-spacer\"><\/div>\n","protected":false},"excerpt":{"rendered":"<p>Por fin est\u00e1 aqu\u00ed: ELMO: \u00a1nuestro segundo remolque de feria! El llamado Eltako-Mobil es el nuevo apoyo para nuestros empleados en Escandinavia. Este mes vamos a hacer una gran gira por Suecia por primera vez, puedes ver la ruta exacta en el mapa de abajo. Este enfoque l\u00fadico pretende dar a los clientes una impresi\u00f3n [&hellip;]<\/p>\n","protected":false},"author":31,"featured_media":23549,"parent":0,"menu_order":0,"comment_status":"closed","ping_status":"closed","template":"templates\/elmo-landingpage.php","meta":{"_acf_changed":false,"footnotes":"","_links_to":"","_links_to_target":""},"class_list":["post-31142","page","type-page","status-publish","has-post-thumbnail","hentry"],"acf":[],"yoast_head":"<!-- This site is optimized with the Yoast SEO plugin v27.2 - https:\/\/yoast.com\/product\/yoast-seo-wordpress\/ -->\n<title>Eltako m\u00f3vil &#187; Eltako<\/title>\n<meta name=\"robots\" content=\"index, follow, max-snippet:-1, max-image-preview:large, max-video-preview:-1\" \/>\n<link rel=\"canonical\" href=\"https:\/\/www.eltako.com\/es\/eltako-movil\/\" \/>\n<meta property=\"og:locale\" content=\"es_ES\" \/>\n<meta property=\"og:type\" content=\"article\" \/>\n<meta property=\"og:title\" content=\"Eltako m\u00f3vil &#187; Eltako\" \/>\n<meta property=\"og:description\" content=\"Por fin est\u00e1 aqu\u00ed: ELMO: \u00a1nuestro segundo remolque de feria! El llamado Eltako-Mobil es el nuevo apoyo para nuestros empleados en Escandinavia. Este mes vamos a hacer una gran gira por Suecia por primera vez, puedes ver la ruta exacta en el mapa de abajo. Este enfoque l\u00fadico pretende dar a los clientes una impresi\u00f3n [&hellip;]\" \/>\n<meta property=\"og:url\" content=\"https:\/\/www.eltako.com\/es\/eltako-movil\/\" \/>\n<meta property=\"og:site_name\" content=\"Eltako\" \/>\n<meta property=\"article:modified_time\" content=\"2022-04-13T13:11:35+00:00\" \/>\n<meta property=\"og:image\" content=\"https:\/\/www.eltako.com\/wp-content\/uploads\/2021\/09\/messe.jpg\" \/>\n\t<meta property=\"og:image:width\" content=\"3584\" \/>\n\t<meta property=\"og:image:height\" content=\"1304\" \/>\n\t<meta property=\"og:image:type\" content=\"image\/jpeg\" \/>\n<meta name=\"twitter:card\" content=\"summary_large_image\" \/>\n<meta name=\"twitter:label1\" content=\"Tiempo de lectura\" \/>\n\t<meta name=\"twitter:data1\" content=\"1 minuto\" \/>\n<script type=\"application\/ld+json\" class=\"yoast-schema-graph\">{\"@context\":\"https:\/\/schema.org\",\"@graph\":[{\"@type\":\"WebPage\",\"@id\":\"https:\/\/www.eltako.com\/es\/eltako-movil\/\",\"url\":\"https:\/\/www.eltako.com\/es\/eltako-movil\/\",\"name\":\"Eltako m\u00f3vil &#187; Eltako\",\"isPartOf\":{\"@id\":\"https:\/\/www.eltako.com\/en\/#website\"},\"primaryImageOfPage\":{\"@id\":\"https:\/\/www.eltako.com\/es\/eltako-movil\/#primaryimage\"},\"image\":{\"@id\":\"https:\/\/www.eltako.com\/es\/eltako-movil\/#primaryimage\"},\"thumbnailUrl\":\"https:\/\/www.eltako.com\/wp-content\/uploads\/2021\/09\/messe.jpg\",\"datePublished\":\"2022-01-20T17:36:34+00:00\",\"dateModified\":\"2022-04-13T13:11:35+00:00\",\"breadcrumb\":{\"@id\":\"https:\/\/www.eltako.com\/es\/eltako-movil\/#breadcrumb\"},\"inLanguage\":\"es\",\"potentialAction\":[{\"@type\":\"ReadAction\",\"target\":[\"https:\/\/www.eltako.com\/es\/eltako-movil\/\"]}]},{\"@type\":\"ImageObject\",\"inLanguage\":\"es\",\"@id\":\"https:\/\/www.eltako.com\/es\/eltako-movil\/#primaryimage\",\"url\":\"https:\/\/www.eltako.com\/wp-content\/uploads\/2021\/09\/messe.jpg\",\"contentUrl\":\"https:\/\/www.eltako.com\/wp-content\/uploads\/2021\/09\/messe.jpg\",\"width\":3584,\"height\":1304},{\"@type\":\"BreadcrumbList\",\"@id\":\"https:\/\/www.eltako.com\/es\/eltako-movil\/#breadcrumb\",\"itemListElement\":[{\"@type\":\"ListItem\",\"position\":1,\"name\":\"P\u00e1gina web\",\"item\":\"https:\/\/www.eltako.com\/es\/\"},{\"@type\":\"ListItem\",\"position\":2,\"name\":\"Eltako m\u00f3vil\"}]},{\"@type\":\"WebSite\",\"@id\":\"https:\/\/www.eltako.com\/en\/#website\",\"url\":\"https:\/\/www.eltako.com\/en\/\",\"name\":\"Eltako\",\"description\":\"Schaltger\u00e4te, Netzteile, Stromz\u00e4hler, Dimmer, Geb\u00e4udeinstallation, Steuerungstechnik, Smart Home-L\u00f6sungen, Geb\u00e4udefunk, EnOcean-Technologie\",\"potentialAction\":[{\"@type\":\"SearchAction\",\"target\":{\"@type\":\"EntryPoint\",\"urlTemplate\":\"https:\/\/www.eltako.com\/en\/?s={search_term_string}\"},\"query-input\":{\"@type\":\"PropertyValueSpecification\",\"valueRequired\":true,\"valueName\":\"search_term_string\"}}],\"inLanguage\":\"es\"}]}<\/script>\n<!-- \/ Yoast SEO plugin. -->","yoast_head_json":{"title":"Eltako m\u00f3vil &#187; Eltako","robots":{"index":"index","follow":"follow","max-snippet":"max-snippet:-1","max-image-preview":"max-image-preview:large","max-video-preview":"max-video-preview:-1"},"canonical":"https:\/\/www.eltako.com\/es\/eltako-movil\/","og_locale":"es_ES","og_type":"article","og_title":"Eltako m\u00f3vil &#187; Eltako","og_description":"Por fin est\u00e1 aqu\u00ed: ELMO: \u00a1nuestro segundo remolque de feria! El llamado Eltako-Mobil es el nuevo apoyo para nuestros empleados en Escandinavia. Este mes vamos a hacer una gran gira por Suecia por primera vez, puedes ver la ruta exacta en el mapa de abajo. Este enfoque l\u00fadico pretende dar a los clientes una impresi\u00f3n [&hellip;]","og_url":"https:\/\/www.eltako.com\/es\/eltako-movil\/","og_site_name":"Eltako","article_modified_time":"2022-04-13T13:11:35+00:00","og_image":[{"width":3584,"height":1304,"url":"https:\/\/www.eltako.com\/wp-content\/uploads\/2021\/09\/messe.jpg","type":"image\/jpeg"}],"twitter_card":"summary_large_image","twitter_misc":{"Tiempo de lectura":"1 minuto"},"schema":{"@context":"https:\/\/schema.org","@graph":[{"@type":"WebPage","@id":"https:\/\/www.eltako.com\/es\/eltako-movil\/","url":"https:\/\/www.eltako.com\/es\/eltako-movil\/","name":"Eltako m\u00f3vil &#187; Eltako","isPartOf":{"@id":"https:\/\/www.eltako.com\/en\/#website"},"primaryImageOfPage":{"@id":"https:\/\/www.eltako.com\/es\/eltako-movil\/#primaryimage"},"image":{"@id":"https:\/\/www.eltako.com\/es\/eltako-movil\/#primaryimage"},"thumbnailUrl":"https:\/\/www.eltako.com\/wp-content\/uploads\/2021\/09\/messe.jpg","datePublished":"2022-01-20T17:36:34+00:00","dateModified":"2022-04-13T13:11:35+00:00","breadcrumb":{"@id":"https:\/\/www.eltako.com\/es\/eltako-movil\/#breadcrumb"},"inLanguage":"es","potentialAction":[{"@type":"ReadAction","target":["https:\/\/www.eltako.com\/es\/eltako-movil\/"]}]},{"@type":"ImageObject","inLanguage":"es","@id":"https:\/\/www.eltako.com\/es\/eltako-movil\/#primaryimage","url":"https:\/\/www.eltako.com\/wp-content\/uploads\/2021\/09\/messe.jpg","contentUrl":"https:\/\/www.eltako.com\/wp-content\/uploads\/2021\/09\/messe.jpg","width":3584,"height":1304},{"@type":"BreadcrumbList","@id":"https:\/\/www.eltako.com\/es\/eltako-movil\/#breadcrumb","itemListElement":[{"@type":"ListItem","position":1,"name":"P\u00e1gina web","item":"https:\/\/www.eltako.com\/es\/"},{"@type":"ListItem","position":2,"name":"Eltako m\u00f3vil"}]},{"@type":"WebSite","@id":"https:\/\/www.eltako.com\/en\/#website","url":"https:\/\/www.eltako.com\/en\/","name":"Eltako","description":"Schaltger\u00e4te, Netzteile, Stromz\u00e4hler, Dimmer, Geb\u00e4udeinstallation, Steuerungstechnik, Smart Home-L\u00f6sungen, Geb\u00e4udefunk, EnOcean-Technologie","potentialAction":[{"@type":"SearchAction","target":{"@type":"EntryPoint","urlTemplate":"https:\/\/www.eltako.com\/en\/?s={search_term_string}"},"query-input":{"@type":"PropertyValueSpecification","valueRequired":true,"valueName":"search_term_string"}}],"inLanguage":"es"}]}},"_links":{"self":[{"href":"https:\/\/www.eltako.com\/es\/wp-json\/wp\/v2\/pages\/31142","targetHints":{"allow":["GET"]}}],"collection":[{"href":"https:\/\/www.eltako.com\/es\/wp-json\/wp\/v2\/pages"}],"about":[{"href":"https:\/\/www.eltako.com\/es\/wp-json\/wp\/v2\/types\/page"}],"author":[{"embeddable":true,"href":"https:\/\/www.eltako.com\/es\/wp-json\/wp\/v2\/users\/31"}],"replies":[{"embeddable":true,"href":"https:\/\/www.eltako.com\/es\/wp-json\/wp\/v2\/comments?post=31142"}],"version-history":[{"count":0,"href":"https:\/\/www.eltako.com\/es\/wp-json\/wp\/v2\/pages\/31142\/revisions"}],"wp:featuredmedia":[{"embeddable":true,"href":"https:\/\/www.eltako.com\/es\/wp-json\/wp\/v2\/media\/23549"}],"wp:attachment":[{"href":"https:\/\/www.eltako.com\/es\/wp-json\/wp\/v2\/media?parent=31142"}],"curies":[{"name":"wp","href":"https:\/\/api.w.org\/{rel}","templated":true}]}}