{"id":141616,"date":"2024-07-25T14:38:59","date_gmt":"2024-07-25T12:38:59","guid":{"rendered":"https:\/\/www.eltako.com\/firmware-zgw16wl-ip\/"},"modified":"2025-08-27T11:07:45","modified_gmt":"2025-08-27T09:07:45","slug":"firmware-zgw16wl-ip","status":"publish","type":"page","link":"https:\/\/www.eltako.com\/es\/firmware-zgw16wl-ip\/","title":{"rendered":"FIRMWARE ZGW16WL-IP"},"content":{"rendered":"\n<div class=\"wp-block-columns is-layout-flex wp-container-core-columns-is-layout-9d6595d7 wp-block-columns-is-layout-flex\">\n<div class=\"wp-block-column is-layout-flow wp-block-column-is-layout-flow\"><div class=\"wp-block-image\">\n<figure class=\"aligncenter size-full is-resized\"><img decoding=\"async\" width=\"901\" height=\"1086\" src=\"https:\/\/www.eltako.com\/wp-content\/uploads\/2024\/06\/zgw16wl-ip-produktbild-aktuelles-beitrag.png\" alt=\"\" class=\"wp-image-140994\" style=\"width:300px;height:undefinedpx\" srcset=\"https:\/\/www.eltako.com\/wp-content\/uploads\/2024\/06\/zgw16wl-ip-produktbild-aktuelles-beitrag.png 901w, https:\/\/www.eltako.com\/wp-content\/uploads\/2024\/06\/zgw16wl-ip-produktbild-aktuelles-beitrag-249x300.png 249w, https:\/\/www.eltako.com\/wp-content\/uploads\/2024\/06\/zgw16wl-ip-produktbild-aktuelles-beitrag-850x1024.png 850w, https:\/\/www.eltako.com\/wp-content\/uploads\/2024\/06\/zgw16wl-ip-produktbild-aktuelles-beitrag-768x926.png 768w, https:\/\/www.eltako.com\/wp-content\/uploads\/2024\/06\/zgw16wl-ip-produktbild-aktuelles-beitrag-300x362.png 300w, https:\/\/www.eltako.com\/wp-content\/uploads\/2024\/06\/zgw16wl-ip-produktbild-aktuelles-beitrag-600x723.png 600w\" sizes=\"(max-width: 901px) 100vw, 901px\" \/><\/figure>\n<\/div>\n\n\n<h3 class=\"wp-block-heading has-text-align-center has-text-color\" style=\"color:#0064af\"><strong>ZGW16WL-IP<\/strong><\/h3>\n\n\n\n<p class=\"has-text-align-center\">Con esta actualizaci\u00f3n,&nbsp;Modbus TCP se activa autom\u00e1ticamente&nbsp;y MQTT queda desactivado. Si lo desea, puede cambiarlo m\u00e1s tarde en la configuraci\u00f3n. Adem\u00e1s, ahora se pueden conectar hasta&nbsp;16 contadores, lo que ha permitido realizar varias mejoras. Tenga en cuenta que esto puede modificar algunos ajustes del dispositivo. Despu\u00e9s de cambiar la configuraci\u00f3n, reinicie el dispositivo. Una vez finalizada la actualizaci\u00f3n, es necesario&nbsp;recargar (refresh)&nbsp;la p\u00e1gina web del ZGW para que todas las novedades se muestren correctamente.<\/p>\n<\/div>\n<\/div>\n\n\n\n<div class=\"w-100 text-center\">\n<a href=\"https:\/\/www.eltako.com\/fileadmin\/downloads\/firmware\/zgw16\/zgw_production.bin\" class=\"text-uppercase font-weight-bold btn text-white p-3 mt-1 mb-1 w-50\" style=\"background : #016db7; font-size:20px; min-width:250px;\" rel=\"noopener\">Descargar firmware<\/a>\n<\/div>\n","protected":false},"excerpt":{"rendered":"<p>ZGW16WL-IP Con esta actualizaci\u00f3n,&nbsp;Modbus TCP se activa autom\u00e1ticamente&nbsp;y MQTT queda desactivado. Si lo desea, puede cambiarlo m\u00e1s tarde en la configuraci\u00f3n. Adem\u00e1s, ahora se pueden conectar hasta&nbsp;16 contadores, lo que ha permitido realizar varias mejoras. Tenga en cuenta que esto puede modificar algunos ajustes del dispositivo. Despu\u00e9s de cambiar la configuraci\u00f3n, reinicie el dispositivo. Una [&hellip;]<\/p>\n","protected":false},"author":39,"featured_media":0,"parent":0,"menu_order":0,"comment_status":"closed","ping_status":"closed","template":"","meta":{"_acf_changed":false,"footnotes":"","_links_to":"","_links_to_target":""},"class_list":["post-141616","page","type-page","status-publish","hentry"],"acf":[],"yoast_head":"<!-- This site is optimized with the Yoast SEO plugin v27.2 - https:\/\/yoast.com\/product\/yoast-seo-wordpress\/ -->\n<title>FIRMWARE ZGW16WL-IP &#187; Eltako<\/title>\n<meta name=\"robots\" content=\"index, follow, max-snippet:-1, max-image-preview:large, max-video-preview:-1\" \/>\n<link rel=\"canonical\" href=\"https:\/\/www.eltako.com\/es\/firmware-zgw16wl-ip\/\" \/>\n<meta property=\"og:locale\" content=\"es_ES\" \/>\n<meta property=\"og:type\" content=\"article\" \/>\n<meta property=\"og:title\" content=\"FIRMWARE ZGW16WL-IP &#187; Eltako\" \/>\n<meta property=\"og:description\" content=\"ZGW16WL-IP Con esta actualizaci\u00f3n,&nbsp;Modbus TCP se activa autom\u00e1ticamente&nbsp;y MQTT queda desactivado. Si lo desea, puede cambiarlo m\u00e1s tarde en la configuraci\u00f3n. Adem\u00e1s, ahora se pueden conectar hasta&nbsp;16 contadores, lo que ha permitido realizar varias mejoras. Tenga en cuenta que esto puede modificar algunos ajustes del dispositivo. Despu\u00e9s de cambiar la configuraci\u00f3n, reinicie el dispositivo. Una [&hellip;]\" \/>\n<meta property=\"og:url\" content=\"https:\/\/www.eltako.com\/es\/firmware-zgw16wl-ip\/\" \/>\n<meta property=\"og:site_name\" content=\"Eltako\" \/>\n<meta property=\"article:modified_time\" content=\"2025-08-27T09:07:45+00:00\" \/>\n<meta property=\"og:image\" content=\"https:\/\/www.eltako.com\/wp-content\/uploads\/2024\/06\/zgw16wl-ip-produktbild-aktuelles-beitrag.png\" \/>\n\t<meta property=\"og:image:width\" content=\"901\" \/>\n\t<meta property=\"og:image:height\" content=\"1086\" \/>\n\t<meta property=\"og:image:type\" content=\"image\/png\" \/>\n<meta name=\"twitter:card\" content=\"summary_large_image\" \/>\n<meta name=\"twitter:label1\" content=\"Tiempo de lectura\" \/>\n\t<meta name=\"twitter:data1\" content=\"1 minuto\" \/>\n<script type=\"application\/ld+json\" class=\"yoast-schema-graph\">{\"@context\":\"https:\/\/schema.org\",\"@graph\":[{\"@type\":\"WebPage\",\"@id\":\"https:\/\/www.eltako.com\/es\/firmware-zgw16wl-ip\/\",\"url\":\"https:\/\/www.eltako.com\/es\/firmware-zgw16wl-ip\/\",\"name\":\"FIRMWARE ZGW16WL-IP &#187; Eltako\",\"isPartOf\":{\"@id\":\"https:\/\/www.eltako.com\/en\/#website\"},\"primaryImageOfPage\":{\"@id\":\"https:\/\/www.eltako.com\/es\/firmware-zgw16wl-ip\/#primaryimage\"},\"image\":{\"@id\":\"https:\/\/www.eltako.com\/es\/firmware-zgw16wl-ip\/#primaryimage\"},\"thumbnailUrl\":\"https:\/\/www.eltako.com\/wp-content\/uploads\/2024\/06\/zgw16wl-ip-produktbild-aktuelles-beitrag.png\",\"datePublished\":\"2024-07-25T12:38:59+00:00\",\"dateModified\":\"2025-08-27T09:07:45+00:00\",\"breadcrumb\":{\"@id\":\"https:\/\/www.eltako.com\/es\/firmware-zgw16wl-ip\/#breadcrumb\"},\"inLanguage\":\"es\",\"potentialAction\":[{\"@type\":\"ReadAction\",\"target\":[\"https:\/\/www.eltako.com\/es\/firmware-zgw16wl-ip\/\"]}]},{\"@type\":\"ImageObject\",\"inLanguage\":\"es\",\"@id\":\"https:\/\/www.eltako.com\/es\/firmware-zgw16wl-ip\/#primaryimage\",\"url\":\"https:\/\/www.eltako.com\/wp-content\/uploads\/2024\/06\/zgw16wl-ip-produktbild-aktuelles-beitrag.png\",\"contentUrl\":\"https:\/\/www.eltako.com\/wp-content\/uploads\/2024\/06\/zgw16wl-ip-produktbild-aktuelles-beitrag.png\"},{\"@type\":\"BreadcrumbList\",\"@id\":\"https:\/\/www.eltako.com\/es\/firmware-zgw16wl-ip\/#breadcrumb\",\"itemListElement\":[{\"@type\":\"ListItem\",\"position\":1,\"name\":\"P\u00e1gina web\",\"item\":\"https:\/\/www.eltako.com\/es\/\"},{\"@type\":\"ListItem\",\"position\":2,\"name\":\"FIRMWARE ZGW16WL-IP\"}]},{\"@type\":\"WebSite\",\"@id\":\"https:\/\/www.eltako.com\/en\/#website\",\"url\":\"https:\/\/www.eltako.com\/en\/\",\"name\":\"Eltako\",\"description\":\"Schaltger\u00e4te, Netzteile, Stromz\u00e4hler, Dimmer, Geb\u00e4udeinstallation, Steuerungstechnik, Smart Home-L\u00f6sungen, Geb\u00e4udefunk, EnOcean-Technologie\",\"potentialAction\":[{\"@type\":\"SearchAction\",\"target\":{\"@type\":\"EntryPoint\",\"urlTemplate\":\"https:\/\/www.eltako.com\/en\/?s={search_term_string}\"},\"query-input\":{\"@type\":\"PropertyValueSpecification\",\"valueRequired\":true,\"valueName\":\"search_term_string\"}}],\"inLanguage\":\"es\"}]}<\/script>\n<!-- \/ Yoast SEO plugin. -->","yoast_head_json":{"title":"FIRMWARE ZGW16WL-IP &#187; Eltako","robots":{"index":"index","follow":"follow","max-snippet":"max-snippet:-1","max-image-preview":"max-image-preview:large","max-video-preview":"max-video-preview:-1"},"canonical":"https:\/\/www.eltako.com\/es\/firmware-zgw16wl-ip\/","og_locale":"es_ES","og_type":"article","og_title":"FIRMWARE ZGW16WL-IP &#187; Eltako","og_description":"ZGW16WL-IP Con esta actualizaci\u00f3n,&nbsp;Modbus TCP se activa autom\u00e1ticamente&nbsp;y MQTT queda desactivado. Si lo desea, puede cambiarlo m\u00e1s tarde en la configuraci\u00f3n. Adem\u00e1s, ahora se pueden conectar hasta&nbsp;16 contadores, lo que ha permitido realizar varias mejoras. Tenga en cuenta que esto puede modificar algunos ajustes del dispositivo. Despu\u00e9s de cambiar la configuraci\u00f3n, reinicie el dispositivo. Una [&hellip;]","og_url":"https:\/\/www.eltako.com\/es\/firmware-zgw16wl-ip\/","og_site_name":"Eltako","article_modified_time":"2025-08-27T09:07:45+00:00","og_image":[{"width":901,"height":1086,"url":"https:\/\/www.eltako.com\/wp-content\/uploads\/2024\/06\/zgw16wl-ip-produktbild-aktuelles-beitrag.png","type":"image\/png"}],"twitter_card":"summary_large_image","twitter_misc":{"Tiempo de lectura":"1 minuto"},"schema":{"@context":"https:\/\/schema.org","@graph":[{"@type":"WebPage","@id":"https:\/\/www.eltako.com\/es\/firmware-zgw16wl-ip\/","url":"https:\/\/www.eltako.com\/es\/firmware-zgw16wl-ip\/","name":"FIRMWARE ZGW16WL-IP &#187; Eltako","isPartOf":{"@id":"https:\/\/www.eltako.com\/en\/#website"},"primaryImageOfPage":{"@id":"https:\/\/www.eltako.com\/es\/firmware-zgw16wl-ip\/#primaryimage"},"image":{"@id":"https:\/\/www.eltako.com\/es\/firmware-zgw16wl-ip\/#primaryimage"},"thumbnailUrl":"https:\/\/www.eltako.com\/wp-content\/uploads\/2024\/06\/zgw16wl-ip-produktbild-aktuelles-beitrag.png","datePublished":"2024-07-25T12:38:59+00:00","dateModified":"2025-08-27T09:07:45+00:00","breadcrumb":{"@id":"https:\/\/www.eltako.com\/es\/firmware-zgw16wl-ip\/#breadcrumb"},"inLanguage":"es","potentialAction":[{"@type":"ReadAction","target":["https:\/\/www.eltako.com\/es\/firmware-zgw16wl-ip\/"]}]},{"@type":"ImageObject","inLanguage":"es","@id":"https:\/\/www.eltako.com\/es\/firmware-zgw16wl-ip\/#primaryimage","url":"https:\/\/www.eltako.com\/wp-content\/uploads\/2024\/06\/zgw16wl-ip-produktbild-aktuelles-beitrag.png","contentUrl":"https:\/\/www.eltako.com\/wp-content\/uploads\/2024\/06\/zgw16wl-ip-produktbild-aktuelles-beitrag.png"},{"@type":"BreadcrumbList","@id":"https:\/\/www.eltako.com\/es\/firmware-zgw16wl-ip\/#breadcrumb","itemListElement":[{"@type":"ListItem","position":1,"name":"P\u00e1gina web","item":"https:\/\/www.eltako.com\/es\/"},{"@type":"ListItem","position":2,"name":"FIRMWARE ZGW16WL-IP"}]},{"@type":"WebSite","@id":"https:\/\/www.eltako.com\/en\/#website","url":"https:\/\/www.eltako.com\/en\/","name":"Eltako","description":"Schaltger\u00e4te, Netzteile, Stromz\u00e4hler, Dimmer, Geb\u00e4udeinstallation, Steuerungstechnik, Smart Home-L\u00f6sungen, Geb\u00e4udefunk, EnOcean-Technologie","potentialAction":[{"@type":"SearchAction","target":{"@type":"EntryPoint","urlTemplate":"https:\/\/www.eltako.com\/en\/?s={search_term_string}"},"query-input":{"@type":"PropertyValueSpecification","valueRequired":true,"valueName":"search_term_string"}}],"inLanguage":"es"}]}},"_links":{"self":[{"href":"https:\/\/www.eltako.com\/es\/wp-json\/wp\/v2\/pages\/141616","targetHints":{"allow":["GET"]}}],"collection":[{"href":"https:\/\/www.eltako.com\/es\/wp-json\/wp\/v2\/pages"}],"about":[{"href":"https:\/\/www.eltako.com\/es\/wp-json\/wp\/v2\/types\/page"}],"author":[{"embeddable":true,"href":"https:\/\/www.eltako.com\/es\/wp-json\/wp\/v2\/users\/39"}],"replies":[{"embeddable":true,"href":"https:\/\/www.eltako.com\/es\/wp-json\/wp\/v2\/comments?post=141616"}],"version-history":[{"count":6,"href":"https:\/\/www.eltako.com\/es\/wp-json\/wp\/v2\/pages\/141616\/revisions"}],"predecessor-version":[{"id":145734,"href":"https:\/\/www.eltako.com\/es\/wp-json\/wp\/v2\/pages\/141616\/revisions\/145734"}],"wp:attachment":[{"href":"https:\/\/www.eltako.com\/es\/wp-json\/wp\/v2\/media?parent=141616"}],"curies":[{"name":"wp","href":"https:\/\/api.w.org\/{rel}","templated":true}]}}