{"id":135719,"date":"2023-12-12T10:58:50","date_gmt":"2023-12-12T09:58:50","guid":{"rendered":"https:\/\/www.eltako.com\/data-protection-information-for-our-competition\/"},"modified":"2024-01-12T11:17:03","modified_gmt":"2024-01-12T10:17:03","slug":"data-protection-information-for-our-competition","status":"publish","type":"page","link":"https:\/\/www.eltako.com\/es\/data-protection-information-for-our-competition\/","title":{"rendered":"Data protection information for our competition"},"content":{"rendered":"\n<h3 class=\"wp-block-heading\"><strong><strong>in accordance with Art. 13 of the General Data Protection Regulation GDPR<\/strong><\/strong><\/h3>\n\n<div style=\"height:30px\" aria-hidden=\"true\" class=\"wp-block-spacer\"><\/div>\n\n<p>Data protection is important to us and part of our Code of Conduct. Below we inform you how we process your data and what rights you are entitled to.<\/p>\n\n<div style=\"height:30px\" aria-hidden=\"true\" class=\"wp-block-spacer\"><\/div>\n\n<h3 class=\"wp-block-heading\"><strong><strong>1. Entity responsible for data processing and contact person<\/strong><\/strong><\/h3>\n\n<p>Eltako GmbH<br\/>Hofener Stra\u00dfe 54<br\/>70736 Fellbach<br\/>Management Board: Horst Ulrich Ziegler, Ulrich Ziegler<br\/>Email: <a href=\"mailto:info@eltako.de\">info@eltako.de<\/a><\/p>\n\n<div style=\"height:30px\" aria-hidden=\"true\" class=\"wp-block-spacer\"><\/div>\n\n<h3 class=\"wp-block-heading\"><strong><strong>2. Contact details of the Data Protection Officer (DPO)<\/strong><\/strong><\/h3>\n\n<p>Stefan Knecht<br\/>Phone: 07021 487628<br\/>E-Mail: <a href=\"mailto:datenschutz@eltako.de\">datenschutz@eltako.de<\/a><\/p>\n\n<div style=\"height:30px\" aria-hidden=\"true\" class=\"wp-block-spacer\"><\/div>\n\n<h3 class=\"wp-block-heading\"><strong><strong>3. Purpose and legal basis on which we process personal data <\/strong><\/strong><\/h3>\n\n<p>Your personal data will be processed in accordance with the provisions of the General Data Protection Regulation (GDPR) and other relevant data protection regulations. You can find further details and additions to the processing procedures in our conditions of participation for the competition.<\/p>\n\n<p><strong><strong>Fulfillment of contractual obligations (Art. 6 para. 1 lit. b) <\/strong><\/strong><\/p>\n\n<p>We process your personal data on the basis of our conditions of participation with you. The data is processed for the following purposes:<\/p>\n\n<ul class=\"wp-block-list\">\n<li>Handling of the competition<\/li>\n\n\n\n<li>Sending the winnings<\/li>\n<\/ul>\n\n<p><strong><strong> Legitimate interest of us or third parties (Art. 6 para. 1 letter f GDPR)<\/strong><\/strong><\/p>\n\n<p>We document the registration process in order to be able to prove that you have consented to the conditions of participation for the defense or assertion of legal claims.<\/p>\n\n<div style=\"height:30px\" aria-hidden=\"true\" class=\"wp-block-spacer\"><\/div>\n\n<h3 class=\"wp-block-heading\"><strong><strong>4 Who receives your data? <\/strong><\/strong><\/h3>\n\n<p>We share your personal data in our company with the departments that require this data to fulfill contractual obligations. The data is also stored in our CMS system Salesforce. In addition, the following departments may receive your data:<\/p>\n\n<ul class=\"wp-block-list\">\n<li>Processors used by us (Art. 28 GDPR), social media platforms with which we are jointly responsible, our CMS system Salesforce, service providers for supporting activities and other controllers within the meaning of the GDPR, in particular in the areas of postal services, IT services, external data centres, support\/maintenance of IT applications,<\/li>\n<\/ul>\n\n<div style=\"height:30px\" aria-hidden=\"true\" class=\"wp-block-spacer\"><\/div>\n\n<h3 class=\"wp-block-heading\"><strong>5. How long do we store your data? <\/strong><\/h3>\n\n<p>The data will be stored in our CMS system until you make use of your cancellation right. Please send your cancellation by e-mail to <a href=\"mailto:info@eltako.de\">info@eltako.de<\/a> or unsubscribe directly via the unsubscribe link in the newsletter. <\/p>\n\n<div style=\"height:30px\" aria-hidden=\"true\" class=\"wp-block-spacer\"><\/div>\n\n<h3 class=\"wp-block-heading\"><strong><strong>6. Your data protection rights <\/strong><\/strong><\/h3>\n\n<p>You have the right of access under Art. 15 GDPR, the right to rectification under Art. 16 GDPR, the right to erasure under Art. 17 GDPR, the right to restriction of processing under Art. 18 GDPR and the right to data portability under Art. 20 GDPR. In principle, there is a right to object to the processing of personal data by us in accordance with Article 21 GDPR, provided that the processing is based on a legitimate interest (Art. 6 para. 1 f GDPR). However, this right to object only applies if there are very special circumstances relating to your personal situation, whereby our company&#8217;s rights may conflict with your right to object. You can also object to the processing of your personal data for the purpose of direct marketing at any time. <\/p>\n\n<p>If you wish to assert any of these rights, please contact our data protection officer at <a href=\"mailto:datenschutz@eltako.de\"><strong>datenschutz@eltako.de<\/strong><\/a><\/p>\n\n<p>You have the right to lodge a complaint with the data protection supervisory authority (Art. 77 GDPR). The supervisory authority responsible for us is<\/p>\n\n<p>The State Commissioner for Data Protection and Freedom of Information<br\/>Lautenschlagerstrasse 20<br\/>70173 Stuttgart<\/p>\n\n<div style=\"height:30px\" aria-hidden=\"true\" class=\"wp-block-spacer\"><\/div>\n\n<h3 class=\"wp-block-heading\"><strong><strong><strong>7. scope of your obligations to provide us with your data <\/strong><\/strong><\/strong><\/h3>\n\n<p>You only need to provide the data that is necessary for the processing of the competition.<\/p>\n\n<div style=\"height:30px\" aria-hidden=\"true\" class=\"wp-block-spacer\"><\/div>\n\n<p>Status: 05 December 2023<\/p>\n","protected":false},"excerpt":{"rendered":"<p>in accordance with Art. 13 of the General Data Protection Regulation GDPR Data protection is important to us and part of our Code of Conduct. Below we inform you how we process your data and what rights you are entitled to. 1. Entity responsible for data processing and contact person Eltako GmbHHofener Stra\u00dfe 5470736 FellbachManagement [&hellip;]<\/p>\n","protected":false},"author":39,"featured_media":0,"parent":0,"menu_order":0,"comment_status":"closed","ping_status":"closed","template":"","meta":{"_acf_changed":false,"footnotes":"","_links_to":"","_links_to_target":""},"class_list":["post-135719","page","type-page","status-publish","hentry"],"acf":[],"yoast_head":"<!-- This site is optimized with the Yoast SEO plugin v27.2 - https:\/\/yoast.com\/product\/yoast-seo-wordpress\/ -->\n<title>Data protection information for our competition &#187; Eltako<\/title>\n<meta name=\"robots\" content=\"index, follow, max-snippet:-1, max-image-preview:large, max-video-preview:-1\" \/>\n<link rel=\"canonical\" href=\"https:\/\/www.eltako.com\/es\/data-protection-information-for-our-competition\/\" \/>\n<meta property=\"og:locale\" content=\"es_ES\" \/>\n<meta property=\"og:type\" content=\"article\" \/>\n<meta property=\"og:title\" content=\"Data protection information for our competition &#187; Eltako\" \/>\n<meta property=\"og:description\" content=\"in accordance with Art. 13 of the General Data Protection Regulation GDPR Data protection is important to us and part of our Code of Conduct. Below we inform you how we process your data and what rights you are entitled to. 1. Entity responsible for data processing and contact person Eltako GmbHHofener Stra\u00dfe 5470736 FellbachManagement [&hellip;]\" \/>\n<meta property=\"og:url\" content=\"https:\/\/www.eltako.com\/es\/data-protection-information-for-our-competition\/\" \/>\n<meta property=\"og:site_name\" content=\"Eltako\" \/>\n<meta property=\"article:modified_time\" content=\"2024-01-12T10:17:03+00:00\" \/>\n<meta name=\"twitter:card\" content=\"summary_large_image\" \/>\n<meta name=\"twitter:label1\" content=\"Tiempo de lectura\" \/>\n\t<meta name=\"twitter:data1\" content=\"3 minutos\" \/>\n<script type=\"application\/ld+json\" class=\"yoast-schema-graph\">{\"@context\":\"https:\/\/schema.org\",\"@graph\":[{\"@type\":\"WebPage\",\"@id\":\"https:\/\/www.eltako.com\/es\/data-protection-information-for-our-competition\/\",\"url\":\"https:\/\/www.eltako.com\/es\/data-protection-information-for-our-competition\/\",\"name\":\"Data protection information for our competition &#187; Eltako\",\"isPartOf\":{\"@id\":\"https:\/\/www.eltako.com\/en\/#website\"},\"datePublished\":\"2023-12-12T09:58:50+00:00\",\"dateModified\":\"2024-01-12T10:17:03+00:00\",\"breadcrumb\":{\"@id\":\"https:\/\/www.eltako.com\/es\/data-protection-information-for-our-competition\/#breadcrumb\"},\"inLanguage\":\"es\",\"potentialAction\":[{\"@type\":\"ReadAction\",\"target\":[\"https:\/\/www.eltako.com\/es\/data-protection-information-for-our-competition\/\"]}]},{\"@type\":\"BreadcrumbList\",\"@id\":\"https:\/\/www.eltako.com\/es\/data-protection-information-for-our-competition\/#breadcrumb\",\"itemListElement\":[{\"@type\":\"ListItem\",\"position\":1,\"name\":\"P\u00e1gina web\",\"item\":\"https:\/\/www.eltako.com\/es\/\"},{\"@type\":\"ListItem\",\"position\":2,\"name\":\"Data protection information for our competition\"}]},{\"@type\":\"WebSite\",\"@id\":\"https:\/\/www.eltako.com\/en\/#website\",\"url\":\"https:\/\/www.eltako.com\/en\/\",\"name\":\"Eltako\",\"description\":\"Schaltger\u00e4te, Netzteile, Stromz\u00e4hler, Dimmer, Geb\u00e4udeinstallation, Steuerungstechnik, Smart Home-L\u00f6sungen, Geb\u00e4udefunk, EnOcean-Technologie\",\"potentialAction\":[{\"@type\":\"SearchAction\",\"target\":{\"@type\":\"EntryPoint\",\"urlTemplate\":\"https:\/\/www.eltako.com\/en\/?s={search_term_string}\"},\"query-input\":{\"@type\":\"PropertyValueSpecification\",\"valueRequired\":true,\"valueName\":\"search_term_string\"}}],\"inLanguage\":\"es\"}]}<\/script>\n<!-- \/ Yoast SEO plugin. -->","yoast_head_json":{"title":"Data protection information for our competition &#187; Eltako","robots":{"index":"index","follow":"follow","max-snippet":"max-snippet:-1","max-image-preview":"max-image-preview:large","max-video-preview":"max-video-preview:-1"},"canonical":"https:\/\/www.eltako.com\/es\/data-protection-information-for-our-competition\/","og_locale":"es_ES","og_type":"article","og_title":"Data protection information for our competition &#187; Eltako","og_description":"in accordance with Art. 13 of the General Data Protection Regulation GDPR Data protection is important to us and part of our Code of Conduct. Below we inform you how we process your data and what rights you are entitled to. 1. Entity responsible for data processing and contact person Eltako GmbHHofener Stra\u00dfe 5470736 FellbachManagement [&hellip;]","og_url":"https:\/\/www.eltako.com\/es\/data-protection-information-for-our-competition\/","og_site_name":"Eltako","article_modified_time":"2024-01-12T10:17:03+00:00","twitter_card":"summary_large_image","twitter_misc":{"Tiempo de lectura":"3 minutos"},"schema":{"@context":"https:\/\/schema.org","@graph":[{"@type":"WebPage","@id":"https:\/\/www.eltako.com\/es\/data-protection-information-for-our-competition\/","url":"https:\/\/www.eltako.com\/es\/data-protection-information-for-our-competition\/","name":"Data protection information for our competition &#187; Eltako","isPartOf":{"@id":"https:\/\/www.eltako.com\/en\/#website"},"datePublished":"2023-12-12T09:58:50+00:00","dateModified":"2024-01-12T10:17:03+00:00","breadcrumb":{"@id":"https:\/\/www.eltako.com\/es\/data-protection-information-for-our-competition\/#breadcrumb"},"inLanguage":"es","potentialAction":[{"@type":"ReadAction","target":["https:\/\/www.eltako.com\/es\/data-protection-information-for-our-competition\/"]}]},{"@type":"BreadcrumbList","@id":"https:\/\/www.eltako.com\/es\/data-protection-information-for-our-competition\/#breadcrumb","itemListElement":[{"@type":"ListItem","position":1,"name":"P\u00e1gina web","item":"https:\/\/www.eltako.com\/es\/"},{"@type":"ListItem","position":2,"name":"Data protection information for our competition"}]},{"@type":"WebSite","@id":"https:\/\/www.eltako.com\/en\/#website","url":"https:\/\/www.eltako.com\/en\/","name":"Eltako","description":"Schaltger\u00e4te, Netzteile, Stromz\u00e4hler, Dimmer, Geb\u00e4udeinstallation, Steuerungstechnik, Smart Home-L\u00f6sungen, Geb\u00e4udefunk, EnOcean-Technologie","potentialAction":[{"@type":"SearchAction","target":{"@type":"EntryPoint","urlTemplate":"https:\/\/www.eltako.com\/en\/?s={search_term_string}"},"query-input":{"@type":"PropertyValueSpecification","valueRequired":true,"valueName":"search_term_string"}}],"inLanguage":"es"}]}},"_links":{"self":[{"href":"https:\/\/www.eltako.com\/es\/wp-json\/wp\/v2\/pages\/135719","targetHints":{"allow":["GET"]}}],"collection":[{"href":"https:\/\/www.eltako.com\/es\/wp-json\/wp\/v2\/pages"}],"about":[{"href":"https:\/\/www.eltako.com\/es\/wp-json\/wp\/v2\/types\/page"}],"author":[{"embeddable":true,"href":"https:\/\/www.eltako.com\/es\/wp-json\/wp\/v2\/users\/39"}],"replies":[{"embeddable":true,"href":"https:\/\/www.eltako.com\/es\/wp-json\/wp\/v2\/comments?post=135719"}],"version-history":[{"count":1,"href":"https:\/\/www.eltako.com\/es\/wp-json\/wp\/v2\/pages\/135719\/revisions"}],"predecessor-version":[{"id":135726,"href":"https:\/\/www.eltako.com\/es\/wp-json\/wp\/v2\/pages\/135719\/revisions\/135726"}],"wp:attachment":[{"href":"https:\/\/www.eltako.com\/es\/wp-json\/wp\/v2\/media?parent=135719"}],"curies":[{"name":"wp","href":"https:\/\/api.w.org\/{rel}","templated":true}]}}