{"id":86113,"date":"2022-07-22T13:51:56","date_gmt":"2022-07-22T11:51:56","guid":{"rendered":"https:\/\/www.eltako.de\/handball\/"},"modified":"2022-07-22T13:51:57","modified_gmt":"2022-07-22T11:51:57","slug":"handball","status":"publish","type":"page","link":"https:\/\/www.eltako.com\/en\/handball\/","title":{"rendered":"HANDBALL"},"content":{"rendered":"\n<div style=\"height:60px\" aria-hidden=\"true\" class=\"wp-block-spacer\"><\/div>\n\n<div class=\"wp-block-columns is-layout-flex wp-container-core-columns-is-layout-9d6595d7 wp-block-columns-is-layout-flex\">\n<div class=\"wp-block-column is-layout-flow wp-block-column-is-layout-flow\" style=\"flex-basis:66.66%\">\n<p>Attention, Handball fans! We want to introduce you to a junior team from our region, which is also part of the Eltako sponsorship.<\/p>\n<\/div>\n\n\n\n<div class=\"wp-block-column is-layout-flow wp-block-column-is-layout-flow\" style=\"flex-basis:33.33%\">\n<figure class=\"wp-block-image size-full .logo-img {max-width: auto;\"><img decoding=\"async\" width=\"600\" height=\"134\" src=\"https:\/\/www.eltako.de\/wp-content\/uploads\/2022\/05\/tvp-logo_testpng.png\" alt=\"\" class=\"wp-image-77010\" srcset=\"https:\/\/www.eltako.com\/wp-content\/uploads\/2022\/05\/tvp-logo_testpng.png 600w, https:\/\/www.eltako.com\/wp-content\/uploads\/2022\/05\/tvp-logo_testpng-300x67.png 300w\" sizes=\"(max-width: 600px) 100vw, 600px\" \/><\/figure>\n<\/div>\n<\/div>\n\n<div class=\"wp-block-media-text alignwide has-media-on-the-right is-stacked-on-mobile is-vertically-aligned-center has-background\" style=\"background-color:#e9e9e9;grid-template-columns:auto 40%\"><figure class=\"wp-block-media-text__media\"><img decoding=\"async\" width=\"300\" height=\"300\" src=\"https:\/\/www.eltako.de\/wp-content\/uploads\/2022\/05\/eltako_website_content_600x600_handball_team-300x300.jpg\" alt=\"\" class=\"wp-image-76946 size-medium\" srcset=\"https:\/\/www.eltako.com\/wp-content\/uploads\/2022\/05\/eltako_website_content_600x600_handball_team-300x300.jpg 300w, https:\/\/www.eltako.com\/wp-content\/uploads\/2022\/05\/eltako_website_content_600x600_handball_team-150x150.jpg 150w, https:\/\/www.eltako.com\/wp-content\/uploads\/2022\/05\/eltako_website_content_600x600_handball_team-100x100.jpg 100w, https:\/\/www.eltako.com\/wp-content\/uploads\/2022\/05\/eltako_website_content_600x600_handball_team.jpg 600w\" sizes=\"(max-width: 300px) 100vw, 300px\" \/><\/figure><div class=\"wp-block-media-text__content\">\n<div class=\"wp-block-group\" style=\"padding-top:2em;padding-right:2em;padding-bottom:2em;padding-left:2em\"><div class=\"wp-block-group__inner-container is-layout-flow wp-block-group-is-layout-flow\">\n<p style=\"font-size:36px;line-height:1.2\"><strong>TEAM<\/strong><\/p>\n\n\n\n<p class=\"has-extra-small-font-size\">The motivated players of the female D-youth play for the Plochinger VTP and are ready to attack again after the corona-conditioned season break.<strong> <\/strong><\/p>\n<\/div><\/div>\n<\/div><\/div>\n\n<div style=\"height:30px\" aria-hidden=\"true\" class=\"wp-block-spacer\"><\/div>\n\n<div class=\"wp-block-media-text alignwide has-media-on-the-right is-stacked-on-mobile is-vertically-aligned-center has-background\" style=\"background-color:#e9e9e9;grid-template-columns:auto 40%\"><figure class=\"wp-block-media-text__media\"><img decoding=\"async\" width=\"600\" height=\"600\" src=\"https:\/\/www.eltako.de\/wp-content\/uploads\/2022\/05\/eltako_website_content_600x600_handball_verein.jpg\" alt=\"\" class=\"wp-image-76954 size-full\" srcset=\"https:\/\/www.eltako.com\/wp-content\/uploads\/2022\/05\/eltako_website_content_600x600_handball_verein.jpg 600w, https:\/\/www.eltako.com\/wp-content\/uploads\/2022\/05\/eltako_website_content_600x600_handball_verein-300x300.jpg 300w, https:\/\/www.eltako.com\/wp-content\/uploads\/2022\/05\/eltako_website_content_600x600_handball_verein-150x150.jpg 150w, https:\/\/www.eltako.com\/wp-content\/uploads\/2022\/05\/eltako_website_content_600x600_handball_verein-100x100.jpg 100w\" sizes=\"(max-width: 600px) 100vw, 600px\" \/><\/figure><div class=\"wp-block-media-text__content\">\n<div class=\"wp-block-group\" style=\"padding-top:2em;padding-right:2em;padding-bottom:2em;padding-left:2em\"><div class=\"wp-block-group__inner-container is-layout-flow wp-block-group-is-layout-flow\">\n<p style=\"font-size:36px;line-height:1.2\"><strong>CLUB<\/strong><\/p>\n\n\n\n<p class=\"has-extra-small-font-size\">The club consists of several teams and manages, among others, a men&#8217;s team, which plays in the 3rd league. The women&#8217;s first team is a mix of junior and active players who are just establishing themselves as a new team in German handball. The D-youth players are working hard to be part of this team later on.<\/p>\n<\/div><\/div>\n<\/div><\/div>\n\n<div style=\"height:30px\" aria-hidden=\"true\" class=\"wp-block-spacer\"><\/div>\n\n<div class=\"wp-block-media-text alignwide has-media-on-the-right is-stacked-on-mobile is-vertically-aligned-center has-background\" style=\"background-color:#e9e9e9;grid-template-columns:auto 40%\"><figure class=\"wp-block-media-text__media\"><img decoding=\"async\" width=\"600\" height=\"600\" src=\"https:\/\/www.eltako.de\/wp-content\/uploads\/2022\/05\/eltako_website_content_600x600_handball_neuigkeiten.jpg\" alt=\"\" class=\"wp-image-76962 size-full\" srcset=\"https:\/\/www.eltako.com\/wp-content\/uploads\/2022\/05\/eltako_website_content_600x600_handball_neuigkeiten.jpg 600w, https:\/\/www.eltako.com\/wp-content\/uploads\/2022\/05\/eltako_website_content_600x600_handball_neuigkeiten-300x300.jpg 300w, https:\/\/www.eltako.com\/wp-content\/uploads\/2022\/05\/eltako_website_content_600x600_handball_neuigkeiten-150x150.jpg 150w, https:\/\/www.eltako.com\/wp-content\/uploads\/2022\/05\/eltako_website_content_600x600_handball_neuigkeiten-100x100.jpg 100w\" sizes=\"(max-width: 600px) 100vw, 600px\" \/><\/figure><div class=\"wp-block-media-text__content\">\n<div class=\"wp-block-group\" style=\"padding-top:2em;padding-right:2em;padding-bottom:2em;padding-left:2em\"><div class=\"wp-block-group__inner-container is-layout-flow wp-block-group-is-layout-flow\">\n<p style=\"font-size:36px;line-height:1.2\"><strong>NEWS<\/strong><\/p>\n\n\n\n<p class=\"has-extra-small-font-size\">At the end of April, the team celebrated the end of a successful season. We are excited to see what this season will bring. Our players are currently preparing for their official start in September. <\/p>\n<\/div><\/div>\n<\/div><\/div>\n\n<div style=\"height:30px\" aria-hidden=\"true\" class=\"wp-block-spacer\"><\/div>\n","protected":false},"excerpt":{"rendered":"<p>Attention, Handball fans! We want to introduce you to a junior team from our region, which is also part of the Eltako sponsorship.<\/p>\n","protected":false},"author":31,"featured_media":76971,"parent":0,"menu_order":0,"comment_status":"closed","ping_status":"closed","template":"templates\/custom_header.php","meta":{"_acf_changed":false,"footnotes":"","_links_to":"","_links_to_target":""},"class_list":["post-86113","page","type-page","status-publish","has-post-thumbnail","hentry"],"acf":[],"yoast_head":"<!-- This site is optimized with the Yoast SEO plugin v27.2 - https:\/\/yoast.com\/product\/yoast-seo-wordpress\/ -->\n<title>HANDBALL &#187; Eltako<\/title>\n<meta name=\"robots\" content=\"index, follow, max-snippet:-1, max-image-preview:large, max-video-preview:-1\" \/>\n<link rel=\"canonical\" href=\"https:\/\/www.eltako.com\/en\/handball\/\" \/>\n<meta property=\"og:locale\" content=\"en_US\" \/>\n<meta property=\"og:type\" content=\"article\" \/>\n<meta property=\"og:title\" content=\"HANDBALL &#187; Eltako\" \/>\n<meta property=\"og:description\" content=\"Attention, Handball fans! We want to introduce you to a junior team from our region, which is also part of the Eltako sponsorship.\" \/>\n<meta property=\"og:url\" content=\"https:\/\/www.eltako.com\/en\/handball\/\" \/>\n<meta property=\"og:site_name\" content=\"Eltako\" \/>\n<meta property=\"article:modified_time\" content=\"2022-07-22T11:51:57+00:00\" \/>\n<meta property=\"og:image\" content=\"https:\/\/www.eltako.com\/wp-content\/uploads\/2022\/05\/eltako_website_header_1920x700_handball.jpg\" \/>\n\t<meta property=\"og:image:width\" content=\"1920\" \/>\n\t<meta property=\"og:image:height\" content=\"700\" \/>\n\t<meta property=\"og:image:type\" content=\"image\/jpeg\" \/>\n<meta name=\"twitter:card\" content=\"summary_large_image\" \/>\n<meta name=\"twitter:label1\" content=\"Est. reading time\" \/>\n\t<meta name=\"twitter:data1\" content=\"1 minute\" \/>\n<script type=\"application\/ld+json\" class=\"yoast-schema-graph\">{\"@context\":\"https:\/\/schema.org\",\"@graph\":[{\"@type\":\"WebPage\",\"@id\":\"https:\/\/www.eltako.com\/en\/handball\/\",\"url\":\"https:\/\/www.eltako.com\/en\/handball\/\",\"name\":\"HANDBALL &#187; Eltako\",\"isPartOf\":{\"@id\":\"https:\/\/www.eltako.com\/en\/#website\"},\"primaryImageOfPage\":{\"@id\":\"https:\/\/www.eltako.com\/en\/handball\/#primaryimage\"},\"image\":{\"@id\":\"https:\/\/www.eltako.com\/en\/handball\/#primaryimage\"},\"thumbnailUrl\":\"https:\/\/www.eltako.com\/wp-content\/uploads\/2022\/05\/eltako_website_header_1920x700_handball.jpg\",\"datePublished\":\"2022-07-22T11:51:56+00:00\",\"dateModified\":\"2022-07-22T11:51:57+00:00\",\"breadcrumb\":{\"@id\":\"https:\/\/www.eltako.com\/en\/handball\/#breadcrumb\"},\"inLanguage\":\"en-US\",\"potentialAction\":[{\"@type\":\"ReadAction\",\"target\":[\"https:\/\/www.eltako.com\/en\/handball\/\"]}]},{\"@type\":\"ImageObject\",\"inLanguage\":\"en-US\",\"@id\":\"https:\/\/www.eltako.com\/en\/handball\/#primaryimage\",\"url\":\"https:\/\/www.eltako.com\/wp-content\/uploads\/2022\/05\/eltako_website_header_1920x700_handball.jpg\",\"contentUrl\":\"https:\/\/www.eltako.com\/wp-content\/uploads\/2022\/05\/eltako_website_header_1920x700_handball.jpg\",\"width\":1920,\"height\":700},{\"@type\":\"BreadcrumbList\",\"@id\":\"https:\/\/www.eltako.com\/en\/handball\/#breadcrumb\",\"itemListElement\":[{\"@type\":\"ListItem\",\"position\":1,\"name\":\"Home\",\"item\":\"https:\/\/www.eltako.com\/en\/\"},{\"@type\":\"ListItem\",\"position\":2,\"name\":\"HANDBALL\"}]},{\"@type\":\"WebSite\",\"@id\":\"https:\/\/www.eltako.com\/en\/#website\",\"url\":\"https:\/\/www.eltako.com\/en\/\",\"name\":\"Eltako\",\"description\":\"Schaltger\u00e4te, Netzteile, Stromz\u00e4hler, Dimmer, Geb\u00e4udeinstallation, Steuerungstechnik, Smart Home-L\u00f6sungen, Geb\u00e4udefunk, EnOcean-Technologie\",\"potentialAction\":[{\"@type\":\"SearchAction\",\"target\":{\"@type\":\"EntryPoint\",\"urlTemplate\":\"https:\/\/www.eltako.com\/en\/?s={search_term_string}\"},\"query-input\":{\"@type\":\"PropertyValueSpecification\",\"valueRequired\":true,\"valueName\":\"search_term_string\"}}],\"inLanguage\":\"en-US\"}]}<\/script>\n<!-- \/ Yoast SEO plugin. -->","yoast_head_json":{"title":"HANDBALL &#187; Eltako","robots":{"index":"index","follow":"follow","max-snippet":"max-snippet:-1","max-image-preview":"max-image-preview:large","max-video-preview":"max-video-preview:-1"},"canonical":"https:\/\/www.eltako.com\/en\/handball\/","og_locale":"en_US","og_type":"article","og_title":"HANDBALL &#187; Eltako","og_description":"Attention, Handball fans! We want to introduce you to a junior team from our region, which is also part of the Eltako sponsorship.","og_url":"https:\/\/www.eltako.com\/en\/handball\/","og_site_name":"Eltako","article_modified_time":"2022-07-22T11:51:57+00:00","og_image":[{"width":1920,"height":700,"url":"https:\/\/www.eltako.com\/wp-content\/uploads\/2022\/05\/eltako_website_header_1920x700_handball.jpg","type":"image\/jpeg"}],"twitter_card":"summary_large_image","twitter_misc":{"Est. reading time":"1 minute"},"schema":{"@context":"https:\/\/schema.org","@graph":[{"@type":"WebPage","@id":"https:\/\/www.eltako.com\/en\/handball\/","url":"https:\/\/www.eltako.com\/en\/handball\/","name":"HANDBALL &#187; Eltako","isPartOf":{"@id":"https:\/\/www.eltako.com\/en\/#website"},"primaryImageOfPage":{"@id":"https:\/\/www.eltako.com\/en\/handball\/#primaryimage"},"image":{"@id":"https:\/\/www.eltako.com\/en\/handball\/#primaryimage"},"thumbnailUrl":"https:\/\/www.eltako.com\/wp-content\/uploads\/2022\/05\/eltako_website_header_1920x700_handball.jpg","datePublished":"2022-07-22T11:51:56+00:00","dateModified":"2022-07-22T11:51:57+00:00","breadcrumb":{"@id":"https:\/\/www.eltako.com\/en\/handball\/#breadcrumb"},"inLanguage":"en-US","potentialAction":[{"@type":"ReadAction","target":["https:\/\/www.eltako.com\/en\/handball\/"]}]},{"@type":"ImageObject","inLanguage":"en-US","@id":"https:\/\/www.eltako.com\/en\/handball\/#primaryimage","url":"https:\/\/www.eltako.com\/wp-content\/uploads\/2022\/05\/eltako_website_header_1920x700_handball.jpg","contentUrl":"https:\/\/www.eltako.com\/wp-content\/uploads\/2022\/05\/eltako_website_header_1920x700_handball.jpg","width":1920,"height":700},{"@type":"BreadcrumbList","@id":"https:\/\/www.eltako.com\/en\/handball\/#breadcrumb","itemListElement":[{"@type":"ListItem","position":1,"name":"Home","item":"https:\/\/www.eltako.com\/en\/"},{"@type":"ListItem","position":2,"name":"HANDBALL"}]},{"@type":"WebSite","@id":"https:\/\/www.eltako.com\/en\/#website","url":"https:\/\/www.eltako.com\/en\/","name":"Eltako","description":"Schaltger\u00e4te, Netzteile, Stromz\u00e4hler, Dimmer, Geb\u00e4udeinstallation, Steuerungstechnik, Smart Home-L\u00f6sungen, Geb\u00e4udefunk, EnOcean-Technologie","potentialAction":[{"@type":"SearchAction","target":{"@type":"EntryPoint","urlTemplate":"https:\/\/www.eltako.com\/en\/?s={search_term_string}"},"query-input":{"@type":"PropertyValueSpecification","valueRequired":true,"valueName":"search_term_string"}}],"inLanguage":"en-US"}]}},"_links":{"self":[{"href":"https:\/\/www.eltako.com\/en\/wp-json\/wp\/v2\/pages\/86113","targetHints":{"allow":["GET"]}}],"collection":[{"href":"https:\/\/www.eltako.com\/en\/wp-json\/wp\/v2\/pages"}],"about":[{"href":"https:\/\/www.eltako.com\/en\/wp-json\/wp\/v2\/types\/page"}],"author":[{"embeddable":true,"href":"https:\/\/www.eltako.com\/en\/wp-json\/wp\/v2\/users\/31"}],"replies":[{"embeddable":true,"href":"https:\/\/www.eltako.com\/en\/wp-json\/wp\/v2\/comments?post=86113"}],"version-history":[{"count":0,"href":"https:\/\/www.eltako.com\/en\/wp-json\/wp\/v2\/pages\/86113\/revisions"}],"wp:featuredmedia":[{"embeddable":true,"href":"https:\/\/www.eltako.com\/en\/wp-json\/wp\/v2\/media\/76971"}],"wp:attachment":[{"href":"https:\/\/www.eltako.com\/en\/wp-json\/wp\/v2\/media?parent=86113"}],"curies":[{"name":"wp","href":"https:\/\/api.w.org\/{rel}","templated":true}]}}