{"id":86104,"date":"2022-07-22T13:24:00","date_gmt":"2022-07-22T11:24:00","guid":{"rendered":"https:\/\/www.eltako.de\/soccer\/"},"modified":"2022-07-22T13:24:06","modified_gmt":"2022-07-22T11:24:06","slug":"soccer","status":"publish","type":"page","link":"https:\/\/www.eltako.com\/en\/soccer\/","title":{"rendered":"SOCCER"},"content":{"rendered":"\n<div style=\"height:60px\" aria-hidden=\"true\" class=\"wp-block-spacer\"><\/div>\n\n<div class=\"wp-block-columns is-layout-flex wp-container-core-columns-is-layout-9d6595d7 wp-block-columns-is-layout-flex\">\n<div class=\"wp-block-column is-layout-flow wp-block-column-is-layout-flow\" style=\"flex-basis:66.66%\">\n<p>We are now supporting a third sport: Soccer We are supporting the regional club VfB Neuffen.<\/p>\n<\/div>\n\n\n\n<div class=\"wp-block-column is-vertically-aligned-center is-layout-flow wp-block-column-is-layout-flow\" style=\"flex-basis:33.33%\">\n<figure class=\"wp-block-image size-full\"><img decoding=\"async\" width=\"600\" height=\"134\" src=\"https:\/\/www.eltako.de\/wp-content\/uploads\/2022\/05\/vfb-neuffen-logo.jpg\" alt=\"\" class=\"wp-image-77064\" srcset=\"https:\/\/www.eltako.com\/wp-content\/uploads\/2022\/05\/vfb-neuffen-logo.jpg 600w, https:\/\/www.eltako.com\/wp-content\/uploads\/2022\/05\/vfb-neuffen-logo-300x67.jpg 300w\" sizes=\"(max-width: 600px) 100vw, 600px\" \/><\/figure>\n<\/div>\n<\/div>\n\n<div class=\"wp-block-media-text alignwide has-media-on-the-right is-stacked-on-mobile is-vertically-aligned-center has-background\" style=\"background-color:#e9e9e9;grid-template-columns:auto 40%\"><figure class=\"wp-block-media-text__media\"><img decoding=\"async\" width=\"300\" height=\"300\" src=\"https:\/\/www.eltako.de\/wp-content\/uploads\/2022\/06\/eltako_website_fussball_neu-300x300.jpg\" alt=\"\" class=\"wp-image-77671 size-medium\" srcset=\"https:\/\/www.eltako.com\/wp-content\/uploads\/2022\/06\/eltako_website_fussball_neu-300x300.jpg 300w, https:\/\/www.eltako.com\/wp-content\/uploads\/2022\/06\/eltako_website_fussball_neu-150x150.jpg 150w, https:\/\/www.eltako.com\/wp-content\/uploads\/2022\/06\/eltako_website_fussball_neu-100x100.jpg 100w, https:\/\/www.eltako.com\/wp-content\/uploads\/2022\/06\/eltako_website_fussball_neu.jpg 600w\" sizes=\"(max-width: 300px) 100vw, 300px\" \/><\/figure><div class=\"wp-block-media-text__content\">\n<div class=\"wp-block-group\" style=\"padding-top:2em;padding-right:2em;padding-bottom:2em;padding-left:2em\"><div class=\"wp-block-group__inner-container is-layout-flow wp-block-group-is-layout-flow\">\n<p style=\"font-size:36px;line-height:1.2\"><strong>TEAM<\/strong><\/p>\n\n\n\n<p class=\"has-extra-small-font-size\">We sponsor two active men&#8217;s teams and a women&#8217;s team. The female players are doing very well in the district league, and the male players in the district league B5 and B6.<\/p>\n<\/div><\/div>\n<\/div><\/div>\n\n<div style=\"height:30px\" aria-hidden=\"true\" class=\"wp-block-spacer\"><\/div>\n\n<div class=\"wp-block-media-text alignwide has-media-on-the-right is-stacked-on-mobile is-vertically-aligned-center has-background\" style=\"background-color:#e9e9e9;grid-template-columns:auto 41%\"><figure class=\"wp-block-media-text__media\"><img decoding=\"async\" width=\"600\" height=\"600\" src=\"https:\/\/www.eltako.de\/wp-content\/uploads\/2022\/05\/eltako_website_content_600x600_fussball_verein.jpg\" alt=\"\" class=\"wp-image-77040 size-full\" srcset=\"https:\/\/www.eltako.com\/wp-content\/uploads\/2022\/05\/eltako_website_content_600x600_fussball_verein.jpg 600w, https:\/\/www.eltako.com\/wp-content\/uploads\/2022\/05\/eltako_website_content_600x600_fussball_verein-300x300.jpg 300w, https:\/\/www.eltako.com\/wp-content\/uploads\/2022\/05\/eltako_website_content_600x600_fussball_verein-150x150.jpg 150w, https:\/\/www.eltako.com\/wp-content\/uploads\/2022\/05\/eltako_website_content_600x600_fussball_verein-100x100.jpg 100w\" sizes=\"(max-width: 600px) 100vw, 600px\" \/><\/figure><div class=\"wp-block-media-text__content\">\n<div class=\"wp-block-group\" style=\"padding-top:2em;padding-right:2em;padding-bottom:2em;padding-left:2em\"><div class=\"wp-block-group__inner-container is-layout-flow wp-block-group-is-layout-flow\">\n<p style=\"font-size:36px;line-height:1.2\"><strong>CLUB<\/strong><\/p>\n\n\n\n<p class=\"has-extra-small-font-size\">VfB Neuffen, located at the foot of the Swabian Alb, specializes in soccer and boules and has been promoting these sports for over 70 years. In addition to the three active teams mentioned above, more than 180 junior players are training at the VfB, where they can learn a lot for their sporting future.<\/p>\n<\/div><\/div>\n<\/div><\/div>\n\n<div style=\"height:30px\" aria-hidden=\"true\" class=\"wp-block-spacer\"><\/div>\n\n<div class=\"wp-block-media-text alignwide has-media-on-the-right is-stacked-on-mobile is-vertically-aligned-center has-background\" style=\"background-color:#e9e9e9;grid-template-columns:auto 40%\"><figure class=\"wp-block-media-text__media\"><img decoding=\"async\" width=\"600\" height=\"600\" src=\"https:\/\/www.eltako.de\/wp-content\/uploads\/2022\/05\/eltako_website_content_600x600_fussball_neuigkeiten.jpg\" alt=\"\" class=\"wp-image-77032 size-full\" srcset=\"https:\/\/www.eltako.com\/wp-content\/uploads\/2022\/05\/eltako_website_content_600x600_fussball_neuigkeiten.jpg 600w, https:\/\/www.eltako.com\/wp-content\/uploads\/2022\/05\/eltako_website_content_600x600_fussball_neuigkeiten-300x300.jpg 300w, https:\/\/www.eltako.com\/wp-content\/uploads\/2022\/05\/eltako_website_content_600x600_fussball_neuigkeiten-150x150.jpg 150w, https:\/\/www.eltako.com\/wp-content\/uploads\/2022\/05\/eltako_website_content_600x600_fussball_neuigkeiten-100x100.jpg 100w\" sizes=\"(max-width: 600px) 100vw, 600px\" \/><\/figure><div class=\"wp-block-media-text__content\">\n<div class=\"wp-block-group\" style=\"padding-top:2em;padding-right:2em;padding-bottom:2em;padding-left:2em\"><div class=\"wp-block-group__inner-container is-layout-flow wp-block-group-is-layout-flow\">\n<p style=\"font-size:36px;line-height:1.2\"><strong>NEWS<\/strong><\/p>\n\n\n\n<p class=\"has-extra-small-font-size\">If you want to follow the different teams&#8217; past and\/or upcoming games more closely, you can go directly to the club page<strong>here.<\/strong> <\/p>\n<\/div><\/div>\n<\/div><\/div>\n","protected":false},"excerpt":{"rendered":"<p>We are now supporting a third sport: Soccer We are supporting the regional club VfB Neuffen.<\/p>\n","protected":false},"author":31,"featured_media":77056,"parent":0,"menu_order":0,"comment_status":"closed","ping_status":"closed","template":"templates\/custom_header.php","meta":{"_acf_changed":false,"footnotes":"","_links_to":"","_links_to_target":""},"class_list":["post-86104","page","type-page","status-publish","has-post-thumbnail","hentry"],"acf":[],"yoast_head":"<!-- This site is optimized with the Yoast SEO plugin v27.2 - https:\/\/yoast.com\/product\/yoast-seo-wordpress\/ -->\n<title>SOCCER &#187; Eltako<\/title>\n<meta name=\"robots\" content=\"index, follow, max-snippet:-1, max-image-preview:large, max-video-preview:-1\" \/>\n<link rel=\"canonical\" href=\"https:\/\/www.eltako.com\/en\/soccer\/\" \/>\n<meta property=\"og:locale\" content=\"en_US\" \/>\n<meta property=\"og:type\" content=\"article\" \/>\n<meta property=\"og:title\" content=\"SOCCER &#187; Eltako\" \/>\n<meta property=\"og:description\" content=\"We are now supporting a third sport: Soccer We are supporting the regional club VfB Neuffen.\" \/>\n<meta property=\"og:url\" content=\"https:\/\/www.eltako.com\/en\/soccer\/\" \/>\n<meta property=\"og:site_name\" content=\"Eltako\" \/>\n<meta property=\"article:modified_time\" content=\"2022-07-22T11:24:06+00:00\" \/>\n<meta property=\"og:image\" content=\"https:\/\/www.eltako.com\/wp-content\/uploads\/2022\/05\/eltako_website_header_1920x700_fussball.jpg\" \/>\n\t<meta property=\"og:image:width\" content=\"1920\" \/>\n\t<meta property=\"og:image:height\" content=\"700\" \/>\n\t<meta property=\"og:image:type\" content=\"image\/jpeg\" \/>\n<meta name=\"twitter:card\" content=\"summary_large_image\" \/>\n<meta name=\"twitter:label1\" content=\"Est. reading time\" \/>\n\t<meta name=\"twitter:data1\" content=\"1 minute\" \/>\n<script type=\"application\/ld+json\" class=\"yoast-schema-graph\">{\"@context\":\"https:\/\/schema.org\",\"@graph\":[{\"@type\":\"WebPage\",\"@id\":\"https:\/\/www.eltako.com\/en\/soccer\/\",\"url\":\"https:\/\/www.eltako.com\/en\/soccer\/\",\"name\":\"SOCCER &#187; Eltako\",\"isPartOf\":{\"@id\":\"https:\/\/www.eltako.com\/en\/#website\"},\"primaryImageOfPage\":{\"@id\":\"https:\/\/www.eltako.com\/en\/soccer\/#primaryimage\"},\"image\":{\"@id\":\"https:\/\/www.eltako.com\/en\/soccer\/#primaryimage\"},\"thumbnailUrl\":\"https:\/\/www.eltako.com\/wp-content\/uploads\/2022\/05\/eltako_website_header_1920x700_fussball.jpg\",\"datePublished\":\"2022-07-22T11:24:00+00:00\",\"dateModified\":\"2022-07-22T11:24:06+00:00\",\"breadcrumb\":{\"@id\":\"https:\/\/www.eltako.com\/en\/soccer\/#breadcrumb\"},\"inLanguage\":\"en-US\",\"potentialAction\":[{\"@type\":\"ReadAction\",\"target\":[\"https:\/\/www.eltako.com\/en\/soccer\/\"]}]},{\"@type\":\"ImageObject\",\"inLanguage\":\"en-US\",\"@id\":\"https:\/\/www.eltako.com\/en\/soccer\/#primaryimage\",\"url\":\"https:\/\/www.eltako.com\/wp-content\/uploads\/2022\/05\/eltako_website_header_1920x700_fussball.jpg\",\"contentUrl\":\"https:\/\/www.eltako.com\/wp-content\/uploads\/2022\/05\/eltako_website_header_1920x700_fussball.jpg\",\"width\":1920,\"height\":700},{\"@type\":\"BreadcrumbList\",\"@id\":\"https:\/\/www.eltako.com\/en\/soccer\/#breadcrumb\",\"itemListElement\":[{\"@type\":\"ListItem\",\"position\":1,\"name\":\"Home\",\"item\":\"https:\/\/www.eltako.com\/en\/\"},{\"@type\":\"ListItem\",\"position\":2,\"name\":\"SOCCER\"}]},{\"@type\":\"WebSite\",\"@id\":\"https:\/\/www.eltako.com\/en\/#website\",\"url\":\"https:\/\/www.eltako.com\/en\/\",\"name\":\"Eltako\",\"description\":\"Schaltger\u00e4te, Netzteile, Stromz\u00e4hler, Dimmer, Geb\u00e4udeinstallation, Steuerungstechnik, Smart Home-L\u00f6sungen, Geb\u00e4udefunk, EnOcean-Technologie\",\"potentialAction\":[{\"@type\":\"SearchAction\",\"target\":{\"@type\":\"EntryPoint\",\"urlTemplate\":\"https:\/\/www.eltako.com\/en\/?s={search_term_string}\"},\"query-input\":{\"@type\":\"PropertyValueSpecification\",\"valueRequired\":true,\"valueName\":\"search_term_string\"}}],\"inLanguage\":\"en-US\"}]}<\/script>\n<!-- \/ Yoast SEO plugin. -->","yoast_head_json":{"title":"SOCCER &#187; Eltako","robots":{"index":"index","follow":"follow","max-snippet":"max-snippet:-1","max-image-preview":"max-image-preview:large","max-video-preview":"max-video-preview:-1"},"canonical":"https:\/\/www.eltako.com\/en\/soccer\/","og_locale":"en_US","og_type":"article","og_title":"SOCCER &#187; Eltako","og_description":"We are now supporting a third sport: Soccer We are supporting the regional club VfB Neuffen.","og_url":"https:\/\/www.eltako.com\/en\/soccer\/","og_site_name":"Eltako","article_modified_time":"2022-07-22T11:24:06+00:00","og_image":[{"width":1920,"height":700,"url":"https:\/\/www.eltako.com\/wp-content\/uploads\/2022\/05\/eltako_website_header_1920x700_fussball.jpg","type":"image\/jpeg"}],"twitter_card":"summary_large_image","twitter_misc":{"Est. reading time":"1 minute"},"schema":{"@context":"https:\/\/schema.org","@graph":[{"@type":"WebPage","@id":"https:\/\/www.eltako.com\/en\/soccer\/","url":"https:\/\/www.eltako.com\/en\/soccer\/","name":"SOCCER &#187; Eltako","isPartOf":{"@id":"https:\/\/www.eltako.com\/en\/#website"},"primaryImageOfPage":{"@id":"https:\/\/www.eltako.com\/en\/soccer\/#primaryimage"},"image":{"@id":"https:\/\/www.eltako.com\/en\/soccer\/#primaryimage"},"thumbnailUrl":"https:\/\/www.eltako.com\/wp-content\/uploads\/2022\/05\/eltako_website_header_1920x700_fussball.jpg","datePublished":"2022-07-22T11:24:00+00:00","dateModified":"2022-07-22T11:24:06+00:00","breadcrumb":{"@id":"https:\/\/www.eltako.com\/en\/soccer\/#breadcrumb"},"inLanguage":"en-US","potentialAction":[{"@type":"ReadAction","target":["https:\/\/www.eltako.com\/en\/soccer\/"]}]},{"@type":"ImageObject","inLanguage":"en-US","@id":"https:\/\/www.eltako.com\/en\/soccer\/#primaryimage","url":"https:\/\/www.eltako.com\/wp-content\/uploads\/2022\/05\/eltako_website_header_1920x700_fussball.jpg","contentUrl":"https:\/\/www.eltako.com\/wp-content\/uploads\/2022\/05\/eltako_website_header_1920x700_fussball.jpg","width":1920,"height":700},{"@type":"BreadcrumbList","@id":"https:\/\/www.eltako.com\/en\/soccer\/#breadcrumb","itemListElement":[{"@type":"ListItem","position":1,"name":"Home","item":"https:\/\/www.eltako.com\/en\/"},{"@type":"ListItem","position":2,"name":"SOCCER"}]},{"@type":"WebSite","@id":"https:\/\/www.eltako.com\/en\/#website","url":"https:\/\/www.eltako.com\/en\/","name":"Eltako","description":"Schaltger\u00e4te, Netzteile, Stromz\u00e4hler, Dimmer, Geb\u00e4udeinstallation, Steuerungstechnik, Smart Home-L\u00f6sungen, Geb\u00e4udefunk, EnOcean-Technologie","potentialAction":[{"@type":"SearchAction","target":{"@type":"EntryPoint","urlTemplate":"https:\/\/www.eltako.com\/en\/?s={search_term_string}"},"query-input":{"@type":"PropertyValueSpecification","valueRequired":true,"valueName":"search_term_string"}}],"inLanguage":"en-US"}]}},"_links":{"self":[{"href":"https:\/\/www.eltako.com\/en\/wp-json\/wp\/v2\/pages\/86104","targetHints":{"allow":["GET"]}}],"collection":[{"href":"https:\/\/www.eltako.com\/en\/wp-json\/wp\/v2\/pages"}],"about":[{"href":"https:\/\/www.eltako.com\/en\/wp-json\/wp\/v2\/types\/page"}],"author":[{"embeddable":true,"href":"https:\/\/www.eltako.com\/en\/wp-json\/wp\/v2\/users\/31"}],"replies":[{"embeddable":true,"href":"https:\/\/www.eltako.com\/en\/wp-json\/wp\/v2\/comments?post=86104"}],"version-history":[{"count":0,"href":"https:\/\/www.eltako.com\/en\/wp-json\/wp\/v2\/pages\/86104\/revisions"}],"wp:featuredmedia":[{"embeddable":true,"href":"https:\/\/www.eltako.com\/en\/wp-json\/wp\/v2\/media\/77056"}],"wp:attachment":[{"href":"https:\/\/www.eltako.com\/en\/wp-json\/wp\/v2\/media?parent=86104"}],"curies":[{"name":"wp","href":"https:\/\/api.w.org\/{rel}","templated":true}]}}