{"id":33722,"date":"2022-02-16T11:58:05","date_gmt":"2022-02-16T10:58:05","guid":{"rendered":"https:\/\/betax923lb8kd7v0.eltako.de\/controller-firmware-update\/"},"modified":"2024-10-09T08:52:28","modified_gmt":"2024-10-09T06:52:28","slug":"controller-firmware-update","status":"publish","type":"page","link":"https:\/\/www.eltako.com\/en\/controller-firmware-update\/","title":{"rendered":"Controller-Firmware-Update"},"content":{"rendered":"\n<h3 class=\"wp-block-heading\">Firmware update <\/h3>\n\n\n\n<p><\/p>\n\n\n\n<p class=\"has-normal-font-size\">Please ensure that you always run your controller with the latest firmware version to ensure a smooth interaction with the GFA5 app. Please follow the update instructions below: <\/p>\n\n\n\n<h3 class=\"wp-block-heading\">Firmware update with the GFA5 app<\/h3>\n\n\n\n<p><\/p>\n\n\n\n<p class=\"has-normal-font-size\">In the GFA5 app, you can trigger the firmware update for the controller directly in the app. If a new firmware is available, a notification pop-up will appear in the app. Alternatively, you can check under: Settings \u2192 Controller to see if a firmware update is available and also trigger the update directly at this point. <\/p>\n\n\n\n<p class=\"has-normal-font-size\"><strong>Note: <\/strong>Internet connection is required for the update. <\/p>\n\n\n\n<p class=\"has-normal-font-size\">In rare cases where a firmware update cannot be initiated via the GFA5 app, it is possible to upload the firmware using ConfigTool NEO.<\/p>\n\n\n\n<p><strong>Download controller firmware<\/strong><\/p>\n\n\n\n<p><a href=\"https:\/\/eltakocloud-download.s3.eu-central-1.amazonaws.com\/fw\/mediola\/C2\/c2eltako_latest.hex\" target=\"_blank\" rel=\"noreferrer noopener\">Download version 1.26.5<\/a> (external link)<\/p>\n\n\n\n<p><a href=\"https:\/\/docs.eltako.de\/docs\/changelog_minisafe2\/\" target=\"_blank\" rel=\"noreferrer noopener\">Changelog MiniSafe2<\/a><\/p>\n\n\n\n<p><a href=\"https:\/\/docs.eltako.de\/docs\/changelog_gfa5\/\" target=\"_blank\" rel=\"noreferrer noopener\">Changelog GFA5<\/a><\/p>\n\n\n\n<p class=\"has-normal-font-size\"><\/p>\n\n\n\n<h3 class=\"wp-block-heading\">Firmware update with ConfigTool NEO <\/h3>\n\n\n\n<p><\/p>\n\n\n\n<p class=\"has-normal-font-size\"><strong>Prerequisite: <\/strong><\/p>\n\n\n\n<ol class=\"wp-block-list\">\n<li>The ConfigTool NEO is installed <\/li>\n<\/ol>\n\n\n\n<ol start=\"2\" class=\"wp-block-list\">\n<li>PC and controller are in the same network. <\/li>\n<\/ol>\n\n\n\n<p>After starting ConfigTool NEO, the controller is displayed directly on the start page. <\/p>\n\n\n\n<ol class=\"wp-block-list\">\n<li>Click on the controller to access the settings <\/li>\n<\/ol>\n\n\n\n<ol start=\"2\" class=\"wp-block-list\">\n<li>General&#8221; tab: Notes on new firmware versions are displayed here <\/li>\n<\/ol>\n\n\n\n<ol start=\"3\" class=\"wp-block-list\">\n<li>&#8220;Click on &#8220;Activate forms <\/li>\n<\/ol>\n\n\n\n<ol start=\"4\" class=\"wp-block-list\">\n<li>Install firmware on the controller <\/li>\n<\/ol>\n\n\n\n<p><strong>Download ConfigTool NEO<\/strong> <\/p>\n\n\n\n<p><a href=\"https:\/\/s3-eu-west-1.amazonaws.com\/mediola-download\/configtool_neo\/ConfigTool+NEO.exe\" target=\"_blank\" rel=\"noreferrer noopener\">Download Windows-Versio<\/a><a href=\"https:\/\/s3-eu-west-1.amazonaws.com\/mediola-download\/configtool_neo\/1.17.0\/ConfigTool+NEO.exe\" target=\"_blank\" rel=\"noreferrer noopener\">n<\/a> (Externer Link) <\/p>\n\n\n\n<p><a href=\"https:\/\/s3-eu-west-1.amazonaws.com\/mediola-download\/configtool_neo\/ConfigTool+NEO.dmg\" target=\"_blank\" rel=\"noreferrer noopener\">Download macOS 12+-Versio<\/a><a href=\"https:\/\/s3-eu-west-1.amazonaws.com\/mediola-download\/configtool_neo\/1.17.0\/ConfigTool+NEO.dmg\" target=\"_blank\" rel=\"noreferrer noopener\">n<\/a> (Externer Link)<\/p>\n\n\n\n<p><a href=\"https:\/\/s3-eu-west-1.amazonaws.com\/mediola-download\/configtool_neo\/1.17.0\/ConfigTool+NEO-mac10.dmg\">Download macOS 10\/11-Version<\/a> (Externer Link)<\/p>\n\n\n\n<p><a href=\"https:\/\/s3-eu-west-1.amazonaws.com\/mediola-download\/configtool_neo\/1.17.0\/ConfigTool+NEO.tar.gz\">Download Linux-Version<\/a> (Externer Link)<\/p>\n","protected":false},"excerpt":{"rendered":"<p>Firmware update Please ensure that you always run your controller with the latest firmware version to ensure a smooth interaction with the GFA5 app. Please follow the update instructions below: Firmware update with the GFA5 app In the GFA5 app, you can trigger the firmware update for the controller directly in the app. If a [&hellip;]<\/p>\n","protected":false},"author":31,"featured_media":22013,"parent":0,"menu_order":0,"comment_status":"closed","ping_status":"closed","template":"templates\/custom_header.php","meta":{"_acf_changed":false,"footnotes":"","_links_to":"","_links_to_target":""},"class_list":["post-33722","page","type-page","status-publish","has-post-thumbnail","hentry"],"acf":[],"yoast_head":"<!-- This site is optimized with the Yoast SEO plugin v27.2 - https:\/\/yoast.com\/product\/yoast-seo-wordpress\/ -->\n<title>Controller-Firmware-Update &#187; Eltako<\/title>\n<meta name=\"robots\" content=\"index, follow, max-snippet:-1, max-image-preview:large, max-video-preview:-1\" \/>\n<link rel=\"canonical\" href=\"https:\/\/www.eltako.com\/en\/controller-firmware-update\/\" \/>\n<meta property=\"og:locale\" content=\"en_US\" \/>\n<meta property=\"og:type\" content=\"article\" \/>\n<meta property=\"og:title\" content=\"Controller-Firmware-Update &#187; Eltako\" \/>\n<meta property=\"og:description\" content=\"Firmware update Please ensure that you always run your controller with the latest firmware version to ensure a smooth interaction with the GFA5 app. Please follow the update instructions below: Firmware update with the GFA5 app In the GFA5 app, you can trigger the firmware update for the controller directly in the app. If a [&hellip;]\" \/>\n<meta property=\"og:url\" content=\"https:\/\/www.eltako.com\/en\/controller-firmware-update\/\" \/>\n<meta property=\"og:site_name\" content=\"Eltako\" \/>\n<meta property=\"article:modified_time\" content=\"2024-10-09T06:52:28+00:00\" \/>\n<meta property=\"og:image\" content=\"https:\/\/www.eltako.com\/wp-content\/uploads\/2021\/05\/Layout-Firmware-Update-Neu.jpg\" \/>\n\t<meta property=\"og:image:width\" content=\"2000\" \/>\n\t<meta property=\"og:image:height\" content=\"1125\" \/>\n\t<meta property=\"og:image:type\" content=\"image\/jpeg\" \/>\n<meta name=\"twitter:card\" content=\"summary_large_image\" \/>\n<meta name=\"twitter:label1\" content=\"Est. reading time\" \/>\n\t<meta name=\"twitter:data1\" content=\"2 minutes\" \/>\n<script type=\"application\/ld+json\" class=\"yoast-schema-graph\">{\"@context\":\"https:\/\/schema.org\",\"@graph\":[{\"@type\":\"WebPage\",\"@id\":\"https:\/\/www.eltako.com\/en\/controller-firmware-update\/\",\"url\":\"https:\/\/www.eltako.com\/en\/controller-firmware-update\/\",\"name\":\"Controller-Firmware-Update &#187; Eltako\",\"isPartOf\":{\"@id\":\"https:\/\/www.eltako.com\/en\/#website\"},\"primaryImageOfPage\":{\"@id\":\"https:\/\/www.eltako.com\/en\/controller-firmware-update\/#primaryimage\"},\"image\":{\"@id\":\"https:\/\/www.eltako.com\/en\/controller-firmware-update\/#primaryimage\"},\"thumbnailUrl\":\"https:\/\/www.eltako.com\/wp-content\/uploads\/2021\/05\/Layout-Firmware-Update-Neu.jpg\",\"datePublished\":\"2022-02-16T10:58:05+00:00\",\"dateModified\":\"2024-10-09T06:52:28+00:00\",\"breadcrumb\":{\"@id\":\"https:\/\/www.eltako.com\/en\/controller-firmware-update\/#breadcrumb\"},\"inLanguage\":\"en-US\",\"potentialAction\":[{\"@type\":\"ReadAction\",\"target\":[\"https:\/\/www.eltako.com\/en\/controller-firmware-update\/\"]}]},{\"@type\":\"ImageObject\",\"inLanguage\":\"en-US\",\"@id\":\"https:\/\/www.eltako.com\/en\/controller-firmware-update\/#primaryimage\",\"url\":\"https:\/\/www.eltako.com\/wp-content\/uploads\/2021\/05\/Layout-Firmware-Update-Neu.jpg\",\"contentUrl\":\"https:\/\/www.eltako.com\/wp-content\/uploads\/2021\/05\/Layout-Firmware-Update-Neu.jpg\",\"width\":2000,\"height\":1125},{\"@type\":\"BreadcrumbList\",\"@id\":\"https:\/\/www.eltako.com\/en\/controller-firmware-update\/#breadcrumb\",\"itemListElement\":[{\"@type\":\"ListItem\",\"position\":1,\"name\":\"Home\",\"item\":\"https:\/\/www.eltako.com\/en\/\"},{\"@type\":\"ListItem\",\"position\":2,\"name\":\"Controller-Firmware-Update\"}]},{\"@type\":\"WebSite\",\"@id\":\"https:\/\/www.eltako.com\/en\/#website\",\"url\":\"https:\/\/www.eltako.com\/en\/\",\"name\":\"Eltako\",\"description\":\"Schaltger\u00e4te, Netzteile, Stromz\u00e4hler, Dimmer, Geb\u00e4udeinstallation, Steuerungstechnik, Smart Home-L\u00f6sungen, Geb\u00e4udefunk, EnOcean-Technologie\",\"potentialAction\":[{\"@type\":\"SearchAction\",\"target\":{\"@type\":\"EntryPoint\",\"urlTemplate\":\"https:\/\/www.eltako.com\/en\/?s={search_term_string}\"},\"query-input\":{\"@type\":\"PropertyValueSpecification\",\"valueRequired\":true,\"valueName\":\"search_term_string\"}}],\"inLanguage\":\"en-US\"}]}<\/script>\n<!-- \/ Yoast SEO plugin. -->","yoast_head_json":{"title":"Controller-Firmware-Update &#187; Eltako","robots":{"index":"index","follow":"follow","max-snippet":"max-snippet:-1","max-image-preview":"max-image-preview:large","max-video-preview":"max-video-preview:-1"},"canonical":"https:\/\/www.eltako.com\/en\/controller-firmware-update\/","og_locale":"en_US","og_type":"article","og_title":"Controller-Firmware-Update &#187; Eltako","og_description":"Firmware update Please ensure that you always run your controller with the latest firmware version to ensure a smooth interaction with the GFA5 app. Please follow the update instructions below: Firmware update with the GFA5 app In the GFA5 app, you can trigger the firmware update for the controller directly in the app. If a [&hellip;]","og_url":"https:\/\/www.eltako.com\/en\/controller-firmware-update\/","og_site_name":"Eltako","article_modified_time":"2024-10-09T06:52:28+00:00","og_image":[{"width":2000,"height":1125,"url":"https:\/\/www.eltako.com\/wp-content\/uploads\/2021\/05\/Layout-Firmware-Update-Neu.jpg","type":"image\/jpeg"}],"twitter_card":"summary_large_image","twitter_misc":{"Est. reading time":"2 minutes"},"schema":{"@context":"https:\/\/schema.org","@graph":[{"@type":"WebPage","@id":"https:\/\/www.eltako.com\/en\/controller-firmware-update\/","url":"https:\/\/www.eltako.com\/en\/controller-firmware-update\/","name":"Controller-Firmware-Update &#187; Eltako","isPartOf":{"@id":"https:\/\/www.eltako.com\/en\/#website"},"primaryImageOfPage":{"@id":"https:\/\/www.eltako.com\/en\/controller-firmware-update\/#primaryimage"},"image":{"@id":"https:\/\/www.eltako.com\/en\/controller-firmware-update\/#primaryimage"},"thumbnailUrl":"https:\/\/www.eltako.com\/wp-content\/uploads\/2021\/05\/Layout-Firmware-Update-Neu.jpg","datePublished":"2022-02-16T10:58:05+00:00","dateModified":"2024-10-09T06:52:28+00:00","breadcrumb":{"@id":"https:\/\/www.eltako.com\/en\/controller-firmware-update\/#breadcrumb"},"inLanguage":"en-US","potentialAction":[{"@type":"ReadAction","target":["https:\/\/www.eltako.com\/en\/controller-firmware-update\/"]}]},{"@type":"ImageObject","inLanguage":"en-US","@id":"https:\/\/www.eltako.com\/en\/controller-firmware-update\/#primaryimage","url":"https:\/\/www.eltako.com\/wp-content\/uploads\/2021\/05\/Layout-Firmware-Update-Neu.jpg","contentUrl":"https:\/\/www.eltako.com\/wp-content\/uploads\/2021\/05\/Layout-Firmware-Update-Neu.jpg","width":2000,"height":1125},{"@type":"BreadcrumbList","@id":"https:\/\/www.eltako.com\/en\/controller-firmware-update\/#breadcrumb","itemListElement":[{"@type":"ListItem","position":1,"name":"Home","item":"https:\/\/www.eltako.com\/en\/"},{"@type":"ListItem","position":2,"name":"Controller-Firmware-Update"}]},{"@type":"WebSite","@id":"https:\/\/www.eltako.com\/en\/#website","url":"https:\/\/www.eltako.com\/en\/","name":"Eltako","description":"Schaltger\u00e4te, Netzteile, Stromz\u00e4hler, Dimmer, Geb\u00e4udeinstallation, Steuerungstechnik, Smart Home-L\u00f6sungen, Geb\u00e4udefunk, EnOcean-Technologie","potentialAction":[{"@type":"SearchAction","target":{"@type":"EntryPoint","urlTemplate":"https:\/\/www.eltako.com\/en\/?s={search_term_string}"},"query-input":{"@type":"PropertyValueSpecification","valueRequired":true,"valueName":"search_term_string"}}],"inLanguage":"en-US"}]}},"_links":{"self":[{"href":"https:\/\/www.eltako.com\/en\/wp-json\/wp\/v2\/pages\/33722","targetHints":{"allow":["GET"]}}],"collection":[{"href":"https:\/\/www.eltako.com\/en\/wp-json\/wp\/v2\/pages"}],"about":[{"href":"https:\/\/www.eltako.com\/en\/wp-json\/wp\/v2\/types\/page"}],"author":[{"embeddable":true,"href":"https:\/\/www.eltako.com\/en\/wp-json\/wp\/v2\/users\/31"}],"replies":[{"embeddable":true,"href":"https:\/\/www.eltako.com\/en\/wp-json\/wp\/v2\/comments?post=33722"}],"version-history":[{"count":8,"href":"https:\/\/www.eltako.com\/en\/wp-json\/wp\/v2\/pages\/33722\/revisions"}],"predecessor-version":[{"id":142489,"href":"https:\/\/www.eltako.com\/en\/wp-json\/wp\/v2\/pages\/33722\/revisions\/142489"}],"wp:featuredmedia":[{"embeddable":true,"href":"https:\/\/www.eltako.com\/en\/wp-json\/wp\/v2\/media\/22013"}],"wp:attachment":[{"href":"https:\/\/www.eltako.com\/en\/wp-json\/wp\/v2\/media?parent=33722"}],"curies":[{"name":"wp","href":"https:\/\/api.w.org\/{rel}","templated":true}]}}